{"id":711,"date":"2021-09-10T15:08:17","date_gmt":"2021-09-10T15:08:17","guid":{"rendered":"https:\/\/saida-plants.com\/?post_type=product&#038;p=711"},"modified":"2021-09-10T15:09:57","modified_gmt":"2021-09-10T15:09:57","slug":"graines-de-citrouille-pelee-graines-de-courge","status":"publish","type":"product","link":"https:\/\/saida-plants.com\/ar\/product\/graines-de-citrouille-pelee-graines-de-courge\/","title":{"rendered":"Graines de citrouille pel\u00e9e &#8211; graines de Courge"},"content":{"rendered":"<h1><b>Graines de Citrouilles Pel\u00e9e\u00a0Bienfaits 300g<\/b><\/h1>\n<p>Les graines de citrouille pel\u00e9e sont une source importante de fer.Un paquet de 28g de graines de citrouille peut fournir pr\u00e8s de 5% de l&rsquo;apport quotidien recommand\u00e9.<\/p>\n<p>Les graines de citrouille pel\u00e9e peuvent \u00e9galement fournir une forte dose de fibres, chaque 28g de graines de citrouille peut fournir 5g de fibres, soit 20% de l&rsquo;apport quotidien recommand\u00e9. En plus de soulager la faim, les fibres peuvent \u00e9galement favoriser une digestion saine et aider \u00e0 r\u00e9guler la fonction intestinale.<b>\u00a0<\/b><\/p>\n<h2><strong>Autres b\u00e9n\u00e9fices<\/strong><\/h2>\n<p>Les graines de citrouille biologiques sont des super graines riches en prot\u00e9ines.\u00a0La garniture id\u00e9ale sur votre salade ou vos p\u00e2tes.<\/p>\n<p>Produits sans gluten, notamment adapt\u00e9s aux personnes souffrant d&rsquo;intol\u00e9rances ou allergies au gluten<\/p>\n<h3><b>Informations de livraison<\/b><\/h3>\n<ul>\n<li>Livraison assur\u00e9e par <a href=\"https:\/\/saida-plants.com\/ar\/\">SaidaPlants<\/a>, sous 24H \u00e0 Marrakech et sous 1 \u00e0 5 jours pour les autres villes du Maroc.<\/li>\n<li>Exp\u00e9dition pour les commandes \u00e0 l\u2019international sous 1 jour ouvr\u00e9. Les d\u00e9lais de livraison sont variables selon la destination et le mode de livraison choisi.<\/li>\n<\/ul>","protected":false},"excerpt":{"rendered":"<h2 style=\"text-align: center;\"><b>Graines de Citrouilles Pel\u00e9e\u00a0Bienfaits 300g<\/b><\/h2>\n<p style=\"text-align: center;\">Les graines de citrouille biologiques sont des super graines riches en prot\u00e9ines.\u00a0La garniture id\u00e9ale sur votre salade ou vos p\u00e2tes.<\/p>\n<p style=\"text-align: center;\">Produits sans gluten, notamment adapt\u00e9s aux personnes souffrant d&rsquo;intol\u00e9rances ou allergies au gluten<\/p>","protected":false},"featured_media":909,"comment_status":"open","ping_status":"closed","template":"","meta":[],"product_cat":[15],"product_tag":[],"class_list":["post-711","product","type-product","status-publish","has-post-thumbnail","hentry","product_cat-grain-sans-glutain"],"yoast_head":"<!-- This site is optimized with the Yoast SEO plugin v19.13 - https:\/\/yoast.com\/wordpress\/plugins\/seo\/ -->\n<title>Graines de citrouille pel\u00e9e - graines de Courge - SaidaPlants<\/title>\n<meta name=\"description\" content=\"Graines de citrouille pel\u00e9e - Nous faisons notre mieux pour nos clients Obtenez le produit parfait, bio 100% fabriqu\u00e9 \u00e0 partir de la nature.\" \/>\n<meta name=\"robots\" content=\"index, follow, max-snippet:-1, max-image-preview:large, max-video-preview:-1\" \/>\n<link rel=\"canonical\" href=\"https:\/\/saida-plants.com\/ar\/product\/graines-de-citrouille-pelee-graines-de-courge\/\" \/>\n<meta property=\"og:locale\" content=\"ar_AR\" \/>\n<meta property=\"og:type\" content=\"article\" \/>\n<meta property=\"og:title\" content=\"Graines de citrouille pel\u00e9e - graines de Courge - SaidaPlants\" \/>\n<meta property=\"og:description\" content=\"Graines de citrouille pel\u00e9e - Nous faisons notre mieux pour nos clients Obtenez le produit parfait, bio 100% fabriqu\u00e9 \u00e0 partir de la nature.\" \/>\n<meta property=\"og:url\" content=\"https:\/\/saida-plants.com\/ar\/product\/graines-de-citrouille-pelee-graines-de-courge\/\" \/>\n<meta property=\"og:site_name\" content=\"SaidaPlants\" \/>\n<meta property=\"article:publisher\" content=\"https:\/\/www.facebook.com\/SaidaPlants\" \/>\n<meta property=\"article:modified_time\" content=\"2021-09-10T15:09:57+00:00\" \/>\n<meta property=\"og:image\" content=\"https:\/\/saida-plants.com\/wp-content\/uploads\/2021\/09\/ezdz.jpg\" \/>\n\t<meta property=\"og:image:width\" content=\"2560\" \/>\n\t<meta property=\"og:image:height\" content=\"1707\" \/>\n\t<meta property=\"og:image:type\" content=\"image\/jpeg\" \/>\n<meta name=\"twitter:card\" content=\"summary_large_image\" \/>\n<meta name=\"twitter:label1\" content=\"\u0648\u0642\u062a \u0627\u0644\u0642\u0631\u0627\u0621\u0629 \u0627\u0644\u0645\u064f\u0642\u062f\u0651\u0631\" \/>\n\t<meta name=\"twitter:data1\" content=\"\u062f\u0642\u064a\u0642\u0629 \u0648\u0627\u062d\u062f\u0629\" \/>\n<script type=\"application\/ld+json\" class=\"yoast-schema-graph\">{\"@context\":\"https:\/\/schema.org\",\"@graph\":[{\"@type\":\"WebPage\",\"@id\":\"https:\/\/saida-plants.com\/product\/graines-de-citrouille-pelee-graines-de-courge\/\",\"url\":\"https:\/\/saida-plants.com\/product\/graines-de-citrouille-pelee-graines-de-courge\/\",\"name\":\"Graines de citrouille pel\u00e9e - graines de Courge - SaidaPlants\",\"isPartOf\":{\"@id\":\"https:\/\/saida-plants.com\/#website\"},\"datePublished\":\"2021-09-10T15:08:17+00:00\",\"dateModified\":\"2021-09-10T15:09:57+00:00\",\"description\":\"Graines de citrouille pel\u00e9e - Nous faisons notre mieux pour nos clients Obtenez le produit parfait, bio 100% fabriqu\u00e9 \u00e0 partir de la nature.\",\"breadcrumb\":{\"@id\":\"https:\/\/saida-plants.com\/product\/graines-de-citrouille-pelee-graines-de-courge\/#breadcrumb\"},\"inLanguage\":\"ar\",\"potentialAction\":[{\"@type\":\"ReadAction\",\"target\":[\"https:\/\/saida-plants.com\/product\/graines-de-citrouille-pelee-graines-de-courge\/\"]}]},{\"@type\":\"BreadcrumbList\",\"@id\":\"https:\/\/saida-plants.com\/product\/graines-de-citrouille-pelee-graines-de-courge\/#breadcrumb\",\"itemListElement\":[{\"@type\":\"ListItem\",\"position\":1,\"name\":\"Home\",\"item\":\"https:\/\/saida-plants.com\/\"},{\"@type\":\"ListItem\",\"position\":2,\"name\":\"Shop\",\"item\":\"https:\/\/saida-plants.com\/ar\/shop\/\"},{\"@type\":\"ListItem\",\"position\":3,\"name\":\"Graines de citrouille pel\u00e9e &#8211; graines de Courge\"}]},{\"@type\":\"WebSite\",\"@id\":\"https:\/\/saida-plants.com\/#website\",\"url\":\"https:\/\/saida-plants.com\/\",\"name\":\"SaidaPlants\",\"description\":\"1er Boutique En ligne Produit 100% Bio\",\"publisher\":{\"@id\":\"https:\/\/saida-plants.com\/#organization\"},\"potentialAction\":[{\"@type\":\"SearchAction\",\"target\":{\"@type\":\"EntryPoint\",\"urlTemplate\":\"https:\/\/saida-plants.com\/?s={search_term_string}\"},\"query-input\":\"required name=search_term_string\"}],\"inLanguage\":\"ar\"},{\"@type\":\"Organization\",\"@id\":\"https:\/\/saida-plants.com\/#organization\",\"name\":\"SaidaPlants\",\"url\":\"https:\/\/saida-plants.com\/\",\"logo\":{\"@type\":\"ImageObject\",\"inLanguage\":\"ar\",\"@id\":\"https:\/\/saida-plants.com\/#\/schema\/logo\/image\/\",\"url\":\"https:\/\/saida-plants.com\/wp-content\/uploads\/2021\/08\/WhatsApp-Image-2021-08-11-at-17.44.40.jpeg\",\"contentUrl\":\"https:\/\/saida-plants.com\/wp-content\/uploads\/2021\/08\/WhatsApp-Image-2021-08-11-at-17.44.40.jpeg\",\"width\":1280,\"height\":463,\"caption\":\"SaidaPlants\"},\"image\":{\"@id\":\"https:\/\/saida-plants.com\/#\/schema\/logo\/image\/\"},\"sameAs\":[\"https:\/\/www.instagram.com\/saidaplants\/\",\"https:\/\/www.facebook.com\/SaidaPlants\"]}]}<\/script>\n<!-- \/ Yoast SEO plugin. -->","yoast_head_json":{"title":"Graines de citrouille pel\u00e9e - graines de Courge - SaidaPlants","description":"Graines de citrouille pel\u00e9e - Nous faisons notre mieux pour nos clients Obtenez le produit parfait, bio 100% fabriqu\u00e9 \u00e0 partir de la nature.","robots":{"index":"index","follow":"follow","max-snippet":"max-snippet:-1","max-image-preview":"max-image-preview:large","max-video-preview":"max-video-preview:-1"},"canonical":"https:\/\/saida-plants.com\/ar\/product\/graines-de-citrouille-pelee-graines-de-courge\/","og_locale":"ar_AR","og_type":"article","og_title":"Graines de citrouille pel\u00e9e - graines de Courge - SaidaPlants","og_description":"Graines de citrouille pel\u00e9e - Nous faisons notre mieux pour nos clients Obtenez le produit parfait, bio 100% fabriqu\u00e9 \u00e0 partir de la nature.","og_url":"https:\/\/saida-plants.com\/ar\/product\/graines-de-citrouille-pelee-graines-de-courge\/","og_site_name":"SaidaPlants","article_publisher":"https:\/\/www.facebook.com\/SaidaPlants","article_modified_time":"2021-09-10T15:09:57+00:00","og_image":[{"width":2560,"height":1707,"url":"https:\/\/saida-plants.com\/wp-content\/uploads\/2021\/09\/ezdz.jpg","type":"image\/jpeg"}],"twitter_card":"summary_large_image","twitter_misc":{"\u0648\u0642\u062a \u0627\u0644\u0642\u0631\u0627\u0621\u0629 \u0627\u0644\u0645\u064f\u0642\u062f\u0651\u0631":"\u062f\u0642\u064a\u0642\u0629 \u0648\u0627\u062d\u062f\u0629"},"schema":{"@context":"https:\/\/schema.org","@graph":[{"@type":"WebPage","@id":"https:\/\/saida-plants.com\/product\/graines-de-citrouille-pelee-graines-de-courge\/","url":"https:\/\/saida-plants.com\/product\/graines-de-citrouille-pelee-graines-de-courge\/","name":"Graines de citrouille pel\u00e9e - graines de Courge - SaidaPlants","isPartOf":{"@id":"https:\/\/saida-plants.com\/#website"},"datePublished":"2021-09-10T15:08:17+00:00","dateModified":"2021-09-10T15:09:57+00:00","description":"Graines de citrouille pel\u00e9e - Nous faisons notre mieux pour nos clients Obtenez le produit parfait, bio 100% fabriqu\u00e9 \u00e0 partir de la nature.","breadcrumb":{"@id":"https:\/\/saida-plants.com\/product\/graines-de-citrouille-pelee-graines-de-courge\/#breadcrumb"},"inLanguage":"ar","potentialAction":[{"@type":"ReadAction","target":["https:\/\/saida-plants.com\/product\/graines-de-citrouille-pelee-graines-de-courge\/"]}]},{"@type":"BreadcrumbList","@id":"https:\/\/saida-plants.com\/product\/graines-de-citrouille-pelee-graines-de-courge\/#breadcrumb","itemListElement":[{"@type":"ListItem","position":1,"name":"Home","item":"https:\/\/saida-plants.com\/"},{"@type":"ListItem","position":2,"name":"Shop","item":"https:\/\/saida-plants.com\/ar\/shop\/"},{"@type":"ListItem","position":3,"name":"Graines de citrouille pel\u00e9e &#8211; graines de Courge"}]},{"@type":"WebSite","@id":"https:\/\/saida-plants.com\/#website","url":"https:\/\/saida-plants.com\/","name":"SaidaPlants","description":"1er Boutique En ligne Produit 100% Bio","publisher":{"@id":"https:\/\/saida-plants.com\/#organization"},"potentialAction":[{"@type":"SearchAction","target":{"@type":"EntryPoint","urlTemplate":"https:\/\/saida-plants.com\/?s={search_term_string}"},"query-input":"required name=search_term_string"}],"inLanguage":"ar"},{"@type":"Organization","@id":"https:\/\/saida-plants.com\/#organization","name":"SaidaPlants","url":"https:\/\/saida-plants.com\/","logo":{"@type":"ImageObject","inLanguage":"ar","@id":"https:\/\/saida-plants.com\/#\/schema\/logo\/image\/","url":"https:\/\/saida-plants.com\/wp-content\/uploads\/2021\/08\/WhatsApp-Image-2021-08-11-at-17.44.40.jpeg","contentUrl":"https:\/\/saida-plants.com\/wp-content\/uploads\/2021\/08\/WhatsApp-Image-2021-08-11-at-17.44.40.jpeg","width":1280,"height":463,"caption":"SaidaPlants"},"image":{"@id":"https:\/\/saida-plants.com\/#\/schema\/logo\/image\/"},"sameAs":["https:\/\/www.instagram.com\/saidaplants\/","https:\/\/www.facebook.com\/SaidaPlants"]}]}},"_links":{"self":[{"href":"https:\/\/saida-plants.com\/ar\/wp-json\/wp\/v2\/product\/711"}],"collection":[{"href":"https:\/\/saida-plants.com\/ar\/wp-json\/wp\/v2\/product"}],"about":[{"href":"https:\/\/saida-plants.com\/ar\/wp-json\/wp\/v2\/types\/product"}],"replies":[{"embeddable":true,"href":"https:\/\/saida-plants.com\/ar\/wp-json\/wp\/v2\/comments?post=711"}],"wp:featuredmedia":[{"embeddable":true,"href":"https:\/\/saida-plants.com\/ar\/wp-json\/wp\/v2\/media\/909"}],"wp:attachment":[{"href":"https:\/\/saida-plants.com\/ar\/wp-json\/wp\/v2\/media?parent=711"}],"wp:term":[{"taxonomy":"product_cat","embeddable":true,"href":"https:\/\/saida-plants.com\/ar\/wp-json\/wp\/v2\/product_cat?post=711"},{"taxonomy":"product_tag","embeddable":true,"href":"https:\/\/saida-plants.com\/ar\/wp-json\/wp\/v2\/product_tag?post=711"}],"curies":[{"name":"wp","href":"https:\/\/api.w.org\/{rel}","templated":true}]}}