{"id":713,"date":"2021-08-12T17:46:13","date_gmt":"2021-08-12T17:46:13","guid":{"rendered":"https:\/\/saida-plants.com\/?post_type=product&#038;p=713"},"modified":"2022-08-02T17:31:52","modified_gmt":"2022-08-02T17:31:52","slug":"graines-de-tournesol-%d9%86%d9%88%d8%a7%d8%b1%d8%a9-%d8%a7%d9%84%d8%b4%d9%85%d8%b3","status":"publish","type":"product","link":"https:\/\/saida-plants.com\/ar\/product\/graines-de-tournesol-%d9%86%d9%88%d8%a7%d8%b1%d8%a9-%d8%a7%d9%84%d8%b4%d9%85%d8%b3\/","title":{"rendered":"Graines de tournesol 300g ( \u0646\u0648\u0627\u0631\u0629 \u0627\u0644\u0634\u0645\u0633)"},"content":{"rendered":"<h1><b>LES BIENFAITS<\/b><\/h1>\n<p>Pourquoi on aime <a href=\"https:\/\/www.passeportsante.net\/fr\/Nutrition\/EncyclopedieAliments\/Fiche.aspx?doc=tournesol_nu\">les graines de tournesol<\/a> en vrac Riches en en fer et en fibres, elles sont aussi source d\u2019acide gras essentiel et de phytost\u00e9rols, qui aident \u00e0 \u00e9liminer le mauvais cholest\u00e9rol. Les graines de tournesol sont une des meilleures sources de vitamine E et B6. Une seule poign\u00e9e vous apportera 90% de l\u2019apport quotidien recommand\u00e9. Ce puissant antioxydant neutraliserait les radicaux libres. Les graines de tournesol font des collations nutritives parfaites en plus d\u2019agr\u00e9menter salades, p\u00e2tes et muffins.<\/p>\n<h2><b>Autres b\u00e9n\u00e9fices<\/b><\/h2>\n<p>Source d&rsquo;acides gras essentiels, de phytost\u00e9rols, de vitamines et min\u00e9raux. Diminue les risques de maladies cardio-vasculaires et riche en antioxydants.<\/p>\n<p>Aliments <a href=\"https:\/\/saida-plants.com\/ar\/a-propos-de-nous\/\">100% naturels<\/a>, ne contenant aucun conservateur ou ingr\u00e9dient chimique<\/p>\n<p>G.T sont extr\u00eamement concentr\u00e9es en vitamine E, une vitamine n\u00e9cessaire \u00e0 la protection antioxydante des cellules.<\/p>\n<p>&nbsp;<\/p>\n<h3><b>Informations de livraison<\/b><\/h3>\n<ul>\n<li>Livraison assur\u00e9e par SaidaPlants, sous 24H \u00e0 Marrakech et sous 1 \u00e0 5 jours pour les autres villes du Maroc.<\/li>\n<li>Exp\u00e9dition pour les commandes \u00e0 l\u2019international sous 1 jour ouvr\u00e9. Les d\u00e9lais de livraison sont variables selon la destination et le mode de livraison choisi.<\/li>\n<\/ul>","protected":false},"excerpt":{"rendered":"<p style=\"text-align: center;\">Aliments <a href=\"https:\/\/saida-plants.com\/ar\/a-propos-de-nous\/\">100% naturels<\/a>, ne contenant aucun conservateur ou ingr\u00e9dient chimique<\/p>\n<p style=\"text-align: center;\">Graines de tournesol \u00a0sont extr\u00eamement concentr\u00e9es en vitamine E, une vitamine n\u00e9cessaire \u00e0 la protection antioxydante des cellules.<\/p>","protected":false},"featured_media":714,"comment_status":"open","ping_status":"closed","template":"","meta":[],"product_cat":[15],"product_tag":[],"class_list":["post-713","product","type-product","status-publish","has-post-thumbnail","hentry","product_cat-grain-sans-glutain"],"yoast_head":"<!-- This site is optimized with the Yoast SEO plugin v19.13 - https:\/\/yoast.com\/wordpress\/plugins\/seo\/ -->\n<title>Graines de tournesol 300g ( \u0646\u0648\u0627\u0631\u0629 \u0627\u0644\u0634\u0645\u0633) - SaidaPlants<\/title>\n<meta name=\"description\" content=\"Graines de tournesol - Nous faisons de notre mieux pour nos clients Obtenez le produit parfait et bio 100% fabriqu\u00e9 \u00e0 partir de la nature.\" \/>\n<meta name=\"robots\" content=\"index, follow, max-snippet:-1, max-image-preview:large, max-video-preview:-1\" \/>\n<link rel=\"canonical\" href=\"https:\/\/saida-plants.com\/ar\/product\/graines-de-tournesol-\u0646\u0648\u0627\u0631\u0629-\u0627\u0644\u0634\u0645\u0633\/\" \/>\n<meta property=\"og:locale\" content=\"ar_AR\" \/>\n<meta property=\"og:type\" content=\"article\" \/>\n<meta property=\"og:title\" content=\"Graines de tournesol 300g ( \u0646\u0648\u0627\u0631\u0629 \u0627\u0644\u0634\u0645\u0633) - SaidaPlants\" \/>\n<meta property=\"og:description\" content=\"Graines de tournesol - Nous faisons de notre mieux pour nos clients Obtenez le produit parfait et bio 100% fabriqu\u00e9 \u00e0 partir de la nature.\" \/>\n<meta property=\"og:url\" content=\"https:\/\/saida-plants.com\/ar\/product\/graines-de-tournesol-\u0646\u0648\u0627\u0631\u0629-\u0627\u0644\u0634\u0645\u0633\/\" \/>\n<meta property=\"og:site_name\" content=\"SaidaPlants\" \/>\n<meta property=\"article:publisher\" content=\"https:\/\/www.facebook.com\/SaidaPlants\" \/>\n<meta property=\"article:modified_time\" content=\"2022-08-02T17:31:52+00:00\" \/>\n<meta property=\"og:image\" content=\"https:\/\/saida-plants.com\/wp-content\/uploads\/2021\/08\/6-1400x788.png\" \/>\n\t<meta property=\"og:image:width\" content=\"1400\" \/>\n\t<meta property=\"og:image:height\" content=\"788\" \/>\n\t<meta property=\"og:image:type\" content=\"image\/png\" \/>\n<meta name=\"twitter:card\" content=\"summary_large_image\" \/>\n<meta name=\"twitter:label1\" content=\"\u0648\u0642\u062a \u0627\u0644\u0642\u0631\u0627\u0621\u0629 \u0627\u0644\u0645\u064f\u0642\u062f\u0651\u0631\" \/>\n\t<meta name=\"twitter:data1\" content=\"\u062f\u0642\u064a\u0642\u0629 \u0648\u0627\u062d\u062f\u0629\" \/>\n<script type=\"application\/ld+json\" class=\"yoast-schema-graph\">{\"@context\":\"https:\/\/schema.org\",\"@graph\":[{\"@type\":\"WebPage\",\"@id\":\"https:\/\/saida-plants.com\/product\/graines-de-tournesol-%d9%86%d9%88%d8%a7%d8%b1%d8%a9-%d8%a7%d9%84%d8%b4%d9%85%d8%b3\/\",\"url\":\"https:\/\/saida-plants.com\/product\/graines-de-tournesol-%d9%86%d9%88%d8%a7%d8%b1%d8%a9-%d8%a7%d9%84%d8%b4%d9%85%d8%b3\/\",\"name\":\"Graines de tournesol 300g ( \u0646\u0648\u0627\u0631\u0629 \u0627\u0644\u0634\u0645\u0633) - SaidaPlants\",\"isPartOf\":{\"@id\":\"https:\/\/saida-plants.com\/#website\"},\"datePublished\":\"2021-08-12T17:46:13+00:00\",\"dateModified\":\"2022-08-02T17:31:52+00:00\",\"description\":\"Graines de tournesol - Nous faisons de notre mieux pour nos clients Obtenez le produit parfait et bio 100% fabriqu\u00e9 \u00e0 partir de la nature.\",\"breadcrumb\":{\"@id\":\"https:\/\/saida-plants.com\/product\/graines-de-tournesol-%d9%86%d9%88%d8%a7%d8%b1%d8%a9-%d8%a7%d9%84%d8%b4%d9%85%d8%b3\/#breadcrumb\"},\"inLanguage\":\"ar\",\"potentialAction\":[{\"@type\":\"ReadAction\",\"target\":[\"https:\/\/saida-plants.com\/product\/graines-de-tournesol-%d9%86%d9%88%d8%a7%d8%b1%d8%a9-%d8%a7%d9%84%d8%b4%d9%85%d8%b3\/\"]}]},{\"@type\":\"BreadcrumbList\",\"@id\":\"https:\/\/saida-plants.com\/product\/graines-de-tournesol-%d9%86%d9%88%d8%a7%d8%b1%d8%a9-%d8%a7%d9%84%d8%b4%d9%85%d8%b3\/#breadcrumb\",\"itemListElement\":[{\"@type\":\"ListItem\",\"position\":1,\"name\":\"Home\",\"item\":\"https:\/\/saida-plants.com\/\"},{\"@type\":\"ListItem\",\"position\":2,\"name\":\"Shop\",\"item\":\"https:\/\/saida-plants.com\/ar\/shop\/\"},{\"@type\":\"ListItem\",\"position\":3,\"name\":\"Graines de tournesol 300g ( \u0646\u0648\u0627\u0631\u0629 \u0627\u0644\u0634\u0645\u0633)\"}]},{\"@type\":\"WebSite\",\"@id\":\"https:\/\/saida-plants.com\/#website\",\"url\":\"https:\/\/saida-plants.com\/\",\"name\":\"SaidaPlants\",\"description\":\"1er Boutique En ligne Produit 100% Bio\",\"publisher\":{\"@id\":\"https:\/\/saida-plants.com\/#organization\"},\"potentialAction\":[{\"@type\":\"SearchAction\",\"target\":{\"@type\":\"EntryPoint\",\"urlTemplate\":\"https:\/\/saida-plants.com\/?s={search_term_string}\"},\"query-input\":\"required name=search_term_string\"}],\"inLanguage\":\"ar\"},{\"@type\":\"Organization\",\"@id\":\"https:\/\/saida-plants.com\/#organization\",\"name\":\"SaidaPlants\",\"url\":\"https:\/\/saida-plants.com\/\",\"logo\":{\"@type\":\"ImageObject\",\"inLanguage\":\"ar\",\"@id\":\"https:\/\/saida-plants.com\/#\/schema\/logo\/image\/\",\"url\":\"https:\/\/saida-plants.com\/wp-content\/uploads\/2021\/08\/WhatsApp-Image-2021-08-11-at-17.44.40.jpeg\",\"contentUrl\":\"https:\/\/saida-plants.com\/wp-content\/uploads\/2021\/08\/WhatsApp-Image-2021-08-11-at-17.44.40.jpeg\",\"width\":1280,\"height\":463,\"caption\":\"SaidaPlants\"},\"image\":{\"@id\":\"https:\/\/saida-plants.com\/#\/schema\/logo\/image\/\"},\"sameAs\":[\"https:\/\/www.instagram.com\/saidaplants\/\",\"https:\/\/www.facebook.com\/SaidaPlants\"]}]}<\/script>\n<!-- \/ Yoast SEO plugin. -->","yoast_head_json":{"title":"Graines de tournesol 300g ( \u0646\u0648\u0627\u0631\u0629 \u0627\u0644\u0634\u0645\u0633) - SaidaPlants","description":"Graines de tournesol - Nous faisons de notre mieux pour nos clients Obtenez le produit parfait et bio 100% fabriqu\u00e9 \u00e0 partir de la nature.","robots":{"index":"index","follow":"follow","max-snippet":"max-snippet:-1","max-image-preview":"max-image-preview:large","max-video-preview":"max-video-preview:-1"},"canonical":"https:\/\/saida-plants.com\/ar\/product\/graines-de-tournesol-\u0646\u0648\u0627\u0631\u0629-\u0627\u0644\u0634\u0645\u0633\/","og_locale":"ar_AR","og_type":"article","og_title":"Graines de tournesol 300g ( \u0646\u0648\u0627\u0631\u0629 \u0627\u0644\u0634\u0645\u0633) - SaidaPlants","og_description":"Graines de tournesol - Nous faisons de notre mieux pour nos clients Obtenez le produit parfait et bio 100% fabriqu\u00e9 \u00e0 partir de la nature.","og_url":"https:\/\/saida-plants.com\/ar\/product\/graines-de-tournesol-\u0646\u0648\u0627\u0631\u0629-\u0627\u0644\u0634\u0645\u0633\/","og_site_name":"SaidaPlants","article_publisher":"https:\/\/www.facebook.com\/SaidaPlants","article_modified_time":"2022-08-02T17:31:52+00:00","og_image":[{"width":1400,"height":788,"url":"https:\/\/saida-plants.com\/wp-content\/uploads\/2021\/08\/6-1400x788.png","type":"image\/png"}],"twitter_card":"summary_large_image","twitter_misc":{"\u0648\u0642\u062a \u0627\u0644\u0642\u0631\u0627\u0621\u0629 \u0627\u0644\u0645\u064f\u0642\u062f\u0651\u0631":"\u062f\u0642\u064a\u0642\u0629 \u0648\u0627\u062d\u062f\u0629"},"schema":{"@context":"https:\/\/schema.org","@graph":[{"@type":"WebPage","@id":"https:\/\/saida-plants.com\/product\/graines-de-tournesol-%d9%86%d9%88%d8%a7%d8%b1%d8%a9-%d8%a7%d9%84%d8%b4%d9%85%d8%b3\/","url":"https:\/\/saida-plants.com\/product\/graines-de-tournesol-%d9%86%d9%88%d8%a7%d8%b1%d8%a9-%d8%a7%d9%84%d8%b4%d9%85%d8%b3\/","name":"Graines de tournesol 300g ( \u0646\u0648\u0627\u0631\u0629 \u0627\u0644\u0634\u0645\u0633) - SaidaPlants","isPartOf":{"@id":"https:\/\/saida-plants.com\/#website"},"datePublished":"2021-08-12T17:46:13+00:00","dateModified":"2022-08-02T17:31:52+00:00","description":"Graines de tournesol - Nous faisons de notre mieux pour nos clients Obtenez le produit parfait et bio 100% fabriqu\u00e9 \u00e0 partir de la nature.","breadcrumb":{"@id":"https:\/\/saida-plants.com\/product\/graines-de-tournesol-%d9%86%d9%88%d8%a7%d8%b1%d8%a9-%d8%a7%d9%84%d8%b4%d9%85%d8%b3\/#breadcrumb"},"inLanguage":"ar","potentialAction":[{"@type":"ReadAction","target":["https:\/\/saida-plants.com\/product\/graines-de-tournesol-%d9%86%d9%88%d8%a7%d8%b1%d8%a9-%d8%a7%d9%84%d8%b4%d9%85%d8%b3\/"]}]},{"@type":"BreadcrumbList","@id":"https:\/\/saida-plants.com\/product\/graines-de-tournesol-%d9%86%d9%88%d8%a7%d8%b1%d8%a9-%d8%a7%d9%84%d8%b4%d9%85%d8%b3\/#breadcrumb","itemListElement":[{"@type":"ListItem","position":1,"name":"Home","item":"https:\/\/saida-plants.com\/"},{"@type":"ListItem","position":2,"name":"Shop","item":"https:\/\/saida-plants.com\/ar\/shop\/"},{"@type":"ListItem","position":3,"name":"Graines de tournesol 300g ( \u0646\u0648\u0627\u0631\u0629 \u0627\u0644\u0634\u0645\u0633)"}]},{"@type":"WebSite","@id":"https:\/\/saida-plants.com\/#website","url":"https:\/\/saida-plants.com\/","name":"SaidaPlants","description":"1er Boutique En ligne Produit 100% Bio","publisher":{"@id":"https:\/\/saida-plants.com\/#organization"},"potentialAction":[{"@type":"SearchAction","target":{"@type":"EntryPoint","urlTemplate":"https:\/\/saida-plants.com\/?s={search_term_string}"},"query-input":"required name=search_term_string"}],"inLanguage":"ar"},{"@type":"Organization","@id":"https:\/\/saida-plants.com\/#organization","name":"SaidaPlants","url":"https:\/\/saida-plants.com\/","logo":{"@type":"ImageObject","inLanguage":"ar","@id":"https:\/\/saida-plants.com\/#\/schema\/logo\/image\/","url":"https:\/\/saida-plants.com\/wp-content\/uploads\/2021\/08\/WhatsApp-Image-2021-08-11-at-17.44.40.jpeg","contentUrl":"https:\/\/saida-plants.com\/wp-content\/uploads\/2021\/08\/WhatsApp-Image-2021-08-11-at-17.44.40.jpeg","width":1280,"height":463,"caption":"SaidaPlants"},"image":{"@id":"https:\/\/saida-plants.com\/#\/schema\/logo\/image\/"},"sameAs":["https:\/\/www.instagram.com\/saidaplants\/","https:\/\/www.facebook.com\/SaidaPlants"]}]}},"_links":{"self":[{"href":"https:\/\/saida-plants.com\/ar\/wp-json\/wp\/v2\/product\/713"}],"collection":[{"href":"https:\/\/saida-plants.com\/ar\/wp-json\/wp\/v2\/product"}],"about":[{"href":"https:\/\/saida-plants.com\/ar\/wp-json\/wp\/v2\/types\/product"}],"replies":[{"embeddable":true,"href":"https:\/\/saida-plants.com\/ar\/wp-json\/wp\/v2\/comments?post=713"}],"wp:featuredmedia":[{"embeddable":true,"href":"https:\/\/saida-plants.com\/ar\/wp-json\/wp\/v2\/media\/714"}],"wp:attachment":[{"href":"https:\/\/saida-plants.com\/ar\/wp-json\/wp\/v2\/media?parent=713"}],"wp:term":[{"taxonomy":"product_cat","embeddable":true,"href":"https:\/\/saida-plants.com\/ar\/wp-json\/wp\/v2\/product_cat?post=713"},{"taxonomy":"product_tag","embeddable":true,"href":"https:\/\/saida-plants.com\/ar\/wp-json\/wp\/v2\/product_tag?post=713"}],"curies":[{"name":"wp","href":"https:\/\/api.w.org\/{rel}","templated":true}]}}