{"id":715,"date":"2021-08-12T18:14:56","date_gmt":"2021-08-12T18:14:56","guid":{"rendered":"https:\/\/saida-plants.com\/?post_type=product&#038;p=715"},"modified":"2021-08-12T18:14:56","modified_gmt":"2021-08-12T18:14:56","slug":"trio-de-quinoa-blanc-rouge-et-noir-en-vrac-300g-%d9%83%d9%8a%d9%86%d9%88%d8%a7","status":"publish","type":"product","link":"https:\/\/saida-plants.com\/ar\/product\/trio-de-quinoa-blanc-rouge-et-noir-en-vrac-300g-%d9%83%d9%8a%d9%86%d9%88%d8%a7\/","title":{"rendered":"Trio de Quinoa Blanc Rouge et Noir en vrac 300g ( \u0643\u064a\u0646\u0648\u0627)"},"content":{"rendered":"<h1><b>Trio de Quinoa :<\/b><\/h1>\n<p>Association de diff\u00e9rentes vari\u00e9t\u00e9s de <a href=\"https:\/\/sante.journaldesfemmes.fr\/fiches-sante-du-quotidien\/2540158-quinoa-bienfait-mefait-sante-calorie-gluten-inconvenient-perte-de-poids\/\">quinoa<\/a> : blanc, rouge et noir. Graine de la famille des Ch\u00e9nopodiac\u00e9es (comme les \u00e9pinards) assimil\u00e9e \u00e0 une c\u00e9r\u00e9ale de par sa composition nutritionnelle. Le quinoa est source de prot\u00e9ines tr\u00e8s bien \u00e9quilibr\u00e9es. Il est source de fibres. Le trio du quinoa issu de l\u2019agriculture biologique.<\/p>\n<ul>\n<li>\n<h2><b>Valeur nutritive du Quinoa<\/b><\/h2>\n<\/li>\n<\/ul>\n<table style=\"height: 332px;\" width=\"267\" cellspacing=\"0\" cellpadding=\"0\">\n<tbody>\n<tr>\n<td valign=\"top\"><b>\u00a0 Pour 100g<\/b><\/td>\n<td valign=\"top\"><\/td>\n<\/tr>\n<tr>\n<td valign=\"top\"><b>\u00a0 Valeurs \u00e9nerg\u00e9tique<\/b><\/td>\n<td valign=\"top\">\u00a0 \u00a0 363 Kcal<\/td>\n<\/tr>\n<tr>\n<td valign=\"top\"><b>\u00a0 Prot\u00e9ines<\/b><\/td>\n<td valign=\"top\">\u00a0 \u00a0 \u00a012,2\u00a0g<\/td>\n<\/tr>\n<tr>\n<td valign=\"top\"><b>\u00a0 Glucides<\/b><\/td>\n<td valign=\"top\">\u00a0 \u00a0 \u00a062,5\u00a0g<\/td>\n<\/tr>\n<tr>\n<td valign=\"top\"><b>\u00a0 Mati\u00e8res grasses<\/b><\/td>\n<td valign=\"top\">\u00a0 \u00a0 \u00a0 5,3\u00a0g<\/td>\n<\/tr>\n<tr>\n<td valign=\"top\"><b>\u00a0 Fibres alimentaires<\/b><\/td>\n<td valign=\"top\">\u00a0 \u00a0 \u00a0 8,5\u00a0g<\/td>\n<\/tr>\n<\/tbody>\n<\/table>\n<h3><b>Autres b\u00e9n\u00e9fices<\/b><\/h3>\n<p><a href=\"https:\/\/saida-plants.com\/ar\/product-category\/grain-sans-glutain\/\">Sans gluten<\/a>, riche en prot\u00e9ines, vitamines B, antioxydants, min\u00e9raux, fer, cuivre, potassium, phosphore, mangan\u00e8se. Mod\u00e8re l&rsquo;index glyc\u00e9mique du repas, augmente la sensation de sati\u00e9t\u00e9 et stimule les transits paresseux.<\/p>\n<p>Aliments 100% naturels, ne contenant aucun conservateur ou ingr\u00e9dient chimique.<\/p>\n<h3><b>Informations de livraison<\/b><\/h3>\n<ul>\n<li>Livraison assur\u00e9e par SaidaPlants, sous 24H \u00e0 Marrakech et sous 1 \u00e0 5 jours pour les autres villes du Maroc.<\/li>\n<li>Exp\u00e9dition pour les commandes \u00e0 l\u2019international sous 1 jour ouvr\u00e9. Les d\u00e9lais de livraison sont variables selon la destination et le mode de livraison choisi.<\/li>\n<\/ul>","protected":false},"excerpt":{"rendered":"<h1 style=\"text-align: center;\"><b>Trio de Quinoa :<\/b><\/h1>\n<p style=\"text-align: center;\">Association de diff\u00e9rentes vari\u00e9t\u00e9s de <a href=\"https:\/\/sante.journaldesfemmes.fr\/fiches-sante-du-quotidien\/2540158-quinoa-bienfait-mefait-sante-calorie-gluten-inconvenient-perte-de-poids\/\">quinoa<\/a> : blanc, rouge et noir. Graine de la famille des Ch\u00e9nopodiac\u00e9es (comme les \u00e9pinards) assimil\u00e9e \u00e0 une c\u00e9r\u00e9ale de par sa composition nutritionnelle. Le quinoa est source de prot\u00e9ines tr\u00e8s bien \u00e9quilibr\u00e9es. Il est source de fibres. Le trio du quinoa issu de l\u2019agriculture biologique.<\/p>","protected":false},"featured_media":716,"comment_status":"open","ping_status":"closed","template":"","meta":[],"product_cat":[15],"product_tag":[],"class_list":["post-715","product","type-product","status-publish","has-post-thumbnail","hentry","product_cat-grain-sans-glutain"],"yoast_head":"<!-- This site is optimized with the Yoast SEO plugin v19.13 - https:\/\/yoast.com\/wordpress\/plugins\/seo\/ -->\n<title>Trio de Quinoa Blanc Rouge et Noir en vrac 300g ( \u0643\u064a\u0646\u0648\u0627) - SaidaPlants<\/title>\n<meta name=\"description\" content=\"Trio de Quinoa - Nous faisons de notre mieux pour nos clients Obtenez le produit parfait et bio 100% fabriqu\u00e9 \u00e0 partir de la nature.\" \/>\n<meta name=\"robots\" content=\"index, follow, max-snippet:-1, max-image-preview:large, max-video-preview:-1\" \/>\n<link rel=\"canonical\" href=\"https:\/\/saida-plants.com\/ar\/product\/trio-de-quinoa-blanc-rouge-et-noir-en-vrac-300g-\u0643\u064a\u0646\u0648\u0627\/\" \/>\n<meta property=\"og:locale\" content=\"ar_AR\" \/>\n<meta property=\"og:type\" content=\"article\" \/>\n<meta property=\"og:title\" content=\"Trio de Quinoa Blanc Rouge et Noir en vrac 300g ( \u0643\u064a\u0646\u0648\u0627) - SaidaPlants\" \/>\n<meta property=\"og:description\" content=\"Trio de Quinoa - Nous faisons de notre mieux pour nos clients Obtenez le produit parfait et bio 100% fabriqu\u00e9 \u00e0 partir de la nature.\" \/>\n<meta property=\"og:url\" content=\"https:\/\/saida-plants.com\/ar\/product\/trio-de-quinoa-blanc-rouge-et-noir-en-vrac-300g-\u0643\u064a\u0646\u0648\u0627\/\" \/>\n<meta property=\"og:site_name\" content=\"SaidaPlants\" \/>\n<meta property=\"article:publisher\" content=\"https:\/\/www.facebook.com\/SaidaPlants\" \/>\n<meta property=\"og:image\" content=\"https:\/\/saida-plants.com\/wp-content\/uploads\/2021\/08\/19-1400x788.png\" \/>\n\t<meta property=\"og:image:width\" content=\"1400\" \/>\n\t<meta property=\"og:image:height\" content=\"788\" \/>\n\t<meta property=\"og:image:type\" content=\"image\/png\" \/>\n<meta name=\"twitter:card\" content=\"summary_large_image\" \/>\n<meta name=\"twitter:label1\" content=\"\u0648\u0642\u062a \u0627\u0644\u0642\u0631\u0627\u0621\u0629 \u0627\u0644\u0645\u064f\u0642\u062f\u0651\u0631\" \/>\n\t<meta name=\"twitter:data1\" content=\"\u062f\u0642\u064a\u0642\u0629 \u0648\u0627\u062d\u062f\u0629\" \/>\n<script type=\"application\/ld+json\" class=\"yoast-schema-graph\">{\"@context\":\"https:\/\/schema.org\",\"@graph\":[{\"@type\":\"WebPage\",\"@id\":\"https:\/\/saida-plants.com\/product\/trio-de-quinoa-blanc-rouge-et-noir-en-vrac-300g-%d9%83%d9%8a%d9%86%d9%88%d8%a7\/\",\"url\":\"https:\/\/saida-plants.com\/product\/trio-de-quinoa-blanc-rouge-et-noir-en-vrac-300g-%d9%83%d9%8a%d9%86%d9%88%d8%a7\/\",\"name\":\"Trio de Quinoa Blanc Rouge et Noir en vrac 300g ( \u0643\u064a\u0646\u0648\u0627) - SaidaPlants\",\"isPartOf\":{\"@id\":\"https:\/\/saida-plants.com\/#website\"},\"datePublished\":\"2021-08-12T18:14:56+00:00\",\"dateModified\":\"2021-08-12T18:14:56+00:00\",\"description\":\"Trio de Quinoa - Nous faisons de notre mieux pour nos clients Obtenez le produit parfait et bio 100% fabriqu\u00e9 \u00e0 partir de la nature.\",\"breadcrumb\":{\"@id\":\"https:\/\/saida-plants.com\/product\/trio-de-quinoa-blanc-rouge-et-noir-en-vrac-300g-%d9%83%d9%8a%d9%86%d9%88%d8%a7\/#breadcrumb\"},\"inLanguage\":\"ar\",\"potentialAction\":[{\"@type\":\"ReadAction\",\"target\":[\"https:\/\/saida-plants.com\/product\/trio-de-quinoa-blanc-rouge-et-noir-en-vrac-300g-%d9%83%d9%8a%d9%86%d9%88%d8%a7\/\"]}]},{\"@type\":\"BreadcrumbList\",\"@id\":\"https:\/\/saida-plants.com\/product\/trio-de-quinoa-blanc-rouge-et-noir-en-vrac-300g-%d9%83%d9%8a%d9%86%d9%88%d8%a7\/#breadcrumb\",\"itemListElement\":[{\"@type\":\"ListItem\",\"position\":1,\"name\":\"Home\",\"item\":\"https:\/\/saida-plants.com\/\"},{\"@type\":\"ListItem\",\"position\":2,\"name\":\"Shop\",\"item\":\"https:\/\/saida-plants.com\/ar\/shop\/\"},{\"@type\":\"ListItem\",\"position\":3,\"name\":\"Trio de Quinoa Blanc Rouge et Noir en vrac 300g ( \u0643\u064a\u0646\u0648\u0627)\"}]},{\"@type\":\"WebSite\",\"@id\":\"https:\/\/saida-plants.com\/#website\",\"url\":\"https:\/\/saida-plants.com\/\",\"name\":\"SaidaPlants\",\"description\":\"1er Boutique En ligne Produit 100% Bio\",\"publisher\":{\"@id\":\"https:\/\/saida-plants.com\/#organization\"},\"potentialAction\":[{\"@type\":\"SearchAction\",\"target\":{\"@type\":\"EntryPoint\",\"urlTemplate\":\"https:\/\/saida-plants.com\/?s={search_term_string}\"},\"query-input\":\"required name=search_term_string\"}],\"inLanguage\":\"ar\"},{\"@type\":\"Organization\",\"@id\":\"https:\/\/saida-plants.com\/#organization\",\"name\":\"SaidaPlants\",\"url\":\"https:\/\/saida-plants.com\/\",\"logo\":{\"@type\":\"ImageObject\",\"inLanguage\":\"ar\",\"@id\":\"https:\/\/saida-plants.com\/#\/schema\/logo\/image\/\",\"url\":\"https:\/\/saida-plants.com\/wp-content\/uploads\/2021\/08\/WhatsApp-Image-2021-08-11-at-17.44.40.jpeg\",\"contentUrl\":\"https:\/\/saida-plants.com\/wp-content\/uploads\/2021\/08\/WhatsApp-Image-2021-08-11-at-17.44.40.jpeg\",\"width\":1280,\"height\":463,\"caption\":\"SaidaPlants\"},\"image\":{\"@id\":\"https:\/\/saida-plants.com\/#\/schema\/logo\/image\/\"},\"sameAs\":[\"https:\/\/www.instagram.com\/saidaplants\/\",\"https:\/\/www.facebook.com\/SaidaPlants\"]}]}<\/script>\n<!-- \/ Yoast SEO plugin. -->","yoast_head_json":{"title":"Trio de Quinoa Blanc Rouge et Noir en vrac 300g ( \u0643\u064a\u0646\u0648\u0627) - SaidaPlants","description":"Trio de Quinoa - Nous faisons de notre mieux pour nos clients Obtenez le produit parfait et bio 100% fabriqu\u00e9 \u00e0 partir de la nature.","robots":{"index":"index","follow":"follow","max-snippet":"max-snippet:-1","max-image-preview":"max-image-preview:large","max-video-preview":"max-video-preview:-1"},"canonical":"https:\/\/saida-plants.com\/ar\/product\/trio-de-quinoa-blanc-rouge-et-noir-en-vrac-300g-\u0643\u064a\u0646\u0648\u0627\/","og_locale":"ar_AR","og_type":"article","og_title":"Trio de Quinoa Blanc Rouge et Noir en vrac 300g ( \u0643\u064a\u0646\u0648\u0627) - SaidaPlants","og_description":"Trio de Quinoa - Nous faisons de notre mieux pour nos clients Obtenez le produit parfait et bio 100% fabriqu\u00e9 \u00e0 partir de la nature.","og_url":"https:\/\/saida-plants.com\/ar\/product\/trio-de-quinoa-blanc-rouge-et-noir-en-vrac-300g-\u0643\u064a\u0646\u0648\u0627\/","og_site_name":"SaidaPlants","article_publisher":"https:\/\/www.facebook.com\/SaidaPlants","og_image":[{"width":1400,"height":788,"url":"https:\/\/saida-plants.com\/wp-content\/uploads\/2021\/08\/19-1400x788.png","type":"image\/png"}],"twitter_card":"summary_large_image","twitter_misc":{"\u0648\u0642\u062a \u0627\u0644\u0642\u0631\u0627\u0621\u0629 \u0627\u0644\u0645\u064f\u0642\u062f\u0651\u0631":"\u062f\u0642\u064a\u0642\u0629 \u0648\u0627\u062d\u062f\u0629"},"schema":{"@context":"https:\/\/schema.org","@graph":[{"@type":"WebPage","@id":"https:\/\/saida-plants.com\/product\/trio-de-quinoa-blanc-rouge-et-noir-en-vrac-300g-%d9%83%d9%8a%d9%86%d9%88%d8%a7\/","url":"https:\/\/saida-plants.com\/product\/trio-de-quinoa-blanc-rouge-et-noir-en-vrac-300g-%d9%83%d9%8a%d9%86%d9%88%d8%a7\/","name":"Trio de Quinoa Blanc Rouge et Noir en vrac 300g ( \u0643\u064a\u0646\u0648\u0627) - SaidaPlants","isPartOf":{"@id":"https:\/\/saida-plants.com\/#website"},"datePublished":"2021-08-12T18:14:56+00:00","dateModified":"2021-08-12T18:14:56+00:00","description":"Trio de Quinoa - Nous faisons de notre mieux pour nos clients Obtenez le produit parfait et bio 100% fabriqu\u00e9 \u00e0 partir de la nature.","breadcrumb":{"@id":"https:\/\/saida-plants.com\/product\/trio-de-quinoa-blanc-rouge-et-noir-en-vrac-300g-%d9%83%d9%8a%d9%86%d9%88%d8%a7\/#breadcrumb"},"inLanguage":"ar","potentialAction":[{"@type":"ReadAction","target":["https:\/\/saida-plants.com\/product\/trio-de-quinoa-blanc-rouge-et-noir-en-vrac-300g-%d9%83%d9%8a%d9%86%d9%88%d8%a7\/"]}]},{"@type":"BreadcrumbList","@id":"https:\/\/saida-plants.com\/product\/trio-de-quinoa-blanc-rouge-et-noir-en-vrac-300g-%d9%83%d9%8a%d9%86%d9%88%d8%a7\/#breadcrumb","itemListElement":[{"@type":"ListItem","position":1,"name":"Home","item":"https:\/\/saida-plants.com\/"},{"@type":"ListItem","position":2,"name":"Shop","item":"https:\/\/saida-plants.com\/ar\/shop\/"},{"@type":"ListItem","position":3,"name":"Trio de Quinoa Blanc Rouge et Noir en vrac 300g ( \u0643\u064a\u0646\u0648\u0627)"}]},{"@type":"WebSite","@id":"https:\/\/saida-plants.com\/#website","url":"https:\/\/saida-plants.com\/","name":"SaidaPlants","description":"1er Boutique En ligne Produit 100% Bio","publisher":{"@id":"https:\/\/saida-plants.com\/#organization"},"potentialAction":[{"@type":"SearchAction","target":{"@type":"EntryPoint","urlTemplate":"https:\/\/saida-plants.com\/?s={search_term_string}"},"query-input":"required name=search_term_string"}],"inLanguage":"ar"},{"@type":"Organization","@id":"https:\/\/saida-plants.com\/#organization","name":"SaidaPlants","url":"https:\/\/saida-plants.com\/","logo":{"@type":"ImageObject","inLanguage":"ar","@id":"https:\/\/saida-plants.com\/#\/schema\/logo\/image\/","url":"https:\/\/saida-plants.com\/wp-content\/uploads\/2021\/08\/WhatsApp-Image-2021-08-11-at-17.44.40.jpeg","contentUrl":"https:\/\/saida-plants.com\/wp-content\/uploads\/2021\/08\/WhatsApp-Image-2021-08-11-at-17.44.40.jpeg","width":1280,"height":463,"caption":"SaidaPlants"},"image":{"@id":"https:\/\/saida-plants.com\/#\/schema\/logo\/image\/"},"sameAs":["https:\/\/www.instagram.com\/saidaplants\/","https:\/\/www.facebook.com\/SaidaPlants"]}]}},"_links":{"self":[{"href":"https:\/\/saida-plants.com\/ar\/wp-json\/wp\/v2\/product\/715"}],"collection":[{"href":"https:\/\/saida-plants.com\/ar\/wp-json\/wp\/v2\/product"}],"about":[{"href":"https:\/\/saida-plants.com\/ar\/wp-json\/wp\/v2\/types\/product"}],"replies":[{"embeddable":true,"href":"https:\/\/saida-plants.com\/ar\/wp-json\/wp\/v2\/comments?post=715"}],"wp:featuredmedia":[{"embeddable":true,"href":"https:\/\/saida-plants.com\/ar\/wp-json\/wp\/v2\/media\/716"}],"wp:attachment":[{"href":"https:\/\/saida-plants.com\/ar\/wp-json\/wp\/v2\/media?parent=715"}],"wp:term":[{"taxonomy":"product_cat","embeddable":true,"href":"https:\/\/saida-plants.com\/ar\/wp-json\/wp\/v2\/product_cat?post=715"},{"taxonomy":"product_tag","embeddable":true,"href":"https:\/\/saida-plants.com\/ar\/wp-json\/wp\/v2\/product_tag?post=715"}],"curies":[{"name":"wp","href":"https:\/\/api.w.org\/{rel}","templated":true}]}}