{"id":720,"date":"2021-08-13T00:22:14","date_gmt":"2021-08-13T00:22:14","guid":{"rendered":"https:\/\/saida-plants.com\/?post_type=product&#038;p=720"},"modified":"2022-09-12T21:59:02","modified_gmt":"2022-09-12T21:59:02","slug":"lentilles-rouges-corail-1kg-%d8%b9%d8%af%d8%b3-%d8%a8%d8%b1%d8%aa%d9%82%d8%a7%d9%84%d9%8a","status":"publish","type":"product","link":"https:\/\/saida-plants.com\/ar\/product\/lentilles-rouges-corail-1kg-%d8%b9%d8%af%d8%b3-%d8%a8%d8%b1%d8%aa%d9%82%d8%a7%d9%84%d9%8a\/","title":{"rendered":"Lentilles Rouges Corail 1kg (\u0639\u062f\u0633 \u0628\u0631\u062a\u0642\u0627\u0644\u064a)"},"content":{"rendered":"<h1><b>Lentilles Rouges Corail \u00a0Bienfaits<\/b><\/h1>\n<p>Riche en fer et en zinc, source d&rsquo;antioxydants et de fibres, limite l&rsquo;apparition de maladies cardio-vasculaires<\/p>\n<p>Aliments 100% <a href=\"https:\/\/saida-plants.com\/ar\/product\/graines-de-sesame-noir-250g-%d8%ac%d9%86%d8%ac%d9%84%d8%a7%d9%86-%d8%a3%d8%b3%d9%88%d8%af-%d8%b2%d9%86%d8%ac%d9%84%d8%a7%d9%86\/\">naturels<\/a>, ne contenant aucun conservateur ou ingr\u00e9dient chimique<\/p>\n<p>Les lentilles corail contient une\u00a0\u00a0valeur nutritive.\u00a0 ce l\u00e9gumes secs se caract\u00e9rise par une saveur exceptionnelle et des bienfaits indiscutables.<\/p>\n<h2><strong>Histoire, go\u00fbt et couleurs<\/strong><\/h2>\n<p>Lentilles Rouges Corail est une<a href=\"http:\/\/www.lentilles-corail.com\"><strong> l\u00e9gumineuse<\/strong><\/a> (ou l\u00e9gume sec). Elle est un des premiers l\u00e9gumes \u00e0 avoir \u00e9t\u00e9 cultiv\u00e9s par l\u2019homme, d\u00e8s la pr\u00e9histoire en Asie, sa culture s\u2019est ensuite rependue autour de la M\u00e9diterran\u00e9e. La lentille est m\u00eame cit\u00e9e \u00e0 plusieurs reprises dans la Bible et a \u00e9t\u00e9 \u00a0retrouv\u00e9e dans des tombeaux \u00e9gyptiens. Elle se d\u00e9cline en plusieurs couleurs formant un v\u00e9ritable arc-en-ciel : lentille rouge, lentille corail, lentille blonde, lentille brune, lentille verte. En France, nous mangeons principalement des lentilles vertes. Ailleurs dans le monde, la lentille corail\u00a0 et la lentille blonde sont les plus consomm\u00e9es. La lentille est un l\u00e9gume sec qui n\u2019a pas de saison pour pousser, vous pouvez la consommer toute l\u2019ann\u00e9e. \u00a0Aujourd\u2019hui les principaux pays producteurs sont le Canada et l\u2019Inde. La France produit aussi ses propres vari\u00e9t\u00e9s de lentille verte (lentille verte du Puy, lentille verte du Berry, lentille de Champagne).<\/p>\n<p>&nbsp;<\/p>\n<h3><b>Informations de livraison<\/b><\/h3>\n<ul>\n<li>Livraison assur\u00e9e par SaidaPlants, sous 24H \u00e0 Marrakech et sous 1 \u00e0 5 jours pour les autres villes du Maroc.<\/li>\n<li>Exp\u00e9dition pour les commandes \u00e0 l\u2019international sous 1 jour ouvr\u00e9. Les d\u00e9lais de livraison sont variables selon la destination et le mode de livraison choisi.<\/li>\n<\/ul>","protected":false},"excerpt":{"rendered":"<h1 style=\"text-align: center;\"><b>Lentilles Rouges Corail \u00a0Bienfaits<\/b><\/h1>\n<p style=\"text-align: center;\">Riche en fer et en zinc, source d&rsquo;antioxydants et de fibres, limite l&rsquo;apparition de maladies cardio-vasculaires<\/p>\n<p style=\"text-align: center;\">Aliments 100% <a href=\"https:\/\/saida-plants.com\/ar\/product\/graines-de-sesame-noir-250g-%d8%ac%d9%86%d8%ac%d9%84%d8%a7%d9%86-%d8%a3%d8%b3%d9%88%d8%af-%d8%b2%d9%86%d8%ac%d9%84%d8%a7%d9%86\/\">naturels<\/a>, ne contenant aucun conservateur ou ingr\u00e9dient chimique<\/p>\n<p style=\"text-align: center;\">Les lentilles corail contient une\u00a0\u00a0valeur nutritive.\u00a0 ce l\u00e9gumes secs se caract\u00e9rise par une saveur exceptionnelle et des bienfaits indiscutables.<\/p>\n<h2 style=\"text-align: center;\"><\/h2>","protected":false},"featured_media":721,"comment_status":"open","ping_status":"closed","template":"","meta":[],"product_cat":[15,71],"product_tag":[],"class_list":["post-720","product","type-product","status-publish","has-post-thumbnail","hentry","product_cat-grain-sans-glutain","product_cat-epices-et-herbes"],"yoast_head":"<!-- This site is optimized with the Yoast SEO plugin v19.13 - https:\/\/yoast.com\/wordpress\/plugins\/seo\/ -->\n<title>Lentilles Rouges Corail 1kg (\u0639\u062f\u0633 \u0628\u0631\u062a\u0642\u0627\u0644\u064a) - SaidaPlants<\/title>\n<meta name=\"description\" content=\"Lentilles Rouges Corail - Nous faisons de notre mieux pour nos clients Obtenez le produit parfait et bio 100% fabriqu\u00e9 \u00e0 partir de la nature.\" \/>\n<meta name=\"robots\" content=\"index, follow, max-snippet:-1, max-image-preview:large, max-video-preview:-1\" \/>\n<link rel=\"canonical\" href=\"https:\/\/saida-plants.com\/ar\/product\/lentilles-rouges-corail-1kg-\u0639\u062f\u0633-\u0628\u0631\u062a\u0642\u0627\u0644\u064a\/\" \/>\n<meta property=\"og:locale\" content=\"ar_AR\" \/>\n<meta property=\"og:type\" content=\"article\" \/>\n<meta property=\"og:title\" content=\"Lentilles Rouges Corail 1kg (\u0639\u062f\u0633 \u0628\u0631\u062a\u0642\u0627\u0644\u064a) - SaidaPlants\" \/>\n<meta property=\"og:description\" content=\"Lentilles Rouges Corail - Nous faisons de notre mieux pour nos clients Obtenez le produit parfait et bio 100% fabriqu\u00e9 \u00e0 partir de la nature.\" \/>\n<meta property=\"og:url\" content=\"https:\/\/saida-plants.com\/ar\/product\/lentilles-rouges-corail-1kg-\u0639\u062f\u0633-\u0628\u0631\u062a\u0642\u0627\u0644\u064a\/\" \/>\n<meta property=\"og:site_name\" content=\"SaidaPlants\" \/>\n<meta property=\"article:publisher\" content=\"https:\/\/www.facebook.com\/SaidaPlants\" \/>\n<meta property=\"article:modified_time\" content=\"2022-09-12T21:59:02+00:00\" \/>\n<meta property=\"og:image\" content=\"https:\/\/saida-plants.com\/wp-content\/uploads\/2021\/08\/8-1400x788.png\" \/>\n\t<meta property=\"og:image:width\" content=\"1400\" \/>\n\t<meta property=\"og:image:height\" content=\"788\" \/>\n\t<meta property=\"og:image:type\" content=\"image\/png\" \/>\n<meta name=\"twitter:card\" content=\"summary_large_image\" \/>\n<meta name=\"twitter:label1\" content=\"\u0648\u0642\u062a \u0627\u0644\u0642\u0631\u0627\u0621\u0629 \u0627\u0644\u0645\u064f\u0642\u062f\u0651\u0631\" \/>\n\t<meta name=\"twitter:data1\" content=\"\u062f\u0642\u064a\u0642\u062a\u0627\u0646\" \/>\n<script type=\"application\/ld+json\" class=\"yoast-schema-graph\">{\"@context\":\"https:\/\/schema.org\",\"@graph\":[{\"@type\":\"WebPage\",\"@id\":\"https:\/\/saida-plants.com\/product\/lentilles-rouges-corail-1kg-%d8%b9%d8%af%d8%b3-%d8%a8%d8%b1%d8%aa%d9%82%d8%a7%d9%84%d9%8a\/\",\"url\":\"https:\/\/saida-plants.com\/product\/lentilles-rouges-corail-1kg-%d8%b9%d8%af%d8%b3-%d8%a8%d8%b1%d8%aa%d9%82%d8%a7%d9%84%d9%8a\/\",\"name\":\"Lentilles Rouges Corail 1kg (\u0639\u062f\u0633 \u0628\u0631\u062a\u0642\u0627\u0644\u064a) - SaidaPlants\",\"isPartOf\":{\"@id\":\"https:\/\/saida-plants.com\/#website\"},\"datePublished\":\"2021-08-13T00:22:14+00:00\",\"dateModified\":\"2022-09-12T21:59:02+00:00\",\"description\":\"Lentilles Rouges Corail - Nous faisons de notre mieux pour nos clients Obtenez le produit parfait et bio 100% fabriqu\u00e9 \u00e0 partir de la nature.\",\"breadcrumb\":{\"@id\":\"https:\/\/saida-plants.com\/product\/lentilles-rouges-corail-1kg-%d8%b9%d8%af%d8%b3-%d8%a8%d8%b1%d8%aa%d9%82%d8%a7%d9%84%d9%8a\/#breadcrumb\"},\"inLanguage\":\"ar\",\"potentialAction\":[{\"@type\":\"ReadAction\",\"target\":[\"https:\/\/saida-plants.com\/product\/lentilles-rouges-corail-1kg-%d8%b9%d8%af%d8%b3-%d8%a8%d8%b1%d8%aa%d9%82%d8%a7%d9%84%d9%8a\/\"]}]},{\"@type\":\"BreadcrumbList\",\"@id\":\"https:\/\/saida-plants.com\/product\/lentilles-rouges-corail-1kg-%d8%b9%d8%af%d8%b3-%d8%a8%d8%b1%d8%aa%d9%82%d8%a7%d9%84%d9%8a\/#breadcrumb\",\"itemListElement\":[{\"@type\":\"ListItem\",\"position\":1,\"name\":\"Home\",\"item\":\"https:\/\/saida-plants.com\/\"},{\"@type\":\"ListItem\",\"position\":2,\"name\":\"Shop\",\"item\":\"https:\/\/saida-plants.com\/ar\/shop\/\"},{\"@type\":\"ListItem\",\"position\":3,\"name\":\"Lentilles Rouges Corail 1kg (\u0639\u062f\u0633 \u0628\u0631\u062a\u0642\u0627\u0644\u064a)\"}]},{\"@type\":\"WebSite\",\"@id\":\"https:\/\/saida-plants.com\/#website\",\"url\":\"https:\/\/saida-plants.com\/\",\"name\":\"SaidaPlants\",\"description\":\"1er Boutique En ligne Produit 100% Bio\",\"publisher\":{\"@id\":\"https:\/\/saida-plants.com\/#organization\"},\"potentialAction\":[{\"@type\":\"SearchAction\",\"target\":{\"@type\":\"EntryPoint\",\"urlTemplate\":\"https:\/\/saida-plants.com\/?s={search_term_string}\"},\"query-input\":\"required name=search_term_string\"}],\"inLanguage\":\"ar\"},{\"@type\":\"Organization\",\"@id\":\"https:\/\/saida-plants.com\/#organization\",\"name\":\"SaidaPlants\",\"url\":\"https:\/\/saida-plants.com\/\",\"logo\":{\"@type\":\"ImageObject\",\"inLanguage\":\"ar\",\"@id\":\"https:\/\/saida-plants.com\/#\/schema\/logo\/image\/\",\"url\":\"https:\/\/saida-plants.com\/wp-content\/uploads\/2021\/08\/WhatsApp-Image-2021-08-11-at-17.44.40.jpeg\",\"contentUrl\":\"https:\/\/saida-plants.com\/wp-content\/uploads\/2021\/08\/WhatsApp-Image-2021-08-11-at-17.44.40.jpeg\",\"width\":1280,\"height\":463,\"caption\":\"SaidaPlants\"},\"image\":{\"@id\":\"https:\/\/saida-plants.com\/#\/schema\/logo\/image\/\"},\"sameAs\":[\"https:\/\/www.instagram.com\/saidaplants\/\",\"https:\/\/www.facebook.com\/SaidaPlants\"]}]}<\/script>\n<!-- \/ Yoast SEO plugin. -->","yoast_head_json":{"title":"Lentilles Rouges Corail 1kg (\u0639\u062f\u0633 \u0628\u0631\u062a\u0642\u0627\u0644\u064a) - SaidaPlants","description":"Lentilles Rouges Corail - Nous faisons de notre mieux pour nos clients Obtenez le produit parfait et bio 100% fabriqu\u00e9 \u00e0 partir de la nature.","robots":{"index":"index","follow":"follow","max-snippet":"max-snippet:-1","max-image-preview":"max-image-preview:large","max-video-preview":"max-video-preview:-1"},"canonical":"https:\/\/saida-plants.com\/ar\/product\/lentilles-rouges-corail-1kg-\u0639\u062f\u0633-\u0628\u0631\u062a\u0642\u0627\u0644\u064a\/","og_locale":"ar_AR","og_type":"article","og_title":"Lentilles Rouges Corail 1kg (\u0639\u062f\u0633 \u0628\u0631\u062a\u0642\u0627\u0644\u064a) - SaidaPlants","og_description":"Lentilles Rouges Corail - Nous faisons de notre mieux pour nos clients Obtenez le produit parfait et bio 100% fabriqu\u00e9 \u00e0 partir de la nature.","og_url":"https:\/\/saida-plants.com\/ar\/product\/lentilles-rouges-corail-1kg-\u0639\u062f\u0633-\u0628\u0631\u062a\u0642\u0627\u0644\u064a\/","og_site_name":"SaidaPlants","article_publisher":"https:\/\/www.facebook.com\/SaidaPlants","article_modified_time":"2022-09-12T21:59:02+00:00","og_image":[{"width":1400,"height":788,"url":"https:\/\/saida-plants.com\/wp-content\/uploads\/2021\/08\/8-1400x788.png","type":"image\/png"}],"twitter_card":"summary_large_image","twitter_misc":{"\u0648\u0642\u062a \u0627\u0644\u0642\u0631\u0627\u0621\u0629 \u0627\u0644\u0645\u064f\u0642\u062f\u0651\u0631":"\u062f\u0642\u064a\u0642\u062a\u0627\u0646"},"schema":{"@context":"https:\/\/schema.org","@graph":[{"@type":"WebPage","@id":"https:\/\/saida-plants.com\/product\/lentilles-rouges-corail-1kg-%d8%b9%d8%af%d8%b3-%d8%a8%d8%b1%d8%aa%d9%82%d8%a7%d9%84%d9%8a\/","url":"https:\/\/saida-plants.com\/product\/lentilles-rouges-corail-1kg-%d8%b9%d8%af%d8%b3-%d8%a8%d8%b1%d8%aa%d9%82%d8%a7%d9%84%d9%8a\/","name":"Lentilles Rouges Corail 1kg (\u0639\u062f\u0633 \u0628\u0631\u062a\u0642\u0627\u0644\u064a) - SaidaPlants","isPartOf":{"@id":"https:\/\/saida-plants.com\/#website"},"datePublished":"2021-08-13T00:22:14+00:00","dateModified":"2022-09-12T21:59:02+00:00","description":"Lentilles Rouges Corail - Nous faisons de notre mieux pour nos clients Obtenez le produit parfait et bio 100% fabriqu\u00e9 \u00e0 partir de la nature.","breadcrumb":{"@id":"https:\/\/saida-plants.com\/product\/lentilles-rouges-corail-1kg-%d8%b9%d8%af%d8%b3-%d8%a8%d8%b1%d8%aa%d9%82%d8%a7%d9%84%d9%8a\/#breadcrumb"},"inLanguage":"ar","potentialAction":[{"@type":"ReadAction","target":["https:\/\/saida-plants.com\/product\/lentilles-rouges-corail-1kg-%d8%b9%d8%af%d8%b3-%d8%a8%d8%b1%d8%aa%d9%82%d8%a7%d9%84%d9%8a\/"]}]},{"@type":"BreadcrumbList","@id":"https:\/\/saida-plants.com\/product\/lentilles-rouges-corail-1kg-%d8%b9%d8%af%d8%b3-%d8%a8%d8%b1%d8%aa%d9%82%d8%a7%d9%84%d9%8a\/#breadcrumb","itemListElement":[{"@type":"ListItem","position":1,"name":"Home","item":"https:\/\/saida-plants.com\/"},{"@type":"ListItem","position":2,"name":"Shop","item":"https:\/\/saida-plants.com\/ar\/shop\/"},{"@type":"ListItem","position":3,"name":"Lentilles Rouges Corail 1kg (\u0639\u062f\u0633 \u0628\u0631\u062a\u0642\u0627\u0644\u064a)"}]},{"@type":"WebSite","@id":"https:\/\/saida-plants.com\/#website","url":"https:\/\/saida-plants.com\/","name":"SaidaPlants","description":"1er Boutique En ligne Produit 100% Bio","publisher":{"@id":"https:\/\/saida-plants.com\/#organization"},"potentialAction":[{"@type":"SearchAction","target":{"@type":"EntryPoint","urlTemplate":"https:\/\/saida-plants.com\/?s={search_term_string}"},"query-input":"required name=search_term_string"}],"inLanguage":"ar"},{"@type":"Organization","@id":"https:\/\/saida-plants.com\/#organization","name":"SaidaPlants","url":"https:\/\/saida-plants.com\/","logo":{"@type":"ImageObject","inLanguage":"ar","@id":"https:\/\/saida-plants.com\/#\/schema\/logo\/image\/","url":"https:\/\/saida-plants.com\/wp-content\/uploads\/2021\/08\/WhatsApp-Image-2021-08-11-at-17.44.40.jpeg","contentUrl":"https:\/\/saida-plants.com\/wp-content\/uploads\/2021\/08\/WhatsApp-Image-2021-08-11-at-17.44.40.jpeg","width":1280,"height":463,"caption":"SaidaPlants"},"image":{"@id":"https:\/\/saida-plants.com\/#\/schema\/logo\/image\/"},"sameAs":["https:\/\/www.instagram.com\/saidaplants\/","https:\/\/www.facebook.com\/SaidaPlants"]}]}},"_links":{"self":[{"href":"https:\/\/saida-plants.com\/ar\/wp-json\/wp\/v2\/product\/720"}],"collection":[{"href":"https:\/\/saida-plants.com\/ar\/wp-json\/wp\/v2\/product"}],"about":[{"href":"https:\/\/saida-plants.com\/ar\/wp-json\/wp\/v2\/types\/product"}],"replies":[{"embeddable":true,"href":"https:\/\/saida-plants.com\/ar\/wp-json\/wp\/v2\/comments?post=720"}],"wp:featuredmedia":[{"embeddable":true,"href":"https:\/\/saida-plants.com\/ar\/wp-json\/wp\/v2\/media\/721"}],"wp:attachment":[{"href":"https:\/\/saida-plants.com\/ar\/wp-json\/wp\/v2\/media?parent=720"}],"wp:term":[{"taxonomy":"product_cat","embeddable":true,"href":"https:\/\/saida-plants.com\/ar\/wp-json\/wp\/v2\/product_cat?post=720"},{"taxonomy":"product_tag","embeddable":true,"href":"https:\/\/saida-plants.com\/ar\/wp-json\/wp\/v2\/product_tag?post=720"}],"curies":[{"name":"wp","href":"https:\/\/api.w.org\/{rel}","templated":true}]}}