{"id":727,"date":"2021-09-10T15:10:30","date_gmt":"2021-09-10T15:10:30","guid":{"rendered":"https:\/\/saida-plants.com\/?post_type=product&#038;p=727"},"modified":"2024-11-08T10:30:56","modified_gmt":"2024-11-08T10:30:56","slug":"graines-de-sesame-blanc-100g-%d8%ac%d9%86%d8%ac%d9%84%d8%a7%d9%86-%d8%a3%d8%a8%d9%8a%d8%b6-%d8%b2%d9%86%d8%ac%d9%84%d8%a7%d9%86","status":"publish","type":"product","link":"https:\/\/saida-plants.com\/ar\/product\/graines-de-sesame-blanc-100g-%d8%ac%d9%86%d8%ac%d9%84%d8%a7%d9%86-%d8%a3%d8%a8%d9%8a%d8%b6-%d8%b2%d9%86%d8%ac%d9%84%d8%a7%d9%86\/","title":{"rendered":"Graines de s\u00e9same blanc 100g ( \u062c\u0646\u062c\u0644\u0627\u0646 \u0623\u0628\u064a\u0636 &#8211; \u0632\u0646\u062c\u0644\u0627\u0646)"},"content":{"rendered":"<h1><b>LES BIENFAITS Graines de s\u00e9same blanc 100g<\/b><\/h1>\n<p>Aliments 100% naturels, ne contenant aucun conservateur ou ingr\u00e9dient chimique<\/p>\n<p>Un v\u00e9ritable tr\u00e9sor nutritionnel aux multiples propri\u00e9t\u00e9s sur fond de saveur noisette\u00a0! Tr\u00e8s riche en fibres, le s\u00e9same fait partie des superaliments.<\/p>\n<p>Le <a href=\"https:\/\/sante.journaldesfemmes.fr\/fiches-sante-du-quotidien\/2652749-sesame-bienfaits-pour-la-sante-infos-nutritionnelles-calories\/\">s\u00e9same<\/a> fait imm\u00e9diatement penser au pain. Vous pourrez l&rsquo;utiliser sans mod\u00e9ration pour r\u00e9aliser\u00a0vos pains maison.<\/p>\n<p>Tout comme les\u00a0graines de chia, leur saveur peu envahissante, et se teinte de notes de noisette qui sont plus prononc\u00e9es dans sa version dor\u00e9e. On l&rsquo;utilise principalement pour sa texture et son croquant qui pla\u00eet \u00e9norm\u00e9ment.<\/p>\n<h2><b>LE S\u00c9SAME BLANC ET LA SANT\u00c9<\/b><\/h2>\n<p>Graines de s\u00e9same blanc, sous toutes ses formes (en graines, en huile, en pur\u00e9e) est d&rsquo;une incroyable richesse nutritionnelle.<\/p>\n<p>C&rsquo;est une des denr\u00e9es culinaires les plus riches en min\u00e9raux. Le s\u00e9same est consid\u00e9r\u00e9 comme une excellente source de calcium, de phosphore, de magn\u00e9sium, de fer, de zinc, de mangan\u00e8se, de cuivre, de vitamine B1 et de vitamine B6\u00a0!<\/p>\n<h3><b>Informations de livraison<\/b><\/h3>\n<ul>\n<li>Livraison assur\u00e9e par <a href=\"https:\/\/saida-plants.com\/ar\/\">SaidaPlants<\/a>, sous 24H \u00e0 Marrakech et sous 1 \u00e0 5 jours pour les autres villes du Maroc.<\/li>\n<li>Exp\u00e9dition pour les commandes \u00e0 l\u2019international sous 1 jour ouvr\u00e9. Les d\u00e9lais de livraison sont variables selon la destination et le mode de livraison choisi.<\/li>\n<\/ul>","protected":false},"excerpt":{"rendered":"<h1 style=\"text-align: center;\"><b>LES BIENFAITS Graines de s\u00e9same blanc 100g<\/b><\/h1>\n<p style=\"text-align: center;\">Aliments 100% naturels, ne contenant aucun conservateur ou ingr\u00e9dient chimique<\/p>\n<p style=\"text-align: center;\">Un v\u00e9ritable tr\u00e9sor nutritionnel aux multiples propri\u00e9t\u00e9s sur fond de saveur noisette\u00a0! Tr\u00e8s riche en fibres, le s\u00e9same fait partie des superaliments.<\/p>\n<p style=\"text-align: center;\">Le s\u00e9same fait imm\u00e9diatement penser au pain. Vous pourrez l&rsquo;utiliser sans mod\u00e9ration pour r\u00e9aliser\u00a0vos pains maison.<\/p>\n<p style=\"text-align: center;\">Tout comme les\u00a0graines de chia, leur saveur peu envahissante, et se teinte de notes de noisette qui sont plus prononc\u00e9es dans sa version dor\u00e9e. On l&rsquo;utilise principalement pour sa texture et son croquant qui pla\u00eet \u00e9norm\u00e9ment.<\/p>","protected":false},"featured_media":910,"comment_status":"open","ping_status":"closed","template":"","meta":[],"product_cat":[15],"product_tag":[],"class_list":["post-727","product","type-product","status-publish","has-post-thumbnail","hentry","product_cat-grain-sans-glutain"],"yoast_head":"<!-- This site is optimized with the Yoast SEO plugin v19.13 - https:\/\/yoast.com\/wordpress\/plugins\/seo\/ -->\n<title>Graines de s\u00e9same blanc 100g ( \u062c\u0646\u062c\u0644\u0627\u0646 \u0623\u0628\u064a\u0636 - \u0632\u0646\u062c\u0644\u0627\u0646) - SaidaPlants<\/title>\n<meta name=\"description\" content=\"Graines de s\u00e9same blanc - Nous faisons de notre mieux pour nos clients Obtenez le produit parfait et bio 100% fabriqu\u00e9 \u00e0 partir de la nature.\" \/>\n<meta name=\"robots\" content=\"index, follow, max-snippet:-1, max-image-preview:large, max-video-preview:-1\" \/>\n<link rel=\"canonical\" href=\"https:\/\/saida-plants.com\/ar\/product\/graines-de-sesame-blanc-100g-\u062c\u0646\u062c\u0644\u0627\u0646-\u0623\u0628\u064a\u0636-\u0632\u0646\u062c\u0644\u0627\u0646\/\" \/>\n<meta property=\"og:locale\" content=\"ar_AR\" \/>\n<meta property=\"og:type\" content=\"article\" \/>\n<meta property=\"og:title\" content=\"Graines de s\u00e9same blanc 100g ( \u062c\u0646\u062c\u0644\u0627\u0646 \u0623\u0628\u064a\u0636 - \u0632\u0646\u062c\u0644\u0627\u0646) - SaidaPlants\" \/>\n<meta property=\"og:description\" content=\"Graines de s\u00e9same blanc - Nous faisons de notre mieux pour nos clients Obtenez le produit parfait et bio 100% fabriqu\u00e9 \u00e0 partir de la nature.\" \/>\n<meta property=\"og:url\" content=\"https:\/\/saida-plants.com\/ar\/product\/graines-de-sesame-blanc-100g-\u062c\u0646\u062c\u0644\u0627\u0646-\u0623\u0628\u064a\u0636-\u0632\u0646\u062c\u0644\u0627\u0646\/\" \/>\n<meta property=\"og:site_name\" content=\"SaidaPlants\" \/>\n<meta property=\"article:publisher\" content=\"https:\/\/www.facebook.com\/SaidaPlants\" \/>\n<meta property=\"article:modified_time\" content=\"2024-11-08T10:30:56+00:00\" \/>\n<meta property=\"og:image\" content=\"https:\/\/saida-plants.com\/wp-content\/uploads\/2021\/09\/sdc.jpg\" \/>\n\t<meta property=\"og:image:width\" content=\"255\" \/>\n\t<meta property=\"og:image:height\" content=\"340\" \/>\n\t<meta property=\"og:image:type\" content=\"image\/jpeg\" \/>\n<meta name=\"twitter:card\" content=\"summary_large_image\" \/>\n<meta name=\"twitter:label1\" content=\"\u0648\u0642\u062a \u0627\u0644\u0642\u0631\u0627\u0621\u0629 \u0627\u0644\u0645\u064f\u0642\u062f\u0651\u0631\" \/>\n\t<meta name=\"twitter:data1\" content=\"\u062f\u0642\u064a\u0642\u0629 \u0648\u0627\u062d\u062f\u0629\" \/>\n<script type=\"application\/ld+json\" class=\"yoast-schema-graph\">{\"@context\":\"https:\/\/schema.org\",\"@graph\":[{\"@type\":\"WebPage\",\"@id\":\"https:\/\/saida-plants.com\/product\/graines-de-sesame-blanc-100g-%d8%ac%d9%86%d8%ac%d9%84%d8%a7%d9%86-%d8%a3%d8%a8%d9%8a%d8%b6-%d8%b2%d9%86%d8%ac%d9%84%d8%a7%d9%86\/\",\"url\":\"https:\/\/saida-plants.com\/product\/graines-de-sesame-blanc-100g-%d8%ac%d9%86%d8%ac%d9%84%d8%a7%d9%86-%d8%a3%d8%a8%d9%8a%d8%b6-%d8%b2%d9%86%d8%ac%d9%84%d8%a7%d9%86\/\",\"name\":\"Graines de s\u00e9same blanc 100g ( \u062c\u0646\u062c\u0644\u0627\u0646 \u0623\u0628\u064a\u0636 - \u0632\u0646\u062c\u0644\u0627\u0646) - SaidaPlants\",\"isPartOf\":{\"@id\":\"https:\/\/saida-plants.com\/#website\"},\"datePublished\":\"2021-09-10T15:10:30+00:00\",\"dateModified\":\"2024-11-08T10:30:56+00:00\",\"description\":\"Graines de s\u00e9same blanc - Nous faisons de notre mieux pour nos clients Obtenez le produit parfait et bio 100% fabriqu\u00e9 \u00e0 partir de la nature.\",\"breadcrumb\":{\"@id\":\"https:\/\/saida-plants.com\/product\/graines-de-sesame-blanc-100g-%d8%ac%d9%86%d8%ac%d9%84%d8%a7%d9%86-%d8%a3%d8%a8%d9%8a%d8%b6-%d8%b2%d9%86%d8%ac%d9%84%d8%a7%d9%86\/#breadcrumb\"},\"inLanguage\":\"ar\",\"potentialAction\":[{\"@type\":\"ReadAction\",\"target\":[\"https:\/\/saida-plants.com\/product\/graines-de-sesame-blanc-100g-%d8%ac%d9%86%d8%ac%d9%84%d8%a7%d9%86-%d8%a3%d8%a8%d9%8a%d8%b6-%d8%b2%d9%86%d8%ac%d9%84%d8%a7%d9%86\/\"]}]},{\"@type\":\"BreadcrumbList\",\"@id\":\"https:\/\/saida-plants.com\/product\/graines-de-sesame-blanc-100g-%d8%ac%d9%86%d8%ac%d9%84%d8%a7%d9%86-%d8%a3%d8%a8%d9%8a%d8%b6-%d8%b2%d9%86%d8%ac%d9%84%d8%a7%d9%86\/#breadcrumb\",\"itemListElement\":[{\"@type\":\"ListItem\",\"position\":1,\"name\":\"Home\",\"item\":\"https:\/\/saida-plants.com\/\"},{\"@type\":\"ListItem\",\"position\":2,\"name\":\"Shop\",\"item\":\"https:\/\/saida-plants.com\/ar\/shop\/\"},{\"@type\":\"ListItem\",\"position\":3,\"name\":\"Graines de s\u00e9same blanc 100g ( \u062c\u0646\u062c\u0644\u0627\u0646 \u0623\u0628\u064a\u0636 &#8211; \u0632\u0646\u062c\u0644\u0627\u0646)\"}]},{\"@type\":\"WebSite\",\"@id\":\"https:\/\/saida-plants.com\/#website\",\"url\":\"https:\/\/saida-plants.com\/\",\"name\":\"SaidaPlants\",\"description\":\"1er Boutique En ligne Produit 100% Bio\",\"publisher\":{\"@id\":\"https:\/\/saida-plants.com\/#organization\"},\"potentialAction\":[{\"@type\":\"SearchAction\",\"target\":{\"@type\":\"EntryPoint\",\"urlTemplate\":\"https:\/\/saida-plants.com\/?s={search_term_string}\"},\"query-input\":\"required name=search_term_string\"}],\"inLanguage\":\"ar\"},{\"@type\":\"Organization\",\"@id\":\"https:\/\/saida-plants.com\/#organization\",\"name\":\"SaidaPlants\",\"url\":\"https:\/\/saida-plants.com\/\",\"logo\":{\"@type\":\"ImageObject\",\"inLanguage\":\"ar\",\"@id\":\"https:\/\/saida-plants.com\/#\/schema\/logo\/image\/\",\"url\":\"https:\/\/saida-plants.com\/wp-content\/uploads\/2021\/08\/WhatsApp-Image-2021-08-11-at-17.44.40.jpeg\",\"contentUrl\":\"https:\/\/saida-plants.com\/wp-content\/uploads\/2021\/08\/WhatsApp-Image-2021-08-11-at-17.44.40.jpeg\",\"width\":1280,\"height\":463,\"caption\":\"SaidaPlants\"},\"image\":{\"@id\":\"https:\/\/saida-plants.com\/#\/schema\/logo\/image\/\"},\"sameAs\":[\"https:\/\/www.instagram.com\/saidaplants\/\",\"https:\/\/www.facebook.com\/SaidaPlants\"]}]}<\/script>\n<!-- \/ Yoast SEO plugin. -->","yoast_head_json":{"title":"Graines de s\u00e9same blanc 100g ( \u062c\u0646\u062c\u0644\u0627\u0646 \u0623\u0628\u064a\u0636 - \u0632\u0646\u062c\u0644\u0627\u0646) - SaidaPlants","description":"Graines de s\u00e9same blanc - Nous faisons de notre mieux pour nos clients Obtenez le produit parfait et bio 100% fabriqu\u00e9 \u00e0 partir de la nature.","robots":{"index":"index","follow":"follow","max-snippet":"max-snippet:-1","max-image-preview":"max-image-preview:large","max-video-preview":"max-video-preview:-1"},"canonical":"https:\/\/saida-plants.com\/ar\/product\/graines-de-sesame-blanc-100g-\u062c\u0646\u062c\u0644\u0627\u0646-\u0623\u0628\u064a\u0636-\u0632\u0646\u062c\u0644\u0627\u0646\/","og_locale":"ar_AR","og_type":"article","og_title":"Graines de s\u00e9same blanc 100g ( \u062c\u0646\u062c\u0644\u0627\u0646 \u0623\u0628\u064a\u0636 - \u0632\u0646\u062c\u0644\u0627\u0646) - SaidaPlants","og_description":"Graines de s\u00e9same blanc - Nous faisons de notre mieux pour nos clients Obtenez le produit parfait et bio 100% fabriqu\u00e9 \u00e0 partir de la nature.","og_url":"https:\/\/saida-plants.com\/ar\/product\/graines-de-sesame-blanc-100g-\u062c\u0646\u062c\u0644\u0627\u0646-\u0623\u0628\u064a\u0636-\u0632\u0646\u062c\u0644\u0627\u0646\/","og_site_name":"SaidaPlants","article_publisher":"https:\/\/www.facebook.com\/SaidaPlants","article_modified_time":"2024-11-08T10:30:56+00:00","og_image":[{"width":255,"height":340,"url":"https:\/\/saida-plants.com\/wp-content\/uploads\/2021\/09\/sdc.jpg","type":"image\/jpeg"}],"twitter_card":"summary_large_image","twitter_misc":{"\u0648\u0642\u062a \u0627\u0644\u0642\u0631\u0627\u0621\u0629 \u0627\u0644\u0645\u064f\u0642\u062f\u0651\u0631":"\u062f\u0642\u064a\u0642\u0629 \u0648\u0627\u062d\u062f\u0629"},"schema":{"@context":"https:\/\/schema.org","@graph":[{"@type":"WebPage","@id":"https:\/\/saida-plants.com\/product\/graines-de-sesame-blanc-100g-%d8%ac%d9%86%d8%ac%d9%84%d8%a7%d9%86-%d8%a3%d8%a8%d9%8a%d8%b6-%d8%b2%d9%86%d8%ac%d9%84%d8%a7%d9%86\/","url":"https:\/\/saida-plants.com\/product\/graines-de-sesame-blanc-100g-%d8%ac%d9%86%d8%ac%d9%84%d8%a7%d9%86-%d8%a3%d8%a8%d9%8a%d8%b6-%d8%b2%d9%86%d8%ac%d9%84%d8%a7%d9%86\/","name":"Graines de s\u00e9same blanc 100g ( \u062c\u0646\u062c\u0644\u0627\u0646 \u0623\u0628\u064a\u0636 - \u0632\u0646\u062c\u0644\u0627\u0646) - SaidaPlants","isPartOf":{"@id":"https:\/\/saida-plants.com\/#website"},"datePublished":"2021-09-10T15:10:30+00:00","dateModified":"2024-11-08T10:30:56+00:00","description":"Graines de s\u00e9same blanc - Nous faisons de notre mieux pour nos clients Obtenez le produit parfait et bio 100% fabriqu\u00e9 \u00e0 partir de la nature.","breadcrumb":{"@id":"https:\/\/saida-plants.com\/product\/graines-de-sesame-blanc-100g-%d8%ac%d9%86%d8%ac%d9%84%d8%a7%d9%86-%d8%a3%d8%a8%d9%8a%d8%b6-%d8%b2%d9%86%d8%ac%d9%84%d8%a7%d9%86\/#breadcrumb"},"inLanguage":"ar","potentialAction":[{"@type":"ReadAction","target":["https:\/\/saida-plants.com\/product\/graines-de-sesame-blanc-100g-%d8%ac%d9%86%d8%ac%d9%84%d8%a7%d9%86-%d8%a3%d8%a8%d9%8a%d8%b6-%d8%b2%d9%86%d8%ac%d9%84%d8%a7%d9%86\/"]}]},{"@type":"BreadcrumbList","@id":"https:\/\/saida-plants.com\/product\/graines-de-sesame-blanc-100g-%d8%ac%d9%86%d8%ac%d9%84%d8%a7%d9%86-%d8%a3%d8%a8%d9%8a%d8%b6-%d8%b2%d9%86%d8%ac%d9%84%d8%a7%d9%86\/#breadcrumb","itemListElement":[{"@type":"ListItem","position":1,"name":"Home","item":"https:\/\/saida-plants.com\/"},{"@type":"ListItem","position":2,"name":"Shop","item":"https:\/\/saida-plants.com\/ar\/shop\/"},{"@type":"ListItem","position":3,"name":"Graines de s\u00e9same blanc 100g ( \u062c\u0646\u062c\u0644\u0627\u0646 \u0623\u0628\u064a\u0636 &#8211; \u0632\u0646\u062c\u0644\u0627\u0646)"}]},{"@type":"WebSite","@id":"https:\/\/saida-plants.com\/#website","url":"https:\/\/saida-plants.com\/","name":"SaidaPlants","description":"1er Boutique En ligne Produit 100% Bio","publisher":{"@id":"https:\/\/saida-plants.com\/#organization"},"potentialAction":[{"@type":"SearchAction","target":{"@type":"EntryPoint","urlTemplate":"https:\/\/saida-plants.com\/?s={search_term_string}"},"query-input":"required name=search_term_string"}],"inLanguage":"ar"},{"@type":"Organization","@id":"https:\/\/saida-plants.com\/#organization","name":"SaidaPlants","url":"https:\/\/saida-plants.com\/","logo":{"@type":"ImageObject","inLanguage":"ar","@id":"https:\/\/saida-plants.com\/#\/schema\/logo\/image\/","url":"https:\/\/saida-plants.com\/wp-content\/uploads\/2021\/08\/WhatsApp-Image-2021-08-11-at-17.44.40.jpeg","contentUrl":"https:\/\/saida-plants.com\/wp-content\/uploads\/2021\/08\/WhatsApp-Image-2021-08-11-at-17.44.40.jpeg","width":1280,"height":463,"caption":"SaidaPlants"},"image":{"@id":"https:\/\/saida-plants.com\/#\/schema\/logo\/image\/"},"sameAs":["https:\/\/www.instagram.com\/saidaplants\/","https:\/\/www.facebook.com\/SaidaPlants"]}]}},"_links":{"self":[{"href":"https:\/\/saida-plants.com\/ar\/wp-json\/wp\/v2\/product\/727"}],"collection":[{"href":"https:\/\/saida-plants.com\/ar\/wp-json\/wp\/v2\/product"}],"about":[{"href":"https:\/\/saida-plants.com\/ar\/wp-json\/wp\/v2\/types\/product"}],"replies":[{"embeddable":true,"href":"https:\/\/saida-plants.com\/ar\/wp-json\/wp\/v2\/comments?post=727"}],"wp:featuredmedia":[{"embeddable":true,"href":"https:\/\/saida-plants.com\/ar\/wp-json\/wp\/v2\/media\/910"}],"wp:attachment":[{"href":"https:\/\/saida-plants.com\/ar\/wp-json\/wp\/v2\/media?parent=727"}],"wp:term":[{"taxonomy":"product_cat","embeddable":true,"href":"https:\/\/saida-plants.com\/ar\/wp-json\/wp\/v2\/product_cat?post=727"},{"taxonomy":"product_tag","embeddable":true,"href":"https:\/\/saida-plants.com\/ar\/wp-json\/wp\/v2\/product_tag?post=727"}],"curies":[{"name":"wp","href":"https:\/\/api.w.org\/{rel}","templated":true}]}}