{"id":728,"date":"2021-09-10T15:13:07","date_gmt":"2021-09-10T15:13:07","guid":{"rendered":"https:\/\/saida-plants.com\/?post_type=product&#038;p=728"},"modified":"2024-10-19T20:15:45","modified_gmt":"2024-10-19T20:15:45","slug":"cafe-vert-bio-regime%d9%82%d9%87%d9%88%d8%a9-%d8%ae%d8%b6%d8%b1%d8%a7%d8%a1","status":"publish","type":"product","link":"https:\/\/saida-plants.com\/ar\/product\/cafe-vert-bio-regime%d9%82%d9%87%d9%88%d8%a9-%d8%ae%d8%b6%d8%b1%d8%a7%d8%a1\/","title":{"rendered":"Caf\u00e9 Vert Bio (R\u00e9gime)(\u0642\u0647\u0648\u0629 \u062e\u0636\u0631\u0627\u0621)"},"content":{"rendered":"<h1><b>LES BIENFAITS DE\u00a0Caf\u00e9 Vert Bio 100g<\/b><\/h1>\n<p>Notre compl\u00e9ment alimentaire Caf\u00e9 vert est indiqu\u00e9 dans le contr\u00f4le du poids.<\/p>\n<p>Le brule graisse par excellence. Antioxydant puissant, pr\u00e9vient les calculs biliaires, garde une peau jeune, lutte contre le surpoids. Efficace contre le diab\u00e8te, il r\u00e9duit le mauvais cholest\u00e9rol, purifie le corps et r\u00e9duit l\u2019hypertension art\u00e9rielle.<\/p>\n<p>Aliments 100% naturels, ne contenant aucun conservateur ou ingr\u00e9dient chimique.<\/p>\n<h2><b>LE <a href=\"https:\/\/www.maxicoffee.com\/blog\/du-cafe-vert-pour-maigrir\/\">CAF\u00c9 VERT<\/a> MINCEUR :<\/b><\/h2>\n<p>Le caf\u00e9 vert pr\u00e9sente de nombreux avantages celui qui vient le plus souvent est la perte de poids.<\/p>\n<p>Ces graines non torr\u00e9fi\u00e9es, elles gardent le vert d&rsquo;origine, pas le noir.\u00a0Les graines n&rsquo;ayant subi aucun traitement, elles conservent tous les ingr\u00e9dients actifs, ce qui est diff\u00e9rent du caf\u00e9 lors de la consommation de caf\u00e9.<\/p>\n<p>Non torr\u00e9fi\u00e9es, elles gardent leur couleur verte originelle au lieu d\u2019\u00eatre noire.<\/p>\n<h3><b>UTILISATION ET POSOLOGIE DU CAF\u00c9 V\u00c9RT<\/b><\/h3>\n<p><strong>\u1d05\u1d0f\ua731\u1d00\u0262\u1d07<\/strong><b>:<\/b><\/p>\n<p>Boire le caf\u00e9 vert bio en d\u00e9coction \u00e0 raison de verser 7 grains dans 1 tasse d&rsquo;eau pendant la nuit et filtrer avant de boire.<\/p>\n<h3><b>\u029f\u1d07<\/b>\ua731<b> 9\u00a0BIENFAITS DU CAF\u00c9 V\u00c9RT<\/b><\/h3>\n<ul>\n<li>Consid\u00e9r\u00e9 comme un antioxydant fort pour pr\u00e9venir la venue d\u2019un cancer<\/li>\n<li>Garder une peau jeune plus longtemps(nila bleu)<\/li>\n<li>Permet de lutter contre le surpoids<\/li>\n<li>Efficace contre le diab\u00e8te(graines moringa)<\/li>\n<li>R\u00e9duit le mauvais cholest\u00e9rol(noix de macadamia)<\/li>\n<li>Un pouvoir diur\u00e9tique pour se purifier<\/li>\n<li>La caf\u00e9ine pour vous donner du tonus<\/li>\n<li>Est un fortifiant qui permet de lutter contre le stress et\u00a0la maladie d\u00e9g\u00e9n\u00e9rative(poudre de spiruline)<\/li>\n<li>En pr\u00e9vention contre les calculs biliaires<\/li>\n<li>Pour r\u00e9duire l\u2019hypertension art\u00e9rielle<\/li>\n<\/ul>\n<h3><b>COMPOSITION<\/b><\/h3>\n<p>Il est compos\u00e9 \u00e0 50% de <b>glucides<\/b>, suivis des <b>lipides<\/b> (plus ou moins 15%) et des <b>prot\u00e9ines<\/b> (environ 12%).<\/p>\n<p>De plus, la <b>caf\u00e9ine<\/b> est \u00e9galement pr\u00e9sente dans le caf\u00e9 vert, ce qui lui conf\u00e8re des attributs revigorants<\/p>\n<h3><b>CONTRE-INDICATIONS<\/b><\/h3>\n<p>La premi\u00e8re contre-indication du caf\u00e9 vert est bien s\u00fbr la forte teneur en caf\u00e9ine. Par cons\u00e9quent, si vous souffrez d&rsquo;hypertension art\u00e9rielle et de probl\u00e8mes de sommeil, vous devez \u00e9viter d&rsquo;utiliser ce produit.Mais aussi pour les femmes enceintes ou qui allaitent.<\/p>\n<p>&nbsp;<\/p>\n<h3><b>Informations de livraison<\/b><\/h3>\n<ul>\n<li>Livraison assur\u00e9e par <a href=\"https:\/\/saida-plants.com\/ar\/shop\/\">SaidaPlants<\/a>, sous 24H \u00e0 Marrakech et sous 1 \u00e0 5 jours pour les autres villes du Maroc.<\/li>\n<li>Exp\u00e9dition pour les commandes \u00e0 l\u2019international sous 1 jour ouvr\u00e9. Les d\u00e9lais de livraison sont variables selon la destination et le mode de livraison choisi.<\/li>\n<\/ul>","protected":false},"excerpt":{"rendered":"<h1 style=\"text-align: center;\"><b>LES BIENFAITS DE\u00a0Caf\u00e9 Vert Bio 100g<\/b><\/h1>\n<p style=\"text-align: center;\">Notre compl\u00e9ment alimentaire Caf\u00e9 vert est indiqu\u00e9 dans le contr\u00f4le du poids.<\/p>\n<p style=\"text-align: center;\">Le brule graisse par excellence. Antioxydant puissant, pr\u00e9vient les calculs biliaires, garde une peau jeune, lutte contre le surpoids. Efficace contre le diab\u00e8te, il r\u00e9duit le mauvais cholest\u00e9rol, purifie le corps et r\u00e9duit l\u2019hypertension art\u00e9rielle.<\/p>\n<p style=\"text-align: center;\">Aliments 100% naturels, ne contenant aucun conservateur ou ingr\u00e9dient chimique.<\/p>","protected":false},"featured_media":911,"comment_status":"open","ping_status":"closed","template":"","meta":[],"product_cat":[71],"product_tag":[],"class_list":["post-728","product","type-product","status-publish","has-post-thumbnail","hentry","product_cat-epices-et-herbes"],"yoast_head":"<!-- This site is optimized with the Yoast SEO plugin v19.13 - https:\/\/yoast.com\/wordpress\/plugins\/seo\/ -->\n<title>Caf\u00e9 Vert Bio (R\u00e9gime)(\u0642\u0647\u0648\u0629 \u062e\u0636\u0631\u0627\u0621) - SaidaPlants<\/title>\n<meta name=\"description\" content=\"Caf\u00e9 Vert Bio - Nous faisons de notre mieux pour nos clients Obtenez le produit parfait et bio 100% fabriqu\u00e9 \u00e0 partir de la nature.\" \/>\n<meta name=\"robots\" content=\"index, follow, max-snippet:-1, max-image-preview:large, max-video-preview:-1\" \/>\n<link rel=\"canonical\" href=\"https:\/\/saida-plants.com\/ar\/product\/cafe-vert-bio-regime\u0642\u0647\u0648\u0629-\u062e\u0636\u0631\u0627\u0621\/\" \/>\n<meta property=\"og:locale\" content=\"ar_AR\" \/>\n<meta property=\"og:type\" content=\"article\" \/>\n<meta property=\"og:title\" content=\"Caf\u00e9 Vert Bio (R\u00e9gime)(\u0642\u0647\u0648\u0629 \u062e\u0636\u0631\u0627\u0621) - SaidaPlants\" \/>\n<meta property=\"og:description\" content=\"Caf\u00e9 Vert Bio - Nous faisons de notre mieux pour nos clients Obtenez le produit parfait et bio 100% fabriqu\u00e9 \u00e0 partir de la nature.\" \/>\n<meta property=\"og:url\" content=\"https:\/\/saida-plants.com\/ar\/product\/cafe-vert-bio-regime\u0642\u0647\u0648\u0629-\u062e\u0636\u0631\u0627\u0621\/\" \/>\n<meta property=\"og:site_name\" content=\"SaidaPlants\" \/>\n<meta property=\"article:publisher\" content=\"https:\/\/www.facebook.com\/SaidaPlants\" \/>\n<meta property=\"article:modified_time\" content=\"2024-10-19T20:15:45+00:00\" \/>\n<meta property=\"og:image\" content=\"https:\/\/saida-plants.com\/wp-content\/uploads\/2021\/09\/coffee-geek-1iL0lUqRWDY-unsplash-scaled.jpg\" \/>\n\t<meta property=\"og:image:width\" content=\"2560\" \/>\n\t<meta property=\"og:image:height\" content=\"1440\" \/>\n\t<meta property=\"og:image:type\" content=\"image\/jpeg\" \/>\n<meta name=\"twitter:card\" content=\"summary_large_image\" \/>\n<meta name=\"twitter:label1\" content=\"\u0648\u0642\u062a \u0627\u0644\u0642\u0631\u0627\u0621\u0629 \u0627\u0644\u0645\u064f\u0642\u062f\u0651\u0631\" \/>\n\t<meta name=\"twitter:data1\" content=\"\u062f\u0642\u064a\u0642\u062a\u0627\u0646\" \/>\n<script type=\"application\/ld+json\" class=\"yoast-schema-graph\">{\"@context\":\"https:\/\/schema.org\",\"@graph\":[{\"@type\":\"WebPage\",\"@id\":\"https:\/\/saida-plants.com\/product\/cafe-vert-bio-regime%d9%82%d9%87%d9%88%d8%a9-%d8%ae%d8%b6%d8%b1%d8%a7%d8%a1\/\",\"url\":\"https:\/\/saida-plants.com\/product\/cafe-vert-bio-regime%d9%82%d9%87%d9%88%d8%a9-%d8%ae%d8%b6%d8%b1%d8%a7%d8%a1\/\",\"name\":\"Caf\u00e9 Vert Bio (R\u00e9gime)(\u0642\u0647\u0648\u0629 \u062e\u0636\u0631\u0627\u0621) - SaidaPlants\",\"isPartOf\":{\"@id\":\"https:\/\/saida-plants.com\/#website\"},\"datePublished\":\"2021-09-10T15:13:07+00:00\",\"dateModified\":\"2024-10-19T20:15:45+00:00\",\"description\":\"Caf\u00e9 Vert Bio - Nous faisons de notre mieux pour nos clients Obtenez le produit parfait et bio 100% fabriqu\u00e9 \u00e0 partir de la nature.\",\"breadcrumb\":{\"@id\":\"https:\/\/saida-plants.com\/product\/cafe-vert-bio-regime%d9%82%d9%87%d9%88%d8%a9-%d8%ae%d8%b6%d8%b1%d8%a7%d8%a1\/#breadcrumb\"},\"inLanguage\":\"ar\",\"potentialAction\":[{\"@type\":\"ReadAction\",\"target\":[\"https:\/\/saida-plants.com\/product\/cafe-vert-bio-regime%d9%82%d9%87%d9%88%d8%a9-%d8%ae%d8%b6%d8%b1%d8%a7%d8%a1\/\"]}]},{\"@type\":\"BreadcrumbList\",\"@id\":\"https:\/\/saida-plants.com\/product\/cafe-vert-bio-regime%d9%82%d9%87%d9%88%d8%a9-%d8%ae%d8%b6%d8%b1%d8%a7%d8%a1\/#breadcrumb\",\"itemListElement\":[{\"@type\":\"ListItem\",\"position\":1,\"name\":\"Home\",\"item\":\"https:\/\/saida-plants.com\/\"},{\"@type\":\"ListItem\",\"position\":2,\"name\":\"Shop\",\"item\":\"https:\/\/saida-plants.com\/ar\/shop\/\"},{\"@type\":\"ListItem\",\"position\":3,\"name\":\"Caf\u00e9 Vert Bio (R\u00e9gime)(\u0642\u0647\u0648\u0629 \u062e\u0636\u0631\u0627\u0621)\"}]},{\"@type\":\"WebSite\",\"@id\":\"https:\/\/saida-plants.com\/#website\",\"url\":\"https:\/\/saida-plants.com\/\",\"name\":\"SaidaPlants\",\"description\":\"1er Boutique En ligne Produit 100% Bio\",\"publisher\":{\"@id\":\"https:\/\/saida-plants.com\/#organization\"},\"potentialAction\":[{\"@type\":\"SearchAction\",\"target\":{\"@type\":\"EntryPoint\",\"urlTemplate\":\"https:\/\/saida-plants.com\/?s={search_term_string}\"},\"query-input\":\"required name=search_term_string\"}],\"inLanguage\":\"ar\"},{\"@type\":\"Organization\",\"@id\":\"https:\/\/saida-plants.com\/#organization\",\"name\":\"SaidaPlants\",\"url\":\"https:\/\/saida-plants.com\/\",\"logo\":{\"@type\":\"ImageObject\",\"inLanguage\":\"ar\",\"@id\":\"https:\/\/saida-plants.com\/#\/schema\/logo\/image\/\",\"url\":\"https:\/\/saida-plants.com\/wp-content\/uploads\/2021\/08\/WhatsApp-Image-2021-08-11-at-17.44.40.jpeg\",\"contentUrl\":\"https:\/\/saida-plants.com\/wp-content\/uploads\/2021\/08\/WhatsApp-Image-2021-08-11-at-17.44.40.jpeg\",\"width\":1280,\"height\":463,\"caption\":\"SaidaPlants\"},\"image\":{\"@id\":\"https:\/\/saida-plants.com\/#\/schema\/logo\/image\/\"},\"sameAs\":[\"https:\/\/www.instagram.com\/saidaplants\/\",\"https:\/\/www.facebook.com\/SaidaPlants\"]}]}<\/script>\n<!-- \/ Yoast SEO plugin. -->","yoast_head_json":{"title":"Caf\u00e9 Vert Bio (R\u00e9gime)(\u0642\u0647\u0648\u0629 \u062e\u0636\u0631\u0627\u0621) - SaidaPlants","description":"Caf\u00e9 Vert Bio - Nous faisons de notre mieux pour nos clients Obtenez le produit parfait et bio 100% fabriqu\u00e9 \u00e0 partir de la nature.","robots":{"index":"index","follow":"follow","max-snippet":"max-snippet:-1","max-image-preview":"max-image-preview:large","max-video-preview":"max-video-preview:-1"},"canonical":"https:\/\/saida-plants.com\/ar\/product\/cafe-vert-bio-regime\u0642\u0647\u0648\u0629-\u062e\u0636\u0631\u0627\u0621\/","og_locale":"ar_AR","og_type":"article","og_title":"Caf\u00e9 Vert Bio (R\u00e9gime)(\u0642\u0647\u0648\u0629 \u062e\u0636\u0631\u0627\u0621) - SaidaPlants","og_description":"Caf\u00e9 Vert Bio - Nous faisons de notre mieux pour nos clients Obtenez le produit parfait et bio 100% fabriqu\u00e9 \u00e0 partir de la nature.","og_url":"https:\/\/saida-plants.com\/ar\/product\/cafe-vert-bio-regime\u0642\u0647\u0648\u0629-\u062e\u0636\u0631\u0627\u0621\/","og_site_name":"SaidaPlants","article_publisher":"https:\/\/www.facebook.com\/SaidaPlants","article_modified_time":"2024-10-19T20:15:45+00:00","og_image":[{"width":2560,"height":1440,"url":"https:\/\/saida-plants.com\/wp-content\/uploads\/2021\/09\/coffee-geek-1iL0lUqRWDY-unsplash-scaled.jpg","type":"image\/jpeg"}],"twitter_card":"summary_large_image","twitter_misc":{"\u0648\u0642\u062a \u0627\u0644\u0642\u0631\u0627\u0621\u0629 \u0627\u0644\u0645\u064f\u0642\u062f\u0651\u0631":"\u062f\u0642\u064a\u0642\u062a\u0627\u0646"},"schema":{"@context":"https:\/\/schema.org","@graph":[{"@type":"WebPage","@id":"https:\/\/saida-plants.com\/product\/cafe-vert-bio-regime%d9%82%d9%87%d9%88%d8%a9-%d8%ae%d8%b6%d8%b1%d8%a7%d8%a1\/","url":"https:\/\/saida-plants.com\/product\/cafe-vert-bio-regime%d9%82%d9%87%d9%88%d8%a9-%d8%ae%d8%b6%d8%b1%d8%a7%d8%a1\/","name":"Caf\u00e9 Vert Bio (R\u00e9gime)(\u0642\u0647\u0648\u0629 \u062e\u0636\u0631\u0627\u0621) - SaidaPlants","isPartOf":{"@id":"https:\/\/saida-plants.com\/#website"},"datePublished":"2021-09-10T15:13:07+00:00","dateModified":"2024-10-19T20:15:45+00:00","description":"Caf\u00e9 Vert Bio - Nous faisons de notre mieux pour nos clients Obtenez le produit parfait et bio 100% fabriqu\u00e9 \u00e0 partir de la nature.","breadcrumb":{"@id":"https:\/\/saida-plants.com\/product\/cafe-vert-bio-regime%d9%82%d9%87%d9%88%d8%a9-%d8%ae%d8%b6%d8%b1%d8%a7%d8%a1\/#breadcrumb"},"inLanguage":"ar","potentialAction":[{"@type":"ReadAction","target":["https:\/\/saida-plants.com\/product\/cafe-vert-bio-regime%d9%82%d9%87%d9%88%d8%a9-%d8%ae%d8%b6%d8%b1%d8%a7%d8%a1\/"]}]},{"@type":"BreadcrumbList","@id":"https:\/\/saida-plants.com\/product\/cafe-vert-bio-regime%d9%82%d9%87%d9%88%d8%a9-%d8%ae%d8%b6%d8%b1%d8%a7%d8%a1\/#breadcrumb","itemListElement":[{"@type":"ListItem","position":1,"name":"Home","item":"https:\/\/saida-plants.com\/"},{"@type":"ListItem","position":2,"name":"Shop","item":"https:\/\/saida-plants.com\/ar\/shop\/"},{"@type":"ListItem","position":3,"name":"Caf\u00e9 Vert Bio (R\u00e9gime)(\u0642\u0647\u0648\u0629 \u062e\u0636\u0631\u0627\u0621)"}]},{"@type":"WebSite","@id":"https:\/\/saida-plants.com\/#website","url":"https:\/\/saida-plants.com\/","name":"SaidaPlants","description":"1er Boutique En ligne Produit 100% Bio","publisher":{"@id":"https:\/\/saida-plants.com\/#organization"},"potentialAction":[{"@type":"SearchAction","target":{"@type":"EntryPoint","urlTemplate":"https:\/\/saida-plants.com\/?s={search_term_string}"},"query-input":"required name=search_term_string"}],"inLanguage":"ar"},{"@type":"Organization","@id":"https:\/\/saida-plants.com\/#organization","name":"SaidaPlants","url":"https:\/\/saida-plants.com\/","logo":{"@type":"ImageObject","inLanguage":"ar","@id":"https:\/\/saida-plants.com\/#\/schema\/logo\/image\/","url":"https:\/\/saida-plants.com\/wp-content\/uploads\/2021\/08\/WhatsApp-Image-2021-08-11-at-17.44.40.jpeg","contentUrl":"https:\/\/saida-plants.com\/wp-content\/uploads\/2021\/08\/WhatsApp-Image-2021-08-11-at-17.44.40.jpeg","width":1280,"height":463,"caption":"SaidaPlants"},"image":{"@id":"https:\/\/saida-plants.com\/#\/schema\/logo\/image\/"},"sameAs":["https:\/\/www.instagram.com\/saidaplants\/","https:\/\/www.facebook.com\/SaidaPlants"]}]}},"_links":{"self":[{"href":"https:\/\/saida-plants.com\/ar\/wp-json\/wp\/v2\/product\/728"}],"collection":[{"href":"https:\/\/saida-plants.com\/ar\/wp-json\/wp\/v2\/product"}],"about":[{"href":"https:\/\/saida-plants.com\/ar\/wp-json\/wp\/v2\/types\/product"}],"replies":[{"embeddable":true,"href":"https:\/\/saida-plants.com\/ar\/wp-json\/wp\/v2\/comments?post=728"}],"wp:featuredmedia":[{"embeddable":true,"href":"https:\/\/saida-plants.com\/ar\/wp-json\/wp\/v2\/media\/911"}],"wp:attachment":[{"href":"https:\/\/saida-plants.com\/ar\/wp-json\/wp\/v2\/media?parent=728"}],"wp:term":[{"taxonomy":"product_cat","embeddable":true,"href":"https:\/\/saida-plants.com\/ar\/wp-json\/wp\/v2\/product_cat?post=728"},{"taxonomy":"product_tag","embeddable":true,"href":"https:\/\/saida-plants.com\/ar\/wp-json\/wp\/v2\/product_tag?post=728"}],"curies":[{"name":"wp","href":"https:\/\/api.w.org\/{rel}","templated":true}]}}