{"id":729,"date":"2021-08-13T15:48:18","date_gmt":"2021-08-13T15:48:18","guid":{"rendered":"https:\/\/saida-plants.com\/?post_type=product&#038;p=729"},"modified":"2021-08-13T15:48:18","modified_gmt":"2021-08-13T15:48:18","slug":"graines-de-nigel-100g-%d8%b4%d8%a7%d9%86%d9%88%d8%ac-%d8%b3%d8%a7%d9%86%d9%88%d8%ac","status":"publish","type":"product","link":"https:\/\/saida-plants.com\/ar\/product\/graines-de-nigel-100g-%d8%b4%d8%a7%d9%86%d9%88%d8%ac-%d8%b3%d8%a7%d9%86%d9%88%d8%ac\/","title":{"rendered":"Graines De Nigel 100g (\u0634\u0627\u0646\u0648\u062c -\u0633\u0627\u0646\u0648\u062c )"},"content":{"rendered":"<h1><b>LES BIENFAITS Graines De Nigel<\/b><\/h1>\n<p><a href=\"https:\/\/saida-plants.com\/ar\/product\/graines-de-tournesol-%d9%86%d9%88%d8%a7%d8%b1%d8%a9-%d8%a7%d9%84%d8%b4%d9%85%d8%b3\/\">Les graines<\/a> de Nigel, qu&rsquo;on appelle aussi le cumin noir, s&rsquo;utilise en cuisine comme \u00e9pice, dans les pains et la boulangerie traditionnelle, mais \u00e9galement \u00e0 des fins th\u00e9rapeutique grace \u00e0 ses nombreuses vertus.<\/p>\n<p>Elle est connue pour \u00eatre un puissant d\u00e9toxifiant, antibact\u00e9rien et un booster du syst\u00e8me immunitaire.<\/p>\n<p>Aliments 100% naturels, ne contenant aucun conservateur ou ingr\u00e9dient chimique.<\/p>\n<p>Les graines de nigelle sont des graines noires aromatiques issues de la Nigella Sativa, une plante originaire du sud de l&rsquo;Asie. On l&rsquo;utilise comme aromate, mais aussi comme rem\u00e8de naturel dans presque toutes les m\u00e9decines traditionnelles du monde.<\/p>\n<h2><b>Utilisation:<\/b><\/h2>\n<p>Dans la cuisine Marocaine, on l&#8217;emploie dans le pain maison, dans les tajines et couscous. La poivrette est employ\u00e9e dans de nombreux m\u00e9langes d\u2019\u00e9pices du Moyen-Orient, mais aussi d&rsquo;Asie, comme le panch phoron, m\u00e9lange d&rsquo;\u00e9pices du Bangladesh, associ\u00e9 \u00e0 du cumin, du fenouil, de la moutarde et du fenugrec.<\/p>\n<p>Vous pouvez ajouter de la nigelle \u00e0 tous vos plats, c&rsquo;est une \u00e9pice passe-partout<span class=\"Apple-converted-space\">\u00a0<\/span><\/p>\n<h3><b>Autres usages :<\/b><\/h3>\n<ul>\n<li>Il est courant de concasser les graines, de les envelopper dans un linge propre et de les renifler pour se d\u00e9boucher le nez.<\/li>\n<li>L\u2019infusion de nigelle peut servir pour se gargariser, notamment pour soigner ou soulager les maux de dents, les amygdales, la douleur du larynx et autres maux de gorge. Ces gargarismes s\u2019effectuent g\u00e9n\u00e9ralement 3 fois par jour.<\/li>\n<li>L\u2019infusion de nigelle peut aussi \u00eatre appliqu\u00e9e en cataplasme, il suffit de tremper un linge propre dans l\u2019infusion refroidie, puis de l\u2019appliquer sur la zone \u00e0 traiter entre 5 et 10 min. L\u2019application se fait g\u00e9n\u00e9ralement 3 \u00e0 5 fois par jour.<\/li>\n<\/ul>\n<h3><b>Dosage et posologie classique de la <a href=\"https:\/\/www.femmeactuelle.fr\/sante\/medecine-douce\/graine-de-nigelle-quels-sont-les-bienfaits-et-comment-lutiliser-2101350\">nigelle<\/a> :<\/b><\/h3>\n<p><b>Pour un adulte :<\/b> 1 \u00e0 3 cuill\u00e8res \u00e0 caf\u00e9 de graines ou d\u2019huile par jour. Si 3 cuill\u00e8res \u00e0 caf\u00e9, \u00e0 prendre le matin \u00e0 jeun, dans l\u2019apr\u00e8s-midi et le soir au coucher. Si 2 cuill\u00e8res, prendre uniquement le matin et le soir. Si 1 cuill\u00e8re, prendre uniquement le matin. Une cure ne doit pas d\u00e9passer 3 mois.<\/p>\n<p><b>\u00a0Pour un enfant de plus de 12 ans :<\/b> 1 cuill\u00e8re \u00e0 caf\u00e9 de graines ou d\u2019huile par jour.<\/p>\n<p><b>\u00a0Pour un enfant de moins de 12 ans :<\/b> 1\/2 cuill\u00e8re \u00e0 caf\u00e9 de graines ou d\u2019huile par jour.<\/p>\n<h3><b>Informations de livraison<\/b><\/h3>\n<ul>\n<li>Livraison assur\u00e9e par SaidaPlants, sous 24H \u00e0 Marrakech et sous 1 \u00e0 5 jours pour les autres villes du Maroc.<\/li>\n<li>Exp\u00e9dition pour les commandes \u00e0 l\u2019international sous 1 jour ouvr\u00e9. Les d\u00e9lais de livraison sont variables selon la destination et le mode de livraison choisi.<\/li>\n<\/ul>","protected":false},"excerpt":{"rendered":"<h1 style=\"text-align: center;\"><b>LES BIENFAITS Graines De Nigel<\/b><\/h1>\n<p style=\"text-align: center;\">Les graines de Nigel, qu&rsquo;on appelle aussi le cumin noir, s&rsquo;utilise en cuisine comme \u00e9pice, dans les pains et la boulangerie traditionnelle, mais \u00e9galement \u00e0 des fins th\u00e9rapeutique grace \u00e0 ses nombreuses vertus.<\/p>\n<p style=\"text-align: center;\">Elle est connue pour \u00eatre un puissant d\u00e9toxifiant, antibact\u00e9rien et un booster du syst\u00e8me immunitaire.<\/p>\n<p style=\"text-align: center;\">Aliments 100% naturels, ne contenant aucun conservateur ou ingr\u00e9dient chimique.<\/p>\n<p style=\"text-align: center;\">Les graines de nigelle sont des graines noires aromatiques issues de la Nigella Sativa, une plante originaire du sud de l&rsquo;Asie. On l&rsquo;utilise comme aromate, mais aussi comme rem\u00e8de naturel dans presque toutes les m\u00e9decines traditionnelles du monde.<\/p>","protected":false},"featured_media":730,"comment_status":"open","ping_status":"closed","template":"","meta":[],"product_cat":[15,71],"product_tag":[],"class_list":["post-729","product","type-product","status-publish","has-post-thumbnail","hentry","product_cat-grain-sans-glutain","product_cat-epices-et-herbes"],"yoast_head":"<!-- This site is optimized with the Yoast SEO plugin v19.13 - https:\/\/yoast.com\/wordpress\/plugins\/seo\/ -->\n<title>Graines De Nigel 100g (\u0634\u0627\u0646\u0648\u062c -\u0633\u0627\u0646\u0648\u062c ) - SaidaPlants<\/title>\n<meta name=\"description\" content=\"Graines De Nigel - Nous faisons de notre mieux pour nos clients Obtenez le produit parfait et bio 100% fabriqu\u00e9 \u00e0 partir de la nature.\" \/>\n<meta name=\"robots\" content=\"index, follow, max-snippet:-1, max-image-preview:large, max-video-preview:-1\" \/>\n<link rel=\"canonical\" href=\"https:\/\/saida-plants.com\/ar\/product\/graines-de-nigel-100g-\u0634\u0627\u0646\u0648\u062c-\u0633\u0627\u0646\u0648\u062c\/\" \/>\n<meta property=\"og:locale\" content=\"ar_AR\" \/>\n<meta property=\"og:type\" content=\"article\" \/>\n<meta property=\"og:title\" content=\"Graines De Nigel 100g (\u0634\u0627\u0646\u0648\u062c -\u0633\u0627\u0646\u0648\u062c ) - SaidaPlants\" \/>\n<meta property=\"og:description\" content=\"Graines De Nigel - Nous faisons de notre mieux pour nos clients Obtenez le produit parfait et bio 100% fabriqu\u00e9 \u00e0 partir de la nature.\" \/>\n<meta property=\"og:url\" content=\"https:\/\/saida-plants.com\/ar\/product\/graines-de-nigel-100g-\u0634\u0627\u0646\u0648\u062c-\u0633\u0627\u0646\u0648\u062c\/\" \/>\n<meta property=\"og:site_name\" content=\"SaidaPlants\" \/>\n<meta property=\"article:publisher\" content=\"https:\/\/www.facebook.com\/SaidaPlants\" \/>\n<meta property=\"og:image\" content=\"https:\/\/saida-plants.com\/wp-content\/uploads\/2021\/08\/00018-1200x800.png\" \/>\n\t<meta property=\"og:image:width\" content=\"1200\" \/>\n\t<meta property=\"og:image:height\" content=\"800\" \/>\n\t<meta property=\"og:image:type\" content=\"image\/png\" \/>\n<meta name=\"twitter:card\" content=\"summary_large_image\" \/>\n<meta name=\"twitter:label1\" content=\"\u0648\u0642\u062a \u0627\u0644\u0642\u0631\u0627\u0621\u0629 \u0627\u0644\u0645\u064f\u0642\u062f\u0651\u0631\" \/>\n\t<meta name=\"twitter:data1\" content=\"\u062f\u0642\u064a\u0642\u062a\u0627\u0646\" \/>\n<script type=\"application\/ld+json\" class=\"yoast-schema-graph\">{\"@context\":\"https:\/\/schema.org\",\"@graph\":[{\"@type\":\"WebPage\",\"@id\":\"https:\/\/saida-plants.com\/product\/graines-de-nigel-100g-%d8%b4%d8%a7%d9%86%d9%88%d8%ac-%d8%b3%d8%a7%d9%86%d9%88%d8%ac\/\",\"url\":\"https:\/\/saida-plants.com\/product\/graines-de-nigel-100g-%d8%b4%d8%a7%d9%86%d9%88%d8%ac-%d8%b3%d8%a7%d9%86%d9%88%d8%ac\/\",\"name\":\"Graines De Nigel 100g (\u0634\u0627\u0646\u0648\u062c -\u0633\u0627\u0646\u0648\u062c ) - SaidaPlants\",\"isPartOf\":{\"@id\":\"https:\/\/saida-plants.com\/#website\"},\"datePublished\":\"2021-08-13T15:48:18+00:00\",\"dateModified\":\"2021-08-13T15:48:18+00:00\",\"description\":\"Graines De Nigel - Nous faisons de notre mieux pour nos clients Obtenez le produit parfait et bio 100% fabriqu\u00e9 \u00e0 partir de la nature.\",\"breadcrumb\":{\"@id\":\"https:\/\/saida-plants.com\/product\/graines-de-nigel-100g-%d8%b4%d8%a7%d9%86%d9%88%d8%ac-%d8%b3%d8%a7%d9%86%d9%88%d8%ac\/#breadcrumb\"},\"inLanguage\":\"ar\",\"potentialAction\":[{\"@type\":\"ReadAction\",\"target\":[\"https:\/\/saida-plants.com\/product\/graines-de-nigel-100g-%d8%b4%d8%a7%d9%86%d9%88%d8%ac-%d8%b3%d8%a7%d9%86%d9%88%d8%ac\/\"]}]},{\"@type\":\"BreadcrumbList\",\"@id\":\"https:\/\/saida-plants.com\/product\/graines-de-nigel-100g-%d8%b4%d8%a7%d9%86%d9%88%d8%ac-%d8%b3%d8%a7%d9%86%d9%88%d8%ac\/#breadcrumb\",\"itemListElement\":[{\"@type\":\"ListItem\",\"position\":1,\"name\":\"Home\",\"item\":\"https:\/\/saida-plants.com\/\"},{\"@type\":\"ListItem\",\"position\":2,\"name\":\"Shop\",\"item\":\"https:\/\/saida-plants.com\/ar\/shop\/\"},{\"@type\":\"ListItem\",\"position\":3,\"name\":\"Graines De Nigel 100g (\u0634\u0627\u0646\u0648\u062c -\u0633\u0627\u0646\u0648\u062c )\"}]},{\"@type\":\"WebSite\",\"@id\":\"https:\/\/saida-plants.com\/#website\",\"url\":\"https:\/\/saida-plants.com\/\",\"name\":\"SaidaPlants\",\"description\":\"1er Boutique En ligne Produit 100% Bio\",\"publisher\":{\"@id\":\"https:\/\/saida-plants.com\/#organization\"},\"potentialAction\":[{\"@type\":\"SearchAction\",\"target\":{\"@type\":\"EntryPoint\",\"urlTemplate\":\"https:\/\/saida-plants.com\/?s={search_term_string}\"},\"query-input\":\"required name=search_term_string\"}],\"inLanguage\":\"ar\"},{\"@type\":\"Organization\",\"@id\":\"https:\/\/saida-plants.com\/#organization\",\"name\":\"SaidaPlants\",\"url\":\"https:\/\/saida-plants.com\/\",\"logo\":{\"@type\":\"ImageObject\",\"inLanguage\":\"ar\",\"@id\":\"https:\/\/saida-plants.com\/#\/schema\/logo\/image\/\",\"url\":\"https:\/\/saida-plants.com\/wp-content\/uploads\/2021\/08\/WhatsApp-Image-2021-08-11-at-17.44.40.jpeg\",\"contentUrl\":\"https:\/\/saida-plants.com\/wp-content\/uploads\/2021\/08\/WhatsApp-Image-2021-08-11-at-17.44.40.jpeg\",\"width\":1280,\"height\":463,\"caption\":\"SaidaPlants\"},\"image\":{\"@id\":\"https:\/\/saida-plants.com\/#\/schema\/logo\/image\/\"},\"sameAs\":[\"https:\/\/www.instagram.com\/saidaplants\/\",\"https:\/\/www.facebook.com\/SaidaPlants\"]}]}<\/script>\n<!-- \/ Yoast SEO plugin. -->","yoast_head_json":{"title":"Graines De Nigel 100g (\u0634\u0627\u0646\u0648\u062c -\u0633\u0627\u0646\u0648\u062c ) - SaidaPlants","description":"Graines De Nigel - Nous faisons de notre mieux pour nos clients Obtenez le produit parfait et bio 100% fabriqu\u00e9 \u00e0 partir de la nature.","robots":{"index":"index","follow":"follow","max-snippet":"max-snippet:-1","max-image-preview":"max-image-preview:large","max-video-preview":"max-video-preview:-1"},"canonical":"https:\/\/saida-plants.com\/ar\/product\/graines-de-nigel-100g-\u0634\u0627\u0646\u0648\u062c-\u0633\u0627\u0646\u0648\u062c\/","og_locale":"ar_AR","og_type":"article","og_title":"Graines De Nigel 100g (\u0634\u0627\u0646\u0648\u062c -\u0633\u0627\u0646\u0648\u062c ) - SaidaPlants","og_description":"Graines De Nigel - Nous faisons de notre mieux pour nos clients Obtenez le produit parfait et bio 100% fabriqu\u00e9 \u00e0 partir de la nature.","og_url":"https:\/\/saida-plants.com\/ar\/product\/graines-de-nigel-100g-\u0634\u0627\u0646\u0648\u062c-\u0633\u0627\u0646\u0648\u062c\/","og_site_name":"SaidaPlants","article_publisher":"https:\/\/www.facebook.com\/SaidaPlants","og_image":[{"width":1200,"height":800,"url":"https:\/\/saida-plants.com\/wp-content\/uploads\/2021\/08\/00018-1200x800.png","type":"image\/png"}],"twitter_card":"summary_large_image","twitter_misc":{"\u0648\u0642\u062a \u0627\u0644\u0642\u0631\u0627\u0621\u0629 \u0627\u0644\u0645\u064f\u0642\u062f\u0651\u0631":"\u062f\u0642\u064a\u0642\u062a\u0627\u0646"},"schema":{"@context":"https:\/\/schema.org","@graph":[{"@type":"WebPage","@id":"https:\/\/saida-plants.com\/product\/graines-de-nigel-100g-%d8%b4%d8%a7%d9%86%d9%88%d8%ac-%d8%b3%d8%a7%d9%86%d9%88%d8%ac\/","url":"https:\/\/saida-plants.com\/product\/graines-de-nigel-100g-%d8%b4%d8%a7%d9%86%d9%88%d8%ac-%d8%b3%d8%a7%d9%86%d9%88%d8%ac\/","name":"Graines De Nigel 100g (\u0634\u0627\u0646\u0648\u062c -\u0633\u0627\u0646\u0648\u062c ) - SaidaPlants","isPartOf":{"@id":"https:\/\/saida-plants.com\/#website"},"datePublished":"2021-08-13T15:48:18+00:00","dateModified":"2021-08-13T15:48:18+00:00","description":"Graines De Nigel - Nous faisons de notre mieux pour nos clients Obtenez le produit parfait et bio 100% fabriqu\u00e9 \u00e0 partir de la nature.","breadcrumb":{"@id":"https:\/\/saida-plants.com\/product\/graines-de-nigel-100g-%d8%b4%d8%a7%d9%86%d9%88%d8%ac-%d8%b3%d8%a7%d9%86%d9%88%d8%ac\/#breadcrumb"},"inLanguage":"ar","potentialAction":[{"@type":"ReadAction","target":["https:\/\/saida-plants.com\/product\/graines-de-nigel-100g-%d8%b4%d8%a7%d9%86%d9%88%d8%ac-%d8%b3%d8%a7%d9%86%d9%88%d8%ac\/"]}]},{"@type":"BreadcrumbList","@id":"https:\/\/saida-plants.com\/product\/graines-de-nigel-100g-%d8%b4%d8%a7%d9%86%d9%88%d8%ac-%d8%b3%d8%a7%d9%86%d9%88%d8%ac\/#breadcrumb","itemListElement":[{"@type":"ListItem","position":1,"name":"Home","item":"https:\/\/saida-plants.com\/"},{"@type":"ListItem","position":2,"name":"Shop","item":"https:\/\/saida-plants.com\/ar\/shop\/"},{"@type":"ListItem","position":3,"name":"Graines De Nigel 100g (\u0634\u0627\u0646\u0648\u062c -\u0633\u0627\u0646\u0648\u062c )"}]},{"@type":"WebSite","@id":"https:\/\/saida-plants.com\/#website","url":"https:\/\/saida-plants.com\/","name":"SaidaPlants","description":"1er Boutique En ligne Produit 100% Bio","publisher":{"@id":"https:\/\/saida-plants.com\/#organization"},"potentialAction":[{"@type":"SearchAction","target":{"@type":"EntryPoint","urlTemplate":"https:\/\/saida-plants.com\/?s={search_term_string}"},"query-input":"required name=search_term_string"}],"inLanguage":"ar"},{"@type":"Organization","@id":"https:\/\/saida-plants.com\/#organization","name":"SaidaPlants","url":"https:\/\/saida-plants.com\/","logo":{"@type":"ImageObject","inLanguage":"ar","@id":"https:\/\/saida-plants.com\/#\/schema\/logo\/image\/","url":"https:\/\/saida-plants.com\/wp-content\/uploads\/2021\/08\/WhatsApp-Image-2021-08-11-at-17.44.40.jpeg","contentUrl":"https:\/\/saida-plants.com\/wp-content\/uploads\/2021\/08\/WhatsApp-Image-2021-08-11-at-17.44.40.jpeg","width":1280,"height":463,"caption":"SaidaPlants"},"image":{"@id":"https:\/\/saida-plants.com\/#\/schema\/logo\/image\/"},"sameAs":["https:\/\/www.instagram.com\/saidaplants\/","https:\/\/www.facebook.com\/SaidaPlants"]}]}},"_links":{"self":[{"href":"https:\/\/saida-plants.com\/ar\/wp-json\/wp\/v2\/product\/729"}],"collection":[{"href":"https:\/\/saida-plants.com\/ar\/wp-json\/wp\/v2\/product"}],"about":[{"href":"https:\/\/saida-plants.com\/ar\/wp-json\/wp\/v2\/types\/product"}],"replies":[{"embeddable":true,"href":"https:\/\/saida-plants.com\/ar\/wp-json\/wp\/v2\/comments?post=729"}],"wp:featuredmedia":[{"embeddable":true,"href":"https:\/\/saida-plants.com\/ar\/wp-json\/wp\/v2\/media\/730"}],"wp:attachment":[{"href":"https:\/\/saida-plants.com\/ar\/wp-json\/wp\/v2\/media?parent=729"}],"wp:term":[{"taxonomy":"product_cat","embeddable":true,"href":"https:\/\/saida-plants.com\/ar\/wp-json\/wp\/v2\/product_cat?post=729"},{"taxonomy":"product_tag","embeddable":true,"href":"https:\/\/saida-plants.com\/ar\/wp-json\/wp\/v2\/product_tag?post=729"}],"curies":[{"name":"wp","href":"https:\/\/api.w.org\/{rel}","templated":true}]}}