{"id":731,"date":"2021-08-13T16:10:21","date_gmt":"2021-08-13T16:10:21","guid":{"rendered":"https:\/\/saida-plants.com\/?post_type=product&#038;p=731"},"modified":"2021-08-13T16:10:21","modified_gmt":"2021-08-13T16:10:21","slug":"graines-de-sesame-noir-100g-%d8%ac%d9%86%d8%ac%d9%84%d8%a7%d9%86-%d8%a3%d8%b3%d9%88%d8%af-%d8%b2%d9%86%d8%ac%d9%84%d8%a7%d9%86","status":"publish","type":"product","link":"https:\/\/saida-plants.com\/ar\/product\/graines-de-sesame-noir-100g-%d8%ac%d9%86%d8%ac%d9%84%d8%a7%d9%86-%d8%a3%d8%b3%d9%88%d8%af-%d8%b2%d9%86%d8%ac%d9%84%d8%a7%d9%86\/","title":{"rendered":"Graines de S\u00e9same Noir 100g ( \u062c\u0646\u062c\u0644\u0627\u0646 \u0623\u0633\u0648\u062f &#8211; \u0632\u0646\u062c\u0644\u0627\u0646)"},"content":{"rendered":"<h1><b>Description des graines de s\u00e9same noir\u00a0<\/b><\/h1>\n<p>Je suis <b>issue d\u2019une plante ol\u00e9agineuse tropicale \u00e0 l\u2019odeur piquante<\/b> et aux fleurs semblables \u00e0 celles de la digitale.<\/p>\n<p>Je suis cette petite graine plate et ovale d\u2019une couleur variant du noir au beige clair, plus connue sous le nom de graines de s\u00e9same.<\/p>\n<p>&nbsp;<\/p>\n<p>Vous pouvez me retrouver sous forme de <b>graines de s\u00e9same dor\u00e9<\/b><b>\u00a0<\/b>et de <a href=\"https:\/\/saida-plants.com\/ar\/product\/graines-de-sesame-noir-250g-%d8%ac%d9%86%d8%ac%d9%84%d8%a7%d9%86-%d8%a3%d8%b3%d9%88%d8%af-%d8%b2%d9%86%d8%ac%d9%84%d8%a7%d9%86\/\"><b>graines de s\u00e9same blanc<\/b><\/a> en vente ici.<\/p>\n<p>Et pour varier les saveurs j\u2019existe aussi dans une version de <b>graines de<\/b>\u00a0<b>s\u00e9same tex mex<\/b> ou encore de <b>graines de<\/b>\u00a0<b>s\u00e9same au wasabi<\/b>.<\/p>\n<h2><b>Utilisation culinaire des graines de s\u00e9same noir\u00a0<\/b><\/h2>\n<p>Avec mon go\u00fbt proche des graines de tournesol, je suis un passe partout de la cuisine\u00a0: <b>mes graines de s\u00e9same peuvent consomm\u00e9es crues ou cuites.<\/b><\/p>\n<p><b>\u00a0<\/b>Mes graines de s\u00e9same sont <b>tr\u00e8s populaires au Japon et en Chine<\/b> notamment dans la <b>recette du gomashio japonais<\/b>, un m\u00e9lange de sel marin au s\u00e9same torr\u00e9fi\u00e9.<\/p>\n<p>En Inde, elles parfument les aubergines et haricots et donnent un go\u00fbt d\u00e9licieux aux pommes de terre frites ou servies en salade.<\/p>\n<p>En Occident \u00e0 l\u2019instar de mes comp\u00e8res le <b>pavot<\/b>, les <b>graines de lin<\/b>, les <b>graines de chia<\/b> ou encore les <b>graines de courge<\/b>, je suis particuli\u00e8rement utilis\u00e9 en p\u00e2tisserie et en boulangerie.<\/p>\n<p>Mes graines enti\u00e8res sont \u00e9galement utilis\u00e9es dans la pr\u00e9paration de biscuits mais aussi dans la recette du halva, une d\u00e9licieuse friandise orientale.<\/p>\n<p>Broy\u00e9es ou moulues, elles forment la fameuse <b>p\u00e2te de s\u00e9same aussi appel\u00e9e tahina, tahini voire tahin<\/b>. Vous pouvez utiliser cette cr\u00e8me de s\u00e9same en association avec des pois chiches ou des aubergines et m\u00eame en tardinade.<\/p>\n<p>Mes <b>graines de <a href=\"https:\/\/www.lexpress.fr\/styles\/saveurs\/tout-ce-qu-il-faut-savoir-sur-le-sesame-ce-super-aliment_1917420.html\">s\u00e9same<\/a> grill\u00e9es poss\u00e8dent une forte saveur de noisette<\/b>. Et pour cela, fa\u00eetes les frire l\u00e9g\u00e8rement dans un peu d\u2019huile jusqu\u2019\u00e0 ce qu\u2019elles changent de couleur, commencent \u00e0 sauter dans la po\u00eale et d\u00e9gagent une l\u00e9g\u00e8re odeur de br\u00fbl\u00e9.<\/p>\n<p>Je viendrais \u00e9galement apporter toute mon ar\u00f4me \u00e0 vos salades et pour plus de saveurs venez me d\u00e9couvrir dans un <b>m\u00e9lange de graines pour salade<\/b> en vente ici.<\/p>\n<p>J&rsquo;entre aussi dans la composition de m\u00e9langes d&rsquo;\u00e9pices comme\u00a0le <b>m\u00e9lange \u00e9pices grill\u00e9es<\/b> ou encore dans le <b>m\u00e9lange libanais<\/b>.<\/p>\n<p>Enfin, vous pouvez aussi <b>saupoudrer mes graines de s\u00e9same sur vos viandes, volailles, l\u00e9gumes, poissons, fromages et m\u00eame fruits<\/b>. Venez par exemple me d\u00e9couvrir dans une savoureuse <b>recette de velout\u00e9 de butternut avec gomasio \u00e9pic\u00e9 maison<\/b> ou bien en <b>ap\u00e9ro cubes<\/b>.<\/p>\n<p>Et si vous souhaitez moudre mes graines de s\u00e9same, je vous conseille d&rsquo;utiliser un moulin universel en vente ici : <b>moulin universel style robinet<\/b> ou le <b>duo mini moulins universels<\/b>.<\/p>\n<h3><b>La petite histoire des graines de s\u00e9same noir\u00a0<\/b><\/h3>\n<p>Si j\u2019ai bien s\u00fbr \u00e9t\u00e9 immortalis\u00e9 par Ali-Baba dans le c\u00e9l\u00e8bre \u00ab <b>S\u00e9same, ouvre-toi<\/b> \u00bb, mes origines seraient africaines mais n\u2019en restent pas moins myst\u00e9rieuses.<\/p>\n<p>De mon nom scientifique sesamum indicum, je suis en Inde un v\u00e9ritable <b>symbole d\u2019immortalit\u00e9<\/b> o\u00f9 je porte parfois le nom d\u2019anjonjoli.<\/p>\n<p>Mon territoire n\u2019a eu de cesse de s\u2019\u00e9tendre, de la Turquie jusqu\u2019en Am\u00e9rique o\u00f9 mes graines de s\u00e9same furent introduites d\u00e8s le 17\u00e8me si\u00e8cle avec l\u2019arriv\u00e9e des esclaves noirs.<\/p>\n<p>&nbsp;<\/p>\n<h3><b>Chiffres cl\u00e9s des graines de s\u00e9same noir\u00a0<\/b><\/h3>\n<p><b>\u00a0<\/b>Aucun chiffre \u00e0 communiquer.<\/p>\n<h3><b>Informations de livraison<\/b><\/h3>\n<ul>\n<li>Livraison assur\u00e9e par SaidaPlants, sous 24H \u00e0 Marrakech et sous 1 \u00e0 5 jours pour les autres villes du Maroc.<\/li>\n<li>Exp\u00e9dition pour les commandes \u00e0 l\u2019international sous 1 jour ouvr\u00e9. Les d\u00e9lais de livraison sont variables selon la destination et le mode de livraison choisi.<\/li>\n<\/ul>","protected":false},"excerpt":{"rendered":"<h1 style=\"text-align: center;\"><b>Description des graines de s\u00e9same noir\u00a0<\/b><\/h1>\n<p style=\"text-align: center;\">Je suis <b>issue d\u2019une plante ol\u00e9agineuse tropicale \u00e0 l\u2019odeur piquante<\/b> et aux fleurs semblables \u00e0 celles de la digitale.<\/p>\n<p style=\"text-align: center;\">Je suis cette petite graine plate et ovale d\u2019une couleur variant du noir au beige clair, plus connue sous le nom de graines de s\u00e9same.<\/p>\n<p style=\"text-align: center;\">\n<p style=\"text-align: center;\">Vous pouvez me retrouver sous forme de <b>graines de s\u00e9same dor\u00e9<\/b><b>\u00a0<\/b>et de <a href=\"https:\/\/saida-plants.com\/ar\/product\/graines-de-sesame-noir-250g-%d8%ac%d9%86%d8%ac%d9%84%d8%a7%d9%86-%d8%a3%d8%b3%d9%88%d8%af-%d8%b2%d9%86%d8%ac%d9%84%d8%a7%d9%86\/\"><b>graines de s\u00e9same blanc<\/b><\/a> en vente ici.<\/p>\n<p style=\"text-align: center;\">Et pour varier les saveurs j\u2019existe aussi dans une version de <b>graines de<\/b>\u00a0<b>s\u00e9same tex mex<\/b> ou encore de <b>graines de<\/b>\u00a0<b>s\u00e9same au wasabi<\/b>.<\/p>\n<h2 style=\"text-align: center;\"><\/h2>","protected":false},"featured_media":719,"comment_status":"open","ping_status":"closed","template":"","meta":[],"product_cat":[15],"product_tag":[],"class_list":["post-731","product","type-product","status-publish","has-post-thumbnail","hentry","product_cat-grain-sans-glutain"],"yoast_head":"<!-- This site is optimized with the Yoast SEO plugin v19.13 - https:\/\/yoast.com\/wordpress\/plugins\/seo\/ -->\n<title>Graines de S\u00e9same Noir 100g ( \u062c\u0646\u062c\u0644\u0627\u0646 \u0623\u0633\u0648\u062f - \u0632\u0646\u062c\u0644\u0627\u0646) - SaidaPlants<\/title>\n<meta name=\"description\" content=\"Graines de S\u00e9same Noir - Nous faisons de notre mieux pour nos clients Obtenez le produit parfait et bio 100% fabriqu\u00e9 \u00e0 partir de la nature.\" \/>\n<meta name=\"robots\" content=\"index, follow, max-snippet:-1, max-image-preview:large, max-video-preview:-1\" \/>\n<link rel=\"canonical\" href=\"https:\/\/saida-plants.com\/ar\/product\/graines-de-sesame-noir-100g-\u062c\u0646\u062c\u0644\u0627\u0646-\u0623\u0633\u0648\u062f-\u0632\u0646\u062c\u0644\u0627\u0646\/\" \/>\n<meta property=\"og:locale\" content=\"ar_AR\" \/>\n<meta property=\"og:type\" content=\"article\" \/>\n<meta property=\"og:title\" content=\"Graines de S\u00e9same Noir 100g ( \u062c\u0646\u062c\u0644\u0627\u0646 \u0623\u0633\u0648\u062f - \u0632\u0646\u062c\u0644\u0627\u0646) - SaidaPlants\" \/>\n<meta property=\"og:description\" content=\"Graines de S\u00e9same Noir - Nous faisons de notre mieux pour nos clients Obtenez le produit parfait et bio 100% fabriqu\u00e9 \u00e0 partir de la nature.\" \/>\n<meta property=\"og:url\" content=\"https:\/\/saida-plants.com\/ar\/product\/graines-de-sesame-noir-100g-\u062c\u0646\u062c\u0644\u0627\u0646-\u0623\u0633\u0648\u062f-\u0632\u0646\u062c\u0644\u0627\u0646\/\" \/>\n<meta property=\"og:site_name\" content=\"SaidaPlants\" \/>\n<meta property=\"article:publisher\" content=\"https:\/\/www.facebook.com\/SaidaPlants\" \/>\n<meta property=\"og:image\" content=\"https:\/\/saida-plants.com\/wp-content\/uploads\/2021\/08\/13-1400x788.png\" \/>\n\t<meta property=\"og:image:width\" content=\"1400\" \/>\n\t<meta property=\"og:image:height\" content=\"788\" \/>\n\t<meta property=\"og:image:type\" content=\"image\/png\" \/>\n<meta name=\"twitter:card\" content=\"summary_large_image\" \/>\n<meta name=\"twitter:label1\" content=\"\u0648\u0642\u062a \u0627\u0644\u0642\u0631\u0627\u0621\u0629 \u0627\u0644\u0645\u064f\u0642\u062f\u0651\u0631\" \/>\n\t<meta name=\"twitter:data1\" content=\"3 \u062f\u0642\u0627\u0626\u0642\" \/>\n<script type=\"application\/ld+json\" class=\"yoast-schema-graph\">{\"@context\":\"https:\/\/schema.org\",\"@graph\":[{\"@type\":\"WebPage\",\"@id\":\"https:\/\/saida-plants.com\/product\/graines-de-sesame-noir-100g-%d8%ac%d9%86%d8%ac%d9%84%d8%a7%d9%86-%d8%a3%d8%b3%d9%88%d8%af-%d8%b2%d9%86%d8%ac%d9%84%d8%a7%d9%86\/\",\"url\":\"https:\/\/saida-plants.com\/product\/graines-de-sesame-noir-100g-%d8%ac%d9%86%d8%ac%d9%84%d8%a7%d9%86-%d8%a3%d8%b3%d9%88%d8%af-%d8%b2%d9%86%d8%ac%d9%84%d8%a7%d9%86\/\",\"name\":\"Graines de S\u00e9same Noir 100g ( \u062c\u0646\u062c\u0644\u0627\u0646 \u0623\u0633\u0648\u062f - \u0632\u0646\u062c\u0644\u0627\u0646) - SaidaPlants\",\"isPartOf\":{\"@id\":\"https:\/\/saida-plants.com\/#website\"},\"datePublished\":\"2021-08-13T16:10:21+00:00\",\"dateModified\":\"2021-08-13T16:10:21+00:00\",\"description\":\"Graines de S\u00e9same Noir - Nous faisons de notre mieux pour nos clients Obtenez le produit parfait et bio 100% fabriqu\u00e9 \u00e0 partir de la nature.\",\"breadcrumb\":{\"@id\":\"https:\/\/saida-plants.com\/product\/graines-de-sesame-noir-100g-%d8%ac%d9%86%d8%ac%d9%84%d8%a7%d9%86-%d8%a3%d8%b3%d9%88%d8%af-%d8%b2%d9%86%d8%ac%d9%84%d8%a7%d9%86\/#breadcrumb\"},\"inLanguage\":\"ar\",\"potentialAction\":[{\"@type\":\"ReadAction\",\"target\":[\"https:\/\/saida-plants.com\/product\/graines-de-sesame-noir-100g-%d8%ac%d9%86%d8%ac%d9%84%d8%a7%d9%86-%d8%a3%d8%b3%d9%88%d8%af-%d8%b2%d9%86%d8%ac%d9%84%d8%a7%d9%86\/\"]}]},{\"@type\":\"BreadcrumbList\",\"@id\":\"https:\/\/saida-plants.com\/product\/graines-de-sesame-noir-100g-%d8%ac%d9%86%d8%ac%d9%84%d8%a7%d9%86-%d8%a3%d8%b3%d9%88%d8%af-%d8%b2%d9%86%d8%ac%d9%84%d8%a7%d9%86\/#breadcrumb\",\"itemListElement\":[{\"@type\":\"ListItem\",\"position\":1,\"name\":\"Home\",\"item\":\"https:\/\/saida-plants.com\/\"},{\"@type\":\"ListItem\",\"position\":2,\"name\":\"Shop\",\"item\":\"https:\/\/saida-plants.com\/ar\/shop\/\"},{\"@type\":\"ListItem\",\"position\":3,\"name\":\"Graines de S\u00e9same Noir 100g ( \u062c\u0646\u062c\u0644\u0627\u0646 \u0623\u0633\u0648\u062f &#8211; \u0632\u0646\u062c\u0644\u0627\u0646)\"}]},{\"@type\":\"WebSite\",\"@id\":\"https:\/\/saida-plants.com\/#website\",\"url\":\"https:\/\/saida-plants.com\/\",\"name\":\"SaidaPlants\",\"description\":\"1er Boutique En ligne Produit 100% Bio\",\"publisher\":{\"@id\":\"https:\/\/saida-plants.com\/#organization\"},\"potentialAction\":[{\"@type\":\"SearchAction\",\"target\":{\"@type\":\"EntryPoint\",\"urlTemplate\":\"https:\/\/saida-plants.com\/?s={search_term_string}\"},\"query-input\":\"required name=search_term_string\"}],\"inLanguage\":\"ar\"},{\"@type\":\"Organization\",\"@id\":\"https:\/\/saida-plants.com\/#organization\",\"name\":\"SaidaPlants\",\"url\":\"https:\/\/saida-plants.com\/\",\"logo\":{\"@type\":\"ImageObject\",\"inLanguage\":\"ar\",\"@id\":\"https:\/\/saida-plants.com\/#\/schema\/logo\/image\/\",\"url\":\"https:\/\/saida-plants.com\/wp-content\/uploads\/2021\/08\/WhatsApp-Image-2021-08-11-at-17.44.40.jpeg\",\"contentUrl\":\"https:\/\/saida-plants.com\/wp-content\/uploads\/2021\/08\/WhatsApp-Image-2021-08-11-at-17.44.40.jpeg\",\"width\":1280,\"height\":463,\"caption\":\"SaidaPlants\"},\"image\":{\"@id\":\"https:\/\/saida-plants.com\/#\/schema\/logo\/image\/\"},\"sameAs\":[\"https:\/\/www.instagram.com\/saidaplants\/\",\"https:\/\/www.facebook.com\/SaidaPlants\"]}]}<\/script>\n<!-- \/ Yoast SEO plugin. -->","yoast_head_json":{"title":"Graines de S\u00e9same Noir 100g ( \u062c\u0646\u062c\u0644\u0627\u0646 \u0623\u0633\u0648\u062f - \u0632\u0646\u062c\u0644\u0627\u0646) - SaidaPlants","description":"Graines de S\u00e9same Noir - Nous faisons de notre mieux pour nos clients Obtenez le produit parfait et bio 100% fabriqu\u00e9 \u00e0 partir de la nature.","robots":{"index":"index","follow":"follow","max-snippet":"max-snippet:-1","max-image-preview":"max-image-preview:large","max-video-preview":"max-video-preview:-1"},"canonical":"https:\/\/saida-plants.com\/ar\/product\/graines-de-sesame-noir-100g-\u062c\u0646\u062c\u0644\u0627\u0646-\u0623\u0633\u0648\u062f-\u0632\u0646\u062c\u0644\u0627\u0646\/","og_locale":"ar_AR","og_type":"article","og_title":"Graines de S\u00e9same Noir 100g ( \u062c\u0646\u062c\u0644\u0627\u0646 \u0623\u0633\u0648\u062f - \u0632\u0646\u062c\u0644\u0627\u0646) - SaidaPlants","og_description":"Graines de S\u00e9same Noir - Nous faisons de notre mieux pour nos clients Obtenez le produit parfait et bio 100% fabriqu\u00e9 \u00e0 partir de la nature.","og_url":"https:\/\/saida-plants.com\/ar\/product\/graines-de-sesame-noir-100g-\u062c\u0646\u062c\u0644\u0627\u0646-\u0623\u0633\u0648\u062f-\u0632\u0646\u062c\u0644\u0627\u0646\/","og_site_name":"SaidaPlants","article_publisher":"https:\/\/www.facebook.com\/SaidaPlants","og_image":[{"width":1400,"height":788,"url":"https:\/\/saida-plants.com\/wp-content\/uploads\/2021\/08\/13-1400x788.png","type":"image\/png"}],"twitter_card":"summary_large_image","twitter_misc":{"\u0648\u0642\u062a \u0627\u0644\u0642\u0631\u0627\u0621\u0629 \u0627\u0644\u0645\u064f\u0642\u062f\u0651\u0631":"3 \u062f\u0642\u0627\u0626\u0642"},"schema":{"@context":"https:\/\/schema.org","@graph":[{"@type":"WebPage","@id":"https:\/\/saida-plants.com\/product\/graines-de-sesame-noir-100g-%d8%ac%d9%86%d8%ac%d9%84%d8%a7%d9%86-%d8%a3%d8%b3%d9%88%d8%af-%d8%b2%d9%86%d8%ac%d9%84%d8%a7%d9%86\/","url":"https:\/\/saida-plants.com\/product\/graines-de-sesame-noir-100g-%d8%ac%d9%86%d8%ac%d9%84%d8%a7%d9%86-%d8%a3%d8%b3%d9%88%d8%af-%d8%b2%d9%86%d8%ac%d9%84%d8%a7%d9%86\/","name":"Graines de S\u00e9same Noir 100g ( \u062c\u0646\u062c\u0644\u0627\u0646 \u0623\u0633\u0648\u062f - \u0632\u0646\u062c\u0644\u0627\u0646) - SaidaPlants","isPartOf":{"@id":"https:\/\/saida-plants.com\/#website"},"datePublished":"2021-08-13T16:10:21+00:00","dateModified":"2021-08-13T16:10:21+00:00","description":"Graines de S\u00e9same Noir - Nous faisons de notre mieux pour nos clients Obtenez le produit parfait et bio 100% fabriqu\u00e9 \u00e0 partir de la nature.","breadcrumb":{"@id":"https:\/\/saida-plants.com\/product\/graines-de-sesame-noir-100g-%d8%ac%d9%86%d8%ac%d9%84%d8%a7%d9%86-%d8%a3%d8%b3%d9%88%d8%af-%d8%b2%d9%86%d8%ac%d9%84%d8%a7%d9%86\/#breadcrumb"},"inLanguage":"ar","potentialAction":[{"@type":"ReadAction","target":["https:\/\/saida-plants.com\/product\/graines-de-sesame-noir-100g-%d8%ac%d9%86%d8%ac%d9%84%d8%a7%d9%86-%d8%a3%d8%b3%d9%88%d8%af-%d8%b2%d9%86%d8%ac%d9%84%d8%a7%d9%86\/"]}]},{"@type":"BreadcrumbList","@id":"https:\/\/saida-plants.com\/product\/graines-de-sesame-noir-100g-%d8%ac%d9%86%d8%ac%d9%84%d8%a7%d9%86-%d8%a3%d8%b3%d9%88%d8%af-%d8%b2%d9%86%d8%ac%d9%84%d8%a7%d9%86\/#breadcrumb","itemListElement":[{"@type":"ListItem","position":1,"name":"Home","item":"https:\/\/saida-plants.com\/"},{"@type":"ListItem","position":2,"name":"Shop","item":"https:\/\/saida-plants.com\/ar\/shop\/"},{"@type":"ListItem","position":3,"name":"Graines de S\u00e9same Noir 100g ( \u062c\u0646\u062c\u0644\u0627\u0646 \u0623\u0633\u0648\u062f &#8211; \u0632\u0646\u062c\u0644\u0627\u0646)"}]},{"@type":"WebSite","@id":"https:\/\/saida-plants.com\/#website","url":"https:\/\/saida-plants.com\/","name":"SaidaPlants","description":"1er Boutique En ligne Produit 100% Bio","publisher":{"@id":"https:\/\/saida-plants.com\/#organization"},"potentialAction":[{"@type":"SearchAction","target":{"@type":"EntryPoint","urlTemplate":"https:\/\/saida-plants.com\/?s={search_term_string}"},"query-input":"required name=search_term_string"}],"inLanguage":"ar"},{"@type":"Organization","@id":"https:\/\/saida-plants.com\/#organization","name":"SaidaPlants","url":"https:\/\/saida-plants.com\/","logo":{"@type":"ImageObject","inLanguage":"ar","@id":"https:\/\/saida-plants.com\/#\/schema\/logo\/image\/","url":"https:\/\/saida-plants.com\/wp-content\/uploads\/2021\/08\/WhatsApp-Image-2021-08-11-at-17.44.40.jpeg","contentUrl":"https:\/\/saida-plants.com\/wp-content\/uploads\/2021\/08\/WhatsApp-Image-2021-08-11-at-17.44.40.jpeg","width":1280,"height":463,"caption":"SaidaPlants"},"image":{"@id":"https:\/\/saida-plants.com\/#\/schema\/logo\/image\/"},"sameAs":["https:\/\/www.instagram.com\/saidaplants\/","https:\/\/www.facebook.com\/SaidaPlants"]}]}},"_links":{"self":[{"href":"https:\/\/saida-plants.com\/ar\/wp-json\/wp\/v2\/product\/731"}],"collection":[{"href":"https:\/\/saida-plants.com\/ar\/wp-json\/wp\/v2\/product"}],"about":[{"href":"https:\/\/saida-plants.com\/ar\/wp-json\/wp\/v2\/types\/product"}],"replies":[{"embeddable":true,"href":"https:\/\/saida-plants.com\/ar\/wp-json\/wp\/v2\/comments?post=731"}],"wp:featuredmedia":[{"embeddable":true,"href":"https:\/\/saida-plants.com\/ar\/wp-json\/wp\/v2\/media\/719"}],"wp:attachment":[{"href":"https:\/\/saida-plants.com\/ar\/wp-json\/wp\/v2\/media?parent=731"}],"wp:term":[{"taxonomy":"product_cat","embeddable":true,"href":"https:\/\/saida-plants.com\/ar\/wp-json\/wp\/v2\/product_cat?post=731"},{"taxonomy":"product_tag","embeddable":true,"href":"https:\/\/saida-plants.com\/ar\/wp-json\/wp\/v2\/product_tag?post=731"}],"curies":[{"name":"wp","href":"https:\/\/api.w.org\/{rel}","templated":true}]}}