{"id":734,"date":"2021-08-13T16:54:15","date_gmt":"2021-08-13T16:54:15","guid":{"rendered":"https:\/\/saida-plants.com\/?post_type=product&#038;p=734"},"modified":"2021-08-13T16:54:15","modified_gmt":"2021-08-13T16:54:15","slug":"haricots-rouges-400g-%d9%81%d8%a7%d8%b5%d9%88%d9%84%d9%8a%d8%a7-%d8%ad%d9%85%d8%b1%d8%a7%d8%a1","status":"publish","type":"product","link":"https:\/\/saida-plants.com\/ar\/product\/haricots-rouges-400g-%d9%81%d8%a7%d8%b5%d9%88%d9%84%d9%8a%d8%a7-%d8%ad%d9%85%d8%b1%d8%a7%d8%a1\/","title":{"rendered":"Haricots Rouges 400g (\u0641\u0627\u0635\u0648\u0644\u064a\u0627 \u062d\u0645\u0631\u0627\u0621)"},"content":{"rendered":"<h1><b>LES BIENFAITS<\/b><\/h1>\n<p>Les haricots rouges sont riches en fibres et en prot\u00e9ines. Ils sont \u00e0 consommer nature, avec de la viande ou en potage. Laisser tremper 12H \u00e0 16H puis d\u00e9marrer la cuisson dans l\u2019eau froide et laisser cuire 1H15 apr\u00e8s \u00e9bullition.<\/p>\n<h2><b>Ingr\u00e9dients:<\/b><\/h2>\n<p>Haricots rouges Kidney<\/p>\n<p>Valeur nutritionnelle pour 100g :<\/p>\n<p>Valeur \u00e9nerg\u00e9tique : 1408 kj<\/p>\n<p>Valeur \u00e9nerg\u00e9tique : 337 kcal<\/p>\n<p>Mati\u00e8res grasses : 1 g<\/p>\n<p>dont acides gras satur\u00e9s : 0.2 g<\/p>\n<p>Glucides : 61.3 g<\/p>\n<p>dont sucre : 2.1 g<\/p>\n<p>Fibres : 15.2 g<\/p>\n<p>Prot\u00e9ines : 22.5 g<\/p>\n<p>Sel : 0.03 g<\/p>\n<h3><b>Informations de livraison<\/b><\/h3>\n<ul>\n<li>Livraison assur\u00e9e par <a href=\"https:\/\/saida-plants.com\/ar\/shop\/\">SaidaPlants<\/a>, sous 24H \u00e0 Marrakech et sous 1 \u00e0 5 jours pour les autres villes du Maroc.<\/li>\n<li>Exp\u00e9dition pour les commandes \u00e0 l\u2019international sous 1 jour ouvr\u00e9. Les d\u00e9lais de livraison sont variables selon la destination et le mode de livraison choisi.<\/li>\n<\/ul>","protected":false},"excerpt":{"rendered":"<h1 style=\"text-align: center;\"><b>LES BIENFAITS<\/b><\/h1>\n<p style=\"text-align: center;\">Les haricots rouges sont riches en fibres et en prot\u00e9ines. Ils sont \u00e0 consommer nature, avec de la viande ou en potage. Laisser tremper 12H \u00e0 16H puis d\u00e9marrer la cuisson dans l\u2019eau froide et laisser cuire 1H15 apr\u00e8s \u00e9bullition.<\/p>","protected":false},"featured_media":735,"comment_status":"open","ping_status":"closed","template":"","meta":[],"product_cat":[15],"product_tag":[],"class_list":["post-734","product","type-product","status-publish","has-post-thumbnail","hentry","product_cat-grain-sans-glutain"],"yoast_head":"<!-- This site is optimized with the Yoast SEO plugin v19.13 - https:\/\/yoast.com\/wordpress\/plugins\/seo\/ -->\n<title>Haricots Rouges 400g (\u0641\u0627\u0635\u0648\u0644\u064a\u0627 \u062d\u0645\u0631\u0627\u0621) - SaidaPlants<\/title>\n<meta name=\"description\" content=\"Haricots Rouges - Nous faisons de notre mieux pour nos clients Obtenez le produit parfait et bio 100% fabriqu\u00e9 \u00e0 partir de la nature.\" \/>\n<meta name=\"robots\" content=\"index, follow, max-snippet:-1, max-image-preview:large, max-video-preview:-1\" \/>\n<link rel=\"canonical\" href=\"https:\/\/saida-plants.com\/ar\/product\/haricots-rouges-400g-\u0641\u0627\u0635\u0648\u0644\u064a\u0627-\u062d\u0645\u0631\u0627\u0621\/\" \/>\n<meta property=\"og:locale\" content=\"ar_AR\" \/>\n<meta property=\"og:type\" content=\"article\" \/>\n<meta property=\"og:title\" content=\"Haricots Rouges 400g (\u0641\u0627\u0635\u0648\u0644\u064a\u0627 \u062d\u0645\u0631\u0627\u0621) - SaidaPlants\" \/>\n<meta property=\"og:description\" content=\"Haricots Rouges - Nous faisons de notre mieux pour nos clients Obtenez le produit parfait et bio 100% fabriqu\u00e9 \u00e0 partir de la nature.\" \/>\n<meta property=\"og:url\" content=\"https:\/\/saida-plants.com\/ar\/product\/haricots-rouges-400g-\u0641\u0627\u0635\u0648\u0644\u064a\u0627-\u062d\u0645\u0631\u0627\u0621\/\" \/>\n<meta property=\"og:site_name\" content=\"SaidaPlants\" \/>\n<meta property=\"article:publisher\" content=\"https:\/\/www.facebook.com\/SaidaPlants\" \/>\n<meta property=\"og:image\" content=\"https:\/\/saida-plants.com\/wp-content\/uploads\/2021\/08\/7-1400x788.png\" \/>\n\t<meta property=\"og:image:width\" content=\"1400\" \/>\n\t<meta property=\"og:image:height\" content=\"788\" \/>\n\t<meta property=\"og:image:type\" content=\"image\/png\" \/>\n<meta name=\"twitter:card\" content=\"summary_large_image\" \/>\n<meta name=\"twitter:label1\" content=\"\u0648\u0642\u062a \u0627\u0644\u0642\u0631\u0627\u0621\u0629 \u0627\u0644\u0645\u064f\u0642\u062f\u0651\u0631\" \/>\n\t<meta name=\"twitter:data1\" content=\"\u062f\u0642\u064a\u0642\u0629 \u0648\u0627\u062d\u062f\u0629\" \/>\n<script type=\"application\/ld+json\" class=\"yoast-schema-graph\">{\"@context\":\"https:\/\/schema.org\",\"@graph\":[{\"@type\":\"WebPage\",\"@id\":\"https:\/\/saida-plants.com\/product\/haricots-rouges-400g-%d9%81%d8%a7%d8%b5%d9%88%d9%84%d9%8a%d8%a7-%d8%ad%d9%85%d8%b1%d8%a7%d8%a1\/\",\"url\":\"https:\/\/saida-plants.com\/product\/haricots-rouges-400g-%d9%81%d8%a7%d8%b5%d9%88%d9%84%d9%8a%d8%a7-%d8%ad%d9%85%d8%b1%d8%a7%d8%a1\/\",\"name\":\"Haricots Rouges 400g (\u0641\u0627\u0635\u0648\u0644\u064a\u0627 \u062d\u0645\u0631\u0627\u0621) - SaidaPlants\",\"isPartOf\":{\"@id\":\"https:\/\/saida-plants.com\/#website\"},\"datePublished\":\"2021-08-13T16:54:15+00:00\",\"dateModified\":\"2021-08-13T16:54:15+00:00\",\"description\":\"Haricots Rouges - Nous faisons de notre mieux pour nos clients Obtenez le produit parfait et bio 100% fabriqu\u00e9 \u00e0 partir de la nature.\",\"breadcrumb\":{\"@id\":\"https:\/\/saida-plants.com\/product\/haricots-rouges-400g-%d9%81%d8%a7%d8%b5%d9%88%d9%84%d9%8a%d8%a7-%d8%ad%d9%85%d8%b1%d8%a7%d8%a1\/#breadcrumb\"},\"inLanguage\":\"ar\",\"potentialAction\":[{\"@type\":\"ReadAction\",\"target\":[\"https:\/\/saida-plants.com\/product\/haricots-rouges-400g-%d9%81%d8%a7%d8%b5%d9%88%d9%84%d9%8a%d8%a7-%d8%ad%d9%85%d8%b1%d8%a7%d8%a1\/\"]}]},{\"@type\":\"BreadcrumbList\",\"@id\":\"https:\/\/saida-plants.com\/product\/haricots-rouges-400g-%d9%81%d8%a7%d8%b5%d9%88%d9%84%d9%8a%d8%a7-%d8%ad%d9%85%d8%b1%d8%a7%d8%a1\/#breadcrumb\",\"itemListElement\":[{\"@type\":\"ListItem\",\"position\":1,\"name\":\"Home\",\"item\":\"https:\/\/saida-plants.com\/\"},{\"@type\":\"ListItem\",\"position\":2,\"name\":\"Shop\",\"item\":\"https:\/\/saida-plants.com\/ar\/shop\/\"},{\"@type\":\"ListItem\",\"position\":3,\"name\":\"Haricots Rouges 400g (\u0641\u0627\u0635\u0648\u0644\u064a\u0627 \u062d\u0645\u0631\u0627\u0621)\"}]},{\"@type\":\"WebSite\",\"@id\":\"https:\/\/saida-plants.com\/#website\",\"url\":\"https:\/\/saida-plants.com\/\",\"name\":\"SaidaPlants\",\"description\":\"1er Boutique En ligne Produit 100% Bio\",\"publisher\":{\"@id\":\"https:\/\/saida-plants.com\/#organization\"},\"potentialAction\":[{\"@type\":\"SearchAction\",\"target\":{\"@type\":\"EntryPoint\",\"urlTemplate\":\"https:\/\/saida-plants.com\/?s={search_term_string}\"},\"query-input\":\"required name=search_term_string\"}],\"inLanguage\":\"ar\"},{\"@type\":\"Organization\",\"@id\":\"https:\/\/saida-plants.com\/#organization\",\"name\":\"SaidaPlants\",\"url\":\"https:\/\/saida-plants.com\/\",\"logo\":{\"@type\":\"ImageObject\",\"inLanguage\":\"ar\",\"@id\":\"https:\/\/saida-plants.com\/#\/schema\/logo\/image\/\",\"url\":\"https:\/\/saida-plants.com\/wp-content\/uploads\/2021\/08\/WhatsApp-Image-2021-08-11-at-17.44.40.jpeg\",\"contentUrl\":\"https:\/\/saida-plants.com\/wp-content\/uploads\/2021\/08\/WhatsApp-Image-2021-08-11-at-17.44.40.jpeg\",\"width\":1280,\"height\":463,\"caption\":\"SaidaPlants\"},\"image\":{\"@id\":\"https:\/\/saida-plants.com\/#\/schema\/logo\/image\/\"},\"sameAs\":[\"https:\/\/www.instagram.com\/saidaplants\/\",\"https:\/\/www.facebook.com\/SaidaPlants\"]}]}<\/script>\n<!-- \/ Yoast SEO plugin. -->","yoast_head_json":{"title":"Haricots Rouges 400g (\u0641\u0627\u0635\u0648\u0644\u064a\u0627 \u062d\u0645\u0631\u0627\u0621) - SaidaPlants","description":"Haricots Rouges - Nous faisons de notre mieux pour nos clients Obtenez le produit parfait et bio 100% fabriqu\u00e9 \u00e0 partir de la nature.","robots":{"index":"index","follow":"follow","max-snippet":"max-snippet:-1","max-image-preview":"max-image-preview:large","max-video-preview":"max-video-preview:-1"},"canonical":"https:\/\/saida-plants.com\/ar\/product\/haricots-rouges-400g-\u0641\u0627\u0635\u0648\u0644\u064a\u0627-\u062d\u0645\u0631\u0627\u0621\/","og_locale":"ar_AR","og_type":"article","og_title":"Haricots Rouges 400g (\u0641\u0627\u0635\u0648\u0644\u064a\u0627 \u062d\u0645\u0631\u0627\u0621) - SaidaPlants","og_description":"Haricots Rouges - Nous faisons de notre mieux pour nos clients Obtenez le produit parfait et bio 100% fabriqu\u00e9 \u00e0 partir de la nature.","og_url":"https:\/\/saida-plants.com\/ar\/product\/haricots-rouges-400g-\u0641\u0627\u0635\u0648\u0644\u064a\u0627-\u062d\u0645\u0631\u0627\u0621\/","og_site_name":"SaidaPlants","article_publisher":"https:\/\/www.facebook.com\/SaidaPlants","og_image":[{"width":1400,"height":788,"url":"https:\/\/saida-plants.com\/wp-content\/uploads\/2021\/08\/7-1400x788.png","type":"image\/png"}],"twitter_card":"summary_large_image","twitter_misc":{"\u0648\u0642\u062a \u0627\u0644\u0642\u0631\u0627\u0621\u0629 \u0627\u0644\u0645\u064f\u0642\u062f\u0651\u0631":"\u062f\u0642\u064a\u0642\u0629 \u0648\u0627\u062d\u062f\u0629"},"schema":{"@context":"https:\/\/schema.org","@graph":[{"@type":"WebPage","@id":"https:\/\/saida-plants.com\/product\/haricots-rouges-400g-%d9%81%d8%a7%d8%b5%d9%88%d9%84%d9%8a%d8%a7-%d8%ad%d9%85%d8%b1%d8%a7%d8%a1\/","url":"https:\/\/saida-plants.com\/product\/haricots-rouges-400g-%d9%81%d8%a7%d8%b5%d9%88%d9%84%d9%8a%d8%a7-%d8%ad%d9%85%d8%b1%d8%a7%d8%a1\/","name":"Haricots Rouges 400g (\u0641\u0627\u0635\u0648\u0644\u064a\u0627 \u062d\u0645\u0631\u0627\u0621) - SaidaPlants","isPartOf":{"@id":"https:\/\/saida-plants.com\/#website"},"datePublished":"2021-08-13T16:54:15+00:00","dateModified":"2021-08-13T16:54:15+00:00","description":"Haricots Rouges - Nous faisons de notre mieux pour nos clients Obtenez le produit parfait et bio 100% fabriqu\u00e9 \u00e0 partir de la nature.","breadcrumb":{"@id":"https:\/\/saida-plants.com\/product\/haricots-rouges-400g-%d9%81%d8%a7%d8%b5%d9%88%d9%84%d9%8a%d8%a7-%d8%ad%d9%85%d8%b1%d8%a7%d8%a1\/#breadcrumb"},"inLanguage":"ar","potentialAction":[{"@type":"ReadAction","target":["https:\/\/saida-plants.com\/product\/haricots-rouges-400g-%d9%81%d8%a7%d8%b5%d9%88%d9%84%d9%8a%d8%a7-%d8%ad%d9%85%d8%b1%d8%a7%d8%a1\/"]}]},{"@type":"BreadcrumbList","@id":"https:\/\/saida-plants.com\/product\/haricots-rouges-400g-%d9%81%d8%a7%d8%b5%d9%88%d9%84%d9%8a%d8%a7-%d8%ad%d9%85%d8%b1%d8%a7%d8%a1\/#breadcrumb","itemListElement":[{"@type":"ListItem","position":1,"name":"Home","item":"https:\/\/saida-plants.com\/"},{"@type":"ListItem","position":2,"name":"Shop","item":"https:\/\/saida-plants.com\/ar\/shop\/"},{"@type":"ListItem","position":3,"name":"Haricots Rouges 400g (\u0641\u0627\u0635\u0648\u0644\u064a\u0627 \u062d\u0645\u0631\u0627\u0621)"}]},{"@type":"WebSite","@id":"https:\/\/saida-plants.com\/#website","url":"https:\/\/saida-plants.com\/","name":"SaidaPlants","description":"1er Boutique En ligne Produit 100% Bio","publisher":{"@id":"https:\/\/saida-plants.com\/#organization"},"potentialAction":[{"@type":"SearchAction","target":{"@type":"EntryPoint","urlTemplate":"https:\/\/saida-plants.com\/?s={search_term_string}"},"query-input":"required name=search_term_string"}],"inLanguage":"ar"},{"@type":"Organization","@id":"https:\/\/saida-plants.com\/#organization","name":"SaidaPlants","url":"https:\/\/saida-plants.com\/","logo":{"@type":"ImageObject","inLanguage":"ar","@id":"https:\/\/saida-plants.com\/#\/schema\/logo\/image\/","url":"https:\/\/saida-plants.com\/wp-content\/uploads\/2021\/08\/WhatsApp-Image-2021-08-11-at-17.44.40.jpeg","contentUrl":"https:\/\/saida-plants.com\/wp-content\/uploads\/2021\/08\/WhatsApp-Image-2021-08-11-at-17.44.40.jpeg","width":1280,"height":463,"caption":"SaidaPlants"},"image":{"@id":"https:\/\/saida-plants.com\/#\/schema\/logo\/image\/"},"sameAs":["https:\/\/www.instagram.com\/saidaplants\/","https:\/\/www.facebook.com\/SaidaPlants"]}]}},"_links":{"self":[{"href":"https:\/\/saida-plants.com\/ar\/wp-json\/wp\/v2\/product\/734"}],"collection":[{"href":"https:\/\/saida-plants.com\/ar\/wp-json\/wp\/v2\/product"}],"about":[{"href":"https:\/\/saida-plants.com\/ar\/wp-json\/wp\/v2\/types\/product"}],"replies":[{"embeddable":true,"href":"https:\/\/saida-plants.com\/ar\/wp-json\/wp\/v2\/comments?post=734"}],"wp:featuredmedia":[{"embeddable":true,"href":"https:\/\/saida-plants.com\/ar\/wp-json\/wp\/v2\/media\/735"}],"wp:attachment":[{"href":"https:\/\/saida-plants.com\/ar\/wp-json\/wp\/v2\/media?parent=734"}],"wp:term":[{"taxonomy":"product_cat","embeddable":true,"href":"https:\/\/saida-plants.com\/ar\/wp-json\/wp\/v2\/product_cat?post=734"},{"taxonomy":"product_tag","embeddable":true,"href":"https:\/\/saida-plants.com\/ar\/wp-json\/wp\/v2\/product_tag?post=734"}],"curies":[{"name":"wp","href":"https:\/\/api.w.org\/{rel}","templated":true}]}}