{"id":736,"date":"2021-09-10T15:14:41","date_gmt":"2021-09-10T15:14:41","guid":{"rendered":"https:\/\/saida-plants.com\/?post_type=product&#038;p=736"},"modified":"2021-09-10T15:14:41","modified_gmt":"2021-09-10T15:14:41","slug":"graines-de-pop-corn-1kg-%d8%ad%d8%a8%d9%88%d8%a8-%d8%a7%d9%84%d8%b0%d8%b1%d8%a9","status":"publish","type":"product","link":"https:\/\/saida-plants.com\/ar\/product\/graines-de-pop-corn-1kg-%d8%ad%d8%a8%d9%88%d8%a8-%d8%a7%d9%84%d8%b0%d8%b1%d8%a9\/","title":{"rendered":"Graines de Pop Corn 1Kg (\u062d\u0628\u0648\u0628 \u0627\u0644\u0630\u0631\u0629)"},"content":{"rendered":"<h1><b>LES <a href=\"https:\/\/saida-plants.com\/ar\/a-propos-de-nous\/\">BIENFAITS<\/a> DES\u00a0GRAINES DE POP CORN 1Kg<\/b><\/h1>\n<p>Graines de Pop Corn est connue pour \u00eatre un puissant d\u00e9toxifiant, antibact\u00e9rien et un booster du syst\u00e8me immunitaire.<\/p>\n<p>Aliments 100% naturels, ne contenant aucun conservateur ou ingr\u00e9dient chimique.<\/p>\n<h2><b>\u00ab\u00a0Une soir\u00e9e de cin\u00e9ma maison ne sera jamais parfaite sans un grand bol de pop-corn \u00ab\u00a0<\/b><\/h2>\n<p>Le pop-corn\u00a0donne une des collations les plus saines de presque tous les r\u00e9gimes alimentaires. Il est fait de grains entiers et d\u00e9borde de fibres. Et on peut en prendre une portion de plusieurs tasses. L\u2019huile de cuisson augmente le niveau de calories et de gras, mais est essentielle pour faire \u00e9clater les grains.<\/p>\n<h3><b>Informations de livraison<\/b><\/h3>\n<ul>\n<li>Livraison assur\u00e9e par SaidaPlants, sous 24H \u00e0 Marrakech et sous 1 \u00e0 5 jours pour les autres villes du Maroc.<\/li>\n<li>Exp\u00e9dition pour les commandes \u00e0 l\u2019international sous 1 jour ouvr\u00e9. Les d\u00e9lais de livraison sont variables selon la destination et le mode de livraison choisi.<\/li>\n<\/ul>","protected":false},"excerpt":{"rendered":"<h1 style=\"text-align: center;\"><b>LES BIENFAITS DES\u00a0GRAINES DE POP CORN 1kg<\/b><\/h1>\n<p style=\"text-align: center;\">Elle est connue pour \u00eatre un puissant d\u00e9toxifiant, antibact\u00e9rien et un booster du syst\u00e8me immunitaire.<\/p>\n<p style=\"text-align: center;\">Aliments 100% naturels, ne contenant aucun conservateur ou ingr\u00e9dient chimique.<\/p>","protected":false},"featured_media":912,"comment_status":"open","ping_status":"closed","template":"","meta":[],"product_cat":[15],"product_tag":[],"class_list":["post-736","product","type-product","status-publish","has-post-thumbnail","hentry","product_cat-grain-sans-glutain"],"yoast_head":"<!-- This site is optimized with the Yoast SEO plugin v19.13 - https:\/\/yoast.com\/wordpress\/plugins\/seo\/ -->\n<title>Graines de Pop Corn 1Kg (\u062d\u0628\u0648\u0628 \u0627\u0644\u0630\u0631\u0629) - SaidaPlants<\/title>\n<meta name=\"description\" content=\"Graines de Pop Corn - Nous faisons de notre mieux pour nos clients Obtenez le produit parfait et bio 100% fabriqu\u00e9 \u00e0 partir de la nature.\" \/>\n<meta name=\"robots\" content=\"index, follow, max-snippet:-1, max-image-preview:large, max-video-preview:-1\" \/>\n<link rel=\"canonical\" href=\"https:\/\/saida-plants.com\/ar\/product\/graines-de-pop-corn-1kg-\u062d\u0628\u0648\u0628-\u0627\u0644\u0630\u0631\u0629\/\" \/>\n<meta property=\"og:locale\" content=\"ar_AR\" \/>\n<meta property=\"og:type\" content=\"article\" \/>\n<meta property=\"og:title\" content=\"Graines de Pop Corn 1Kg (\u062d\u0628\u0648\u0628 \u0627\u0644\u0630\u0631\u0629) - SaidaPlants\" \/>\n<meta property=\"og:description\" content=\"Graines de Pop Corn - Nous faisons de notre mieux pour nos clients Obtenez le produit parfait et bio 100% fabriqu\u00e9 \u00e0 partir de la nature.\" \/>\n<meta property=\"og:url\" content=\"https:\/\/saida-plants.com\/ar\/product\/graines-de-pop-corn-1kg-\u062d\u0628\u0648\u0628-\u0627\u0644\u0630\u0631\u0629\/\" \/>\n<meta property=\"og:site_name\" content=\"SaidaPlants\" \/>\n<meta property=\"article:publisher\" content=\"https:\/\/www.facebook.com\/SaidaPlants\" \/>\n<meta property=\"og:image\" content=\"https:\/\/saida-plants.com\/wp-content\/uploads\/2021\/09\/ebv.jpg\" \/>\n\t<meta property=\"og:image:width\" content=\"600\" \/>\n\t<meta property=\"og:image:height\" content=\"600\" \/>\n\t<meta property=\"og:image:type\" content=\"image\/jpeg\" \/>\n<meta name=\"twitter:card\" content=\"summary_large_image\" \/>\n<meta name=\"twitter:label1\" content=\"\u0648\u0642\u062a \u0627\u0644\u0642\u0631\u0627\u0621\u0629 \u0627\u0644\u0645\u064f\u0642\u062f\u0651\u0631\" \/>\n\t<meta name=\"twitter:data1\" content=\"\u062f\u0642\u064a\u0642\u0629 \u0648\u0627\u062d\u062f\u0629\" \/>\n<script type=\"application\/ld+json\" class=\"yoast-schema-graph\">{\"@context\":\"https:\/\/schema.org\",\"@graph\":[{\"@type\":\"WebPage\",\"@id\":\"https:\/\/saida-plants.com\/product\/graines-de-pop-corn-1kg-%d8%ad%d8%a8%d9%88%d8%a8-%d8%a7%d9%84%d8%b0%d8%b1%d8%a9\/\",\"url\":\"https:\/\/saida-plants.com\/product\/graines-de-pop-corn-1kg-%d8%ad%d8%a8%d9%88%d8%a8-%d8%a7%d9%84%d8%b0%d8%b1%d8%a9\/\",\"name\":\"Graines de Pop Corn 1Kg (\u062d\u0628\u0648\u0628 \u0627\u0644\u0630\u0631\u0629) - SaidaPlants\",\"isPartOf\":{\"@id\":\"https:\/\/saida-plants.com\/#website\"},\"datePublished\":\"2021-09-10T15:14:41+00:00\",\"dateModified\":\"2021-09-10T15:14:41+00:00\",\"description\":\"Graines de Pop Corn - Nous faisons de notre mieux pour nos clients Obtenez le produit parfait et bio 100% fabriqu\u00e9 \u00e0 partir de la nature.\",\"breadcrumb\":{\"@id\":\"https:\/\/saida-plants.com\/product\/graines-de-pop-corn-1kg-%d8%ad%d8%a8%d9%88%d8%a8-%d8%a7%d9%84%d8%b0%d8%b1%d8%a9\/#breadcrumb\"},\"inLanguage\":\"ar\",\"potentialAction\":[{\"@type\":\"ReadAction\",\"target\":[\"https:\/\/saida-plants.com\/product\/graines-de-pop-corn-1kg-%d8%ad%d8%a8%d9%88%d8%a8-%d8%a7%d9%84%d8%b0%d8%b1%d8%a9\/\"]}]},{\"@type\":\"BreadcrumbList\",\"@id\":\"https:\/\/saida-plants.com\/product\/graines-de-pop-corn-1kg-%d8%ad%d8%a8%d9%88%d8%a8-%d8%a7%d9%84%d8%b0%d8%b1%d8%a9\/#breadcrumb\",\"itemListElement\":[{\"@type\":\"ListItem\",\"position\":1,\"name\":\"Home\",\"item\":\"https:\/\/saida-plants.com\/\"},{\"@type\":\"ListItem\",\"position\":2,\"name\":\"Shop\",\"item\":\"https:\/\/saida-plants.com\/ar\/shop\/\"},{\"@type\":\"ListItem\",\"position\":3,\"name\":\"Graines de Pop Corn 1Kg (\u062d\u0628\u0648\u0628 \u0627\u0644\u0630\u0631\u0629)\"}]},{\"@type\":\"WebSite\",\"@id\":\"https:\/\/saida-plants.com\/#website\",\"url\":\"https:\/\/saida-plants.com\/\",\"name\":\"SaidaPlants\",\"description\":\"1er Boutique En ligne Produit 100% Bio\",\"publisher\":{\"@id\":\"https:\/\/saida-plants.com\/#organization\"},\"potentialAction\":[{\"@type\":\"SearchAction\",\"target\":{\"@type\":\"EntryPoint\",\"urlTemplate\":\"https:\/\/saida-plants.com\/?s={search_term_string}\"},\"query-input\":\"required name=search_term_string\"}],\"inLanguage\":\"ar\"},{\"@type\":\"Organization\",\"@id\":\"https:\/\/saida-plants.com\/#organization\",\"name\":\"SaidaPlants\",\"url\":\"https:\/\/saida-plants.com\/\",\"logo\":{\"@type\":\"ImageObject\",\"inLanguage\":\"ar\",\"@id\":\"https:\/\/saida-plants.com\/#\/schema\/logo\/image\/\",\"url\":\"https:\/\/saida-plants.com\/wp-content\/uploads\/2021\/08\/WhatsApp-Image-2021-08-11-at-17.44.40.jpeg\",\"contentUrl\":\"https:\/\/saida-plants.com\/wp-content\/uploads\/2021\/08\/WhatsApp-Image-2021-08-11-at-17.44.40.jpeg\",\"width\":1280,\"height\":463,\"caption\":\"SaidaPlants\"},\"image\":{\"@id\":\"https:\/\/saida-plants.com\/#\/schema\/logo\/image\/\"},\"sameAs\":[\"https:\/\/www.instagram.com\/saidaplants\/\",\"https:\/\/www.facebook.com\/SaidaPlants\"]}]}<\/script>\n<!-- \/ Yoast SEO plugin. -->","yoast_head_json":{"title":"Graines de Pop Corn 1Kg (\u062d\u0628\u0648\u0628 \u0627\u0644\u0630\u0631\u0629) - SaidaPlants","description":"Graines de Pop Corn - Nous faisons de notre mieux pour nos clients Obtenez le produit parfait et bio 100% fabriqu\u00e9 \u00e0 partir de la nature.","robots":{"index":"index","follow":"follow","max-snippet":"max-snippet:-1","max-image-preview":"max-image-preview:large","max-video-preview":"max-video-preview:-1"},"canonical":"https:\/\/saida-plants.com\/ar\/product\/graines-de-pop-corn-1kg-\u062d\u0628\u0648\u0628-\u0627\u0644\u0630\u0631\u0629\/","og_locale":"ar_AR","og_type":"article","og_title":"Graines de Pop Corn 1Kg (\u062d\u0628\u0648\u0628 \u0627\u0644\u0630\u0631\u0629) - SaidaPlants","og_description":"Graines de Pop Corn - Nous faisons de notre mieux pour nos clients Obtenez le produit parfait et bio 100% fabriqu\u00e9 \u00e0 partir de la nature.","og_url":"https:\/\/saida-plants.com\/ar\/product\/graines-de-pop-corn-1kg-\u062d\u0628\u0648\u0628-\u0627\u0644\u0630\u0631\u0629\/","og_site_name":"SaidaPlants","article_publisher":"https:\/\/www.facebook.com\/SaidaPlants","og_image":[{"width":600,"height":600,"url":"https:\/\/saida-plants.com\/wp-content\/uploads\/2021\/09\/ebv.jpg","type":"image\/jpeg"}],"twitter_card":"summary_large_image","twitter_misc":{"\u0648\u0642\u062a \u0627\u0644\u0642\u0631\u0627\u0621\u0629 \u0627\u0644\u0645\u064f\u0642\u062f\u0651\u0631":"\u062f\u0642\u064a\u0642\u0629 \u0648\u0627\u062d\u062f\u0629"},"schema":{"@context":"https:\/\/schema.org","@graph":[{"@type":"WebPage","@id":"https:\/\/saida-plants.com\/product\/graines-de-pop-corn-1kg-%d8%ad%d8%a8%d9%88%d8%a8-%d8%a7%d9%84%d8%b0%d8%b1%d8%a9\/","url":"https:\/\/saida-plants.com\/product\/graines-de-pop-corn-1kg-%d8%ad%d8%a8%d9%88%d8%a8-%d8%a7%d9%84%d8%b0%d8%b1%d8%a9\/","name":"Graines de Pop Corn 1Kg (\u062d\u0628\u0648\u0628 \u0627\u0644\u0630\u0631\u0629) - SaidaPlants","isPartOf":{"@id":"https:\/\/saida-plants.com\/#website"},"datePublished":"2021-09-10T15:14:41+00:00","dateModified":"2021-09-10T15:14:41+00:00","description":"Graines de Pop Corn - Nous faisons de notre mieux pour nos clients Obtenez le produit parfait et bio 100% fabriqu\u00e9 \u00e0 partir de la nature.","breadcrumb":{"@id":"https:\/\/saida-plants.com\/product\/graines-de-pop-corn-1kg-%d8%ad%d8%a8%d9%88%d8%a8-%d8%a7%d9%84%d8%b0%d8%b1%d8%a9\/#breadcrumb"},"inLanguage":"ar","potentialAction":[{"@type":"ReadAction","target":["https:\/\/saida-plants.com\/product\/graines-de-pop-corn-1kg-%d8%ad%d8%a8%d9%88%d8%a8-%d8%a7%d9%84%d8%b0%d8%b1%d8%a9\/"]}]},{"@type":"BreadcrumbList","@id":"https:\/\/saida-plants.com\/product\/graines-de-pop-corn-1kg-%d8%ad%d8%a8%d9%88%d8%a8-%d8%a7%d9%84%d8%b0%d8%b1%d8%a9\/#breadcrumb","itemListElement":[{"@type":"ListItem","position":1,"name":"Home","item":"https:\/\/saida-plants.com\/"},{"@type":"ListItem","position":2,"name":"Shop","item":"https:\/\/saida-plants.com\/ar\/shop\/"},{"@type":"ListItem","position":3,"name":"Graines de Pop Corn 1Kg (\u062d\u0628\u0648\u0628 \u0627\u0644\u0630\u0631\u0629)"}]},{"@type":"WebSite","@id":"https:\/\/saida-plants.com\/#website","url":"https:\/\/saida-plants.com\/","name":"SaidaPlants","description":"1er Boutique En ligne Produit 100% Bio","publisher":{"@id":"https:\/\/saida-plants.com\/#organization"},"potentialAction":[{"@type":"SearchAction","target":{"@type":"EntryPoint","urlTemplate":"https:\/\/saida-plants.com\/?s={search_term_string}"},"query-input":"required name=search_term_string"}],"inLanguage":"ar"},{"@type":"Organization","@id":"https:\/\/saida-plants.com\/#organization","name":"SaidaPlants","url":"https:\/\/saida-plants.com\/","logo":{"@type":"ImageObject","inLanguage":"ar","@id":"https:\/\/saida-plants.com\/#\/schema\/logo\/image\/","url":"https:\/\/saida-plants.com\/wp-content\/uploads\/2021\/08\/WhatsApp-Image-2021-08-11-at-17.44.40.jpeg","contentUrl":"https:\/\/saida-plants.com\/wp-content\/uploads\/2021\/08\/WhatsApp-Image-2021-08-11-at-17.44.40.jpeg","width":1280,"height":463,"caption":"SaidaPlants"},"image":{"@id":"https:\/\/saida-plants.com\/#\/schema\/logo\/image\/"},"sameAs":["https:\/\/www.instagram.com\/saidaplants\/","https:\/\/www.facebook.com\/SaidaPlants"]}]}},"_links":{"self":[{"href":"https:\/\/saida-plants.com\/ar\/wp-json\/wp\/v2\/product\/736"}],"collection":[{"href":"https:\/\/saida-plants.com\/ar\/wp-json\/wp\/v2\/product"}],"about":[{"href":"https:\/\/saida-plants.com\/ar\/wp-json\/wp\/v2\/types\/product"}],"replies":[{"embeddable":true,"href":"https:\/\/saida-plants.com\/ar\/wp-json\/wp\/v2\/comments?post=736"}],"wp:featuredmedia":[{"embeddable":true,"href":"https:\/\/saida-plants.com\/ar\/wp-json\/wp\/v2\/media\/912"}],"wp:attachment":[{"href":"https:\/\/saida-plants.com\/ar\/wp-json\/wp\/v2\/media?parent=736"}],"wp:term":[{"taxonomy":"product_cat","embeddable":true,"href":"https:\/\/saida-plants.com\/ar\/wp-json\/wp\/v2\/product_cat?post=736"},{"taxonomy":"product_tag","embeddable":true,"href":"https:\/\/saida-plants.com\/ar\/wp-json\/wp\/v2\/product_tag?post=736"}],"curies":[{"name":"wp","href":"https:\/\/api.w.org\/{rel}","templated":true}]}}