{"id":740,"date":"2021-08-13T21:09:46","date_gmt":"2021-08-13T21:09:46","guid":{"rendered":"https:\/\/saida-plants.com\/?post_type=product&#038;p=740"},"modified":"2022-09-01T23:41:17","modified_gmt":"2022-09-01T23:41:17","slug":"haricots-noirs-secs-400g-%d9%81%d8%a7%d8%b5%d9%88%d9%84%d9%8a%d8%a7-%d8%b3%d9%88%d8%af%d8%a7%d8%a1","status":"publish","type":"product","link":"https:\/\/saida-plants.com\/ar\/product\/haricots-noirs-secs-400g-%d9%81%d8%a7%d8%b5%d9%88%d9%84%d9%8a%d8%a7-%d8%b3%d9%88%d8%af%d8%a7%d8%a1\/","title":{"rendered":"Haricots Noirs Secs 400g (\u0641\u0627\u0635\u0648\u0644\u064a\u0627 \u0633\u0648\u062f\u0627\u0621)"},"content":{"rendered":"<h1><b>LES <a href=\"https:\/\/saida-plants.com\/ar\/resources-page\/\">BIENFAITS<\/a> DES\u00a0HARICOTS NOIRS SECS 1Kg<\/b><\/h1>\n<p>Aliments 100% naturels, ne contenant aucun conservateur ou ingr\u00e9dient chimique.<\/p>\n<p>Les haricots noirs bio sont riches en fibres et en prot\u00e9ines. Laisser les tremper 12H \u00e0 16H puis d\u00e9marrer la cuisson dans l\u2019eau froide. Laisser cuire les haricots environ 1H15 apr\u00e8s \u00e9bullition.<\/p>\n<p>Les haricots noirs sont de petits haricots entiers, secs et fonc\u00e9s. Ces haricots noirs devraient tremper toute la nuit, et cuire ensuite pendant environ 1 heure (ou jusqu&rsquo;\u00e0 ce qu&rsquo;ils soient tendres). Les haricots cuits peuvent \u00eatre utilis\u00e9s en salade, en soupe, en mijot\u00e9, comme trempette, et bien plus.<\/p>\n<h2><strong>Ingr\u00e9dients :<\/strong><\/h2>\n<p>Haricots noirs bio<\/p>\n<p>Valeur nutritionnelle pour 100g :<\/p>\n<p>Valeur \u00e9nerg\u00e9tique : 1102 kj<\/p>\n<p>Valeur \u00e9nerg\u00e9tique : 259 kcal<\/p>\n<p>Mati\u00e8res grasses : 0.6 g<\/p>\n<p>dont acides gras satur\u00e9s : 0.1 g<\/p>\n<p>Glucides : 37.6 g<\/p>\n<p>dont sucre : 0.1 g<\/p>\n<p>Fibres : 22.8 g<\/p>\n<p>Prot\u00e9ines : 25.9 g<\/p>\n<p>Sel : 0.01 g<\/p>\n<h3><b>Informations de <a href=\"http:\/\/www.digitalgifty.com\">livraison<\/a><\/b><\/h3>\n<ul>\n<li>Livraison assur\u00e9e par SaidaPlants, sous 24H \u00e0 Marrakech et sous 1 \u00e0 5 jours pour les autres villes du Maroc.<\/li>\n<li>Exp\u00e9dition pour les commandes \u00e0 l\u2019international sous 1 jour ouvr\u00e9. Les d\u00e9lais de livraison sont variables selon la destination et le mode de livraison choisi.<\/li>\n<\/ul>","protected":false},"excerpt":{"rendered":"<h2 style=\"text-align: center;\"><b>LES BIENFAITS DES\u00a0HARICOTS NOIRS SECS 1Kg<\/b><\/h2>\n<p style=\"text-align: center;\">Aliments 100% naturels, ne contenant aucun conservateur ou ingr\u00e9dient chimique.<\/p>\n<p style=\"text-align: center;\">Les haricots noirs bio sont riches en fibres et en prot\u00e9ines. Laisser les tremper 12H \u00e0 16H puis d\u00e9marrer la cuisson dans l\u2019eau froide. Laisser cuire les haricots environ 1H15 apr\u00e8s \u00e9bullition.<\/p>\n<p style=\"text-align: center;\">Les haricots noirs sont de petits haricots entiers, secs et fonc\u00e9s. Ces haricots noirs devraient tremper toute la nuit, et cuire ensuite pendant environ 1 heure (ou jusqu&rsquo;\u00e0 ce qu&rsquo;ils soient tendres). Les haricots cuits peuvent \u00eatre utilis\u00e9s en salade, en soupe, en mijot\u00e9, comme trempette, et bien plus.<\/p>\n<h2 style=\"text-align: center;\"><\/h2>","protected":false},"featured_media":958,"comment_status":"open","ping_status":"closed","template":"","meta":[],"product_cat":[15],"product_tag":[],"class_list":["post-740","product","type-product","status-publish","has-post-thumbnail","hentry","product_cat-grain-sans-glutain"],"yoast_head":"<!-- This site is optimized with the Yoast SEO plugin v19.13 - https:\/\/yoast.com\/wordpress\/plugins\/seo\/ -->\n<title>Haricots Noirs Secs 400g (\u0641\u0627\u0635\u0648\u0644\u064a\u0627 \u0633\u0648\u062f\u0627\u0621) - SaidaPlants<\/title>\n<meta name=\"description\" content=\"Haricots Noirs Secs - Nous faisons de notre mieux pour nos clients Obtenez le produit parfait et bio 100% fabriqu\u00e9 \u00e0 partir de la nature.\" \/>\n<meta name=\"robots\" content=\"index, follow, max-snippet:-1, max-image-preview:large, max-video-preview:-1\" \/>\n<link rel=\"canonical\" href=\"https:\/\/saida-plants.com\/ar\/product\/haricots-noirs-secs-400g-\u0641\u0627\u0635\u0648\u0644\u064a\u0627-\u0633\u0648\u062f\u0627\u0621\/\" \/>\n<meta property=\"og:locale\" content=\"ar_AR\" \/>\n<meta property=\"og:type\" content=\"article\" \/>\n<meta property=\"og:title\" content=\"Haricots Noirs Secs 400g (\u0641\u0627\u0635\u0648\u0644\u064a\u0627 \u0633\u0648\u062f\u0627\u0621) - SaidaPlants\" \/>\n<meta property=\"og:description\" content=\"Haricots Noirs Secs - Nous faisons de notre mieux pour nos clients Obtenez le produit parfait et bio 100% fabriqu\u00e9 \u00e0 partir de la nature.\" \/>\n<meta property=\"og:url\" content=\"https:\/\/saida-plants.com\/ar\/product\/haricots-noirs-secs-400g-\u0641\u0627\u0635\u0648\u0644\u064a\u0627-\u0633\u0648\u062f\u0627\u0621\/\" \/>\n<meta property=\"og:site_name\" content=\"SaidaPlants\" \/>\n<meta property=\"article:publisher\" content=\"https:\/\/www.facebook.com\/SaidaPlants\" \/>\n<meta property=\"article:modified_time\" content=\"2022-09-01T23:41:17+00:00\" \/>\n<meta property=\"og:image\" content=\"https:\/\/saida-plants.com\/wp-content\/uploads\/2021\/08\/lkjdne22m.jpg\" \/>\n\t<meta property=\"og:image:width\" content=\"500\" \/>\n\t<meta property=\"og:image:height\" content=\"500\" \/>\n\t<meta property=\"og:image:type\" content=\"image\/jpeg\" \/>\n<meta name=\"twitter:card\" content=\"summary_large_image\" \/>\n<meta name=\"twitter:label1\" content=\"\u0648\u0642\u062a \u0627\u0644\u0642\u0631\u0627\u0621\u0629 \u0627\u0644\u0645\u064f\u0642\u062f\u0651\u0631\" \/>\n\t<meta name=\"twitter:data1\" content=\"\u062f\u0642\u064a\u0642\u0629 \u0648\u0627\u062d\u062f\u0629\" \/>\n<script type=\"application\/ld+json\" class=\"yoast-schema-graph\">{\"@context\":\"https:\/\/schema.org\",\"@graph\":[{\"@type\":\"WebPage\",\"@id\":\"https:\/\/saida-plants.com\/product\/haricots-noirs-secs-400g-%d9%81%d8%a7%d8%b5%d9%88%d9%84%d9%8a%d8%a7-%d8%b3%d9%88%d8%af%d8%a7%d8%a1\/\",\"url\":\"https:\/\/saida-plants.com\/product\/haricots-noirs-secs-400g-%d9%81%d8%a7%d8%b5%d9%88%d9%84%d9%8a%d8%a7-%d8%b3%d9%88%d8%af%d8%a7%d8%a1\/\",\"name\":\"Haricots Noirs Secs 400g (\u0641\u0627\u0635\u0648\u0644\u064a\u0627 \u0633\u0648\u062f\u0627\u0621) - SaidaPlants\",\"isPartOf\":{\"@id\":\"https:\/\/saida-plants.com\/#website\"},\"datePublished\":\"2021-08-13T21:09:46+00:00\",\"dateModified\":\"2022-09-01T23:41:17+00:00\",\"description\":\"Haricots Noirs Secs - Nous faisons de notre mieux pour nos clients Obtenez le produit parfait et bio 100% fabriqu\u00e9 \u00e0 partir de la nature.\",\"breadcrumb\":{\"@id\":\"https:\/\/saida-plants.com\/product\/haricots-noirs-secs-400g-%d9%81%d8%a7%d8%b5%d9%88%d9%84%d9%8a%d8%a7-%d8%b3%d9%88%d8%af%d8%a7%d8%a1\/#breadcrumb\"},\"inLanguage\":\"ar\",\"potentialAction\":[{\"@type\":\"ReadAction\",\"target\":[\"https:\/\/saida-plants.com\/product\/haricots-noirs-secs-400g-%d9%81%d8%a7%d8%b5%d9%88%d9%84%d9%8a%d8%a7-%d8%b3%d9%88%d8%af%d8%a7%d8%a1\/\"]}]},{\"@type\":\"BreadcrumbList\",\"@id\":\"https:\/\/saida-plants.com\/product\/haricots-noirs-secs-400g-%d9%81%d8%a7%d8%b5%d9%88%d9%84%d9%8a%d8%a7-%d8%b3%d9%88%d8%af%d8%a7%d8%a1\/#breadcrumb\",\"itemListElement\":[{\"@type\":\"ListItem\",\"position\":1,\"name\":\"Home\",\"item\":\"https:\/\/saida-plants.com\/\"},{\"@type\":\"ListItem\",\"position\":2,\"name\":\"Shop\",\"item\":\"https:\/\/saida-plants.com\/ar\/shop\/\"},{\"@type\":\"ListItem\",\"position\":3,\"name\":\"Haricots Noirs Secs 400g (\u0641\u0627\u0635\u0648\u0644\u064a\u0627 \u0633\u0648\u062f\u0627\u0621)\"}]},{\"@type\":\"WebSite\",\"@id\":\"https:\/\/saida-plants.com\/#website\",\"url\":\"https:\/\/saida-plants.com\/\",\"name\":\"SaidaPlants\",\"description\":\"1er Boutique En ligne Produit 100% Bio\",\"publisher\":{\"@id\":\"https:\/\/saida-plants.com\/#organization\"},\"potentialAction\":[{\"@type\":\"SearchAction\",\"target\":{\"@type\":\"EntryPoint\",\"urlTemplate\":\"https:\/\/saida-plants.com\/?s={search_term_string}\"},\"query-input\":\"required name=search_term_string\"}],\"inLanguage\":\"ar\"},{\"@type\":\"Organization\",\"@id\":\"https:\/\/saida-plants.com\/#organization\",\"name\":\"SaidaPlants\",\"url\":\"https:\/\/saida-plants.com\/\",\"logo\":{\"@type\":\"ImageObject\",\"inLanguage\":\"ar\",\"@id\":\"https:\/\/saida-plants.com\/#\/schema\/logo\/image\/\",\"url\":\"https:\/\/saida-plants.com\/wp-content\/uploads\/2021\/08\/WhatsApp-Image-2021-08-11-at-17.44.40.jpeg\",\"contentUrl\":\"https:\/\/saida-plants.com\/wp-content\/uploads\/2021\/08\/WhatsApp-Image-2021-08-11-at-17.44.40.jpeg\",\"width\":1280,\"height\":463,\"caption\":\"SaidaPlants\"},\"image\":{\"@id\":\"https:\/\/saida-plants.com\/#\/schema\/logo\/image\/\"},\"sameAs\":[\"https:\/\/www.instagram.com\/saidaplants\/\",\"https:\/\/www.facebook.com\/SaidaPlants\"]}]}<\/script>\n<!-- \/ Yoast SEO plugin. -->","yoast_head_json":{"title":"Haricots Noirs Secs 400g (\u0641\u0627\u0635\u0648\u0644\u064a\u0627 \u0633\u0648\u062f\u0627\u0621) - SaidaPlants","description":"Haricots Noirs Secs - Nous faisons de notre mieux pour nos clients Obtenez le produit parfait et bio 100% fabriqu\u00e9 \u00e0 partir de la nature.","robots":{"index":"index","follow":"follow","max-snippet":"max-snippet:-1","max-image-preview":"max-image-preview:large","max-video-preview":"max-video-preview:-1"},"canonical":"https:\/\/saida-plants.com\/ar\/product\/haricots-noirs-secs-400g-\u0641\u0627\u0635\u0648\u0644\u064a\u0627-\u0633\u0648\u062f\u0627\u0621\/","og_locale":"ar_AR","og_type":"article","og_title":"Haricots Noirs Secs 400g (\u0641\u0627\u0635\u0648\u0644\u064a\u0627 \u0633\u0648\u062f\u0627\u0621) - SaidaPlants","og_description":"Haricots Noirs Secs - Nous faisons de notre mieux pour nos clients Obtenez le produit parfait et bio 100% fabriqu\u00e9 \u00e0 partir de la nature.","og_url":"https:\/\/saida-plants.com\/ar\/product\/haricots-noirs-secs-400g-\u0641\u0627\u0635\u0648\u0644\u064a\u0627-\u0633\u0648\u062f\u0627\u0621\/","og_site_name":"SaidaPlants","article_publisher":"https:\/\/www.facebook.com\/SaidaPlants","article_modified_time":"2022-09-01T23:41:17+00:00","og_image":[{"width":500,"height":500,"url":"https:\/\/saida-plants.com\/wp-content\/uploads\/2021\/08\/lkjdne22m.jpg","type":"image\/jpeg"}],"twitter_card":"summary_large_image","twitter_misc":{"\u0648\u0642\u062a \u0627\u0644\u0642\u0631\u0627\u0621\u0629 \u0627\u0644\u0645\u064f\u0642\u062f\u0651\u0631":"\u062f\u0642\u064a\u0642\u0629 \u0648\u0627\u062d\u062f\u0629"},"schema":{"@context":"https:\/\/schema.org","@graph":[{"@type":"WebPage","@id":"https:\/\/saida-plants.com\/product\/haricots-noirs-secs-400g-%d9%81%d8%a7%d8%b5%d9%88%d9%84%d9%8a%d8%a7-%d8%b3%d9%88%d8%af%d8%a7%d8%a1\/","url":"https:\/\/saida-plants.com\/product\/haricots-noirs-secs-400g-%d9%81%d8%a7%d8%b5%d9%88%d9%84%d9%8a%d8%a7-%d8%b3%d9%88%d8%af%d8%a7%d8%a1\/","name":"Haricots Noirs Secs 400g (\u0641\u0627\u0635\u0648\u0644\u064a\u0627 \u0633\u0648\u062f\u0627\u0621) - SaidaPlants","isPartOf":{"@id":"https:\/\/saida-plants.com\/#website"},"datePublished":"2021-08-13T21:09:46+00:00","dateModified":"2022-09-01T23:41:17+00:00","description":"Haricots Noirs Secs - Nous faisons de notre mieux pour nos clients Obtenez le produit parfait et bio 100% fabriqu\u00e9 \u00e0 partir de la nature.","breadcrumb":{"@id":"https:\/\/saida-plants.com\/product\/haricots-noirs-secs-400g-%d9%81%d8%a7%d8%b5%d9%88%d9%84%d9%8a%d8%a7-%d8%b3%d9%88%d8%af%d8%a7%d8%a1\/#breadcrumb"},"inLanguage":"ar","potentialAction":[{"@type":"ReadAction","target":["https:\/\/saida-plants.com\/product\/haricots-noirs-secs-400g-%d9%81%d8%a7%d8%b5%d9%88%d9%84%d9%8a%d8%a7-%d8%b3%d9%88%d8%af%d8%a7%d8%a1\/"]}]},{"@type":"BreadcrumbList","@id":"https:\/\/saida-plants.com\/product\/haricots-noirs-secs-400g-%d9%81%d8%a7%d8%b5%d9%88%d9%84%d9%8a%d8%a7-%d8%b3%d9%88%d8%af%d8%a7%d8%a1\/#breadcrumb","itemListElement":[{"@type":"ListItem","position":1,"name":"Home","item":"https:\/\/saida-plants.com\/"},{"@type":"ListItem","position":2,"name":"Shop","item":"https:\/\/saida-plants.com\/ar\/shop\/"},{"@type":"ListItem","position":3,"name":"Haricots Noirs Secs 400g (\u0641\u0627\u0635\u0648\u0644\u064a\u0627 \u0633\u0648\u062f\u0627\u0621)"}]},{"@type":"WebSite","@id":"https:\/\/saida-plants.com\/#website","url":"https:\/\/saida-plants.com\/","name":"SaidaPlants","description":"1er Boutique En ligne Produit 100% Bio","publisher":{"@id":"https:\/\/saida-plants.com\/#organization"},"potentialAction":[{"@type":"SearchAction","target":{"@type":"EntryPoint","urlTemplate":"https:\/\/saida-plants.com\/?s={search_term_string}"},"query-input":"required name=search_term_string"}],"inLanguage":"ar"},{"@type":"Organization","@id":"https:\/\/saida-plants.com\/#organization","name":"SaidaPlants","url":"https:\/\/saida-plants.com\/","logo":{"@type":"ImageObject","inLanguage":"ar","@id":"https:\/\/saida-plants.com\/#\/schema\/logo\/image\/","url":"https:\/\/saida-plants.com\/wp-content\/uploads\/2021\/08\/WhatsApp-Image-2021-08-11-at-17.44.40.jpeg","contentUrl":"https:\/\/saida-plants.com\/wp-content\/uploads\/2021\/08\/WhatsApp-Image-2021-08-11-at-17.44.40.jpeg","width":1280,"height":463,"caption":"SaidaPlants"},"image":{"@id":"https:\/\/saida-plants.com\/#\/schema\/logo\/image\/"},"sameAs":["https:\/\/www.instagram.com\/saidaplants\/","https:\/\/www.facebook.com\/SaidaPlants"]}]}},"_links":{"self":[{"href":"https:\/\/saida-plants.com\/ar\/wp-json\/wp\/v2\/product\/740"}],"collection":[{"href":"https:\/\/saida-plants.com\/ar\/wp-json\/wp\/v2\/product"}],"about":[{"href":"https:\/\/saida-plants.com\/ar\/wp-json\/wp\/v2\/types\/product"}],"replies":[{"embeddable":true,"href":"https:\/\/saida-plants.com\/ar\/wp-json\/wp\/v2\/comments?post=740"}],"wp:featuredmedia":[{"embeddable":true,"href":"https:\/\/saida-plants.com\/ar\/wp-json\/wp\/v2\/media\/958"}],"wp:attachment":[{"href":"https:\/\/saida-plants.com\/ar\/wp-json\/wp\/v2\/media?parent=740"}],"wp:term":[{"taxonomy":"product_cat","embeddable":true,"href":"https:\/\/saida-plants.com\/ar\/wp-json\/wp\/v2\/product_cat?post=740"},{"taxonomy":"product_tag","embeddable":true,"href":"https:\/\/saida-plants.com\/ar\/wp-json\/wp\/v2\/product_tag?post=740"}],"curies":[{"name":"wp","href":"https:\/\/api.w.org\/{rel}","templated":true}]}}