{"id":746,"date":"2021-08-14T01:02:56","date_gmt":"2021-08-14T01:02:56","guid":{"rendered":"https:\/\/saida-plants.com\/?post_type=product&#038;p=746"},"modified":"2021-08-14T01:02:56","modified_gmt":"2021-08-14T01:02:56","slug":"graines-de-cresson-100g-%d8%ad%d8%a8-%d8%a7%d9%84%d8%b1%d8%b4%d8%a7%d8%af","status":"publish","type":"product","link":"https:\/\/saida-plants.com\/ar\/product\/graines-de-cresson-100g-%d8%ad%d8%a8-%d8%a7%d9%84%d8%b1%d8%b4%d8%a7%d8%af\/","title":{"rendered":"Graines de cresson 100g (\u062d\u0628 \u0627\u0644\u0631\u0634\u0627\u062f)"},"content":{"rendered":"<h1><b>LES BIENFAITS DES\u00a0GRAINES DE CRESSON<\/b><\/h1>\n<p><b>ALIMENTS<\/b> 100% naturels, ne contenant aucun conservateur ou ingr\u00e9dient chimique.<\/p>\n<p><a href=\"https:\/\/saida-plants.com\/ar\/product\/graines-de-psyllium-100g-%d8%a8%d8%b3%d9%84%d9%8a%d9%88%d9%85-%d8%a8%d8%b0%d9%88%d8%b1-%d9%82%d8%a7%d8%b7%d9%88%d9%86%d8%a9-%d8%a8%d8%b0%d9%88%d8%b1-%d9%82%d8%b7%d9%88%d9%86%d8%a9\/\">Graines<\/a> de cresson (\u062d\u0628 \u0627\u0644\u0631\u0634\u0627\u062f)<\/p>\n<p>La graine de cresson est g\u00e9n\u00e9ralement appel\u00e9 cresson. C\u2019est une herbe comestible \u00e0 croissance rapide qui est \u00e9troitement li\u00e9e \u00e0 la moutarde et au cresson de fontaine. En raison de sa saveur piquante, la graine de cresson est tr\u00e8s populaire comme garniture pour les p\u00e2tes ou les sandwichs.<\/p>\n<p>Cependant, le cresson cru pourrait \u00eatre consomm\u00e9 sous forme de pousses pour \u00eatre ajout\u00e9 \u00e0 la salade et \u00e0 la soupe parce qu\u2019ils sont fondamentalement comme des mini-l\u00e9gumes \u00e0 feuilles.<\/p>\n<h2>Vertus sant\u00e9:<\/h2>\n<p>&#8211; R\u00e9duit les sympt\u00f4mes de l\u2019asthme<br \/>\n&#8211; Excellent pour la perte de poids<br \/>\n&#8211; Solution naturelle \u00e0 la constipation<br \/>\n&#8211; Utilis\u00e9 comme amplificateur d\u2019immunit\u00e9<br \/>\n&#8211; Favorise la production de RBC<br \/>\n&#8211; Soigne l\u2019an\u00e9mie<br \/>\n&#8211; Aide \u00e0 normaliser le cycle menstruel<br \/>\n&#8211; <a href=\"http:\/\/www.digitalgifty.com\">Recommand\u00e9<\/a> pour la m\u00e8re pendant l\u2019allaitement maternel<br \/>\n&#8211; Excellent stimulateur de m\u00e9moire<br \/>\n&#8211; Pourrait agir comme expectorant naturel<br \/>\n&#8211; Traite certaines affections cutan\u00e9es<br \/>\n&#8211; Peut pr\u00e9venir la chute des cheveux<\/p>\n<h3><b>Informations de livraison<\/b><\/h3>\n<ul>\n<li>Livraison assur\u00e9e par SaidaPlants, sous 24H \u00e0 Marrakech et sous 1 \u00e0 5 jours pour les autres villes du Maroc.<\/li>\n<li>Exp\u00e9dition pour les commandes \u00e0 l\u2019international sous 1 jour ouvr\u00e9. Les d\u00e9lais de livraison sont variables selon la destination et le mode de livraison choisi.<\/li>\n<\/ul>","protected":false},"excerpt":{"rendered":"<h1 style=\"text-align: center;\"><b>LES BIENFAITS DES\u00a0GRAINES DE CRESSON<\/b><\/h1>\n<p style=\"text-align: center;\"><b>ALIMENTS<\/b> 100% naturels, ne contenant aucun conservateur ou ingr\u00e9dient chimique.<\/p>\n<p style=\"text-align: center;\">Graines de cresson (\u062d\u0628 \u0627\u0644\u0631\u0634\u0627\u062f)<\/p>\n<p style=\"text-align: center;\">La graine de cresson est g\u00e9n\u00e9ralement appel\u00e9 cresson. C\u2019est une herbe comestible \u00e0 croissance rapide qui est \u00e9troitement li\u00e9e \u00e0 la moutarde et au cresson de fontaine. En raison de sa saveur piquante, la graine de cresson est tr\u00e8s populaire comme garniture pour les p\u00e2tes ou les sandwichs.<\/p>\n<p style=\"text-align: center;\">Cependant, le cresson cru pourrait \u00eatre consomm\u00e9 sous forme de pousses pour \u00eatre ajout\u00e9 \u00e0 la salade et \u00e0 la soupe parce qu\u2019ils sont fondamentalement comme des mini-l\u00e9gumes \u00e0 feuilles.<\/p>","protected":false},"featured_media":747,"comment_status":"open","ping_status":"closed","template":"","meta":[],"product_cat":[15],"product_tag":[],"class_list":["post-746","product","type-product","status-publish","has-post-thumbnail","hentry","product_cat-grain-sans-glutain"],"yoast_head":"<!-- This site is optimized with the Yoast SEO plugin v19.13 - https:\/\/yoast.com\/wordpress\/plugins\/seo\/ -->\n<title>Graines de cresson 100g (\u062d\u0628 \u0627\u0644\u0631\u0634\u0627\u062f) - SaidaPlants<\/title>\n<meta name=\"description\" content=\"Graines de cresson - Nous faisons de notre mieux pour nos clients Obtenez le produit parfait et bio 100% fabriqu\u00e9 \u00e0 partir de la nature.\" \/>\n<meta name=\"robots\" content=\"index, follow, max-snippet:-1, max-image-preview:large, max-video-preview:-1\" \/>\n<link rel=\"canonical\" href=\"https:\/\/saida-plants.com\/ar\/product\/graines-de-cresson-100g-\u062d\u0628-\u0627\u0644\u0631\u0634\u0627\u062f\/\" \/>\n<meta property=\"og:locale\" content=\"ar_AR\" \/>\n<meta property=\"og:type\" content=\"article\" \/>\n<meta property=\"og:title\" content=\"Graines de cresson 100g (\u062d\u0628 \u0627\u0644\u0631\u0634\u0627\u062f) - SaidaPlants\" \/>\n<meta property=\"og:description\" content=\"Graines de cresson - Nous faisons de notre mieux pour nos clients Obtenez le produit parfait et bio 100% fabriqu\u00e9 \u00e0 partir de la nature.\" \/>\n<meta property=\"og:url\" content=\"https:\/\/saida-plants.com\/ar\/product\/graines-de-cresson-100g-\u062d\u0628-\u0627\u0644\u0631\u0634\u0627\u062f\/\" \/>\n<meta property=\"og:site_name\" content=\"SaidaPlants\" \/>\n<meta property=\"article:publisher\" content=\"https:\/\/www.facebook.com\/SaidaPlants\" \/>\n<meta property=\"og:image\" content=\"https:\/\/saida-plants.com\/wp-content\/uploads\/2021\/08\/0004-1200x800.png\" \/>\n\t<meta property=\"og:image:width\" content=\"1200\" \/>\n\t<meta property=\"og:image:height\" content=\"800\" \/>\n\t<meta property=\"og:image:type\" content=\"image\/png\" \/>\n<meta name=\"twitter:card\" content=\"summary_large_image\" \/>\n<meta name=\"twitter:label1\" content=\"\u0648\u0642\u062a \u0627\u0644\u0642\u0631\u0627\u0621\u0629 \u0627\u0644\u0645\u064f\u0642\u062f\u0651\u0631\" \/>\n\t<meta name=\"twitter:data1\" content=\"\u062f\u0642\u064a\u0642\u0629 \u0648\u0627\u062d\u062f\u0629\" \/>\n<script type=\"application\/ld+json\" class=\"yoast-schema-graph\">{\"@context\":\"https:\/\/schema.org\",\"@graph\":[{\"@type\":\"WebPage\",\"@id\":\"https:\/\/saida-plants.com\/product\/graines-de-cresson-100g-%d8%ad%d8%a8-%d8%a7%d9%84%d8%b1%d8%b4%d8%a7%d8%af\/\",\"url\":\"https:\/\/saida-plants.com\/product\/graines-de-cresson-100g-%d8%ad%d8%a8-%d8%a7%d9%84%d8%b1%d8%b4%d8%a7%d8%af\/\",\"name\":\"Graines de cresson 100g (\u062d\u0628 \u0627\u0644\u0631\u0634\u0627\u062f) - SaidaPlants\",\"isPartOf\":{\"@id\":\"https:\/\/saida-plants.com\/#website\"},\"datePublished\":\"2021-08-14T01:02:56+00:00\",\"dateModified\":\"2021-08-14T01:02:56+00:00\",\"description\":\"Graines de cresson - Nous faisons de notre mieux pour nos clients Obtenez le produit parfait et bio 100% fabriqu\u00e9 \u00e0 partir de la nature.\",\"breadcrumb\":{\"@id\":\"https:\/\/saida-plants.com\/product\/graines-de-cresson-100g-%d8%ad%d8%a8-%d8%a7%d9%84%d8%b1%d8%b4%d8%a7%d8%af\/#breadcrumb\"},\"inLanguage\":\"ar\",\"potentialAction\":[{\"@type\":\"ReadAction\",\"target\":[\"https:\/\/saida-plants.com\/product\/graines-de-cresson-100g-%d8%ad%d8%a8-%d8%a7%d9%84%d8%b1%d8%b4%d8%a7%d8%af\/\"]}]},{\"@type\":\"BreadcrumbList\",\"@id\":\"https:\/\/saida-plants.com\/product\/graines-de-cresson-100g-%d8%ad%d8%a8-%d8%a7%d9%84%d8%b1%d8%b4%d8%a7%d8%af\/#breadcrumb\",\"itemListElement\":[{\"@type\":\"ListItem\",\"position\":1,\"name\":\"Home\",\"item\":\"https:\/\/saida-plants.com\/\"},{\"@type\":\"ListItem\",\"position\":2,\"name\":\"Shop\",\"item\":\"https:\/\/saida-plants.com\/ar\/shop\/\"},{\"@type\":\"ListItem\",\"position\":3,\"name\":\"Graines de cresson 100g (\u062d\u0628 \u0627\u0644\u0631\u0634\u0627\u062f)\"}]},{\"@type\":\"WebSite\",\"@id\":\"https:\/\/saida-plants.com\/#website\",\"url\":\"https:\/\/saida-plants.com\/\",\"name\":\"SaidaPlants\",\"description\":\"1er Boutique En ligne Produit 100% Bio\",\"publisher\":{\"@id\":\"https:\/\/saida-plants.com\/#organization\"},\"potentialAction\":[{\"@type\":\"SearchAction\",\"target\":{\"@type\":\"EntryPoint\",\"urlTemplate\":\"https:\/\/saida-plants.com\/?s={search_term_string}\"},\"query-input\":\"required name=search_term_string\"}],\"inLanguage\":\"ar\"},{\"@type\":\"Organization\",\"@id\":\"https:\/\/saida-plants.com\/#organization\",\"name\":\"SaidaPlants\",\"url\":\"https:\/\/saida-plants.com\/\",\"logo\":{\"@type\":\"ImageObject\",\"inLanguage\":\"ar\",\"@id\":\"https:\/\/saida-plants.com\/#\/schema\/logo\/image\/\",\"url\":\"https:\/\/saida-plants.com\/wp-content\/uploads\/2021\/08\/WhatsApp-Image-2021-08-11-at-17.44.40.jpeg\",\"contentUrl\":\"https:\/\/saida-plants.com\/wp-content\/uploads\/2021\/08\/WhatsApp-Image-2021-08-11-at-17.44.40.jpeg\",\"width\":1280,\"height\":463,\"caption\":\"SaidaPlants\"},\"image\":{\"@id\":\"https:\/\/saida-plants.com\/#\/schema\/logo\/image\/\"},\"sameAs\":[\"https:\/\/www.instagram.com\/saidaplants\/\",\"https:\/\/www.facebook.com\/SaidaPlants\"]}]}<\/script>\n<!-- \/ Yoast SEO plugin. -->","yoast_head_json":{"title":"Graines de cresson 100g (\u062d\u0628 \u0627\u0644\u0631\u0634\u0627\u062f) - SaidaPlants","description":"Graines de cresson - Nous faisons de notre mieux pour nos clients Obtenez le produit parfait et bio 100% fabriqu\u00e9 \u00e0 partir de la nature.","robots":{"index":"index","follow":"follow","max-snippet":"max-snippet:-1","max-image-preview":"max-image-preview:large","max-video-preview":"max-video-preview:-1"},"canonical":"https:\/\/saida-plants.com\/ar\/product\/graines-de-cresson-100g-\u062d\u0628-\u0627\u0644\u0631\u0634\u0627\u062f\/","og_locale":"ar_AR","og_type":"article","og_title":"Graines de cresson 100g (\u062d\u0628 \u0627\u0644\u0631\u0634\u0627\u062f) - SaidaPlants","og_description":"Graines de cresson - Nous faisons de notre mieux pour nos clients Obtenez le produit parfait et bio 100% fabriqu\u00e9 \u00e0 partir de la nature.","og_url":"https:\/\/saida-plants.com\/ar\/product\/graines-de-cresson-100g-\u062d\u0628-\u0627\u0644\u0631\u0634\u0627\u062f\/","og_site_name":"SaidaPlants","article_publisher":"https:\/\/www.facebook.com\/SaidaPlants","og_image":[{"width":1200,"height":800,"url":"https:\/\/saida-plants.com\/wp-content\/uploads\/2021\/08\/0004-1200x800.png","type":"image\/png"}],"twitter_card":"summary_large_image","twitter_misc":{"\u0648\u0642\u062a \u0627\u0644\u0642\u0631\u0627\u0621\u0629 \u0627\u0644\u0645\u064f\u0642\u062f\u0651\u0631":"\u062f\u0642\u064a\u0642\u0629 \u0648\u0627\u062d\u062f\u0629"},"schema":{"@context":"https:\/\/schema.org","@graph":[{"@type":"WebPage","@id":"https:\/\/saida-plants.com\/product\/graines-de-cresson-100g-%d8%ad%d8%a8-%d8%a7%d9%84%d8%b1%d8%b4%d8%a7%d8%af\/","url":"https:\/\/saida-plants.com\/product\/graines-de-cresson-100g-%d8%ad%d8%a8-%d8%a7%d9%84%d8%b1%d8%b4%d8%a7%d8%af\/","name":"Graines de cresson 100g (\u062d\u0628 \u0627\u0644\u0631\u0634\u0627\u062f) - SaidaPlants","isPartOf":{"@id":"https:\/\/saida-plants.com\/#website"},"datePublished":"2021-08-14T01:02:56+00:00","dateModified":"2021-08-14T01:02:56+00:00","description":"Graines de cresson - Nous faisons de notre mieux pour nos clients Obtenez le produit parfait et bio 100% fabriqu\u00e9 \u00e0 partir de la nature.","breadcrumb":{"@id":"https:\/\/saida-plants.com\/product\/graines-de-cresson-100g-%d8%ad%d8%a8-%d8%a7%d9%84%d8%b1%d8%b4%d8%a7%d8%af\/#breadcrumb"},"inLanguage":"ar","potentialAction":[{"@type":"ReadAction","target":["https:\/\/saida-plants.com\/product\/graines-de-cresson-100g-%d8%ad%d8%a8-%d8%a7%d9%84%d8%b1%d8%b4%d8%a7%d8%af\/"]}]},{"@type":"BreadcrumbList","@id":"https:\/\/saida-plants.com\/product\/graines-de-cresson-100g-%d8%ad%d8%a8-%d8%a7%d9%84%d8%b1%d8%b4%d8%a7%d8%af\/#breadcrumb","itemListElement":[{"@type":"ListItem","position":1,"name":"Home","item":"https:\/\/saida-plants.com\/"},{"@type":"ListItem","position":2,"name":"Shop","item":"https:\/\/saida-plants.com\/ar\/shop\/"},{"@type":"ListItem","position":3,"name":"Graines de cresson 100g (\u062d\u0628 \u0627\u0644\u0631\u0634\u0627\u062f)"}]},{"@type":"WebSite","@id":"https:\/\/saida-plants.com\/#website","url":"https:\/\/saida-plants.com\/","name":"SaidaPlants","description":"1er Boutique En ligne Produit 100% Bio","publisher":{"@id":"https:\/\/saida-plants.com\/#organization"},"potentialAction":[{"@type":"SearchAction","target":{"@type":"EntryPoint","urlTemplate":"https:\/\/saida-plants.com\/?s={search_term_string}"},"query-input":"required name=search_term_string"}],"inLanguage":"ar"},{"@type":"Organization","@id":"https:\/\/saida-plants.com\/#organization","name":"SaidaPlants","url":"https:\/\/saida-plants.com\/","logo":{"@type":"ImageObject","inLanguage":"ar","@id":"https:\/\/saida-plants.com\/#\/schema\/logo\/image\/","url":"https:\/\/saida-plants.com\/wp-content\/uploads\/2021\/08\/WhatsApp-Image-2021-08-11-at-17.44.40.jpeg","contentUrl":"https:\/\/saida-plants.com\/wp-content\/uploads\/2021\/08\/WhatsApp-Image-2021-08-11-at-17.44.40.jpeg","width":1280,"height":463,"caption":"SaidaPlants"},"image":{"@id":"https:\/\/saida-plants.com\/#\/schema\/logo\/image\/"},"sameAs":["https:\/\/www.instagram.com\/saidaplants\/","https:\/\/www.facebook.com\/SaidaPlants"]}]}},"_links":{"self":[{"href":"https:\/\/saida-plants.com\/ar\/wp-json\/wp\/v2\/product\/746"}],"collection":[{"href":"https:\/\/saida-plants.com\/ar\/wp-json\/wp\/v2\/product"}],"about":[{"href":"https:\/\/saida-plants.com\/ar\/wp-json\/wp\/v2\/types\/product"}],"replies":[{"embeddable":true,"href":"https:\/\/saida-plants.com\/ar\/wp-json\/wp\/v2\/comments?post=746"}],"wp:featuredmedia":[{"embeddable":true,"href":"https:\/\/saida-plants.com\/ar\/wp-json\/wp\/v2\/media\/747"}],"wp:attachment":[{"href":"https:\/\/saida-plants.com\/ar\/wp-json\/wp\/v2\/media?parent=746"}],"wp:term":[{"taxonomy":"product_cat","embeddable":true,"href":"https:\/\/saida-plants.com\/ar\/wp-json\/wp\/v2\/product_cat?post=746"},{"taxonomy":"product_tag","embeddable":true,"href":"https:\/\/saida-plants.com\/ar\/wp-json\/wp\/v2\/product_tag?post=746"}],"curies":[{"name":"wp","href":"https:\/\/api.w.org\/{rel}","templated":true}]}}