{"id":748,"date":"2021-09-10T15:15:48","date_gmt":"2021-09-10T15:15:48","guid":{"rendered":"https:\/\/saida-plants.com\/?post_type=product&#038;p=748"},"modified":"2021-09-10T15:15:48","modified_gmt":"2021-09-10T15:15:48","slug":"graines-de-fenugrec-helba-1kg-%d8%a7%d9%84%d8%ad%d9%84%d8%a8%d8%a9","status":"publish","type":"product","link":"https:\/\/saida-plants.com\/ar\/product\/graines-de-fenugrec-helba-1kg-%d8%a7%d9%84%d8%ad%d9%84%d8%a8%d8%a9\/","title":{"rendered":"Graines de Fenugrec &#8211; Helba 1Kg (\u0627\u0644\u062d\u0644\u0628\u0629)"},"content":{"rendered":"<h1><b>BIENFAITS DU Graines de Fenugrec 1Kg<\/b><\/h1>\n<p><a href=\"https:\/\/saida-plants.com\/ar\/shop\/\">Aliments<\/a> 100% naturels, ne contenant aucun conservateur ou ingr\u00e9dient chimique.<\/p>\n<p>Le fenugrec poss\u00e8de des vertus anti-inflammatoires, stimulantes et apaisantes, avec la capacit\u00e9 d\u2019ouvrir l\u2019app\u00e9tit, favorisant, entre autres, la prise de poids, ou encore de r\u00e9guler la glyc\u00e9mie.<\/p>\n<p>En r\u00e9sum\u00e9, la graine de fenugrec est consid\u00e9r\u00e9e, en m\u00e9decine traditionnelle, comme :<\/p>\n<ul>\n<li><b>stimulante neuromusculaire<\/b><\/li>\n<li><b>tonifiante<\/b><\/li>\n<li><b>ouvreuse d\u2019app\u00e9tit<\/b><\/li>\n<li><b>r\u00e9gulatrice des s\u00e9cr\u00e9tions pancr\u00e9atiques<\/b><\/li>\n<li><b>hypoglyc\u00e9miante (baisse le taux de sucre sanguin)<\/b><\/li>\n<li><b>hypolip\u00e9miante (baisse le taux de graisse)<\/b><\/li>\n<li><b>hypocholest\u00e9rol\u00e9miante (baisse le taux de cholest\u00e9rol dans le sang)<\/b><\/li>\n<li><b>digestif naturel<\/b><\/li>\n<li><b>antidouleur<\/b><\/li>\n<li><b>aphrodisiaque<\/b><\/li>\n<li><b>galactog\u00e8ne (stimule les mont\u00e9es de lait maternel)<\/b><\/li>\n<li><b>stomachique<\/b><\/li>\n<li><b>anti-inflammatoire<\/b><\/li>\n<\/ul>\n<h2><b>Composition d\u00e9taill\u00e9e de la riche petite Graines de Fenugrec<\/b><\/h2>\n<ul>\n<li><b>Prot\u00e9ines (30%)<\/b><\/li>\n<li><b>Glucides (20%)<\/b><\/li>\n<li><b>Lipides (10%)<\/b><\/li>\n<li><b>Min\u00e9raux : phosphore, fer, soufre, acide nicotinique, magn\u00e9sium, calcium, etc.<\/b><\/li>\n<li><b>vitamines : A, B1 et C, principalement<\/b><\/li>\n<li><b>saponines st\u00e9ro\u00efdiques : notamment diosg\u00e9nine et yamog\u00e9nine (compos\u00e9s ayant des propri\u00e9t\u00e9s similaires \u00e0 l\u2019\u0153strog\u00e8ne)<\/b><\/li>\n<li><b>alcalo\u00efdes : trigonelline, entre autres<\/b><\/li>\n<li><b>flavono\u00efdes : des antioxydants<\/b><\/li>\n<li><b>l\u00e9cithine<\/b><\/li>\n<li><b>fibres mucilagineuses (jusqu\u2019\u00e0 40%) : des galactomannanes<\/b><\/li>\n<li><b>huiles essentielles<\/b><\/li>\n<\/ul>\n<h3><b>UTILISATION INTERNE\u00a0<\/b><\/h3>\n<p>Permet de lutter contre la perte d&rsquo;app\u00e9tit et contre l&rsquo;an\u00e9mie. Fortifiant, utile \u00e0 la production du lait maternel. Gestion des troubles gastro-intestinaux : infections, probl\u00e8mes de digestion. Outil de maintien de l&rsquo;\u00e9quilibre du taux de sucre et du taux de cholest\u00e9rol. Anti-inflammatoire. Diur\u00e9tique. Stimule les contractions ut\u00e9rines.<\/p>\n<p>&nbsp;<\/p>\n<h3><b>UTILISATION <a href=\"http:\/\/www.plansho.com\">EXTERNE<\/a><\/b><\/h3>\n<p>Traitement des affections cutan\u00e9es : ecz\u00e9ma, br\u00fblures, acn\u00e9.\u00a0Douleurs articulaires\u00a0et musculaires. Utilis\u00e9 dans les cas d&rsquo;alop\u00e9cie.<\/p>\n<p>&nbsp;<\/p>\n<h3><b>CONTRE-INDICATIONS<\/b><\/h3>\n<p>L&rsquo;utilisation de fenugrec est d\u00e9conseill\u00e9e pendant la grossesse. Elle n&rsquo;est pas recommand\u00e9e chez les diab\u00e9tiques, \u00e0 moins d&rsquo;avoir re\u00e7u l&rsquo;accord d&rsquo;un professionnel de sant\u00e9. De plus, les personnes allergiques aux arachides sont susceptibles de ne pas supporter l&rsquo;absorption de fenugrec.<\/p>\n<h3><b>Informations de livraison<\/b><\/h3>\n<ul>\n<li>Livraison assur\u00e9e par SaidaPlants, sous 24H \u00e0 Marrakech et sous 1 \u00e0 5 jours pour les autres villes du Maroc.<\/li>\n<li>Exp\u00e9dition pour les commandes \u00e0 l\u2019international sous 1 jour ouvr\u00e9. Les d\u00e9lais de livraison sont variables selon la destination et le mode de livraison choisi.<\/li>\n<\/ul>","protected":false},"excerpt":{"rendered":"<h1 style=\"text-align: center;\"><b>BIENFAITS DU FENUGREC 1Kg<\/b><\/h1>\n<p style=\"text-align: center;\">Aliments 100% naturels, ne contenant aucun conservateur ou ingr\u00e9dient chimique.<\/p>\n<p style=\"text-align: center;\">\u00a0 Le fenugrec poss\u00e8de des vertus anti-inflammatoires, stimulantes et apaisantes, avec la capacit\u00e9 d\u2019ouvrir l\u2019app\u00e9tit, favorisant, entre autres, la prise de poids, ou encore de r\u00e9guler la glyc\u00e9mie.<\/p>\n<p style=\"text-align: center;\">En r\u00e9sum\u00e9, la graine de fenugrec est consid\u00e9r\u00e9e, en m\u00e9decine traditionnelle, comme :<\/p>\n<p style=\"text-align: center;\"><b>stimulante neuromusculaire<\/b><\/p>\n<p style=\"text-align: center;\"><b>tonifiante<\/b><\/p>\n<p style=\"text-align: center;\"><b>ouvreuse d\u2019app\u00e9tit<\/b><\/p>\n<p style=\"text-align: center;\"><b>r\u00e9gulatrice des s\u00e9cr\u00e9tions pancr\u00e9atiques<\/b><\/p>\n<p style=\"text-align: center;\"><b>hypoglyc\u00e9miante (baisse le taux de sucre sanguin)<\/b><\/p>\n<p style=\"text-align: center;\"><b>hypolip\u00e9miante (baisse le taux de graisse)<\/b><\/p>\n<p style=\"text-align: center;\"><b>hypocholest\u00e9rol\u00e9miante (baisse le taux de cholest\u00e9rol dans le sang)<\/b><\/p>\n<p style=\"text-align: center;\"><b>digestif naturel<\/b><\/p>\n<p style=\"text-align: center;\"><b>antidouleur<\/b><\/p>\n<p style=\"text-align: center;\"><b>aphrodisiaque<\/b><\/p>\n<p style=\"text-align: center;\"><b>galactog\u00e8ne (stimule les mont\u00e9es de lait maternel)<\/b><\/p>\n<p style=\"text-align: center;\"><b>stomachique<\/b><\/p>\n<p style=\"text-align: center;\"><b>anti-inflammatoire<\/b><\/p>","protected":false},"featured_media":913,"comment_status":"open","ping_status":"closed","template":"","meta":[],"product_cat":[15],"product_tag":[],"class_list":["post-748","product","type-product","status-publish","has-post-thumbnail","hentry","product_cat-grain-sans-glutain"],"yoast_head":"<!-- This site is optimized with the Yoast SEO plugin v19.13 - https:\/\/yoast.com\/wordpress\/plugins\/seo\/ -->\n<title>Graines de Fenugrec - Helba 1Kg (\u0627\u0644\u062d\u0644\u0628\u0629) - SaidaPlants<\/title>\n<meta name=\"description\" content=\"Graines de Fenugrec - Nous faisons de notre mieux pour nos clients Obtenez le produit parfait et bio 100% fabriqu\u00e9 \u00e0 partir de la nature.\" \/>\n<meta name=\"robots\" content=\"index, follow, max-snippet:-1, max-image-preview:large, max-video-preview:-1\" \/>\n<link rel=\"canonical\" href=\"https:\/\/saida-plants.com\/ar\/product\/graines-de-fenugrec-helba-1kg-\u0627\u0644\u062d\u0644\u0628\u0629\/\" \/>\n<meta property=\"og:locale\" content=\"ar_AR\" \/>\n<meta property=\"og:type\" content=\"article\" \/>\n<meta property=\"og:title\" content=\"Graines de Fenugrec - Helba 1Kg (\u0627\u0644\u062d\u0644\u0628\u0629) - SaidaPlants\" \/>\n<meta property=\"og:description\" content=\"Graines de Fenugrec - Nous faisons de notre mieux pour nos clients Obtenez le produit parfait et bio 100% fabriqu\u00e9 \u00e0 partir de la nature.\" \/>\n<meta property=\"og:url\" content=\"https:\/\/saida-plants.com\/ar\/product\/graines-de-fenugrec-helba-1kg-\u0627\u0644\u062d\u0644\u0628\u0629\/\" \/>\n<meta property=\"og:site_name\" content=\"SaidaPlants\" \/>\n<meta property=\"article:publisher\" content=\"https:\/\/www.facebook.com\/SaidaPlants\" \/>\n<meta property=\"og:image\" content=\"https:\/\/saida-plants.com\/wp-content\/uploads\/2021\/09\/ffe.jpg\" \/>\n\t<meta property=\"og:image:width\" content=\"445\" \/>\n\t<meta property=\"og:image:height\" content=\"593\" \/>\n\t<meta property=\"og:image:type\" content=\"image\/jpeg\" \/>\n<meta name=\"twitter:card\" content=\"summary_large_image\" \/>\n<meta name=\"twitter:label1\" content=\"\u0648\u0642\u062a \u0627\u0644\u0642\u0631\u0627\u0621\u0629 \u0627\u0644\u0645\u064f\u0642\u062f\u0651\u0631\" \/>\n\t<meta name=\"twitter:data1\" content=\"\u062f\u0642\u064a\u0642\u062a\u0627\u0646\" \/>\n<script type=\"application\/ld+json\" class=\"yoast-schema-graph\">{\"@context\":\"https:\/\/schema.org\",\"@graph\":[{\"@type\":\"WebPage\",\"@id\":\"https:\/\/saida-plants.com\/product\/graines-de-fenugrec-helba-1kg-%d8%a7%d9%84%d8%ad%d9%84%d8%a8%d8%a9\/\",\"url\":\"https:\/\/saida-plants.com\/product\/graines-de-fenugrec-helba-1kg-%d8%a7%d9%84%d8%ad%d9%84%d8%a8%d8%a9\/\",\"name\":\"Graines de Fenugrec - Helba 1Kg (\u0627\u0644\u062d\u0644\u0628\u0629) - SaidaPlants\",\"isPartOf\":{\"@id\":\"https:\/\/saida-plants.com\/#website\"},\"datePublished\":\"2021-09-10T15:15:48+00:00\",\"dateModified\":\"2021-09-10T15:15:48+00:00\",\"description\":\"Graines de Fenugrec - Nous faisons de notre mieux pour nos clients Obtenez le produit parfait et bio 100% fabriqu\u00e9 \u00e0 partir de la nature.\",\"breadcrumb\":{\"@id\":\"https:\/\/saida-plants.com\/product\/graines-de-fenugrec-helba-1kg-%d8%a7%d9%84%d8%ad%d9%84%d8%a8%d8%a9\/#breadcrumb\"},\"inLanguage\":\"ar\",\"potentialAction\":[{\"@type\":\"ReadAction\",\"target\":[\"https:\/\/saida-plants.com\/product\/graines-de-fenugrec-helba-1kg-%d8%a7%d9%84%d8%ad%d9%84%d8%a8%d8%a9\/\"]}]},{\"@type\":\"BreadcrumbList\",\"@id\":\"https:\/\/saida-plants.com\/product\/graines-de-fenugrec-helba-1kg-%d8%a7%d9%84%d8%ad%d9%84%d8%a8%d8%a9\/#breadcrumb\",\"itemListElement\":[{\"@type\":\"ListItem\",\"position\":1,\"name\":\"Home\",\"item\":\"https:\/\/saida-plants.com\/\"},{\"@type\":\"ListItem\",\"position\":2,\"name\":\"Shop\",\"item\":\"https:\/\/saida-plants.com\/ar\/shop\/\"},{\"@type\":\"ListItem\",\"position\":3,\"name\":\"Graines de Fenugrec &#8211; Helba 1Kg (\u0627\u0644\u062d\u0644\u0628\u0629)\"}]},{\"@type\":\"WebSite\",\"@id\":\"https:\/\/saida-plants.com\/#website\",\"url\":\"https:\/\/saida-plants.com\/\",\"name\":\"SaidaPlants\",\"description\":\"1er Boutique En ligne Produit 100% Bio\",\"publisher\":{\"@id\":\"https:\/\/saida-plants.com\/#organization\"},\"potentialAction\":[{\"@type\":\"SearchAction\",\"target\":{\"@type\":\"EntryPoint\",\"urlTemplate\":\"https:\/\/saida-plants.com\/?s={search_term_string}\"},\"query-input\":\"required name=search_term_string\"}],\"inLanguage\":\"ar\"},{\"@type\":\"Organization\",\"@id\":\"https:\/\/saida-plants.com\/#organization\",\"name\":\"SaidaPlants\",\"url\":\"https:\/\/saida-plants.com\/\",\"logo\":{\"@type\":\"ImageObject\",\"inLanguage\":\"ar\",\"@id\":\"https:\/\/saida-plants.com\/#\/schema\/logo\/image\/\",\"url\":\"https:\/\/saida-plants.com\/wp-content\/uploads\/2021\/08\/WhatsApp-Image-2021-08-11-at-17.44.40.jpeg\",\"contentUrl\":\"https:\/\/saida-plants.com\/wp-content\/uploads\/2021\/08\/WhatsApp-Image-2021-08-11-at-17.44.40.jpeg\",\"width\":1280,\"height\":463,\"caption\":\"SaidaPlants\"},\"image\":{\"@id\":\"https:\/\/saida-plants.com\/#\/schema\/logo\/image\/\"},\"sameAs\":[\"https:\/\/www.instagram.com\/saidaplants\/\",\"https:\/\/www.facebook.com\/SaidaPlants\"]}]}<\/script>\n<!-- \/ Yoast SEO plugin. -->","yoast_head_json":{"title":"Graines de Fenugrec - Helba 1Kg (\u0627\u0644\u062d\u0644\u0628\u0629) - SaidaPlants","description":"Graines de Fenugrec - Nous faisons de notre mieux pour nos clients Obtenez le produit parfait et bio 100% fabriqu\u00e9 \u00e0 partir de la nature.","robots":{"index":"index","follow":"follow","max-snippet":"max-snippet:-1","max-image-preview":"max-image-preview:large","max-video-preview":"max-video-preview:-1"},"canonical":"https:\/\/saida-plants.com\/ar\/product\/graines-de-fenugrec-helba-1kg-\u0627\u0644\u062d\u0644\u0628\u0629\/","og_locale":"ar_AR","og_type":"article","og_title":"Graines de Fenugrec - Helba 1Kg (\u0627\u0644\u062d\u0644\u0628\u0629) - SaidaPlants","og_description":"Graines de Fenugrec - Nous faisons de notre mieux pour nos clients Obtenez le produit parfait et bio 100% fabriqu\u00e9 \u00e0 partir de la nature.","og_url":"https:\/\/saida-plants.com\/ar\/product\/graines-de-fenugrec-helba-1kg-\u0627\u0644\u062d\u0644\u0628\u0629\/","og_site_name":"SaidaPlants","article_publisher":"https:\/\/www.facebook.com\/SaidaPlants","og_image":[{"width":445,"height":593,"url":"https:\/\/saida-plants.com\/wp-content\/uploads\/2021\/09\/ffe.jpg","type":"image\/jpeg"}],"twitter_card":"summary_large_image","twitter_misc":{"\u0648\u0642\u062a \u0627\u0644\u0642\u0631\u0627\u0621\u0629 \u0627\u0644\u0645\u064f\u0642\u062f\u0651\u0631":"\u062f\u0642\u064a\u0642\u062a\u0627\u0646"},"schema":{"@context":"https:\/\/schema.org","@graph":[{"@type":"WebPage","@id":"https:\/\/saida-plants.com\/product\/graines-de-fenugrec-helba-1kg-%d8%a7%d9%84%d8%ad%d9%84%d8%a8%d8%a9\/","url":"https:\/\/saida-plants.com\/product\/graines-de-fenugrec-helba-1kg-%d8%a7%d9%84%d8%ad%d9%84%d8%a8%d8%a9\/","name":"Graines de Fenugrec - Helba 1Kg (\u0627\u0644\u062d\u0644\u0628\u0629) - SaidaPlants","isPartOf":{"@id":"https:\/\/saida-plants.com\/#website"},"datePublished":"2021-09-10T15:15:48+00:00","dateModified":"2021-09-10T15:15:48+00:00","description":"Graines de Fenugrec - Nous faisons de notre mieux pour nos clients Obtenez le produit parfait et bio 100% fabriqu\u00e9 \u00e0 partir de la nature.","breadcrumb":{"@id":"https:\/\/saida-plants.com\/product\/graines-de-fenugrec-helba-1kg-%d8%a7%d9%84%d8%ad%d9%84%d8%a8%d8%a9\/#breadcrumb"},"inLanguage":"ar","potentialAction":[{"@type":"ReadAction","target":["https:\/\/saida-plants.com\/product\/graines-de-fenugrec-helba-1kg-%d8%a7%d9%84%d8%ad%d9%84%d8%a8%d8%a9\/"]}]},{"@type":"BreadcrumbList","@id":"https:\/\/saida-plants.com\/product\/graines-de-fenugrec-helba-1kg-%d8%a7%d9%84%d8%ad%d9%84%d8%a8%d8%a9\/#breadcrumb","itemListElement":[{"@type":"ListItem","position":1,"name":"Home","item":"https:\/\/saida-plants.com\/"},{"@type":"ListItem","position":2,"name":"Shop","item":"https:\/\/saida-plants.com\/ar\/shop\/"},{"@type":"ListItem","position":3,"name":"Graines de Fenugrec &#8211; Helba 1Kg (\u0627\u0644\u062d\u0644\u0628\u0629)"}]},{"@type":"WebSite","@id":"https:\/\/saida-plants.com\/#website","url":"https:\/\/saida-plants.com\/","name":"SaidaPlants","description":"1er Boutique En ligne Produit 100% Bio","publisher":{"@id":"https:\/\/saida-plants.com\/#organization"},"potentialAction":[{"@type":"SearchAction","target":{"@type":"EntryPoint","urlTemplate":"https:\/\/saida-plants.com\/?s={search_term_string}"},"query-input":"required name=search_term_string"}],"inLanguage":"ar"},{"@type":"Organization","@id":"https:\/\/saida-plants.com\/#organization","name":"SaidaPlants","url":"https:\/\/saida-plants.com\/","logo":{"@type":"ImageObject","inLanguage":"ar","@id":"https:\/\/saida-plants.com\/#\/schema\/logo\/image\/","url":"https:\/\/saida-plants.com\/wp-content\/uploads\/2021\/08\/WhatsApp-Image-2021-08-11-at-17.44.40.jpeg","contentUrl":"https:\/\/saida-plants.com\/wp-content\/uploads\/2021\/08\/WhatsApp-Image-2021-08-11-at-17.44.40.jpeg","width":1280,"height":463,"caption":"SaidaPlants"},"image":{"@id":"https:\/\/saida-plants.com\/#\/schema\/logo\/image\/"},"sameAs":["https:\/\/www.instagram.com\/saidaplants\/","https:\/\/www.facebook.com\/SaidaPlants"]}]}},"_links":{"self":[{"href":"https:\/\/saida-plants.com\/ar\/wp-json\/wp\/v2\/product\/748"}],"collection":[{"href":"https:\/\/saida-plants.com\/ar\/wp-json\/wp\/v2\/product"}],"about":[{"href":"https:\/\/saida-plants.com\/ar\/wp-json\/wp\/v2\/types\/product"}],"replies":[{"embeddable":true,"href":"https:\/\/saida-plants.com\/ar\/wp-json\/wp\/v2\/comments?post=748"}],"wp:featuredmedia":[{"embeddable":true,"href":"https:\/\/saida-plants.com\/ar\/wp-json\/wp\/v2\/media\/913"}],"wp:attachment":[{"href":"https:\/\/saida-plants.com\/ar\/wp-json\/wp\/v2\/media?parent=748"}],"wp:term":[{"taxonomy":"product_cat","embeddable":true,"href":"https:\/\/saida-plants.com\/ar\/wp-json\/wp\/v2\/product_cat?post=748"},{"taxonomy":"product_tag","embeddable":true,"href":"https:\/\/saida-plants.com\/ar\/wp-json\/wp\/v2\/product_tag?post=748"}],"curies":[{"name":"wp","href":"https:\/\/api.w.org\/{rel}","templated":true}]}}