{"id":751,"date":"2021-09-10T15:18:29","date_gmt":"2021-09-10T15:18:29","guid":{"rendered":"https:\/\/saida-plants.com\/?post_type=product&#038;p=751"},"modified":"2021-09-10T15:18:29","modified_gmt":"2021-09-10T15:18:29","slug":"graines-de-celeri-%d8%b2%d8%b1%d9%8a%d8%b9%d8%a9-%d8%a7%d9%84%d9%83%d8%b1%d8%a7%d9%81%d8%b3","status":"publish","type":"product","link":"https:\/\/saida-plants.com\/ar\/product\/graines-de-celeri-%d8%b2%d8%b1%d9%8a%d8%b9%d8%a9-%d8%a7%d9%84%d9%83%d8%b1%d8%a7%d9%81%d8%b3\/","title":{"rendered":"Graines de c\u00e9leri (\u0632\u0631\u064a\u0639\u0629 \u0627\u0644\u0643\u0631\u0627\u0641\u0633)"},"content":{"rendered":"<h1><b>BIENFAITS 100g<\/b><\/h1>\n<p>Aliments 100% <a href=\"https:\/\/saida-plants.com\/ar\/a-propos-de-nous\/\">naturels<\/a>, ne contenant aucun conservateur ou ingr\u00e9dient chimique<\/p>\n<p><b>D\u00e9nominations vernaculaires<\/b>\u00a0<b>:<\/b>\u00a0ache des marais, persil des marais ou encore ache odorante.<\/p>\n<p>Le c\u00e9leri est issu d\u2019une plante bisannuelle qui forme une rosette de feuilles basales la premi\u00e8re ann\u00e9e et ne fleurit que la seconde ann\u00e9e.\u00a0Ce sont les graines qui sont utilis\u00e9es comme \u00e9pice.<\/p>\n<p><b>Odeur et go\u00fbt<\/b>\u00a0<b>:\u00a0<\/b>Les graines de c\u00e9leri ont une odeur tr\u00e8s prononc\u00e9e de la plante. Elles ont un go\u00fbt amer rappelant celui de la muscade et du persil.<\/p>\n<p><b>Utilisation\u00a0:\u00a0<\/b>Les graines de c\u00e9leri sont utilis\u00e9es dans les saumures, les sauces et jus de\u00a0tomate. Elles rel\u00e8vent le go\u00fbt des salades d\u2019hiver.<\/p>\n<p><b>Se marie bien avec<\/b>\u00a0:<b>\u00a0<\/b>L\u2019ail et l\u2019oignon.<\/p>\n<p>Conservation : 3 ans<\/p>\n<h2><b>Informations de livraison<\/b><\/h2>\n<ul>\n<li>Livraison assur\u00e9e par SaidaPlants, sous 24H \u00e0 Marrakech et sous 1 \u00e0 5 jours pour les autres villes du Maroc.<\/li>\n<li>Exp\u00e9dition pour les commandes \u00e0 l\u2019international sous 1 jour ouvr\u00e9. Les d\u00e9lais de livraison sont variables selon la destination et le mode de livraison choisi.<\/li>\n<\/ul>","protected":false},"excerpt":{"rendered":"<h1 style=\"text-align: center;\"><b>BIENFAITS DES GRAINES DE C\u00c9LERI 100g<\/b><\/h1>\n<p style=\"text-align: center;\">Aliments 100% <a href=\"https:\/\/saida-plants.com\/ar\/a-propos-de-nous\/\">naturels<\/a>, ne contenant aucun conservateur ou ingr\u00e9dient chimique<\/p>\n<p style=\"text-align: center;\"><b>D\u00e9nominations vernaculaires<\/b>\u00a0<b>:<\/b>\u00a0ache des marais, persil des marais ou encore ache odorante.<\/p>\n<p style=\"text-align: center;\">Le c\u00e9leri est issu d\u2019une plante bisannuelle qui forme une rosette de feuilles basales la premi\u00e8re ann\u00e9e et ne fleurit que la seconde ann\u00e9e.\u00a0Ce sont les graines qui sont utilis\u00e9es comme \u00e9pice.<\/p>\n<p style=\"text-align: center;\"><b>Odeur et go\u00fbt<\/b>\u00a0<b>:\u00a0<\/b>Les graines de c\u00e9leri ont une odeur tr\u00e8s prononc\u00e9e de la plante. Elles ont un go\u00fbt amer rappelant celui de la muscade et du persil.<\/p>\n<p style=\"text-align: center;\"><b>Utilisation\u00a0:\u00a0<\/b>Les graines de c\u00e9leri sont utilis\u00e9es dans les saumures, les sauces et jus de\u00a0tomate. Elles rel\u00e8vent le go\u00fbt des salades d\u2019hiver.<\/p>\n<p style=\"text-align: center;\"><b>Se marie bien avec<\/b>\u00a0:<b>\u00a0<\/b>L\u2019ail et l\u2019oignon.<\/p>\n<p style=\"text-align: center;\">Conservation : 3 ans<\/p>","protected":false},"featured_media":915,"comment_status":"open","ping_status":"closed","template":"","meta":[],"product_cat":[15],"product_tag":[],"class_list":["post-751","product","type-product","status-publish","has-post-thumbnail","hentry","product_cat-grain-sans-glutain"],"yoast_head":"<!-- This site is optimized with the Yoast SEO plugin v19.13 - https:\/\/yoast.com\/wordpress\/plugins\/seo\/ -->\n<title>Graines de c\u00e9leri (\u0632\u0631\u064a\u0639\u0629 \u0627\u0644\u0643\u0631\u0627\u0641\u0633) - SaidaPlants<\/title>\n<meta name=\"description\" content=\"Graines de c\u00e9leri - Nous faisons de notre mieux pour nos clients Obtenez le produit parfait et bio 100% fabriqu\u00e9 \u00e0 partir de la nature.\" \/>\n<meta name=\"robots\" content=\"index, follow, max-snippet:-1, max-image-preview:large, max-video-preview:-1\" \/>\n<link rel=\"canonical\" href=\"https:\/\/saida-plants.com\/ar\/product\/graines-de-celeri-\u0632\u0631\u064a\u0639\u0629-\u0627\u0644\u0643\u0631\u0627\u0641\u0633\/\" \/>\n<meta property=\"og:locale\" content=\"ar_AR\" \/>\n<meta property=\"og:type\" content=\"article\" \/>\n<meta property=\"og:title\" content=\"Graines de c\u00e9leri (\u0632\u0631\u064a\u0639\u0629 \u0627\u0644\u0643\u0631\u0627\u0641\u0633) - SaidaPlants\" \/>\n<meta property=\"og:description\" content=\"Graines de c\u00e9leri - Nous faisons de notre mieux pour nos clients Obtenez le produit parfait et bio 100% fabriqu\u00e9 \u00e0 partir de la nature.\" \/>\n<meta property=\"og:url\" content=\"https:\/\/saida-plants.com\/ar\/product\/graines-de-celeri-\u0632\u0631\u064a\u0639\u0629-\u0627\u0644\u0643\u0631\u0627\u0641\u0633\/\" \/>\n<meta property=\"og:site_name\" content=\"SaidaPlants\" \/>\n<meta property=\"article:publisher\" content=\"https:\/\/www.facebook.com\/SaidaPlants\" \/>\n<meta property=\"og:image\" content=\"https:\/\/saida-plants.com\/wp-content\/uploads\/2021\/09\/khg.jpg\" \/>\n\t<meta property=\"og:image:width\" content=\"478\" \/>\n\t<meta property=\"og:image:height\" content=\"400\" \/>\n\t<meta property=\"og:image:type\" content=\"image\/jpeg\" \/>\n<meta name=\"twitter:card\" content=\"summary_large_image\" \/>\n<meta name=\"twitter:label1\" content=\"\u0648\u0642\u062a \u0627\u0644\u0642\u0631\u0627\u0621\u0629 \u0627\u0644\u0645\u064f\u0642\u062f\u0651\u0631\" \/>\n\t<meta name=\"twitter:data1\" content=\"\u062f\u0642\u064a\u0642\u0629 \u0648\u0627\u062d\u062f\u0629\" \/>\n<script type=\"application\/ld+json\" class=\"yoast-schema-graph\">{\"@context\":\"https:\/\/schema.org\",\"@graph\":[{\"@type\":\"WebPage\",\"@id\":\"https:\/\/saida-plants.com\/product\/graines-de-celeri-%d8%b2%d8%b1%d9%8a%d8%b9%d8%a9-%d8%a7%d9%84%d9%83%d8%b1%d8%a7%d9%81%d8%b3\/\",\"url\":\"https:\/\/saida-plants.com\/product\/graines-de-celeri-%d8%b2%d8%b1%d9%8a%d8%b9%d8%a9-%d8%a7%d9%84%d9%83%d8%b1%d8%a7%d9%81%d8%b3\/\",\"name\":\"Graines de c\u00e9leri (\u0632\u0631\u064a\u0639\u0629 \u0627\u0644\u0643\u0631\u0627\u0641\u0633) - SaidaPlants\",\"isPartOf\":{\"@id\":\"https:\/\/saida-plants.com\/#website\"},\"datePublished\":\"2021-09-10T15:18:29+00:00\",\"dateModified\":\"2021-09-10T15:18:29+00:00\",\"description\":\"Graines de c\u00e9leri - Nous faisons de notre mieux pour nos clients Obtenez le produit parfait et bio 100% fabriqu\u00e9 \u00e0 partir de la nature.\",\"breadcrumb\":{\"@id\":\"https:\/\/saida-plants.com\/product\/graines-de-celeri-%d8%b2%d8%b1%d9%8a%d8%b9%d8%a9-%d8%a7%d9%84%d9%83%d8%b1%d8%a7%d9%81%d8%b3\/#breadcrumb\"},\"inLanguage\":\"ar\",\"potentialAction\":[{\"@type\":\"ReadAction\",\"target\":[\"https:\/\/saida-plants.com\/product\/graines-de-celeri-%d8%b2%d8%b1%d9%8a%d8%b9%d8%a9-%d8%a7%d9%84%d9%83%d8%b1%d8%a7%d9%81%d8%b3\/\"]}]},{\"@type\":\"BreadcrumbList\",\"@id\":\"https:\/\/saida-plants.com\/product\/graines-de-celeri-%d8%b2%d8%b1%d9%8a%d8%b9%d8%a9-%d8%a7%d9%84%d9%83%d8%b1%d8%a7%d9%81%d8%b3\/#breadcrumb\",\"itemListElement\":[{\"@type\":\"ListItem\",\"position\":1,\"name\":\"Home\",\"item\":\"https:\/\/saida-plants.com\/\"},{\"@type\":\"ListItem\",\"position\":2,\"name\":\"Shop\",\"item\":\"https:\/\/saida-plants.com\/ar\/shop\/\"},{\"@type\":\"ListItem\",\"position\":3,\"name\":\"Graines de c\u00e9leri (\u0632\u0631\u064a\u0639\u0629 \u0627\u0644\u0643\u0631\u0627\u0641\u0633)\"}]},{\"@type\":\"WebSite\",\"@id\":\"https:\/\/saida-plants.com\/#website\",\"url\":\"https:\/\/saida-plants.com\/\",\"name\":\"SaidaPlants\",\"description\":\"1er Boutique En ligne Produit 100% Bio\",\"publisher\":{\"@id\":\"https:\/\/saida-plants.com\/#organization\"},\"potentialAction\":[{\"@type\":\"SearchAction\",\"target\":{\"@type\":\"EntryPoint\",\"urlTemplate\":\"https:\/\/saida-plants.com\/?s={search_term_string}\"},\"query-input\":\"required name=search_term_string\"}],\"inLanguage\":\"ar\"},{\"@type\":\"Organization\",\"@id\":\"https:\/\/saida-plants.com\/#organization\",\"name\":\"SaidaPlants\",\"url\":\"https:\/\/saida-plants.com\/\",\"logo\":{\"@type\":\"ImageObject\",\"inLanguage\":\"ar\",\"@id\":\"https:\/\/saida-plants.com\/#\/schema\/logo\/image\/\",\"url\":\"https:\/\/saida-plants.com\/wp-content\/uploads\/2021\/08\/WhatsApp-Image-2021-08-11-at-17.44.40.jpeg\",\"contentUrl\":\"https:\/\/saida-plants.com\/wp-content\/uploads\/2021\/08\/WhatsApp-Image-2021-08-11-at-17.44.40.jpeg\",\"width\":1280,\"height\":463,\"caption\":\"SaidaPlants\"},\"image\":{\"@id\":\"https:\/\/saida-plants.com\/#\/schema\/logo\/image\/\"},\"sameAs\":[\"https:\/\/www.instagram.com\/saidaplants\/\",\"https:\/\/www.facebook.com\/SaidaPlants\"]}]}<\/script>\n<!-- \/ Yoast SEO plugin. -->","yoast_head_json":{"title":"Graines de c\u00e9leri (\u0632\u0631\u064a\u0639\u0629 \u0627\u0644\u0643\u0631\u0627\u0641\u0633) - SaidaPlants","description":"Graines de c\u00e9leri - Nous faisons de notre mieux pour nos clients Obtenez le produit parfait et bio 100% fabriqu\u00e9 \u00e0 partir de la nature.","robots":{"index":"index","follow":"follow","max-snippet":"max-snippet:-1","max-image-preview":"max-image-preview:large","max-video-preview":"max-video-preview:-1"},"canonical":"https:\/\/saida-plants.com\/ar\/product\/graines-de-celeri-\u0632\u0631\u064a\u0639\u0629-\u0627\u0644\u0643\u0631\u0627\u0641\u0633\/","og_locale":"ar_AR","og_type":"article","og_title":"Graines de c\u00e9leri (\u0632\u0631\u064a\u0639\u0629 \u0627\u0644\u0643\u0631\u0627\u0641\u0633) - SaidaPlants","og_description":"Graines de c\u00e9leri - Nous faisons de notre mieux pour nos clients Obtenez le produit parfait et bio 100% fabriqu\u00e9 \u00e0 partir de la nature.","og_url":"https:\/\/saida-plants.com\/ar\/product\/graines-de-celeri-\u0632\u0631\u064a\u0639\u0629-\u0627\u0644\u0643\u0631\u0627\u0641\u0633\/","og_site_name":"SaidaPlants","article_publisher":"https:\/\/www.facebook.com\/SaidaPlants","og_image":[{"width":478,"height":400,"url":"https:\/\/saida-plants.com\/wp-content\/uploads\/2021\/09\/khg.jpg","type":"image\/jpeg"}],"twitter_card":"summary_large_image","twitter_misc":{"\u0648\u0642\u062a \u0627\u0644\u0642\u0631\u0627\u0621\u0629 \u0627\u0644\u0645\u064f\u0642\u062f\u0651\u0631":"\u062f\u0642\u064a\u0642\u0629 \u0648\u0627\u062d\u062f\u0629"},"schema":{"@context":"https:\/\/schema.org","@graph":[{"@type":"WebPage","@id":"https:\/\/saida-plants.com\/product\/graines-de-celeri-%d8%b2%d8%b1%d9%8a%d8%b9%d8%a9-%d8%a7%d9%84%d9%83%d8%b1%d8%a7%d9%81%d8%b3\/","url":"https:\/\/saida-plants.com\/product\/graines-de-celeri-%d8%b2%d8%b1%d9%8a%d8%b9%d8%a9-%d8%a7%d9%84%d9%83%d8%b1%d8%a7%d9%81%d8%b3\/","name":"Graines de c\u00e9leri (\u0632\u0631\u064a\u0639\u0629 \u0627\u0644\u0643\u0631\u0627\u0641\u0633) - SaidaPlants","isPartOf":{"@id":"https:\/\/saida-plants.com\/#website"},"datePublished":"2021-09-10T15:18:29+00:00","dateModified":"2021-09-10T15:18:29+00:00","description":"Graines de c\u00e9leri - Nous faisons de notre mieux pour nos clients Obtenez le produit parfait et bio 100% fabriqu\u00e9 \u00e0 partir de la nature.","breadcrumb":{"@id":"https:\/\/saida-plants.com\/product\/graines-de-celeri-%d8%b2%d8%b1%d9%8a%d8%b9%d8%a9-%d8%a7%d9%84%d9%83%d8%b1%d8%a7%d9%81%d8%b3\/#breadcrumb"},"inLanguage":"ar","potentialAction":[{"@type":"ReadAction","target":["https:\/\/saida-plants.com\/product\/graines-de-celeri-%d8%b2%d8%b1%d9%8a%d8%b9%d8%a9-%d8%a7%d9%84%d9%83%d8%b1%d8%a7%d9%81%d8%b3\/"]}]},{"@type":"BreadcrumbList","@id":"https:\/\/saida-plants.com\/product\/graines-de-celeri-%d8%b2%d8%b1%d9%8a%d8%b9%d8%a9-%d8%a7%d9%84%d9%83%d8%b1%d8%a7%d9%81%d8%b3\/#breadcrumb","itemListElement":[{"@type":"ListItem","position":1,"name":"Home","item":"https:\/\/saida-plants.com\/"},{"@type":"ListItem","position":2,"name":"Shop","item":"https:\/\/saida-plants.com\/ar\/shop\/"},{"@type":"ListItem","position":3,"name":"Graines de c\u00e9leri (\u0632\u0631\u064a\u0639\u0629 \u0627\u0644\u0643\u0631\u0627\u0641\u0633)"}]},{"@type":"WebSite","@id":"https:\/\/saida-plants.com\/#website","url":"https:\/\/saida-plants.com\/","name":"SaidaPlants","description":"1er Boutique En ligne Produit 100% Bio","publisher":{"@id":"https:\/\/saida-plants.com\/#organization"},"potentialAction":[{"@type":"SearchAction","target":{"@type":"EntryPoint","urlTemplate":"https:\/\/saida-plants.com\/?s={search_term_string}"},"query-input":"required name=search_term_string"}],"inLanguage":"ar"},{"@type":"Organization","@id":"https:\/\/saida-plants.com\/#organization","name":"SaidaPlants","url":"https:\/\/saida-plants.com\/","logo":{"@type":"ImageObject","inLanguage":"ar","@id":"https:\/\/saida-plants.com\/#\/schema\/logo\/image\/","url":"https:\/\/saida-plants.com\/wp-content\/uploads\/2021\/08\/WhatsApp-Image-2021-08-11-at-17.44.40.jpeg","contentUrl":"https:\/\/saida-plants.com\/wp-content\/uploads\/2021\/08\/WhatsApp-Image-2021-08-11-at-17.44.40.jpeg","width":1280,"height":463,"caption":"SaidaPlants"},"image":{"@id":"https:\/\/saida-plants.com\/#\/schema\/logo\/image\/"},"sameAs":["https:\/\/www.instagram.com\/saidaplants\/","https:\/\/www.facebook.com\/SaidaPlants"]}]}},"_links":{"self":[{"href":"https:\/\/saida-plants.com\/ar\/wp-json\/wp\/v2\/product\/751"}],"collection":[{"href":"https:\/\/saida-plants.com\/ar\/wp-json\/wp\/v2\/product"}],"about":[{"href":"https:\/\/saida-plants.com\/ar\/wp-json\/wp\/v2\/types\/product"}],"replies":[{"embeddable":true,"href":"https:\/\/saida-plants.com\/ar\/wp-json\/wp\/v2\/comments?post=751"}],"wp:featuredmedia":[{"embeddable":true,"href":"https:\/\/saida-plants.com\/ar\/wp-json\/wp\/v2\/media\/915"}],"wp:attachment":[{"href":"https:\/\/saida-plants.com\/ar\/wp-json\/wp\/v2\/media?parent=751"}],"wp:term":[{"taxonomy":"product_cat","embeddable":true,"href":"https:\/\/saida-plants.com\/ar\/wp-json\/wp\/v2\/product_cat?post=751"},{"taxonomy":"product_tag","embeddable":true,"href":"https:\/\/saida-plants.com\/ar\/wp-json\/wp\/v2\/product_tag?post=751"}],"curies":[{"name":"wp","href":"https:\/\/api.w.org\/{rel}","templated":true}]}}