{"id":752,"date":"2021-09-08T16:08:27","date_gmt":"2021-09-08T16:08:27","guid":{"rendered":"https:\/\/saida-plants.com\/?post_type=product&#038;p=752"},"modified":"2021-09-08T16:08:27","modified_gmt":"2021-09-08T16:08:27","slug":"farine-riz-blanc-300g-%d8%af%d9%82%d9%8a%d9%82-%d8%a7%d9%84%d8%a3%d8%b1%d8%b2-%d8%a7%d9%84%d8%a3%d8%a8%d9%8a%d8%b6","status":"publish","type":"product","link":"https:\/\/saida-plants.com\/ar\/product\/farine-riz-blanc-300g-%d8%af%d9%82%d9%8a%d9%82-%d8%a7%d9%84%d8%a3%d8%b1%d8%b2-%d8%a7%d9%84%d8%a3%d8%a8%d9%8a%d8%b6\/","title":{"rendered":"Farine Riz Blanc 300g &#8211; \u062f\u0642\u064a\u0642 \u0627\u0644\u0623\u0631\u0632 \u0627\u0644\u0623\u0628\u064a\u0636"},"content":{"rendered":"<h1><b>BIENFAITS DES\u00a0FARINE RIZ BLANC 1Kg<\/b><\/h1>\n<p>Obtenue par broyage du riz, la farine de riz blanc est souvent utilis\u00e9e comme alternative \u00e0 la farine de bl\u00e9. Elle est particuli\u00e8rement appr\u00e9ci\u00e9e pour son go\u00fbt neutre et l&rsquo;absence de <a href=\"https:\/\/saida-plants.com\/ar\/product-category\/grain-sans-glutain\/\">gluten<\/a>.<\/p>\n<p>Cette farine a \u00e9t\u00e9 pr\u00e9alablement tamis\u00e9e.<\/p>\n<p>Aliments 100% naturels, ne contenant aucun conservateur ou ingr\u00e9dient chimique<\/p>\n<p>La farine de riz de Alce Nero est obtenue \u00e0 partir de la transformation du riz issu de l\u2019agriculture biologique et cultiv\u00e9 dans les vall\u00e9es.<\/p>\n<h2><b>Informations de livraison<\/b><\/h2>\n<ul>\n<li>Livraison assur\u00e9e par SaidaPlants, sous 24H \u00e0 Marrakech et sous 1 \u00e0 5 jours pour les autres villes du Maroc.<\/li>\n<li>Exp\u00e9dition pour les commandes \u00e0 l\u2019international sous 1 jour ouvr\u00e9. Les d\u00e9lais de livraison sont variables selon la destination et le mode de livraison choisi.<\/li>\n<\/ul>","protected":false},"excerpt":{"rendered":"<h1 style=\"text-align: center;\"><b>BIENFAITS DES\u00a0FARINE RIZ BLANC 1kg<\/b><\/h1>\n<p style=\"text-align: center;\">Obtenue par broyage du riz, la farine de riz blanc est souvent utilis\u00e9e comme alternative \u00e0 la farine de bl\u00e9. Elle est particuli\u00e8rement appr\u00e9ci\u00e9e pour son go\u00fbt neutre et l&rsquo;absence de <a href=\"https:\/\/saida-plants.com\/ar\/product-category\/grain-sans-glutain\/\">gluten<\/a>.<\/p>\n<p style=\"text-align: center;\">Cette farine a \u00e9t\u00e9 pr\u00e9alablement tamis\u00e9e.<\/p>\n<p style=\"text-align: center;\">Aliments 100% naturels, ne contenant aucun conservateur ou ingr\u00e9dient chimique<\/p>\n<p style=\"text-align: center;\">La farine de riz de Alce Nero est obtenue \u00e0 partir de la transformation du riz issu de l\u2019agriculture biologique et cultiv\u00e9 dans les vall\u00e9es.<\/p>","protected":false},"featured_media":753,"comment_status":"open","ping_status":"closed","template":"","meta":[],"product_cat":[68],"product_tag":[],"class_list":["post-752","product","type-product","status-publish","has-post-thumbnail","hentry","product_cat-farine-sans-glutaine"],"yoast_head":"<!-- This site is optimized with the Yoast SEO plugin v19.13 - https:\/\/yoast.com\/wordpress\/plugins\/seo\/ -->\n<title>Farine Riz Blanc 300g - \u062f\u0642\u064a\u0642 \u0627\u0644\u0623\u0631\u0632 \u0627\u0644\u0623\u0628\u064a\u0636 - SaidaPlants<\/title>\n<meta name=\"description\" content=\"Farine Riz Blanc - Nous faisons de notre mieux pour nos clients Obtenez le produit parfait et bio 100% fabriqu\u00e9 \u00e0 partir de la nature.\" \/>\n<meta name=\"robots\" content=\"index, follow, max-snippet:-1, max-image-preview:large, max-video-preview:-1\" \/>\n<link rel=\"canonical\" href=\"https:\/\/saida-plants.com\/ar\/product\/farine-riz-blanc-300g-\u062f\u0642\u064a\u0642-\u0627\u0644\u0623\u0631\u0632-\u0627\u0644\u0623\u0628\u064a\u0636\/\" \/>\n<meta property=\"og:locale\" content=\"ar_AR\" \/>\n<meta property=\"og:type\" content=\"article\" \/>\n<meta property=\"og:title\" content=\"Farine Riz Blanc 300g - \u062f\u0642\u064a\u0642 \u0627\u0644\u0623\u0631\u0632 \u0627\u0644\u0623\u0628\u064a\u0636 - SaidaPlants\" \/>\n<meta property=\"og:description\" content=\"Farine Riz Blanc - Nous faisons de notre mieux pour nos clients Obtenez le produit parfait et bio 100% fabriqu\u00e9 \u00e0 partir de la nature.\" \/>\n<meta property=\"og:url\" content=\"https:\/\/saida-plants.com\/ar\/product\/farine-riz-blanc-300g-\u062f\u0642\u064a\u0642-\u0627\u0644\u0623\u0631\u0632-\u0627\u0644\u0623\u0628\u064a\u0636\/\" \/>\n<meta property=\"og:site_name\" content=\"SaidaPlants\" \/>\n<meta property=\"article:publisher\" content=\"https:\/\/www.facebook.com\/SaidaPlants\" \/>\n<meta property=\"og:image\" content=\"https:\/\/saida-plants.com\/wp-content\/uploads\/2021\/08\/21-1400x788.png\" \/>\n\t<meta property=\"og:image:width\" content=\"1400\" \/>\n\t<meta property=\"og:image:height\" content=\"788\" \/>\n\t<meta property=\"og:image:type\" content=\"image\/png\" \/>\n<meta name=\"twitter:card\" content=\"summary_large_image\" \/>\n<meta name=\"twitter:label1\" content=\"\u0648\u0642\u062a \u0627\u0644\u0642\u0631\u0627\u0621\u0629 \u0627\u0644\u0645\u064f\u0642\u062f\u0651\u0631\" \/>\n\t<meta name=\"twitter:data1\" content=\"\u062f\u0642\u064a\u0642\u0629 \u0648\u0627\u062d\u062f\u0629\" \/>\n<script type=\"application\/ld+json\" class=\"yoast-schema-graph\">{\"@context\":\"https:\/\/schema.org\",\"@graph\":[{\"@type\":\"WebPage\",\"@id\":\"https:\/\/saida-plants.com\/product\/farine-riz-blanc-300g-%d8%af%d9%82%d9%8a%d9%82-%d8%a7%d9%84%d8%a3%d8%b1%d8%b2-%d8%a7%d9%84%d8%a3%d8%a8%d9%8a%d8%b6\/\",\"url\":\"https:\/\/saida-plants.com\/product\/farine-riz-blanc-300g-%d8%af%d9%82%d9%8a%d9%82-%d8%a7%d9%84%d8%a3%d8%b1%d8%b2-%d8%a7%d9%84%d8%a3%d8%a8%d9%8a%d8%b6\/\",\"name\":\"Farine Riz Blanc 300g - \u062f\u0642\u064a\u0642 \u0627\u0644\u0623\u0631\u0632 \u0627\u0644\u0623\u0628\u064a\u0636 - SaidaPlants\",\"isPartOf\":{\"@id\":\"https:\/\/saida-plants.com\/#website\"},\"datePublished\":\"2021-09-08T16:08:27+00:00\",\"dateModified\":\"2021-09-08T16:08:27+00:00\",\"description\":\"Farine Riz Blanc - Nous faisons de notre mieux pour nos clients Obtenez le produit parfait et bio 100% fabriqu\u00e9 \u00e0 partir de la nature.\",\"breadcrumb\":{\"@id\":\"https:\/\/saida-plants.com\/product\/farine-riz-blanc-300g-%d8%af%d9%82%d9%8a%d9%82-%d8%a7%d9%84%d8%a3%d8%b1%d8%b2-%d8%a7%d9%84%d8%a3%d8%a8%d9%8a%d8%b6\/#breadcrumb\"},\"inLanguage\":\"ar\",\"potentialAction\":[{\"@type\":\"ReadAction\",\"target\":[\"https:\/\/saida-plants.com\/product\/farine-riz-blanc-300g-%d8%af%d9%82%d9%8a%d9%82-%d8%a7%d9%84%d8%a3%d8%b1%d8%b2-%d8%a7%d9%84%d8%a3%d8%a8%d9%8a%d8%b6\/\"]}]},{\"@type\":\"BreadcrumbList\",\"@id\":\"https:\/\/saida-plants.com\/product\/farine-riz-blanc-300g-%d8%af%d9%82%d9%8a%d9%82-%d8%a7%d9%84%d8%a3%d8%b1%d8%b2-%d8%a7%d9%84%d8%a3%d8%a8%d9%8a%d8%b6\/#breadcrumb\",\"itemListElement\":[{\"@type\":\"ListItem\",\"position\":1,\"name\":\"Home\",\"item\":\"https:\/\/saida-plants.com\/\"},{\"@type\":\"ListItem\",\"position\":2,\"name\":\"Shop\",\"item\":\"https:\/\/saida-plants.com\/ar\/shop\/\"},{\"@type\":\"ListItem\",\"position\":3,\"name\":\"Farine Riz Blanc 300g &#8211; \u062f\u0642\u064a\u0642 \u0627\u0644\u0623\u0631\u0632 \u0627\u0644\u0623\u0628\u064a\u0636\"}]},{\"@type\":\"WebSite\",\"@id\":\"https:\/\/saida-plants.com\/#website\",\"url\":\"https:\/\/saida-plants.com\/\",\"name\":\"SaidaPlants\",\"description\":\"1er Boutique En ligne Produit 100% Bio\",\"publisher\":{\"@id\":\"https:\/\/saida-plants.com\/#organization\"},\"potentialAction\":[{\"@type\":\"SearchAction\",\"target\":{\"@type\":\"EntryPoint\",\"urlTemplate\":\"https:\/\/saida-plants.com\/?s={search_term_string}\"},\"query-input\":\"required name=search_term_string\"}],\"inLanguage\":\"ar\"},{\"@type\":\"Organization\",\"@id\":\"https:\/\/saida-plants.com\/#organization\",\"name\":\"SaidaPlants\",\"url\":\"https:\/\/saida-plants.com\/\",\"logo\":{\"@type\":\"ImageObject\",\"inLanguage\":\"ar\",\"@id\":\"https:\/\/saida-plants.com\/#\/schema\/logo\/image\/\",\"url\":\"https:\/\/saida-plants.com\/wp-content\/uploads\/2021\/08\/WhatsApp-Image-2021-08-11-at-17.44.40.jpeg\",\"contentUrl\":\"https:\/\/saida-plants.com\/wp-content\/uploads\/2021\/08\/WhatsApp-Image-2021-08-11-at-17.44.40.jpeg\",\"width\":1280,\"height\":463,\"caption\":\"SaidaPlants\"},\"image\":{\"@id\":\"https:\/\/saida-plants.com\/#\/schema\/logo\/image\/\"},\"sameAs\":[\"https:\/\/www.instagram.com\/saidaplants\/\",\"https:\/\/www.facebook.com\/SaidaPlants\"]}]}<\/script>\n<!-- \/ Yoast SEO plugin. -->","yoast_head_json":{"title":"Farine Riz Blanc 300g - \u062f\u0642\u064a\u0642 \u0627\u0644\u0623\u0631\u0632 \u0627\u0644\u0623\u0628\u064a\u0636 - SaidaPlants","description":"Farine Riz Blanc - Nous faisons de notre mieux pour nos clients Obtenez le produit parfait et bio 100% fabriqu\u00e9 \u00e0 partir de la nature.","robots":{"index":"index","follow":"follow","max-snippet":"max-snippet:-1","max-image-preview":"max-image-preview:large","max-video-preview":"max-video-preview:-1"},"canonical":"https:\/\/saida-plants.com\/ar\/product\/farine-riz-blanc-300g-\u062f\u0642\u064a\u0642-\u0627\u0644\u0623\u0631\u0632-\u0627\u0644\u0623\u0628\u064a\u0636\/","og_locale":"ar_AR","og_type":"article","og_title":"Farine Riz Blanc 300g - \u062f\u0642\u064a\u0642 \u0627\u0644\u0623\u0631\u0632 \u0627\u0644\u0623\u0628\u064a\u0636 - SaidaPlants","og_description":"Farine Riz Blanc - Nous faisons de notre mieux pour nos clients Obtenez le produit parfait et bio 100% fabriqu\u00e9 \u00e0 partir de la nature.","og_url":"https:\/\/saida-plants.com\/ar\/product\/farine-riz-blanc-300g-\u062f\u0642\u064a\u0642-\u0627\u0644\u0623\u0631\u0632-\u0627\u0644\u0623\u0628\u064a\u0636\/","og_site_name":"SaidaPlants","article_publisher":"https:\/\/www.facebook.com\/SaidaPlants","og_image":[{"width":1400,"height":788,"url":"https:\/\/saida-plants.com\/wp-content\/uploads\/2021\/08\/21-1400x788.png","type":"image\/png"}],"twitter_card":"summary_large_image","twitter_misc":{"\u0648\u0642\u062a \u0627\u0644\u0642\u0631\u0627\u0621\u0629 \u0627\u0644\u0645\u064f\u0642\u062f\u0651\u0631":"\u062f\u0642\u064a\u0642\u0629 \u0648\u0627\u062d\u062f\u0629"},"schema":{"@context":"https:\/\/schema.org","@graph":[{"@type":"WebPage","@id":"https:\/\/saida-plants.com\/product\/farine-riz-blanc-300g-%d8%af%d9%82%d9%8a%d9%82-%d8%a7%d9%84%d8%a3%d8%b1%d8%b2-%d8%a7%d9%84%d8%a3%d8%a8%d9%8a%d8%b6\/","url":"https:\/\/saida-plants.com\/product\/farine-riz-blanc-300g-%d8%af%d9%82%d9%8a%d9%82-%d8%a7%d9%84%d8%a3%d8%b1%d8%b2-%d8%a7%d9%84%d8%a3%d8%a8%d9%8a%d8%b6\/","name":"Farine Riz Blanc 300g - \u062f\u0642\u064a\u0642 \u0627\u0644\u0623\u0631\u0632 \u0627\u0644\u0623\u0628\u064a\u0636 - SaidaPlants","isPartOf":{"@id":"https:\/\/saida-plants.com\/#website"},"datePublished":"2021-09-08T16:08:27+00:00","dateModified":"2021-09-08T16:08:27+00:00","description":"Farine Riz Blanc - Nous faisons de notre mieux pour nos clients Obtenez le produit parfait et bio 100% fabriqu\u00e9 \u00e0 partir de la nature.","breadcrumb":{"@id":"https:\/\/saida-plants.com\/product\/farine-riz-blanc-300g-%d8%af%d9%82%d9%8a%d9%82-%d8%a7%d9%84%d8%a3%d8%b1%d8%b2-%d8%a7%d9%84%d8%a3%d8%a8%d9%8a%d8%b6\/#breadcrumb"},"inLanguage":"ar","potentialAction":[{"@type":"ReadAction","target":["https:\/\/saida-plants.com\/product\/farine-riz-blanc-300g-%d8%af%d9%82%d9%8a%d9%82-%d8%a7%d9%84%d8%a3%d8%b1%d8%b2-%d8%a7%d9%84%d8%a3%d8%a8%d9%8a%d8%b6\/"]}]},{"@type":"BreadcrumbList","@id":"https:\/\/saida-plants.com\/product\/farine-riz-blanc-300g-%d8%af%d9%82%d9%8a%d9%82-%d8%a7%d9%84%d8%a3%d8%b1%d8%b2-%d8%a7%d9%84%d8%a3%d8%a8%d9%8a%d8%b6\/#breadcrumb","itemListElement":[{"@type":"ListItem","position":1,"name":"Home","item":"https:\/\/saida-plants.com\/"},{"@type":"ListItem","position":2,"name":"Shop","item":"https:\/\/saida-plants.com\/ar\/shop\/"},{"@type":"ListItem","position":3,"name":"Farine Riz Blanc 300g &#8211; \u062f\u0642\u064a\u0642 \u0627\u0644\u0623\u0631\u0632 \u0627\u0644\u0623\u0628\u064a\u0636"}]},{"@type":"WebSite","@id":"https:\/\/saida-plants.com\/#website","url":"https:\/\/saida-plants.com\/","name":"SaidaPlants","description":"1er Boutique En ligne Produit 100% Bio","publisher":{"@id":"https:\/\/saida-plants.com\/#organization"},"potentialAction":[{"@type":"SearchAction","target":{"@type":"EntryPoint","urlTemplate":"https:\/\/saida-plants.com\/?s={search_term_string}"},"query-input":"required name=search_term_string"}],"inLanguage":"ar"},{"@type":"Organization","@id":"https:\/\/saida-plants.com\/#organization","name":"SaidaPlants","url":"https:\/\/saida-plants.com\/","logo":{"@type":"ImageObject","inLanguage":"ar","@id":"https:\/\/saida-plants.com\/#\/schema\/logo\/image\/","url":"https:\/\/saida-plants.com\/wp-content\/uploads\/2021\/08\/WhatsApp-Image-2021-08-11-at-17.44.40.jpeg","contentUrl":"https:\/\/saida-plants.com\/wp-content\/uploads\/2021\/08\/WhatsApp-Image-2021-08-11-at-17.44.40.jpeg","width":1280,"height":463,"caption":"SaidaPlants"},"image":{"@id":"https:\/\/saida-plants.com\/#\/schema\/logo\/image\/"},"sameAs":["https:\/\/www.instagram.com\/saidaplants\/","https:\/\/www.facebook.com\/SaidaPlants"]}]}},"_links":{"self":[{"href":"https:\/\/saida-plants.com\/ar\/wp-json\/wp\/v2\/product\/752"}],"collection":[{"href":"https:\/\/saida-plants.com\/ar\/wp-json\/wp\/v2\/product"}],"about":[{"href":"https:\/\/saida-plants.com\/ar\/wp-json\/wp\/v2\/types\/product"}],"replies":[{"embeddable":true,"href":"https:\/\/saida-plants.com\/ar\/wp-json\/wp\/v2\/comments?post=752"}],"wp:featuredmedia":[{"embeddable":true,"href":"https:\/\/saida-plants.com\/ar\/wp-json\/wp\/v2\/media\/753"}],"wp:attachment":[{"href":"https:\/\/saida-plants.com\/ar\/wp-json\/wp\/v2\/media?parent=752"}],"wp:term":[{"taxonomy":"product_cat","embeddable":true,"href":"https:\/\/saida-plants.com\/ar\/wp-json\/wp\/v2\/product_cat?post=752"},{"taxonomy":"product_tag","embeddable":true,"href":"https:\/\/saida-plants.com\/ar\/wp-json\/wp\/v2\/product_tag?post=752"}],"curies":[{"name":"wp","href":"https:\/\/api.w.org\/{rel}","templated":true}]}}