{"id":754,"date":"2021-09-08T16:09:02","date_gmt":"2021-09-08T16:09:02","guid":{"rendered":"https:\/\/saida-plants.com\/?post_type=product&#038;p=754"},"modified":"2025-05-13T21:12:54","modified_gmt":"2025-05-13T21:12:54","slug":"oignon-en-poudre-50g-%d8%a8%d9%88%d8%af%d8%b1%d8%a9-%d8%a7%d9%84%d8%a8%d8%b5%d9%84","status":"publish","type":"product","link":"https:\/\/saida-plants.com\/ar\/product\/oignon-en-poudre-50g-%d8%a8%d9%88%d8%af%d8%b1%d8%a9-%d8%a7%d9%84%d8%a8%d8%b5%d9%84\/","title":{"rendered":"Oignon en poudre 50g ( \u0628\u0648\u062f\u0631\u0629 \u0627\u0644\u0628\u0635\u0644)"},"content":{"rendered":"<h1><b>BIENFAITS\u00a0D&rsquo;OIGNON EN POUDRE 50g<\/b><\/h1>\n<p>L\u2019oignon\u00a0est un aromate universel, consomm\u00e9 dans toutes les r\u00e9gions du monde. Il en existe plusieurs vari\u00e9t\u00e9s, dont certaines sont particuli\u00e8rement riches en antioxydants. L\u2019oignon fait partie de la grande famille des alliac\u00e9s et, tout comme l\u2019ail, on lui attribue certaines propri\u00e9t\u00e9s b\u00e9n\u00e9fiques pour la sant\u00e9. C\u00f4t\u00e9 cuisine, il est un ingr\u00e9dient incontournable et se retrouve dans de nombreuses sp\u00e9cialit\u00e9s culinaires bien fran\u00e7aises.<span class=\"Apple-converted-space\">\u00a0<\/span><\/p>\n<h2><b>Caract\u00e9ristiques de l\u2019oignon<span class=\"Apple-converted-space\">\u00a0<\/span><\/b><\/h2>\n<ul>\n<li>Pouvoir antioxydant ;<\/li>\n<li>Peu calorique ;<\/li>\n<li>Bonne source de min\u00e9raux et compos\u00e9s sulfur\u00e9s ;<\/li>\n<li>Favorise la sant\u00e9 cardiovasculaire ;<\/li>\n<li>Contribue \u00e0 la pr\u00e9vention de certains cancers.<\/li>\n<\/ul>\n<h3><b>Valeurs nutritionnelles et caloriques de l\u2019oignon<\/b><\/h3>\n<p>L\u2019oignon en poudre est une\u00a0source\u00a0de mangan\u00e8se pour la\u00a0femme, les besoins en mangan\u00e8se \u00e9tant sup\u00e9rieurs chez l\u2019homme. Le mangan\u00e8se agit comme\u00a0cofacteur\u00a0de plusieurs\u00a0enzymes\u00a0qui facilitent une douzaine de diff\u00e9rents processus m\u00e9taboliques. Il participe \u00e9galement \u00e0 la pr\u00e9vention des dommages caus\u00e9s par les\u00a0radicaux libres.<\/p>\n<h3><b>Informations de livraison<\/b><\/h3>\n<ul>\n<li>Livraison assur\u00e9e par <a href=\"https:\/\/saida-plants.com\/ar\/shop\/\">SaidaPlants<\/a>, sous 24H \u00e0 Marrakech et sous 1 \u00e0 5 jours pour les autres villes du Maroc.<\/li>\n<li>Exp\u00e9dition pour les commandes \u00e0 l\u2019international sous 1 jour ouvr\u00e9. Les d\u00e9lais de livraison sont variables selon la destination et le mode de livraison choisi.<\/li>\n<\/ul>","protected":false},"excerpt":{"rendered":"<h1 style=\"text-align: center;\"><b>BIENFAITS\u00a0D&rsquo;OIGNON EN POUDRE 50g<\/b><\/h1>\n<p style=\"text-align: center;\">L\u2019oignon\u00a0est un aromate universel, consomm\u00e9 dans toutes les r\u00e9gions du monde. Il en existe plusieurs vari\u00e9t\u00e9s, dont certaines sont particuli\u00e8rement riches en antioxydants. L\u2019oignon fait partie de la grande famille des alliac\u00e9s et, tout comme l\u2019ail, on lui attribue certaines propri\u00e9t\u00e9s b\u00e9n\u00e9fiques pour la sant\u00e9. C\u00f4t\u00e9 cuisine, il est un ingr\u00e9dient incontournable et se retrouve dans de nombreuses sp\u00e9cialit\u00e9s culinaires bien fran\u00e7aises.<\/p>\n<h2 style=\"text-align: center;\"><\/h2>","protected":false},"featured_media":755,"comment_status":"open","ping_status":"closed","template":"","meta":[],"product_cat":[71],"product_tag":[],"class_list":["post-754","product","type-product","status-publish","has-post-thumbnail","hentry","product_cat-epices-et-herbes"],"yoast_head":"<!-- This site is optimized with the Yoast SEO plugin v19.13 - https:\/\/yoast.com\/wordpress\/plugins\/seo\/ -->\n<title>Oignon en poudre 50g ( \u0628\u0648\u062f\u0631\u0629 \u0627\u0644\u0628\u0635\u0644) - SaidaPlants<\/title>\n<meta name=\"description\" content=\"Oignon en poudre - Nous faisons de notre mieux pour nos clients Obtenez le produit parfait et bio 100% fabriqu\u00e9 \u00e0 partir de la nature.\" \/>\n<meta name=\"robots\" content=\"index, follow, max-snippet:-1, max-image-preview:large, max-video-preview:-1\" \/>\n<link rel=\"canonical\" href=\"https:\/\/saida-plants.com\/ar\/product\/oignon-en-poudre-50g-\u0628\u0648\u062f\u0631\u0629-\u0627\u0644\u0628\u0635\u0644\/\" \/>\n<meta property=\"og:locale\" content=\"ar_AR\" \/>\n<meta property=\"og:type\" content=\"article\" \/>\n<meta property=\"og:title\" content=\"Oignon en poudre 50g ( \u0628\u0648\u062f\u0631\u0629 \u0627\u0644\u0628\u0635\u0644) - SaidaPlants\" \/>\n<meta property=\"og:description\" content=\"Oignon en poudre - Nous faisons de notre mieux pour nos clients Obtenez le produit parfait et bio 100% fabriqu\u00e9 \u00e0 partir de la nature.\" \/>\n<meta property=\"og:url\" content=\"https:\/\/saida-plants.com\/ar\/product\/oignon-en-poudre-50g-\u0628\u0648\u062f\u0631\u0629-\u0627\u0644\u0628\u0635\u0644\/\" \/>\n<meta property=\"og:site_name\" content=\"SaidaPlants\" \/>\n<meta property=\"article:publisher\" content=\"https:\/\/www.facebook.com\/SaidaPlants\" \/>\n<meta property=\"article:modified_time\" content=\"2025-05-13T21:12:54+00:00\" \/>\n<meta property=\"og:image\" content=\"https:\/\/saida-plants.com\/wp-content\/uploads\/2021\/08\/00019-1200x800.png\" \/>\n\t<meta property=\"og:image:width\" content=\"1200\" \/>\n\t<meta property=\"og:image:height\" content=\"800\" \/>\n\t<meta property=\"og:image:type\" content=\"image\/png\" \/>\n<meta name=\"twitter:card\" content=\"summary_large_image\" \/>\n<meta name=\"twitter:label1\" content=\"\u0648\u0642\u062a \u0627\u0644\u0642\u0631\u0627\u0621\u0629 \u0627\u0644\u0645\u064f\u0642\u062f\u0651\u0631\" \/>\n\t<meta name=\"twitter:data1\" content=\"\u062f\u0642\u064a\u0642\u0629 \u0648\u0627\u062d\u062f\u0629\" \/>\n<script type=\"application\/ld+json\" class=\"yoast-schema-graph\">{\"@context\":\"https:\/\/schema.org\",\"@graph\":[{\"@type\":\"WebPage\",\"@id\":\"https:\/\/saida-plants.com\/product\/oignon-en-poudre-50g-%d8%a8%d9%88%d8%af%d8%b1%d8%a9-%d8%a7%d9%84%d8%a8%d8%b5%d9%84\/\",\"url\":\"https:\/\/saida-plants.com\/product\/oignon-en-poudre-50g-%d8%a8%d9%88%d8%af%d8%b1%d8%a9-%d8%a7%d9%84%d8%a8%d8%b5%d9%84\/\",\"name\":\"Oignon en poudre 50g ( \u0628\u0648\u062f\u0631\u0629 \u0627\u0644\u0628\u0635\u0644) - SaidaPlants\",\"isPartOf\":{\"@id\":\"https:\/\/saida-plants.com\/#website\"},\"datePublished\":\"2021-09-08T16:09:02+00:00\",\"dateModified\":\"2025-05-13T21:12:54+00:00\",\"description\":\"Oignon en poudre - Nous faisons de notre mieux pour nos clients Obtenez le produit parfait et bio 100% fabriqu\u00e9 \u00e0 partir de la nature.\",\"breadcrumb\":{\"@id\":\"https:\/\/saida-plants.com\/product\/oignon-en-poudre-50g-%d8%a8%d9%88%d8%af%d8%b1%d8%a9-%d8%a7%d9%84%d8%a8%d8%b5%d9%84\/#breadcrumb\"},\"inLanguage\":\"ar\",\"potentialAction\":[{\"@type\":\"ReadAction\",\"target\":[\"https:\/\/saida-plants.com\/product\/oignon-en-poudre-50g-%d8%a8%d9%88%d8%af%d8%b1%d8%a9-%d8%a7%d9%84%d8%a8%d8%b5%d9%84\/\"]}]},{\"@type\":\"BreadcrumbList\",\"@id\":\"https:\/\/saida-plants.com\/product\/oignon-en-poudre-50g-%d8%a8%d9%88%d8%af%d8%b1%d8%a9-%d8%a7%d9%84%d8%a8%d8%b5%d9%84\/#breadcrumb\",\"itemListElement\":[{\"@type\":\"ListItem\",\"position\":1,\"name\":\"Home\",\"item\":\"https:\/\/saida-plants.com\/\"},{\"@type\":\"ListItem\",\"position\":2,\"name\":\"Shop\",\"item\":\"https:\/\/saida-plants.com\/ar\/shop\/\"},{\"@type\":\"ListItem\",\"position\":3,\"name\":\"Oignon en poudre 50g ( \u0628\u0648\u062f\u0631\u0629 \u0627\u0644\u0628\u0635\u0644)\"}]},{\"@type\":\"WebSite\",\"@id\":\"https:\/\/saida-plants.com\/#website\",\"url\":\"https:\/\/saida-plants.com\/\",\"name\":\"SaidaPlants\",\"description\":\"1er Boutique En ligne Produit 100% Bio\",\"publisher\":{\"@id\":\"https:\/\/saida-plants.com\/#organization\"},\"potentialAction\":[{\"@type\":\"SearchAction\",\"target\":{\"@type\":\"EntryPoint\",\"urlTemplate\":\"https:\/\/saida-plants.com\/?s={search_term_string}\"},\"query-input\":\"required name=search_term_string\"}],\"inLanguage\":\"ar\"},{\"@type\":\"Organization\",\"@id\":\"https:\/\/saida-plants.com\/#organization\",\"name\":\"SaidaPlants\",\"url\":\"https:\/\/saida-plants.com\/\",\"logo\":{\"@type\":\"ImageObject\",\"inLanguage\":\"ar\",\"@id\":\"https:\/\/saida-plants.com\/#\/schema\/logo\/image\/\",\"url\":\"https:\/\/saida-plants.com\/wp-content\/uploads\/2021\/08\/WhatsApp-Image-2021-08-11-at-17.44.40.jpeg\",\"contentUrl\":\"https:\/\/saida-plants.com\/wp-content\/uploads\/2021\/08\/WhatsApp-Image-2021-08-11-at-17.44.40.jpeg\",\"width\":1280,\"height\":463,\"caption\":\"SaidaPlants\"},\"image\":{\"@id\":\"https:\/\/saida-plants.com\/#\/schema\/logo\/image\/\"},\"sameAs\":[\"https:\/\/www.instagram.com\/saidaplants\/\",\"https:\/\/www.facebook.com\/SaidaPlants\"]}]}<\/script>\n<!-- \/ Yoast SEO plugin. -->","yoast_head_json":{"title":"Oignon en poudre 50g ( \u0628\u0648\u062f\u0631\u0629 \u0627\u0644\u0628\u0635\u0644) - SaidaPlants","description":"Oignon en poudre - Nous faisons de notre mieux pour nos clients Obtenez le produit parfait et bio 100% fabriqu\u00e9 \u00e0 partir de la nature.","robots":{"index":"index","follow":"follow","max-snippet":"max-snippet:-1","max-image-preview":"max-image-preview:large","max-video-preview":"max-video-preview:-1"},"canonical":"https:\/\/saida-plants.com\/ar\/product\/oignon-en-poudre-50g-\u0628\u0648\u062f\u0631\u0629-\u0627\u0644\u0628\u0635\u0644\/","og_locale":"ar_AR","og_type":"article","og_title":"Oignon en poudre 50g ( \u0628\u0648\u062f\u0631\u0629 \u0627\u0644\u0628\u0635\u0644) - SaidaPlants","og_description":"Oignon en poudre - Nous faisons de notre mieux pour nos clients Obtenez le produit parfait et bio 100% fabriqu\u00e9 \u00e0 partir de la nature.","og_url":"https:\/\/saida-plants.com\/ar\/product\/oignon-en-poudre-50g-\u0628\u0648\u062f\u0631\u0629-\u0627\u0644\u0628\u0635\u0644\/","og_site_name":"SaidaPlants","article_publisher":"https:\/\/www.facebook.com\/SaidaPlants","article_modified_time":"2025-05-13T21:12:54+00:00","og_image":[{"width":1200,"height":800,"url":"https:\/\/saida-plants.com\/wp-content\/uploads\/2021\/08\/00019-1200x800.png","type":"image\/png"}],"twitter_card":"summary_large_image","twitter_misc":{"\u0648\u0642\u062a \u0627\u0644\u0642\u0631\u0627\u0621\u0629 \u0627\u0644\u0645\u064f\u0642\u062f\u0651\u0631":"\u062f\u0642\u064a\u0642\u0629 \u0648\u0627\u062d\u062f\u0629"},"schema":{"@context":"https:\/\/schema.org","@graph":[{"@type":"WebPage","@id":"https:\/\/saida-plants.com\/product\/oignon-en-poudre-50g-%d8%a8%d9%88%d8%af%d8%b1%d8%a9-%d8%a7%d9%84%d8%a8%d8%b5%d9%84\/","url":"https:\/\/saida-plants.com\/product\/oignon-en-poudre-50g-%d8%a8%d9%88%d8%af%d8%b1%d8%a9-%d8%a7%d9%84%d8%a8%d8%b5%d9%84\/","name":"Oignon en poudre 50g ( \u0628\u0648\u062f\u0631\u0629 \u0627\u0644\u0628\u0635\u0644) - SaidaPlants","isPartOf":{"@id":"https:\/\/saida-plants.com\/#website"},"datePublished":"2021-09-08T16:09:02+00:00","dateModified":"2025-05-13T21:12:54+00:00","description":"Oignon en poudre - Nous faisons de notre mieux pour nos clients Obtenez le produit parfait et bio 100% fabriqu\u00e9 \u00e0 partir de la nature.","breadcrumb":{"@id":"https:\/\/saida-plants.com\/product\/oignon-en-poudre-50g-%d8%a8%d9%88%d8%af%d8%b1%d8%a9-%d8%a7%d9%84%d8%a8%d8%b5%d9%84\/#breadcrumb"},"inLanguage":"ar","potentialAction":[{"@type":"ReadAction","target":["https:\/\/saida-plants.com\/product\/oignon-en-poudre-50g-%d8%a8%d9%88%d8%af%d8%b1%d8%a9-%d8%a7%d9%84%d8%a8%d8%b5%d9%84\/"]}]},{"@type":"BreadcrumbList","@id":"https:\/\/saida-plants.com\/product\/oignon-en-poudre-50g-%d8%a8%d9%88%d8%af%d8%b1%d8%a9-%d8%a7%d9%84%d8%a8%d8%b5%d9%84\/#breadcrumb","itemListElement":[{"@type":"ListItem","position":1,"name":"Home","item":"https:\/\/saida-plants.com\/"},{"@type":"ListItem","position":2,"name":"Shop","item":"https:\/\/saida-plants.com\/ar\/shop\/"},{"@type":"ListItem","position":3,"name":"Oignon en poudre 50g ( \u0628\u0648\u062f\u0631\u0629 \u0627\u0644\u0628\u0635\u0644)"}]},{"@type":"WebSite","@id":"https:\/\/saida-plants.com\/#website","url":"https:\/\/saida-plants.com\/","name":"SaidaPlants","description":"1er Boutique En ligne Produit 100% Bio","publisher":{"@id":"https:\/\/saida-plants.com\/#organization"},"potentialAction":[{"@type":"SearchAction","target":{"@type":"EntryPoint","urlTemplate":"https:\/\/saida-plants.com\/?s={search_term_string}"},"query-input":"required name=search_term_string"}],"inLanguage":"ar"},{"@type":"Organization","@id":"https:\/\/saida-plants.com\/#organization","name":"SaidaPlants","url":"https:\/\/saida-plants.com\/","logo":{"@type":"ImageObject","inLanguage":"ar","@id":"https:\/\/saida-plants.com\/#\/schema\/logo\/image\/","url":"https:\/\/saida-plants.com\/wp-content\/uploads\/2021\/08\/WhatsApp-Image-2021-08-11-at-17.44.40.jpeg","contentUrl":"https:\/\/saida-plants.com\/wp-content\/uploads\/2021\/08\/WhatsApp-Image-2021-08-11-at-17.44.40.jpeg","width":1280,"height":463,"caption":"SaidaPlants"},"image":{"@id":"https:\/\/saida-plants.com\/#\/schema\/logo\/image\/"},"sameAs":["https:\/\/www.instagram.com\/saidaplants\/","https:\/\/www.facebook.com\/SaidaPlants"]}]}},"_links":{"self":[{"href":"https:\/\/saida-plants.com\/ar\/wp-json\/wp\/v2\/product\/754"}],"collection":[{"href":"https:\/\/saida-plants.com\/ar\/wp-json\/wp\/v2\/product"}],"about":[{"href":"https:\/\/saida-plants.com\/ar\/wp-json\/wp\/v2\/types\/product"}],"replies":[{"embeddable":true,"href":"https:\/\/saida-plants.com\/ar\/wp-json\/wp\/v2\/comments?post=754"}],"wp:featuredmedia":[{"embeddable":true,"href":"https:\/\/saida-plants.com\/ar\/wp-json\/wp\/v2\/media\/755"}],"wp:attachment":[{"href":"https:\/\/saida-plants.com\/ar\/wp-json\/wp\/v2\/media?parent=754"}],"wp:term":[{"taxonomy":"product_cat","embeddable":true,"href":"https:\/\/saida-plants.com\/ar\/wp-json\/wp\/v2\/product_cat?post=754"},{"taxonomy":"product_tag","embeddable":true,"href":"https:\/\/saida-plants.com\/ar\/wp-json\/wp\/v2\/product_tag?post=754"}],"curies":[{"name":"wp","href":"https:\/\/api.w.org\/{rel}","templated":true}]}}