{"id":757,"date":"2021-09-08T15:46:31","date_gmt":"2021-09-08T15:46:31","guid":{"rendered":"https:\/\/saida-plants.com\/?post_type=product&#038;p=757"},"modified":"2022-04-03T00:31:53","modified_gmt":"2022-04-03T00:31:53","slug":"farine-quinoa-blanc-300g-%d8%b7%d8%ad%d9%8a%d9%86-%d9%83%d9%8a%d9%86%d9%88%d8%a7","status":"publish","type":"product","link":"https:\/\/saida-plants.com\/ar\/product\/farine-quinoa-blanc-300g-%d8%b7%d8%ad%d9%8a%d9%86-%d9%83%d9%8a%d9%86%d9%88%d8%a7\/","title":{"rendered":"Farine Quinoa blanc 300g &#8211; \u0637\u062d\u064a\u0646 \u0643\u064a\u0646\u0648\u0627"},"content":{"rendered":"<h1><b>BIENFAITS DE\u00a0FARINE QUINOA BLANC 300g<\/b><\/h1>\n<p>a farine quinoa blanc est confectionn\u00e9e soigneusement de mani\u00e8re artisanale pour des fins culinaires diverses. \u00a0Seule ou m\u00e9lang\u00e9e avec d\u2019autres farines panifiables, la farine du quinoa vous permettra de r\u00e9aliser des cr\u00eapes, des g\u00e2teaux, des biscuits, du pain et bien d\u2019autres pr\u00e9parations.<\/p>\n<h2><b>Vertus nutritionnelles<\/b><\/h2>\n<p>Tout comme la graine, la Farine de quinoa regorge de bienfaits pour la sant\u00e9. Cette farine rend vos pr\u00e9parations plus nutritives gr\u00e2ce \u00e0 sa grande teneur en prot\u00e9ines, en fer, en zinc et en vitamines.<\/p>\n<p>Aliments 100% naturels, ne contenant aucun conservateur ou ingr\u00e9dient chimique<\/p>\n<h3><b>Informations de livraison<\/b><\/h3>\n<ul>\n<li>Livraison assur\u00e9e par <a href=\"https:\/\/saida-plants.com\/ar\/product\/haricots-rouges-400g-%d9%81%d8%a7%d8%b5%d9%88%d9%84%d9%8a%d8%a7-%d8%ad%d9%85%d8%b1%d8%a7%d8%a1\/\">SaidaPlants<\/a>, sous 24H \u00e0 Marrakech et sous 1 \u00e0 5 jours pour les autres villes du Maroc.<\/li>\n<li>Exp\u00e9dition pour les commandes \u00e0 l\u2019international sous 1 jour ouvr\u00e9. Les d\u00e9lais de livraison sont variables selon la destination et le mode de livraison choisi.<\/li>\n<\/ul>","protected":false},"excerpt":{"rendered":"<h1 style=\"text-align: center;\"><b>BIENFAITS DE\u00a0FARINE QUINOA BLANC 300g<\/b><\/h1>\n<p style=\"text-align: center;\">a farine du quinoa Amendy est confectionn\u00e9e soigneusement de mani\u00e8re artisanale pour des fins culinaires diverses. \u00a0Seule ou m\u00e9lang\u00e9e avec d\u2019autres farines panifiables, la farine du quinoa vous permettra de r\u00e9aliser des cr\u00eapes, des g\u00e2teaux, des biscuits, du pain et bien d\u2019autres pr\u00e9parations.<\/p>\n<h2 style=\"text-align: center;\"><b>Vertus nutritionnelles<\/b><\/h2>\n<p style=\"text-align: center;\">Tout comme la graine, la Farine de quinoa regorge de bienfaits pour la sant\u00e9. Cette farine rend vos pr\u00e9parations plus nutritives gr\u00e2ce \u00e0 sa grande teneur en prot\u00e9ines, en fer, en zinc et en vitamines.<\/p>\n<p style=\"text-align: center;\">Aliments 100% naturels, ne contenant aucun conservateur ou ingr\u00e9dient chimique<\/p>","protected":false},"featured_media":758,"comment_status":"open","ping_status":"closed","template":"","meta":[],"product_cat":[68],"product_tag":[],"class_list":["post-757","product","type-product","status-publish","has-post-thumbnail","hentry","product_cat-farine-sans-glutaine"],"yoast_head":"<!-- This site is optimized with the Yoast SEO plugin v19.13 - https:\/\/yoast.com\/wordpress\/plugins\/seo\/ -->\n<title>Farine Quinoa blanc 300g - \u0637\u062d\u064a\u0646 \u0643\u064a\u0646\u0648\u0627 - SaidaPlants<\/title>\n<meta name=\"description\" content=\"Farine Quinoa blanc - Nous faisons de notre mieux pour nos clients Obtenez le produit parfait et bio 100% fabriqu\u00e9 \u00e0 partir de la nature.\" \/>\n<meta name=\"robots\" content=\"index, follow, max-snippet:-1, max-image-preview:large, max-video-preview:-1\" \/>\n<link rel=\"canonical\" href=\"https:\/\/saida-plants.com\/ar\/product\/farine-quinoa-blanc-300g-\u0637\u062d\u064a\u0646-\u0643\u064a\u0646\u0648\u0627\/\" \/>\n<meta property=\"og:locale\" content=\"ar_AR\" \/>\n<meta property=\"og:type\" content=\"article\" \/>\n<meta property=\"og:title\" content=\"Farine Quinoa blanc 300g - \u0637\u062d\u064a\u0646 \u0643\u064a\u0646\u0648\u0627 - SaidaPlants\" \/>\n<meta property=\"og:description\" content=\"Farine Quinoa blanc - Nous faisons de notre mieux pour nos clients Obtenez le produit parfait et bio 100% fabriqu\u00e9 \u00e0 partir de la nature.\" \/>\n<meta property=\"og:url\" content=\"https:\/\/saida-plants.com\/ar\/product\/farine-quinoa-blanc-300g-\u0637\u062d\u064a\u0646-\u0643\u064a\u0646\u0648\u0627\/\" \/>\n<meta property=\"og:site_name\" content=\"SaidaPlants\" \/>\n<meta property=\"article:publisher\" content=\"https:\/\/www.facebook.com\/SaidaPlants\" \/>\n<meta property=\"article:modified_time\" content=\"2022-04-03T00:31:53+00:00\" \/>\n<meta property=\"og:image\" content=\"https:\/\/saida-plants.com\/wp-content\/uploads\/2021\/08\/19-1-1400x788.png\" \/>\n\t<meta property=\"og:image:width\" content=\"1400\" \/>\n\t<meta property=\"og:image:height\" content=\"788\" \/>\n\t<meta property=\"og:image:type\" content=\"image\/png\" \/>\n<meta name=\"twitter:card\" content=\"summary_large_image\" \/>\n<meta name=\"twitter:label1\" content=\"\u0648\u0642\u062a \u0627\u0644\u0642\u0631\u0627\u0621\u0629 \u0627\u0644\u0645\u064f\u0642\u062f\u0651\u0631\" \/>\n\t<meta name=\"twitter:data1\" content=\"\u062f\u0642\u064a\u0642\u0629 \u0648\u0627\u062d\u062f\u0629\" \/>\n<script type=\"application\/ld+json\" class=\"yoast-schema-graph\">{\"@context\":\"https:\/\/schema.org\",\"@graph\":[{\"@type\":\"WebPage\",\"@id\":\"https:\/\/saida-plants.com\/product\/farine-quinoa-blanc-300g-%d8%b7%d8%ad%d9%8a%d9%86-%d9%83%d9%8a%d9%86%d9%88%d8%a7\/\",\"url\":\"https:\/\/saida-plants.com\/product\/farine-quinoa-blanc-300g-%d8%b7%d8%ad%d9%8a%d9%86-%d9%83%d9%8a%d9%86%d9%88%d8%a7\/\",\"name\":\"Farine Quinoa blanc 300g - \u0637\u062d\u064a\u0646 \u0643\u064a\u0646\u0648\u0627 - SaidaPlants\",\"isPartOf\":{\"@id\":\"https:\/\/saida-plants.com\/#website\"},\"datePublished\":\"2021-09-08T15:46:31+00:00\",\"dateModified\":\"2022-04-03T00:31:53+00:00\",\"description\":\"Farine Quinoa blanc - Nous faisons de notre mieux pour nos clients Obtenez le produit parfait et bio 100% fabriqu\u00e9 \u00e0 partir de la nature.\",\"breadcrumb\":{\"@id\":\"https:\/\/saida-plants.com\/product\/farine-quinoa-blanc-300g-%d8%b7%d8%ad%d9%8a%d9%86-%d9%83%d9%8a%d9%86%d9%88%d8%a7\/#breadcrumb\"},\"inLanguage\":\"ar\",\"potentialAction\":[{\"@type\":\"ReadAction\",\"target\":[\"https:\/\/saida-plants.com\/product\/farine-quinoa-blanc-300g-%d8%b7%d8%ad%d9%8a%d9%86-%d9%83%d9%8a%d9%86%d9%88%d8%a7\/\"]}]},{\"@type\":\"BreadcrumbList\",\"@id\":\"https:\/\/saida-plants.com\/product\/farine-quinoa-blanc-300g-%d8%b7%d8%ad%d9%8a%d9%86-%d9%83%d9%8a%d9%86%d9%88%d8%a7\/#breadcrumb\",\"itemListElement\":[{\"@type\":\"ListItem\",\"position\":1,\"name\":\"Home\",\"item\":\"https:\/\/saida-plants.com\/\"},{\"@type\":\"ListItem\",\"position\":2,\"name\":\"Shop\",\"item\":\"https:\/\/saida-plants.com\/ar\/shop\/\"},{\"@type\":\"ListItem\",\"position\":3,\"name\":\"Farine Quinoa blanc 300g &#8211; \u0637\u062d\u064a\u0646 \u0643\u064a\u0646\u0648\u0627\"}]},{\"@type\":\"WebSite\",\"@id\":\"https:\/\/saida-plants.com\/#website\",\"url\":\"https:\/\/saida-plants.com\/\",\"name\":\"SaidaPlants\",\"description\":\"1er Boutique En ligne Produit 100% Bio\",\"publisher\":{\"@id\":\"https:\/\/saida-plants.com\/#organization\"},\"potentialAction\":[{\"@type\":\"SearchAction\",\"target\":{\"@type\":\"EntryPoint\",\"urlTemplate\":\"https:\/\/saida-plants.com\/?s={search_term_string}\"},\"query-input\":\"required name=search_term_string\"}],\"inLanguage\":\"ar\"},{\"@type\":\"Organization\",\"@id\":\"https:\/\/saida-plants.com\/#organization\",\"name\":\"SaidaPlants\",\"url\":\"https:\/\/saida-plants.com\/\",\"logo\":{\"@type\":\"ImageObject\",\"inLanguage\":\"ar\",\"@id\":\"https:\/\/saida-plants.com\/#\/schema\/logo\/image\/\",\"url\":\"https:\/\/saida-plants.com\/wp-content\/uploads\/2021\/08\/WhatsApp-Image-2021-08-11-at-17.44.40.jpeg\",\"contentUrl\":\"https:\/\/saida-plants.com\/wp-content\/uploads\/2021\/08\/WhatsApp-Image-2021-08-11-at-17.44.40.jpeg\",\"width\":1280,\"height\":463,\"caption\":\"SaidaPlants\"},\"image\":{\"@id\":\"https:\/\/saida-plants.com\/#\/schema\/logo\/image\/\"},\"sameAs\":[\"https:\/\/www.instagram.com\/saidaplants\/\",\"https:\/\/www.facebook.com\/SaidaPlants\"]}]}<\/script>\n<!-- \/ Yoast SEO plugin. -->","yoast_head_json":{"title":"Farine Quinoa blanc 300g - \u0637\u062d\u064a\u0646 \u0643\u064a\u0646\u0648\u0627 - SaidaPlants","description":"Farine Quinoa blanc - Nous faisons de notre mieux pour nos clients Obtenez le produit parfait et bio 100% fabriqu\u00e9 \u00e0 partir de la nature.","robots":{"index":"index","follow":"follow","max-snippet":"max-snippet:-1","max-image-preview":"max-image-preview:large","max-video-preview":"max-video-preview:-1"},"canonical":"https:\/\/saida-plants.com\/ar\/product\/farine-quinoa-blanc-300g-\u0637\u062d\u064a\u0646-\u0643\u064a\u0646\u0648\u0627\/","og_locale":"ar_AR","og_type":"article","og_title":"Farine Quinoa blanc 300g - \u0637\u062d\u064a\u0646 \u0643\u064a\u0646\u0648\u0627 - SaidaPlants","og_description":"Farine Quinoa blanc - Nous faisons de notre mieux pour nos clients Obtenez le produit parfait et bio 100% fabriqu\u00e9 \u00e0 partir de la nature.","og_url":"https:\/\/saida-plants.com\/ar\/product\/farine-quinoa-blanc-300g-\u0637\u062d\u064a\u0646-\u0643\u064a\u0646\u0648\u0627\/","og_site_name":"SaidaPlants","article_publisher":"https:\/\/www.facebook.com\/SaidaPlants","article_modified_time":"2022-04-03T00:31:53+00:00","og_image":[{"width":1400,"height":788,"url":"https:\/\/saida-plants.com\/wp-content\/uploads\/2021\/08\/19-1-1400x788.png","type":"image\/png"}],"twitter_card":"summary_large_image","twitter_misc":{"\u0648\u0642\u062a \u0627\u0644\u0642\u0631\u0627\u0621\u0629 \u0627\u0644\u0645\u064f\u0642\u062f\u0651\u0631":"\u062f\u0642\u064a\u0642\u0629 \u0648\u0627\u062d\u062f\u0629"},"schema":{"@context":"https:\/\/schema.org","@graph":[{"@type":"WebPage","@id":"https:\/\/saida-plants.com\/product\/farine-quinoa-blanc-300g-%d8%b7%d8%ad%d9%8a%d9%86-%d9%83%d9%8a%d9%86%d9%88%d8%a7\/","url":"https:\/\/saida-plants.com\/product\/farine-quinoa-blanc-300g-%d8%b7%d8%ad%d9%8a%d9%86-%d9%83%d9%8a%d9%86%d9%88%d8%a7\/","name":"Farine Quinoa blanc 300g - \u0637\u062d\u064a\u0646 \u0643\u064a\u0646\u0648\u0627 - SaidaPlants","isPartOf":{"@id":"https:\/\/saida-plants.com\/#website"},"datePublished":"2021-09-08T15:46:31+00:00","dateModified":"2022-04-03T00:31:53+00:00","description":"Farine Quinoa blanc - Nous faisons de notre mieux pour nos clients Obtenez le produit parfait et bio 100% fabriqu\u00e9 \u00e0 partir de la nature.","breadcrumb":{"@id":"https:\/\/saida-plants.com\/product\/farine-quinoa-blanc-300g-%d8%b7%d8%ad%d9%8a%d9%86-%d9%83%d9%8a%d9%86%d9%88%d8%a7\/#breadcrumb"},"inLanguage":"ar","potentialAction":[{"@type":"ReadAction","target":["https:\/\/saida-plants.com\/product\/farine-quinoa-blanc-300g-%d8%b7%d8%ad%d9%8a%d9%86-%d9%83%d9%8a%d9%86%d9%88%d8%a7\/"]}]},{"@type":"BreadcrumbList","@id":"https:\/\/saida-plants.com\/product\/farine-quinoa-blanc-300g-%d8%b7%d8%ad%d9%8a%d9%86-%d9%83%d9%8a%d9%86%d9%88%d8%a7\/#breadcrumb","itemListElement":[{"@type":"ListItem","position":1,"name":"Home","item":"https:\/\/saida-plants.com\/"},{"@type":"ListItem","position":2,"name":"Shop","item":"https:\/\/saida-plants.com\/ar\/shop\/"},{"@type":"ListItem","position":3,"name":"Farine Quinoa blanc 300g &#8211; \u0637\u062d\u064a\u0646 \u0643\u064a\u0646\u0648\u0627"}]},{"@type":"WebSite","@id":"https:\/\/saida-plants.com\/#website","url":"https:\/\/saida-plants.com\/","name":"SaidaPlants","description":"1er Boutique En ligne Produit 100% Bio","publisher":{"@id":"https:\/\/saida-plants.com\/#organization"},"potentialAction":[{"@type":"SearchAction","target":{"@type":"EntryPoint","urlTemplate":"https:\/\/saida-plants.com\/?s={search_term_string}"},"query-input":"required name=search_term_string"}],"inLanguage":"ar"},{"@type":"Organization","@id":"https:\/\/saida-plants.com\/#organization","name":"SaidaPlants","url":"https:\/\/saida-plants.com\/","logo":{"@type":"ImageObject","inLanguage":"ar","@id":"https:\/\/saida-plants.com\/#\/schema\/logo\/image\/","url":"https:\/\/saida-plants.com\/wp-content\/uploads\/2021\/08\/WhatsApp-Image-2021-08-11-at-17.44.40.jpeg","contentUrl":"https:\/\/saida-plants.com\/wp-content\/uploads\/2021\/08\/WhatsApp-Image-2021-08-11-at-17.44.40.jpeg","width":1280,"height":463,"caption":"SaidaPlants"},"image":{"@id":"https:\/\/saida-plants.com\/#\/schema\/logo\/image\/"},"sameAs":["https:\/\/www.instagram.com\/saidaplants\/","https:\/\/www.facebook.com\/SaidaPlants"]}]}},"_links":{"self":[{"href":"https:\/\/saida-plants.com\/ar\/wp-json\/wp\/v2\/product\/757"}],"collection":[{"href":"https:\/\/saida-plants.com\/ar\/wp-json\/wp\/v2\/product"}],"about":[{"href":"https:\/\/saida-plants.com\/ar\/wp-json\/wp\/v2\/types\/product"}],"replies":[{"embeddable":true,"href":"https:\/\/saida-plants.com\/ar\/wp-json\/wp\/v2\/comments?post=757"}],"wp:featuredmedia":[{"embeddable":true,"href":"https:\/\/saida-plants.com\/ar\/wp-json\/wp\/v2\/media\/758"}],"wp:attachment":[{"href":"https:\/\/saida-plants.com\/ar\/wp-json\/wp\/v2\/media?parent=757"}],"wp:term":[{"taxonomy":"product_cat","embeddable":true,"href":"https:\/\/saida-plants.com\/ar\/wp-json\/wp\/v2\/product_cat?post=757"},{"taxonomy":"product_tag","embeddable":true,"href":"https:\/\/saida-plants.com\/ar\/wp-json\/wp\/v2\/product_tag?post=757"}],"curies":[{"name":"wp","href":"https:\/\/api.w.org\/{rel}","templated":true}]}}