{"id":759,"date":"2021-09-19T14:55:02","date_gmt":"2021-09-19T14:55:02","guid":{"rendered":"https:\/\/saida-plants.com\/?post_type=product&#038;p=759"},"modified":"2024-10-14T12:45:34","modified_gmt":"2024-10-14T12:45:34","slug":"lentille-marocaine-%d8%b9%d8%af%d8%b3-%d8%a8%d9%84%d8%af%d9%8a-%d9%85%d8%ba%d8%b1%d8%a8%d9%8a","status":"publish","type":"product","link":"https:\/\/saida-plants.com\/ar\/product\/lentille-marocaine-%d8%b9%d8%af%d8%b3-%d8%a8%d9%84%d8%af%d9%8a-%d9%85%d8%ba%d8%b1%d8%a8%d9%8a\/","title":{"rendered":"Lentille marocaine (\u0639\u062f\u0633 \u0628\u0644\u062f\u064a \u0645\u063a\u0631\u0628\u064a)"},"content":{"rendered":"<h1><b>BIENFAITS\u00a0LENTILLE <a href=\"https:\/\/saida-plants.com\/ar\/a-propos-de-nous\/\">MAROCAINE 1kg<\/a><\/b><\/h1>\n<p>Les\u00a0lentilles\u00a0pour faire le plein de prot\u00e9ines et de fer<\/p>\n<p>Bonne nouvelle pour les v\u00e9g\u00e9tariennes qui ne mangent pas de viande : la\u00a0lentille\u00a0est une l\u00e9gumineuse riche en fer (3,3 mg\/100 g) et en prot\u00e9ines (26% crues, 9% cuites), des nutriments indispensables pour avoir de l&rsquo;\u00e9nergie et du tonus !<\/p>\n<p>Produit naturel ne comportant aucun conservateur dans sa pr\u00e9paration.<\/p>\n<p>Ce sont les produits respectant les principes Vegan qui se basent principalement sur le refus de l&rsquo;exploitation animale<\/p>\n<h2><strong>Lentille marocaine (\u0639\u062f\u0633 \u0628\u0644\u062f\u064a \u0645\u063a\u0631\u0628\u064a)<\/strong><\/h2>\n<p>Graine de l\u00e9gumineuse, la lentille est pr\u00e9sente dans l\u2019alimentation des hommes depuis la Pr\u00e9histoire. Bien adapt\u00e9es aux sols pauvres, les\u00a0<b>nombreuses vari\u00e9t\u00e9s se d\u00e9clinent en plusieurs couleurs<\/b>. Servie en entr\u00e9e, en soupe ou en accompagnement, la lentille vous aide \u00e0 garder la forme gr\u00e2ce \u00e0 ses\u00a0<b>qualit\u00e9s nutritionnelles<\/b>.<\/p>\n<h3><b>Informations de livraison<\/b><\/h3>\n<ul>\n<li>Livraison assur\u00e9e par SaidaPlants, sous 24H \u00e0 Marrakech et sous 1 \u00e0 5 jours pour les autres villes du Maroc.<\/li>\n<li>Exp\u00e9dition pour les commandes \u00e0 l\u2019international sous 1 jour ouvr\u00e9. Les d\u00e9lais de livraison sont variables selon la destination et le mode de livraison choisi.<\/li>\n<\/ul>","protected":false},"excerpt":{"rendered":"<h1 style=\"text-align: center;\"><b>BIENFAITS\u00a0LENTILLE MAROCAINE 1Kg<\/b><\/h1>\n<p style=\"text-align: center;\">Les\u00a0lentilles\u00a0pour faire le plein de prot\u00e9ines et de fer<\/p>\n<p style=\"text-align: center;\">Bonne nouvelle pour les v\u00e9g\u00e9tariennes qui ne mangent pas de viande : la\u00a0lentille\u00a0est une l\u00e9gumineuse riche en fer (3,3 mg\/100 g) et en prot\u00e9ines (26% crues, 9% cuites), des nutriments indispensables pour avoir de l&rsquo;\u00e9nergie et du tonus !<\/p>\n<p style=\"text-align: center;\">Produit naturel ne comportant aucun conservateur dans sa pr\u00e9paration.<\/p>\n<p style=\"text-align: center;\">Ce sont les produits respectant les principes Vegan qui se basent principalement sur le refus de l&rsquo;exploitation animale<\/p>","protected":false},"featured_media":1231,"comment_status":"open","ping_status":"closed","template":"","meta":[],"product_cat":[15],"product_tag":[],"class_list":["post-759","product","type-product","status-publish","has-post-thumbnail","hentry","product_cat-grain-sans-glutain"],"yoast_head":"<!-- This site is optimized with the Yoast SEO plugin v19.13 - https:\/\/yoast.com\/wordpress\/plugins\/seo\/ -->\n<title>Lentille marocaine (\u0639\u062f\u0633 \u0628\u0644\u062f\u064a \u0645\u063a\u0631\u0628\u064a) - SaidaPlants<\/title>\n<meta name=\"description\" content=\"Lentille marocaine - Nous faisons de notre mieux pour nos clients Obtenez le produit parfait et bio 100% fabriqu\u00e9 \u00e0 partir de la nature.\" \/>\n<meta name=\"robots\" content=\"index, follow, max-snippet:-1, max-image-preview:large, max-video-preview:-1\" \/>\n<link rel=\"canonical\" href=\"https:\/\/saida-plants.com\/ar\/product\/lentille-marocaine-\u0639\u062f\u0633-\u0628\u0644\u062f\u064a-\u0645\u063a\u0631\u0628\u064a\/\" \/>\n<meta property=\"og:locale\" content=\"ar_AR\" \/>\n<meta property=\"og:type\" content=\"article\" \/>\n<meta property=\"og:title\" content=\"Lentille marocaine (\u0639\u062f\u0633 \u0628\u0644\u062f\u064a \u0645\u063a\u0631\u0628\u064a) - SaidaPlants\" \/>\n<meta property=\"og:description\" content=\"Lentille marocaine - Nous faisons de notre mieux pour nos clients Obtenez le produit parfait et bio 100% fabriqu\u00e9 \u00e0 partir de la nature.\" \/>\n<meta property=\"og:url\" content=\"https:\/\/saida-plants.com\/ar\/product\/lentille-marocaine-\u0639\u062f\u0633-\u0628\u0644\u062f\u064a-\u0645\u063a\u0631\u0628\u064a\/\" \/>\n<meta property=\"og:site_name\" content=\"SaidaPlants\" \/>\n<meta property=\"article:publisher\" content=\"https:\/\/www.facebook.com\/SaidaPlants\" \/>\n<meta property=\"article:modified_time\" content=\"2024-10-14T12:45:34+00:00\" \/>\n<meta property=\"og:image\" content=\"https:\/\/saida-plants.com\/wp-content\/uploads\/2021\/09\/Lentille-marocainesaida-plants-1.jpg\" \/>\n\t<meta property=\"og:image:width\" content=\"321\" \/>\n\t<meta property=\"og:image:height\" content=\"542\" \/>\n\t<meta property=\"og:image:type\" content=\"image\/jpeg\" \/>\n<meta name=\"twitter:card\" content=\"summary_large_image\" \/>\n<meta name=\"twitter:label1\" content=\"\u0648\u0642\u062a \u0627\u0644\u0642\u0631\u0627\u0621\u0629 \u0627\u0644\u0645\u064f\u0642\u062f\u0651\u0631\" \/>\n\t<meta name=\"twitter:data1\" content=\"\u062f\u0642\u064a\u0642\u0629 \u0648\u0627\u062d\u062f\u0629\" \/>\n<script type=\"application\/ld+json\" class=\"yoast-schema-graph\">{\"@context\":\"https:\/\/schema.org\",\"@graph\":[{\"@type\":\"WebPage\",\"@id\":\"https:\/\/saida-plants.com\/product\/lentille-marocaine-%d8%b9%d8%af%d8%b3-%d8%a8%d9%84%d8%af%d9%8a-%d9%85%d8%ba%d8%b1%d8%a8%d9%8a\/\",\"url\":\"https:\/\/saida-plants.com\/product\/lentille-marocaine-%d8%b9%d8%af%d8%b3-%d8%a8%d9%84%d8%af%d9%8a-%d9%85%d8%ba%d8%b1%d8%a8%d9%8a\/\",\"name\":\"Lentille marocaine (\u0639\u062f\u0633 \u0628\u0644\u062f\u064a \u0645\u063a\u0631\u0628\u064a) - SaidaPlants\",\"isPartOf\":{\"@id\":\"https:\/\/saida-plants.com\/#website\"},\"datePublished\":\"2021-09-19T14:55:02+00:00\",\"dateModified\":\"2024-10-14T12:45:34+00:00\",\"description\":\"Lentille marocaine - Nous faisons de notre mieux pour nos clients Obtenez le produit parfait et bio 100% fabriqu\u00e9 \u00e0 partir de la nature.\",\"breadcrumb\":{\"@id\":\"https:\/\/saida-plants.com\/product\/lentille-marocaine-%d8%b9%d8%af%d8%b3-%d8%a8%d9%84%d8%af%d9%8a-%d9%85%d8%ba%d8%b1%d8%a8%d9%8a\/#breadcrumb\"},\"inLanguage\":\"ar\",\"potentialAction\":[{\"@type\":\"ReadAction\",\"target\":[\"https:\/\/saida-plants.com\/product\/lentille-marocaine-%d8%b9%d8%af%d8%b3-%d8%a8%d9%84%d8%af%d9%8a-%d9%85%d8%ba%d8%b1%d8%a8%d9%8a\/\"]}]},{\"@type\":\"BreadcrumbList\",\"@id\":\"https:\/\/saida-plants.com\/product\/lentille-marocaine-%d8%b9%d8%af%d8%b3-%d8%a8%d9%84%d8%af%d9%8a-%d9%85%d8%ba%d8%b1%d8%a8%d9%8a\/#breadcrumb\",\"itemListElement\":[{\"@type\":\"ListItem\",\"position\":1,\"name\":\"Home\",\"item\":\"https:\/\/saida-plants.com\/\"},{\"@type\":\"ListItem\",\"position\":2,\"name\":\"Shop\",\"item\":\"https:\/\/saida-plants.com\/ar\/shop\/\"},{\"@type\":\"ListItem\",\"position\":3,\"name\":\"Lentille marocaine (\u0639\u062f\u0633 \u0628\u0644\u062f\u064a \u0645\u063a\u0631\u0628\u064a)\"}]},{\"@type\":\"WebSite\",\"@id\":\"https:\/\/saida-plants.com\/#website\",\"url\":\"https:\/\/saida-plants.com\/\",\"name\":\"SaidaPlants\",\"description\":\"1er Boutique En ligne Produit 100% Bio\",\"publisher\":{\"@id\":\"https:\/\/saida-plants.com\/#organization\"},\"potentialAction\":[{\"@type\":\"SearchAction\",\"target\":{\"@type\":\"EntryPoint\",\"urlTemplate\":\"https:\/\/saida-plants.com\/?s={search_term_string}\"},\"query-input\":\"required name=search_term_string\"}],\"inLanguage\":\"ar\"},{\"@type\":\"Organization\",\"@id\":\"https:\/\/saida-plants.com\/#organization\",\"name\":\"SaidaPlants\",\"url\":\"https:\/\/saida-plants.com\/\",\"logo\":{\"@type\":\"ImageObject\",\"inLanguage\":\"ar\",\"@id\":\"https:\/\/saida-plants.com\/#\/schema\/logo\/image\/\",\"url\":\"https:\/\/saida-plants.com\/wp-content\/uploads\/2021\/08\/WhatsApp-Image-2021-08-11-at-17.44.40.jpeg\",\"contentUrl\":\"https:\/\/saida-plants.com\/wp-content\/uploads\/2021\/08\/WhatsApp-Image-2021-08-11-at-17.44.40.jpeg\",\"width\":1280,\"height\":463,\"caption\":\"SaidaPlants\"},\"image\":{\"@id\":\"https:\/\/saida-plants.com\/#\/schema\/logo\/image\/\"},\"sameAs\":[\"https:\/\/www.instagram.com\/saidaplants\/\",\"https:\/\/www.facebook.com\/SaidaPlants\"]}]}<\/script>\n<!-- \/ Yoast SEO plugin. -->","yoast_head_json":{"title":"Lentille marocaine (\u0639\u062f\u0633 \u0628\u0644\u062f\u064a \u0645\u063a\u0631\u0628\u064a) - SaidaPlants","description":"Lentille marocaine - Nous faisons de notre mieux pour nos clients Obtenez le produit parfait et bio 100% fabriqu\u00e9 \u00e0 partir de la nature.","robots":{"index":"index","follow":"follow","max-snippet":"max-snippet:-1","max-image-preview":"max-image-preview:large","max-video-preview":"max-video-preview:-1"},"canonical":"https:\/\/saida-plants.com\/ar\/product\/lentille-marocaine-\u0639\u062f\u0633-\u0628\u0644\u062f\u064a-\u0645\u063a\u0631\u0628\u064a\/","og_locale":"ar_AR","og_type":"article","og_title":"Lentille marocaine (\u0639\u062f\u0633 \u0628\u0644\u062f\u064a \u0645\u063a\u0631\u0628\u064a) - SaidaPlants","og_description":"Lentille marocaine - Nous faisons de notre mieux pour nos clients Obtenez le produit parfait et bio 100% fabriqu\u00e9 \u00e0 partir de la nature.","og_url":"https:\/\/saida-plants.com\/ar\/product\/lentille-marocaine-\u0639\u062f\u0633-\u0628\u0644\u062f\u064a-\u0645\u063a\u0631\u0628\u064a\/","og_site_name":"SaidaPlants","article_publisher":"https:\/\/www.facebook.com\/SaidaPlants","article_modified_time":"2024-10-14T12:45:34+00:00","og_image":[{"width":321,"height":542,"url":"https:\/\/saida-plants.com\/wp-content\/uploads\/2021\/09\/Lentille-marocainesaida-plants-1.jpg","type":"image\/jpeg"}],"twitter_card":"summary_large_image","twitter_misc":{"\u0648\u0642\u062a \u0627\u0644\u0642\u0631\u0627\u0621\u0629 \u0627\u0644\u0645\u064f\u0642\u062f\u0651\u0631":"\u062f\u0642\u064a\u0642\u0629 \u0648\u0627\u062d\u062f\u0629"},"schema":{"@context":"https:\/\/schema.org","@graph":[{"@type":"WebPage","@id":"https:\/\/saida-plants.com\/product\/lentille-marocaine-%d8%b9%d8%af%d8%b3-%d8%a8%d9%84%d8%af%d9%8a-%d9%85%d8%ba%d8%b1%d8%a8%d9%8a\/","url":"https:\/\/saida-plants.com\/product\/lentille-marocaine-%d8%b9%d8%af%d8%b3-%d8%a8%d9%84%d8%af%d9%8a-%d9%85%d8%ba%d8%b1%d8%a8%d9%8a\/","name":"Lentille marocaine (\u0639\u062f\u0633 \u0628\u0644\u062f\u064a \u0645\u063a\u0631\u0628\u064a) - SaidaPlants","isPartOf":{"@id":"https:\/\/saida-plants.com\/#website"},"datePublished":"2021-09-19T14:55:02+00:00","dateModified":"2024-10-14T12:45:34+00:00","description":"Lentille marocaine - Nous faisons de notre mieux pour nos clients Obtenez le produit parfait et bio 100% fabriqu\u00e9 \u00e0 partir de la nature.","breadcrumb":{"@id":"https:\/\/saida-plants.com\/product\/lentille-marocaine-%d8%b9%d8%af%d8%b3-%d8%a8%d9%84%d8%af%d9%8a-%d9%85%d8%ba%d8%b1%d8%a8%d9%8a\/#breadcrumb"},"inLanguage":"ar","potentialAction":[{"@type":"ReadAction","target":["https:\/\/saida-plants.com\/product\/lentille-marocaine-%d8%b9%d8%af%d8%b3-%d8%a8%d9%84%d8%af%d9%8a-%d9%85%d8%ba%d8%b1%d8%a8%d9%8a\/"]}]},{"@type":"BreadcrumbList","@id":"https:\/\/saida-plants.com\/product\/lentille-marocaine-%d8%b9%d8%af%d8%b3-%d8%a8%d9%84%d8%af%d9%8a-%d9%85%d8%ba%d8%b1%d8%a8%d9%8a\/#breadcrumb","itemListElement":[{"@type":"ListItem","position":1,"name":"Home","item":"https:\/\/saida-plants.com\/"},{"@type":"ListItem","position":2,"name":"Shop","item":"https:\/\/saida-plants.com\/ar\/shop\/"},{"@type":"ListItem","position":3,"name":"Lentille marocaine (\u0639\u062f\u0633 \u0628\u0644\u062f\u064a \u0645\u063a\u0631\u0628\u064a)"}]},{"@type":"WebSite","@id":"https:\/\/saida-plants.com\/#website","url":"https:\/\/saida-plants.com\/","name":"SaidaPlants","description":"1er Boutique En ligne Produit 100% Bio","publisher":{"@id":"https:\/\/saida-plants.com\/#organization"},"potentialAction":[{"@type":"SearchAction","target":{"@type":"EntryPoint","urlTemplate":"https:\/\/saida-plants.com\/?s={search_term_string}"},"query-input":"required name=search_term_string"}],"inLanguage":"ar"},{"@type":"Organization","@id":"https:\/\/saida-plants.com\/#organization","name":"SaidaPlants","url":"https:\/\/saida-plants.com\/","logo":{"@type":"ImageObject","inLanguage":"ar","@id":"https:\/\/saida-plants.com\/#\/schema\/logo\/image\/","url":"https:\/\/saida-plants.com\/wp-content\/uploads\/2021\/08\/WhatsApp-Image-2021-08-11-at-17.44.40.jpeg","contentUrl":"https:\/\/saida-plants.com\/wp-content\/uploads\/2021\/08\/WhatsApp-Image-2021-08-11-at-17.44.40.jpeg","width":1280,"height":463,"caption":"SaidaPlants"},"image":{"@id":"https:\/\/saida-plants.com\/#\/schema\/logo\/image\/"},"sameAs":["https:\/\/www.instagram.com\/saidaplants\/","https:\/\/www.facebook.com\/SaidaPlants"]}]}},"_links":{"self":[{"href":"https:\/\/saida-plants.com\/ar\/wp-json\/wp\/v2\/product\/759"}],"collection":[{"href":"https:\/\/saida-plants.com\/ar\/wp-json\/wp\/v2\/product"}],"about":[{"href":"https:\/\/saida-plants.com\/ar\/wp-json\/wp\/v2\/types\/product"}],"replies":[{"embeddable":true,"href":"https:\/\/saida-plants.com\/ar\/wp-json\/wp\/v2\/comments?post=759"}],"wp:featuredmedia":[{"embeddable":true,"href":"https:\/\/saida-plants.com\/ar\/wp-json\/wp\/v2\/media\/1231"}],"wp:attachment":[{"href":"https:\/\/saida-plants.com\/ar\/wp-json\/wp\/v2\/media?parent=759"}],"wp:term":[{"taxonomy":"product_cat","embeddable":true,"href":"https:\/\/saida-plants.com\/ar\/wp-json\/wp\/v2\/product_cat?post=759"},{"taxonomy":"product_tag","embeddable":true,"href":"https:\/\/saida-plants.com\/ar\/wp-json\/wp\/v2\/product_tag?post=759"}],"curies":[{"name":"wp","href":"https:\/\/api.w.org\/{rel}","templated":true}]}}