{"id":765,"date":"2021-09-10T15:21:20","date_gmt":"2021-09-10T15:21:20","guid":{"rendered":"https:\/\/saida-plants.com\/?post_type=product&#038;p=765"},"modified":"2021-09-10T15:21:20","modified_gmt":"2021-09-10T15:21:20","slug":"graines-de-moutarde-jaune-%d8%ad%d8%a8%d9%88%d8%a8-%d8%a7%d9%84%d8%ae%d8%b1%d8%af%d9%84-%d8%a7%d9%84%d8%b5%d9%81%d8%b1%d8%a7%d8%a1","status":"publish","type":"product","link":"https:\/\/saida-plants.com\/ar\/product\/graines-de-moutarde-jaune-%d8%ad%d8%a8%d9%88%d8%a8-%d8%a7%d9%84%d8%ae%d8%b1%d8%af%d9%84-%d8%a7%d9%84%d8%b5%d9%81%d8%b1%d8%a7%d8%a1\/","title":{"rendered":"Graines de Moutarde Jaune (\u062d\u0628\u0648\u0628 \u0627\u0644\u062e\u0631\u062f\u0644 \u0627\u0644\u0635\u0641\u0631\u0627\u0621)"},"content":{"rendered":"<h1><b>BIENFAITS<\/b><b>\u00a0DES\u00a0GRAINES DE MOUTARDE JAUNE 100g<\/b><\/h1>\n<p>Produit naturel ne comportant aucun conservateur dans sa pr\u00e9paration.<\/p>\n<p>Ce sont les produits respectant les principes Vegan qui se basent principalement sur le refus de l&rsquo;exploitation animale<\/p>\n<p>Facilite la digestion, excellent tonifiant, traite les carences en vitamine C, r\u00e9chauffe le corps et combat le rhume, r\u00e9gule la thyroide, anti-inflammatoire et antioxydant, excellente source de vitamines et min\u00e9raux.<\/p>\n<p>La <a href=\"https:\/\/saida-plants.com\/ar\/product-category\/grain-sans-glutain\/\">graine<\/a> poss\u00e8de une saveur douce l\u00e9g\u00e8rement piquante qui laisse en bouche un go\u00fbt \u00e9voquant celui des pignons de pin. Au nez la graine de moutarde blanche livre un parfum tr\u00e8s l\u00e9ger avec une petite pointe vive.<\/p>\n<p>Les graines de moutarde jaune sont utilis\u00e9es enti\u00e8res dans les marinades, curry, sauces et rago\u00fbts mais \u00e9galement dans les conserves de cornichons et dans la choucroute. Elles servent \u00e9galement d&rsquo;\u00e9paississant.<\/p>\n<h2><b>Informations de livraison<\/b><\/h2>\n<ul>\n<li>Livraison assur\u00e9e par SaidaPlants, sous 24H \u00e0 Marrakech et sous 1 \u00e0 5 jours pour les autres villes du Maroc.<\/li>\n<li>Exp\u00e9dition pour les commandes \u00e0 l\u2019international sous 1 jour ouvr\u00e9. Les d\u00e9lais de livraison sont variables selon la destination et le mode de livraison choisi.<\/li>\n<\/ul>","protected":false},"excerpt":{"rendered":"<h1 style=\"text-align: center;\"><b>BIENFAITS<\/b><b>\u00a0DES\u00a0GRAINES DE MOUTARDE JAUNE 100g<\/b><\/h1>\n<p style=\"text-align: center;\">Produit naturel ne comportant aucun conservateur dans sa pr\u00e9paration.<\/p>\n<p style=\"text-align: center;\">Ce sont les produits respectant les principes Vegan qui se basent principalement sur le refus de l&rsquo;exploitation animale<\/p>\n<p style=\"text-align: center;\">Facilite la digestion, excellent tonifiant, traite les carences en vitamine C, r\u00e9chauffe le corps et combat le rhume, r\u00e9gule la thyroide, anti-inflammatoire et antioxydant, excellente source de vitamines et min\u00e9raux.<\/p>\n<p style=\"text-align: center;\">La <a href=\"https:\/\/saida-plants.com\/ar\/product-category\/grain-sans-glutain\/\">graine<\/a> poss\u00e8de une saveur douce l\u00e9g\u00e8rement piquante qui laisse en bouche un go\u00fbt \u00e9voquant celui des pignons de pin. Au nez la graine de moutarde blanche livre un parfum tr\u00e8s l\u00e9ger avec une petite pointe vive.<\/p>","protected":false},"featured_media":917,"comment_status":"open","ping_status":"closed","template":"","meta":[],"product_cat":[15],"product_tag":[],"class_list":["post-765","product","type-product","status-publish","has-post-thumbnail","hentry","product_cat-grain-sans-glutain"],"yoast_head":"<!-- This site is optimized with the Yoast SEO plugin v19.13 - https:\/\/yoast.com\/wordpress\/plugins\/seo\/ -->\n<title>Graines de Moutarde Jaune (\u062d\u0628\u0648\u0628 \u0627\u0644\u062e\u0631\u062f\u0644 \u0627\u0644\u0635\u0641\u0631\u0627\u0621) - SaidaPlants<\/title>\n<meta name=\"description\" content=\"Graines de Moutarde Jaune - Nous faisons de notre mieux pour nos clients Obtenez le produit parfait et bio 100% fabriqu\u00e9 \u00e0 partir de la nature.\" \/>\n<meta name=\"robots\" content=\"index, follow, max-snippet:-1, max-image-preview:large, max-video-preview:-1\" \/>\n<link rel=\"canonical\" href=\"https:\/\/saida-plants.com\/ar\/product\/graines-de-moutarde-jaune-\u062d\u0628\u0648\u0628-\u0627\u0644\u062e\u0631\u062f\u0644-\u0627\u0644\u0635\u0641\u0631\u0627\u0621\/\" \/>\n<meta property=\"og:locale\" content=\"ar_AR\" \/>\n<meta property=\"og:type\" content=\"article\" \/>\n<meta property=\"og:title\" content=\"Graines de Moutarde Jaune (\u062d\u0628\u0648\u0628 \u0627\u0644\u062e\u0631\u062f\u0644 \u0627\u0644\u0635\u0641\u0631\u0627\u0621) - SaidaPlants\" \/>\n<meta property=\"og:description\" content=\"Graines de Moutarde Jaune - Nous faisons de notre mieux pour nos clients Obtenez le produit parfait et bio 100% fabriqu\u00e9 \u00e0 partir de la nature.\" \/>\n<meta property=\"og:url\" content=\"https:\/\/saida-plants.com\/ar\/product\/graines-de-moutarde-jaune-\u062d\u0628\u0648\u0628-\u0627\u0644\u062e\u0631\u062f\u0644-\u0627\u0644\u0635\u0641\u0631\u0627\u0621\/\" \/>\n<meta property=\"og:site_name\" content=\"SaidaPlants\" \/>\n<meta property=\"article:publisher\" content=\"https:\/\/www.facebook.com\/SaidaPlants\" \/>\n<meta property=\"og:image\" content=\"https:\/\/saida-plants.com\/wp-content\/uploads\/2021\/09\/khgjhfiy.jpg\" \/>\n\t<meta property=\"og:image:width\" content=\"522\" \/>\n\t<meta property=\"og:image:height\" content=\"527\" \/>\n\t<meta property=\"og:image:type\" content=\"image\/jpeg\" \/>\n<meta name=\"twitter:card\" content=\"summary_large_image\" \/>\n<meta name=\"twitter:label1\" content=\"\u0648\u0642\u062a \u0627\u0644\u0642\u0631\u0627\u0621\u0629 \u0627\u0644\u0645\u064f\u0642\u062f\u0651\u0631\" \/>\n\t<meta name=\"twitter:data1\" content=\"\u062f\u0642\u064a\u0642\u0629 \u0648\u0627\u062d\u062f\u0629\" \/>\n<script type=\"application\/ld+json\" class=\"yoast-schema-graph\">{\"@context\":\"https:\/\/schema.org\",\"@graph\":[{\"@type\":\"WebPage\",\"@id\":\"https:\/\/saida-plants.com\/product\/graines-de-moutarde-jaune-%d8%ad%d8%a8%d9%88%d8%a8-%d8%a7%d9%84%d8%ae%d8%b1%d8%af%d9%84-%d8%a7%d9%84%d8%b5%d9%81%d8%b1%d8%a7%d8%a1\/\",\"url\":\"https:\/\/saida-plants.com\/product\/graines-de-moutarde-jaune-%d8%ad%d8%a8%d9%88%d8%a8-%d8%a7%d9%84%d8%ae%d8%b1%d8%af%d9%84-%d8%a7%d9%84%d8%b5%d9%81%d8%b1%d8%a7%d8%a1\/\",\"name\":\"Graines de Moutarde Jaune (\u062d\u0628\u0648\u0628 \u0627\u0644\u062e\u0631\u062f\u0644 \u0627\u0644\u0635\u0641\u0631\u0627\u0621) - SaidaPlants\",\"isPartOf\":{\"@id\":\"https:\/\/saida-plants.com\/#website\"},\"datePublished\":\"2021-09-10T15:21:20+00:00\",\"dateModified\":\"2021-09-10T15:21:20+00:00\",\"description\":\"Graines de Moutarde Jaune - Nous faisons de notre mieux pour nos clients Obtenez le produit parfait et bio 100% fabriqu\u00e9 \u00e0 partir de la nature.\",\"breadcrumb\":{\"@id\":\"https:\/\/saida-plants.com\/product\/graines-de-moutarde-jaune-%d8%ad%d8%a8%d9%88%d8%a8-%d8%a7%d9%84%d8%ae%d8%b1%d8%af%d9%84-%d8%a7%d9%84%d8%b5%d9%81%d8%b1%d8%a7%d8%a1\/#breadcrumb\"},\"inLanguage\":\"ar\",\"potentialAction\":[{\"@type\":\"ReadAction\",\"target\":[\"https:\/\/saida-plants.com\/product\/graines-de-moutarde-jaune-%d8%ad%d8%a8%d9%88%d8%a8-%d8%a7%d9%84%d8%ae%d8%b1%d8%af%d9%84-%d8%a7%d9%84%d8%b5%d9%81%d8%b1%d8%a7%d8%a1\/\"]}]},{\"@type\":\"BreadcrumbList\",\"@id\":\"https:\/\/saida-plants.com\/product\/graines-de-moutarde-jaune-%d8%ad%d8%a8%d9%88%d8%a8-%d8%a7%d9%84%d8%ae%d8%b1%d8%af%d9%84-%d8%a7%d9%84%d8%b5%d9%81%d8%b1%d8%a7%d8%a1\/#breadcrumb\",\"itemListElement\":[{\"@type\":\"ListItem\",\"position\":1,\"name\":\"Home\",\"item\":\"https:\/\/saida-plants.com\/\"},{\"@type\":\"ListItem\",\"position\":2,\"name\":\"Shop\",\"item\":\"https:\/\/saida-plants.com\/ar\/shop\/\"},{\"@type\":\"ListItem\",\"position\":3,\"name\":\"Graines de Moutarde Jaune (\u062d\u0628\u0648\u0628 \u0627\u0644\u062e\u0631\u062f\u0644 \u0627\u0644\u0635\u0641\u0631\u0627\u0621)\"}]},{\"@type\":\"WebSite\",\"@id\":\"https:\/\/saida-plants.com\/#website\",\"url\":\"https:\/\/saida-plants.com\/\",\"name\":\"SaidaPlants\",\"description\":\"1er Boutique En ligne Produit 100% Bio\",\"publisher\":{\"@id\":\"https:\/\/saida-plants.com\/#organization\"},\"potentialAction\":[{\"@type\":\"SearchAction\",\"target\":{\"@type\":\"EntryPoint\",\"urlTemplate\":\"https:\/\/saida-plants.com\/?s={search_term_string}\"},\"query-input\":\"required name=search_term_string\"}],\"inLanguage\":\"ar\"},{\"@type\":\"Organization\",\"@id\":\"https:\/\/saida-plants.com\/#organization\",\"name\":\"SaidaPlants\",\"url\":\"https:\/\/saida-plants.com\/\",\"logo\":{\"@type\":\"ImageObject\",\"inLanguage\":\"ar\",\"@id\":\"https:\/\/saida-plants.com\/#\/schema\/logo\/image\/\",\"url\":\"https:\/\/saida-plants.com\/wp-content\/uploads\/2021\/08\/WhatsApp-Image-2021-08-11-at-17.44.40.jpeg\",\"contentUrl\":\"https:\/\/saida-plants.com\/wp-content\/uploads\/2021\/08\/WhatsApp-Image-2021-08-11-at-17.44.40.jpeg\",\"width\":1280,\"height\":463,\"caption\":\"SaidaPlants\"},\"image\":{\"@id\":\"https:\/\/saida-plants.com\/#\/schema\/logo\/image\/\"},\"sameAs\":[\"https:\/\/www.instagram.com\/saidaplants\/\",\"https:\/\/www.facebook.com\/SaidaPlants\"]}]}<\/script>\n<!-- \/ Yoast SEO plugin. -->","yoast_head_json":{"title":"Graines de Moutarde Jaune (\u062d\u0628\u0648\u0628 \u0627\u0644\u062e\u0631\u062f\u0644 \u0627\u0644\u0635\u0641\u0631\u0627\u0621) - SaidaPlants","description":"Graines de Moutarde Jaune - Nous faisons de notre mieux pour nos clients Obtenez le produit parfait et bio 100% fabriqu\u00e9 \u00e0 partir de la nature.","robots":{"index":"index","follow":"follow","max-snippet":"max-snippet:-1","max-image-preview":"max-image-preview:large","max-video-preview":"max-video-preview:-1"},"canonical":"https:\/\/saida-plants.com\/ar\/product\/graines-de-moutarde-jaune-\u062d\u0628\u0648\u0628-\u0627\u0644\u062e\u0631\u062f\u0644-\u0627\u0644\u0635\u0641\u0631\u0627\u0621\/","og_locale":"ar_AR","og_type":"article","og_title":"Graines de Moutarde Jaune (\u062d\u0628\u0648\u0628 \u0627\u0644\u062e\u0631\u062f\u0644 \u0627\u0644\u0635\u0641\u0631\u0627\u0621) - SaidaPlants","og_description":"Graines de Moutarde Jaune - Nous faisons de notre mieux pour nos clients Obtenez le produit parfait et bio 100% fabriqu\u00e9 \u00e0 partir de la nature.","og_url":"https:\/\/saida-plants.com\/ar\/product\/graines-de-moutarde-jaune-\u062d\u0628\u0648\u0628-\u0627\u0644\u062e\u0631\u062f\u0644-\u0627\u0644\u0635\u0641\u0631\u0627\u0621\/","og_site_name":"SaidaPlants","article_publisher":"https:\/\/www.facebook.com\/SaidaPlants","og_image":[{"width":522,"height":527,"url":"https:\/\/saida-plants.com\/wp-content\/uploads\/2021\/09\/khgjhfiy.jpg","type":"image\/jpeg"}],"twitter_card":"summary_large_image","twitter_misc":{"\u0648\u0642\u062a \u0627\u0644\u0642\u0631\u0627\u0621\u0629 \u0627\u0644\u0645\u064f\u0642\u062f\u0651\u0631":"\u062f\u0642\u064a\u0642\u0629 \u0648\u0627\u062d\u062f\u0629"},"schema":{"@context":"https:\/\/schema.org","@graph":[{"@type":"WebPage","@id":"https:\/\/saida-plants.com\/product\/graines-de-moutarde-jaune-%d8%ad%d8%a8%d9%88%d8%a8-%d8%a7%d9%84%d8%ae%d8%b1%d8%af%d9%84-%d8%a7%d9%84%d8%b5%d9%81%d8%b1%d8%a7%d8%a1\/","url":"https:\/\/saida-plants.com\/product\/graines-de-moutarde-jaune-%d8%ad%d8%a8%d9%88%d8%a8-%d8%a7%d9%84%d8%ae%d8%b1%d8%af%d9%84-%d8%a7%d9%84%d8%b5%d9%81%d8%b1%d8%a7%d8%a1\/","name":"Graines de Moutarde Jaune (\u062d\u0628\u0648\u0628 \u0627\u0644\u062e\u0631\u062f\u0644 \u0627\u0644\u0635\u0641\u0631\u0627\u0621) - SaidaPlants","isPartOf":{"@id":"https:\/\/saida-plants.com\/#website"},"datePublished":"2021-09-10T15:21:20+00:00","dateModified":"2021-09-10T15:21:20+00:00","description":"Graines de Moutarde Jaune - Nous faisons de notre mieux pour nos clients Obtenez le produit parfait et bio 100% fabriqu\u00e9 \u00e0 partir de la nature.","breadcrumb":{"@id":"https:\/\/saida-plants.com\/product\/graines-de-moutarde-jaune-%d8%ad%d8%a8%d9%88%d8%a8-%d8%a7%d9%84%d8%ae%d8%b1%d8%af%d9%84-%d8%a7%d9%84%d8%b5%d9%81%d8%b1%d8%a7%d8%a1\/#breadcrumb"},"inLanguage":"ar","potentialAction":[{"@type":"ReadAction","target":["https:\/\/saida-plants.com\/product\/graines-de-moutarde-jaune-%d8%ad%d8%a8%d9%88%d8%a8-%d8%a7%d9%84%d8%ae%d8%b1%d8%af%d9%84-%d8%a7%d9%84%d8%b5%d9%81%d8%b1%d8%a7%d8%a1\/"]}]},{"@type":"BreadcrumbList","@id":"https:\/\/saida-plants.com\/product\/graines-de-moutarde-jaune-%d8%ad%d8%a8%d9%88%d8%a8-%d8%a7%d9%84%d8%ae%d8%b1%d8%af%d9%84-%d8%a7%d9%84%d8%b5%d9%81%d8%b1%d8%a7%d8%a1\/#breadcrumb","itemListElement":[{"@type":"ListItem","position":1,"name":"Home","item":"https:\/\/saida-plants.com\/"},{"@type":"ListItem","position":2,"name":"Shop","item":"https:\/\/saida-plants.com\/ar\/shop\/"},{"@type":"ListItem","position":3,"name":"Graines de Moutarde Jaune (\u062d\u0628\u0648\u0628 \u0627\u0644\u062e\u0631\u062f\u0644 \u0627\u0644\u0635\u0641\u0631\u0627\u0621)"}]},{"@type":"WebSite","@id":"https:\/\/saida-plants.com\/#website","url":"https:\/\/saida-plants.com\/","name":"SaidaPlants","description":"1er Boutique En ligne Produit 100% Bio","publisher":{"@id":"https:\/\/saida-plants.com\/#organization"},"potentialAction":[{"@type":"SearchAction","target":{"@type":"EntryPoint","urlTemplate":"https:\/\/saida-plants.com\/?s={search_term_string}"},"query-input":"required name=search_term_string"}],"inLanguage":"ar"},{"@type":"Organization","@id":"https:\/\/saida-plants.com\/#organization","name":"SaidaPlants","url":"https:\/\/saida-plants.com\/","logo":{"@type":"ImageObject","inLanguage":"ar","@id":"https:\/\/saida-plants.com\/#\/schema\/logo\/image\/","url":"https:\/\/saida-plants.com\/wp-content\/uploads\/2021\/08\/WhatsApp-Image-2021-08-11-at-17.44.40.jpeg","contentUrl":"https:\/\/saida-plants.com\/wp-content\/uploads\/2021\/08\/WhatsApp-Image-2021-08-11-at-17.44.40.jpeg","width":1280,"height":463,"caption":"SaidaPlants"},"image":{"@id":"https:\/\/saida-plants.com\/#\/schema\/logo\/image\/"},"sameAs":["https:\/\/www.instagram.com\/saidaplants\/","https:\/\/www.facebook.com\/SaidaPlants"]}]}},"_links":{"self":[{"href":"https:\/\/saida-plants.com\/ar\/wp-json\/wp\/v2\/product\/765"}],"collection":[{"href":"https:\/\/saida-plants.com\/ar\/wp-json\/wp\/v2\/product"}],"about":[{"href":"https:\/\/saida-plants.com\/ar\/wp-json\/wp\/v2\/types\/product"}],"replies":[{"embeddable":true,"href":"https:\/\/saida-plants.com\/ar\/wp-json\/wp\/v2\/comments?post=765"}],"wp:featuredmedia":[{"embeddable":true,"href":"https:\/\/saida-plants.com\/ar\/wp-json\/wp\/v2\/media\/917"}],"wp:attachment":[{"href":"https:\/\/saida-plants.com\/ar\/wp-json\/wp\/v2\/media?parent=765"}],"wp:term":[{"taxonomy":"product_cat","embeddable":true,"href":"https:\/\/saida-plants.com\/ar\/wp-json\/wp\/v2\/product_cat?post=765"},{"taxonomy":"product_tag","embeddable":true,"href":"https:\/\/saida-plants.com\/ar\/wp-json\/wp\/v2\/product_tag?post=765"}],"curies":[{"name":"wp","href":"https:\/\/api.w.org\/{rel}","templated":true}]}}