{"id":768,"date":"2021-09-10T15:22:12","date_gmt":"2021-09-10T15:22:12","guid":{"rendered":"https:\/\/saida-plants.com\/?post_type=product&#038;p=768"},"modified":"2021-09-10T15:22:12","modified_gmt":"2021-09-10T15:22:12","slug":"quinoa-rouge-en-vrac-%d9%83%d9%8a%d9%86%d9%88%d8%a7-%d8%ad%d9%85%d8%b1%d8%a7%d8%a1","status":"publish","type":"product","link":"https:\/\/saida-plants.com\/ar\/product\/quinoa-rouge-en-vrac-%d9%83%d9%8a%d9%86%d9%88%d8%a7-%d8%ad%d9%85%d8%b1%d8%a7%d8%a1\/","title":{"rendered":"Quinoa Rouge en vrac (\u0643\u064a\u0646\u0648\u0627 \u062d\u0645\u0631\u0627\u0621)"},"content":{"rendered":"<h1><b>BIENFAITS\u00a0QUINOA ROUGE EN VRAC 1Kg<\/b><\/h1>\n<p>Produit naturel ne comportant aucun conservateur dans sa pr\u00e9paration.<\/p>\n<p>Ce sont les produits respectant les principes Vegan qui se basent principalement sur le refus de l&rsquo;exploitation animale<\/p>\n<p>Association de diff\u00e9rentes vari\u00e9t\u00e9s de quinoa : blanc, rouge et noir. Graine de la famille des Ch\u00e9nopodiac\u00e9es (comme les \u00e9pinards) assimil\u00e9e \u00e0 une c\u00e9r\u00e9ale de par sa composition nutritionnelle. Le quinoa est source de prot\u00e9ines tr\u00e8s bien \u00e9quilibr\u00e9es. Il est source de fibres. Le trio du quinoa issu de l\u2019agriculture biologique.<\/p>\n<ul>\n<li>\n<h2><b>Valeur nutritive du <a href=\"https:\/\/saida-plants.com\/ar\/product\/trio-de-quinoa-blanc-rouge-et-noir-en-vrac-300g-%d9%83%d9%8a%d9%86%d9%88%d8%a7\/\">Quinoa<\/a> Rouge en vrac<\/b><\/h2>\n<\/li>\n<\/ul>\n<table cellspacing=\"0\" cellpadding=\"0\">\n<tbody>\n<tr>\n<td valign=\"top\"><b>Pour 100g<\/b><\/td>\n<td valign=\"top\"><\/td>\n<\/tr>\n<tr>\n<td valign=\"top\"><b>Valeurs \u00e9nerg\u00e9tique<\/b><\/td>\n<td valign=\"top\">363 Kcal<\/td>\n<\/tr>\n<tr>\n<td valign=\"top\"><b>Prot\u00e9ines<\/b><\/td>\n<td valign=\"top\">12,2\u00a0g<\/td>\n<\/tr>\n<tr>\n<td valign=\"top\"><b>Glucides<\/b><\/td>\n<td valign=\"top\">62,5\u00a0g<\/td>\n<\/tr>\n<tr>\n<td valign=\"top\"><b>Mati\u00e8res grasses<\/b><\/td>\n<td valign=\"top\">5,3\u00a0g<\/td>\n<\/tr>\n<tr>\n<td valign=\"top\"><b>Fibres alimentaires<\/b><\/td>\n<td valign=\"top\">8,5\u00a0g<\/td>\n<\/tr>\n<\/tbody>\n<\/table>\n<p>&nbsp;<\/p>\n<ul>\n<li>Livr\u00e9 dans un Sachet ZIP anti-UV et refermable.<\/li>\n<li>Rincer et cuire 1 volume de trio de quinoa dans 2 volumes d&rsquo;eau \u00e0 couvert pendant 12 \u00e0 15 mn puis saler.<\/li>\n<\/ul>\n<h3><b>Informations de livraison<\/b><\/h3>\n<ul>\n<li>Livraison assur\u00e9e par SaidaPlants, sous 24H \u00e0 Marrakech et sous 1 \u00e0 5 jours pour les autres villes du Maroc.<\/li>\n<li>Exp\u00e9dition pour les commandes \u00e0 l\u2019international sous 1 jour ouvr\u00e9. Les d\u00e9lais de livraison sont variables selon la destination et le mode de livraison choisi.<\/li>\n<\/ul>","protected":false},"excerpt":{"rendered":"<h1 style=\"text-align: center;\"><b>BIENFAITS\u00a0QUINOA ROUGE EN VRAC 1Kg<\/b><\/h1>\n<p style=\"text-align: center;\">Produit naturel ne comportant aucun conservateur dans sa pr\u00e9paration.<\/p>\n<p style=\"text-align: center;\">Ce sont les produits respectant les principes Vegan qui se basent principalement sur le refus de l&rsquo;exploitation animale<\/p>\n<p style=\"text-align: center;\">Association de diff\u00e9rentes vari\u00e9t\u00e9s de quinoa : blanc, rouge et noir. Graine de la famille des Ch\u00e9nopodiac\u00e9es (comme les \u00e9pinards) assimil\u00e9e \u00e0 une c\u00e9r\u00e9ale de par sa composition nutritionnelle. Le quinoa est source de prot\u00e9ines tr\u00e8s bien \u00e9quilibr\u00e9es. Il est source de fibres. Le trio du quinoa issu de l\u2019agriculture biologique.<\/p>","protected":false},"featured_media":918,"comment_status":"open","ping_status":"closed","template":"","meta":[],"product_cat":[15],"product_tag":[],"class_list":["post-768","product","type-product","status-publish","has-post-thumbnail","hentry","product_cat-grain-sans-glutain"],"yoast_head":"<!-- This site is optimized with the Yoast SEO plugin v19.13 - https:\/\/yoast.com\/wordpress\/plugins\/seo\/ -->\n<title>Quinoa Rouge en vrac (\u0643\u064a\u0646\u0648\u0627 \u062d\u0645\u0631\u0627\u0621) - SaidaPlants<\/title>\n<meta name=\"description\" content=\"Quinoa Rouge en vrac - Nous faisons de notre mieux pour nos clients Obtenez le produit parfait et bio 100% fabriqu\u00e9 \u00e0 partir de la nature.\" \/>\n<meta name=\"robots\" content=\"index, follow, max-snippet:-1, max-image-preview:large, max-video-preview:-1\" \/>\n<link rel=\"canonical\" href=\"https:\/\/saida-plants.com\/ar\/product\/quinoa-rouge-en-vrac-\u0643\u064a\u0646\u0648\u0627-\u062d\u0645\u0631\u0627\u0621\/\" \/>\n<meta property=\"og:locale\" content=\"ar_AR\" \/>\n<meta property=\"og:type\" content=\"article\" \/>\n<meta property=\"og:title\" content=\"Quinoa Rouge en vrac (\u0643\u064a\u0646\u0648\u0627 \u062d\u0645\u0631\u0627\u0621) - SaidaPlants\" \/>\n<meta property=\"og:description\" content=\"Quinoa Rouge en vrac - Nous faisons de notre mieux pour nos clients Obtenez le produit parfait et bio 100% fabriqu\u00e9 \u00e0 partir de la nature.\" \/>\n<meta property=\"og:url\" content=\"https:\/\/saida-plants.com\/ar\/product\/quinoa-rouge-en-vrac-\u0643\u064a\u0646\u0648\u0627-\u062d\u0645\u0631\u0627\u0621\/\" \/>\n<meta property=\"og:site_name\" content=\"SaidaPlants\" \/>\n<meta property=\"article:publisher\" content=\"https:\/\/www.facebook.com\/SaidaPlants\" \/>\n<meta property=\"og:image\" content=\"https:\/\/saida-plants.com\/wp-content\/uploads\/2021\/09\/iu.jpg\" \/>\n\t<meta property=\"og:image:width\" content=\"650\" \/>\n\t<meta property=\"og:image:height\" content=\"650\" \/>\n\t<meta property=\"og:image:type\" content=\"image\/jpeg\" \/>\n<meta name=\"twitter:card\" content=\"summary_large_image\" \/>\n<meta name=\"twitter:label1\" content=\"\u0648\u0642\u062a \u0627\u0644\u0642\u0631\u0627\u0621\u0629 \u0627\u0644\u0645\u064f\u0642\u062f\u0651\u0631\" \/>\n\t<meta name=\"twitter:data1\" content=\"\u062f\u0642\u064a\u0642\u0629 \u0648\u0627\u062d\u062f\u0629\" \/>\n<script type=\"application\/ld+json\" class=\"yoast-schema-graph\">{\"@context\":\"https:\/\/schema.org\",\"@graph\":[{\"@type\":\"WebPage\",\"@id\":\"https:\/\/saida-plants.com\/product\/quinoa-rouge-en-vrac-%d9%83%d9%8a%d9%86%d9%88%d8%a7-%d8%ad%d9%85%d8%b1%d8%a7%d8%a1\/\",\"url\":\"https:\/\/saida-plants.com\/product\/quinoa-rouge-en-vrac-%d9%83%d9%8a%d9%86%d9%88%d8%a7-%d8%ad%d9%85%d8%b1%d8%a7%d8%a1\/\",\"name\":\"Quinoa Rouge en vrac (\u0643\u064a\u0646\u0648\u0627 \u062d\u0645\u0631\u0627\u0621) - SaidaPlants\",\"isPartOf\":{\"@id\":\"https:\/\/saida-plants.com\/#website\"},\"datePublished\":\"2021-09-10T15:22:12+00:00\",\"dateModified\":\"2021-09-10T15:22:12+00:00\",\"description\":\"Quinoa Rouge en vrac - Nous faisons de notre mieux pour nos clients Obtenez le produit parfait et bio 100% fabriqu\u00e9 \u00e0 partir de la nature.\",\"breadcrumb\":{\"@id\":\"https:\/\/saida-plants.com\/product\/quinoa-rouge-en-vrac-%d9%83%d9%8a%d9%86%d9%88%d8%a7-%d8%ad%d9%85%d8%b1%d8%a7%d8%a1\/#breadcrumb\"},\"inLanguage\":\"ar\",\"potentialAction\":[{\"@type\":\"ReadAction\",\"target\":[\"https:\/\/saida-plants.com\/product\/quinoa-rouge-en-vrac-%d9%83%d9%8a%d9%86%d9%88%d8%a7-%d8%ad%d9%85%d8%b1%d8%a7%d8%a1\/\"]}]},{\"@type\":\"BreadcrumbList\",\"@id\":\"https:\/\/saida-plants.com\/product\/quinoa-rouge-en-vrac-%d9%83%d9%8a%d9%86%d9%88%d8%a7-%d8%ad%d9%85%d8%b1%d8%a7%d8%a1\/#breadcrumb\",\"itemListElement\":[{\"@type\":\"ListItem\",\"position\":1,\"name\":\"Home\",\"item\":\"https:\/\/saida-plants.com\/\"},{\"@type\":\"ListItem\",\"position\":2,\"name\":\"Shop\",\"item\":\"https:\/\/saida-plants.com\/ar\/shop\/\"},{\"@type\":\"ListItem\",\"position\":3,\"name\":\"Quinoa Rouge en vrac (\u0643\u064a\u0646\u0648\u0627 \u062d\u0645\u0631\u0627\u0621)\"}]},{\"@type\":\"WebSite\",\"@id\":\"https:\/\/saida-plants.com\/#website\",\"url\":\"https:\/\/saida-plants.com\/\",\"name\":\"SaidaPlants\",\"description\":\"1er Boutique En ligne Produit 100% Bio\",\"publisher\":{\"@id\":\"https:\/\/saida-plants.com\/#organization\"},\"potentialAction\":[{\"@type\":\"SearchAction\",\"target\":{\"@type\":\"EntryPoint\",\"urlTemplate\":\"https:\/\/saida-plants.com\/?s={search_term_string}\"},\"query-input\":\"required name=search_term_string\"}],\"inLanguage\":\"ar\"},{\"@type\":\"Organization\",\"@id\":\"https:\/\/saida-plants.com\/#organization\",\"name\":\"SaidaPlants\",\"url\":\"https:\/\/saida-plants.com\/\",\"logo\":{\"@type\":\"ImageObject\",\"inLanguage\":\"ar\",\"@id\":\"https:\/\/saida-plants.com\/#\/schema\/logo\/image\/\",\"url\":\"https:\/\/saida-plants.com\/wp-content\/uploads\/2021\/08\/WhatsApp-Image-2021-08-11-at-17.44.40.jpeg\",\"contentUrl\":\"https:\/\/saida-plants.com\/wp-content\/uploads\/2021\/08\/WhatsApp-Image-2021-08-11-at-17.44.40.jpeg\",\"width\":1280,\"height\":463,\"caption\":\"SaidaPlants\"},\"image\":{\"@id\":\"https:\/\/saida-plants.com\/#\/schema\/logo\/image\/\"},\"sameAs\":[\"https:\/\/www.instagram.com\/saidaplants\/\",\"https:\/\/www.facebook.com\/SaidaPlants\"]}]}<\/script>\n<!-- \/ Yoast SEO plugin. -->","yoast_head_json":{"title":"Quinoa Rouge en vrac (\u0643\u064a\u0646\u0648\u0627 \u062d\u0645\u0631\u0627\u0621) - SaidaPlants","description":"Quinoa Rouge en vrac - Nous faisons de notre mieux pour nos clients Obtenez le produit parfait et bio 100% fabriqu\u00e9 \u00e0 partir de la nature.","robots":{"index":"index","follow":"follow","max-snippet":"max-snippet:-1","max-image-preview":"max-image-preview:large","max-video-preview":"max-video-preview:-1"},"canonical":"https:\/\/saida-plants.com\/ar\/product\/quinoa-rouge-en-vrac-\u0643\u064a\u0646\u0648\u0627-\u062d\u0645\u0631\u0627\u0621\/","og_locale":"ar_AR","og_type":"article","og_title":"Quinoa Rouge en vrac (\u0643\u064a\u0646\u0648\u0627 \u062d\u0645\u0631\u0627\u0621) - SaidaPlants","og_description":"Quinoa Rouge en vrac - Nous faisons de notre mieux pour nos clients Obtenez le produit parfait et bio 100% fabriqu\u00e9 \u00e0 partir de la nature.","og_url":"https:\/\/saida-plants.com\/ar\/product\/quinoa-rouge-en-vrac-\u0643\u064a\u0646\u0648\u0627-\u062d\u0645\u0631\u0627\u0621\/","og_site_name":"SaidaPlants","article_publisher":"https:\/\/www.facebook.com\/SaidaPlants","og_image":[{"width":650,"height":650,"url":"https:\/\/saida-plants.com\/wp-content\/uploads\/2021\/09\/iu.jpg","type":"image\/jpeg"}],"twitter_card":"summary_large_image","twitter_misc":{"\u0648\u0642\u062a \u0627\u0644\u0642\u0631\u0627\u0621\u0629 \u0627\u0644\u0645\u064f\u0642\u062f\u0651\u0631":"\u062f\u0642\u064a\u0642\u0629 \u0648\u0627\u062d\u062f\u0629"},"schema":{"@context":"https:\/\/schema.org","@graph":[{"@type":"WebPage","@id":"https:\/\/saida-plants.com\/product\/quinoa-rouge-en-vrac-%d9%83%d9%8a%d9%86%d9%88%d8%a7-%d8%ad%d9%85%d8%b1%d8%a7%d8%a1\/","url":"https:\/\/saida-plants.com\/product\/quinoa-rouge-en-vrac-%d9%83%d9%8a%d9%86%d9%88%d8%a7-%d8%ad%d9%85%d8%b1%d8%a7%d8%a1\/","name":"Quinoa Rouge en vrac (\u0643\u064a\u0646\u0648\u0627 \u062d\u0645\u0631\u0627\u0621) - SaidaPlants","isPartOf":{"@id":"https:\/\/saida-plants.com\/#website"},"datePublished":"2021-09-10T15:22:12+00:00","dateModified":"2021-09-10T15:22:12+00:00","description":"Quinoa Rouge en vrac - Nous faisons de notre mieux pour nos clients Obtenez le produit parfait et bio 100% fabriqu\u00e9 \u00e0 partir de la nature.","breadcrumb":{"@id":"https:\/\/saida-plants.com\/product\/quinoa-rouge-en-vrac-%d9%83%d9%8a%d9%86%d9%88%d8%a7-%d8%ad%d9%85%d8%b1%d8%a7%d8%a1\/#breadcrumb"},"inLanguage":"ar","potentialAction":[{"@type":"ReadAction","target":["https:\/\/saida-plants.com\/product\/quinoa-rouge-en-vrac-%d9%83%d9%8a%d9%86%d9%88%d8%a7-%d8%ad%d9%85%d8%b1%d8%a7%d8%a1\/"]}]},{"@type":"BreadcrumbList","@id":"https:\/\/saida-plants.com\/product\/quinoa-rouge-en-vrac-%d9%83%d9%8a%d9%86%d9%88%d8%a7-%d8%ad%d9%85%d8%b1%d8%a7%d8%a1\/#breadcrumb","itemListElement":[{"@type":"ListItem","position":1,"name":"Home","item":"https:\/\/saida-plants.com\/"},{"@type":"ListItem","position":2,"name":"Shop","item":"https:\/\/saida-plants.com\/ar\/shop\/"},{"@type":"ListItem","position":3,"name":"Quinoa Rouge en vrac (\u0643\u064a\u0646\u0648\u0627 \u062d\u0645\u0631\u0627\u0621)"}]},{"@type":"WebSite","@id":"https:\/\/saida-plants.com\/#website","url":"https:\/\/saida-plants.com\/","name":"SaidaPlants","description":"1er Boutique En ligne Produit 100% Bio","publisher":{"@id":"https:\/\/saida-plants.com\/#organization"},"potentialAction":[{"@type":"SearchAction","target":{"@type":"EntryPoint","urlTemplate":"https:\/\/saida-plants.com\/?s={search_term_string}"},"query-input":"required name=search_term_string"}],"inLanguage":"ar"},{"@type":"Organization","@id":"https:\/\/saida-plants.com\/#organization","name":"SaidaPlants","url":"https:\/\/saida-plants.com\/","logo":{"@type":"ImageObject","inLanguage":"ar","@id":"https:\/\/saida-plants.com\/#\/schema\/logo\/image\/","url":"https:\/\/saida-plants.com\/wp-content\/uploads\/2021\/08\/WhatsApp-Image-2021-08-11-at-17.44.40.jpeg","contentUrl":"https:\/\/saida-plants.com\/wp-content\/uploads\/2021\/08\/WhatsApp-Image-2021-08-11-at-17.44.40.jpeg","width":1280,"height":463,"caption":"SaidaPlants"},"image":{"@id":"https:\/\/saida-plants.com\/#\/schema\/logo\/image\/"},"sameAs":["https:\/\/www.instagram.com\/saidaplants\/","https:\/\/www.facebook.com\/SaidaPlants"]}]}},"_links":{"self":[{"href":"https:\/\/saida-plants.com\/ar\/wp-json\/wp\/v2\/product\/768"}],"collection":[{"href":"https:\/\/saida-plants.com\/ar\/wp-json\/wp\/v2\/product"}],"about":[{"href":"https:\/\/saida-plants.com\/ar\/wp-json\/wp\/v2\/types\/product"}],"replies":[{"embeddable":true,"href":"https:\/\/saida-plants.com\/ar\/wp-json\/wp\/v2\/comments?post=768"}],"wp:featuredmedia":[{"embeddable":true,"href":"https:\/\/saida-plants.com\/ar\/wp-json\/wp\/v2\/media\/918"}],"wp:attachment":[{"href":"https:\/\/saida-plants.com\/ar\/wp-json\/wp\/v2\/media?parent=768"}],"wp:term":[{"taxonomy":"product_cat","embeddable":true,"href":"https:\/\/saida-plants.com\/ar\/wp-json\/wp\/v2\/product_cat?post=768"},{"taxonomy":"product_tag","embeddable":true,"href":"https:\/\/saida-plants.com\/ar\/wp-json\/wp\/v2\/product_tag?post=768"}],"curies":[{"name":"wp","href":"https:\/\/api.w.org\/{rel}","templated":true}]}}