{"id":769,"date":"2021-09-10T15:23:57","date_gmt":"2021-09-10T15:23:57","guid":{"rendered":"https:\/\/saida-plants.com\/?post_type=product&#038;p=769"},"modified":"2021-09-10T15:23:57","modified_gmt":"2021-09-10T15:23:57","slug":"graines-davoines-%d8%ad%d8%a8%d9%88%d8%a8-%d8%a7%d9%84%d8%b4%d9%88%d9%81%d8%a7%d9%86","status":"publish","type":"product","link":"https:\/\/saida-plants.com\/ar\/product\/graines-davoines-%d8%ad%d8%a8%d9%88%d8%a8-%d8%a7%d9%84%d8%b4%d9%88%d9%81%d8%a7%d9%86\/","title":{"rendered":"Graines d&rsquo;avoines (\u062d\u0628\u0648\u0628 \u0627\u0644\u0634\u0648\u0641\u0627\u0646)"},"content":{"rendered":"<h1><b>BIENFAITS\u00a0<a href=\"https:\/\/saida-plants.com\/ar\/product-category\/grain-sans-glutain\/\">GRAINES<\/a> D&rsquo;AVOINES 1kg<\/b><\/h1>\n<p>Produit naturel ne comportant aucun conservateur dans sa pr\u00e9paration.<\/p>\n<p>Ce sont les produits respectant les principes Vegan qui se basent principalement sur le refus de l&rsquo;exploitation animale<\/p>\n<p><strong>Graines d&rsquo;avoines<\/strong><\/p>\n<p>Riche en fibres solubles, l&rsquo;avoine faciliterait la digestion des aliments, le transit au niveau des intestins et \u00e9viterait donc les probl\u00e8mes de constipation. L\u2019avoine aide \u00e0 normaliser la glyc\u00e9mie et le cholest\u00e9rol sanguin.<\/p>\n<h2><b>Informations de livraison<\/b><\/h2>\n<ul>\n<li>Livraison assur\u00e9e par SaidaPlants, sous 24H \u00e0 Marrakech et sous 1 \u00e0 5 jours pour les autres villes du Maroc.<\/li>\n<li>Exp\u00e9dition pour les commandes \u00e0 l\u2019international sous 1 jour ouvr\u00e9. Les d\u00e9lais de livraison sont variables selon la destination et le mode de livraison choisi.<\/li>\n<\/ul>","protected":false},"excerpt":{"rendered":"<h1 style=\"text-align: center;\"><b>BIENFAITS\u00a0<a href=\"https:\/\/saida-plants.com\/ar\/product-category\/grain-sans-glutain\/\">GRAINES<\/a> D&rsquo;AVOINES 1Kg<\/b><\/h1>\n<p style=\"text-align: center;\">Produit naturel ne comportant aucun conservateur dans sa pr\u00e9paration.<\/p>\n<p style=\"text-align: center;\">Ce sont les produits respectant les principes Vegan qui se basent principalement sur le refus de l&rsquo;exploitation animale<\/p>\n<p style=\"text-align: center;\"><strong>Graines d&rsquo;avoines<\/strong><\/p>\n<p style=\"text-align: center;\">Riche en fibres solubles, l&rsquo;avoine faciliterait la digestion des aliments, le transit au niveau des intestins et \u00e9viterait donc les probl\u00e8mes de constipation. L\u2019avoine aide \u00e0 normaliser la glyc\u00e9mie et le cholest\u00e9rol sanguin.<\/p>\n<h2 style=\"text-align: center;\"><\/h2>","protected":false},"featured_media":919,"comment_status":"open","ping_status":"closed","template":"","meta":[],"product_cat":[15],"product_tag":[],"class_list":["post-769","product","type-product","status-publish","has-post-thumbnail","hentry","product_cat-grain-sans-glutain"],"yoast_head":"<!-- This site is optimized with the Yoast SEO plugin v19.13 - https:\/\/yoast.com\/wordpress\/plugins\/seo\/ -->\n<title>Graines d&#039;avoines (\u062d\u0628\u0648\u0628 \u0627\u0644\u0634\u0648\u0641\u0627\u0646) - SaidaPlants<\/title>\n<meta name=\"description\" content=\"Graines d&#039;avoines - Nous faisons de notre mieux pour nos clients Obtenez le produit parfait et bio 100% fabriqu\u00e9 \u00e0 partir de la nature.\" \/>\n<meta name=\"robots\" content=\"index, follow, max-snippet:-1, max-image-preview:large, max-video-preview:-1\" \/>\n<link rel=\"canonical\" href=\"https:\/\/saida-plants.com\/ar\/product\/graines-davoines-\u062d\u0628\u0648\u0628-\u0627\u0644\u0634\u0648\u0641\u0627\u0646\/\" \/>\n<meta property=\"og:locale\" content=\"ar_AR\" \/>\n<meta property=\"og:type\" content=\"article\" \/>\n<meta property=\"og:title\" content=\"Graines d&#039;avoines (\u062d\u0628\u0648\u0628 \u0627\u0644\u0634\u0648\u0641\u0627\u0646) - SaidaPlants\" \/>\n<meta property=\"og:description\" content=\"Graines d&#039;avoines - Nous faisons de notre mieux pour nos clients Obtenez le produit parfait et bio 100% fabriqu\u00e9 \u00e0 partir de la nature.\" \/>\n<meta property=\"og:url\" content=\"https:\/\/saida-plants.com\/ar\/product\/graines-davoines-\u062d\u0628\u0648\u0628-\u0627\u0644\u0634\u0648\u0641\u0627\u0646\/\" \/>\n<meta property=\"og:site_name\" content=\"SaidaPlants\" \/>\n<meta property=\"article:publisher\" content=\"https:\/\/www.facebook.com\/SaidaPlants\" \/>\n<meta property=\"og:image\" content=\"https:\/\/saida-plants.com\/wp-content\/uploads\/2021\/09\/hb.jpg\" \/>\n\t<meta property=\"og:image:width\" content=\"500\" \/>\n\t<meta property=\"og:image:height\" content=\"333\" \/>\n\t<meta property=\"og:image:type\" content=\"image\/jpeg\" \/>\n<meta name=\"twitter:card\" content=\"summary_large_image\" \/>\n<meta name=\"twitter:label1\" content=\"\u0648\u0642\u062a \u0627\u0644\u0642\u0631\u0627\u0621\u0629 \u0627\u0644\u0645\u064f\u0642\u062f\u0651\u0631\" \/>\n\t<meta name=\"twitter:data1\" content=\"\u062f\u0642\u064a\u0642\u0629 \u0648\u0627\u062d\u062f\u0629\" \/>\n<script type=\"application\/ld+json\" class=\"yoast-schema-graph\">{\"@context\":\"https:\/\/schema.org\",\"@graph\":[{\"@type\":\"WebPage\",\"@id\":\"https:\/\/saida-plants.com\/product\/graines-davoines-%d8%ad%d8%a8%d9%88%d8%a8-%d8%a7%d9%84%d8%b4%d9%88%d9%81%d8%a7%d9%86\/\",\"url\":\"https:\/\/saida-plants.com\/product\/graines-davoines-%d8%ad%d8%a8%d9%88%d8%a8-%d8%a7%d9%84%d8%b4%d9%88%d9%81%d8%a7%d9%86\/\",\"name\":\"Graines d'avoines (\u062d\u0628\u0648\u0628 \u0627\u0644\u0634\u0648\u0641\u0627\u0646) - SaidaPlants\",\"isPartOf\":{\"@id\":\"https:\/\/saida-plants.com\/#website\"},\"datePublished\":\"2021-09-10T15:23:57+00:00\",\"dateModified\":\"2021-09-10T15:23:57+00:00\",\"description\":\"Graines d'avoines - Nous faisons de notre mieux pour nos clients Obtenez le produit parfait et bio 100% fabriqu\u00e9 \u00e0 partir de la nature.\",\"breadcrumb\":{\"@id\":\"https:\/\/saida-plants.com\/product\/graines-davoines-%d8%ad%d8%a8%d9%88%d8%a8-%d8%a7%d9%84%d8%b4%d9%88%d9%81%d8%a7%d9%86\/#breadcrumb\"},\"inLanguage\":\"ar\",\"potentialAction\":[{\"@type\":\"ReadAction\",\"target\":[\"https:\/\/saida-plants.com\/product\/graines-davoines-%d8%ad%d8%a8%d9%88%d8%a8-%d8%a7%d9%84%d8%b4%d9%88%d9%81%d8%a7%d9%86\/\"]}]},{\"@type\":\"BreadcrumbList\",\"@id\":\"https:\/\/saida-plants.com\/product\/graines-davoines-%d8%ad%d8%a8%d9%88%d8%a8-%d8%a7%d9%84%d8%b4%d9%88%d9%81%d8%a7%d9%86\/#breadcrumb\",\"itemListElement\":[{\"@type\":\"ListItem\",\"position\":1,\"name\":\"Home\",\"item\":\"https:\/\/saida-plants.com\/\"},{\"@type\":\"ListItem\",\"position\":2,\"name\":\"Shop\",\"item\":\"https:\/\/saida-plants.com\/ar\/shop\/\"},{\"@type\":\"ListItem\",\"position\":3,\"name\":\"Graines d&#8217;avoines (\u062d\u0628\u0648\u0628 \u0627\u0644\u0634\u0648\u0641\u0627\u0646)\"}]},{\"@type\":\"WebSite\",\"@id\":\"https:\/\/saida-plants.com\/#website\",\"url\":\"https:\/\/saida-plants.com\/\",\"name\":\"SaidaPlants\",\"description\":\"1er Boutique En ligne Produit 100% Bio\",\"publisher\":{\"@id\":\"https:\/\/saida-plants.com\/#organization\"},\"potentialAction\":[{\"@type\":\"SearchAction\",\"target\":{\"@type\":\"EntryPoint\",\"urlTemplate\":\"https:\/\/saida-plants.com\/?s={search_term_string}\"},\"query-input\":\"required name=search_term_string\"}],\"inLanguage\":\"ar\"},{\"@type\":\"Organization\",\"@id\":\"https:\/\/saida-plants.com\/#organization\",\"name\":\"SaidaPlants\",\"url\":\"https:\/\/saida-plants.com\/\",\"logo\":{\"@type\":\"ImageObject\",\"inLanguage\":\"ar\",\"@id\":\"https:\/\/saida-plants.com\/#\/schema\/logo\/image\/\",\"url\":\"https:\/\/saida-plants.com\/wp-content\/uploads\/2021\/08\/WhatsApp-Image-2021-08-11-at-17.44.40.jpeg\",\"contentUrl\":\"https:\/\/saida-plants.com\/wp-content\/uploads\/2021\/08\/WhatsApp-Image-2021-08-11-at-17.44.40.jpeg\",\"width\":1280,\"height\":463,\"caption\":\"SaidaPlants\"},\"image\":{\"@id\":\"https:\/\/saida-plants.com\/#\/schema\/logo\/image\/\"},\"sameAs\":[\"https:\/\/www.instagram.com\/saidaplants\/\",\"https:\/\/www.facebook.com\/SaidaPlants\"]}]}<\/script>\n<!-- \/ Yoast SEO plugin. -->","yoast_head_json":{"title":"Graines d'avoines (\u062d\u0628\u0648\u0628 \u0627\u0644\u0634\u0648\u0641\u0627\u0646) - SaidaPlants","description":"Graines d'avoines - Nous faisons de notre mieux pour nos clients Obtenez le produit parfait et bio 100% fabriqu\u00e9 \u00e0 partir de la nature.","robots":{"index":"index","follow":"follow","max-snippet":"max-snippet:-1","max-image-preview":"max-image-preview:large","max-video-preview":"max-video-preview:-1"},"canonical":"https:\/\/saida-plants.com\/ar\/product\/graines-davoines-\u062d\u0628\u0648\u0628-\u0627\u0644\u0634\u0648\u0641\u0627\u0646\/","og_locale":"ar_AR","og_type":"article","og_title":"Graines d'avoines (\u062d\u0628\u0648\u0628 \u0627\u0644\u0634\u0648\u0641\u0627\u0646) - SaidaPlants","og_description":"Graines d'avoines - Nous faisons de notre mieux pour nos clients Obtenez le produit parfait et bio 100% fabriqu\u00e9 \u00e0 partir de la nature.","og_url":"https:\/\/saida-plants.com\/ar\/product\/graines-davoines-\u062d\u0628\u0648\u0628-\u0627\u0644\u0634\u0648\u0641\u0627\u0646\/","og_site_name":"SaidaPlants","article_publisher":"https:\/\/www.facebook.com\/SaidaPlants","og_image":[{"width":500,"height":333,"url":"https:\/\/saida-plants.com\/wp-content\/uploads\/2021\/09\/hb.jpg","type":"image\/jpeg"}],"twitter_card":"summary_large_image","twitter_misc":{"\u0648\u0642\u062a \u0627\u0644\u0642\u0631\u0627\u0621\u0629 \u0627\u0644\u0645\u064f\u0642\u062f\u0651\u0631":"\u062f\u0642\u064a\u0642\u0629 \u0648\u0627\u062d\u062f\u0629"},"schema":{"@context":"https:\/\/schema.org","@graph":[{"@type":"WebPage","@id":"https:\/\/saida-plants.com\/product\/graines-davoines-%d8%ad%d8%a8%d9%88%d8%a8-%d8%a7%d9%84%d8%b4%d9%88%d9%81%d8%a7%d9%86\/","url":"https:\/\/saida-plants.com\/product\/graines-davoines-%d8%ad%d8%a8%d9%88%d8%a8-%d8%a7%d9%84%d8%b4%d9%88%d9%81%d8%a7%d9%86\/","name":"Graines d'avoines (\u062d\u0628\u0648\u0628 \u0627\u0644\u0634\u0648\u0641\u0627\u0646) - SaidaPlants","isPartOf":{"@id":"https:\/\/saida-plants.com\/#website"},"datePublished":"2021-09-10T15:23:57+00:00","dateModified":"2021-09-10T15:23:57+00:00","description":"Graines d'avoines - Nous faisons de notre mieux pour nos clients Obtenez le produit parfait et bio 100% fabriqu\u00e9 \u00e0 partir de la nature.","breadcrumb":{"@id":"https:\/\/saida-plants.com\/product\/graines-davoines-%d8%ad%d8%a8%d9%88%d8%a8-%d8%a7%d9%84%d8%b4%d9%88%d9%81%d8%a7%d9%86\/#breadcrumb"},"inLanguage":"ar","potentialAction":[{"@type":"ReadAction","target":["https:\/\/saida-plants.com\/product\/graines-davoines-%d8%ad%d8%a8%d9%88%d8%a8-%d8%a7%d9%84%d8%b4%d9%88%d9%81%d8%a7%d9%86\/"]}]},{"@type":"BreadcrumbList","@id":"https:\/\/saida-plants.com\/product\/graines-davoines-%d8%ad%d8%a8%d9%88%d8%a8-%d8%a7%d9%84%d8%b4%d9%88%d9%81%d8%a7%d9%86\/#breadcrumb","itemListElement":[{"@type":"ListItem","position":1,"name":"Home","item":"https:\/\/saida-plants.com\/"},{"@type":"ListItem","position":2,"name":"Shop","item":"https:\/\/saida-plants.com\/ar\/shop\/"},{"@type":"ListItem","position":3,"name":"Graines d&#8217;avoines (\u062d\u0628\u0648\u0628 \u0627\u0644\u0634\u0648\u0641\u0627\u0646)"}]},{"@type":"WebSite","@id":"https:\/\/saida-plants.com\/#website","url":"https:\/\/saida-plants.com\/","name":"SaidaPlants","description":"1er Boutique En ligne Produit 100% Bio","publisher":{"@id":"https:\/\/saida-plants.com\/#organization"},"potentialAction":[{"@type":"SearchAction","target":{"@type":"EntryPoint","urlTemplate":"https:\/\/saida-plants.com\/?s={search_term_string}"},"query-input":"required name=search_term_string"}],"inLanguage":"ar"},{"@type":"Organization","@id":"https:\/\/saida-plants.com\/#organization","name":"SaidaPlants","url":"https:\/\/saida-plants.com\/","logo":{"@type":"ImageObject","inLanguage":"ar","@id":"https:\/\/saida-plants.com\/#\/schema\/logo\/image\/","url":"https:\/\/saida-plants.com\/wp-content\/uploads\/2021\/08\/WhatsApp-Image-2021-08-11-at-17.44.40.jpeg","contentUrl":"https:\/\/saida-plants.com\/wp-content\/uploads\/2021\/08\/WhatsApp-Image-2021-08-11-at-17.44.40.jpeg","width":1280,"height":463,"caption":"SaidaPlants"},"image":{"@id":"https:\/\/saida-plants.com\/#\/schema\/logo\/image\/"},"sameAs":["https:\/\/www.instagram.com\/saidaplants\/","https:\/\/www.facebook.com\/SaidaPlants"]}]}},"_links":{"self":[{"href":"https:\/\/saida-plants.com\/ar\/wp-json\/wp\/v2\/product\/769"}],"collection":[{"href":"https:\/\/saida-plants.com\/ar\/wp-json\/wp\/v2\/product"}],"about":[{"href":"https:\/\/saida-plants.com\/ar\/wp-json\/wp\/v2\/types\/product"}],"replies":[{"embeddable":true,"href":"https:\/\/saida-plants.com\/ar\/wp-json\/wp\/v2\/comments?post=769"}],"wp:featuredmedia":[{"embeddable":true,"href":"https:\/\/saida-plants.com\/ar\/wp-json\/wp\/v2\/media\/919"}],"wp:attachment":[{"href":"https:\/\/saida-plants.com\/ar\/wp-json\/wp\/v2\/media?parent=769"}],"wp:term":[{"taxonomy":"product_cat","embeddable":true,"href":"https:\/\/saida-plants.com\/ar\/wp-json\/wp\/v2\/product_cat?post=769"},{"taxonomy":"product_tag","embeddable":true,"href":"https:\/\/saida-plants.com\/ar\/wp-json\/wp\/v2\/product_tag?post=769"}],"curies":[{"name":"wp","href":"https:\/\/api.w.org\/{rel}","templated":true}]}}