{"id":772,"date":"2021-09-10T15:26:27","date_gmt":"2021-09-10T15:26:27","guid":{"rendered":"https:\/\/saida-plants.com\/?post_type=product&#038;p=772"},"modified":"2021-09-10T15:26:27","modified_gmt":"2021-09-10T15:26:27","slug":"graines-de-seigle-%d8%a8%d8%b0%d9%88%d8%b1-%d8%a7%d9%84%d8%ac%d9%88%d8%af%d8%a7%d8%b1","status":"publish","type":"product","link":"https:\/\/saida-plants.com\/ar\/product\/graines-de-seigle-%d8%a8%d8%b0%d9%88%d8%b1-%d8%a7%d9%84%d8%ac%d9%88%d8%af%d8%a7%d8%b1\/","title":{"rendered":"Graines de seigle &#8211; \u0628\u0630\u0648\u0631 \u0627\u0644\u062c\u0648\u062f\u0627\u0631"},"content":{"rendered":"<h1><b>BIENFAITS GRAINES DE SEIGLE 1Kg<\/b><\/h1>\n<p>Produit naturel ne comportant aucun conservateur dans sa pr\u00e9paration.<\/p>\n<p>Bien que le seigle f\u00fbt une c\u00e9r\u00e9ale populaire \u00e0 une certaine \u00e9poque, il se retrouve rarement dans nos assiettes d\u2019aujourd\u2019hui. Pourtant, le seigle devrait avoir sa place dans une alimentation \u00e9quilibr\u00e9e, car il aurait divers effets b\u00e9n\u00e9fiques sur la sant\u00e9. Il agirait entre autres contre les maladies cardiovasculaires, le diab\u00e8te de type 2 et le cancer. Sa consommation am\u00e9liorerait aussi la sant\u00e9 intestinale.<\/p>\n<h2><b>Caract\u00e9ristiques des Graines de seigle<\/b><\/h2>\n<ul>\n<li><a href=\"https:\/\/saida-plants.com\/ar\/product-category\/grain-sans-glutain\/\">Excellente<\/a> source de fibres alimentaires ;<\/li>\n<li>Pouvoir antioxydant ;<\/li>\n<li>Richesse en prot\u00e9ines v\u00e9g\u00e9tales ;<\/li>\n<li>Source de gluten ;<\/li>\n<li>Teneur int\u00e9ressante en vitamines et min\u00e9raux.<\/li>\n<\/ul>\n<h3><b>Valeurs nutritionnelles et caloriques du seigle<\/b><\/h3>\n<table cellspacing=\"0\" cellpadding=\"0\">\n<tbody>\n<tr>\n<td valign=\"top\"><b>Que vaut une \u00ab portion \u00bb de seigle?<\/b><\/td>\n<td valign=\"top\"><\/td>\n<\/tr>\n<tr>\n<td valign=\"top\"><b>Poids\/volume<\/b><\/td>\n<td valign=\"top\"><b>Seigle entier cru, 100 g<\/b><\/td>\n<\/tr>\n<tr>\n<td valign=\"top\"><b>Calories<\/b><\/td>\n<td valign=\"top\">331<\/td>\n<\/tr>\n<tr>\n<td valign=\"top\"><b>Prot\u00e9ines<\/b><\/td>\n<td valign=\"top\">9,8 g<\/td>\n<\/tr>\n<tr>\n<td valign=\"top\"><b>Glucides<\/b><\/td>\n<td valign=\"top\">61 g<\/td>\n<\/tr>\n<tr>\n<td valign=\"top\"><b>Lipides<\/b><\/td>\n<td valign=\"top\">1,97 g<\/td>\n<\/tr>\n<tr>\n<td valign=\"top\"><b>Fibres alimentaires<\/b><\/td>\n<td valign=\"top\">15 g<\/td>\n<\/tr>\n<\/tbody>\n<\/table>\n<h3><b>Informations de livraison<\/b><\/h3>\n<ul>\n<li>Livraison assur\u00e9e par SaidaPlants, sous 24H \u00e0 Marrakech et sous 1 \u00e0 5 jours pour les autres villes du Maroc.<\/li>\n<li>Exp\u00e9dition pour les commandes \u00e0 l\u2019international sous 1 jour ouvr\u00e9. Les d\u00e9lais de livraison sont variables selon la destination et le mode de livraison choisi.<\/li>\n<\/ul>","protected":false},"excerpt":{"rendered":"<h2 style=\"text-align: center;\"><b>Caract\u00e9ristiques des Graines de seigle 1kg<\/b><\/h2>\n<p style=\"text-align: center;\"><strong><a href=\"https:\/\/saida-plants.com\/ar\/product-category\/grain-sans-glutain\/\">Excellente<\/a> source de fibres alimentaires ;<\/strong><\/p>\n<p style=\"text-align: center;\"><strong>Pouvoir antioxydant ;<\/strong><\/p>\n<p style=\"text-align: center;\"><strong>Richesse en prot\u00e9ines v\u00e9g\u00e9tales ;<\/strong><\/p>\n<p style=\"text-align: center;\"><strong>Source de gluten ;<\/strong><\/p>\n<p style=\"text-align: center;\"><strong>Teneur int\u00e9ressante en vitamines et min\u00e9raux.<\/strong><\/p>\n<h3 style=\"text-align: center;\"><\/h3>","protected":false},"featured_media":921,"comment_status":"open","ping_status":"closed","template":"","meta":[],"product_cat":[15],"product_tag":[],"class_list":["post-772","product","type-product","status-publish","has-post-thumbnail","hentry","product_cat-grain-sans-glutain"],"yoast_head":"<!-- This site is optimized with the Yoast SEO plugin v19.13 - https:\/\/yoast.com\/wordpress\/plugins\/seo\/ -->\n<title>Graines de seigle - \u0628\u0630\u0648\u0631 \u0627\u0644\u062c\u0648\u062f\u0627\u0631 - SaidaPlants<\/title>\n<meta name=\"description\" content=\"Graines de seigle - Nous faisons de notre mieux pour nos clients Obtenez le produit parfait et bio 100% fabriqu\u00e9 \u00e0 partir de la nature.\" \/>\n<meta name=\"robots\" content=\"index, follow, max-snippet:-1, max-image-preview:large, max-video-preview:-1\" \/>\n<link rel=\"canonical\" href=\"https:\/\/saida-plants.com\/ar\/product\/graines-de-seigle-\u0628\u0630\u0648\u0631-\u0627\u0644\u062c\u0648\u062f\u0627\u0631\/\" \/>\n<meta property=\"og:locale\" content=\"ar_AR\" \/>\n<meta property=\"og:type\" content=\"article\" \/>\n<meta property=\"og:title\" content=\"Graines de seigle - \u0628\u0630\u0648\u0631 \u0627\u0644\u062c\u0648\u062f\u0627\u0631 - SaidaPlants\" \/>\n<meta property=\"og:description\" content=\"Graines de seigle - Nous faisons de notre mieux pour nos clients Obtenez le produit parfait et bio 100% fabriqu\u00e9 \u00e0 partir de la nature.\" \/>\n<meta property=\"og:url\" content=\"https:\/\/saida-plants.com\/ar\/product\/graines-de-seigle-\u0628\u0630\u0648\u0631-\u0627\u0644\u062c\u0648\u062f\u0627\u0631\/\" \/>\n<meta property=\"og:site_name\" content=\"SaidaPlants\" \/>\n<meta property=\"article:publisher\" content=\"https:\/\/www.facebook.com\/SaidaPlants\" \/>\n<meta property=\"og:image\" content=\"https:\/\/saida-plants.com\/wp-content\/uploads\/2021\/09\/jhfj.jpg\" \/>\n\t<meta property=\"og:image:width\" content=\"400\" \/>\n\t<meta property=\"og:image:height\" content=\"600\" \/>\n\t<meta property=\"og:image:type\" content=\"image\/jpeg\" \/>\n<meta name=\"twitter:card\" content=\"summary_large_image\" \/>\n<meta name=\"twitter:label1\" content=\"\u0648\u0642\u062a \u0627\u0644\u0642\u0631\u0627\u0621\u0629 \u0627\u0644\u0645\u064f\u0642\u062f\u0651\u0631\" \/>\n\t<meta name=\"twitter:data1\" content=\"\u062f\u0642\u064a\u0642\u0629 \u0648\u0627\u062d\u062f\u0629\" \/>\n<script type=\"application\/ld+json\" class=\"yoast-schema-graph\">{\"@context\":\"https:\/\/schema.org\",\"@graph\":[{\"@type\":\"WebPage\",\"@id\":\"https:\/\/saida-plants.com\/product\/graines-de-seigle-%d8%a8%d8%b0%d9%88%d8%b1-%d8%a7%d9%84%d8%ac%d9%88%d8%af%d8%a7%d8%b1\/\",\"url\":\"https:\/\/saida-plants.com\/product\/graines-de-seigle-%d8%a8%d8%b0%d9%88%d8%b1-%d8%a7%d9%84%d8%ac%d9%88%d8%af%d8%a7%d8%b1\/\",\"name\":\"Graines de seigle - \u0628\u0630\u0648\u0631 \u0627\u0644\u062c\u0648\u062f\u0627\u0631 - SaidaPlants\",\"isPartOf\":{\"@id\":\"https:\/\/saida-plants.com\/#website\"},\"datePublished\":\"2021-09-10T15:26:27+00:00\",\"dateModified\":\"2021-09-10T15:26:27+00:00\",\"description\":\"Graines de seigle - Nous faisons de notre mieux pour nos clients Obtenez le produit parfait et bio 100% fabriqu\u00e9 \u00e0 partir de la nature.\",\"breadcrumb\":{\"@id\":\"https:\/\/saida-plants.com\/product\/graines-de-seigle-%d8%a8%d8%b0%d9%88%d8%b1-%d8%a7%d9%84%d8%ac%d9%88%d8%af%d8%a7%d8%b1\/#breadcrumb\"},\"inLanguage\":\"ar\",\"potentialAction\":[{\"@type\":\"ReadAction\",\"target\":[\"https:\/\/saida-plants.com\/product\/graines-de-seigle-%d8%a8%d8%b0%d9%88%d8%b1-%d8%a7%d9%84%d8%ac%d9%88%d8%af%d8%a7%d8%b1\/\"]}]},{\"@type\":\"BreadcrumbList\",\"@id\":\"https:\/\/saida-plants.com\/product\/graines-de-seigle-%d8%a8%d8%b0%d9%88%d8%b1-%d8%a7%d9%84%d8%ac%d9%88%d8%af%d8%a7%d8%b1\/#breadcrumb\",\"itemListElement\":[{\"@type\":\"ListItem\",\"position\":1,\"name\":\"Home\",\"item\":\"https:\/\/saida-plants.com\/\"},{\"@type\":\"ListItem\",\"position\":2,\"name\":\"Shop\",\"item\":\"https:\/\/saida-plants.com\/ar\/shop\/\"},{\"@type\":\"ListItem\",\"position\":3,\"name\":\"Graines de seigle &#8211; \u0628\u0630\u0648\u0631 \u0627\u0644\u062c\u0648\u062f\u0627\u0631\"}]},{\"@type\":\"WebSite\",\"@id\":\"https:\/\/saida-plants.com\/#website\",\"url\":\"https:\/\/saida-plants.com\/\",\"name\":\"SaidaPlants\",\"description\":\"1er Boutique En ligne Produit 100% Bio\",\"publisher\":{\"@id\":\"https:\/\/saida-plants.com\/#organization\"},\"potentialAction\":[{\"@type\":\"SearchAction\",\"target\":{\"@type\":\"EntryPoint\",\"urlTemplate\":\"https:\/\/saida-plants.com\/?s={search_term_string}\"},\"query-input\":\"required name=search_term_string\"}],\"inLanguage\":\"ar\"},{\"@type\":\"Organization\",\"@id\":\"https:\/\/saida-plants.com\/#organization\",\"name\":\"SaidaPlants\",\"url\":\"https:\/\/saida-plants.com\/\",\"logo\":{\"@type\":\"ImageObject\",\"inLanguage\":\"ar\",\"@id\":\"https:\/\/saida-plants.com\/#\/schema\/logo\/image\/\",\"url\":\"https:\/\/saida-plants.com\/wp-content\/uploads\/2021\/08\/WhatsApp-Image-2021-08-11-at-17.44.40.jpeg\",\"contentUrl\":\"https:\/\/saida-plants.com\/wp-content\/uploads\/2021\/08\/WhatsApp-Image-2021-08-11-at-17.44.40.jpeg\",\"width\":1280,\"height\":463,\"caption\":\"SaidaPlants\"},\"image\":{\"@id\":\"https:\/\/saida-plants.com\/#\/schema\/logo\/image\/\"},\"sameAs\":[\"https:\/\/www.instagram.com\/saidaplants\/\",\"https:\/\/www.facebook.com\/SaidaPlants\"]}]}<\/script>\n<!-- \/ Yoast SEO plugin. -->","yoast_head_json":{"title":"Graines de seigle - \u0628\u0630\u0648\u0631 \u0627\u0644\u062c\u0648\u062f\u0627\u0631 - SaidaPlants","description":"Graines de seigle - Nous faisons de notre mieux pour nos clients Obtenez le produit parfait et bio 100% fabriqu\u00e9 \u00e0 partir de la nature.","robots":{"index":"index","follow":"follow","max-snippet":"max-snippet:-1","max-image-preview":"max-image-preview:large","max-video-preview":"max-video-preview:-1"},"canonical":"https:\/\/saida-plants.com\/ar\/product\/graines-de-seigle-\u0628\u0630\u0648\u0631-\u0627\u0644\u062c\u0648\u062f\u0627\u0631\/","og_locale":"ar_AR","og_type":"article","og_title":"Graines de seigle - \u0628\u0630\u0648\u0631 \u0627\u0644\u062c\u0648\u062f\u0627\u0631 - SaidaPlants","og_description":"Graines de seigle - Nous faisons de notre mieux pour nos clients Obtenez le produit parfait et bio 100% fabriqu\u00e9 \u00e0 partir de la nature.","og_url":"https:\/\/saida-plants.com\/ar\/product\/graines-de-seigle-\u0628\u0630\u0648\u0631-\u0627\u0644\u062c\u0648\u062f\u0627\u0631\/","og_site_name":"SaidaPlants","article_publisher":"https:\/\/www.facebook.com\/SaidaPlants","og_image":[{"width":400,"height":600,"url":"https:\/\/saida-plants.com\/wp-content\/uploads\/2021\/09\/jhfj.jpg","type":"image\/jpeg"}],"twitter_card":"summary_large_image","twitter_misc":{"\u0648\u0642\u062a \u0627\u0644\u0642\u0631\u0627\u0621\u0629 \u0627\u0644\u0645\u064f\u0642\u062f\u0651\u0631":"\u062f\u0642\u064a\u0642\u0629 \u0648\u0627\u062d\u062f\u0629"},"schema":{"@context":"https:\/\/schema.org","@graph":[{"@type":"WebPage","@id":"https:\/\/saida-plants.com\/product\/graines-de-seigle-%d8%a8%d8%b0%d9%88%d8%b1-%d8%a7%d9%84%d8%ac%d9%88%d8%af%d8%a7%d8%b1\/","url":"https:\/\/saida-plants.com\/product\/graines-de-seigle-%d8%a8%d8%b0%d9%88%d8%b1-%d8%a7%d9%84%d8%ac%d9%88%d8%af%d8%a7%d8%b1\/","name":"Graines de seigle - \u0628\u0630\u0648\u0631 \u0627\u0644\u062c\u0648\u062f\u0627\u0631 - SaidaPlants","isPartOf":{"@id":"https:\/\/saida-plants.com\/#website"},"datePublished":"2021-09-10T15:26:27+00:00","dateModified":"2021-09-10T15:26:27+00:00","description":"Graines de seigle - Nous faisons de notre mieux pour nos clients Obtenez le produit parfait et bio 100% fabriqu\u00e9 \u00e0 partir de la nature.","breadcrumb":{"@id":"https:\/\/saida-plants.com\/product\/graines-de-seigle-%d8%a8%d8%b0%d9%88%d8%b1-%d8%a7%d9%84%d8%ac%d9%88%d8%af%d8%a7%d8%b1\/#breadcrumb"},"inLanguage":"ar","potentialAction":[{"@type":"ReadAction","target":["https:\/\/saida-plants.com\/product\/graines-de-seigle-%d8%a8%d8%b0%d9%88%d8%b1-%d8%a7%d9%84%d8%ac%d9%88%d8%af%d8%a7%d8%b1\/"]}]},{"@type":"BreadcrumbList","@id":"https:\/\/saida-plants.com\/product\/graines-de-seigle-%d8%a8%d8%b0%d9%88%d8%b1-%d8%a7%d9%84%d8%ac%d9%88%d8%af%d8%a7%d8%b1\/#breadcrumb","itemListElement":[{"@type":"ListItem","position":1,"name":"Home","item":"https:\/\/saida-plants.com\/"},{"@type":"ListItem","position":2,"name":"Shop","item":"https:\/\/saida-plants.com\/ar\/shop\/"},{"@type":"ListItem","position":3,"name":"Graines de seigle &#8211; \u0628\u0630\u0648\u0631 \u0627\u0644\u062c\u0648\u062f\u0627\u0631"}]},{"@type":"WebSite","@id":"https:\/\/saida-plants.com\/#website","url":"https:\/\/saida-plants.com\/","name":"SaidaPlants","description":"1er Boutique En ligne Produit 100% Bio","publisher":{"@id":"https:\/\/saida-plants.com\/#organization"},"potentialAction":[{"@type":"SearchAction","target":{"@type":"EntryPoint","urlTemplate":"https:\/\/saida-plants.com\/?s={search_term_string}"},"query-input":"required name=search_term_string"}],"inLanguage":"ar"},{"@type":"Organization","@id":"https:\/\/saida-plants.com\/#organization","name":"SaidaPlants","url":"https:\/\/saida-plants.com\/","logo":{"@type":"ImageObject","inLanguage":"ar","@id":"https:\/\/saida-plants.com\/#\/schema\/logo\/image\/","url":"https:\/\/saida-plants.com\/wp-content\/uploads\/2021\/08\/WhatsApp-Image-2021-08-11-at-17.44.40.jpeg","contentUrl":"https:\/\/saida-plants.com\/wp-content\/uploads\/2021\/08\/WhatsApp-Image-2021-08-11-at-17.44.40.jpeg","width":1280,"height":463,"caption":"SaidaPlants"},"image":{"@id":"https:\/\/saida-plants.com\/#\/schema\/logo\/image\/"},"sameAs":["https:\/\/www.instagram.com\/saidaplants\/","https:\/\/www.facebook.com\/SaidaPlants"]}]}},"_links":{"self":[{"href":"https:\/\/saida-plants.com\/ar\/wp-json\/wp\/v2\/product\/772"}],"collection":[{"href":"https:\/\/saida-plants.com\/ar\/wp-json\/wp\/v2\/product"}],"about":[{"href":"https:\/\/saida-plants.com\/ar\/wp-json\/wp\/v2\/types\/product"}],"replies":[{"embeddable":true,"href":"https:\/\/saida-plants.com\/ar\/wp-json\/wp\/v2\/comments?post=772"}],"wp:featuredmedia":[{"embeddable":true,"href":"https:\/\/saida-plants.com\/ar\/wp-json\/wp\/v2\/media\/921"}],"wp:attachment":[{"href":"https:\/\/saida-plants.com\/ar\/wp-json\/wp\/v2\/media?parent=772"}],"wp:term":[{"taxonomy":"product_cat","embeddable":true,"href":"https:\/\/saida-plants.com\/ar\/wp-json\/wp\/v2\/product_cat?post=772"},{"taxonomy":"product_tag","embeddable":true,"href":"https:\/\/saida-plants.com\/ar\/wp-json\/wp\/v2\/product_tag?post=772"}],"curies":[{"name":"wp","href":"https:\/\/api.w.org\/{rel}","templated":true}]}}