{"id":773,"date":"2021-09-10T15:35:55","date_gmt":"2021-09-10T15:35:55","guid":{"rendered":"https:\/\/saida-plants.com\/?post_type=product&#038;p=773"},"modified":"2021-09-10T15:35:55","modified_gmt":"2021-09-10T15:35:55","slug":"graines-dorge-%d8%a8%d8%b0%d9%88%d8%b1-%d8%a7%d9%84%d8%b4%d8%b9%d9%8a%d8%b1","status":"publish","type":"product","link":"https:\/\/saida-plants.com\/ar\/product\/graines-dorge-%d8%a8%d8%b0%d9%88%d8%b1-%d8%a7%d9%84%d8%b4%d8%b9%d9%8a%d8%b1\/","title":{"rendered":"Graines d&rsquo;orge &#8211; \u0628\u0630\u0648\u0631 \u0627\u0644\u0634\u0639\u064a\u0631"},"content":{"rendered":"<h1><b>BIENFAITS GRAINES D&rsquo;ORGE 1Kg<\/b><\/h1>\n<p>L&rsquo;orge est une c\u00e9r\u00e9ale, de la famille des gramin\u00e9es, des r\u00e9gions \u00e0 climat temp\u00e9r\u00e9, cultiv\u00e9e pour son grain, utilis\u00e9e dans l&rsquo;alimentation animale et pour la fabrication du malt dans l&rsquo;industrie de la bi\u00e8re ; le grain lui-m\u00eame.<\/p>\n<h2><b>Caract\u00e9ristiques des Graines d&rsquo;orge<\/b><\/h2>\n<ul>\n<li>Riche en fibres ;<\/li>\n<li>Riche en b\u00eata-glucane ;<\/li>\n<li>Stimule le transit ;<\/li>\n<li>Joue sur la sati\u00e9t\u00e9 ;<\/li>\n<li>Contient du phosphore et du magn\u00e9sium.<\/li>\n<\/ul>\n<p><b>Valeurs nutritionnelles et caloriques de l\u2019orge<\/b><\/p>\n<p>Pour 100 g d&rsquo;orge perl\u00e9 cuit :<\/p>\n<table cellspacing=\"0\" cellpadding=\"0\">\n<tbody>\n<tr>\n<td valign=\"top\"><b>Nutriments<\/b><\/td>\n<td valign=\"top\"><b>Teneur moyenne<\/b><\/td>\n<\/tr>\n<tr>\n<td valign=\"top\">Energie<\/td>\n<td valign=\"top\">119 kcal<\/td>\n<\/tr>\n<tr>\n<td valign=\"top\">Eau<\/td>\n<td valign=\"top\">68,8 g<\/td>\n<\/tr>\n<tr>\n<td valign=\"top\">Prot\u00e9ines<\/td>\n<td valign=\"top\">2,42 g<\/td>\n<\/tr>\n<tr>\n<td valign=\"top\">Glucides<\/td>\n<td valign=\"top\">24,4 g<\/td>\n<\/tr>\n<tr>\n<td valign=\"top\">Lipides<\/td>\n<td valign=\"top\">0,44 g<\/td>\n<\/tr>\n<tr>\n<td valign=\"top\">Fibres alimentaires<\/td>\n<td valign=\"top\">3,8 g<\/td>\n<\/tr>\n<tr>\n<td valign=\"top\">Calcium<\/td>\n<td valign=\"top\">11 mg<\/td>\n<\/tr>\n<tr>\n<td valign=\"top\">Cuivre<\/td>\n<td valign=\"top\">0,11 mg<\/td>\n<\/tr>\n<tr>\n<td valign=\"top\">Fer<\/td>\n<td valign=\"top\">1,33 mg<\/td>\n<\/tr>\n<tr>\n<td valign=\"top\">Iode<\/td>\n<td valign=\"top\">0,5 \u00b5g<\/td>\n<\/tr>\n<tr>\n<td valign=\"top\">Magn\u00e9sium<\/td>\n<td valign=\"top\">22 mg<\/td>\n<\/tr>\n<tr>\n<td valign=\"top\">Mangan\u00e8se<\/td>\n<td valign=\"top\">0,26 mg<\/td>\n<\/tr>\n<tr>\n<td valign=\"top\">Phosphore<\/td>\n<td valign=\"top\">54 mg<\/td>\n<\/tr>\n<tr>\n<td valign=\"top\">Potassium<\/td>\n<td valign=\"top\">93 mg<\/td>\n<\/tr>\n<tr>\n<td valign=\"top\">Sodium<\/td>\n<td valign=\"top\">3 mg<\/td>\n<\/tr>\n<tr>\n<td valign=\"top\">Zinc<\/td>\n<td valign=\"top\">0,82 mg<\/td>\n<\/tr>\n<tr>\n<td valign=\"top\">Beta-Carot\u00e8ne<\/td>\n<td valign=\"top\">5 \u00b5g<\/td>\n<\/tr>\n<tr>\n<td valign=\"top\">Vitamine E<\/td>\n<td valign=\"top\">0,01 mg<\/td>\n<\/tr>\n<tr>\n<td valign=\"top\">Vitamine K1<\/td>\n<td valign=\"top\">0,8 \u00b5g<\/td>\n<\/tr>\n<tr>\n<td valign=\"top\">Vitamine B1 ou Thiamine<\/td>\n<td valign=\"top\">0,083 mg<\/td>\n<\/tr>\n<tr>\n<td valign=\"top\">Vitamine B2 ou Riboflavine<\/td>\n<td valign=\"top\">0,062 mg<\/td>\n<\/tr>\n<tr>\n<td valign=\"top\">Vitamine B3 ou PP ou Niacine<\/td>\n<td valign=\"top\">2,06 mg<\/td>\n<\/tr>\n<tr>\n<td valign=\"top\">Vitamine B5 ou Acide pantoth\u00e9nique<\/td>\n<td valign=\"top\">0,14 mg<\/td>\n<\/tr>\n<tr>\n<td valign=\"top\">Vitamine B6<\/td>\n<td valign=\"top\">0,12 mg<\/td>\n<\/tr>\n<tr>\n<td valign=\"top\">Vitamine B9 ou Folates totaux<\/td>\n<td valign=\"top\">16 \u00b5g<\/td>\n<\/tr>\n<\/tbody>\n<\/table>\n<p>L\u2019orge perl\u00e9e cuite est une source d\u2019\u00e9nergie avec 119 Cal\/100 g. On retiendra surtout sa richesse en fibres et en fer.<\/p>\n<h3><b>Informations de livraison<\/b><\/h3>\n<ul>\n<li>Livraison assur\u00e9e par <a href=\"https:\/\/saida-plants.com\/ar\/shop\/\">SaidaPlants<\/a>, sous 24H \u00e0 Marrakech et sous 1 \u00e0 5 jours pour les autres villes du Maroc.<\/li>\n<li>Exp\u00e9dition pour les commandes \u00e0 l\u2019international sous 1 jour ouvr\u00e9. Les d\u00e9lais de livraison sont variables selon la destination et le mode de livraison choisi.<\/li>\n<\/ul>","protected":false},"excerpt":{"rendered":"<h1 style=\"text-align: center;\"><b>BIENFAITS GRAINES D&rsquo;ORGE 1Kg<\/b><\/h1>\n<p style=\"text-align: center;\">L&rsquo;orge est une c\u00e9r\u00e9ale, de la famille des gramin\u00e9es, des r\u00e9gions \u00e0 climat temp\u00e9r\u00e9, cultiv\u00e9e pour son grain, utilis\u00e9e dans l&rsquo;alimentation animale et pour la fabrication du malt dans l&rsquo;industrie de la bi\u00e8re ; le grain lui-m\u00eame.<\/p>\n<h2 style=\"text-align: center;\"><b>Caract\u00e9ristiques de l&rsquo;orge<\/b><\/h2>\n<p style=\"text-align: center;\">Riche en fibres ;<\/p>\n<p style=\"text-align: center;\">Riche en b\u00eata-glucane ;<\/p>\n<p style=\"text-align: center;\">Stimule le transit ;<\/p>\n<p style=\"text-align: center;\">Joue sur la sati\u00e9t\u00e9 ;<\/p>\n<p style=\"text-align: center;\">Contient du phosphore et du magn\u00e9sium.<\/p>","protected":false},"featured_media":922,"comment_status":"open","ping_status":"closed","template":"","meta":[],"product_cat":[15],"product_tag":[],"class_list":["post-773","product","type-product","status-publish","has-post-thumbnail","hentry","product_cat-grain-sans-glutain"],"yoast_head":"<!-- This site is optimized with the Yoast SEO plugin v19.13 - https:\/\/yoast.com\/wordpress\/plugins\/seo\/ -->\n<title>Graines d&#039;orge - \u0628\u0630\u0648\u0631 \u0627\u0644\u0634\u0639\u064a\u0631 - SaidaPlants<\/title>\n<meta name=\"description\" content=\"Graines d&#039;orge - Nous faisons de notre mieux pour nos clients Obtenez le produit parfait et bio 100% fabriqu\u00e9 \u00e0 partir de la nature.\" \/>\n<meta name=\"robots\" content=\"index, follow, max-snippet:-1, max-image-preview:large, max-video-preview:-1\" \/>\n<link rel=\"canonical\" href=\"https:\/\/saida-plants.com\/ar\/product\/graines-dorge-\u0628\u0630\u0648\u0631-\u0627\u0644\u0634\u0639\u064a\u0631\/\" \/>\n<meta property=\"og:locale\" content=\"ar_AR\" \/>\n<meta property=\"og:type\" content=\"article\" \/>\n<meta property=\"og:title\" content=\"Graines d&#039;orge - \u0628\u0630\u0648\u0631 \u0627\u0644\u0634\u0639\u064a\u0631 - SaidaPlants\" \/>\n<meta property=\"og:description\" content=\"Graines d&#039;orge - Nous faisons de notre mieux pour nos clients Obtenez le produit parfait et bio 100% fabriqu\u00e9 \u00e0 partir de la nature.\" \/>\n<meta property=\"og:url\" content=\"https:\/\/saida-plants.com\/ar\/product\/graines-dorge-\u0628\u0630\u0648\u0631-\u0627\u0644\u0634\u0639\u064a\u0631\/\" \/>\n<meta property=\"og:site_name\" content=\"SaidaPlants\" \/>\n<meta property=\"article:publisher\" content=\"https:\/\/www.facebook.com\/SaidaPlants\" \/>\n<meta property=\"og:image\" content=\"https:\/\/saida-plants.com\/wp-content\/uploads\/2021\/09\/r22r22r.jpg\" \/>\n\t<meta property=\"og:image:width\" content=\"895\" \/>\n\t<meta property=\"og:image:height\" content=\"950\" \/>\n\t<meta property=\"og:image:type\" content=\"image\/jpeg\" \/>\n<meta name=\"twitter:card\" content=\"summary_large_image\" \/>\n<meta name=\"twitter:label1\" content=\"\u0648\u0642\u062a \u0627\u0644\u0642\u0631\u0627\u0621\u0629 \u0627\u0644\u0645\u064f\u0642\u062f\u0651\u0631\" \/>\n\t<meta name=\"twitter:data1\" content=\"\u062f\u0642\u064a\u0642\u062a\u0627\u0646\" \/>\n<script type=\"application\/ld+json\" class=\"yoast-schema-graph\">{\"@context\":\"https:\/\/schema.org\",\"@graph\":[{\"@type\":\"WebPage\",\"@id\":\"https:\/\/saida-plants.com\/product\/graines-dorge-%d8%a8%d8%b0%d9%88%d8%b1-%d8%a7%d9%84%d8%b4%d8%b9%d9%8a%d8%b1\/\",\"url\":\"https:\/\/saida-plants.com\/product\/graines-dorge-%d8%a8%d8%b0%d9%88%d8%b1-%d8%a7%d9%84%d8%b4%d8%b9%d9%8a%d8%b1\/\",\"name\":\"Graines d'orge - \u0628\u0630\u0648\u0631 \u0627\u0644\u0634\u0639\u064a\u0631 - SaidaPlants\",\"isPartOf\":{\"@id\":\"https:\/\/saida-plants.com\/#website\"},\"datePublished\":\"2021-09-10T15:35:55+00:00\",\"dateModified\":\"2021-09-10T15:35:55+00:00\",\"description\":\"Graines d'orge - Nous faisons de notre mieux pour nos clients Obtenez le produit parfait et bio 100% fabriqu\u00e9 \u00e0 partir de la nature.\",\"breadcrumb\":{\"@id\":\"https:\/\/saida-plants.com\/product\/graines-dorge-%d8%a8%d8%b0%d9%88%d8%b1-%d8%a7%d9%84%d8%b4%d8%b9%d9%8a%d8%b1\/#breadcrumb\"},\"inLanguage\":\"ar\",\"potentialAction\":[{\"@type\":\"ReadAction\",\"target\":[\"https:\/\/saida-plants.com\/product\/graines-dorge-%d8%a8%d8%b0%d9%88%d8%b1-%d8%a7%d9%84%d8%b4%d8%b9%d9%8a%d8%b1\/\"]}]},{\"@type\":\"BreadcrumbList\",\"@id\":\"https:\/\/saida-plants.com\/product\/graines-dorge-%d8%a8%d8%b0%d9%88%d8%b1-%d8%a7%d9%84%d8%b4%d8%b9%d9%8a%d8%b1\/#breadcrumb\",\"itemListElement\":[{\"@type\":\"ListItem\",\"position\":1,\"name\":\"Home\",\"item\":\"https:\/\/saida-plants.com\/\"},{\"@type\":\"ListItem\",\"position\":2,\"name\":\"Shop\",\"item\":\"https:\/\/saida-plants.com\/ar\/shop\/\"},{\"@type\":\"ListItem\",\"position\":3,\"name\":\"Graines d&#8217;orge &#8211; \u0628\u0630\u0648\u0631 \u0627\u0644\u0634\u0639\u064a\u0631\"}]},{\"@type\":\"WebSite\",\"@id\":\"https:\/\/saida-plants.com\/#website\",\"url\":\"https:\/\/saida-plants.com\/\",\"name\":\"SaidaPlants\",\"description\":\"1er Boutique En ligne Produit 100% Bio\",\"publisher\":{\"@id\":\"https:\/\/saida-plants.com\/#organization\"},\"potentialAction\":[{\"@type\":\"SearchAction\",\"target\":{\"@type\":\"EntryPoint\",\"urlTemplate\":\"https:\/\/saida-plants.com\/?s={search_term_string}\"},\"query-input\":\"required name=search_term_string\"}],\"inLanguage\":\"ar\"},{\"@type\":\"Organization\",\"@id\":\"https:\/\/saida-plants.com\/#organization\",\"name\":\"SaidaPlants\",\"url\":\"https:\/\/saida-plants.com\/\",\"logo\":{\"@type\":\"ImageObject\",\"inLanguage\":\"ar\",\"@id\":\"https:\/\/saida-plants.com\/#\/schema\/logo\/image\/\",\"url\":\"https:\/\/saida-plants.com\/wp-content\/uploads\/2021\/08\/WhatsApp-Image-2021-08-11-at-17.44.40.jpeg\",\"contentUrl\":\"https:\/\/saida-plants.com\/wp-content\/uploads\/2021\/08\/WhatsApp-Image-2021-08-11-at-17.44.40.jpeg\",\"width\":1280,\"height\":463,\"caption\":\"SaidaPlants\"},\"image\":{\"@id\":\"https:\/\/saida-plants.com\/#\/schema\/logo\/image\/\"},\"sameAs\":[\"https:\/\/www.instagram.com\/saidaplants\/\",\"https:\/\/www.facebook.com\/SaidaPlants\"]}]}<\/script>\n<!-- \/ Yoast SEO plugin. -->","yoast_head_json":{"title":"Graines d'orge - \u0628\u0630\u0648\u0631 \u0627\u0644\u0634\u0639\u064a\u0631 - SaidaPlants","description":"Graines d'orge - Nous faisons de notre mieux pour nos clients Obtenez le produit parfait et bio 100% fabriqu\u00e9 \u00e0 partir de la nature.","robots":{"index":"index","follow":"follow","max-snippet":"max-snippet:-1","max-image-preview":"max-image-preview:large","max-video-preview":"max-video-preview:-1"},"canonical":"https:\/\/saida-plants.com\/ar\/product\/graines-dorge-\u0628\u0630\u0648\u0631-\u0627\u0644\u0634\u0639\u064a\u0631\/","og_locale":"ar_AR","og_type":"article","og_title":"Graines d'orge - \u0628\u0630\u0648\u0631 \u0627\u0644\u0634\u0639\u064a\u0631 - SaidaPlants","og_description":"Graines d'orge - Nous faisons de notre mieux pour nos clients Obtenez le produit parfait et bio 100% fabriqu\u00e9 \u00e0 partir de la nature.","og_url":"https:\/\/saida-plants.com\/ar\/product\/graines-dorge-\u0628\u0630\u0648\u0631-\u0627\u0644\u0634\u0639\u064a\u0631\/","og_site_name":"SaidaPlants","article_publisher":"https:\/\/www.facebook.com\/SaidaPlants","og_image":[{"width":895,"height":950,"url":"https:\/\/saida-plants.com\/wp-content\/uploads\/2021\/09\/r22r22r.jpg","type":"image\/jpeg"}],"twitter_card":"summary_large_image","twitter_misc":{"\u0648\u0642\u062a \u0627\u0644\u0642\u0631\u0627\u0621\u0629 \u0627\u0644\u0645\u064f\u0642\u062f\u0651\u0631":"\u062f\u0642\u064a\u0642\u062a\u0627\u0646"},"schema":{"@context":"https:\/\/schema.org","@graph":[{"@type":"WebPage","@id":"https:\/\/saida-plants.com\/product\/graines-dorge-%d8%a8%d8%b0%d9%88%d8%b1-%d8%a7%d9%84%d8%b4%d8%b9%d9%8a%d8%b1\/","url":"https:\/\/saida-plants.com\/product\/graines-dorge-%d8%a8%d8%b0%d9%88%d8%b1-%d8%a7%d9%84%d8%b4%d8%b9%d9%8a%d8%b1\/","name":"Graines d'orge - \u0628\u0630\u0648\u0631 \u0627\u0644\u0634\u0639\u064a\u0631 - SaidaPlants","isPartOf":{"@id":"https:\/\/saida-plants.com\/#website"},"datePublished":"2021-09-10T15:35:55+00:00","dateModified":"2021-09-10T15:35:55+00:00","description":"Graines d'orge - Nous faisons de notre mieux pour nos clients Obtenez le produit parfait et bio 100% fabriqu\u00e9 \u00e0 partir de la nature.","breadcrumb":{"@id":"https:\/\/saida-plants.com\/product\/graines-dorge-%d8%a8%d8%b0%d9%88%d8%b1-%d8%a7%d9%84%d8%b4%d8%b9%d9%8a%d8%b1\/#breadcrumb"},"inLanguage":"ar","potentialAction":[{"@type":"ReadAction","target":["https:\/\/saida-plants.com\/product\/graines-dorge-%d8%a8%d8%b0%d9%88%d8%b1-%d8%a7%d9%84%d8%b4%d8%b9%d9%8a%d8%b1\/"]}]},{"@type":"BreadcrumbList","@id":"https:\/\/saida-plants.com\/product\/graines-dorge-%d8%a8%d8%b0%d9%88%d8%b1-%d8%a7%d9%84%d8%b4%d8%b9%d9%8a%d8%b1\/#breadcrumb","itemListElement":[{"@type":"ListItem","position":1,"name":"Home","item":"https:\/\/saida-plants.com\/"},{"@type":"ListItem","position":2,"name":"Shop","item":"https:\/\/saida-plants.com\/ar\/shop\/"},{"@type":"ListItem","position":3,"name":"Graines d&#8217;orge &#8211; \u0628\u0630\u0648\u0631 \u0627\u0644\u0634\u0639\u064a\u0631"}]},{"@type":"WebSite","@id":"https:\/\/saida-plants.com\/#website","url":"https:\/\/saida-plants.com\/","name":"SaidaPlants","description":"1er Boutique En ligne Produit 100% Bio","publisher":{"@id":"https:\/\/saida-plants.com\/#organization"},"potentialAction":[{"@type":"SearchAction","target":{"@type":"EntryPoint","urlTemplate":"https:\/\/saida-plants.com\/?s={search_term_string}"},"query-input":"required name=search_term_string"}],"inLanguage":"ar"},{"@type":"Organization","@id":"https:\/\/saida-plants.com\/#organization","name":"SaidaPlants","url":"https:\/\/saida-plants.com\/","logo":{"@type":"ImageObject","inLanguage":"ar","@id":"https:\/\/saida-plants.com\/#\/schema\/logo\/image\/","url":"https:\/\/saida-plants.com\/wp-content\/uploads\/2021\/08\/WhatsApp-Image-2021-08-11-at-17.44.40.jpeg","contentUrl":"https:\/\/saida-plants.com\/wp-content\/uploads\/2021\/08\/WhatsApp-Image-2021-08-11-at-17.44.40.jpeg","width":1280,"height":463,"caption":"SaidaPlants"},"image":{"@id":"https:\/\/saida-plants.com\/#\/schema\/logo\/image\/"},"sameAs":["https:\/\/www.instagram.com\/saidaplants\/","https:\/\/www.facebook.com\/SaidaPlants"]}]}},"_links":{"self":[{"href":"https:\/\/saida-plants.com\/ar\/wp-json\/wp\/v2\/product\/773"}],"collection":[{"href":"https:\/\/saida-plants.com\/ar\/wp-json\/wp\/v2\/product"}],"about":[{"href":"https:\/\/saida-plants.com\/ar\/wp-json\/wp\/v2\/types\/product"}],"replies":[{"embeddable":true,"href":"https:\/\/saida-plants.com\/ar\/wp-json\/wp\/v2\/comments?post=773"}],"wp:featuredmedia":[{"embeddable":true,"href":"https:\/\/saida-plants.com\/ar\/wp-json\/wp\/v2\/media\/922"}],"wp:attachment":[{"href":"https:\/\/saida-plants.com\/ar\/wp-json\/wp\/v2\/media?parent=773"}],"wp:term":[{"taxonomy":"product_cat","embeddable":true,"href":"https:\/\/saida-plants.com\/ar\/wp-json\/wp\/v2\/product_cat?post=773"},{"taxonomy":"product_tag","embeddable":true,"href":"https:\/\/saida-plants.com\/ar\/wp-json\/wp\/v2\/product_tag?post=773"}],"curies":[{"name":"wp","href":"https:\/\/api.w.org\/{rel}","templated":true}]}}