{"id":774,"date":"2021-09-10T16:31:28","date_gmt":"2021-09-10T16:31:28","guid":{"rendered":"https:\/\/saida-plants.com\/?post_type=product&#038;p=774"},"modified":"2024-10-14T11:33:23","modified_gmt":"2024-10-14T11:33:23","slug":"farine-de-lentille-300g-%d8%af%d9%82%d9%8a%d9%82-%d8%a7%d9%84%d8%b9%d8%af%d8%b3-%d8%a7%d9%84%d8%a8%d9%84%d8%af%d9%8a","status":"publish","type":"product","link":"https:\/\/saida-plants.com\/ar\/product\/farine-de-lentille-300g-%d8%af%d9%82%d9%8a%d9%82-%d8%a7%d9%84%d8%b9%d8%af%d8%b3-%d8%a7%d9%84%d8%a8%d9%84%d8%af%d9%8a\/","title":{"rendered":"Farine De Lentille 300g &#8211; \u062f\u0642\u064a\u0642 \u0627\u0644\u0639\u062f\u0633 \u0627\u0644\u0628\u0644\u062f\u064a"},"content":{"rendered":"<h1><b>BIENFAITS <\/b><b>FARINE DE LENTILLE<\/b><\/h1>\n<p>Produit naturel ne comportant aucun conservateur dans sa pr\u00e9paration.<\/p>\n<p>La farine de lentille m\u00e9lang\u00e9e \u00e0 une autre farine permettra de r\u00e9aliser des recettes sal\u00e9es ou sucr\u00e9es tels que des pains, cakes, g\u00e2teaux. Elle peut aussi \u00eatre utilis\u00e9e pour r\u00e9aliser des terrines de l\u00e9gumes.<\/p>\n<h2><b>Ingr\u00e9dients:<\/b><\/h2>\n<p><a href=\"https:\/\/saida-plants.com\/ar\/product-category\/farine-sans-glutaine\/\">Farine<\/a> de Lentilles vertes enti\u00e8res bio<\/p>\n<h3><b>Valeurs nutritionnelles pour 100g:<\/b><\/h3>\n<p>Valeur \u00e9nerg\u00e9tique : 1339 kj<\/p>\n<p>Valeur \u00e9nerg\u00e9tique : 315 kcal<\/p>\n<p>Mati\u00e8res grasses : 1.2 g<\/p>\n<p>dont acides gras satur\u00e9s : 0.2 g<\/p>\n<p>Glucides : 50.4 g<\/p>\n<p>dont sucre : 1 g<\/p>\n<p>Fibres : 11.2 g<\/p>\n<p>Prot\u00e9ines : 24 g<\/p>\n<p>Sel : 0.06 g<\/p>\n<h3><b>Conseils d\u2019utilisation:<\/b><\/h3>\n<p>A conserver au sec et au frais, \u00e0 l\u2019abri de la lumi\u00e8re.<\/p>\n<p>Temp\u00e9rature de conservation max. 25\u00b0C<\/p>\n<h3><b>Informations de livraison<\/b><\/h3>\n<ul>\n<li>Livraison assur\u00e9e par SaidaPlants, sous 24H \u00e0 Marrakech et sous 1 \u00e0 5 jours pour les autres villes du Maroc.<\/li>\n<li>Exp\u00e9dition pour les commandes \u00e0 l\u2019international sous 1 jour ouvr\u00e9. Les d\u00e9lais de livraison sont variables selon la destination et le mode de livraison choisi.<\/li>\n<\/ul>","protected":false},"excerpt":{"rendered":"<h1 style=\"text-align: center;\"><b>BIENFAITS <\/b><b>FARINE DE LENTILLE<\/b><\/h1>\n<p style=\"text-align: center;\">Produit naturel ne comportant aucun conservateur dans sa pr\u00e9paration.<\/p>\n<p style=\"text-align: center;\">La farine de lentille m\u00e9lang\u00e9e \u00e0 une autre farine permettra de r\u00e9aliser des recettes sal\u00e9es ou sucr\u00e9es tels que des pains, cakes, g\u00e2teaux. Elle peut aussi \u00eatre utilis\u00e9e pour r\u00e9aliser des terrines de l\u00e9gumes.<\/p>","protected":false},"featured_media":1223,"comment_status":"open","ping_status":"closed","template":"","meta":[],"product_cat":[68],"product_tag":[],"class_list":["post-774","product","type-product","status-publish","has-post-thumbnail","hentry","product_cat-farine-sans-glutaine"],"yoast_head":"<!-- This site is optimized with the Yoast SEO plugin v19.13 - https:\/\/yoast.com\/wordpress\/plugins\/seo\/ -->\n<title>Farine De Lentille 300g - \u062f\u0642\u064a\u0642 \u0627\u0644\u0639\u062f\u0633 \u0627\u0644\u0628\u0644\u062f\u064a - SaidaPlants<\/title>\n<meta name=\"description\" content=\"Farine De Lentille - Nous faisons de notre mieux pour nos clients Obtenez le produit parfait et bio 100% fabriqu\u00e9 \u00e0 partir de la nature.\" \/>\n<meta name=\"robots\" content=\"index, follow, max-snippet:-1, max-image-preview:large, max-video-preview:-1\" \/>\n<link rel=\"canonical\" href=\"https:\/\/saida-plants.com\/ar\/product\/farine-de-lentille-300g-\u062f\u0642\u064a\u0642-\u0627\u0644\u0639\u062f\u0633-\u0627\u0644\u0628\u0644\u062f\u064a\/\" \/>\n<meta property=\"og:locale\" content=\"ar_AR\" \/>\n<meta property=\"og:type\" content=\"article\" \/>\n<meta property=\"og:title\" content=\"Farine De Lentille 300g - \u062f\u0642\u064a\u0642 \u0627\u0644\u0639\u062f\u0633 \u0627\u0644\u0628\u0644\u062f\u064a - SaidaPlants\" \/>\n<meta property=\"og:description\" content=\"Farine De Lentille - Nous faisons de notre mieux pour nos clients Obtenez le produit parfait et bio 100% fabriqu\u00e9 \u00e0 partir de la nature.\" \/>\n<meta property=\"og:url\" content=\"https:\/\/saida-plants.com\/ar\/product\/farine-de-lentille-300g-\u062f\u0642\u064a\u0642-\u0627\u0644\u0639\u062f\u0633-\u0627\u0644\u0628\u0644\u062f\u064a\/\" \/>\n<meta property=\"og:site_name\" content=\"SaidaPlants\" \/>\n<meta property=\"article:publisher\" content=\"https:\/\/www.facebook.com\/SaidaPlants\" \/>\n<meta property=\"article:modified_time\" content=\"2024-10-14T11:33:23+00:00\" \/>\n<meta property=\"og:image\" content=\"https:\/\/saida-plants.com\/wp-content\/uploads\/2021\/09\/Farine-De-Lentille-saida-plants-1.jpg\" \/>\n\t<meta property=\"og:image:width\" content=\"248\" \/>\n\t<meta property=\"og:image:height\" content=\"248\" \/>\n\t<meta property=\"og:image:type\" content=\"image\/jpeg\" \/>\n<meta name=\"twitter:card\" content=\"summary_large_image\" \/>\n<meta name=\"twitter:label1\" content=\"\u0648\u0642\u062a \u0627\u0644\u0642\u0631\u0627\u0621\u0629 \u0627\u0644\u0645\u064f\u0642\u062f\u0651\u0631\" \/>\n\t<meta name=\"twitter:data1\" content=\"\u062f\u0642\u064a\u0642\u0629 \u0648\u0627\u062d\u062f\u0629\" \/>\n<script type=\"application\/ld+json\" class=\"yoast-schema-graph\">{\"@context\":\"https:\/\/schema.org\",\"@graph\":[{\"@type\":\"WebPage\",\"@id\":\"https:\/\/saida-plants.com\/product\/farine-de-lentille-300g-%d8%af%d9%82%d9%8a%d9%82-%d8%a7%d9%84%d8%b9%d8%af%d8%b3-%d8%a7%d9%84%d8%a8%d9%84%d8%af%d9%8a\/\",\"url\":\"https:\/\/saida-plants.com\/product\/farine-de-lentille-300g-%d8%af%d9%82%d9%8a%d9%82-%d8%a7%d9%84%d8%b9%d8%af%d8%b3-%d8%a7%d9%84%d8%a8%d9%84%d8%af%d9%8a\/\",\"name\":\"Farine De Lentille 300g - \u062f\u0642\u064a\u0642 \u0627\u0644\u0639\u062f\u0633 \u0627\u0644\u0628\u0644\u062f\u064a - SaidaPlants\",\"isPartOf\":{\"@id\":\"https:\/\/saida-plants.com\/#website\"},\"datePublished\":\"2021-09-10T16:31:28+00:00\",\"dateModified\":\"2024-10-14T11:33:23+00:00\",\"description\":\"Farine De Lentille - Nous faisons de notre mieux pour nos clients Obtenez le produit parfait et bio 100% fabriqu\u00e9 \u00e0 partir de la nature.\",\"breadcrumb\":{\"@id\":\"https:\/\/saida-plants.com\/product\/farine-de-lentille-300g-%d8%af%d9%82%d9%8a%d9%82-%d8%a7%d9%84%d8%b9%d8%af%d8%b3-%d8%a7%d9%84%d8%a8%d9%84%d8%af%d9%8a\/#breadcrumb\"},\"inLanguage\":\"ar\",\"potentialAction\":[{\"@type\":\"ReadAction\",\"target\":[\"https:\/\/saida-plants.com\/product\/farine-de-lentille-300g-%d8%af%d9%82%d9%8a%d9%82-%d8%a7%d9%84%d8%b9%d8%af%d8%b3-%d8%a7%d9%84%d8%a8%d9%84%d8%af%d9%8a\/\"]}]},{\"@type\":\"BreadcrumbList\",\"@id\":\"https:\/\/saida-plants.com\/product\/farine-de-lentille-300g-%d8%af%d9%82%d9%8a%d9%82-%d8%a7%d9%84%d8%b9%d8%af%d8%b3-%d8%a7%d9%84%d8%a8%d9%84%d8%af%d9%8a\/#breadcrumb\",\"itemListElement\":[{\"@type\":\"ListItem\",\"position\":1,\"name\":\"Home\",\"item\":\"https:\/\/saida-plants.com\/\"},{\"@type\":\"ListItem\",\"position\":2,\"name\":\"Shop\",\"item\":\"https:\/\/saida-plants.com\/ar\/shop\/\"},{\"@type\":\"ListItem\",\"position\":3,\"name\":\"Farine De Lentille 300g &#8211; \u062f\u0642\u064a\u0642 \u0627\u0644\u0639\u062f\u0633 \u0627\u0644\u0628\u0644\u062f\u064a\"}]},{\"@type\":\"WebSite\",\"@id\":\"https:\/\/saida-plants.com\/#website\",\"url\":\"https:\/\/saida-plants.com\/\",\"name\":\"SaidaPlants\",\"description\":\"1er Boutique En ligne Produit 100% Bio\",\"publisher\":{\"@id\":\"https:\/\/saida-plants.com\/#organization\"},\"potentialAction\":[{\"@type\":\"SearchAction\",\"target\":{\"@type\":\"EntryPoint\",\"urlTemplate\":\"https:\/\/saida-plants.com\/?s={search_term_string}\"},\"query-input\":\"required name=search_term_string\"}],\"inLanguage\":\"ar\"},{\"@type\":\"Organization\",\"@id\":\"https:\/\/saida-plants.com\/#organization\",\"name\":\"SaidaPlants\",\"url\":\"https:\/\/saida-plants.com\/\",\"logo\":{\"@type\":\"ImageObject\",\"inLanguage\":\"ar\",\"@id\":\"https:\/\/saida-plants.com\/#\/schema\/logo\/image\/\",\"url\":\"https:\/\/saida-plants.com\/wp-content\/uploads\/2021\/08\/WhatsApp-Image-2021-08-11-at-17.44.40.jpeg\",\"contentUrl\":\"https:\/\/saida-plants.com\/wp-content\/uploads\/2021\/08\/WhatsApp-Image-2021-08-11-at-17.44.40.jpeg\",\"width\":1280,\"height\":463,\"caption\":\"SaidaPlants\"},\"image\":{\"@id\":\"https:\/\/saida-plants.com\/#\/schema\/logo\/image\/\"},\"sameAs\":[\"https:\/\/www.instagram.com\/saidaplants\/\",\"https:\/\/www.facebook.com\/SaidaPlants\"]}]}<\/script>\n<!-- \/ Yoast SEO plugin. -->","yoast_head_json":{"title":"Farine De Lentille 300g - \u062f\u0642\u064a\u0642 \u0627\u0644\u0639\u062f\u0633 \u0627\u0644\u0628\u0644\u062f\u064a - SaidaPlants","description":"Farine De Lentille - Nous faisons de notre mieux pour nos clients Obtenez le produit parfait et bio 100% fabriqu\u00e9 \u00e0 partir de la nature.","robots":{"index":"index","follow":"follow","max-snippet":"max-snippet:-1","max-image-preview":"max-image-preview:large","max-video-preview":"max-video-preview:-1"},"canonical":"https:\/\/saida-plants.com\/ar\/product\/farine-de-lentille-300g-\u062f\u0642\u064a\u0642-\u0627\u0644\u0639\u062f\u0633-\u0627\u0644\u0628\u0644\u062f\u064a\/","og_locale":"ar_AR","og_type":"article","og_title":"Farine De Lentille 300g - \u062f\u0642\u064a\u0642 \u0627\u0644\u0639\u062f\u0633 \u0627\u0644\u0628\u0644\u062f\u064a - SaidaPlants","og_description":"Farine De Lentille - Nous faisons de notre mieux pour nos clients Obtenez le produit parfait et bio 100% fabriqu\u00e9 \u00e0 partir de la nature.","og_url":"https:\/\/saida-plants.com\/ar\/product\/farine-de-lentille-300g-\u062f\u0642\u064a\u0642-\u0627\u0644\u0639\u062f\u0633-\u0627\u0644\u0628\u0644\u062f\u064a\/","og_site_name":"SaidaPlants","article_publisher":"https:\/\/www.facebook.com\/SaidaPlants","article_modified_time":"2024-10-14T11:33:23+00:00","og_image":[{"width":248,"height":248,"url":"https:\/\/saida-plants.com\/wp-content\/uploads\/2021\/09\/Farine-De-Lentille-saida-plants-1.jpg","type":"image\/jpeg"}],"twitter_card":"summary_large_image","twitter_misc":{"\u0648\u0642\u062a \u0627\u0644\u0642\u0631\u0627\u0621\u0629 \u0627\u0644\u0645\u064f\u0642\u062f\u0651\u0631":"\u062f\u0642\u064a\u0642\u0629 \u0648\u0627\u062d\u062f\u0629"},"schema":{"@context":"https:\/\/schema.org","@graph":[{"@type":"WebPage","@id":"https:\/\/saida-plants.com\/product\/farine-de-lentille-300g-%d8%af%d9%82%d9%8a%d9%82-%d8%a7%d9%84%d8%b9%d8%af%d8%b3-%d8%a7%d9%84%d8%a8%d9%84%d8%af%d9%8a\/","url":"https:\/\/saida-plants.com\/product\/farine-de-lentille-300g-%d8%af%d9%82%d9%8a%d9%82-%d8%a7%d9%84%d8%b9%d8%af%d8%b3-%d8%a7%d9%84%d8%a8%d9%84%d8%af%d9%8a\/","name":"Farine De Lentille 300g - \u062f\u0642\u064a\u0642 \u0627\u0644\u0639\u062f\u0633 \u0627\u0644\u0628\u0644\u062f\u064a - SaidaPlants","isPartOf":{"@id":"https:\/\/saida-plants.com\/#website"},"datePublished":"2021-09-10T16:31:28+00:00","dateModified":"2024-10-14T11:33:23+00:00","description":"Farine De Lentille - Nous faisons de notre mieux pour nos clients Obtenez le produit parfait et bio 100% fabriqu\u00e9 \u00e0 partir de la nature.","breadcrumb":{"@id":"https:\/\/saida-plants.com\/product\/farine-de-lentille-300g-%d8%af%d9%82%d9%8a%d9%82-%d8%a7%d9%84%d8%b9%d8%af%d8%b3-%d8%a7%d9%84%d8%a8%d9%84%d8%af%d9%8a\/#breadcrumb"},"inLanguage":"ar","potentialAction":[{"@type":"ReadAction","target":["https:\/\/saida-plants.com\/product\/farine-de-lentille-300g-%d8%af%d9%82%d9%8a%d9%82-%d8%a7%d9%84%d8%b9%d8%af%d8%b3-%d8%a7%d9%84%d8%a8%d9%84%d8%af%d9%8a\/"]}]},{"@type":"BreadcrumbList","@id":"https:\/\/saida-plants.com\/product\/farine-de-lentille-300g-%d8%af%d9%82%d9%8a%d9%82-%d8%a7%d9%84%d8%b9%d8%af%d8%b3-%d8%a7%d9%84%d8%a8%d9%84%d8%af%d9%8a\/#breadcrumb","itemListElement":[{"@type":"ListItem","position":1,"name":"Home","item":"https:\/\/saida-plants.com\/"},{"@type":"ListItem","position":2,"name":"Shop","item":"https:\/\/saida-plants.com\/ar\/shop\/"},{"@type":"ListItem","position":3,"name":"Farine De Lentille 300g &#8211; \u062f\u0642\u064a\u0642 \u0627\u0644\u0639\u062f\u0633 \u0627\u0644\u0628\u0644\u062f\u064a"}]},{"@type":"WebSite","@id":"https:\/\/saida-plants.com\/#website","url":"https:\/\/saida-plants.com\/","name":"SaidaPlants","description":"1er Boutique En ligne Produit 100% Bio","publisher":{"@id":"https:\/\/saida-plants.com\/#organization"},"potentialAction":[{"@type":"SearchAction","target":{"@type":"EntryPoint","urlTemplate":"https:\/\/saida-plants.com\/?s={search_term_string}"},"query-input":"required name=search_term_string"}],"inLanguage":"ar"},{"@type":"Organization","@id":"https:\/\/saida-plants.com\/#organization","name":"SaidaPlants","url":"https:\/\/saida-plants.com\/","logo":{"@type":"ImageObject","inLanguage":"ar","@id":"https:\/\/saida-plants.com\/#\/schema\/logo\/image\/","url":"https:\/\/saida-plants.com\/wp-content\/uploads\/2021\/08\/WhatsApp-Image-2021-08-11-at-17.44.40.jpeg","contentUrl":"https:\/\/saida-plants.com\/wp-content\/uploads\/2021\/08\/WhatsApp-Image-2021-08-11-at-17.44.40.jpeg","width":1280,"height":463,"caption":"SaidaPlants"},"image":{"@id":"https:\/\/saida-plants.com\/#\/schema\/logo\/image\/"},"sameAs":["https:\/\/www.instagram.com\/saidaplants\/","https:\/\/www.facebook.com\/SaidaPlants"]}]}},"_links":{"self":[{"href":"https:\/\/saida-plants.com\/ar\/wp-json\/wp\/v2\/product\/774"}],"collection":[{"href":"https:\/\/saida-plants.com\/ar\/wp-json\/wp\/v2\/product"}],"about":[{"href":"https:\/\/saida-plants.com\/ar\/wp-json\/wp\/v2\/types\/product"}],"replies":[{"embeddable":true,"href":"https:\/\/saida-plants.com\/ar\/wp-json\/wp\/v2\/comments?post=774"}],"wp:featuredmedia":[{"embeddable":true,"href":"https:\/\/saida-plants.com\/ar\/wp-json\/wp\/v2\/media\/1223"}],"wp:attachment":[{"href":"https:\/\/saida-plants.com\/ar\/wp-json\/wp\/v2\/media?parent=774"}],"wp:term":[{"taxonomy":"product_cat","embeddable":true,"href":"https:\/\/saida-plants.com\/ar\/wp-json\/wp\/v2\/product_cat?post=774"},{"taxonomy":"product_tag","embeddable":true,"href":"https:\/\/saida-plants.com\/ar\/wp-json\/wp\/v2\/product_tag?post=774"}],"curies":[{"name":"wp","href":"https:\/\/api.w.org\/{rel}","templated":true}]}}