{"id":775,"date":"2021-09-10T16:33:03","date_gmt":"2021-09-10T16:33:03","guid":{"rendered":"https:\/\/saida-plants.com\/?post_type=product&#038;p=775"},"modified":"2021-09-10T16:33:03","modified_gmt":"2021-09-10T16:33:03","slug":"farine-de-pois-chiches-300g-%d8%b7%d8%ad%d9%8a%d9%86-%d8%a7%d9%84%d8%ad%d9%85%d8%b5","status":"publish","type":"product","link":"https:\/\/saida-plants.com\/ar\/product\/farine-de-pois-chiches-300g-%d8%b7%d8%ad%d9%8a%d9%86-%d8%a7%d9%84%d8%ad%d9%85%d8%b5\/","title":{"rendered":"farine de pois chiches 300g &#8211; \u0637\u062d\u064a\u0646 \u0627\u0644\u062d\u0645\u0635"},"content":{"rendered":"<h1><b>BIENFAITS FARINE DE POIS CHICHES 300g<\/b><\/h1>\n<p>Le pois chiche est une l\u00e9gumineuse couramment consomm\u00e9e dans les r\u00e9gions m\u00e9diterran\u00e9ennes et que l\u2019on commence \u00e0 apprivoiser partout \u00e0 travers le monde. Aliment aux multiples possibilit\u00e9s, le pois chiche est l\u2019un des principaux ingr\u00e9dients du houmous et des falafels, deux mets traditionnels du Moyen-Orient que l\u2019on retrouve de plus en plus chez nous.<\/p>\n<h2><b>Caract\u00e9ristiques du farine de pois chiches<\/b><\/h2>\n<ul>\n<li>Excellente source de prot\u00e9ines v\u00e9g\u00e9tales ;<\/li>\n<li>Richesse en fibres alimentaires ;<\/li>\n<li>Favorise le transit intestinal ;<\/li>\n<li>Augmente l\u2019effet de sati\u00e9t\u00e9 ;<\/li>\n<li>Pr\u00e9serve la sant\u00e9 cardiovasculaire.<\/li>\n<\/ul>\n<h3><b>Valeurs nutritionnelles et caloriques du pois chiche<\/b><\/h3>\n<p>Que vaut une \u00abportion\u00bb de pois chiches?<\/p>\n<table cellspacing=\"0\" cellpadding=\"0\">\n<tbody>\n<tr>\n<td valign=\"top\"><\/td>\n<td valign=\"top\"><\/td>\n<\/tr>\n<tr>\n<td valign=\"top\"><b>Poids\/volume<\/b><\/td>\n<td valign=\"top\">Pois chiches cuits \u00e0 l\u2019eau, 100 g<\/td>\n<\/tr>\n<tr>\n<td valign=\"top\"><b>Calories<\/b><\/td>\n<td valign=\"top\">147<\/td>\n<\/tr>\n<tr>\n<td valign=\"top\"><b>Prot\u00e9ines<\/b><\/td>\n<td valign=\"top\">8,31g<\/td>\n<\/tr>\n<tr>\n<td valign=\"top\"><b>Glucides<\/b><\/td>\n<td valign=\"top\">17,7g<\/td>\n<\/tr>\n<tr>\n<td valign=\"top\"><b>Lipides<\/b><\/td>\n<td valign=\"top\">3g<\/td>\n<\/tr>\n<tr>\n<td valign=\"top\"><b>Fibres alimentaires<\/b><\/td>\n<td valign=\"top\">8,2g<\/td>\n<\/tr>\n<\/tbody>\n<\/table>\n<h3><a href=\"https:\/\/saida-plants.com\/ar\/resources-page\/\"><strong>Ingr\u00e9dients<\/strong><\/a><\/h3>\n<p>Pois chiches*<\/p>\n<p>*issus de l\u2019agriculture biologique<\/p>\n<p>Valeurs nutritionnelles<\/p>\n<p>Pour 100 g de produit :<\/p>\n<p>valeur \u00e9nerg\u00e9tique 364kcal-1534kJ<\/p>\n<p>mati\u00e8res grasses 6,1 g<\/p>\n<p>dont acides gras satur\u00e9s 0,8 g<\/p>\n<p>glucides 50,7 g<\/p>\n<p>dont sucres 2,8 g<\/p>\n<p>fibres 9,7 g<\/p>\n<p>prot\u00e9ines 21,7 g<\/p>\n<p>sel 0,01 g<\/p>\n<h3><strong>Conseils d\u2019utilisation<\/strong><\/h3>\n<p>Verser en pluie 1 volume de farine dans 3 \u00e0 4 volumes d\u2019eau froide, amener \u00e0 \u00e9bullition et cuire 20 mn en remuant, puis saler. Verser la bouillie chaude dans un moule \u00e0 cake. Une fois refroidie, d\u00e9couper la p\u00e2te en tranches et les dorer \u00e0 la po\u00eale.<\/p>\n<p>Conservation<\/p>\n<p>A conserver dans un endroit sec et frais, \u00e0 l\u2019abri de la lumi\u00e8re.<\/p>\n<h3><b>Informations de livraison<\/b><\/h3>\n<ul>\n<li>Livraison assur\u00e9e par SaidaPlants, sous 24H \u00e0 Marrakech et sous 1 \u00e0 5 jours pour les autres villes du Maroc.<\/li>\n<li>Exp\u00e9dition pour les commandes \u00e0 l\u2019international sous 1 jour ouvr\u00e9. Les d\u00e9lais de livraison sont variables selon la destination et le mode de livraison choisi.<\/li>\n<\/ul>","protected":false},"excerpt":{"rendered":"<h1 style=\"text-align: center;\"><b>BIENFAITS FARINE DE POIS CHICHES 300g<\/b><\/h1>\n<p style=\"text-align: center;\">Le pois chiche est une l\u00e9gumineuse couramment consomm\u00e9e dans les r\u00e9gions m\u00e9diterran\u00e9ennes et que l\u2019on commence \u00e0 apprivoiser partout \u00e0 travers le monde. Aliment aux multiples possibilit\u00e9s, le pois chiche est l\u2019un des principaux ingr\u00e9dients du houmous et des falafels, deux mets traditionnels du Moyen-Orient que l\u2019on retrouve de plus en plus chez nous.<\/p>\n<h2 style=\"text-align: center;\"><b>Caract\u00e9ristiques du farine de pois chiches<\/b><\/h2>\n<p style=\"text-align: center;\">Excellente source de prot\u00e9ines v\u00e9g\u00e9tales<\/p>\n<p style=\"text-align: center;\">Richesse en fibres alimentaires<\/p>\n<p style=\"text-align: center;\">Favorise le transit intestinal<\/p>\n<p style=\"text-align: center;\">Augmente l\u2019effet de sati\u00e9t\u00e9<\/p>\n<p style=\"text-align: center;\">Pr\u00e9serve la sant\u00e9 cardiovasculaire.<\/p>","protected":false},"featured_media":950,"comment_status":"open","ping_status":"closed","template":"","meta":[],"product_cat":[15],"product_tag":[],"class_list":["post-775","product","type-product","status-publish","has-post-thumbnail","hentry","product_cat-grain-sans-glutain"],"yoast_head":"<!-- This site is optimized with the Yoast SEO plugin v19.13 - https:\/\/yoast.com\/wordpress\/plugins\/seo\/ -->\n<title>farine de pois chiches 300g - \u0637\u062d\u064a\u0646 \u0627\u0644\u062d\u0645\u0635 - SaidaPlants<\/title>\n<meta name=\"description\" content=\"farine de pois chiches - Nous faisons de notre mieux pour nos clients Obtenez le produit parfait et bio 100% fabriqu\u00e9 \u00e0 partir de la nature.\" \/>\n<meta name=\"robots\" content=\"index, follow, max-snippet:-1, max-image-preview:large, max-video-preview:-1\" \/>\n<link rel=\"canonical\" href=\"https:\/\/saida-plants.com\/ar\/product\/farine-de-pois-chiches-300g-\u0637\u062d\u064a\u0646-\u0627\u0644\u062d\u0645\u0635\/\" \/>\n<meta property=\"og:locale\" content=\"ar_AR\" \/>\n<meta property=\"og:type\" content=\"article\" \/>\n<meta property=\"og:title\" content=\"farine de pois chiches 300g - \u0637\u062d\u064a\u0646 \u0627\u0644\u062d\u0645\u0635 - SaidaPlants\" \/>\n<meta property=\"og:description\" content=\"farine de pois chiches - Nous faisons de notre mieux pour nos clients Obtenez le produit parfait et bio 100% fabriqu\u00e9 \u00e0 partir de la nature.\" \/>\n<meta property=\"og:url\" content=\"https:\/\/saida-plants.com\/ar\/product\/farine-de-pois-chiches-300g-\u0637\u062d\u064a\u0646-\u0627\u0644\u062d\u0645\u0635\/\" \/>\n<meta property=\"og:site_name\" content=\"SaidaPlants\" \/>\n<meta property=\"article:publisher\" content=\"https:\/\/www.facebook.com\/SaidaPlants\" \/>\n<meta property=\"og:image\" content=\"https:\/\/saida-plants.com\/wp-content\/uploads\/2021\/08\/lkjkljm.png\" \/>\n\t<meta property=\"og:image:width\" content=\"917\" \/>\n\t<meta property=\"og:image:height\" content=\"917\" \/>\n\t<meta property=\"og:image:type\" content=\"image\/png\" \/>\n<meta name=\"twitter:card\" content=\"summary_large_image\" \/>\n<meta name=\"twitter:label1\" content=\"\u0648\u0642\u062a \u0627\u0644\u0642\u0631\u0627\u0621\u0629 \u0627\u0644\u0645\u064f\u0642\u062f\u0651\u0631\" \/>\n\t<meta name=\"twitter:data1\" content=\"\u062f\u0642\u064a\u0642\u062a\u0627\u0646\" \/>\n<script type=\"application\/ld+json\" class=\"yoast-schema-graph\">{\"@context\":\"https:\/\/schema.org\",\"@graph\":[{\"@type\":\"WebPage\",\"@id\":\"https:\/\/saida-plants.com\/product\/farine-de-pois-chiches-300g-%d8%b7%d8%ad%d9%8a%d9%86-%d8%a7%d9%84%d8%ad%d9%85%d8%b5\/\",\"url\":\"https:\/\/saida-plants.com\/product\/farine-de-pois-chiches-300g-%d8%b7%d8%ad%d9%8a%d9%86-%d8%a7%d9%84%d8%ad%d9%85%d8%b5\/\",\"name\":\"farine de pois chiches 300g - \u0637\u062d\u064a\u0646 \u0627\u0644\u062d\u0645\u0635 - SaidaPlants\",\"isPartOf\":{\"@id\":\"https:\/\/saida-plants.com\/#website\"},\"datePublished\":\"2021-09-10T16:33:03+00:00\",\"dateModified\":\"2021-09-10T16:33:03+00:00\",\"description\":\"farine de pois chiches - Nous faisons de notre mieux pour nos clients Obtenez le produit parfait et bio 100% fabriqu\u00e9 \u00e0 partir de la nature.\",\"breadcrumb\":{\"@id\":\"https:\/\/saida-plants.com\/product\/farine-de-pois-chiches-300g-%d8%b7%d8%ad%d9%8a%d9%86-%d8%a7%d9%84%d8%ad%d9%85%d8%b5\/#breadcrumb\"},\"inLanguage\":\"ar\",\"potentialAction\":[{\"@type\":\"ReadAction\",\"target\":[\"https:\/\/saida-plants.com\/product\/farine-de-pois-chiches-300g-%d8%b7%d8%ad%d9%8a%d9%86-%d8%a7%d9%84%d8%ad%d9%85%d8%b5\/\"]}]},{\"@type\":\"BreadcrumbList\",\"@id\":\"https:\/\/saida-plants.com\/product\/farine-de-pois-chiches-300g-%d8%b7%d8%ad%d9%8a%d9%86-%d8%a7%d9%84%d8%ad%d9%85%d8%b5\/#breadcrumb\",\"itemListElement\":[{\"@type\":\"ListItem\",\"position\":1,\"name\":\"Home\",\"item\":\"https:\/\/saida-plants.com\/\"},{\"@type\":\"ListItem\",\"position\":2,\"name\":\"Shop\",\"item\":\"https:\/\/saida-plants.com\/ar\/shop\/\"},{\"@type\":\"ListItem\",\"position\":3,\"name\":\"farine de pois chiches 300g &#8211; \u0637\u062d\u064a\u0646 \u0627\u0644\u062d\u0645\u0635\"}]},{\"@type\":\"WebSite\",\"@id\":\"https:\/\/saida-plants.com\/#website\",\"url\":\"https:\/\/saida-plants.com\/\",\"name\":\"SaidaPlants\",\"description\":\"1er Boutique En ligne Produit 100% Bio\",\"publisher\":{\"@id\":\"https:\/\/saida-plants.com\/#organization\"},\"potentialAction\":[{\"@type\":\"SearchAction\",\"target\":{\"@type\":\"EntryPoint\",\"urlTemplate\":\"https:\/\/saida-plants.com\/?s={search_term_string}\"},\"query-input\":\"required name=search_term_string\"}],\"inLanguage\":\"ar\"},{\"@type\":\"Organization\",\"@id\":\"https:\/\/saida-plants.com\/#organization\",\"name\":\"SaidaPlants\",\"url\":\"https:\/\/saida-plants.com\/\",\"logo\":{\"@type\":\"ImageObject\",\"inLanguage\":\"ar\",\"@id\":\"https:\/\/saida-plants.com\/#\/schema\/logo\/image\/\",\"url\":\"https:\/\/saida-plants.com\/wp-content\/uploads\/2021\/08\/WhatsApp-Image-2021-08-11-at-17.44.40.jpeg\",\"contentUrl\":\"https:\/\/saida-plants.com\/wp-content\/uploads\/2021\/08\/WhatsApp-Image-2021-08-11-at-17.44.40.jpeg\",\"width\":1280,\"height\":463,\"caption\":\"SaidaPlants\"},\"image\":{\"@id\":\"https:\/\/saida-plants.com\/#\/schema\/logo\/image\/\"},\"sameAs\":[\"https:\/\/www.instagram.com\/saidaplants\/\",\"https:\/\/www.facebook.com\/SaidaPlants\"]}]}<\/script>\n<!-- \/ Yoast SEO plugin. -->","yoast_head_json":{"title":"farine de pois chiches 300g - \u0637\u062d\u064a\u0646 \u0627\u0644\u062d\u0645\u0635 - SaidaPlants","description":"farine de pois chiches - Nous faisons de notre mieux pour nos clients Obtenez le produit parfait et bio 100% fabriqu\u00e9 \u00e0 partir de la nature.","robots":{"index":"index","follow":"follow","max-snippet":"max-snippet:-1","max-image-preview":"max-image-preview:large","max-video-preview":"max-video-preview:-1"},"canonical":"https:\/\/saida-plants.com\/ar\/product\/farine-de-pois-chiches-300g-\u0637\u062d\u064a\u0646-\u0627\u0644\u062d\u0645\u0635\/","og_locale":"ar_AR","og_type":"article","og_title":"farine de pois chiches 300g - \u0637\u062d\u064a\u0646 \u0627\u0644\u062d\u0645\u0635 - SaidaPlants","og_description":"farine de pois chiches - Nous faisons de notre mieux pour nos clients Obtenez le produit parfait et bio 100% fabriqu\u00e9 \u00e0 partir de la nature.","og_url":"https:\/\/saida-plants.com\/ar\/product\/farine-de-pois-chiches-300g-\u0637\u062d\u064a\u0646-\u0627\u0644\u062d\u0645\u0635\/","og_site_name":"SaidaPlants","article_publisher":"https:\/\/www.facebook.com\/SaidaPlants","og_image":[{"width":917,"height":917,"url":"https:\/\/saida-plants.com\/wp-content\/uploads\/2021\/08\/lkjkljm.png","type":"image\/png"}],"twitter_card":"summary_large_image","twitter_misc":{"\u0648\u0642\u062a \u0627\u0644\u0642\u0631\u0627\u0621\u0629 \u0627\u0644\u0645\u064f\u0642\u062f\u0651\u0631":"\u062f\u0642\u064a\u0642\u062a\u0627\u0646"},"schema":{"@context":"https:\/\/schema.org","@graph":[{"@type":"WebPage","@id":"https:\/\/saida-plants.com\/product\/farine-de-pois-chiches-300g-%d8%b7%d8%ad%d9%8a%d9%86-%d8%a7%d9%84%d8%ad%d9%85%d8%b5\/","url":"https:\/\/saida-plants.com\/product\/farine-de-pois-chiches-300g-%d8%b7%d8%ad%d9%8a%d9%86-%d8%a7%d9%84%d8%ad%d9%85%d8%b5\/","name":"farine de pois chiches 300g - \u0637\u062d\u064a\u0646 \u0627\u0644\u062d\u0645\u0635 - SaidaPlants","isPartOf":{"@id":"https:\/\/saida-plants.com\/#website"},"datePublished":"2021-09-10T16:33:03+00:00","dateModified":"2021-09-10T16:33:03+00:00","description":"farine de pois chiches - Nous faisons de notre mieux pour nos clients Obtenez le produit parfait et bio 100% fabriqu\u00e9 \u00e0 partir de la nature.","breadcrumb":{"@id":"https:\/\/saida-plants.com\/product\/farine-de-pois-chiches-300g-%d8%b7%d8%ad%d9%8a%d9%86-%d8%a7%d9%84%d8%ad%d9%85%d8%b5\/#breadcrumb"},"inLanguage":"ar","potentialAction":[{"@type":"ReadAction","target":["https:\/\/saida-plants.com\/product\/farine-de-pois-chiches-300g-%d8%b7%d8%ad%d9%8a%d9%86-%d8%a7%d9%84%d8%ad%d9%85%d8%b5\/"]}]},{"@type":"BreadcrumbList","@id":"https:\/\/saida-plants.com\/product\/farine-de-pois-chiches-300g-%d8%b7%d8%ad%d9%8a%d9%86-%d8%a7%d9%84%d8%ad%d9%85%d8%b5\/#breadcrumb","itemListElement":[{"@type":"ListItem","position":1,"name":"Home","item":"https:\/\/saida-plants.com\/"},{"@type":"ListItem","position":2,"name":"Shop","item":"https:\/\/saida-plants.com\/ar\/shop\/"},{"@type":"ListItem","position":3,"name":"farine de pois chiches 300g &#8211; \u0637\u062d\u064a\u0646 \u0627\u0644\u062d\u0645\u0635"}]},{"@type":"WebSite","@id":"https:\/\/saida-plants.com\/#website","url":"https:\/\/saida-plants.com\/","name":"SaidaPlants","description":"1er Boutique En ligne Produit 100% Bio","publisher":{"@id":"https:\/\/saida-plants.com\/#organization"},"potentialAction":[{"@type":"SearchAction","target":{"@type":"EntryPoint","urlTemplate":"https:\/\/saida-plants.com\/?s={search_term_string}"},"query-input":"required name=search_term_string"}],"inLanguage":"ar"},{"@type":"Organization","@id":"https:\/\/saida-plants.com\/#organization","name":"SaidaPlants","url":"https:\/\/saida-plants.com\/","logo":{"@type":"ImageObject","inLanguage":"ar","@id":"https:\/\/saida-plants.com\/#\/schema\/logo\/image\/","url":"https:\/\/saida-plants.com\/wp-content\/uploads\/2021\/08\/WhatsApp-Image-2021-08-11-at-17.44.40.jpeg","contentUrl":"https:\/\/saida-plants.com\/wp-content\/uploads\/2021\/08\/WhatsApp-Image-2021-08-11-at-17.44.40.jpeg","width":1280,"height":463,"caption":"SaidaPlants"},"image":{"@id":"https:\/\/saida-plants.com\/#\/schema\/logo\/image\/"},"sameAs":["https:\/\/www.instagram.com\/saidaplants\/","https:\/\/www.facebook.com\/SaidaPlants"]}]}},"_links":{"self":[{"href":"https:\/\/saida-plants.com\/ar\/wp-json\/wp\/v2\/product\/775"}],"collection":[{"href":"https:\/\/saida-plants.com\/ar\/wp-json\/wp\/v2\/product"}],"about":[{"href":"https:\/\/saida-plants.com\/ar\/wp-json\/wp\/v2\/types\/product"}],"replies":[{"embeddable":true,"href":"https:\/\/saida-plants.com\/ar\/wp-json\/wp\/v2\/comments?post=775"}],"wp:featuredmedia":[{"embeddable":true,"href":"https:\/\/saida-plants.com\/ar\/wp-json\/wp\/v2\/media\/950"}],"wp:attachment":[{"href":"https:\/\/saida-plants.com\/ar\/wp-json\/wp\/v2\/media?parent=775"}],"wp:term":[{"taxonomy":"product_cat","embeddable":true,"href":"https:\/\/saida-plants.com\/ar\/wp-json\/wp\/v2\/product_cat?post=775"},{"taxonomy":"product_tag","embeddable":true,"href":"https:\/\/saida-plants.com\/ar\/wp-json\/wp\/v2\/product_tag?post=775"}],"curies":[{"name":"wp","href":"https:\/\/api.w.org\/{rel}","templated":true}]}}