{"id":776,"date":"2021-09-10T16:33:54","date_gmt":"2021-09-10T16:33:54","guid":{"rendered":"https:\/\/saida-plants.com\/?post_type=product&#038;p=776"},"modified":"2024-10-14T11:21:30","modified_gmt":"2024-10-14T11:21:30","slug":"farine-de-feve-300g-%d8%af%d9%82%d9%8a%d9%82-%d8%a7%d9%84%d9%81%d9%88%d9%84","status":"publish","type":"product","link":"https:\/\/saida-plants.com\/ar\/product\/farine-de-feve-300g-%d8%af%d9%82%d9%8a%d9%82-%d8%a7%d9%84%d9%81%d9%88%d9%84\/","title":{"rendered":"Farine de f\u00e8ve 300g &#8211; \u062f\u0642\u064a\u0642 \u0627\u0644\u0641\u0648\u0644"},"content":{"rendered":"<h1><b>BIENFAITS FARINE DE F\u00c8VE<\/b><\/h1>\n<p>La f\u00e8ve des marais, mieux connue sous le nom de gourgane, est une l\u00e9gumineuse qui jouit d\u2019une grande popularit\u00e9 dans certaines r\u00e9gions du Qu\u00e9bec comme le Saguenay-Lac-Saint-Jean. On dit qu\u2019elle est l\u2019une des cultures les plus anciennes du monde. Sa richesse en prot\u00e9ines, en glucides (principalement en amidon) et en fibres ainsi que sa faible teneur en mati\u00e8res grasses en font un aliment particuli\u00e8rement int\u00e9ressant pour la sant\u00e9.<\/p>\n<h2><b>Caract\u00e9ristiques de la Farine de f\u00e8ve<\/b><\/h2>\n<ul>\n<li>Excellente source de fibres alimentaires ;<\/li>\n<li>Pouvoir antioxydant ;<\/li>\n<li>Teneur int\u00e9ressante en prot\u00e9ines et en fer ;<\/li>\n<li>Favorise l\u2019\u00e9quilibre intestinal.<\/li>\n<\/ul>\n<h3><b>Valeurs nutritionnelles et caloriques de la f\u00e8ve des marais<\/b><\/h3>\n<table cellspacing=\"0\" cellpadding=\"0\">\n<tbody>\n<tr>\n<td valign=\"top\"><b>Que vaut une \u00ab portion \u00bb de f\u00e8ves des marais?<\/b><\/td>\n<td valign=\"top\"><\/td>\n<td valign=\"top\"><\/td>\n<\/tr>\n<tr>\n<td valign=\"top\">Poids\/volume<\/td>\n<td valign=\"top\"><b>F\u00e8ves des marais fra\u00eeches et crues, 58 g\/125 ml<\/b><\/td>\n<td valign=\"top\"><b>F\u00e8ves des marais fra\u00eeches, bouillies et \u00e9goutt\u00e9es, 92 g\/125 ml<\/b><\/td>\n<\/tr>\n<tr>\n<td valign=\"top\"><b>Calories<\/b><\/td>\n<td valign=\"top\">41<\/td>\n<td valign=\"top\">57<\/td>\n<\/tr>\n<tr>\n<td valign=\"top\"><b>Prot\u00e9ines<\/b><\/td>\n<td valign=\"top\">3,2 g<\/td>\n<td valign=\"top\">4,4 g<\/td>\n<\/tr>\n<tr>\n<td valign=\"top\"><b>Glucides<\/b><\/td>\n<td valign=\"top\">6,7 g<\/td>\n<td valign=\"top\">9,3 g<\/td>\n<\/tr>\n<tr>\n<td valign=\"top\"><b>Lipides<\/b><\/td>\n<td valign=\"top\">0,4 g<\/td>\n<td valign=\"top\">0,5 g<\/td>\n<\/tr>\n<tr>\n<td valign=\"top\"><b>Fibres alimentaires<\/b><\/td>\n<td valign=\"top\">2,4 g<\/td>\n<td valign=\"top\">3,3 g<\/td>\n<\/tr>\n<\/tbody>\n<\/table>\n<h3><b>Informations de livraison<\/b><\/h3>\n<ul>\n<li>Livraison assur\u00e9e par <a href=\"https:\/\/saida-plants.com\/ar\/shop\/\">SaidaPlants<\/a>, sous 24H \u00e0 Marrakech et sous 1 \u00e0 5 jours pour les autres villes du Maroc.<\/li>\n<li>Exp\u00e9dition pour les commandes \u00e0 l\u2019international sous 1 jour ouvr\u00e9. Les d\u00e9lais de livraison sont variables selon la destination et le mode de livraison choisi.<\/li>\n<\/ul>","protected":false},"excerpt":{"rendered":"<h1 style=\"text-align: center;\"><b>BIENFAITS FARINE DE F\u00c8VE<\/b><\/h1>\n<p style=\"text-align: center;\">La f\u00e8ve des marais, mieux connue sous le nom de gourgane, est une l\u00e9gumineuse qui jouit d\u2019une grande popularit\u00e9 dans certaines r\u00e9gions du Qu\u00e9bec comme le Saguenay-Lac-Saint-Jean. On dit qu\u2019elle est l\u2019une des cultures les plus anciennes du monde. Sa richesse en prot\u00e9ines, en glucides (principalement en amidon) et en fibres ainsi que sa faible teneur en mati\u00e8res grasses en font un aliment particuli\u00e8rement int\u00e9ressant pour la sant\u00e9.<\/p>\n<h2 style=\"text-align: center;\"><b>Caract\u00e9ristiques de la f\u00e8ve des marais<\/b><\/h2>\n<p style=\"text-align: center;\">Excellente source de fibres alimentaires ;<\/p>\n<p style=\"text-align: center;\">Pouvoir antioxydant ;<\/p>\n<p style=\"text-align: center;\">Teneur int\u00e9ressante en prot\u00e9ines et en fer ;<\/p>\n<p style=\"text-align: center;\">Favorise l\u2019\u00e9quilibre intestinal.<\/p>","protected":false},"featured_media":1220,"comment_status":"open","ping_status":"closed","template":"","meta":[],"product_cat":[68],"product_tag":[],"class_list":["post-776","product","type-product","status-publish","has-post-thumbnail","hentry","product_cat-farine-sans-glutaine"],"yoast_head":"<!-- This site is optimized with the Yoast SEO plugin v19.13 - https:\/\/yoast.com\/wordpress\/plugins\/seo\/ -->\n<title>Farine de f\u00e8ve 300g - \u062f\u0642\u064a\u0642 \u0627\u0644\u0641\u0648\u0644 - SaidaPlants<\/title>\n<meta name=\"description\" content=\"Farine de f\u00e8ve - Nous faisons de notre mieux pour nos clients Obtenez le produit parfait et bio 100% fabriqu\u00e9 \u00e0 partir de la nature.\" \/>\n<meta name=\"robots\" content=\"index, follow, max-snippet:-1, max-image-preview:large, max-video-preview:-1\" \/>\n<link rel=\"canonical\" href=\"https:\/\/saida-plants.com\/ar\/product\/farine-de-feve-300g-\u062f\u0642\u064a\u0642-\u0627\u0644\u0641\u0648\u0644\/\" \/>\n<meta property=\"og:locale\" content=\"ar_AR\" \/>\n<meta property=\"og:type\" content=\"article\" \/>\n<meta property=\"og:title\" content=\"Farine de f\u00e8ve 300g - \u062f\u0642\u064a\u0642 \u0627\u0644\u0641\u0648\u0644 - SaidaPlants\" \/>\n<meta property=\"og:description\" content=\"Farine de f\u00e8ve - Nous faisons de notre mieux pour nos clients Obtenez le produit parfait et bio 100% fabriqu\u00e9 \u00e0 partir de la nature.\" \/>\n<meta property=\"og:url\" content=\"https:\/\/saida-plants.com\/ar\/product\/farine-de-feve-300g-\u062f\u0642\u064a\u0642-\u0627\u0644\u0641\u0648\u0644\/\" \/>\n<meta property=\"og:site_name\" content=\"SaidaPlants\" \/>\n<meta property=\"article:publisher\" content=\"https:\/\/www.facebook.com\/SaidaPlants\" \/>\n<meta property=\"article:modified_time\" content=\"2024-10-14T11:21:30+00:00\" \/>\n<meta property=\"og:image\" content=\"https:\/\/saida-plants.com\/wp-content\/uploads\/2021\/09\/Farine-de-feve-saidaplants.jpg\" \/>\n\t<meta property=\"og:image:width\" content=\"248\" \/>\n\t<meta property=\"og:image:height\" content=\"248\" \/>\n\t<meta property=\"og:image:type\" content=\"image\/jpeg\" \/>\n<meta name=\"twitter:card\" content=\"summary_large_image\" \/>\n<meta name=\"twitter:label1\" content=\"\u0648\u0642\u062a \u0627\u0644\u0642\u0631\u0627\u0621\u0629 \u0627\u0644\u0645\u064f\u0642\u062f\u0651\u0631\" \/>\n\t<meta name=\"twitter:data1\" content=\"\u062f\u0642\u064a\u0642\u0629 \u0648\u0627\u062d\u062f\u0629\" \/>\n<script type=\"application\/ld+json\" class=\"yoast-schema-graph\">{\"@context\":\"https:\/\/schema.org\",\"@graph\":[{\"@type\":\"WebPage\",\"@id\":\"https:\/\/saida-plants.com\/product\/farine-de-feve-300g-%d8%af%d9%82%d9%8a%d9%82-%d8%a7%d9%84%d9%81%d9%88%d9%84\/\",\"url\":\"https:\/\/saida-plants.com\/product\/farine-de-feve-300g-%d8%af%d9%82%d9%8a%d9%82-%d8%a7%d9%84%d9%81%d9%88%d9%84\/\",\"name\":\"Farine de f\u00e8ve 300g - \u062f\u0642\u064a\u0642 \u0627\u0644\u0641\u0648\u0644 - SaidaPlants\",\"isPartOf\":{\"@id\":\"https:\/\/saida-plants.com\/#website\"},\"datePublished\":\"2021-09-10T16:33:54+00:00\",\"dateModified\":\"2024-10-14T11:21:30+00:00\",\"description\":\"Farine de f\u00e8ve - Nous faisons de notre mieux pour nos clients Obtenez le produit parfait et bio 100% fabriqu\u00e9 \u00e0 partir de la nature.\",\"breadcrumb\":{\"@id\":\"https:\/\/saida-plants.com\/product\/farine-de-feve-300g-%d8%af%d9%82%d9%8a%d9%82-%d8%a7%d9%84%d9%81%d9%88%d9%84\/#breadcrumb\"},\"inLanguage\":\"ar\",\"potentialAction\":[{\"@type\":\"ReadAction\",\"target\":[\"https:\/\/saida-plants.com\/product\/farine-de-feve-300g-%d8%af%d9%82%d9%8a%d9%82-%d8%a7%d9%84%d9%81%d9%88%d9%84\/\"]}]},{\"@type\":\"BreadcrumbList\",\"@id\":\"https:\/\/saida-plants.com\/product\/farine-de-feve-300g-%d8%af%d9%82%d9%8a%d9%82-%d8%a7%d9%84%d9%81%d9%88%d9%84\/#breadcrumb\",\"itemListElement\":[{\"@type\":\"ListItem\",\"position\":1,\"name\":\"Home\",\"item\":\"https:\/\/saida-plants.com\/\"},{\"@type\":\"ListItem\",\"position\":2,\"name\":\"Shop\",\"item\":\"https:\/\/saida-plants.com\/ar\/shop\/\"},{\"@type\":\"ListItem\",\"position\":3,\"name\":\"Farine de f\u00e8ve 300g &#8211; \u062f\u0642\u064a\u0642 \u0627\u0644\u0641\u0648\u0644\"}]},{\"@type\":\"WebSite\",\"@id\":\"https:\/\/saida-plants.com\/#website\",\"url\":\"https:\/\/saida-plants.com\/\",\"name\":\"SaidaPlants\",\"description\":\"1er Boutique En ligne Produit 100% Bio\",\"publisher\":{\"@id\":\"https:\/\/saida-plants.com\/#organization\"},\"potentialAction\":[{\"@type\":\"SearchAction\",\"target\":{\"@type\":\"EntryPoint\",\"urlTemplate\":\"https:\/\/saida-plants.com\/?s={search_term_string}\"},\"query-input\":\"required name=search_term_string\"}],\"inLanguage\":\"ar\"},{\"@type\":\"Organization\",\"@id\":\"https:\/\/saida-plants.com\/#organization\",\"name\":\"SaidaPlants\",\"url\":\"https:\/\/saida-plants.com\/\",\"logo\":{\"@type\":\"ImageObject\",\"inLanguage\":\"ar\",\"@id\":\"https:\/\/saida-plants.com\/#\/schema\/logo\/image\/\",\"url\":\"https:\/\/saida-plants.com\/wp-content\/uploads\/2021\/08\/WhatsApp-Image-2021-08-11-at-17.44.40.jpeg\",\"contentUrl\":\"https:\/\/saida-plants.com\/wp-content\/uploads\/2021\/08\/WhatsApp-Image-2021-08-11-at-17.44.40.jpeg\",\"width\":1280,\"height\":463,\"caption\":\"SaidaPlants\"},\"image\":{\"@id\":\"https:\/\/saida-plants.com\/#\/schema\/logo\/image\/\"},\"sameAs\":[\"https:\/\/www.instagram.com\/saidaplants\/\",\"https:\/\/www.facebook.com\/SaidaPlants\"]}]}<\/script>\n<!-- \/ Yoast SEO plugin. -->","yoast_head_json":{"title":"Farine de f\u00e8ve 300g - \u062f\u0642\u064a\u0642 \u0627\u0644\u0641\u0648\u0644 - SaidaPlants","description":"Farine de f\u00e8ve - Nous faisons de notre mieux pour nos clients Obtenez le produit parfait et bio 100% fabriqu\u00e9 \u00e0 partir de la nature.","robots":{"index":"index","follow":"follow","max-snippet":"max-snippet:-1","max-image-preview":"max-image-preview:large","max-video-preview":"max-video-preview:-1"},"canonical":"https:\/\/saida-plants.com\/ar\/product\/farine-de-feve-300g-\u062f\u0642\u064a\u0642-\u0627\u0644\u0641\u0648\u0644\/","og_locale":"ar_AR","og_type":"article","og_title":"Farine de f\u00e8ve 300g - \u062f\u0642\u064a\u0642 \u0627\u0644\u0641\u0648\u0644 - SaidaPlants","og_description":"Farine de f\u00e8ve - Nous faisons de notre mieux pour nos clients Obtenez le produit parfait et bio 100% fabriqu\u00e9 \u00e0 partir de la nature.","og_url":"https:\/\/saida-plants.com\/ar\/product\/farine-de-feve-300g-\u062f\u0642\u064a\u0642-\u0627\u0644\u0641\u0648\u0644\/","og_site_name":"SaidaPlants","article_publisher":"https:\/\/www.facebook.com\/SaidaPlants","article_modified_time":"2024-10-14T11:21:30+00:00","og_image":[{"width":248,"height":248,"url":"https:\/\/saida-plants.com\/wp-content\/uploads\/2021\/09\/Farine-de-feve-saidaplants.jpg","type":"image\/jpeg"}],"twitter_card":"summary_large_image","twitter_misc":{"\u0648\u0642\u062a \u0627\u0644\u0642\u0631\u0627\u0621\u0629 \u0627\u0644\u0645\u064f\u0642\u062f\u0651\u0631":"\u062f\u0642\u064a\u0642\u0629 \u0648\u0627\u062d\u062f\u0629"},"schema":{"@context":"https:\/\/schema.org","@graph":[{"@type":"WebPage","@id":"https:\/\/saida-plants.com\/product\/farine-de-feve-300g-%d8%af%d9%82%d9%8a%d9%82-%d8%a7%d9%84%d9%81%d9%88%d9%84\/","url":"https:\/\/saida-plants.com\/product\/farine-de-feve-300g-%d8%af%d9%82%d9%8a%d9%82-%d8%a7%d9%84%d9%81%d9%88%d9%84\/","name":"Farine de f\u00e8ve 300g - \u062f\u0642\u064a\u0642 \u0627\u0644\u0641\u0648\u0644 - SaidaPlants","isPartOf":{"@id":"https:\/\/saida-plants.com\/#website"},"datePublished":"2021-09-10T16:33:54+00:00","dateModified":"2024-10-14T11:21:30+00:00","description":"Farine de f\u00e8ve - Nous faisons de notre mieux pour nos clients Obtenez le produit parfait et bio 100% fabriqu\u00e9 \u00e0 partir de la nature.","breadcrumb":{"@id":"https:\/\/saida-plants.com\/product\/farine-de-feve-300g-%d8%af%d9%82%d9%8a%d9%82-%d8%a7%d9%84%d9%81%d9%88%d9%84\/#breadcrumb"},"inLanguage":"ar","potentialAction":[{"@type":"ReadAction","target":["https:\/\/saida-plants.com\/product\/farine-de-feve-300g-%d8%af%d9%82%d9%8a%d9%82-%d8%a7%d9%84%d9%81%d9%88%d9%84\/"]}]},{"@type":"BreadcrumbList","@id":"https:\/\/saida-plants.com\/product\/farine-de-feve-300g-%d8%af%d9%82%d9%8a%d9%82-%d8%a7%d9%84%d9%81%d9%88%d9%84\/#breadcrumb","itemListElement":[{"@type":"ListItem","position":1,"name":"Home","item":"https:\/\/saida-plants.com\/"},{"@type":"ListItem","position":2,"name":"Shop","item":"https:\/\/saida-plants.com\/ar\/shop\/"},{"@type":"ListItem","position":3,"name":"Farine de f\u00e8ve 300g &#8211; \u062f\u0642\u064a\u0642 \u0627\u0644\u0641\u0648\u0644"}]},{"@type":"WebSite","@id":"https:\/\/saida-plants.com\/#website","url":"https:\/\/saida-plants.com\/","name":"SaidaPlants","description":"1er Boutique En ligne Produit 100% Bio","publisher":{"@id":"https:\/\/saida-plants.com\/#organization"},"potentialAction":[{"@type":"SearchAction","target":{"@type":"EntryPoint","urlTemplate":"https:\/\/saida-plants.com\/?s={search_term_string}"},"query-input":"required name=search_term_string"}],"inLanguage":"ar"},{"@type":"Organization","@id":"https:\/\/saida-plants.com\/#organization","name":"SaidaPlants","url":"https:\/\/saida-plants.com\/","logo":{"@type":"ImageObject","inLanguage":"ar","@id":"https:\/\/saida-plants.com\/#\/schema\/logo\/image\/","url":"https:\/\/saida-plants.com\/wp-content\/uploads\/2021\/08\/WhatsApp-Image-2021-08-11-at-17.44.40.jpeg","contentUrl":"https:\/\/saida-plants.com\/wp-content\/uploads\/2021\/08\/WhatsApp-Image-2021-08-11-at-17.44.40.jpeg","width":1280,"height":463,"caption":"SaidaPlants"},"image":{"@id":"https:\/\/saida-plants.com\/#\/schema\/logo\/image\/"},"sameAs":["https:\/\/www.instagram.com\/saidaplants\/","https:\/\/www.facebook.com\/SaidaPlants"]}]}},"_links":{"self":[{"href":"https:\/\/saida-plants.com\/ar\/wp-json\/wp\/v2\/product\/776"}],"collection":[{"href":"https:\/\/saida-plants.com\/ar\/wp-json\/wp\/v2\/product"}],"about":[{"href":"https:\/\/saida-plants.com\/ar\/wp-json\/wp\/v2\/types\/product"}],"replies":[{"embeddable":true,"href":"https:\/\/saida-plants.com\/ar\/wp-json\/wp\/v2\/comments?post=776"}],"wp:featuredmedia":[{"embeddable":true,"href":"https:\/\/saida-plants.com\/ar\/wp-json\/wp\/v2\/media\/1220"}],"wp:attachment":[{"href":"https:\/\/saida-plants.com\/ar\/wp-json\/wp\/v2\/media?parent=776"}],"wp:term":[{"taxonomy":"product_cat","embeddable":true,"href":"https:\/\/saida-plants.com\/ar\/wp-json\/wp\/v2\/product_cat?post=776"},{"taxonomy":"product_tag","embeddable":true,"href":"https:\/\/saida-plants.com\/ar\/wp-json\/wp\/v2\/product_tag?post=776"}],"curies":[{"name":"wp","href":"https:\/\/api.w.org\/{rel}","templated":true}]}}