{"id":777,"date":"2021-09-10T15:37:42","date_gmt":"2021-09-10T15:37:42","guid":{"rendered":"https:\/\/saida-plants.com\/?post_type=product&#038;p=777"},"modified":"2024-10-14T11:25:40","modified_gmt":"2024-10-14T11:25:40","slug":"farine-de-millet-%d8%af%d9%82%d9%8a%d9%82-%d8%a7%d9%8a%d9%84%d8%a7%d9%86","status":"publish","type":"product","link":"https:\/\/saida-plants.com\/ar\/product\/farine-de-millet-%d8%af%d9%82%d9%8a%d9%82-%d8%a7%d9%8a%d9%84%d8%a7%d9%86\/","title":{"rendered":"Farine de millet &#8211; \u062f\u0642\u064a\u0642 \u0627\u064a\u0644\u0627\u0646"},"content":{"rendered":"<h1><b>BIENFAITS FARINE DE <a href=\"https:\/\/saida-plants.com\/ar\/product\/trio-de-quinoa-blanc-rouge-et-noir-en-vrac-300g-%d9%83%d9%8a%d9%86%d9%88%d8%a7\/\">MILLET 1Kg<\/a><\/b><\/h1>\n<p>Le millet est une c\u00e9r\u00e9ale originaire d&rsquo;Afrique encore peu utilis\u00e9e chez nous bien qu&rsquo;on la trouve de plus en plus facilement dans le commerce. Elle peut remplacer le bl\u00e9 dans les r\u00e9gimes sans gluten vu qu&rsquo;elle est d\u00e9pourvue de cette prot\u00e9ine.<\/p>\n<h2><b>Caract\u00e9ristiques du millet<\/b><\/h2>\n<ul>\n<li>Source de fibres ;<\/li>\n<li>Source de prot\u00e9ines v\u00e9g\u00e9tales ;<\/li>\n<li>Source de fer ;<\/li>\n<li>Source de phosphore ;<\/li>\n<li>Source de magn\u00e9sium.<\/li>\n<\/ul>\n<h3><b>Valeurs nutritionnelles et caloriques du millet<\/b><\/h3>\n<p>Pour 100 g de farine de millet :<\/p>\n<table cellspacing=\"0\" cellpadding=\"0\">\n<tbody>\n<tr>\n<td valign=\"top\"><b>Nutriments<\/b><\/td>\n<td valign=\"top\"><b>Teneur moyenne<\/b><\/td>\n<\/tr>\n<tr>\n<td valign=\"top\">Energie<\/td>\n<td valign=\"top\">350 kcal<\/td>\n<\/tr>\n<tr>\n<td valign=\"top\">Eau<\/td>\n<td valign=\"top\">10,3 g<\/td>\n<\/tr>\n<tr>\n<td valign=\"top\">Prot\u00e9ines<\/td>\n<td valign=\"top\">10,2 g<\/td>\n<\/tr>\n<tr>\n<td valign=\"top\">Glucides<\/td>\n<td valign=\"top\">63,2 g<\/td>\n<\/tr>\n<tr>\n<td valign=\"top\">Lipides<\/td>\n<td valign=\"top\">4,1 g<\/td>\n<\/tr>\n<tr>\n<td valign=\"top\">Sucres<\/td>\n<td valign=\"top\">0,5 g<\/td>\n<\/tr>\n<tr>\n<td valign=\"top\">Amidon<\/td>\n<td valign=\"top\">62,7 g<\/td>\n<\/tr>\n<tr>\n<td valign=\"top\">Fibres alimentaires<\/td>\n<td valign=\"top\">9,7 g<\/td>\n<\/tr>\n<tr>\n<td valign=\"top\">Calcium<\/td>\n<td valign=\"top\">12 mg<\/td>\n<\/tr>\n<tr>\n<td valign=\"top\">Chlorure<\/td>\n<td valign=\"top\">49 mg<\/td>\n<\/tr>\n<tr>\n<td valign=\"top\">Cuivre<\/td>\n<td valign=\"top\">0,6 mg<\/td>\n<\/tr>\n<tr>\n<td valign=\"top\">Fer<\/td>\n<td valign=\"top\">3,8 mg<\/td>\n<\/tr>\n<tr>\n<td valign=\"top\">Iode<\/td>\n<td valign=\"top\">&lt; 20 \u00b5g<\/td>\n<\/tr>\n<tr>\n<td valign=\"top\">Magn\u00e9sium<\/td>\n<td valign=\"top\">140 mg<\/td>\n<\/tr>\n<tr>\n<td valign=\"top\">Mangan\u00e8se<\/td>\n<td valign=\"top\">0,97 mg<\/td>\n<\/tr>\n<tr>\n<td valign=\"top\">Phosphore<\/td>\n<td valign=\"top\">360 mg<\/td>\n<\/tr>\n<tr>\n<td valign=\"top\">Potassium<\/td>\n<td valign=\"top\">280 mg<\/td>\n<\/tr>\n<tr>\n<td valign=\"top\">S\u00e9l\u00e9nium<\/td>\n<td valign=\"top\">&lt; 20 \u00b5g<\/td>\n<\/tr>\n<tr>\n<td valign=\"top\">Sodium<\/td>\n<td valign=\"top\">&lt; 5 mg<\/td>\n<\/tr>\n<tr>\n<td valign=\"top\">Zinc<\/td>\n<td valign=\"top\">3,1 mg<\/td>\n<\/tr>\n<tr>\n<td valign=\"top\">Vitamine D<\/td>\n<td valign=\"top\">&lt; 0,25 \u00b5g<\/td>\n<\/tr>\n<tr>\n<td valign=\"top\">Vitamine E<\/td>\n<td valign=\"top\">0,11 mg<\/td>\n<\/tr>\n<tr>\n<td valign=\"top\">Vitamine K1<\/td>\n<td valign=\"top\">2,93 \u00b5g<\/td>\n<\/tr>\n<tr>\n<td valign=\"top\">Vitamine C<\/td>\n<td valign=\"top\">&lt; 0,5 mg<\/td>\n<\/tr>\n<tr>\n<td valign=\"top\">Vitamine B1 ou Thiamine<\/td>\n<td valign=\"top\">0,45 mg<\/td>\n<\/tr>\n<tr>\n<td valign=\"top\">Vitamine B2 ou Riboflavine<\/td>\n<td valign=\"top\">0,043 mg<\/td>\n<\/tr>\n<tr>\n<td valign=\"top\">Vitamine B3 ou PP ou Niacine<\/td>\n<td valign=\"top\">&lt; 0,1 mg<\/td>\n<\/tr>\n<tr>\n<td valign=\"top\">Vitamine B5 ou Acide pantoth\u00e9nique<\/td>\n<td valign=\"top\">0,74 mg<\/td>\n<\/tr>\n<tr>\n<td valign=\"top\">Vitamine B6<\/td>\n<td valign=\"top\">0,25 mg<\/td>\n<\/tr>\n<tr>\n<td valign=\"top\">Vitamine B9 ou Folates totaux<\/td>\n<td valign=\"top\">54,5 \u00b5g<\/td>\n<\/tr>\n<\/tbody>\n<\/table>\n<p>La farine de millet est riche en amidon donc calorique avec 350 Cal\/100 g. Elle caracole aussi avec presque 10% de fibres.<\/p>\n<h3><b>Informations de livraison<\/b><\/h3>\n<ul>\n<li>Livraison assur\u00e9e par SaidaPlants, sous 24H \u00e0 Marrakech et sous 1 \u00e0 5 jours pour les autres villes du Maroc.<\/li>\n<li>Exp\u00e9dition pour les commandes \u00e0 l\u2019international sous 1 jour ouvr\u00e9. Les d\u00e9lais de livraison sont variables selon la destination et le mode de livraison choisi.<\/li>\n<\/ul>","protected":false},"excerpt":{"rendered":"<h1 style=\"text-align: center;\"><b>BIENFAITS FARINE DE <a href=\"https:\/\/saida-plants.com\/ar\/product\/trio-de-quinoa-blanc-rouge-et-noir-en-vrac-300g-%d9%83%d9%8a%d9%86%d9%88%d8%a7\/\">MILLET 1kg<\/a><\/b><\/h1>\n<p style=\"text-align: center;\">Le millet est une c\u00e9r\u00e9ale originaire d&rsquo;Afrique encore peu utilis\u00e9e chez nous bien qu&rsquo;on la trouve de plus en plus facilement dans le commerce. Elle peut remplacer le bl\u00e9 dans les r\u00e9gimes sans gluten vu qu&rsquo;elle est d\u00e9pourvue de cette prot\u00e9ine.<\/p>\n<h2 style=\"text-align: center;\"><b>Caract\u00e9ristiques du millet<\/b><\/h2>\n<p style=\"text-align: center;\">Source de fibres ;<\/p>\n<p style=\"text-align: center;\">Source de prot\u00e9ines v\u00e9g\u00e9tales ;<\/p>\n<p style=\"text-align: center;\">Source de fer ;<\/p>\n<p style=\"text-align: center;\">Source de phosphore ;<\/p>\n<p style=\"text-align: center;\">Source de magn\u00e9sium.<\/p>","protected":false},"featured_media":1221,"comment_status":"open","ping_status":"closed","template":"","meta":[],"product_cat":[68],"product_tag":[],"class_list":["post-777","product","type-product","status-publish","has-post-thumbnail","hentry","product_cat-farine-sans-glutaine"],"yoast_head":"<!-- This site is optimized with the Yoast SEO plugin v19.13 - https:\/\/yoast.com\/wordpress\/plugins\/seo\/ -->\n<title>Farine de millet - \u062f\u0642\u064a\u0642 \u0627\u064a\u0644\u0627\u0646 - SaidaPlants<\/title>\n<meta name=\"description\" content=\"Farine de millet - Nous faisons de notre mieux pour nos clients Obtenez le produit parfait et bio 100% fabriqu\u00e9 \u00e0 partir de la nature.\" \/>\n<meta name=\"robots\" content=\"index, follow, max-snippet:-1, max-image-preview:large, max-video-preview:-1\" \/>\n<link rel=\"canonical\" href=\"https:\/\/saida-plants.com\/ar\/product\/farine-de-millet-\u062f\u0642\u064a\u0642-\u0627\u064a\u0644\u0627\u0646\/\" \/>\n<meta property=\"og:locale\" content=\"ar_AR\" \/>\n<meta property=\"og:type\" content=\"article\" \/>\n<meta property=\"og:title\" content=\"Farine de millet - \u062f\u0642\u064a\u0642 \u0627\u064a\u0644\u0627\u0646 - SaidaPlants\" \/>\n<meta property=\"og:description\" content=\"Farine de millet - Nous faisons de notre mieux pour nos clients Obtenez le produit parfait et bio 100% fabriqu\u00e9 \u00e0 partir de la nature.\" \/>\n<meta property=\"og:url\" content=\"https:\/\/saida-plants.com\/ar\/product\/farine-de-millet-\u062f\u0642\u064a\u0642-\u0627\u064a\u0644\u0627\u0646\/\" \/>\n<meta property=\"og:site_name\" content=\"SaidaPlants\" \/>\n<meta property=\"article:publisher\" content=\"https:\/\/www.facebook.com\/SaidaPlants\" \/>\n<meta property=\"article:modified_time\" content=\"2024-10-14T11:25:40+00:00\" \/>\n<meta property=\"og:image\" content=\"https:\/\/saida-plants.com\/wp-content\/uploads\/2021\/09\/Farine-de-millet-saida-plants.jpg\" \/>\n\t<meta property=\"og:image:width\" content=\"248\" \/>\n\t<meta property=\"og:image:height\" content=\"248\" \/>\n\t<meta property=\"og:image:type\" content=\"image\/jpeg\" \/>\n<meta name=\"twitter:card\" content=\"summary_large_image\" \/>\n<meta name=\"twitter:label1\" content=\"\u0648\u0642\u062a \u0627\u0644\u0642\u0631\u0627\u0621\u0629 \u0627\u0644\u0645\u064f\u0642\u062f\u0651\u0631\" \/>\n\t<meta name=\"twitter:data1\" content=\"\u062f\u0642\u064a\u0642\u062a\u0627\u0646\" \/>\n<script type=\"application\/ld+json\" class=\"yoast-schema-graph\">{\"@context\":\"https:\/\/schema.org\",\"@graph\":[{\"@type\":\"WebPage\",\"@id\":\"https:\/\/saida-plants.com\/product\/farine-de-millet-%d8%af%d9%82%d9%8a%d9%82-%d8%a7%d9%8a%d9%84%d8%a7%d9%86\/\",\"url\":\"https:\/\/saida-plants.com\/product\/farine-de-millet-%d8%af%d9%82%d9%8a%d9%82-%d8%a7%d9%8a%d9%84%d8%a7%d9%86\/\",\"name\":\"Farine de millet - \u062f\u0642\u064a\u0642 \u0627\u064a\u0644\u0627\u0646 - SaidaPlants\",\"isPartOf\":{\"@id\":\"https:\/\/saida-plants.com\/#website\"},\"datePublished\":\"2021-09-10T15:37:42+00:00\",\"dateModified\":\"2024-10-14T11:25:40+00:00\",\"description\":\"Farine de millet - Nous faisons de notre mieux pour nos clients Obtenez le produit parfait et bio 100% fabriqu\u00e9 \u00e0 partir de la nature.\",\"breadcrumb\":{\"@id\":\"https:\/\/saida-plants.com\/product\/farine-de-millet-%d8%af%d9%82%d9%8a%d9%82-%d8%a7%d9%8a%d9%84%d8%a7%d9%86\/#breadcrumb\"},\"inLanguage\":\"ar\",\"potentialAction\":[{\"@type\":\"ReadAction\",\"target\":[\"https:\/\/saida-plants.com\/product\/farine-de-millet-%d8%af%d9%82%d9%8a%d9%82-%d8%a7%d9%8a%d9%84%d8%a7%d9%86\/\"]}]},{\"@type\":\"BreadcrumbList\",\"@id\":\"https:\/\/saida-plants.com\/product\/farine-de-millet-%d8%af%d9%82%d9%8a%d9%82-%d8%a7%d9%8a%d9%84%d8%a7%d9%86\/#breadcrumb\",\"itemListElement\":[{\"@type\":\"ListItem\",\"position\":1,\"name\":\"Home\",\"item\":\"https:\/\/saida-plants.com\/\"},{\"@type\":\"ListItem\",\"position\":2,\"name\":\"Shop\",\"item\":\"https:\/\/saida-plants.com\/ar\/shop\/\"},{\"@type\":\"ListItem\",\"position\":3,\"name\":\"Farine de millet &#8211; \u062f\u0642\u064a\u0642 \u0627\u064a\u0644\u0627\u0646\"}]},{\"@type\":\"WebSite\",\"@id\":\"https:\/\/saida-plants.com\/#website\",\"url\":\"https:\/\/saida-plants.com\/\",\"name\":\"SaidaPlants\",\"description\":\"1er Boutique En ligne Produit 100% Bio\",\"publisher\":{\"@id\":\"https:\/\/saida-plants.com\/#organization\"},\"potentialAction\":[{\"@type\":\"SearchAction\",\"target\":{\"@type\":\"EntryPoint\",\"urlTemplate\":\"https:\/\/saida-plants.com\/?s={search_term_string}\"},\"query-input\":\"required name=search_term_string\"}],\"inLanguage\":\"ar\"},{\"@type\":\"Organization\",\"@id\":\"https:\/\/saida-plants.com\/#organization\",\"name\":\"SaidaPlants\",\"url\":\"https:\/\/saida-plants.com\/\",\"logo\":{\"@type\":\"ImageObject\",\"inLanguage\":\"ar\",\"@id\":\"https:\/\/saida-plants.com\/#\/schema\/logo\/image\/\",\"url\":\"https:\/\/saida-plants.com\/wp-content\/uploads\/2021\/08\/WhatsApp-Image-2021-08-11-at-17.44.40.jpeg\",\"contentUrl\":\"https:\/\/saida-plants.com\/wp-content\/uploads\/2021\/08\/WhatsApp-Image-2021-08-11-at-17.44.40.jpeg\",\"width\":1280,\"height\":463,\"caption\":\"SaidaPlants\"},\"image\":{\"@id\":\"https:\/\/saida-plants.com\/#\/schema\/logo\/image\/\"},\"sameAs\":[\"https:\/\/www.instagram.com\/saidaplants\/\",\"https:\/\/www.facebook.com\/SaidaPlants\"]}]}<\/script>\n<!-- \/ Yoast SEO plugin. -->","yoast_head_json":{"title":"Farine de millet - \u062f\u0642\u064a\u0642 \u0627\u064a\u0644\u0627\u0646 - SaidaPlants","description":"Farine de millet - Nous faisons de notre mieux pour nos clients Obtenez le produit parfait et bio 100% fabriqu\u00e9 \u00e0 partir de la nature.","robots":{"index":"index","follow":"follow","max-snippet":"max-snippet:-1","max-image-preview":"max-image-preview:large","max-video-preview":"max-video-preview:-1"},"canonical":"https:\/\/saida-plants.com\/ar\/product\/farine-de-millet-\u062f\u0642\u064a\u0642-\u0627\u064a\u0644\u0627\u0646\/","og_locale":"ar_AR","og_type":"article","og_title":"Farine de millet - \u062f\u0642\u064a\u0642 \u0627\u064a\u0644\u0627\u0646 - SaidaPlants","og_description":"Farine de millet - Nous faisons de notre mieux pour nos clients Obtenez le produit parfait et bio 100% fabriqu\u00e9 \u00e0 partir de la nature.","og_url":"https:\/\/saida-plants.com\/ar\/product\/farine-de-millet-\u062f\u0642\u064a\u0642-\u0627\u064a\u0644\u0627\u0646\/","og_site_name":"SaidaPlants","article_publisher":"https:\/\/www.facebook.com\/SaidaPlants","article_modified_time":"2024-10-14T11:25:40+00:00","og_image":[{"width":248,"height":248,"url":"https:\/\/saida-plants.com\/wp-content\/uploads\/2021\/09\/Farine-de-millet-saida-plants.jpg","type":"image\/jpeg"}],"twitter_card":"summary_large_image","twitter_misc":{"\u0648\u0642\u062a \u0627\u0644\u0642\u0631\u0627\u0621\u0629 \u0627\u0644\u0645\u064f\u0642\u062f\u0651\u0631":"\u062f\u0642\u064a\u0642\u062a\u0627\u0646"},"schema":{"@context":"https:\/\/schema.org","@graph":[{"@type":"WebPage","@id":"https:\/\/saida-plants.com\/product\/farine-de-millet-%d8%af%d9%82%d9%8a%d9%82-%d8%a7%d9%8a%d9%84%d8%a7%d9%86\/","url":"https:\/\/saida-plants.com\/product\/farine-de-millet-%d8%af%d9%82%d9%8a%d9%82-%d8%a7%d9%8a%d9%84%d8%a7%d9%86\/","name":"Farine de millet - \u062f\u0642\u064a\u0642 \u0627\u064a\u0644\u0627\u0646 - SaidaPlants","isPartOf":{"@id":"https:\/\/saida-plants.com\/#website"},"datePublished":"2021-09-10T15:37:42+00:00","dateModified":"2024-10-14T11:25:40+00:00","description":"Farine de millet - Nous faisons de notre mieux pour nos clients Obtenez le produit parfait et bio 100% fabriqu\u00e9 \u00e0 partir de la nature.","breadcrumb":{"@id":"https:\/\/saida-plants.com\/product\/farine-de-millet-%d8%af%d9%82%d9%8a%d9%82-%d8%a7%d9%8a%d9%84%d8%a7%d9%86\/#breadcrumb"},"inLanguage":"ar","potentialAction":[{"@type":"ReadAction","target":["https:\/\/saida-plants.com\/product\/farine-de-millet-%d8%af%d9%82%d9%8a%d9%82-%d8%a7%d9%8a%d9%84%d8%a7%d9%86\/"]}]},{"@type":"BreadcrumbList","@id":"https:\/\/saida-plants.com\/product\/farine-de-millet-%d8%af%d9%82%d9%8a%d9%82-%d8%a7%d9%8a%d9%84%d8%a7%d9%86\/#breadcrumb","itemListElement":[{"@type":"ListItem","position":1,"name":"Home","item":"https:\/\/saida-plants.com\/"},{"@type":"ListItem","position":2,"name":"Shop","item":"https:\/\/saida-plants.com\/ar\/shop\/"},{"@type":"ListItem","position":3,"name":"Farine de millet &#8211; \u062f\u0642\u064a\u0642 \u0627\u064a\u0644\u0627\u0646"}]},{"@type":"WebSite","@id":"https:\/\/saida-plants.com\/#website","url":"https:\/\/saida-plants.com\/","name":"SaidaPlants","description":"1er Boutique En ligne Produit 100% Bio","publisher":{"@id":"https:\/\/saida-plants.com\/#organization"},"potentialAction":[{"@type":"SearchAction","target":{"@type":"EntryPoint","urlTemplate":"https:\/\/saida-plants.com\/?s={search_term_string}"},"query-input":"required name=search_term_string"}],"inLanguage":"ar"},{"@type":"Organization","@id":"https:\/\/saida-plants.com\/#organization","name":"SaidaPlants","url":"https:\/\/saida-plants.com\/","logo":{"@type":"ImageObject","inLanguage":"ar","@id":"https:\/\/saida-plants.com\/#\/schema\/logo\/image\/","url":"https:\/\/saida-plants.com\/wp-content\/uploads\/2021\/08\/WhatsApp-Image-2021-08-11-at-17.44.40.jpeg","contentUrl":"https:\/\/saida-plants.com\/wp-content\/uploads\/2021\/08\/WhatsApp-Image-2021-08-11-at-17.44.40.jpeg","width":1280,"height":463,"caption":"SaidaPlants"},"image":{"@id":"https:\/\/saida-plants.com\/#\/schema\/logo\/image\/"},"sameAs":["https:\/\/www.instagram.com\/saidaplants\/","https:\/\/www.facebook.com\/SaidaPlants"]}]}},"_links":{"self":[{"href":"https:\/\/saida-plants.com\/ar\/wp-json\/wp\/v2\/product\/777"}],"collection":[{"href":"https:\/\/saida-plants.com\/ar\/wp-json\/wp\/v2\/product"}],"about":[{"href":"https:\/\/saida-plants.com\/ar\/wp-json\/wp\/v2\/types\/product"}],"replies":[{"embeddable":true,"href":"https:\/\/saida-plants.com\/ar\/wp-json\/wp\/v2\/comments?post=777"}],"wp:featuredmedia":[{"embeddable":true,"href":"https:\/\/saida-plants.com\/ar\/wp-json\/wp\/v2\/media\/1221"}],"wp:attachment":[{"href":"https:\/\/saida-plants.com\/ar\/wp-json\/wp\/v2\/media?parent=777"}],"wp:term":[{"taxonomy":"product_cat","embeddable":true,"href":"https:\/\/saida-plants.com\/ar\/wp-json\/wp\/v2\/product_cat?post=777"},{"taxonomy":"product_tag","embeddable":true,"href":"https:\/\/saida-plants.com\/ar\/wp-json\/wp\/v2\/product_tag?post=777"}],"curies":[{"name":"wp","href":"https:\/\/api.w.org\/{rel}","templated":true}]}}