{"id":778,"date":"2021-08-15T16:22:35","date_gmt":"2021-08-15T16:22:35","guid":{"rendered":"https:\/\/saida-plants.com\/?post_type=product&#038;p=778"},"modified":"2021-08-15T16:22:35","modified_gmt":"2021-08-15T16:22:35","slug":"farine-de-seigle-300g-%d8%af%d9%82%d9%8a%d9%82-%d8%a7%d9%84%d8%ac%d9%88%d8%af%d8%a7%d8%b1","status":"publish","type":"product","link":"https:\/\/saida-plants.com\/ar\/product\/farine-de-seigle-300g-%d8%af%d9%82%d9%8a%d9%82-%d8%a7%d9%84%d8%ac%d9%88%d8%af%d8%a7%d8%b1\/","title":{"rendered":"Farine de seigle 300g &#8211; \u062f\u0642\u064a\u0642 \u0627\u0644\u062c\u0648\u062f\u0627\u0631"},"content":{"rendered":"<h1><b>BIENFAITS\u00a0FARINE DE SEIGLE<\/b><\/h1>\n<p>Produit naturel ne comportant aucun conservateur dans sa pr\u00e9paration.<\/p>\n<p>Bien que le seigle f\u00fbt une c\u00e9r\u00e9ale populaire \u00e0 une certaine \u00e9poque, il se retrouve rarement dans nos assiettes d\u2019aujourd\u2019hui. Pourtant, le seigle devrait avoir sa place dans une alimentation \u00e9quilibr\u00e9e, car il aurait divers effets b\u00e9n\u00e9fiques sur la sant\u00e9. Il agirait entre autres contre les maladies cardiovasculaires, le diab\u00e8te de type 2 et le cancer. Sa consommation am\u00e9liorerait aussi la sant\u00e9 intestinale.<\/p>\n<h2><b>Caract\u00e9ristiques de Farine de seigle<\/b><\/h2>\n<ul>\n<li><a href=\"https:\/\/saida-plants.com\/ar\/product-category\/grain-sans-glutain\/\">Excellente<\/a> source de fibres alimentaires ;<\/li>\n<li>Pouvoir antioxydant ;<\/li>\n<li>Richesse en prot\u00e9ines v\u00e9g\u00e9tales ;<\/li>\n<li>Source de gluten ;<\/li>\n<li>Teneur int\u00e9ressante en vitamines et min\u00e9raux.<\/li>\n<\/ul>\n<h3><b>Valeurs nutritionnelles et caloriques du seigle<\/b><\/h3>\n<table cellspacing=\"0\" cellpadding=\"0\">\n<tbody>\n<tr>\n<td valign=\"top\"><b>Que vaut une \u00ab portion \u00bb de seigle?<\/b><\/td>\n<td valign=\"top\"><\/td>\n<\/tr>\n<tr>\n<td valign=\"top\"><b>Poids\/volume<\/b><\/td>\n<td valign=\"top\"><b>Seigle entier cru, 100 g<\/b><\/td>\n<\/tr>\n<tr>\n<td valign=\"top\"><b>Calories<\/b><\/td>\n<td valign=\"top\">331<\/td>\n<\/tr>\n<tr>\n<td valign=\"top\"><b>Prot\u00e9ines<\/b><\/td>\n<td valign=\"top\">9,8 g<\/td>\n<\/tr>\n<tr>\n<td valign=\"top\"><b>Glucides<\/b><\/td>\n<td valign=\"top\">61 g<\/td>\n<\/tr>\n<tr>\n<td valign=\"top\"><b>Lipides<\/b><\/td>\n<td valign=\"top\">1,97 g<\/td>\n<\/tr>\n<tr>\n<td valign=\"top\"><b>Fibres alimentaires<\/b><\/td>\n<td valign=\"top\">15 g<\/td>\n<\/tr>\n<\/tbody>\n<\/table>\n<h3><b>Informations de livraison<\/b><\/h3>\n<ul>\n<li>Livraison assur\u00e9e par SaidaPlants, sous 24H \u00e0 Marrakech et sous 1 \u00e0 5 jours pour les autres villes du Maroc.<\/li>\n<li>Exp\u00e9dition pour les commandes \u00e0 l\u2019international sous 1 jour ouvr\u00e9. Les d\u00e9lais de livraison sont variables selon la destination et le mode de livraison choisi.<\/li>\n<\/ul>","protected":false},"excerpt":{"rendered":"<h1 style=\"text-align: center;\"><b>BIENFAITS\u00a0FARINE DE SEIGLE<\/b><\/h1>\n<p style=\"text-align: center;\">Produit naturel ne comportant aucun conservateur dans sa pr\u00e9paration.<\/p>\n<p style=\"text-align: center;\">Bien que le seigle f\u00fbt une c\u00e9r\u00e9ale populaire \u00e0 une certaine \u00e9poque, il se retrouve rarement dans nos assiettes d\u2019aujourd\u2019hui. Pourtant, le seigle devrait avoir sa place dans une alimentation \u00e9quilibr\u00e9e, car il aurait divers effets b\u00e9n\u00e9fiques sur la sant\u00e9. Il agirait entre autres contre les maladies cardiovasculaires, le diab\u00e8te de type 2 et le cancer. Sa consommation am\u00e9liorerait aussi la sant\u00e9 intestinale.<\/p>\n<h2 style=\"text-align: center;\"><b>Caract\u00e9ristiques de Farine de seigle<\/b><\/h2>\n<p style=\"text-align: center;\"><a href=\"https:\/\/saida-plants.com\/ar\/product-category\/grain-sans-glutain\/\">Excellente<\/a> source de fibres alimentaires ;<\/p>\n<p style=\"text-align: center;\">Pouvoir antioxydant ;<\/p>\n<p style=\"text-align: center;\">Richesse en prot\u00e9ines v\u00e9g\u00e9tales ;<\/p>\n<p style=\"text-align: center;\">Source de gluten ;<\/p>\n<p style=\"text-align: center;\">Teneur int\u00e9ressante en vitamines et min\u00e9raux.<\/p>","protected":false},"featured_media":779,"comment_status":"open","ping_status":"closed","template":"","meta":[],"product_cat":[15],"product_tag":[],"class_list":["post-778","product","type-product","status-publish","has-post-thumbnail","hentry","product_cat-grain-sans-glutain"],"yoast_head":"<!-- This site is optimized with the Yoast SEO plugin v19.13 - https:\/\/yoast.com\/wordpress\/plugins\/seo\/ -->\n<title>Farine de seigle 300g - \u062f\u0642\u064a\u0642 \u0627\u0644\u062c\u0648\u062f\u0627\u0631 - SaidaPlants<\/title>\n<meta name=\"description\" content=\"Farine de seigle - Nous faisons de notre mieux pour nos clients Obtenez le produit parfait et bio 100% fabriqu\u00e9 \u00e0 partir de la nature.\" \/>\n<meta name=\"robots\" content=\"index, follow, max-snippet:-1, max-image-preview:large, max-video-preview:-1\" \/>\n<link rel=\"canonical\" href=\"https:\/\/saida-plants.com\/ar\/product\/farine-de-seigle-300g-\u062f\u0642\u064a\u0642-\u0627\u0644\u062c\u0648\u062f\u0627\u0631\/\" \/>\n<meta property=\"og:locale\" content=\"ar_AR\" \/>\n<meta property=\"og:type\" content=\"article\" \/>\n<meta property=\"og:title\" content=\"Farine de seigle 300g - \u062f\u0642\u064a\u0642 \u0627\u0644\u062c\u0648\u062f\u0627\u0631 - SaidaPlants\" \/>\n<meta property=\"og:description\" content=\"Farine de seigle - Nous faisons de notre mieux pour nos clients Obtenez le produit parfait et bio 100% fabriqu\u00e9 \u00e0 partir de la nature.\" \/>\n<meta property=\"og:url\" content=\"https:\/\/saida-plants.com\/ar\/product\/farine-de-seigle-300g-\u062f\u0642\u064a\u0642-\u0627\u0644\u062c\u0648\u062f\u0627\u0631\/\" \/>\n<meta property=\"og:site_name\" content=\"SaidaPlants\" \/>\n<meta property=\"article:publisher\" content=\"https:\/\/www.facebook.com\/SaidaPlants\" \/>\n<meta property=\"og:image\" content=\"https:\/\/saida-plants.com\/wp-content\/uploads\/2021\/08\/3-1400x788.png\" \/>\n\t<meta property=\"og:image:width\" content=\"1400\" \/>\n\t<meta property=\"og:image:height\" content=\"788\" \/>\n\t<meta property=\"og:image:type\" content=\"image\/png\" \/>\n<meta name=\"twitter:card\" content=\"summary_large_image\" \/>\n<meta name=\"twitter:label1\" content=\"\u0648\u0642\u062a \u0627\u0644\u0642\u0631\u0627\u0621\u0629 \u0627\u0644\u0645\u064f\u0642\u062f\u0651\u0631\" \/>\n\t<meta name=\"twitter:data1\" content=\"\u062f\u0642\u064a\u0642\u0629 \u0648\u0627\u062d\u062f\u0629\" \/>\n<script type=\"application\/ld+json\" class=\"yoast-schema-graph\">{\"@context\":\"https:\/\/schema.org\",\"@graph\":[{\"@type\":\"WebPage\",\"@id\":\"https:\/\/saida-plants.com\/product\/farine-de-seigle-300g-%d8%af%d9%82%d9%8a%d9%82-%d8%a7%d9%84%d8%ac%d9%88%d8%af%d8%a7%d8%b1\/\",\"url\":\"https:\/\/saida-plants.com\/product\/farine-de-seigle-300g-%d8%af%d9%82%d9%8a%d9%82-%d8%a7%d9%84%d8%ac%d9%88%d8%af%d8%a7%d8%b1\/\",\"name\":\"Farine de seigle 300g - \u062f\u0642\u064a\u0642 \u0627\u0644\u062c\u0648\u062f\u0627\u0631 - SaidaPlants\",\"isPartOf\":{\"@id\":\"https:\/\/saida-plants.com\/#website\"},\"datePublished\":\"2021-08-15T16:22:35+00:00\",\"dateModified\":\"2021-08-15T16:22:35+00:00\",\"description\":\"Farine de seigle - Nous faisons de notre mieux pour nos clients Obtenez le produit parfait et bio 100% fabriqu\u00e9 \u00e0 partir de la nature.\",\"breadcrumb\":{\"@id\":\"https:\/\/saida-plants.com\/product\/farine-de-seigle-300g-%d8%af%d9%82%d9%8a%d9%82-%d8%a7%d9%84%d8%ac%d9%88%d8%af%d8%a7%d8%b1\/#breadcrumb\"},\"inLanguage\":\"ar\",\"potentialAction\":[{\"@type\":\"ReadAction\",\"target\":[\"https:\/\/saida-plants.com\/product\/farine-de-seigle-300g-%d8%af%d9%82%d9%8a%d9%82-%d8%a7%d9%84%d8%ac%d9%88%d8%af%d8%a7%d8%b1\/\"]}]},{\"@type\":\"BreadcrumbList\",\"@id\":\"https:\/\/saida-plants.com\/product\/farine-de-seigle-300g-%d8%af%d9%82%d9%8a%d9%82-%d8%a7%d9%84%d8%ac%d9%88%d8%af%d8%a7%d8%b1\/#breadcrumb\",\"itemListElement\":[{\"@type\":\"ListItem\",\"position\":1,\"name\":\"Home\",\"item\":\"https:\/\/saida-plants.com\/\"},{\"@type\":\"ListItem\",\"position\":2,\"name\":\"Shop\",\"item\":\"https:\/\/saida-plants.com\/ar\/shop\/\"},{\"@type\":\"ListItem\",\"position\":3,\"name\":\"Farine de seigle 300g &#8211; \u062f\u0642\u064a\u0642 \u0627\u0644\u062c\u0648\u062f\u0627\u0631\"}]},{\"@type\":\"WebSite\",\"@id\":\"https:\/\/saida-plants.com\/#website\",\"url\":\"https:\/\/saida-plants.com\/\",\"name\":\"SaidaPlants\",\"description\":\"1er Boutique En ligne Produit 100% Bio\",\"publisher\":{\"@id\":\"https:\/\/saida-plants.com\/#organization\"},\"potentialAction\":[{\"@type\":\"SearchAction\",\"target\":{\"@type\":\"EntryPoint\",\"urlTemplate\":\"https:\/\/saida-plants.com\/?s={search_term_string}\"},\"query-input\":\"required name=search_term_string\"}],\"inLanguage\":\"ar\"},{\"@type\":\"Organization\",\"@id\":\"https:\/\/saida-plants.com\/#organization\",\"name\":\"SaidaPlants\",\"url\":\"https:\/\/saida-plants.com\/\",\"logo\":{\"@type\":\"ImageObject\",\"inLanguage\":\"ar\",\"@id\":\"https:\/\/saida-plants.com\/#\/schema\/logo\/image\/\",\"url\":\"https:\/\/saida-plants.com\/wp-content\/uploads\/2021\/08\/WhatsApp-Image-2021-08-11-at-17.44.40.jpeg\",\"contentUrl\":\"https:\/\/saida-plants.com\/wp-content\/uploads\/2021\/08\/WhatsApp-Image-2021-08-11-at-17.44.40.jpeg\",\"width\":1280,\"height\":463,\"caption\":\"SaidaPlants\"},\"image\":{\"@id\":\"https:\/\/saida-plants.com\/#\/schema\/logo\/image\/\"},\"sameAs\":[\"https:\/\/www.instagram.com\/saidaplants\/\",\"https:\/\/www.facebook.com\/SaidaPlants\"]}]}<\/script>\n<!-- \/ Yoast SEO plugin. -->","yoast_head_json":{"title":"Farine de seigle 300g - \u062f\u0642\u064a\u0642 \u0627\u0644\u062c\u0648\u062f\u0627\u0631 - SaidaPlants","description":"Farine de seigle - Nous faisons de notre mieux pour nos clients Obtenez le produit parfait et bio 100% fabriqu\u00e9 \u00e0 partir de la nature.","robots":{"index":"index","follow":"follow","max-snippet":"max-snippet:-1","max-image-preview":"max-image-preview:large","max-video-preview":"max-video-preview:-1"},"canonical":"https:\/\/saida-plants.com\/ar\/product\/farine-de-seigle-300g-\u062f\u0642\u064a\u0642-\u0627\u0644\u062c\u0648\u062f\u0627\u0631\/","og_locale":"ar_AR","og_type":"article","og_title":"Farine de seigle 300g - \u062f\u0642\u064a\u0642 \u0627\u0644\u062c\u0648\u062f\u0627\u0631 - SaidaPlants","og_description":"Farine de seigle - Nous faisons de notre mieux pour nos clients Obtenez le produit parfait et bio 100% fabriqu\u00e9 \u00e0 partir de la nature.","og_url":"https:\/\/saida-plants.com\/ar\/product\/farine-de-seigle-300g-\u062f\u0642\u064a\u0642-\u0627\u0644\u062c\u0648\u062f\u0627\u0631\/","og_site_name":"SaidaPlants","article_publisher":"https:\/\/www.facebook.com\/SaidaPlants","og_image":[{"width":1400,"height":788,"url":"https:\/\/saida-plants.com\/wp-content\/uploads\/2021\/08\/3-1400x788.png","type":"image\/png"}],"twitter_card":"summary_large_image","twitter_misc":{"\u0648\u0642\u062a \u0627\u0644\u0642\u0631\u0627\u0621\u0629 \u0627\u0644\u0645\u064f\u0642\u062f\u0651\u0631":"\u062f\u0642\u064a\u0642\u0629 \u0648\u0627\u062d\u062f\u0629"},"schema":{"@context":"https:\/\/schema.org","@graph":[{"@type":"WebPage","@id":"https:\/\/saida-plants.com\/product\/farine-de-seigle-300g-%d8%af%d9%82%d9%8a%d9%82-%d8%a7%d9%84%d8%ac%d9%88%d8%af%d8%a7%d8%b1\/","url":"https:\/\/saida-plants.com\/product\/farine-de-seigle-300g-%d8%af%d9%82%d9%8a%d9%82-%d8%a7%d9%84%d8%ac%d9%88%d8%af%d8%a7%d8%b1\/","name":"Farine de seigle 300g - \u062f\u0642\u064a\u0642 \u0627\u0644\u062c\u0648\u062f\u0627\u0631 - SaidaPlants","isPartOf":{"@id":"https:\/\/saida-plants.com\/#website"},"datePublished":"2021-08-15T16:22:35+00:00","dateModified":"2021-08-15T16:22:35+00:00","description":"Farine de seigle - Nous faisons de notre mieux pour nos clients Obtenez le produit parfait et bio 100% fabriqu\u00e9 \u00e0 partir de la nature.","breadcrumb":{"@id":"https:\/\/saida-plants.com\/product\/farine-de-seigle-300g-%d8%af%d9%82%d9%8a%d9%82-%d8%a7%d9%84%d8%ac%d9%88%d8%af%d8%a7%d8%b1\/#breadcrumb"},"inLanguage":"ar","potentialAction":[{"@type":"ReadAction","target":["https:\/\/saida-plants.com\/product\/farine-de-seigle-300g-%d8%af%d9%82%d9%8a%d9%82-%d8%a7%d9%84%d8%ac%d9%88%d8%af%d8%a7%d8%b1\/"]}]},{"@type":"BreadcrumbList","@id":"https:\/\/saida-plants.com\/product\/farine-de-seigle-300g-%d8%af%d9%82%d9%8a%d9%82-%d8%a7%d9%84%d8%ac%d9%88%d8%af%d8%a7%d8%b1\/#breadcrumb","itemListElement":[{"@type":"ListItem","position":1,"name":"Home","item":"https:\/\/saida-plants.com\/"},{"@type":"ListItem","position":2,"name":"Shop","item":"https:\/\/saida-plants.com\/ar\/shop\/"},{"@type":"ListItem","position":3,"name":"Farine de seigle 300g &#8211; \u062f\u0642\u064a\u0642 \u0627\u0644\u062c\u0648\u062f\u0627\u0631"}]},{"@type":"WebSite","@id":"https:\/\/saida-plants.com\/#website","url":"https:\/\/saida-plants.com\/","name":"SaidaPlants","description":"1er Boutique En ligne Produit 100% Bio","publisher":{"@id":"https:\/\/saida-plants.com\/#organization"},"potentialAction":[{"@type":"SearchAction","target":{"@type":"EntryPoint","urlTemplate":"https:\/\/saida-plants.com\/?s={search_term_string}"},"query-input":"required name=search_term_string"}],"inLanguage":"ar"},{"@type":"Organization","@id":"https:\/\/saida-plants.com\/#organization","name":"SaidaPlants","url":"https:\/\/saida-plants.com\/","logo":{"@type":"ImageObject","inLanguage":"ar","@id":"https:\/\/saida-plants.com\/#\/schema\/logo\/image\/","url":"https:\/\/saida-plants.com\/wp-content\/uploads\/2021\/08\/WhatsApp-Image-2021-08-11-at-17.44.40.jpeg","contentUrl":"https:\/\/saida-plants.com\/wp-content\/uploads\/2021\/08\/WhatsApp-Image-2021-08-11-at-17.44.40.jpeg","width":1280,"height":463,"caption":"SaidaPlants"},"image":{"@id":"https:\/\/saida-plants.com\/#\/schema\/logo\/image\/"},"sameAs":["https:\/\/www.instagram.com\/saidaplants\/","https:\/\/www.facebook.com\/SaidaPlants"]}]}},"_links":{"self":[{"href":"https:\/\/saida-plants.com\/ar\/wp-json\/wp\/v2\/product\/778"}],"collection":[{"href":"https:\/\/saida-plants.com\/ar\/wp-json\/wp\/v2\/product"}],"about":[{"href":"https:\/\/saida-plants.com\/ar\/wp-json\/wp\/v2\/types\/product"}],"replies":[{"embeddable":true,"href":"https:\/\/saida-plants.com\/ar\/wp-json\/wp\/v2\/comments?post=778"}],"wp:featuredmedia":[{"embeddable":true,"href":"https:\/\/saida-plants.com\/ar\/wp-json\/wp\/v2\/media\/779"}],"wp:attachment":[{"href":"https:\/\/saida-plants.com\/ar\/wp-json\/wp\/v2\/media?parent=778"}],"wp:term":[{"taxonomy":"product_cat","embeddable":true,"href":"https:\/\/saida-plants.com\/ar\/wp-json\/wp\/v2\/product_cat?post=778"},{"taxonomy":"product_tag","embeddable":true,"href":"https:\/\/saida-plants.com\/ar\/wp-json\/wp\/v2\/product_tag?post=778"}],"curies":[{"name":"wp","href":"https:\/\/api.w.org\/{rel}","templated":true}]}}