{"id":780,"date":"2021-08-15T16:37:45","date_gmt":"2021-08-15T16:37:45","guid":{"rendered":"https:\/\/saida-plants.com\/?post_type=product&#038;p=780"},"modified":"2022-09-13T15:56:02","modified_gmt":"2022-09-13T15:56:02","slug":"farine-de-fecule-de-mais-300g-%d8%af%d9%82%d9%8a%d9%82-%d9%86%d8%b4%d8%a7-%d8%a7%d9%84%d8%b0%d8%b1%d8%a9","status":"publish","type":"product","link":"https:\/\/saida-plants.com\/ar\/product\/farine-de-fecule-de-mais-300g-%d8%af%d9%82%d9%8a%d9%82-%d9%86%d8%b4%d8%a7-%d8%a7%d9%84%d8%b0%d8%b1%d8%a9\/","title":{"rendered":"Farine De F\u00e9cule De MA\u00cfS 300g &#8211; \u062f\u0642\u064a\u0642 \u0646\u0634\u0627 \u0627\u0644\u0630\u0631\u0629"},"content":{"rendered":"<h1><b>BIENFAITS DE FARINE DE <\/b><b>F\u00c9CULE DE MA\u00cfS<\/b><\/h1>\n<p>La <a href=\"https:\/\/saida-plants.com\/ar\/product\/farine-de-seigle-300g-%d8%af%d9%82%d9%8a%d9%82-%d8%a7%d9%84%d8%ac%d9%88%d8%af%d8%a7%d8%b1\/\">Farine<\/a> De F\u00e9cule De MA\u00cfS\u00a0\u00e0 distinguer de la farine de ma\u00efs, est une poudre blanche tr\u00e8s fine obtenue par mouture s\u00e8che de grains de ma\u00efs. En cuisine, elle est le plus souvent utilis\u00e9e comme \u00e9paississant pour les sauces, les soupes et les rago\u00fbts. En p\u00e2tisserie, elle permet d&rsquo;obtenir des g\u00e2teaux \u00e0 la texture moelleuse et a\u00e9rienne.<\/p>\n<h2><b>Utilisation<\/b><\/h2>\n<p>La f\u00e9cule de ma\u00efs est principalement utilis\u00e9e comme \u00e9paississant et liant pour les sauces. La poudre blanche et fine a deux fois le pouvoir \u00e9paississant de la farine. Comptez 1 cuill\u00e8re \u00e0 soupe de f\u00e9cule de ma\u00efs pour remplacer 2 cuill\u00e8res \u00e0 soupe de farine.<\/p>\n<p>Elle permet \u00e9galement d&rsquo;all\u00e9ger les g\u00e2teaux, les cakes et les cr\u00eapes et d&rsquo;obtenir une texture plus a\u00e9rienne. Pour vous r\u00e9galer sans culpabiliser, misez sur la f\u00e9cule qui vous garantit une b\u00e9chamel light et savoureuse.<span class=\"Apple-converted-space\">\u00a0<\/span><\/p>\n<p>L&rsquo;avantage de la f\u00e9cule est qu&rsquo;elle permet aux pr\u00e9parations de rester claires et translucides.<\/p>\n<p>C&rsquo;est \u00e9galement une excellente alternative sans gluten, parfaite pour les personnes intol\u00e9rantes.<\/p>\n<h3><b>Ingr\u00e9dients:<\/b><\/h3>\n<p>F\u00e9cule de ma\u00efs* (SaidaPlants)<\/p>\n<p>*issue de l\u2019agriculture biologique<\/p>\n<h3><b>Analyse nutritionnelle pour 100g de produit:<\/b><\/h3>\n<p>Energie (Kcal) 370<\/p>\n<p>Energie (Kj) 1572<\/p>\n<p>Mati\u00e8res grasses (g) 1,2<\/p>\n<p>-dont gras satur\u00e9s (g) 0,6<\/p>\n<p>Glucides (g) 89<\/p>\n<p>-dont sucres (g) 0,2<\/p>\n<p>Fibres (g) 0,8<\/p>\n<p>Prot\u00e9nies (g) 0,5<\/p>\n<p>Sel (g) 0.3<\/p>\n<h3><b>Conservation:<\/b><\/h3>\n<p>A conserver dans un endroit sec et frais, \u00e0 l\u2019abri de la lumi\u00e8re<\/p>\n<h3><b>Informations de livraison<\/b><\/h3>\n<ul>\n<li>Livraison assur\u00e9e par SaidaPlants, sous 24H \u00e0 Marrakech et sous 1 \u00e0 5 jours pour les autres villes du Maroc.<\/li>\n<li>Exp\u00e9dition pour les commandes \u00e0 l\u2019international sous 1 jour ouvr\u00e9. Les d\u00e9lais de livraison sont variables selon la destination et le mode de livraison choisi.<\/li>\n<\/ul>","protected":false},"excerpt":{"rendered":"<h1 style=\"text-align: center;\"><b>BIENFAITS DE FARINE DE <\/b><b>F\u00c9CULE DE MA\u00cfS<\/b><\/h1>\n<p style=\"text-align: center;\">La <a href=\"https:\/\/saida-plants.com\/ar\/product\/farine-de-seigle-300g-%d8%af%d9%82%d9%8a%d9%82-%d8%a7%d9%84%d8%ac%d9%88%d8%af%d8%a7%d8%b1\/\">Farine<\/a> De F\u00e9cule De MA\u00cfS\u00a0\u00e0 distinguer de la farine de ma\u00efs, est une poudre blanche tr\u00e8s fine obtenue par mouture s\u00e8che de grains de ma\u00efs. En cuisine, elle est le plus souvent utilis\u00e9e comme \u00e9paississant pour les sauces, les soupes et les rago\u00fbts. En p\u00e2tisserie, elle permet d&rsquo;obtenir des g\u00e2teaux \u00e0 la texture moelleuse et a\u00e9rienne.<\/p>\n<h2 style=\"text-align: center;\"><b>Utilisation<\/b><\/h2>\n<p style=\"text-align: center;\">La f\u00e9cule de ma\u00efs est principalement utilis\u00e9e comme \u00e9paississant et liant pour les sauces. La poudre blanche et fine a deux fois le pouvoir \u00e9paississant de la farine. Comptez 1 cuill\u00e8re \u00e0 soupe de f\u00e9cule de ma\u00efs pour remplacer 2 cuill\u00e8res \u00e0 soupe de farine.<\/p>\n<p style=\"text-align: center;\">Elle permet \u00e9galement d&rsquo;all\u00e9ger les g\u00e2teaux, les cakes et les cr\u00eapes et d&rsquo;obtenir une texture plus a\u00e9rienne. Pour vous r\u00e9galer sans culpabiliser, misez sur la f\u00e9cule qui vous garantit une b\u00e9chamel light et savoureuse.<\/p>\n<p style=\"text-align: center;\">L&rsquo;avantage de la f\u00e9cule est qu&rsquo;elle permet aux pr\u00e9parations de rester claires et translucides.<\/p>\n<p style=\"text-align: center;\">C&rsquo;est \u00e9galement une excellente alternative sans gluten, parfaite pour les personnes intol\u00e9rantes.<\/p>","protected":false},"featured_media":781,"comment_status":"open","ping_status":"closed","template":"","meta":[],"product_cat":[68],"product_tag":[],"class_list":["post-780","product","type-product","status-publish","has-post-thumbnail","hentry","product_cat-farine-sans-glutaine"],"yoast_head":"<!-- This site is optimized with the Yoast SEO plugin v19.13 - https:\/\/yoast.com\/wordpress\/plugins\/seo\/ -->\n<title>Farine De F\u00e9cule De MA\u00cfS 300g - \u062f\u0642\u064a\u0642 \u0646\u0634\u0627 \u0627\u0644\u0630\u0631\u0629 - SaidaPlants<\/title>\n<meta name=\"description\" content=\"Farine De F\u00e9cule De MA\u00cfS - Nous faisons de notre mieux pour nos clients Obtenez le produit parfait et bio 100% fabriqu\u00e9 \u00e0 partir de la nature.\" \/>\n<meta name=\"robots\" content=\"index, follow, max-snippet:-1, max-image-preview:large, max-video-preview:-1\" \/>\n<link rel=\"canonical\" href=\"https:\/\/saida-plants.com\/ar\/product\/farine-de-fecule-de-mais-300g-\u062f\u0642\u064a\u0642-\u0646\u0634\u0627-\u0627\u0644\u0630\u0631\u0629\/\" \/>\n<meta property=\"og:locale\" content=\"ar_AR\" \/>\n<meta property=\"og:type\" content=\"article\" \/>\n<meta property=\"og:title\" content=\"Farine De F\u00e9cule De MA\u00cfS 300g - \u062f\u0642\u064a\u0642 \u0646\u0634\u0627 \u0627\u0644\u0630\u0631\u0629 - SaidaPlants\" \/>\n<meta property=\"og:description\" content=\"Farine De F\u00e9cule De MA\u00cfS - Nous faisons de notre mieux pour nos clients Obtenez le produit parfait et bio 100% fabriqu\u00e9 \u00e0 partir de la nature.\" \/>\n<meta property=\"og:url\" content=\"https:\/\/saida-plants.com\/ar\/product\/farine-de-fecule-de-mais-300g-\u062f\u0642\u064a\u0642-\u0646\u0634\u0627-\u0627\u0644\u0630\u0631\u0629\/\" \/>\n<meta property=\"og:site_name\" content=\"SaidaPlants\" \/>\n<meta property=\"article:publisher\" content=\"https:\/\/www.facebook.com\/SaidaPlants\" \/>\n<meta property=\"article:modified_time\" content=\"2022-09-13T15:56:02+00:00\" \/>\n<meta property=\"og:image\" content=\"https:\/\/saida-plants.com\/wp-content\/uploads\/2021\/08\/16-1400x788.png\" \/>\n\t<meta property=\"og:image:width\" content=\"1400\" \/>\n\t<meta property=\"og:image:height\" content=\"788\" \/>\n\t<meta property=\"og:image:type\" content=\"image\/png\" \/>\n<meta name=\"twitter:card\" content=\"summary_large_image\" \/>\n<meta name=\"twitter:label1\" content=\"\u0648\u0642\u062a \u0627\u0644\u0642\u0631\u0627\u0621\u0629 \u0627\u0644\u0645\u064f\u0642\u062f\u0651\u0631\" \/>\n\t<meta name=\"twitter:data1\" content=\"\u062f\u0642\u064a\u0642\u062a\u0627\u0646\" \/>\n<script type=\"application\/ld+json\" class=\"yoast-schema-graph\">{\"@context\":\"https:\/\/schema.org\",\"@graph\":[{\"@type\":\"WebPage\",\"@id\":\"https:\/\/saida-plants.com\/product\/farine-de-fecule-de-mais-300g-%d8%af%d9%82%d9%8a%d9%82-%d9%86%d8%b4%d8%a7-%d8%a7%d9%84%d8%b0%d8%b1%d8%a9\/\",\"url\":\"https:\/\/saida-plants.com\/product\/farine-de-fecule-de-mais-300g-%d8%af%d9%82%d9%8a%d9%82-%d9%86%d8%b4%d8%a7-%d8%a7%d9%84%d8%b0%d8%b1%d8%a9\/\",\"name\":\"Farine De F\u00e9cule De MA\u00cfS 300g - \u062f\u0642\u064a\u0642 \u0646\u0634\u0627 \u0627\u0644\u0630\u0631\u0629 - SaidaPlants\",\"isPartOf\":{\"@id\":\"https:\/\/saida-plants.com\/#website\"},\"datePublished\":\"2021-08-15T16:37:45+00:00\",\"dateModified\":\"2022-09-13T15:56:02+00:00\",\"description\":\"Farine De F\u00e9cule De MA\u00cfS - Nous faisons de notre mieux pour nos clients Obtenez le produit parfait et bio 100% fabriqu\u00e9 \u00e0 partir de la nature.\",\"breadcrumb\":{\"@id\":\"https:\/\/saida-plants.com\/product\/farine-de-fecule-de-mais-300g-%d8%af%d9%82%d9%8a%d9%82-%d9%86%d8%b4%d8%a7-%d8%a7%d9%84%d8%b0%d8%b1%d8%a9\/#breadcrumb\"},\"inLanguage\":\"ar\",\"potentialAction\":[{\"@type\":\"ReadAction\",\"target\":[\"https:\/\/saida-plants.com\/product\/farine-de-fecule-de-mais-300g-%d8%af%d9%82%d9%8a%d9%82-%d9%86%d8%b4%d8%a7-%d8%a7%d9%84%d8%b0%d8%b1%d8%a9\/\"]}]},{\"@type\":\"BreadcrumbList\",\"@id\":\"https:\/\/saida-plants.com\/product\/farine-de-fecule-de-mais-300g-%d8%af%d9%82%d9%8a%d9%82-%d9%86%d8%b4%d8%a7-%d8%a7%d9%84%d8%b0%d8%b1%d8%a9\/#breadcrumb\",\"itemListElement\":[{\"@type\":\"ListItem\",\"position\":1,\"name\":\"Home\",\"item\":\"https:\/\/saida-plants.com\/\"},{\"@type\":\"ListItem\",\"position\":2,\"name\":\"Shop\",\"item\":\"https:\/\/saida-plants.com\/ar\/shop\/\"},{\"@type\":\"ListItem\",\"position\":3,\"name\":\"Farine De F\u00e9cule De MA\u00cfS 300g &#8211; \u062f\u0642\u064a\u0642 \u0646\u0634\u0627 \u0627\u0644\u0630\u0631\u0629\"}]},{\"@type\":\"WebSite\",\"@id\":\"https:\/\/saida-plants.com\/#website\",\"url\":\"https:\/\/saida-plants.com\/\",\"name\":\"SaidaPlants\",\"description\":\"1er Boutique En ligne Produit 100% Bio\",\"publisher\":{\"@id\":\"https:\/\/saida-plants.com\/#organization\"},\"potentialAction\":[{\"@type\":\"SearchAction\",\"target\":{\"@type\":\"EntryPoint\",\"urlTemplate\":\"https:\/\/saida-plants.com\/?s={search_term_string}\"},\"query-input\":\"required name=search_term_string\"}],\"inLanguage\":\"ar\"},{\"@type\":\"Organization\",\"@id\":\"https:\/\/saida-plants.com\/#organization\",\"name\":\"SaidaPlants\",\"url\":\"https:\/\/saida-plants.com\/\",\"logo\":{\"@type\":\"ImageObject\",\"inLanguage\":\"ar\",\"@id\":\"https:\/\/saida-plants.com\/#\/schema\/logo\/image\/\",\"url\":\"https:\/\/saida-plants.com\/wp-content\/uploads\/2021\/08\/WhatsApp-Image-2021-08-11-at-17.44.40.jpeg\",\"contentUrl\":\"https:\/\/saida-plants.com\/wp-content\/uploads\/2021\/08\/WhatsApp-Image-2021-08-11-at-17.44.40.jpeg\",\"width\":1280,\"height\":463,\"caption\":\"SaidaPlants\"},\"image\":{\"@id\":\"https:\/\/saida-plants.com\/#\/schema\/logo\/image\/\"},\"sameAs\":[\"https:\/\/www.instagram.com\/saidaplants\/\",\"https:\/\/www.facebook.com\/SaidaPlants\"]}]}<\/script>\n<!-- \/ Yoast SEO plugin. -->","yoast_head_json":{"title":"Farine De F\u00e9cule De MA\u00cfS 300g - \u062f\u0642\u064a\u0642 \u0646\u0634\u0627 \u0627\u0644\u0630\u0631\u0629 - SaidaPlants","description":"Farine De F\u00e9cule De MA\u00cfS - Nous faisons de notre mieux pour nos clients Obtenez le produit parfait et bio 100% fabriqu\u00e9 \u00e0 partir de la nature.","robots":{"index":"index","follow":"follow","max-snippet":"max-snippet:-1","max-image-preview":"max-image-preview:large","max-video-preview":"max-video-preview:-1"},"canonical":"https:\/\/saida-plants.com\/ar\/product\/farine-de-fecule-de-mais-300g-\u062f\u0642\u064a\u0642-\u0646\u0634\u0627-\u0627\u0644\u0630\u0631\u0629\/","og_locale":"ar_AR","og_type":"article","og_title":"Farine De F\u00e9cule De MA\u00cfS 300g - \u062f\u0642\u064a\u0642 \u0646\u0634\u0627 \u0627\u0644\u0630\u0631\u0629 - SaidaPlants","og_description":"Farine De F\u00e9cule De MA\u00cfS - Nous faisons de notre mieux pour nos clients Obtenez le produit parfait et bio 100% fabriqu\u00e9 \u00e0 partir de la nature.","og_url":"https:\/\/saida-plants.com\/ar\/product\/farine-de-fecule-de-mais-300g-\u062f\u0642\u064a\u0642-\u0646\u0634\u0627-\u0627\u0644\u0630\u0631\u0629\/","og_site_name":"SaidaPlants","article_publisher":"https:\/\/www.facebook.com\/SaidaPlants","article_modified_time":"2022-09-13T15:56:02+00:00","og_image":[{"width":1400,"height":788,"url":"https:\/\/saida-plants.com\/wp-content\/uploads\/2021\/08\/16-1400x788.png","type":"image\/png"}],"twitter_card":"summary_large_image","twitter_misc":{"\u0648\u0642\u062a \u0627\u0644\u0642\u0631\u0627\u0621\u0629 \u0627\u0644\u0645\u064f\u0642\u062f\u0651\u0631":"\u062f\u0642\u064a\u0642\u062a\u0627\u0646"},"schema":{"@context":"https:\/\/schema.org","@graph":[{"@type":"WebPage","@id":"https:\/\/saida-plants.com\/product\/farine-de-fecule-de-mais-300g-%d8%af%d9%82%d9%8a%d9%82-%d9%86%d8%b4%d8%a7-%d8%a7%d9%84%d8%b0%d8%b1%d8%a9\/","url":"https:\/\/saida-plants.com\/product\/farine-de-fecule-de-mais-300g-%d8%af%d9%82%d9%8a%d9%82-%d9%86%d8%b4%d8%a7-%d8%a7%d9%84%d8%b0%d8%b1%d8%a9\/","name":"Farine De F\u00e9cule De MA\u00cfS 300g - \u062f\u0642\u064a\u0642 \u0646\u0634\u0627 \u0627\u0644\u0630\u0631\u0629 - SaidaPlants","isPartOf":{"@id":"https:\/\/saida-plants.com\/#website"},"datePublished":"2021-08-15T16:37:45+00:00","dateModified":"2022-09-13T15:56:02+00:00","description":"Farine De F\u00e9cule De MA\u00cfS - Nous faisons de notre mieux pour nos clients Obtenez le produit parfait et bio 100% fabriqu\u00e9 \u00e0 partir de la nature.","breadcrumb":{"@id":"https:\/\/saida-plants.com\/product\/farine-de-fecule-de-mais-300g-%d8%af%d9%82%d9%8a%d9%82-%d9%86%d8%b4%d8%a7-%d8%a7%d9%84%d8%b0%d8%b1%d8%a9\/#breadcrumb"},"inLanguage":"ar","potentialAction":[{"@type":"ReadAction","target":["https:\/\/saida-plants.com\/product\/farine-de-fecule-de-mais-300g-%d8%af%d9%82%d9%8a%d9%82-%d9%86%d8%b4%d8%a7-%d8%a7%d9%84%d8%b0%d8%b1%d8%a9\/"]}]},{"@type":"BreadcrumbList","@id":"https:\/\/saida-plants.com\/product\/farine-de-fecule-de-mais-300g-%d8%af%d9%82%d9%8a%d9%82-%d9%86%d8%b4%d8%a7-%d8%a7%d9%84%d8%b0%d8%b1%d8%a9\/#breadcrumb","itemListElement":[{"@type":"ListItem","position":1,"name":"Home","item":"https:\/\/saida-plants.com\/"},{"@type":"ListItem","position":2,"name":"Shop","item":"https:\/\/saida-plants.com\/ar\/shop\/"},{"@type":"ListItem","position":3,"name":"Farine De F\u00e9cule De MA\u00cfS 300g &#8211; \u062f\u0642\u064a\u0642 \u0646\u0634\u0627 \u0627\u0644\u0630\u0631\u0629"}]},{"@type":"WebSite","@id":"https:\/\/saida-plants.com\/#website","url":"https:\/\/saida-plants.com\/","name":"SaidaPlants","description":"1er Boutique En ligne Produit 100% Bio","publisher":{"@id":"https:\/\/saida-plants.com\/#organization"},"potentialAction":[{"@type":"SearchAction","target":{"@type":"EntryPoint","urlTemplate":"https:\/\/saida-plants.com\/?s={search_term_string}"},"query-input":"required name=search_term_string"}],"inLanguage":"ar"},{"@type":"Organization","@id":"https:\/\/saida-plants.com\/#organization","name":"SaidaPlants","url":"https:\/\/saida-plants.com\/","logo":{"@type":"ImageObject","inLanguage":"ar","@id":"https:\/\/saida-plants.com\/#\/schema\/logo\/image\/","url":"https:\/\/saida-plants.com\/wp-content\/uploads\/2021\/08\/WhatsApp-Image-2021-08-11-at-17.44.40.jpeg","contentUrl":"https:\/\/saida-plants.com\/wp-content\/uploads\/2021\/08\/WhatsApp-Image-2021-08-11-at-17.44.40.jpeg","width":1280,"height":463,"caption":"SaidaPlants"},"image":{"@id":"https:\/\/saida-plants.com\/#\/schema\/logo\/image\/"},"sameAs":["https:\/\/www.instagram.com\/saidaplants\/","https:\/\/www.facebook.com\/SaidaPlants"]}]}},"_links":{"self":[{"href":"https:\/\/saida-plants.com\/ar\/wp-json\/wp\/v2\/product\/780"}],"collection":[{"href":"https:\/\/saida-plants.com\/ar\/wp-json\/wp\/v2\/product"}],"about":[{"href":"https:\/\/saida-plants.com\/ar\/wp-json\/wp\/v2\/types\/product"}],"replies":[{"embeddable":true,"href":"https:\/\/saida-plants.com\/ar\/wp-json\/wp\/v2\/comments?post=780"}],"wp:featuredmedia":[{"embeddable":true,"href":"https:\/\/saida-plants.com\/ar\/wp-json\/wp\/v2\/media\/781"}],"wp:attachment":[{"href":"https:\/\/saida-plants.com\/ar\/wp-json\/wp\/v2\/media?parent=780"}],"wp:term":[{"taxonomy":"product_cat","embeddable":true,"href":"https:\/\/saida-plants.com\/ar\/wp-json\/wp\/v2\/product_cat?post=780"},{"taxonomy":"product_tag","embeddable":true,"href":"https:\/\/saida-plants.com\/ar\/wp-json\/wp\/v2\/product_tag?post=780"}],"curies":[{"name":"wp","href":"https:\/\/api.w.org\/{rel}","templated":true}]}}