{"id":782,"date":"2021-09-10T15:39:37","date_gmt":"2021-09-10T15:39:37","guid":{"rendered":"https:\/\/saida-plants.com\/?post_type=product&#038;p=782"},"modified":"2025-05-14T09:49:17","modified_gmt":"2025-05-14T09:49:17","slug":"farine-damandes-300g-%d8%af%d9%82%d9%8a%d9%82-%d8%a7%d9%84%d9%84%d9%88%d8%b2","status":"publish","type":"product","link":"https:\/\/saida-plants.com\/ar\/product\/farine-damandes-300g-%d8%af%d9%82%d9%8a%d9%82-%d8%a7%d9%84%d9%84%d9%88%d8%b2\/","title":{"rendered":"Farine d&rsquo;amandes 300g &#8211; \u062f\u0642\u064a\u0642 \u0627\u0644\u0644\u0648\u0632"},"content":{"rendered":"<h1><b>BIENFAITS <\/b><b>FARINE D&rsquo;AMANDES 300g<\/b><\/h1>\n<p>Produit naturel ne comportant aucun conservateur dans sa pr\u00e9paration.<\/p>\n<p>La <a href=\"https:\/\/saida-plants.com\/ar\/product-category\/farine-sans-glutaine\/\">farine<\/a> d&rsquo;amande peut remplacer les farines conventionnelles. Il est plus nutritif, car il contient les m\u00eames nutriments que les amandes enti\u00e8res.<\/p>\n<p>C&rsquo;est une excellente source de vitamine B et de vitamine E, jusqu&rsquo;\u00e0 40% des besoins quotidiens dans un quart de tasse. Il fournit \u00e9galement une bonne source de calcium et de fer. La farine d\u2019amande est souvent appel\u00e9e \u00e0 tort \u00abfarine d\u2019amande\u00bb, bien qu\u2019il s\u2019agisse en fait d\u2019amandes en poudre.<\/p>\n<p>Peut \u00eatre utilis\u00e9e comme un bon substitut \u00e0 la farine pr\u00e9par\u00e9e pour la cuisson et est consid\u00e9r\u00e9e comme une alternative saine pour le c\u0153ur. C&rsquo;est \u00e9galement une alternative appropri\u00e9e aux syst\u00e8mes digestifs sensibles au gluten.<\/p>\n<p>id\u00e9al pour la cuisson <b>du pain, des muffins, des macarons des barres<\/b> d\u2019en-cas et des biscuits en raison de la teneur en prot\u00e9ines et en graisse qu\u2019il contient. Ces contenus permettent d&rsquo;augmenter la sati\u00e9t\u00e9, ce qui minimise les collations et peut aider \u00e0 la planification du contr\u00f4le du poids. Il est \u00e9galement pauvre en glucides, ce qui signifie que c&rsquo;est un substitut beaucoup plus sain au bl\u00e9. Les propri\u00e9t\u00e9s de la farine d\u2019amande souvent dans les produits de boulangerie avec plus de go\u00fbt et d\u2019humidit\u00e9.<\/p>\n<h2><b>Informations de livraison<\/b><\/h2>\n<ul>\n<li>Livraison assur\u00e9e par SaidaPlants, sous 24H \u00e0 Marrakech et sous 1 \u00e0 5 jours pour les autres villes du Maroc.<\/li>\n<li>Exp\u00e9dition pour les commandes \u00e0 l\u2019international sous 1 jour ouvr\u00e9. Les d\u00e9lais de livraison sont variables selon la destination et le mode de livraison choisi.<\/li>\n<\/ul>","protected":false},"excerpt":{"rendered":"<h2 style=\"text-align: center;\"><b>BIENFAITS <\/b><b>FARINE D&rsquo;AMANDES 300g<\/b><\/h2>\n<p style=\"text-align: center;\">Produit naturel ne comportant aucun conservateur dans sa pr\u00e9paration.<\/p>\n<p style=\"text-align: center;\">La farine d&rsquo;amande peut remplacer les farines conventionnelles. Il est plus nutritif, car il contient les m\u00eames nutriments que les amandes enti\u00e8res.<\/p>\n<p style=\"text-align: center;\">C&rsquo;est une excellente source de vitamine B et de vitamine E, jusqu&rsquo;\u00e0 40% des besoins quotidiens dans un quart de tasse. Il fournit \u00e9galement une bonne source de calcium et de fer. La farine d\u2019amande est souvent appel\u00e9e \u00e0 tort \u00abfarine d\u2019amande\u00bb, bien qu\u2019il s\u2019agisse en fait d\u2019amandes en poudre.<\/p>\n<p style=\"text-align: center;\">Peut \u00eatre utilis\u00e9e comme un bon substitut \u00e0 la farine pr\u00e9par\u00e9e pour la cuisson et est consid\u00e9r\u00e9e comme une alternative saine pour le c\u0153ur. C&rsquo;est \u00e9galement une alternative appropri\u00e9e aux syst\u00e8mes digestifs sensibles au gluten.<\/p>","protected":false},"featured_media":924,"comment_status":"open","ping_status":"closed","template":"","meta":[],"product_cat":[68],"product_tag":[],"class_list":["post-782","product","type-product","status-publish","has-post-thumbnail","hentry","product_cat-farine-sans-glutaine"],"yoast_head":"<!-- This site is optimized with the Yoast SEO plugin v19.13 - https:\/\/yoast.com\/wordpress\/plugins\/seo\/ -->\n<title>Farine d&#039;amandes 300g - \u062f\u0642\u064a\u0642 \u0627\u0644\u0644\u0648\u0632 - SaidaPlants<\/title>\n<meta name=\"description\" content=\"Farine d&#039;amandes - Nous faisons de notre mieux pour nos clients Obtenez le produit parfait et bio 100% fabriqu\u00e9 \u00e0 partir de la nature.\" \/>\n<meta name=\"robots\" content=\"index, follow, max-snippet:-1, max-image-preview:large, max-video-preview:-1\" \/>\n<link rel=\"canonical\" href=\"https:\/\/saida-plants.com\/ar\/product\/farine-damandes-300g-\u062f\u0642\u064a\u0642-\u0627\u0644\u0644\u0648\u0632\/\" \/>\n<meta property=\"og:locale\" content=\"ar_AR\" \/>\n<meta property=\"og:type\" content=\"article\" \/>\n<meta property=\"og:title\" content=\"Farine d&#039;amandes 300g - \u062f\u0642\u064a\u0642 \u0627\u0644\u0644\u0648\u0632 - SaidaPlants\" \/>\n<meta property=\"og:description\" content=\"Farine d&#039;amandes - Nous faisons de notre mieux pour nos clients Obtenez le produit parfait et bio 100% fabriqu\u00e9 \u00e0 partir de la nature.\" \/>\n<meta property=\"og:url\" content=\"https:\/\/saida-plants.com\/ar\/product\/farine-damandes-300g-\u062f\u0642\u064a\u0642-\u0627\u0644\u0644\u0648\u0632\/\" \/>\n<meta property=\"og:site_name\" content=\"SaidaPlants\" \/>\n<meta property=\"article:publisher\" content=\"https:\/\/www.facebook.com\/SaidaPlants\" \/>\n<meta property=\"article:modified_time\" content=\"2025-05-14T09:49:17+00:00\" \/>\n<meta property=\"og:image\" content=\"https:\/\/saida-plants.com\/wp-content\/uploads\/2021\/09\/hfdiuu.jpg\" \/>\n\t<meta property=\"og:image:width\" content=\"224\" \/>\n\t<meta property=\"og:image:height\" content=\"224\" \/>\n\t<meta property=\"og:image:type\" content=\"image\/jpeg\" \/>\n<meta name=\"twitter:card\" content=\"summary_large_image\" \/>\n<meta name=\"twitter:label1\" content=\"\u0648\u0642\u062a \u0627\u0644\u0642\u0631\u0627\u0621\u0629 \u0627\u0644\u0645\u064f\u0642\u062f\u0651\u0631\" \/>\n\t<meta name=\"twitter:data1\" content=\"\u062f\u0642\u064a\u0642\u062a\u0627\u0646\" \/>\n<script type=\"application\/ld+json\" class=\"yoast-schema-graph\">{\"@context\":\"https:\/\/schema.org\",\"@graph\":[{\"@type\":\"WebPage\",\"@id\":\"https:\/\/saida-plants.com\/product\/farine-damandes-300g-%d8%af%d9%82%d9%8a%d9%82-%d8%a7%d9%84%d9%84%d9%88%d8%b2\/\",\"url\":\"https:\/\/saida-plants.com\/product\/farine-damandes-300g-%d8%af%d9%82%d9%8a%d9%82-%d8%a7%d9%84%d9%84%d9%88%d8%b2\/\",\"name\":\"Farine d'amandes 300g - \u062f\u0642\u064a\u0642 \u0627\u0644\u0644\u0648\u0632 - SaidaPlants\",\"isPartOf\":{\"@id\":\"https:\/\/saida-plants.com\/#website\"},\"datePublished\":\"2021-09-10T15:39:37+00:00\",\"dateModified\":\"2025-05-14T09:49:17+00:00\",\"description\":\"Farine d'amandes - Nous faisons de notre mieux pour nos clients Obtenez le produit parfait et bio 100% fabriqu\u00e9 \u00e0 partir de la nature.\",\"breadcrumb\":{\"@id\":\"https:\/\/saida-plants.com\/product\/farine-damandes-300g-%d8%af%d9%82%d9%8a%d9%82-%d8%a7%d9%84%d9%84%d9%88%d8%b2\/#breadcrumb\"},\"inLanguage\":\"ar\",\"potentialAction\":[{\"@type\":\"ReadAction\",\"target\":[\"https:\/\/saida-plants.com\/product\/farine-damandes-300g-%d8%af%d9%82%d9%8a%d9%82-%d8%a7%d9%84%d9%84%d9%88%d8%b2\/\"]}]},{\"@type\":\"BreadcrumbList\",\"@id\":\"https:\/\/saida-plants.com\/product\/farine-damandes-300g-%d8%af%d9%82%d9%8a%d9%82-%d8%a7%d9%84%d9%84%d9%88%d8%b2\/#breadcrumb\",\"itemListElement\":[{\"@type\":\"ListItem\",\"position\":1,\"name\":\"Home\",\"item\":\"https:\/\/saida-plants.com\/\"},{\"@type\":\"ListItem\",\"position\":2,\"name\":\"Shop\",\"item\":\"https:\/\/saida-plants.com\/ar\/shop\/\"},{\"@type\":\"ListItem\",\"position\":3,\"name\":\"Farine d&#8217;amandes 300g &#8211; \u062f\u0642\u064a\u0642 \u0627\u0644\u0644\u0648\u0632\"}]},{\"@type\":\"WebSite\",\"@id\":\"https:\/\/saida-plants.com\/#website\",\"url\":\"https:\/\/saida-plants.com\/\",\"name\":\"SaidaPlants\",\"description\":\"1er Boutique En ligne Produit 100% Bio\",\"publisher\":{\"@id\":\"https:\/\/saida-plants.com\/#organization\"},\"potentialAction\":[{\"@type\":\"SearchAction\",\"target\":{\"@type\":\"EntryPoint\",\"urlTemplate\":\"https:\/\/saida-plants.com\/?s={search_term_string}\"},\"query-input\":\"required name=search_term_string\"}],\"inLanguage\":\"ar\"},{\"@type\":\"Organization\",\"@id\":\"https:\/\/saida-plants.com\/#organization\",\"name\":\"SaidaPlants\",\"url\":\"https:\/\/saida-plants.com\/\",\"logo\":{\"@type\":\"ImageObject\",\"inLanguage\":\"ar\",\"@id\":\"https:\/\/saida-plants.com\/#\/schema\/logo\/image\/\",\"url\":\"https:\/\/saida-plants.com\/wp-content\/uploads\/2021\/08\/WhatsApp-Image-2021-08-11-at-17.44.40.jpeg\",\"contentUrl\":\"https:\/\/saida-plants.com\/wp-content\/uploads\/2021\/08\/WhatsApp-Image-2021-08-11-at-17.44.40.jpeg\",\"width\":1280,\"height\":463,\"caption\":\"SaidaPlants\"},\"image\":{\"@id\":\"https:\/\/saida-plants.com\/#\/schema\/logo\/image\/\"},\"sameAs\":[\"https:\/\/www.instagram.com\/saidaplants\/\",\"https:\/\/www.facebook.com\/SaidaPlants\"]}]}<\/script>\n<!-- \/ Yoast SEO plugin. -->","yoast_head_json":{"title":"Farine d'amandes 300g - \u062f\u0642\u064a\u0642 \u0627\u0644\u0644\u0648\u0632 - SaidaPlants","description":"Farine d'amandes - Nous faisons de notre mieux pour nos clients Obtenez le produit parfait et bio 100% fabriqu\u00e9 \u00e0 partir de la nature.","robots":{"index":"index","follow":"follow","max-snippet":"max-snippet:-1","max-image-preview":"max-image-preview:large","max-video-preview":"max-video-preview:-1"},"canonical":"https:\/\/saida-plants.com\/ar\/product\/farine-damandes-300g-\u062f\u0642\u064a\u0642-\u0627\u0644\u0644\u0648\u0632\/","og_locale":"ar_AR","og_type":"article","og_title":"Farine d'amandes 300g - \u062f\u0642\u064a\u0642 \u0627\u0644\u0644\u0648\u0632 - SaidaPlants","og_description":"Farine d'amandes - Nous faisons de notre mieux pour nos clients Obtenez le produit parfait et bio 100% fabriqu\u00e9 \u00e0 partir de la nature.","og_url":"https:\/\/saida-plants.com\/ar\/product\/farine-damandes-300g-\u062f\u0642\u064a\u0642-\u0627\u0644\u0644\u0648\u0632\/","og_site_name":"SaidaPlants","article_publisher":"https:\/\/www.facebook.com\/SaidaPlants","article_modified_time":"2025-05-14T09:49:17+00:00","og_image":[{"width":224,"height":224,"url":"https:\/\/saida-plants.com\/wp-content\/uploads\/2021\/09\/hfdiuu.jpg","type":"image\/jpeg"}],"twitter_card":"summary_large_image","twitter_misc":{"\u0648\u0642\u062a \u0627\u0644\u0642\u0631\u0627\u0621\u0629 \u0627\u0644\u0645\u064f\u0642\u062f\u0651\u0631":"\u062f\u0642\u064a\u0642\u062a\u0627\u0646"},"schema":{"@context":"https:\/\/schema.org","@graph":[{"@type":"WebPage","@id":"https:\/\/saida-plants.com\/product\/farine-damandes-300g-%d8%af%d9%82%d9%8a%d9%82-%d8%a7%d9%84%d9%84%d9%88%d8%b2\/","url":"https:\/\/saida-plants.com\/product\/farine-damandes-300g-%d8%af%d9%82%d9%8a%d9%82-%d8%a7%d9%84%d9%84%d9%88%d8%b2\/","name":"Farine d'amandes 300g - \u062f\u0642\u064a\u0642 \u0627\u0644\u0644\u0648\u0632 - SaidaPlants","isPartOf":{"@id":"https:\/\/saida-plants.com\/#website"},"datePublished":"2021-09-10T15:39:37+00:00","dateModified":"2025-05-14T09:49:17+00:00","description":"Farine d'amandes - Nous faisons de notre mieux pour nos clients Obtenez le produit parfait et bio 100% fabriqu\u00e9 \u00e0 partir de la nature.","breadcrumb":{"@id":"https:\/\/saida-plants.com\/product\/farine-damandes-300g-%d8%af%d9%82%d9%8a%d9%82-%d8%a7%d9%84%d9%84%d9%88%d8%b2\/#breadcrumb"},"inLanguage":"ar","potentialAction":[{"@type":"ReadAction","target":["https:\/\/saida-plants.com\/product\/farine-damandes-300g-%d8%af%d9%82%d9%8a%d9%82-%d8%a7%d9%84%d9%84%d9%88%d8%b2\/"]}]},{"@type":"BreadcrumbList","@id":"https:\/\/saida-plants.com\/product\/farine-damandes-300g-%d8%af%d9%82%d9%8a%d9%82-%d8%a7%d9%84%d9%84%d9%88%d8%b2\/#breadcrumb","itemListElement":[{"@type":"ListItem","position":1,"name":"Home","item":"https:\/\/saida-plants.com\/"},{"@type":"ListItem","position":2,"name":"Shop","item":"https:\/\/saida-plants.com\/ar\/shop\/"},{"@type":"ListItem","position":3,"name":"Farine d&#8217;amandes 300g &#8211; \u062f\u0642\u064a\u0642 \u0627\u0644\u0644\u0648\u0632"}]},{"@type":"WebSite","@id":"https:\/\/saida-plants.com\/#website","url":"https:\/\/saida-plants.com\/","name":"SaidaPlants","description":"1er Boutique En ligne Produit 100% Bio","publisher":{"@id":"https:\/\/saida-plants.com\/#organization"},"potentialAction":[{"@type":"SearchAction","target":{"@type":"EntryPoint","urlTemplate":"https:\/\/saida-plants.com\/?s={search_term_string}"},"query-input":"required name=search_term_string"}],"inLanguage":"ar"},{"@type":"Organization","@id":"https:\/\/saida-plants.com\/#organization","name":"SaidaPlants","url":"https:\/\/saida-plants.com\/","logo":{"@type":"ImageObject","inLanguage":"ar","@id":"https:\/\/saida-plants.com\/#\/schema\/logo\/image\/","url":"https:\/\/saida-plants.com\/wp-content\/uploads\/2021\/08\/WhatsApp-Image-2021-08-11-at-17.44.40.jpeg","contentUrl":"https:\/\/saida-plants.com\/wp-content\/uploads\/2021\/08\/WhatsApp-Image-2021-08-11-at-17.44.40.jpeg","width":1280,"height":463,"caption":"SaidaPlants"},"image":{"@id":"https:\/\/saida-plants.com\/#\/schema\/logo\/image\/"},"sameAs":["https:\/\/www.instagram.com\/saidaplants\/","https:\/\/www.facebook.com\/SaidaPlants"]}]}},"_links":{"self":[{"href":"https:\/\/saida-plants.com\/ar\/wp-json\/wp\/v2\/product\/782"}],"collection":[{"href":"https:\/\/saida-plants.com\/ar\/wp-json\/wp\/v2\/product"}],"about":[{"href":"https:\/\/saida-plants.com\/ar\/wp-json\/wp\/v2\/types\/product"}],"replies":[{"embeddable":true,"href":"https:\/\/saida-plants.com\/ar\/wp-json\/wp\/v2\/comments?post=782"}],"wp:featuredmedia":[{"embeddable":true,"href":"https:\/\/saida-plants.com\/ar\/wp-json\/wp\/v2\/media\/924"}],"wp:attachment":[{"href":"https:\/\/saida-plants.com\/ar\/wp-json\/wp\/v2\/media?parent=782"}],"wp:term":[{"taxonomy":"product_cat","embeddable":true,"href":"https:\/\/saida-plants.com\/ar\/wp-json\/wp\/v2\/product_cat?post=782"},{"taxonomy":"product_tag","embeddable":true,"href":"https:\/\/saida-plants.com\/ar\/wp-json\/wp\/v2\/product_tag?post=782"}],"curies":[{"name":"wp","href":"https:\/\/api.w.org\/{rel}","templated":true}]}}