{"id":783,"date":"2021-09-10T15:41:03","date_gmt":"2021-09-10T15:41:03","guid":{"rendered":"https:\/\/saida-plants.com\/?post_type=product&#038;p=783"},"modified":"2021-09-10T15:41:04","modified_gmt":"2021-09-10T15:41:04","slug":"farine-de-mais-%d8%af%d9%82%d9%8a%d9%82-%d8%a7%d9%84%d8%b0%d8%b1%d8%a9","status":"publish","type":"product","link":"https:\/\/saida-plants.com\/ar\/product\/farine-de-mais-%d8%af%d9%82%d9%8a%d9%82-%d8%a7%d9%84%d8%b0%d8%b1%d8%a9\/","title":{"rendered":"Farine de ma\u00efs &#8211; \u062f\u0642\u064a\u0642 \u0627\u0644\u0630\u0631\u0629"},"content":{"rendered":"<h1><b>BIENFAITS <\/b><b>FARINE DE <a href=\"https:\/\/saida-plants.com\/ar\/product\/farine-de-fecule-de-mais-300g-%d8%af%d9%82%d9%8a%d9%82-%d9%86%d8%b4%d8%a7-%d8%a7%d9%84%d8%b0%d8%b1%d8%a9\/\">MA\u00cfS 1Kg<\/a><\/b><\/h1>\n<ul>\n<li>Produit naturel ne comportant aucun conservateur dans sa pr\u00e9paration<\/li>\n<li>Ce sont les produits respectant les principes Vegan qui se basent principalement sur le refus de l&rsquo;exploitation animale<\/li>\n<\/ul>\n<p>La farine de ma\u00efs fait partie des farines les plus utilis\u00e9es dans la p\u00e2tisserie sans gluten, notamment pour sa saveur neutre est l\u00e9g\u00e8rement sucr\u00e9e, d\u00e9couvrez comment l\u2019utiliser et l\u2019associer au mieux.<\/p>\n<h2><b>Composition:<\/b><\/h2>\n<p>Ma\u00efs Bio<\/p>\n<h3><b>Valeurs nutritionnelles pour 100g:<\/b><\/h3>\n<p>Valeur \u00e9nerg\u00e9tique 1497 kj<\/p>\n<p>Calories 353 kcal<\/p>\n<p>Mati\u00e8res grasses 2 g<\/p>\n<p>dont Acides gras satures\u00a0 0.23 g<\/p>\n<p>Glucides\u00a0 76.13 g<\/p>\n<p>dont Sucres 0.7 g<\/p>\n<p>Prot\u00e9ines 6.2 g<\/p>\n<p>Sel\u00a0 0.04 g<\/p>\n<h3><b>Conseils d\u2019utilisation:<\/b><\/h3>\n<p>A conserver au sec et au frais, \u00e0 l\u2019abri de la lumi\u00e8re.<\/p>\n<p>Temp\u00e9rature de conservation max. 25\u00b0C<\/p>\n<h3><b>Informations de livraison<\/b><\/h3>\n<ul>\n<li>Livraison assur\u00e9e par SaidaPlants, sous 24H \u00e0 Marrakech et sous 1 \u00e0 5 jours pour les autres villes du Maroc.<\/li>\n<li>Exp\u00e9dition pour les commandes \u00e0 l\u2019international sous 1 jour ouvr\u00e9. Les d\u00e9lais de livraison sont variables selon la destination et le mode de livraison choisi.<\/li>\n<\/ul>","protected":false},"excerpt":{"rendered":"<h1 style=\"text-align: center;\"><b>BIENFAITS <\/b><b>FARINE DE MA\u00cfS 1Kg<\/b><\/h1>\n<p style=\"text-align: center;\">Produit naturel ne comportant aucun conservateur dans sa pr\u00e9paration<\/p>\n<p style=\"text-align: center;\">Ce sont les produits respectant les principes Vegan qui se basent principalement sur le refus de l&rsquo;exploitation animale<\/p>\n<p style=\"text-align: center;\">La farine de ma\u00efs fait partie des farines les plus utilis\u00e9es dans la p\u00e2tisserie sans gluten, notamment pour sa saveur neutre est l\u00e9g\u00e8rement sucr\u00e9e, d\u00e9couvrez comment l\u2019utiliser et l\u2019associer au mieux.<\/p>","protected":false},"featured_media":925,"comment_status":"open","ping_status":"closed","template":"","meta":[],"product_cat":[68],"product_tag":[],"class_list":["post-783","product","type-product","status-publish","has-post-thumbnail","hentry","product_cat-farine-sans-glutaine"],"yoast_head":"<!-- This site is optimized with the Yoast SEO plugin v19.13 - https:\/\/yoast.com\/wordpress\/plugins\/seo\/ -->\n<title>Farine de ma\u00efs - \u062f\u0642\u064a\u0642 \u0627\u0644\u0630\u0631\u0629 - SaidaPlants<\/title>\n<meta name=\"description\" content=\"Farine de ma\u00efs - Nous faisons de notre mieux pour nos clients Obtenez le produit parfait et bio 100% fabriqu\u00e9 \u00e0 partir de la nature.\" \/>\n<meta name=\"robots\" content=\"index, follow, max-snippet:-1, max-image-preview:large, max-video-preview:-1\" \/>\n<link rel=\"canonical\" href=\"https:\/\/saida-plants.com\/ar\/product\/farine-de-mais-\u062f\u0642\u064a\u0642-\u0627\u0644\u0630\u0631\u0629\/\" \/>\n<meta property=\"og:locale\" content=\"ar_AR\" \/>\n<meta property=\"og:type\" content=\"article\" \/>\n<meta property=\"og:title\" content=\"Farine de ma\u00efs - \u062f\u0642\u064a\u0642 \u0627\u0644\u0630\u0631\u0629 - SaidaPlants\" \/>\n<meta property=\"og:description\" content=\"Farine de ma\u00efs - Nous faisons de notre mieux pour nos clients Obtenez le produit parfait et bio 100% fabriqu\u00e9 \u00e0 partir de la nature.\" \/>\n<meta property=\"og:url\" content=\"https:\/\/saida-plants.com\/ar\/product\/farine-de-mais-\u062f\u0642\u064a\u0642-\u0627\u0644\u0630\u0631\u0629\/\" \/>\n<meta property=\"og:site_name\" content=\"SaidaPlants\" \/>\n<meta property=\"article:publisher\" content=\"https:\/\/www.facebook.com\/SaidaPlants\" \/>\n<meta property=\"article:modified_time\" content=\"2021-09-10T15:41:04+00:00\" \/>\n<meta property=\"og:image\" content=\"https:\/\/saida-plants.com\/wp-content\/uploads\/2021\/09\/jhgfvg.png\" \/>\n\t<meta property=\"og:image:width\" content=\"598\" \/>\n\t<meta property=\"og:image:height\" content=\"500\" \/>\n\t<meta property=\"og:image:type\" content=\"image\/png\" \/>\n<meta name=\"twitter:card\" content=\"summary_large_image\" \/>\n<meta name=\"twitter:label1\" content=\"\u0648\u0642\u062a \u0627\u0644\u0642\u0631\u0627\u0621\u0629 \u0627\u0644\u0645\u064f\u0642\u062f\u0651\u0631\" \/>\n\t<meta name=\"twitter:data1\" content=\"\u062f\u0642\u064a\u0642\u0629 \u0648\u0627\u062d\u062f\u0629\" \/>\n<script type=\"application\/ld+json\" class=\"yoast-schema-graph\">{\"@context\":\"https:\/\/schema.org\",\"@graph\":[{\"@type\":\"WebPage\",\"@id\":\"https:\/\/saida-plants.com\/product\/farine-de-mais-%d8%af%d9%82%d9%8a%d9%82-%d8%a7%d9%84%d8%b0%d8%b1%d8%a9\/\",\"url\":\"https:\/\/saida-plants.com\/product\/farine-de-mais-%d8%af%d9%82%d9%8a%d9%82-%d8%a7%d9%84%d8%b0%d8%b1%d8%a9\/\",\"name\":\"Farine de ma\u00efs - \u062f\u0642\u064a\u0642 \u0627\u0644\u0630\u0631\u0629 - SaidaPlants\",\"isPartOf\":{\"@id\":\"https:\/\/saida-plants.com\/#website\"},\"datePublished\":\"2021-09-10T15:41:03+00:00\",\"dateModified\":\"2021-09-10T15:41:04+00:00\",\"description\":\"Farine de ma\u00efs - Nous faisons de notre mieux pour nos clients Obtenez le produit parfait et bio 100% fabriqu\u00e9 \u00e0 partir de la nature.\",\"breadcrumb\":{\"@id\":\"https:\/\/saida-plants.com\/product\/farine-de-mais-%d8%af%d9%82%d9%8a%d9%82-%d8%a7%d9%84%d8%b0%d8%b1%d8%a9\/#breadcrumb\"},\"inLanguage\":\"ar\",\"potentialAction\":[{\"@type\":\"ReadAction\",\"target\":[\"https:\/\/saida-plants.com\/product\/farine-de-mais-%d8%af%d9%82%d9%8a%d9%82-%d8%a7%d9%84%d8%b0%d8%b1%d8%a9\/\"]}]},{\"@type\":\"BreadcrumbList\",\"@id\":\"https:\/\/saida-plants.com\/product\/farine-de-mais-%d8%af%d9%82%d9%8a%d9%82-%d8%a7%d9%84%d8%b0%d8%b1%d8%a9\/#breadcrumb\",\"itemListElement\":[{\"@type\":\"ListItem\",\"position\":1,\"name\":\"Home\",\"item\":\"https:\/\/saida-plants.com\/\"},{\"@type\":\"ListItem\",\"position\":2,\"name\":\"Shop\",\"item\":\"https:\/\/saida-plants.com\/ar\/shop\/\"},{\"@type\":\"ListItem\",\"position\":3,\"name\":\"Farine de ma\u00efs &#8211; \u062f\u0642\u064a\u0642 \u0627\u0644\u0630\u0631\u0629\"}]},{\"@type\":\"WebSite\",\"@id\":\"https:\/\/saida-plants.com\/#website\",\"url\":\"https:\/\/saida-plants.com\/\",\"name\":\"SaidaPlants\",\"description\":\"1er Boutique En ligne Produit 100% Bio\",\"publisher\":{\"@id\":\"https:\/\/saida-plants.com\/#organization\"},\"potentialAction\":[{\"@type\":\"SearchAction\",\"target\":{\"@type\":\"EntryPoint\",\"urlTemplate\":\"https:\/\/saida-plants.com\/?s={search_term_string}\"},\"query-input\":\"required name=search_term_string\"}],\"inLanguage\":\"ar\"},{\"@type\":\"Organization\",\"@id\":\"https:\/\/saida-plants.com\/#organization\",\"name\":\"SaidaPlants\",\"url\":\"https:\/\/saida-plants.com\/\",\"logo\":{\"@type\":\"ImageObject\",\"inLanguage\":\"ar\",\"@id\":\"https:\/\/saida-plants.com\/#\/schema\/logo\/image\/\",\"url\":\"https:\/\/saida-plants.com\/wp-content\/uploads\/2021\/08\/WhatsApp-Image-2021-08-11-at-17.44.40.jpeg\",\"contentUrl\":\"https:\/\/saida-plants.com\/wp-content\/uploads\/2021\/08\/WhatsApp-Image-2021-08-11-at-17.44.40.jpeg\",\"width\":1280,\"height\":463,\"caption\":\"SaidaPlants\"},\"image\":{\"@id\":\"https:\/\/saida-plants.com\/#\/schema\/logo\/image\/\"},\"sameAs\":[\"https:\/\/www.instagram.com\/saidaplants\/\",\"https:\/\/www.facebook.com\/SaidaPlants\"]}]}<\/script>\n<!-- \/ Yoast SEO plugin. -->","yoast_head_json":{"title":"Farine de ma\u00efs - \u062f\u0642\u064a\u0642 \u0627\u0644\u0630\u0631\u0629 - SaidaPlants","description":"Farine de ma\u00efs - Nous faisons de notre mieux pour nos clients Obtenez le produit parfait et bio 100% fabriqu\u00e9 \u00e0 partir de la nature.","robots":{"index":"index","follow":"follow","max-snippet":"max-snippet:-1","max-image-preview":"max-image-preview:large","max-video-preview":"max-video-preview:-1"},"canonical":"https:\/\/saida-plants.com\/ar\/product\/farine-de-mais-\u062f\u0642\u064a\u0642-\u0627\u0644\u0630\u0631\u0629\/","og_locale":"ar_AR","og_type":"article","og_title":"Farine de ma\u00efs - \u062f\u0642\u064a\u0642 \u0627\u0644\u0630\u0631\u0629 - SaidaPlants","og_description":"Farine de ma\u00efs - Nous faisons de notre mieux pour nos clients Obtenez le produit parfait et bio 100% fabriqu\u00e9 \u00e0 partir de la nature.","og_url":"https:\/\/saida-plants.com\/ar\/product\/farine-de-mais-\u062f\u0642\u064a\u0642-\u0627\u0644\u0630\u0631\u0629\/","og_site_name":"SaidaPlants","article_publisher":"https:\/\/www.facebook.com\/SaidaPlants","article_modified_time":"2021-09-10T15:41:04+00:00","og_image":[{"width":598,"height":500,"url":"https:\/\/saida-plants.com\/wp-content\/uploads\/2021\/09\/jhgfvg.png","type":"image\/png"}],"twitter_card":"summary_large_image","twitter_misc":{"\u0648\u0642\u062a \u0627\u0644\u0642\u0631\u0627\u0621\u0629 \u0627\u0644\u0645\u064f\u0642\u062f\u0651\u0631":"\u062f\u0642\u064a\u0642\u0629 \u0648\u0627\u062d\u062f\u0629"},"schema":{"@context":"https:\/\/schema.org","@graph":[{"@type":"WebPage","@id":"https:\/\/saida-plants.com\/product\/farine-de-mais-%d8%af%d9%82%d9%8a%d9%82-%d8%a7%d9%84%d8%b0%d8%b1%d8%a9\/","url":"https:\/\/saida-plants.com\/product\/farine-de-mais-%d8%af%d9%82%d9%8a%d9%82-%d8%a7%d9%84%d8%b0%d8%b1%d8%a9\/","name":"Farine de ma\u00efs - \u062f\u0642\u064a\u0642 \u0627\u0644\u0630\u0631\u0629 - SaidaPlants","isPartOf":{"@id":"https:\/\/saida-plants.com\/#website"},"datePublished":"2021-09-10T15:41:03+00:00","dateModified":"2021-09-10T15:41:04+00:00","description":"Farine de ma\u00efs - Nous faisons de notre mieux pour nos clients Obtenez le produit parfait et bio 100% fabriqu\u00e9 \u00e0 partir de la nature.","breadcrumb":{"@id":"https:\/\/saida-plants.com\/product\/farine-de-mais-%d8%af%d9%82%d9%8a%d9%82-%d8%a7%d9%84%d8%b0%d8%b1%d8%a9\/#breadcrumb"},"inLanguage":"ar","potentialAction":[{"@type":"ReadAction","target":["https:\/\/saida-plants.com\/product\/farine-de-mais-%d8%af%d9%82%d9%8a%d9%82-%d8%a7%d9%84%d8%b0%d8%b1%d8%a9\/"]}]},{"@type":"BreadcrumbList","@id":"https:\/\/saida-plants.com\/product\/farine-de-mais-%d8%af%d9%82%d9%8a%d9%82-%d8%a7%d9%84%d8%b0%d8%b1%d8%a9\/#breadcrumb","itemListElement":[{"@type":"ListItem","position":1,"name":"Home","item":"https:\/\/saida-plants.com\/"},{"@type":"ListItem","position":2,"name":"Shop","item":"https:\/\/saida-plants.com\/ar\/shop\/"},{"@type":"ListItem","position":3,"name":"Farine de ma\u00efs &#8211; \u062f\u0642\u064a\u0642 \u0627\u0644\u0630\u0631\u0629"}]},{"@type":"WebSite","@id":"https:\/\/saida-plants.com\/#website","url":"https:\/\/saida-plants.com\/","name":"SaidaPlants","description":"1er Boutique En ligne Produit 100% Bio","publisher":{"@id":"https:\/\/saida-plants.com\/#organization"},"potentialAction":[{"@type":"SearchAction","target":{"@type":"EntryPoint","urlTemplate":"https:\/\/saida-plants.com\/?s={search_term_string}"},"query-input":"required name=search_term_string"}],"inLanguage":"ar"},{"@type":"Organization","@id":"https:\/\/saida-plants.com\/#organization","name":"SaidaPlants","url":"https:\/\/saida-plants.com\/","logo":{"@type":"ImageObject","inLanguage":"ar","@id":"https:\/\/saida-plants.com\/#\/schema\/logo\/image\/","url":"https:\/\/saida-plants.com\/wp-content\/uploads\/2021\/08\/WhatsApp-Image-2021-08-11-at-17.44.40.jpeg","contentUrl":"https:\/\/saida-plants.com\/wp-content\/uploads\/2021\/08\/WhatsApp-Image-2021-08-11-at-17.44.40.jpeg","width":1280,"height":463,"caption":"SaidaPlants"},"image":{"@id":"https:\/\/saida-plants.com\/#\/schema\/logo\/image\/"},"sameAs":["https:\/\/www.instagram.com\/saidaplants\/","https:\/\/www.facebook.com\/SaidaPlants"]}]}},"_links":{"self":[{"href":"https:\/\/saida-plants.com\/ar\/wp-json\/wp\/v2\/product\/783"}],"collection":[{"href":"https:\/\/saida-plants.com\/ar\/wp-json\/wp\/v2\/product"}],"about":[{"href":"https:\/\/saida-plants.com\/ar\/wp-json\/wp\/v2\/types\/product"}],"replies":[{"embeddable":true,"href":"https:\/\/saida-plants.com\/ar\/wp-json\/wp\/v2\/comments?post=783"}],"wp:featuredmedia":[{"embeddable":true,"href":"https:\/\/saida-plants.com\/ar\/wp-json\/wp\/v2\/media\/925"}],"wp:attachment":[{"href":"https:\/\/saida-plants.com\/ar\/wp-json\/wp\/v2\/media?parent=783"}],"wp:term":[{"taxonomy":"product_cat","embeddable":true,"href":"https:\/\/saida-plants.com\/ar\/wp-json\/wp\/v2\/product_cat?post=783"},{"taxonomy":"product_tag","embeddable":true,"href":"https:\/\/saida-plants.com\/ar\/wp-json\/wp\/v2\/product_tag?post=783"}],"curies":[{"name":"wp","href":"https:\/\/api.w.org\/{rel}","templated":true}]}}