{"id":792,"date":"2021-09-08T16:11:05","date_gmt":"2021-09-08T16:11:05","guid":{"rendered":"https:\/\/saida-plants.com\/?post_type=product&#038;p=792"},"modified":"2021-09-08T16:11:05","modified_gmt":"2021-09-08T16:11:05","slug":"gingembre-frais-100g-%d8%b3%d9%83%d9%86%d8%ac%d8%a8%d9%8a%d8%b1-%d8%b7%d8%a7%d8%b2%d8%ac","status":"publish","type":"product","link":"https:\/\/saida-plants.com\/ar\/product\/gingembre-frais-100g-%d8%b3%d9%83%d9%86%d8%ac%d8%a8%d9%8a%d8%b1-%d8%b7%d8%a7%d8%b2%d8%ac\/","title":{"rendered":"Gingembre frais 100g &#8211; (\u0633\u0643\u0646\u062c\u0628\u064a\u0631 \u0637\u0627\u0632\u062c)"},"content":{"rendered":"<h1><b>BIENFAITS <\/b><b>GINGEMBRE <a href=\"https:\/\/saida-plants.com\/ar\/product\/lentilles-rouges-corail-1kg-%d8%b9%d8%af%d8%b3-%d8%a8%d8%b1%d8%aa%d9%82%d8%a7%d9%84%d9%8a\/\">FRAIS 100g<\/a><\/b><\/h1>\n<ul>\n<li>Produit naturel ne comportant aucun conservateur dans sa pr\u00e9paration<\/li>\n<li>Ce sont les produits respectant les principes Vegan qui se basent principalement sur le refus de l&rsquo;exploitation animale<\/li>\n<\/ul>\n<p>Le gingembre Frais est un rhizome appartenant \u00e0 la m\u00eame famille que le curcuma. D\u2019ailleurs, tout comme ce dernier, il est aujourd\u2019hui consid\u00e9r\u00e9 comme un v\u00e9ritable \u00ab super aliment \u00bb en Europe. Pour cause, il b\u00e9n\u00e9ficie d\u2019une teneur exceptionnelle en nutriments et antioxydants. C\u00f4t\u00e9 cuisine, il apporte la petite touche d\u2019originalit\u00e9 qui change tout.<\/p>\n<h2><b>Caract\u00e9ristiques du gingembre<\/b><\/h2>\n<p>Fort pouvoir antioxydant ;<\/p>\n<p>Vertus anti-inflammatoires ;<\/p>\n<p>Soulage les troubles digestifs ;<\/p>\n<p>Favorise la sant\u00e9 cardiovasculaire ;<\/p>\n<p>Tr\u00e8s peu calorique.<\/p>\n<h3><b>Valeurs nutritionnelles et caloriques du gingembre<\/b><\/h3>\n<p>Le gingembre moulu est une excellente source de mangan\u00e8se pour la femme et une bonne source pour l\u2019homme, leurs besoins en ce min\u00e9ral \u00e9tant diff\u00e9rent. Le mangan\u00e8se agit comme cofacteur de plusieurs enzymes qui facilitent une douzaine de diff\u00e9rents processus m\u00e9taboliques. Il participe \u00e9galement \u00e0 la pr\u00e9vention des dommages caus\u00e9s par les radicaux libres.<\/p>\n<h3><b>Informations de livraison<\/b><\/h3>\n<ul>\n<li>Livraison assur\u00e9e par SaidaPlants, sous 24H \u00e0 Marrakech et sous 1 \u00e0 5 jours pour les autres villes du Maroc.<\/li>\n<li>Exp\u00e9dition pour les commandes \u00e0 l\u2019international sous 1 jour ouvr\u00e9. Les d\u00e9lais de livraison sont variables selon la destination et le mode de livraison choisi.<\/li>\n<\/ul>","protected":false},"excerpt":{"rendered":"<h1 style=\"text-align: center;\"><b>BIENFAITS <\/b><b>GINGEMBRE <a href=\"https:\/\/saida-plants.com\/ar\/product\/lentilles-rouges-corail-1kg-%d8%b9%d8%af%d8%b3-%d8%a8%d8%b1%d8%aa%d9%82%d8%a7%d9%84%d9%8a\/\">FRAIS 100g<\/a><\/b><\/h1>\n<p style=\"text-align: center;\">Produit naturel ne comportant aucun conservateur dans sa pr\u00e9paration<\/p>\n<p style=\"text-align: center;\">Ce sont les produits respectant les principes Vegan qui se basent principalement sur le refus de l&rsquo;exploitation animale<\/p>\n<p style=\"text-align: center;\">Le gingembre Frais est un rhizome appartenant \u00e0 la m\u00eame famille que le curcuma. D\u2019ailleurs, tout comme ce dernier, il est aujourd\u2019hui consid\u00e9r\u00e9 comme un v\u00e9ritable \u00ab super aliment \u00bb en Europe. Pour cause, il b\u00e9n\u00e9ficie d\u2019une teneur exceptionnelle en nutriments et antioxydants. C\u00f4t\u00e9 cuisine, il apporte la petite touche d\u2019originalit\u00e9 qui change tout.<\/p>\n<h2 style=\"text-align: center;\"><b>Caract\u00e9ristiques du gingembre<\/b><\/h2>\n<p style=\"text-align: center;\">Fort pouvoir antioxydant ;<\/p>\n<p style=\"text-align: center;\">Vertus anti-inflammatoires ;<\/p>\n<p style=\"text-align: center;\">Soulage les troubles digestifs ;<\/p>\n<p style=\"text-align: center;\">Favorise la sant\u00e9 cardiovasculaire ;<\/p>\n<p style=\"text-align: center;\">Tr\u00e8s peu calorique.<\/p>","protected":false},"featured_media":793,"comment_status":"open","ping_status":"closed","template":"","meta":[],"product_cat":[71],"product_tag":[],"class_list":["post-792","product","type-product","status-publish","has-post-thumbnail","hentry","product_cat-epices-et-herbes"],"yoast_head":"<!-- This site is optimized with the Yoast SEO plugin v19.13 - https:\/\/yoast.com\/wordpress\/plugins\/seo\/ -->\n<title>Gingembre frais 100g - (\u0633\u0643\u0646\u062c\u0628\u064a\u0631 \u0637\u0627\u0632\u062c) - SaidaPlants<\/title>\n<meta name=\"description\" content=\"Gingembre frais - Nous faisons de notre mieux pour nos clients Obtenez le produit parfait et bio 100% fabriqu\u00e9 \u00e0 partir de la nature.\" \/>\n<meta name=\"robots\" content=\"index, follow, max-snippet:-1, max-image-preview:large, max-video-preview:-1\" \/>\n<link rel=\"canonical\" href=\"https:\/\/saida-plants.com\/ar\/product\/gingembre-frais-100g-\u0633\u0643\u0646\u062c\u0628\u064a\u0631-\u0637\u0627\u0632\u062c\/\" \/>\n<meta property=\"og:locale\" content=\"ar_AR\" \/>\n<meta property=\"og:type\" content=\"article\" \/>\n<meta property=\"og:title\" content=\"Gingembre frais 100g - (\u0633\u0643\u0646\u062c\u0628\u064a\u0631 \u0637\u0627\u0632\u062c) - SaidaPlants\" \/>\n<meta property=\"og:description\" content=\"Gingembre frais - Nous faisons de notre mieux pour nos clients Obtenez le produit parfait et bio 100% fabriqu\u00e9 \u00e0 partir de la nature.\" \/>\n<meta property=\"og:url\" content=\"https:\/\/saida-plants.com\/ar\/product\/gingembre-frais-100g-\u0633\u0643\u0646\u062c\u0628\u064a\u0631-\u0637\u0627\u0632\u062c\/\" \/>\n<meta property=\"og:site_name\" content=\"SaidaPlants\" \/>\n<meta property=\"article:publisher\" content=\"https:\/\/www.facebook.com\/SaidaPlants\" \/>\n<meta property=\"og:image\" content=\"https:\/\/saida-plants.com\/wp-content\/uploads\/2021\/08\/0007-1200x800.png\" \/>\n\t<meta property=\"og:image:width\" content=\"1200\" \/>\n\t<meta property=\"og:image:height\" content=\"800\" \/>\n\t<meta property=\"og:image:type\" content=\"image\/png\" \/>\n<meta name=\"twitter:card\" content=\"summary_large_image\" \/>\n<meta name=\"twitter:label1\" content=\"\u0648\u0642\u062a \u0627\u0644\u0642\u0631\u0627\u0621\u0629 \u0627\u0644\u0645\u064f\u0642\u062f\u0651\u0631\" \/>\n\t<meta name=\"twitter:data1\" content=\"\u062f\u0642\u064a\u0642\u0629 \u0648\u0627\u062d\u062f\u0629\" \/>\n<script type=\"application\/ld+json\" class=\"yoast-schema-graph\">{\"@context\":\"https:\/\/schema.org\",\"@graph\":[{\"@type\":\"WebPage\",\"@id\":\"https:\/\/saida-plants.com\/product\/gingembre-frais-100g-%d8%b3%d9%83%d9%86%d8%ac%d8%a8%d9%8a%d8%b1-%d8%b7%d8%a7%d8%b2%d8%ac\/\",\"url\":\"https:\/\/saida-plants.com\/product\/gingembre-frais-100g-%d8%b3%d9%83%d9%86%d8%ac%d8%a8%d9%8a%d8%b1-%d8%b7%d8%a7%d8%b2%d8%ac\/\",\"name\":\"Gingembre frais 100g - (\u0633\u0643\u0646\u062c\u0628\u064a\u0631 \u0637\u0627\u0632\u062c) - SaidaPlants\",\"isPartOf\":{\"@id\":\"https:\/\/saida-plants.com\/#website\"},\"datePublished\":\"2021-09-08T16:11:05+00:00\",\"dateModified\":\"2021-09-08T16:11:05+00:00\",\"description\":\"Gingembre frais - Nous faisons de notre mieux pour nos clients Obtenez le produit parfait et bio 100% fabriqu\u00e9 \u00e0 partir de la nature.\",\"breadcrumb\":{\"@id\":\"https:\/\/saida-plants.com\/product\/gingembre-frais-100g-%d8%b3%d9%83%d9%86%d8%ac%d8%a8%d9%8a%d8%b1-%d8%b7%d8%a7%d8%b2%d8%ac\/#breadcrumb\"},\"inLanguage\":\"ar\",\"potentialAction\":[{\"@type\":\"ReadAction\",\"target\":[\"https:\/\/saida-plants.com\/product\/gingembre-frais-100g-%d8%b3%d9%83%d9%86%d8%ac%d8%a8%d9%8a%d8%b1-%d8%b7%d8%a7%d8%b2%d8%ac\/\"]}]},{\"@type\":\"BreadcrumbList\",\"@id\":\"https:\/\/saida-plants.com\/product\/gingembre-frais-100g-%d8%b3%d9%83%d9%86%d8%ac%d8%a8%d9%8a%d8%b1-%d8%b7%d8%a7%d8%b2%d8%ac\/#breadcrumb\",\"itemListElement\":[{\"@type\":\"ListItem\",\"position\":1,\"name\":\"Home\",\"item\":\"https:\/\/saida-plants.com\/\"},{\"@type\":\"ListItem\",\"position\":2,\"name\":\"Shop\",\"item\":\"https:\/\/saida-plants.com\/ar\/shop\/\"},{\"@type\":\"ListItem\",\"position\":3,\"name\":\"Gingembre frais 100g &#8211; (\u0633\u0643\u0646\u062c\u0628\u064a\u0631 \u0637\u0627\u0632\u062c)\"}]},{\"@type\":\"WebSite\",\"@id\":\"https:\/\/saida-plants.com\/#website\",\"url\":\"https:\/\/saida-plants.com\/\",\"name\":\"SaidaPlants\",\"description\":\"1er Boutique En ligne Produit 100% Bio\",\"publisher\":{\"@id\":\"https:\/\/saida-plants.com\/#organization\"},\"potentialAction\":[{\"@type\":\"SearchAction\",\"target\":{\"@type\":\"EntryPoint\",\"urlTemplate\":\"https:\/\/saida-plants.com\/?s={search_term_string}\"},\"query-input\":\"required name=search_term_string\"}],\"inLanguage\":\"ar\"},{\"@type\":\"Organization\",\"@id\":\"https:\/\/saida-plants.com\/#organization\",\"name\":\"SaidaPlants\",\"url\":\"https:\/\/saida-plants.com\/\",\"logo\":{\"@type\":\"ImageObject\",\"inLanguage\":\"ar\",\"@id\":\"https:\/\/saida-plants.com\/#\/schema\/logo\/image\/\",\"url\":\"https:\/\/saida-plants.com\/wp-content\/uploads\/2021\/08\/WhatsApp-Image-2021-08-11-at-17.44.40.jpeg\",\"contentUrl\":\"https:\/\/saida-plants.com\/wp-content\/uploads\/2021\/08\/WhatsApp-Image-2021-08-11-at-17.44.40.jpeg\",\"width\":1280,\"height\":463,\"caption\":\"SaidaPlants\"},\"image\":{\"@id\":\"https:\/\/saida-plants.com\/#\/schema\/logo\/image\/\"},\"sameAs\":[\"https:\/\/www.instagram.com\/saidaplants\/\",\"https:\/\/www.facebook.com\/SaidaPlants\"]}]}<\/script>\n<!-- \/ Yoast SEO plugin. -->","yoast_head_json":{"title":"Gingembre frais 100g - (\u0633\u0643\u0646\u062c\u0628\u064a\u0631 \u0637\u0627\u0632\u062c) - SaidaPlants","description":"Gingembre frais - Nous faisons de notre mieux pour nos clients Obtenez le produit parfait et bio 100% fabriqu\u00e9 \u00e0 partir de la nature.","robots":{"index":"index","follow":"follow","max-snippet":"max-snippet:-1","max-image-preview":"max-image-preview:large","max-video-preview":"max-video-preview:-1"},"canonical":"https:\/\/saida-plants.com\/ar\/product\/gingembre-frais-100g-\u0633\u0643\u0646\u062c\u0628\u064a\u0631-\u0637\u0627\u0632\u062c\/","og_locale":"ar_AR","og_type":"article","og_title":"Gingembre frais 100g - (\u0633\u0643\u0646\u062c\u0628\u064a\u0631 \u0637\u0627\u0632\u062c) - SaidaPlants","og_description":"Gingembre frais - Nous faisons de notre mieux pour nos clients Obtenez le produit parfait et bio 100% fabriqu\u00e9 \u00e0 partir de la nature.","og_url":"https:\/\/saida-plants.com\/ar\/product\/gingembre-frais-100g-\u0633\u0643\u0646\u062c\u0628\u064a\u0631-\u0637\u0627\u0632\u062c\/","og_site_name":"SaidaPlants","article_publisher":"https:\/\/www.facebook.com\/SaidaPlants","og_image":[{"width":1200,"height":800,"url":"https:\/\/saida-plants.com\/wp-content\/uploads\/2021\/08\/0007-1200x800.png","type":"image\/png"}],"twitter_card":"summary_large_image","twitter_misc":{"\u0648\u0642\u062a \u0627\u0644\u0642\u0631\u0627\u0621\u0629 \u0627\u0644\u0645\u064f\u0642\u062f\u0651\u0631":"\u062f\u0642\u064a\u0642\u0629 \u0648\u0627\u062d\u062f\u0629"},"schema":{"@context":"https:\/\/schema.org","@graph":[{"@type":"WebPage","@id":"https:\/\/saida-plants.com\/product\/gingembre-frais-100g-%d8%b3%d9%83%d9%86%d8%ac%d8%a8%d9%8a%d8%b1-%d8%b7%d8%a7%d8%b2%d8%ac\/","url":"https:\/\/saida-plants.com\/product\/gingembre-frais-100g-%d8%b3%d9%83%d9%86%d8%ac%d8%a8%d9%8a%d8%b1-%d8%b7%d8%a7%d8%b2%d8%ac\/","name":"Gingembre frais 100g - (\u0633\u0643\u0646\u062c\u0628\u064a\u0631 \u0637\u0627\u0632\u062c) - SaidaPlants","isPartOf":{"@id":"https:\/\/saida-plants.com\/#website"},"datePublished":"2021-09-08T16:11:05+00:00","dateModified":"2021-09-08T16:11:05+00:00","description":"Gingembre frais - Nous faisons de notre mieux pour nos clients Obtenez le produit parfait et bio 100% fabriqu\u00e9 \u00e0 partir de la nature.","breadcrumb":{"@id":"https:\/\/saida-plants.com\/product\/gingembre-frais-100g-%d8%b3%d9%83%d9%86%d8%ac%d8%a8%d9%8a%d8%b1-%d8%b7%d8%a7%d8%b2%d8%ac\/#breadcrumb"},"inLanguage":"ar","potentialAction":[{"@type":"ReadAction","target":["https:\/\/saida-plants.com\/product\/gingembre-frais-100g-%d8%b3%d9%83%d9%86%d8%ac%d8%a8%d9%8a%d8%b1-%d8%b7%d8%a7%d8%b2%d8%ac\/"]}]},{"@type":"BreadcrumbList","@id":"https:\/\/saida-plants.com\/product\/gingembre-frais-100g-%d8%b3%d9%83%d9%86%d8%ac%d8%a8%d9%8a%d8%b1-%d8%b7%d8%a7%d8%b2%d8%ac\/#breadcrumb","itemListElement":[{"@type":"ListItem","position":1,"name":"Home","item":"https:\/\/saida-plants.com\/"},{"@type":"ListItem","position":2,"name":"Shop","item":"https:\/\/saida-plants.com\/ar\/shop\/"},{"@type":"ListItem","position":3,"name":"Gingembre frais 100g &#8211; (\u0633\u0643\u0646\u062c\u0628\u064a\u0631 \u0637\u0627\u0632\u062c)"}]},{"@type":"WebSite","@id":"https:\/\/saida-plants.com\/#website","url":"https:\/\/saida-plants.com\/","name":"SaidaPlants","description":"1er Boutique En ligne Produit 100% Bio","publisher":{"@id":"https:\/\/saida-plants.com\/#organization"},"potentialAction":[{"@type":"SearchAction","target":{"@type":"EntryPoint","urlTemplate":"https:\/\/saida-plants.com\/?s={search_term_string}"},"query-input":"required name=search_term_string"}],"inLanguage":"ar"},{"@type":"Organization","@id":"https:\/\/saida-plants.com\/#organization","name":"SaidaPlants","url":"https:\/\/saida-plants.com\/","logo":{"@type":"ImageObject","inLanguage":"ar","@id":"https:\/\/saida-plants.com\/#\/schema\/logo\/image\/","url":"https:\/\/saida-plants.com\/wp-content\/uploads\/2021\/08\/WhatsApp-Image-2021-08-11-at-17.44.40.jpeg","contentUrl":"https:\/\/saida-plants.com\/wp-content\/uploads\/2021\/08\/WhatsApp-Image-2021-08-11-at-17.44.40.jpeg","width":1280,"height":463,"caption":"SaidaPlants"},"image":{"@id":"https:\/\/saida-plants.com\/#\/schema\/logo\/image\/"},"sameAs":["https:\/\/www.instagram.com\/saidaplants\/","https:\/\/www.facebook.com\/SaidaPlants"]}]}},"_links":{"self":[{"href":"https:\/\/saida-plants.com\/ar\/wp-json\/wp\/v2\/product\/792"}],"collection":[{"href":"https:\/\/saida-plants.com\/ar\/wp-json\/wp\/v2\/product"}],"about":[{"href":"https:\/\/saida-plants.com\/ar\/wp-json\/wp\/v2\/types\/product"}],"replies":[{"embeddable":true,"href":"https:\/\/saida-plants.com\/ar\/wp-json\/wp\/v2\/comments?post=792"}],"wp:featuredmedia":[{"embeddable":true,"href":"https:\/\/saida-plants.com\/ar\/wp-json\/wp\/v2\/media\/793"}],"wp:attachment":[{"href":"https:\/\/saida-plants.com\/ar\/wp-json\/wp\/v2\/media?parent=792"}],"wp:term":[{"taxonomy":"product_cat","embeddable":true,"href":"https:\/\/saida-plants.com\/ar\/wp-json\/wp\/v2\/product_cat?post=792"},{"taxonomy":"product_tag","embeddable":true,"href":"https:\/\/saida-plants.com\/ar\/wp-json\/wp\/v2\/product_tag?post=792"}],"curies":[{"name":"wp","href":"https:\/\/api.w.org\/{rel}","templated":true}]}}