{"id":794,"date":"2021-09-08T16:11:32","date_gmt":"2021-09-08T16:11:32","guid":{"rendered":"https:\/\/saida-plants.com\/?post_type=product&#038;p=794"},"modified":"2021-09-08T16:11:32","modified_gmt":"2021-09-08T16:11:32","slug":"les-feuilles-de-laurier-100g-%d9%88%d8%b1%d9%82%d8%a9-%d8%b3%d9%8a%d8%af%d9%86%d8%a7-%d9%85%d9%88%d8%b3%d9%89","status":"publish","type":"product","link":"https:\/\/saida-plants.com\/ar\/product\/les-feuilles-de-laurier-100g-%d9%88%d8%b1%d9%82%d8%a9-%d8%b3%d9%8a%d8%af%d9%86%d8%a7-%d9%85%d9%88%d8%b3%d9%89\/","title":{"rendered":"Les feuilles de laurier 100g &#8211; (\u0648\u0631\u0642\u0629 \u0633\u064a\u062f\u0646\u0627 \u0645\u0648\u0633\u0649)"},"content":{"rendered":"<h1><b>BIENFAITS <\/b><b>LES FEUILLES DE LAURIER 100g<\/b><\/h1>\n<ul>\n<li>Produit naturel ne comportant aucun conservateur dans sa pr\u00e9paration<\/li>\n<li>Ce sont les produits respectant les principes Vegan qui se basent principalement sur le refus de l&rsquo;exploitation animale<\/li>\n<\/ul>\n<p>Le <b>laurier<\/b> est connu pour ses vertus aromatiques en cuisine, toutefois, cet arbuste dispose \u00e9galement de nombreux <b>bienfaits sur la sant\u00e9<\/b>&#8230;<\/p>\n<p>Le laurier est un arbuste \u00e0 feuilles coriaces et persistantes originaire du bassin m\u00e9diterran\u00e9en. Il se plante au printemps et notamment en avril ou mai !<\/p>\n<p>En plus d&rsquo;apporter de l&rsquo;ar\u00f4me aux plats que nous cuisinons, le laurier est tr\u00e8s b\u00e9n\u00e9fique pour la sant\u00e9. En <b>infusion<\/b>, laisser mac\u00e9rer environ 15 g de feuilles de laurier dans 1 l d&rsquo;eau.<\/p>\n<p>Les <b>bienfaits du laurier<\/b> sur la sant\u00e9 sont nombreux et concernent surtout les troubles digestifs.<\/p>\n<h2><strong>Voici les nombreuses vertus du <a href=\"https:\/\/saida-plants.com\/ar\/product-category\/epices-et-herbes\/\">laurier<\/a> sur la sant\u00e9 :<\/strong><\/h2>\n<ul>\n<li>stimulent l&rsquo;app\u00e9tit<\/li>\n<li>facilitent la digestion en luttant contre les ballonnements et les flatulences<\/li>\n<li>luttent contre les infections urinaires<\/li>\n<li>sont efficaces contre les maux de dents (en gargarisme)<\/li>\n<li>purifient pour les cheveux (en eau de rin\u00e7age)<\/li>\n<li>Les feuilles de laurier sont efficaces contre les \u00e9tats grippaux (sinusites, toux&#8230;)<\/li>\n<li>en huile de massage, le laurier est b\u00e9n\u00e9fique pour les articulations en cas de dorsalgie, rhumatisme, n\u00e9vralgie, arthrite&#8230;<\/li>\n<\/ul>\n<h3><strong>Comment pr\u00e9parer le laurier ?<\/strong><\/h3>\n<ul>\n<li>En huile de massage gr\u00e2ce aux drupes (baies)<\/li>\n<li>En d\u00e9coction pour une utilisation en gargarisme ou sur des compresses<\/li>\n<li>En infusion avec les feuilles de laurier s\u00e9ch\u00e9es (3 \u00e0 4 feuilles par tasse), les laissez infuser pendant 10 minutes. Vous pouvez en boire entre les repas pour les \u00e9tats grippaux et apr\u00e8s les repas pour les vertus digestives.<\/li>\n<\/ul>\n<h3><b>Informations de livraison<\/b><\/h3>\n<ul>\n<li>Livraison assur\u00e9e par SaidaPlants, sous 24H \u00e0 Marrakech et sous 1 \u00e0 5 jours pour les autres villes du Maroc.<\/li>\n<li>Exp\u00e9dition pour les commandes \u00e0 l\u2019international sous 1 jour ouvr\u00e9. Les d\u00e9lais de livraison sont variables selon la destination et le mode de livraison choisi.<\/li>\n<\/ul>","protected":false},"excerpt":{"rendered":"<h1 style=\"text-align: center;\"><b>BIENFAITS <\/b><b>LES FEUILLES DE LAURIER 100g<\/b><\/h1>\n<p style=\"text-align: center;\">Produit naturel ne comportant aucun conservateur dans sa pr\u00e9paration<\/p>\n<p style=\"text-align: center;\">Ce sont les produits respectant les principes Vegan qui se basent principalement sur le refus de l&rsquo;exploitation animale<\/p>\n<p style=\"text-align: center;\">Le <b>laurier<\/b> est connu pour ses vertus aromatiques en cuisine, toutefois, cet arbuste dispose \u00e9galement de nombreux <b>bienfaits sur la sant\u00e9<\/b>&#8230;<\/p>\n<p style=\"text-align: center;\">Le laurier est un arbuste \u00e0 feuilles coriaces et persistantes originaire du bassin m\u00e9diterran\u00e9en. Il se plante au printemps et notamment en avril ou mai !<\/p>\n<p style=\"text-align: center;\">En plus d&rsquo;apporter de l&rsquo;ar\u00f4me aux plats que nous cuisinons, le laurier est tr\u00e8s b\u00e9n\u00e9fique pour la sant\u00e9. En <b>infusion<\/b>, laisser mac\u00e9rer environ 15 g de feuilles de laurier dans 1 l d&rsquo;eau.<\/p>\n<p style=\"text-align: center;\">Les <b>bienfaits du laurier<\/b> sur la sant\u00e9 sont nombreux et concernent surtout les troubles digestifs.<\/p>\n<h2 style=\"text-align: center;\"><\/h2>","protected":false},"featured_media":795,"comment_status":"open","ping_status":"closed","template":"","meta":[],"product_cat":[71],"product_tag":[],"class_list":["post-794","product","type-product","status-publish","has-post-thumbnail","hentry","product_cat-epices-et-herbes"],"yoast_head":"<!-- This site is optimized with the Yoast SEO plugin v19.13 - https:\/\/yoast.com\/wordpress\/plugins\/seo\/ -->\n<title>Les feuilles de laurier 100g - (\u0648\u0631\u0642\u0629 \u0633\u064a\u062f\u0646\u0627 \u0645\u0648\u0633\u0649) - SaidaPlants<\/title>\n<meta name=\"description\" content=\"Les feuilles de laurier - Nous faisons de notre mieux pour nos clients Obtenez le produit parfait et bio 100% fabriqu\u00e9 \u00e0 partir de la nature.\" \/>\n<meta name=\"robots\" content=\"index, follow, max-snippet:-1, max-image-preview:large, max-video-preview:-1\" \/>\n<link rel=\"canonical\" href=\"https:\/\/saida-plants.com\/ar\/product\/les-feuilles-de-laurier-100g-\u0648\u0631\u0642\u0629-\u0633\u064a\u062f\u0646\u0627-\u0645\u0648\u0633\u0649\/\" \/>\n<meta property=\"og:locale\" content=\"ar_AR\" \/>\n<meta property=\"og:type\" content=\"article\" \/>\n<meta property=\"og:title\" content=\"Les feuilles de laurier 100g - (\u0648\u0631\u0642\u0629 \u0633\u064a\u062f\u0646\u0627 \u0645\u0648\u0633\u0649) - SaidaPlants\" \/>\n<meta property=\"og:description\" content=\"Les feuilles de laurier - Nous faisons de notre mieux pour nos clients Obtenez le produit parfait et bio 100% fabriqu\u00e9 \u00e0 partir de la nature.\" \/>\n<meta property=\"og:url\" content=\"https:\/\/saida-plants.com\/ar\/product\/les-feuilles-de-laurier-100g-\u0648\u0631\u0642\u0629-\u0633\u064a\u062f\u0646\u0627-\u0645\u0648\u0633\u0649\/\" \/>\n<meta property=\"og:site_name\" content=\"SaidaPlants\" \/>\n<meta property=\"article:publisher\" content=\"https:\/\/www.facebook.com\/SaidaPlants\" \/>\n<meta property=\"og:image\" content=\"https:\/\/saida-plants.com\/wp-content\/uploads\/2021\/08\/008-1200x800.png\" \/>\n\t<meta property=\"og:image:width\" content=\"1200\" \/>\n\t<meta property=\"og:image:height\" content=\"800\" \/>\n\t<meta property=\"og:image:type\" content=\"image\/png\" \/>\n<meta name=\"twitter:card\" content=\"summary_large_image\" \/>\n<meta name=\"twitter:label1\" content=\"\u0648\u0642\u062a \u0627\u0644\u0642\u0631\u0627\u0621\u0629 \u0627\u0644\u0645\u064f\u0642\u062f\u0651\u0631\" \/>\n\t<meta name=\"twitter:data1\" content=\"\u062f\u0642\u064a\u0642\u062a\u0627\u0646\" \/>\n<script type=\"application\/ld+json\" class=\"yoast-schema-graph\">{\"@context\":\"https:\/\/schema.org\",\"@graph\":[{\"@type\":\"WebPage\",\"@id\":\"https:\/\/saida-plants.com\/product\/les-feuilles-de-laurier-100g-%d9%88%d8%b1%d9%82%d8%a9-%d8%b3%d9%8a%d8%af%d9%86%d8%a7-%d9%85%d9%88%d8%b3%d9%89\/\",\"url\":\"https:\/\/saida-plants.com\/product\/les-feuilles-de-laurier-100g-%d9%88%d8%b1%d9%82%d8%a9-%d8%b3%d9%8a%d8%af%d9%86%d8%a7-%d9%85%d9%88%d8%b3%d9%89\/\",\"name\":\"Les feuilles de laurier 100g - (\u0648\u0631\u0642\u0629 \u0633\u064a\u062f\u0646\u0627 \u0645\u0648\u0633\u0649) - SaidaPlants\",\"isPartOf\":{\"@id\":\"https:\/\/saida-plants.com\/#website\"},\"datePublished\":\"2021-09-08T16:11:32+00:00\",\"dateModified\":\"2021-09-08T16:11:32+00:00\",\"description\":\"Les feuilles de laurier - Nous faisons de notre mieux pour nos clients Obtenez le produit parfait et bio 100% fabriqu\u00e9 \u00e0 partir de la nature.\",\"breadcrumb\":{\"@id\":\"https:\/\/saida-plants.com\/product\/les-feuilles-de-laurier-100g-%d9%88%d8%b1%d9%82%d8%a9-%d8%b3%d9%8a%d8%af%d9%86%d8%a7-%d9%85%d9%88%d8%b3%d9%89\/#breadcrumb\"},\"inLanguage\":\"ar\",\"potentialAction\":[{\"@type\":\"ReadAction\",\"target\":[\"https:\/\/saida-plants.com\/product\/les-feuilles-de-laurier-100g-%d9%88%d8%b1%d9%82%d8%a9-%d8%b3%d9%8a%d8%af%d9%86%d8%a7-%d9%85%d9%88%d8%b3%d9%89\/\"]}]},{\"@type\":\"BreadcrumbList\",\"@id\":\"https:\/\/saida-plants.com\/product\/les-feuilles-de-laurier-100g-%d9%88%d8%b1%d9%82%d8%a9-%d8%b3%d9%8a%d8%af%d9%86%d8%a7-%d9%85%d9%88%d8%b3%d9%89\/#breadcrumb\",\"itemListElement\":[{\"@type\":\"ListItem\",\"position\":1,\"name\":\"Home\",\"item\":\"https:\/\/saida-plants.com\/\"},{\"@type\":\"ListItem\",\"position\":2,\"name\":\"Shop\",\"item\":\"https:\/\/saida-plants.com\/ar\/shop\/\"},{\"@type\":\"ListItem\",\"position\":3,\"name\":\"Les feuilles de laurier 100g &#8211; (\u0648\u0631\u0642\u0629 \u0633\u064a\u062f\u0646\u0627 \u0645\u0648\u0633\u0649)\"}]},{\"@type\":\"WebSite\",\"@id\":\"https:\/\/saida-plants.com\/#website\",\"url\":\"https:\/\/saida-plants.com\/\",\"name\":\"SaidaPlants\",\"description\":\"1er Boutique En ligne Produit 100% Bio\",\"publisher\":{\"@id\":\"https:\/\/saida-plants.com\/#organization\"},\"potentialAction\":[{\"@type\":\"SearchAction\",\"target\":{\"@type\":\"EntryPoint\",\"urlTemplate\":\"https:\/\/saida-plants.com\/?s={search_term_string}\"},\"query-input\":\"required name=search_term_string\"}],\"inLanguage\":\"ar\"},{\"@type\":\"Organization\",\"@id\":\"https:\/\/saida-plants.com\/#organization\",\"name\":\"SaidaPlants\",\"url\":\"https:\/\/saida-plants.com\/\",\"logo\":{\"@type\":\"ImageObject\",\"inLanguage\":\"ar\",\"@id\":\"https:\/\/saida-plants.com\/#\/schema\/logo\/image\/\",\"url\":\"https:\/\/saida-plants.com\/wp-content\/uploads\/2021\/08\/WhatsApp-Image-2021-08-11-at-17.44.40.jpeg\",\"contentUrl\":\"https:\/\/saida-plants.com\/wp-content\/uploads\/2021\/08\/WhatsApp-Image-2021-08-11-at-17.44.40.jpeg\",\"width\":1280,\"height\":463,\"caption\":\"SaidaPlants\"},\"image\":{\"@id\":\"https:\/\/saida-plants.com\/#\/schema\/logo\/image\/\"},\"sameAs\":[\"https:\/\/www.instagram.com\/saidaplants\/\",\"https:\/\/www.facebook.com\/SaidaPlants\"]}]}<\/script>\n<!-- \/ Yoast SEO plugin. -->","yoast_head_json":{"title":"Les feuilles de laurier 100g - (\u0648\u0631\u0642\u0629 \u0633\u064a\u062f\u0646\u0627 \u0645\u0648\u0633\u0649) - SaidaPlants","description":"Les feuilles de laurier - Nous faisons de notre mieux pour nos clients Obtenez le produit parfait et bio 100% fabriqu\u00e9 \u00e0 partir de la nature.","robots":{"index":"index","follow":"follow","max-snippet":"max-snippet:-1","max-image-preview":"max-image-preview:large","max-video-preview":"max-video-preview:-1"},"canonical":"https:\/\/saida-plants.com\/ar\/product\/les-feuilles-de-laurier-100g-\u0648\u0631\u0642\u0629-\u0633\u064a\u062f\u0646\u0627-\u0645\u0648\u0633\u0649\/","og_locale":"ar_AR","og_type":"article","og_title":"Les feuilles de laurier 100g - (\u0648\u0631\u0642\u0629 \u0633\u064a\u062f\u0646\u0627 \u0645\u0648\u0633\u0649) - SaidaPlants","og_description":"Les feuilles de laurier - Nous faisons de notre mieux pour nos clients Obtenez le produit parfait et bio 100% fabriqu\u00e9 \u00e0 partir de la nature.","og_url":"https:\/\/saida-plants.com\/ar\/product\/les-feuilles-de-laurier-100g-\u0648\u0631\u0642\u0629-\u0633\u064a\u062f\u0646\u0627-\u0645\u0648\u0633\u0649\/","og_site_name":"SaidaPlants","article_publisher":"https:\/\/www.facebook.com\/SaidaPlants","og_image":[{"width":1200,"height":800,"url":"https:\/\/saida-plants.com\/wp-content\/uploads\/2021\/08\/008-1200x800.png","type":"image\/png"}],"twitter_card":"summary_large_image","twitter_misc":{"\u0648\u0642\u062a \u0627\u0644\u0642\u0631\u0627\u0621\u0629 \u0627\u0644\u0645\u064f\u0642\u062f\u0651\u0631":"\u062f\u0642\u064a\u0642\u062a\u0627\u0646"},"schema":{"@context":"https:\/\/schema.org","@graph":[{"@type":"WebPage","@id":"https:\/\/saida-plants.com\/product\/les-feuilles-de-laurier-100g-%d9%88%d8%b1%d9%82%d8%a9-%d8%b3%d9%8a%d8%af%d9%86%d8%a7-%d9%85%d9%88%d8%b3%d9%89\/","url":"https:\/\/saida-plants.com\/product\/les-feuilles-de-laurier-100g-%d9%88%d8%b1%d9%82%d8%a9-%d8%b3%d9%8a%d8%af%d9%86%d8%a7-%d9%85%d9%88%d8%b3%d9%89\/","name":"Les feuilles de laurier 100g - (\u0648\u0631\u0642\u0629 \u0633\u064a\u062f\u0646\u0627 \u0645\u0648\u0633\u0649) - SaidaPlants","isPartOf":{"@id":"https:\/\/saida-plants.com\/#website"},"datePublished":"2021-09-08T16:11:32+00:00","dateModified":"2021-09-08T16:11:32+00:00","description":"Les feuilles de laurier - Nous faisons de notre mieux pour nos clients Obtenez le produit parfait et bio 100% fabriqu\u00e9 \u00e0 partir de la nature.","breadcrumb":{"@id":"https:\/\/saida-plants.com\/product\/les-feuilles-de-laurier-100g-%d9%88%d8%b1%d9%82%d8%a9-%d8%b3%d9%8a%d8%af%d9%86%d8%a7-%d9%85%d9%88%d8%b3%d9%89\/#breadcrumb"},"inLanguage":"ar","potentialAction":[{"@type":"ReadAction","target":["https:\/\/saida-plants.com\/product\/les-feuilles-de-laurier-100g-%d9%88%d8%b1%d9%82%d8%a9-%d8%b3%d9%8a%d8%af%d9%86%d8%a7-%d9%85%d9%88%d8%b3%d9%89\/"]}]},{"@type":"BreadcrumbList","@id":"https:\/\/saida-plants.com\/product\/les-feuilles-de-laurier-100g-%d9%88%d8%b1%d9%82%d8%a9-%d8%b3%d9%8a%d8%af%d9%86%d8%a7-%d9%85%d9%88%d8%b3%d9%89\/#breadcrumb","itemListElement":[{"@type":"ListItem","position":1,"name":"Home","item":"https:\/\/saida-plants.com\/"},{"@type":"ListItem","position":2,"name":"Shop","item":"https:\/\/saida-plants.com\/ar\/shop\/"},{"@type":"ListItem","position":3,"name":"Les feuilles de laurier 100g &#8211; (\u0648\u0631\u0642\u0629 \u0633\u064a\u062f\u0646\u0627 \u0645\u0648\u0633\u0649)"}]},{"@type":"WebSite","@id":"https:\/\/saida-plants.com\/#website","url":"https:\/\/saida-plants.com\/","name":"SaidaPlants","description":"1er Boutique En ligne Produit 100% Bio","publisher":{"@id":"https:\/\/saida-plants.com\/#organization"},"potentialAction":[{"@type":"SearchAction","target":{"@type":"EntryPoint","urlTemplate":"https:\/\/saida-plants.com\/?s={search_term_string}"},"query-input":"required name=search_term_string"}],"inLanguage":"ar"},{"@type":"Organization","@id":"https:\/\/saida-plants.com\/#organization","name":"SaidaPlants","url":"https:\/\/saida-plants.com\/","logo":{"@type":"ImageObject","inLanguage":"ar","@id":"https:\/\/saida-plants.com\/#\/schema\/logo\/image\/","url":"https:\/\/saida-plants.com\/wp-content\/uploads\/2021\/08\/WhatsApp-Image-2021-08-11-at-17.44.40.jpeg","contentUrl":"https:\/\/saida-plants.com\/wp-content\/uploads\/2021\/08\/WhatsApp-Image-2021-08-11-at-17.44.40.jpeg","width":1280,"height":463,"caption":"SaidaPlants"},"image":{"@id":"https:\/\/saida-plants.com\/#\/schema\/logo\/image\/"},"sameAs":["https:\/\/www.instagram.com\/saidaplants\/","https:\/\/www.facebook.com\/SaidaPlants"]}]}},"_links":{"self":[{"href":"https:\/\/saida-plants.com\/ar\/wp-json\/wp\/v2\/product\/794"}],"collection":[{"href":"https:\/\/saida-plants.com\/ar\/wp-json\/wp\/v2\/product"}],"about":[{"href":"https:\/\/saida-plants.com\/ar\/wp-json\/wp\/v2\/types\/product"}],"replies":[{"embeddable":true,"href":"https:\/\/saida-plants.com\/ar\/wp-json\/wp\/v2\/comments?post=794"}],"wp:featuredmedia":[{"embeddable":true,"href":"https:\/\/saida-plants.com\/ar\/wp-json\/wp\/v2\/media\/795"}],"wp:attachment":[{"href":"https:\/\/saida-plants.com\/ar\/wp-json\/wp\/v2\/media?parent=794"}],"wp:term":[{"taxonomy":"product_cat","embeddable":true,"href":"https:\/\/saida-plants.com\/ar\/wp-json\/wp\/v2\/product_cat?post=794"},{"taxonomy":"product_tag","embeddable":true,"href":"https:\/\/saida-plants.com\/ar\/wp-json\/wp\/v2\/product_tag?post=794"}],"curies":[{"name":"wp","href":"https:\/\/api.w.org\/{rel}","templated":true}]}}