{"id":796,"date":"2021-09-08T16:11:57","date_gmt":"2021-09-08T16:11:57","guid":{"rendered":"https:\/\/saida-plants.com\/?post_type=product&#038;p=796"},"modified":"2022-09-12T21:52:43","modified_gmt":"2022-09-12T21:52:43","slug":"poivron-rouge-100g-%d8%aa%d8%ad%d9%85%d9%8a%d8%b1%d8%a9","status":"publish","type":"product","link":"https:\/\/saida-plants.com\/ar\/product\/poivron-rouge-100g-%d8%aa%d8%ad%d9%85%d9%8a%d8%b1%d8%a9\/","title":{"rendered":"Poivron Rouge 100g &#8211; (\u062a\u062d\u0645\u064a\u0631\u0629)"},"content":{"rendered":"<h1><b>BIENFAITS <\/b><b>POIVRON ROUGE 100g<\/b><\/h1>\n<ul>\n<li>Produit naturel ne comportant aucun conservateur dans sa pr\u00e9paration<\/li>\n<li>Ce sont les produits respectant les principes Vegan qui se basent principalement sur le refus de l&rsquo;exploitation animale<\/li>\n<\/ul>\n<p>Le poivron rouge est le symbole de l&rsquo;\u00e9t\u00e9 que l&rsquo;on retrouve aussi bien dans les salades que dans les ratatouilles. Il est peu calorique, riche en vitamines et se cuisine facilement. Ce l\u00e9gume-fruit est originaire du Mexique et aurait \u00e9t\u00e9 ramen\u00e9 en Europe par Christophe Colomb.<\/p>\n<h2><b>Caract\u00e9ristiques du poivron<\/b><\/h2>\n<ul>\n<li>Riche en antioxydants ;<\/li>\n<li>Riche en vitamine C ;<\/li>\n<li>Riche en fibres ;<\/li>\n<li>Stimule le transit intestinal ;<\/li>\n<li>Il limite les risques de certains cancers.<\/li>\n<\/ul>\n<h3><b>Valeurs nutritionnelles et caloriques du poivron<\/b><\/h3>\n<p>Pour 100 g de poivron vert cuit :<\/p>\n<table cellspacing=\"0\" cellpadding=\"0\">\n<tbody>\n<tr>\n<td valign=\"top\"><b>Nutriments<\/b><\/td>\n<td valign=\"top\"><b>Teneur moyenne<\/b><\/td>\n<\/tr>\n<tr>\n<td valign=\"top\">Energie<\/td>\n<td valign=\"top\">29 kcal<\/td>\n<\/tr>\n<tr>\n<td valign=\"top\">Eau<\/td>\n<td valign=\"top\">91,9 g<\/td>\n<\/tr>\n<tr>\n<td valign=\"top\">Prot\u00e9ines, N x facteur de Jones<\/td>\n<td valign=\"top\">0,92 g<\/td>\n<\/tr>\n<tr>\n<td valign=\"top\">Glucides<\/td>\n<td valign=\"top\">2,36 g<\/td>\n<\/tr>\n<tr>\n<td valign=\"top\">Lipides<\/td>\n<td valign=\"top\">0,2 g<\/td>\n<\/tr>\n<tr>\n<td valign=\"top\">Fibres alimentaires<\/td>\n<td valign=\"top\">1,2<\/td>\n<\/tr>\n<tr>\n<td valign=\"top\">Calcium<\/td>\n<td valign=\"top\">9 mg<\/td>\n<\/tr>\n<tr>\n<td valign=\"top\">Cuivre<\/td>\n<td valign=\"top\">0,065 mg<\/td>\n<\/tr>\n<tr>\n<td valign=\"top\">Fer<\/td>\n<td valign=\"top\">0,46 mg<\/td>\n<\/tr>\n<tr>\n<td valign=\"top\">Iode<\/td>\n<td valign=\"top\">1 \u00b5g<\/td>\n<\/tr>\n<tr>\n<td valign=\"top\">Magn\u00e9sium<\/td>\n<td valign=\"top\">10 mg<\/td>\n<\/tr>\n<tr>\n<td valign=\"top\">Mangan\u00e8se<\/td>\n<td valign=\"top\">0,12 mg<\/td>\n<\/tr>\n<tr>\n<td valign=\"top\">Phosphore<\/td>\n<td valign=\"top\">18 mg<\/td>\n<\/tr>\n<tr>\n<td valign=\"top\">Potassium<\/td>\n<td valign=\"top\">166 mg<\/td>\n<\/tr>\n<tr>\n<td valign=\"top\">S\u00e9l\u00e9nium<\/td>\n<td valign=\"top\">traces<\/td>\n<\/tr>\n<tr>\n<td valign=\"top\">Sodium<\/td>\n<td valign=\"top\">2 mg<\/td>\n<\/tr>\n<tr>\n<td valign=\"top\">Zinc<\/td>\n<td valign=\"top\">0,12 mg<\/td>\n<\/tr>\n<tr>\n<td valign=\"top\">Beta-Carot\u00e8ne<\/td>\n<td valign=\"top\">264 \u00b5g<\/td>\n<\/tr>\n<tr>\n<td valign=\"top\">Vitamine E<\/td>\n<td valign=\"top\">0,5 mg<\/td>\n<\/tr>\n<tr>\n<td valign=\"top\">Vitamine K1<\/td>\n<td valign=\"top\">9,8 \u00b5g<\/td>\n<\/tr>\n<tr>\n<td valign=\"top\">Vitamine C<\/td>\n<td valign=\"top\">74,4 mg<\/td>\n<\/tr>\n<tr>\n<td valign=\"top\">Vitamine B1 ou Thiamine<\/td>\n<td valign=\"top\">0,059 mg<\/td>\n<\/tr>\n<tr>\n<td valign=\"top\">Vitamine B2 ou Riboflavine<\/td>\n<td valign=\"top\">0,03 mg<\/td>\n<\/tr>\n<tr>\n<td valign=\"top\">Vitamine B3 ou PP ou Niacine<\/td>\n<td valign=\"top\">0,48 mg<\/td>\n<\/tr>\n<tr>\n<td valign=\"top\">Vitamine B5 ou Acide pantoth\u00e9nique<\/td>\n<td valign=\"top\">0,079 mg<\/td>\n<\/tr>\n<tr>\n<td valign=\"top\">Vitamine B6<\/td>\n<td valign=\"top\">0,23 mg<\/td>\n<\/tr>\n<tr>\n<td valign=\"top\">Vitamine B9 ou Folates totaux<\/td>\n<td valign=\"top\">16 \u00b5g<\/td>\n<\/tr>\n<\/tbody>\n<\/table>\n<p>Le poivron ne se fait pas remarquer par sa valeur calorique. En effet, elle est d\u00e9risoire (29 Cal\/100 g). C\u2019est un aliment tr\u00e8s riche en eau et en vitamine C.<\/p>\n<h3><b>Informations de livraison<\/b><\/h3>\n<ul>\n<li>Livraison assur\u00e9e par <a href=\"https:\/\/saida-plants.com\/ar\/shop\/\">SaidaPlants<\/a>, sous 24H \u00e0 Marrakech et sous 1 \u00e0 5 jours pour les autres villes du Maroc.<\/li>\n<li>Exp\u00e9dition pour les commandes \u00e0 l\u2019international sous 1 jour ouvr\u00e9. Les d\u00e9lais de livraison sont variables selon la destination et le mode de livraison choisi.<\/li>\n<\/ul>","protected":false},"excerpt":{"rendered":"<h1 style=\"text-align: center;\"><b>BIENFAITS <\/b><b>POIVRON ROUGE 100g<\/b><\/h1>\n<p style=\"text-align: center;\">Produit naturel ne comportant aucun conservateur dans sa pr\u00e9paration<\/p>\n<p style=\"text-align: center;\">Ce sont les produits respectant les principes Vegan qui se basent principalement sur le refus de l&rsquo;exploitation animale<\/p>\n<p style=\"text-align: center;\">Le poivron est le symbole de l&rsquo;\u00e9t\u00e9 que l&rsquo;on retrouve aussi bien dans les salades que dans les ratatouilles. Il est peu calorique, riche en vitamines et se cuisine facilement. Ce l\u00e9gume-fruit est originaire du Mexique et aurait \u00e9t\u00e9 ramen\u00e9 en Europe par Christophe Colomb.<\/p>\n<h2 style=\"text-align: center;\"><b>Caract\u00e9ristiques du poivron<\/b><\/h2>\n<p style=\"text-align: center;\">Riche en antioxydants ;<\/p>\n<p style=\"text-align: center;\">Riche en vitamine C ;<\/p>\n<p style=\"text-align: center;\">Riche en fibres ;<\/p>\n<p style=\"text-align: center;\">Stimule le transit intestinal ;<\/p>\n<p style=\"text-align: center;\">Il limite les risques de certains cancers.<\/p>","protected":false},"featured_media":797,"comment_status":"open","ping_status":"closed","template":"","meta":[],"product_cat":[71],"product_tag":[],"class_list":["post-796","product","type-product","status-publish","has-post-thumbnail","hentry","product_cat-epices-et-herbes"],"yoast_head":"<!-- This site is optimized with the Yoast SEO plugin v19.13 - https:\/\/yoast.com\/wordpress\/plugins\/seo\/ -->\n<title>Poivron Rouge 100g - (\u062a\u062d\u0645\u064a\u0631\u0629) - SaidaPlants<\/title>\n<meta name=\"description\" content=\"Poivron Rouge - Nous faisons de notre mieux pour nos clients Obtenez le produit parfait et bio 100% fabriqu\u00e9 \u00e0 partir de la nature.\" \/>\n<meta name=\"robots\" content=\"index, follow, max-snippet:-1, max-image-preview:large, max-video-preview:-1\" \/>\n<link rel=\"canonical\" href=\"https:\/\/saida-plants.com\/ar\/product\/poivron-rouge-100g-\u062a\u062d\u0645\u064a\u0631\u0629\/\" \/>\n<meta property=\"og:locale\" content=\"ar_AR\" \/>\n<meta property=\"og:type\" content=\"article\" \/>\n<meta property=\"og:title\" content=\"Poivron Rouge 100g - (\u062a\u062d\u0645\u064a\u0631\u0629) - SaidaPlants\" \/>\n<meta property=\"og:description\" content=\"Poivron Rouge - Nous faisons de notre mieux pour nos clients Obtenez le produit parfait et bio 100% fabriqu\u00e9 \u00e0 partir de la nature.\" \/>\n<meta property=\"og:url\" content=\"https:\/\/saida-plants.com\/ar\/product\/poivron-rouge-100g-\u062a\u062d\u0645\u064a\u0631\u0629\/\" \/>\n<meta property=\"og:site_name\" content=\"SaidaPlants\" \/>\n<meta property=\"article:publisher\" content=\"https:\/\/www.facebook.com\/SaidaPlants\" \/>\n<meta property=\"article:modified_time\" content=\"2022-09-12T21:52:43+00:00\" \/>\n<meta property=\"og:image\" content=\"https:\/\/saida-plants.com\/wp-content\/uploads\/2021\/08\/00021-1200x800.png\" \/>\n\t<meta property=\"og:image:width\" content=\"1200\" \/>\n\t<meta property=\"og:image:height\" content=\"800\" \/>\n\t<meta property=\"og:image:type\" content=\"image\/png\" \/>\n<meta name=\"twitter:card\" content=\"summary_large_image\" \/>\n<meta name=\"twitter:label1\" content=\"\u0648\u0642\u062a \u0627\u0644\u0642\u0631\u0627\u0621\u0629 \u0627\u0644\u0645\u064f\u0642\u062f\u0651\u0631\" \/>\n\t<meta name=\"twitter:data1\" content=\"\u062f\u0642\u064a\u0642\u062a\u0627\u0646\" \/>\n<script type=\"application\/ld+json\" class=\"yoast-schema-graph\">{\"@context\":\"https:\/\/schema.org\",\"@graph\":[{\"@type\":\"WebPage\",\"@id\":\"https:\/\/saida-plants.com\/product\/poivron-rouge-100g-%d8%aa%d8%ad%d9%85%d9%8a%d8%b1%d8%a9\/\",\"url\":\"https:\/\/saida-plants.com\/product\/poivron-rouge-100g-%d8%aa%d8%ad%d9%85%d9%8a%d8%b1%d8%a9\/\",\"name\":\"Poivron Rouge 100g - (\u062a\u062d\u0645\u064a\u0631\u0629) - SaidaPlants\",\"isPartOf\":{\"@id\":\"https:\/\/saida-plants.com\/#website\"},\"datePublished\":\"2021-09-08T16:11:57+00:00\",\"dateModified\":\"2022-09-12T21:52:43+00:00\",\"description\":\"Poivron Rouge - Nous faisons de notre mieux pour nos clients Obtenez le produit parfait et bio 100% fabriqu\u00e9 \u00e0 partir de la nature.\",\"breadcrumb\":{\"@id\":\"https:\/\/saida-plants.com\/product\/poivron-rouge-100g-%d8%aa%d8%ad%d9%85%d9%8a%d8%b1%d8%a9\/#breadcrumb\"},\"inLanguage\":\"ar\",\"potentialAction\":[{\"@type\":\"ReadAction\",\"target\":[\"https:\/\/saida-plants.com\/product\/poivron-rouge-100g-%d8%aa%d8%ad%d9%85%d9%8a%d8%b1%d8%a9\/\"]}]},{\"@type\":\"BreadcrumbList\",\"@id\":\"https:\/\/saida-plants.com\/product\/poivron-rouge-100g-%d8%aa%d8%ad%d9%85%d9%8a%d8%b1%d8%a9\/#breadcrumb\",\"itemListElement\":[{\"@type\":\"ListItem\",\"position\":1,\"name\":\"Home\",\"item\":\"https:\/\/saida-plants.com\/\"},{\"@type\":\"ListItem\",\"position\":2,\"name\":\"Shop\",\"item\":\"https:\/\/saida-plants.com\/ar\/shop\/\"},{\"@type\":\"ListItem\",\"position\":3,\"name\":\"Poivron Rouge 100g &#8211; (\u062a\u062d\u0645\u064a\u0631\u0629)\"}]},{\"@type\":\"WebSite\",\"@id\":\"https:\/\/saida-plants.com\/#website\",\"url\":\"https:\/\/saida-plants.com\/\",\"name\":\"SaidaPlants\",\"description\":\"1er Boutique En ligne Produit 100% Bio\",\"publisher\":{\"@id\":\"https:\/\/saida-plants.com\/#organization\"},\"potentialAction\":[{\"@type\":\"SearchAction\",\"target\":{\"@type\":\"EntryPoint\",\"urlTemplate\":\"https:\/\/saida-plants.com\/?s={search_term_string}\"},\"query-input\":\"required name=search_term_string\"}],\"inLanguage\":\"ar\"},{\"@type\":\"Organization\",\"@id\":\"https:\/\/saida-plants.com\/#organization\",\"name\":\"SaidaPlants\",\"url\":\"https:\/\/saida-plants.com\/\",\"logo\":{\"@type\":\"ImageObject\",\"inLanguage\":\"ar\",\"@id\":\"https:\/\/saida-plants.com\/#\/schema\/logo\/image\/\",\"url\":\"https:\/\/saida-plants.com\/wp-content\/uploads\/2021\/08\/WhatsApp-Image-2021-08-11-at-17.44.40.jpeg\",\"contentUrl\":\"https:\/\/saida-plants.com\/wp-content\/uploads\/2021\/08\/WhatsApp-Image-2021-08-11-at-17.44.40.jpeg\",\"width\":1280,\"height\":463,\"caption\":\"SaidaPlants\"},\"image\":{\"@id\":\"https:\/\/saida-plants.com\/#\/schema\/logo\/image\/\"},\"sameAs\":[\"https:\/\/www.instagram.com\/saidaplants\/\",\"https:\/\/www.facebook.com\/SaidaPlants\"]}]}<\/script>\n<!-- \/ Yoast SEO plugin. -->","yoast_head_json":{"title":"Poivron Rouge 100g - (\u062a\u062d\u0645\u064a\u0631\u0629) - SaidaPlants","description":"Poivron Rouge - Nous faisons de notre mieux pour nos clients Obtenez le produit parfait et bio 100% fabriqu\u00e9 \u00e0 partir de la nature.","robots":{"index":"index","follow":"follow","max-snippet":"max-snippet:-1","max-image-preview":"max-image-preview:large","max-video-preview":"max-video-preview:-1"},"canonical":"https:\/\/saida-plants.com\/ar\/product\/poivron-rouge-100g-\u062a\u062d\u0645\u064a\u0631\u0629\/","og_locale":"ar_AR","og_type":"article","og_title":"Poivron Rouge 100g - (\u062a\u062d\u0645\u064a\u0631\u0629) - SaidaPlants","og_description":"Poivron Rouge - Nous faisons de notre mieux pour nos clients Obtenez le produit parfait et bio 100% fabriqu\u00e9 \u00e0 partir de la nature.","og_url":"https:\/\/saida-plants.com\/ar\/product\/poivron-rouge-100g-\u062a\u062d\u0645\u064a\u0631\u0629\/","og_site_name":"SaidaPlants","article_publisher":"https:\/\/www.facebook.com\/SaidaPlants","article_modified_time":"2022-09-12T21:52:43+00:00","og_image":[{"width":1200,"height":800,"url":"https:\/\/saida-plants.com\/wp-content\/uploads\/2021\/08\/00021-1200x800.png","type":"image\/png"}],"twitter_card":"summary_large_image","twitter_misc":{"\u0648\u0642\u062a \u0627\u0644\u0642\u0631\u0627\u0621\u0629 \u0627\u0644\u0645\u064f\u0642\u062f\u0651\u0631":"\u062f\u0642\u064a\u0642\u062a\u0627\u0646"},"schema":{"@context":"https:\/\/schema.org","@graph":[{"@type":"WebPage","@id":"https:\/\/saida-plants.com\/product\/poivron-rouge-100g-%d8%aa%d8%ad%d9%85%d9%8a%d8%b1%d8%a9\/","url":"https:\/\/saida-plants.com\/product\/poivron-rouge-100g-%d8%aa%d8%ad%d9%85%d9%8a%d8%b1%d8%a9\/","name":"Poivron Rouge 100g - (\u062a\u062d\u0645\u064a\u0631\u0629) - SaidaPlants","isPartOf":{"@id":"https:\/\/saida-plants.com\/#website"},"datePublished":"2021-09-08T16:11:57+00:00","dateModified":"2022-09-12T21:52:43+00:00","description":"Poivron Rouge - Nous faisons de notre mieux pour nos clients Obtenez le produit parfait et bio 100% fabriqu\u00e9 \u00e0 partir de la nature.","breadcrumb":{"@id":"https:\/\/saida-plants.com\/product\/poivron-rouge-100g-%d8%aa%d8%ad%d9%85%d9%8a%d8%b1%d8%a9\/#breadcrumb"},"inLanguage":"ar","potentialAction":[{"@type":"ReadAction","target":["https:\/\/saida-plants.com\/product\/poivron-rouge-100g-%d8%aa%d8%ad%d9%85%d9%8a%d8%b1%d8%a9\/"]}]},{"@type":"BreadcrumbList","@id":"https:\/\/saida-plants.com\/product\/poivron-rouge-100g-%d8%aa%d8%ad%d9%85%d9%8a%d8%b1%d8%a9\/#breadcrumb","itemListElement":[{"@type":"ListItem","position":1,"name":"Home","item":"https:\/\/saida-plants.com\/"},{"@type":"ListItem","position":2,"name":"Shop","item":"https:\/\/saida-plants.com\/ar\/shop\/"},{"@type":"ListItem","position":3,"name":"Poivron Rouge 100g &#8211; (\u062a\u062d\u0645\u064a\u0631\u0629)"}]},{"@type":"WebSite","@id":"https:\/\/saida-plants.com\/#website","url":"https:\/\/saida-plants.com\/","name":"SaidaPlants","description":"1er Boutique En ligne Produit 100% Bio","publisher":{"@id":"https:\/\/saida-plants.com\/#organization"},"potentialAction":[{"@type":"SearchAction","target":{"@type":"EntryPoint","urlTemplate":"https:\/\/saida-plants.com\/?s={search_term_string}"},"query-input":"required name=search_term_string"}],"inLanguage":"ar"},{"@type":"Organization","@id":"https:\/\/saida-plants.com\/#organization","name":"SaidaPlants","url":"https:\/\/saida-plants.com\/","logo":{"@type":"ImageObject","inLanguage":"ar","@id":"https:\/\/saida-plants.com\/#\/schema\/logo\/image\/","url":"https:\/\/saida-plants.com\/wp-content\/uploads\/2021\/08\/WhatsApp-Image-2021-08-11-at-17.44.40.jpeg","contentUrl":"https:\/\/saida-plants.com\/wp-content\/uploads\/2021\/08\/WhatsApp-Image-2021-08-11-at-17.44.40.jpeg","width":1280,"height":463,"caption":"SaidaPlants"},"image":{"@id":"https:\/\/saida-plants.com\/#\/schema\/logo\/image\/"},"sameAs":["https:\/\/www.instagram.com\/saidaplants\/","https:\/\/www.facebook.com\/SaidaPlants"]}]}},"_links":{"self":[{"href":"https:\/\/saida-plants.com\/ar\/wp-json\/wp\/v2\/product\/796"}],"collection":[{"href":"https:\/\/saida-plants.com\/ar\/wp-json\/wp\/v2\/product"}],"about":[{"href":"https:\/\/saida-plants.com\/ar\/wp-json\/wp\/v2\/types\/product"}],"replies":[{"embeddable":true,"href":"https:\/\/saida-plants.com\/ar\/wp-json\/wp\/v2\/comments?post=796"}],"wp:featuredmedia":[{"embeddable":true,"href":"https:\/\/saida-plants.com\/ar\/wp-json\/wp\/v2\/media\/797"}],"wp:attachment":[{"href":"https:\/\/saida-plants.com\/ar\/wp-json\/wp\/v2\/media?parent=796"}],"wp:term":[{"taxonomy":"product_cat","embeddable":true,"href":"https:\/\/saida-plants.com\/ar\/wp-json\/wp\/v2\/product_cat?post=796"},{"taxonomy":"product_tag","embeddable":true,"href":"https:\/\/saida-plants.com\/ar\/wp-json\/wp\/v2\/product_tag?post=796"}],"curies":[{"name":"wp","href":"https:\/\/api.w.org\/{rel}","templated":true}]}}