{"id":798,"date":"2021-09-08T16:12:18","date_gmt":"2021-09-08T16:12:18","guid":{"rendered":"https:\/\/saida-plants.com\/?post_type=product&#038;p=798"},"modified":"2021-09-08T16:12:19","modified_gmt":"2021-09-08T16:12:19","slug":"ortie-piquante-poudre-100g-%d8%a7%d9%84%d8%ad%d8%b1%d9%8a%d9%83%d8%a9-%d9%85%d8%b7%d8%ad%d9%88%d9%86%d8%a9","status":"publish","type":"product","link":"https:\/\/saida-plants.com\/ar\/product\/ortie-piquante-poudre-100g-%d8%a7%d9%84%d8%ad%d8%b1%d9%8a%d9%83%d8%a9-%d9%85%d8%b7%d8%ad%d9%88%d9%86%d8%a9\/","title":{"rendered":"Ortie Piquante Poudre 100g &#8211; \u0627\u0644\u062d\u0631\u064a\u0643\u0629 \u0645\u0637\u062d\u0648\u0646\u0629"},"content":{"rendered":"<h1><b>LES BIENFAITS DE L&rsquo;ORTIE PIQUANTE 100g<\/b><\/h1>\n<ul>\n<li>Produit naturel ne comportant aucun conservateur dans sa pr\u00e9paration<\/li>\n<li>Ce sont les produits respectant les principes Vegan qui se basent principalement sur le refus de l&rsquo;exploitation animale<\/li>\n<\/ul>\n<p>L&rsquo;Ortie Piquante Poudre bio est un traitement \u00e0 base de plantes qui renforce tous les types de cheveux.Comme nous le savons tous, cette poudre est tr\u00e8s riche en vitamines ,sels min\u00e9raux et oligo-\u00e9l\u00e9ments, qui peuvent embellir les cheveux, lutter contre la chute des cheveux, \u00e9quilibrer le\u00a0cuir chevelu gras et nettoyer les peaux \u00e0 probl\u00e8mes.<\/p>\n<h2><b>LES VERTUS LES PLUS APPR\u00c9CI\u00c9S D&rsquo;Ortie Piquante Poudre :<\/b><\/h2>\n<p>L&rsquo;ortie poudre bio poss\u00e8de de nombreuses <a href=\"https:\/\/saida-plants.com\/ar\/product\/haricots-rouges-400g-%d9%81%d8%a7%d8%b5%d9%88%d9%84%d9%8a%d8%a7-%d8%ad%d9%85%d8%b1%d8%a7%d8%a1\/\">vertus et bienfaits<\/a> sur le corps et l&rsquo;organisme<\/p>\n<ul>\n<li>Stimuler le syst\u00e8me immunitaire<\/li>\n<li>Pr\u00e9venir les maladies du syst\u00e8me digestif<\/li>\n<li>Nourrir (prot\u00e9ines, vitamines et min\u00e9raux)<\/li>\n<li>Promouvoir la mont\u00e9e du lait chez les femmes qui allaitent<\/li>\n<li>R\u00e9gule les r\u00e8gles abondantes et douloureuses<\/li>\n<li>Pr\u00e9venir l&rsquo;an\u00e9mie<\/li>\n<\/ul>\n<h3><b>Informations de livraison<\/b><\/h3>\n<ul>\n<li>Livraison assur\u00e9e par SaidaPlants, sous 24H \u00e0 Marrakech et sous 1 \u00e0 5 jours pour les autres villes du Maroc.<\/li>\n<li>Exp\u00e9dition pour les commandes \u00e0 l\u2019international sous 1 jour ouvr\u00e9. Les d\u00e9lais de livraison sont variables selon la destination et le mode de livraison choisi.<\/li>\n<\/ul>","protected":false},"excerpt":{"rendered":"<h1 style=\"text-align: center;\"><b>LES BIENFAITS DE L&rsquo;ORTIE PIQUANTE 100g<\/b><\/h1>\n<p style=\"text-align: center;\">Produit naturel ne comportant aucun conservateur dans sa pr\u00e9paration<\/p>\n<p style=\"text-align: center;\">Ce sont les produits respectant les principes Vegan qui se basent principalement sur le refus de l&rsquo;exploitation animale<\/p>\n<p style=\"text-align: center;\">L&rsquo;Ortie Piquante Poudre bio est un traitement \u00e0 base de plantes qui renforce tous les types de cheveux.Comme nous le savons tous, cette poudre est tr\u00e8s riche en vitamines ,sels min\u00e9raux et oligo-\u00e9l\u00e9ments, qui peuvent embellir les cheveux, lutter contre la chute des cheveux, \u00e9quilibrer le\u00a0cuir chevelu gras et nettoyer les peaux \u00e0 probl\u00e8mes.<\/p>\n<h2 style=\"text-align: center;\"><b>LES VERTUS LES PLUS APPR\u00c9CI\u00c9S D&rsquo;Ortie Piquante Poudre :<\/b><\/h2>\n<p style=\"text-align: center;\">L&rsquo;ortie poudre bio poss\u00e8de de nombreuses <a href=\"https:\/\/saida-plants.com\/ar\/product\/haricots-rouges-400g-%d9%81%d8%a7%d8%b5%d9%88%d9%84%d9%8a%d8%a7-%d8%ad%d9%85%d8%b1%d8%a7%d8%a1\/\">vertus et bienfaits<\/a> sur le corps et l&rsquo;organisme<\/p>\n<p style=\"text-align: center;\">Stimuler le syst\u00e8me immunitaire<\/p>\n<p style=\"text-align: center;\">Pr\u00e9venir les maladies du syst\u00e8me digestif<\/p>\n<p style=\"text-align: center;\">Nourrir (prot\u00e9ines, vitamines et min\u00e9raux)<\/p>\n<p style=\"text-align: center;\">Promouvoir la mont\u00e9e du lait chez les femmes qui allaitent<\/p>\n<p style=\"text-align: center;\">R\u00e9gule les r\u00e8gles abondantes et douloureuses<\/p>\n<p style=\"text-align: center;\">Pr\u00e9venir l&rsquo;an\u00e9mie<\/p>","protected":false},"featured_media":799,"comment_status":"open","ping_status":"closed","template":"","meta":[],"product_cat":[71],"product_tag":[],"class_list":["post-798","product","type-product","status-publish","has-post-thumbnail","hentry","product_cat-epices-et-herbes"],"yoast_head":"<!-- This site is optimized with the Yoast SEO plugin v19.13 - https:\/\/yoast.com\/wordpress\/plugins\/seo\/ -->\n<title>Ortie Piquante Poudre 100g - \u0627\u0644\u062d\u0631\u064a\u0643\u0629 \u0645\u0637\u062d\u0648\u0646\u0629 - SaidaPlants<\/title>\n<meta name=\"description\" content=\"Ortie Piquante Poudre - Nous faisons de notre mieux pour nos clients Obtenez le produit parfait et bio 100% fabriqu\u00e9 \u00e0 partir de la nature.\" \/>\n<meta name=\"robots\" content=\"index, follow, max-snippet:-1, max-image-preview:large, max-video-preview:-1\" \/>\n<link rel=\"canonical\" href=\"https:\/\/saida-plants.com\/ar\/product\/ortie-piquante-poudre-100g-\u0627\u0644\u062d\u0631\u064a\u0643\u0629-\u0645\u0637\u062d\u0648\u0646\u0629\/\" \/>\n<meta property=\"og:locale\" content=\"ar_AR\" \/>\n<meta property=\"og:type\" content=\"article\" \/>\n<meta property=\"og:title\" content=\"Ortie Piquante Poudre 100g - \u0627\u0644\u062d\u0631\u064a\u0643\u0629 \u0645\u0637\u062d\u0648\u0646\u0629 - SaidaPlants\" \/>\n<meta property=\"og:description\" content=\"Ortie Piquante Poudre - Nous faisons de notre mieux pour nos clients Obtenez le produit parfait et bio 100% fabriqu\u00e9 \u00e0 partir de la nature.\" \/>\n<meta property=\"og:url\" content=\"https:\/\/saida-plants.com\/ar\/product\/ortie-piquante-poudre-100g-\u0627\u0644\u062d\u0631\u064a\u0643\u0629-\u0645\u0637\u062d\u0648\u0646\u0629\/\" \/>\n<meta property=\"og:site_name\" content=\"SaidaPlants\" \/>\n<meta property=\"article:publisher\" content=\"https:\/\/www.facebook.com\/SaidaPlants\" \/>\n<meta property=\"article:modified_time\" content=\"2021-09-08T16:12:19+00:00\" \/>\n<meta property=\"og:image\" content=\"https:\/\/saida-plants.com\/wp-content\/uploads\/2021\/08\/12-1400x788.png\" \/>\n\t<meta property=\"og:image:width\" content=\"1400\" \/>\n\t<meta property=\"og:image:height\" content=\"788\" \/>\n\t<meta property=\"og:image:type\" content=\"image\/png\" \/>\n<meta name=\"twitter:card\" content=\"summary_large_image\" \/>\n<meta name=\"twitter:label1\" content=\"\u0648\u0642\u062a \u0627\u0644\u0642\u0631\u0627\u0621\u0629 \u0627\u0644\u0645\u064f\u0642\u062f\u0651\u0631\" \/>\n\t<meta name=\"twitter:data1\" content=\"\u062f\u0642\u064a\u0642\u0629 \u0648\u0627\u062d\u062f\u0629\" \/>\n<script type=\"application\/ld+json\" class=\"yoast-schema-graph\">{\"@context\":\"https:\/\/schema.org\",\"@graph\":[{\"@type\":\"WebPage\",\"@id\":\"https:\/\/saida-plants.com\/product\/ortie-piquante-poudre-100g-%d8%a7%d9%84%d8%ad%d8%b1%d9%8a%d9%83%d8%a9-%d9%85%d8%b7%d8%ad%d9%88%d9%86%d8%a9\/\",\"url\":\"https:\/\/saida-plants.com\/product\/ortie-piquante-poudre-100g-%d8%a7%d9%84%d8%ad%d8%b1%d9%8a%d9%83%d8%a9-%d9%85%d8%b7%d8%ad%d9%88%d9%86%d8%a9\/\",\"name\":\"Ortie Piquante Poudre 100g - \u0627\u0644\u062d\u0631\u064a\u0643\u0629 \u0645\u0637\u062d\u0648\u0646\u0629 - SaidaPlants\",\"isPartOf\":{\"@id\":\"https:\/\/saida-plants.com\/#website\"},\"datePublished\":\"2021-09-08T16:12:18+00:00\",\"dateModified\":\"2021-09-08T16:12:19+00:00\",\"description\":\"Ortie Piquante Poudre - Nous faisons de notre mieux pour nos clients Obtenez le produit parfait et bio 100% fabriqu\u00e9 \u00e0 partir de la nature.\",\"breadcrumb\":{\"@id\":\"https:\/\/saida-plants.com\/product\/ortie-piquante-poudre-100g-%d8%a7%d9%84%d8%ad%d8%b1%d9%8a%d9%83%d8%a9-%d9%85%d8%b7%d8%ad%d9%88%d9%86%d8%a9\/#breadcrumb\"},\"inLanguage\":\"ar\",\"potentialAction\":[{\"@type\":\"ReadAction\",\"target\":[\"https:\/\/saida-plants.com\/product\/ortie-piquante-poudre-100g-%d8%a7%d9%84%d8%ad%d8%b1%d9%8a%d9%83%d8%a9-%d9%85%d8%b7%d8%ad%d9%88%d9%86%d8%a9\/\"]}]},{\"@type\":\"BreadcrumbList\",\"@id\":\"https:\/\/saida-plants.com\/product\/ortie-piquante-poudre-100g-%d8%a7%d9%84%d8%ad%d8%b1%d9%8a%d9%83%d8%a9-%d9%85%d8%b7%d8%ad%d9%88%d9%86%d8%a9\/#breadcrumb\",\"itemListElement\":[{\"@type\":\"ListItem\",\"position\":1,\"name\":\"Home\",\"item\":\"https:\/\/saida-plants.com\/\"},{\"@type\":\"ListItem\",\"position\":2,\"name\":\"Shop\",\"item\":\"https:\/\/saida-plants.com\/ar\/shop\/\"},{\"@type\":\"ListItem\",\"position\":3,\"name\":\"Ortie Piquante Poudre 100g &#8211; \u0627\u0644\u062d\u0631\u064a\u0643\u0629 \u0645\u0637\u062d\u0648\u0646\u0629\"}]},{\"@type\":\"WebSite\",\"@id\":\"https:\/\/saida-plants.com\/#website\",\"url\":\"https:\/\/saida-plants.com\/\",\"name\":\"SaidaPlants\",\"description\":\"1er Boutique En ligne Produit 100% Bio\",\"publisher\":{\"@id\":\"https:\/\/saida-plants.com\/#organization\"},\"potentialAction\":[{\"@type\":\"SearchAction\",\"target\":{\"@type\":\"EntryPoint\",\"urlTemplate\":\"https:\/\/saida-plants.com\/?s={search_term_string}\"},\"query-input\":\"required name=search_term_string\"}],\"inLanguage\":\"ar\"},{\"@type\":\"Organization\",\"@id\":\"https:\/\/saida-plants.com\/#organization\",\"name\":\"SaidaPlants\",\"url\":\"https:\/\/saida-plants.com\/\",\"logo\":{\"@type\":\"ImageObject\",\"inLanguage\":\"ar\",\"@id\":\"https:\/\/saida-plants.com\/#\/schema\/logo\/image\/\",\"url\":\"https:\/\/saida-plants.com\/wp-content\/uploads\/2021\/08\/WhatsApp-Image-2021-08-11-at-17.44.40.jpeg\",\"contentUrl\":\"https:\/\/saida-plants.com\/wp-content\/uploads\/2021\/08\/WhatsApp-Image-2021-08-11-at-17.44.40.jpeg\",\"width\":1280,\"height\":463,\"caption\":\"SaidaPlants\"},\"image\":{\"@id\":\"https:\/\/saida-plants.com\/#\/schema\/logo\/image\/\"},\"sameAs\":[\"https:\/\/www.instagram.com\/saidaplants\/\",\"https:\/\/www.facebook.com\/SaidaPlants\"]}]}<\/script>\n<!-- \/ Yoast SEO plugin. -->","yoast_head_json":{"title":"Ortie Piquante Poudre 100g - \u0627\u0644\u062d\u0631\u064a\u0643\u0629 \u0645\u0637\u062d\u0648\u0646\u0629 - SaidaPlants","description":"Ortie Piquante Poudre - Nous faisons de notre mieux pour nos clients Obtenez le produit parfait et bio 100% fabriqu\u00e9 \u00e0 partir de la nature.","robots":{"index":"index","follow":"follow","max-snippet":"max-snippet:-1","max-image-preview":"max-image-preview:large","max-video-preview":"max-video-preview:-1"},"canonical":"https:\/\/saida-plants.com\/ar\/product\/ortie-piquante-poudre-100g-\u0627\u0644\u062d\u0631\u064a\u0643\u0629-\u0645\u0637\u062d\u0648\u0646\u0629\/","og_locale":"ar_AR","og_type":"article","og_title":"Ortie Piquante Poudre 100g - \u0627\u0644\u062d\u0631\u064a\u0643\u0629 \u0645\u0637\u062d\u0648\u0646\u0629 - SaidaPlants","og_description":"Ortie Piquante Poudre - Nous faisons de notre mieux pour nos clients Obtenez le produit parfait et bio 100% fabriqu\u00e9 \u00e0 partir de la nature.","og_url":"https:\/\/saida-plants.com\/ar\/product\/ortie-piquante-poudre-100g-\u0627\u0644\u062d\u0631\u064a\u0643\u0629-\u0645\u0637\u062d\u0648\u0646\u0629\/","og_site_name":"SaidaPlants","article_publisher":"https:\/\/www.facebook.com\/SaidaPlants","article_modified_time":"2021-09-08T16:12:19+00:00","og_image":[{"width":1400,"height":788,"url":"https:\/\/saida-plants.com\/wp-content\/uploads\/2021\/08\/12-1400x788.png","type":"image\/png"}],"twitter_card":"summary_large_image","twitter_misc":{"\u0648\u0642\u062a \u0627\u0644\u0642\u0631\u0627\u0621\u0629 \u0627\u0644\u0645\u064f\u0642\u062f\u0651\u0631":"\u062f\u0642\u064a\u0642\u0629 \u0648\u0627\u062d\u062f\u0629"},"schema":{"@context":"https:\/\/schema.org","@graph":[{"@type":"WebPage","@id":"https:\/\/saida-plants.com\/product\/ortie-piquante-poudre-100g-%d8%a7%d9%84%d8%ad%d8%b1%d9%8a%d9%83%d8%a9-%d9%85%d8%b7%d8%ad%d9%88%d9%86%d8%a9\/","url":"https:\/\/saida-plants.com\/product\/ortie-piquante-poudre-100g-%d8%a7%d9%84%d8%ad%d8%b1%d9%8a%d9%83%d8%a9-%d9%85%d8%b7%d8%ad%d9%88%d9%86%d8%a9\/","name":"Ortie Piquante Poudre 100g - \u0627\u0644\u062d\u0631\u064a\u0643\u0629 \u0645\u0637\u062d\u0648\u0646\u0629 - SaidaPlants","isPartOf":{"@id":"https:\/\/saida-plants.com\/#website"},"datePublished":"2021-09-08T16:12:18+00:00","dateModified":"2021-09-08T16:12:19+00:00","description":"Ortie Piquante Poudre - Nous faisons de notre mieux pour nos clients Obtenez le produit parfait et bio 100% fabriqu\u00e9 \u00e0 partir de la nature.","breadcrumb":{"@id":"https:\/\/saida-plants.com\/product\/ortie-piquante-poudre-100g-%d8%a7%d9%84%d8%ad%d8%b1%d9%8a%d9%83%d8%a9-%d9%85%d8%b7%d8%ad%d9%88%d9%86%d8%a9\/#breadcrumb"},"inLanguage":"ar","potentialAction":[{"@type":"ReadAction","target":["https:\/\/saida-plants.com\/product\/ortie-piquante-poudre-100g-%d8%a7%d9%84%d8%ad%d8%b1%d9%8a%d9%83%d8%a9-%d9%85%d8%b7%d8%ad%d9%88%d9%86%d8%a9\/"]}]},{"@type":"BreadcrumbList","@id":"https:\/\/saida-plants.com\/product\/ortie-piquante-poudre-100g-%d8%a7%d9%84%d8%ad%d8%b1%d9%8a%d9%83%d8%a9-%d9%85%d8%b7%d8%ad%d9%88%d9%86%d8%a9\/#breadcrumb","itemListElement":[{"@type":"ListItem","position":1,"name":"Home","item":"https:\/\/saida-plants.com\/"},{"@type":"ListItem","position":2,"name":"Shop","item":"https:\/\/saida-plants.com\/ar\/shop\/"},{"@type":"ListItem","position":3,"name":"Ortie Piquante Poudre 100g &#8211; \u0627\u0644\u062d\u0631\u064a\u0643\u0629 \u0645\u0637\u062d\u0648\u0646\u0629"}]},{"@type":"WebSite","@id":"https:\/\/saida-plants.com\/#website","url":"https:\/\/saida-plants.com\/","name":"SaidaPlants","description":"1er Boutique En ligne Produit 100% Bio","publisher":{"@id":"https:\/\/saida-plants.com\/#organization"},"potentialAction":[{"@type":"SearchAction","target":{"@type":"EntryPoint","urlTemplate":"https:\/\/saida-plants.com\/?s={search_term_string}"},"query-input":"required name=search_term_string"}],"inLanguage":"ar"},{"@type":"Organization","@id":"https:\/\/saida-plants.com\/#organization","name":"SaidaPlants","url":"https:\/\/saida-plants.com\/","logo":{"@type":"ImageObject","inLanguage":"ar","@id":"https:\/\/saida-plants.com\/#\/schema\/logo\/image\/","url":"https:\/\/saida-plants.com\/wp-content\/uploads\/2021\/08\/WhatsApp-Image-2021-08-11-at-17.44.40.jpeg","contentUrl":"https:\/\/saida-plants.com\/wp-content\/uploads\/2021\/08\/WhatsApp-Image-2021-08-11-at-17.44.40.jpeg","width":1280,"height":463,"caption":"SaidaPlants"},"image":{"@id":"https:\/\/saida-plants.com\/#\/schema\/logo\/image\/"},"sameAs":["https:\/\/www.instagram.com\/saidaplants\/","https:\/\/www.facebook.com\/SaidaPlants"]}]}},"_links":{"self":[{"href":"https:\/\/saida-plants.com\/ar\/wp-json\/wp\/v2\/product\/798"}],"collection":[{"href":"https:\/\/saida-plants.com\/ar\/wp-json\/wp\/v2\/product"}],"about":[{"href":"https:\/\/saida-plants.com\/ar\/wp-json\/wp\/v2\/types\/product"}],"replies":[{"embeddable":true,"href":"https:\/\/saida-plants.com\/ar\/wp-json\/wp\/v2\/comments?post=798"}],"wp:featuredmedia":[{"embeddable":true,"href":"https:\/\/saida-plants.com\/ar\/wp-json\/wp\/v2\/media\/799"}],"wp:attachment":[{"href":"https:\/\/saida-plants.com\/ar\/wp-json\/wp\/v2\/media?parent=798"}],"wp:term":[{"taxonomy":"product_cat","embeddable":true,"href":"https:\/\/saida-plants.com\/ar\/wp-json\/wp\/v2\/product_cat?post=798"},{"taxonomy":"product_tag","embeddable":true,"href":"https:\/\/saida-plants.com\/ar\/wp-json\/wp\/v2\/product_tag?post=798"}],"curies":[{"name":"wp","href":"https:\/\/api.w.org\/{rel}","templated":true}]}}