{"id":802,"date":"2021-09-08T16:13:36","date_gmt":"2021-09-08T16:13:36","guid":{"rendered":"https:\/\/saida-plants.com\/?post_type=product&#038;p=802"},"modified":"2021-09-08T16:13:36","modified_gmt":"2021-09-08T16:13:36","slug":"graines-de-fenouil-100g-%d8%a7%d9%84%d9%86%d8%a7%d9%81%d8%b9","status":"publish","type":"product","link":"https:\/\/saida-plants.com\/ar\/product\/graines-de-fenouil-100g-%d8%a7%d9%84%d9%86%d8%a7%d9%81%d8%b9\/","title":{"rendered":"Graines de fenouil 100g &#8211; ( \u0627\u0644\u0646\u0627\u0641\u0639)"},"content":{"rendered":"<h1><b>BIENFAITS <\/b><b>GRAINES DE FENOUIL 100g<\/b><\/h1>\n<ul>\n<li>Produit naturel ne comportant aucun conservateur dans sa pr\u00e9paration<\/li>\n<li>Ce sont les produits respectant les principes Vegan qui se basent principalement sur le refus de l&rsquo;exploitation animale<\/li>\n<\/ul>\n<h2><strong>Graines de fenouil ( \u0627\u0644\u0646\u0627\u0641\u0639)<\/strong><\/h2>\n<p>Le\u00a0<b>fenouil<\/b>\u00a0soulage l&rsquo;acidit\u00e9 gastrique, am\u00e9liore la fonction digestive en cas de ballonnements, gaz&#8230;<\/p>\n<p>Id\u00e9al en cas de br\u00fblure d&rsquo;estomac li\u00e9e \u00e0 la digestion apr\u00e8s un trop gros repas. Infusez de 1 g \u00e0 3 g de\u00a0<b>graines<\/b>\u00a0s\u00e9ch\u00e9es dans 150 ml d&rsquo;eau bouillante durant 5 \u00e0 10 minutes<\/p>\n<h3><b>Bienfaits\u00a0des <a href=\"https:\/\/saida-plants.com\/ar\/product-category\/grain-sans-glutain\/\">graines<\/a> de fenouils:<\/b><\/h3>\n<p>&#8211; Antioxydants<br \/>\n&#8211; Anti-inflammatoires<br \/>\n&#8211; Contr\u00f4le le cholest\u00e9rol<br \/>\n&#8211; Contre la mauvaise haleine<br \/>\n&#8211; Riches en calcium et augmentant la production de globules rouges<\/p>\n<h3><b>Femmes enceinte\u00a0ou allaitante ?<\/b><\/h3>\n<p>Les graines de fenouil sont souvent recommand\u00e9es aux nouvelles m\u00e8res pour augmenter la production de lait et soulager les troubles intestinaux du nouveau-n\u00e9.<\/p>\n<p>N\u00e9anmoins, il n\u2019est pas recommand\u00e9 de prendre une tisane de fenouil pendant la grossesse et l\u2019allaitement en raison de la teneur en estragole, un composant naturel des graines de fenouil et du basilic, qui pourrait \u00eatre potentiellement canc\u00e9rig\u00e8ne ou dangereux pour les nourrissons et les jeunes enfants.<\/p>\n<h3><b>Informations de livraison<\/b><\/h3>\n<ul>\n<li>Livraison assur\u00e9e par SaidaPlants, sous 24H \u00e0 Marrakech et sous 1 \u00e0 5 jours pour les autres villes du Maroc.<\/li>\n<li>Exp\u00e9dition pour les commandes \u00e0 l\u2019international sous 1 jour ouvr\u00e9. Les d\u00e9lais de livraison sont variables selon la destination et le mode de livraison choisi.<\/li>\n<\/ul>","protected":false},"excerpt":{"rendered":"<h1 style=\"text-align: center;\"><b>BIENFAITS <\/b><b>GRAINES DE FENOUIL 100g<\/b><\/h1>\n<p style=\"text-align: center;\">Produit naturel ne comportant aucun conservateur dans sa pr\u00e9paration<\/p>\n<p style=\"text-align: center;\">Ce sont les produits respectant les principes Vegan qui se basent principalement sur le refus de l&rsquo;exploitation animale<\/p>\n<h2 style=\"text-align: center;\"><strong>Graines de fenouil ( \u0627\u0644\u0646\u0627\u0641\u0639)<\/strong><\/h2>\n<p style=\"text-align: center;\">Le\u00a0<b>fenouil<\/b>\u00a0soulage l&rsquo;acidit\u00e9 gastrique, am\u00e9liore la fonction digestive en cas de ballonnements, gaz&#8230;<\/p>\n<p style=\"text-align: center;\">Id\u00e9al en cas de br\u00fblure d&rsquo;estomac li\u00e9e \u00e0 la digestion apr\u00e8s un trop gros repas. Infusez de 1 g \u00e0 3 g de\u00a0<b>graines<\/b>\u00a0s\u00e9ch\u00e9es dans 150 ml d&rsquo;eau bouillante durant 5 \u00e0 10 minutes<\/p>","protected":false},"featured_media":803,"comment_status":"open","ping_status":"closed","template":"","meta":[],"product_cat":[71],"product_tag":[],"class_list":["post-802","product","type-product","status-publish","has-post-thumbnail","hentry","product_cat-epices-et-herbes"],"yoast_head":"<!-- This site is optimized with the Yoast SEO plugin v19.13 - https:\/\/yoast.com\/wordpress\/plugins\/seo\/ -->\n<title>Graines de fenouil 100g - ( \u0627\u0644\u0646\u0627\u0641\u0639) - SaidaPlants<\/title>\n<meta name=\"description\" content=\"Graines de fenouil - Nous faisons de notre mieux pour nos clients Obtenez le produit parfait et bio 100% fabriqu\u00e9 \u00e0 partir de la nature.\" \/>\n<meta name=\"robots\" content=\"index, follow, max-snippet:-1, max-image-preview:large, max-video-preview:-1\" \/>\n<link rel=\"canonical\" href=\"https:\/\/saida-plants.com\/ar\/product\/graines-de-fenouil-100g-\u0627\u0644\u0646\u0627\u0641\u0639\/\" \/>\n<meta property=\"og:locale\" content=\"ar_AR\" \/>\n<meta property=\"og:type\" content=\"article\" \/>\n<meta property=\"og:title\" content=\"Graines de fenouil 100g - ( \u0627\u0644\u0646\u0627\u0641\u0639) - SaidaPlants\" \/>\n<meta property=\"og:description\" content=\"Graines de fenouil - Nous faisons de notre mieux pour nos clients Obtenez le produit parfait et bio 100% fabriqu\u00e9 \u00e0 partir de la nature.\" \/>\n<meta property=\"og:url\" content=\"https:\/\/saida-plants.com\/ar\/product\/graines-de-fenouil-100g-\u0627\u0644\u0646\u0627\u0641\u0639\/\" \/>\n<meta property=\"og:site_name\" content=\"SaidaPlants\" \/>\n<meta property=\"article:publisher\" content=\"https:\/\/www.facebook.com\/SaidaPlants\" \/>\n<meta property=\"og:image\" content=\"https:\/\/saida-plants.com\/wp-content\/uploads\/2021\/08\/00020-1200x800.png\" \/>\n\t<meta property=\"og:image:width\" content=\"1200\" \/>\n\t<meta property=\"og:image:height\" content=\"800\" \/>\n\t<meta property=\"og:image:type\" content=\"image\/png\" \/>\n<meta name=\"twitter:card\" content=\"summary_large_image\" \/>\n<meta name=\"twitter:label1\" content=\"\u0648\u0642\u062a \u0627\u0644\u0642\u0631\u0627\u0621\u0629 \u0627\u0644\u0645\u064f\u0642\u062f\u0651\u0631\" \/>\n\t<meta name=\"twitter:data1\" content=\"\u062f\u0642\u064a\u0642\u062a\u0627\u0646\" \/>\n<script type=\"application\/ld+json\" class=\"yoast-schema-graph\">{\"@context\":\"https:\/\/schema.org\",\"@graph\":[{\"@type\":\"WebPage\",\"@id\":\"https:\/\/saida-plants.com\/product\/graines-de-fenouil-100g-%d8%a7%d9%84%d9%86%d8%a7%d9%81%d8%b9\/\",\"url\":\"https:\/\/saida-plants.com\/product\/graines-de-fenouil-100g-%d8%a7%d9%84%d9%86%d8%a7%d9%81%d8%b9\/\",\"name\":\"Graines de fenouil 100g - ( \u0627\u0644\u0646\u0627\u0641\u0639) - SaidaPlants\",\"isPartOf\":{\"@id\":\"https:\/\/saida-plants.com\/#website\"},\"datePublished\":\"2021-09-08T16:13:36+00:00\",\"dateModified\":\"2021-09-08T16:13:36+00:00\",\"description\":\"Graines de fenouil - Nous faisons de notre mieux pour nos clients Obtenez le produit parfait et bio 100% fabriqu\u00e9 \u00e0 partir de la nature.\",\"breadcrumb\":{\"@id\":\"https:\/\/saida-plants.com\/product\/graines-de-fenouil-100g-%d8%a7%d9%84%d9%86%d8%a7%d9%81%d8%b9\/#breadcrumb\"},\"inLanguage\":\"ar\",\"potentialAction\":[{\"@type\":\"ReadAction\",\"target\":[\"https:\/\/saida-plants.com\/product\/graines-de-fenouil-100g-%d8%a7%d9%84%d9%86%d8%a7%d9%81%d8%b9\/\"]}]},{\"@type\":\"BreadcrumbList\",\"@id\":\"https:\/\/saida-plants.com\/product\/graines-de-fenouil-100g-%d8%a7%d9%84%d9%86%d8%a7%d9%81%d8%b9\/#breadcrumb\",\"itemListElement\":[{\"@type\":\"ListItem\",\"position\":1,\"name\":\"Home\",\"item\":\"https:\/\/saida-plants.com\/\"},{\"@type\":\"ListItem\",\"position\":2,\"name\":\"Shop\",\"item\":\"https:\/\/saida-plants.com\/ar\/shop\/\"},{\"@type\":\"ListItem\",\"position\":3,\"name\":\"Graines de fenouil 100g &#8211; ( \u0627\u0644\u0646\u0627\u0641\u0639)\"}]},{\"@type\":\"WebSite\",\"@id\":\"https:\/\/saida-plants.com\/#website\",\"url\":\"https:\/\/saida-plants.com\/\",\"name\":\"SaidaPlants\",\"description\":\"1er Boutique En ligne Produit 100% Bio\",\"publisher\":{\"@id\":\"https:\/\/saida-plants.com\/#organization\"},\"potentialAction\":[{\"@type\":\"SearchAction\",\"target\":{\"@type\":\"EntryPoint\",\"urlTemplate\":\"https:\/\/saida-plants.com\/?s={search_term_string}\"},\"query-input\":\"required name=search_term_string\"}],\"inLanguage\":\"ar\"},{\"@type\":\"Organization\",\"@id\":\"https:\/\/saida-plants.com\/#organization\",\"name\":\"SaidaPlants\",\"url\":\"https:\/\/saida-plants.com\/\",\"logo\":{\"@type\":\"ImageObject\",\"inLanguage\":\"ar\",\"@id\":\"https:\/\/saida-plants.com\/#\/schema\/logo\/image\/\",\"url\":\"https:\/\/saida-plants.com\/wp-content\/uploads\/2021\/08\/WhatsApp-Image-2021-08-11-at-17.44.40.jpeg\",\"contentUrl\":\"https:\/\/saida-plants.com\/wp-content\/uploads\/2021\/08\/WhatsApp-Image-2021-08-11-at-17.44.40.jpeg\",\"width\":1280,\"height\":463,\"caption\":\"SaidaPlants\"},\"image\":{\"@id\":\"https:\/\/saida-plants.com\/#\/schema\/logo\/image\/\"},\"sameAs\":[\"https:\/\/www.instagram.com\/saidaplants\/\",\"https:\/\/www.facebook.com\/SaidaPlants\"]}]}<\/script>\n<!-- \/ Yoast SEO plugin. -->","yoast_head_json":{"title":"Graines de fenouil 100g - ( \u0627\u0644\u0646\u0627\u0641\u0639) - SaidaPlants","description":"Graines de fenouil - Nous faisons de notre mieux pour nos clients Obtenez le produit parfait et bio 100% fabriqu\u00e9 \u00e0 partir de la nature.","robots":{"index":"index","follow":"follow","max-snippet":"max-snippet:-1","max-image-preview":"max-image-preview:large","max-video-preview":"max-video-preview:-1"},"canonical":"https:\/\/saida-plants.com\/ar\/product\/graines-de-fenouil-100g-\u0627\u0644\u0646\u0627\u0641\u0639\/","og_locale":"ar_AR","og_type":"article","og_title":"Graines de fenouil 100g - ( \u0627\u0644\u0646\u0627\u0641\u0639) - SaidaPlants","og_description":"Graines de fenouil - Nous faisons de notre mieux pour nos clients Obtenez le produit parfait et bio 100% fabriqu\u00e9 \u00e0 partir de la nature.","og_url":"https:\/\/saida-plants.com\/ar\/product\/graines-de-fenouil-100g-\u0627\u0644\u0646\u0627\u0641\u0639\/","og_site_name":"SaidaPlants","article_publisher":"https:\/\/www.facebook.com\/SaidaPlants","og_image":[{"width":1200,"height":800,"url":"https:\/\/saida-plants.com\/wp-content\/uploads\/2021\/08\/00020-1200x800.png","type":"image\/png"}],"twitter_card":"summary_large_image","twitter_misc":{"\u0648\u0642\u062a \u0627\u0644\u0642\u0631\u0627\u0621\u0629 \u0627\u0644\u0645\u064f\u0642\u062f\u0651\u0631":"\u062f\u0642\u064a\u0642\u062a\u0627\u0646"},"schema":{"@context":"https:\/\/schema.org","@graph":[{"@type":"WebPage","@id":"https:\/\/saida-plants.com\/product\/graines-de-fenouil-100g-%d8%a7%d9%84%d9%86%d8%a7%d9%81%d8%b9\/","url":"https:\/\/saida-plants.com\/product\/graines-de-fenouil-100g-%d8%a7%d9%84%d9%86%d8%a7%d9%81%d8%b9\/","name":"Graines de fenouil 100g - ( \u0627\u0644\u0646\u0627\u0641\u0639) - SaidaPlants","isPartOf":{"@id":"https:\/\/saida-plants.com\/#website"},"datePublished":"2021-09-08T16:13:36+00:00","dateModified":"2021-09-08T16:13:36+00:00","description":"Graines de fenouil - Nous faisons de notre mieux pour nos clients Obtenez le produit parfait et bio 100% fabriqu\u00e9 \u00e0 partir de la nature.","breadcrumb":{"@id":"https:\/\/saida-plants.com\/product\/graines-de-fenouil-100g-%d8%a7%d9%84%d9%86%d8%a7%d9%81%d8%b9\/#breadcrumb"},"inLanguage":"ar","potentialAction":[{"@type":"ReadAction","target":["https:\/\/saida-plants.com\/product\/graines-de-fenouil-100g-%d8%a7%d9%84%d9%86%d8%a7%d9%81%d8%b9\/"]}]},{"@type":"BreadcrumbList","@id":"https:\/\/saida-plants.com\/product\/graines-de-fenouil-100g-%d8%a7%d9%84%d9%86%d8%a7%d9%81%d8%b9\/#breadcrumb","itemListElement":[{"@type":"ListItem","position":1,"name":"Home","item":"https:\/\/saida-plants.com\/"},{"@type":"ListItem","position":2,"name":"Shop","item":"https:\/\/saida-plants.com\/ar\/shop\/"},{"@type":"ListItem","position":3,"name":"Graines de fenouil 100g &#8211; ( \u0627\u0644\u0646\u0627\u0641\u0639)"}]},{"@type":"WebSite","@id":"https:\/\/saida-plants.com\/#website","url":"https:\/\/saida-plants.com\/","name":"SaidaPlants","description":"1er Boutique En ligne Produit 100% Bio","publisher":{"@id":"https:\/\/saida-plants.com\/#organization"},"potentialAction":[{"@type":"SearchAction","target":{"@type":"EntryPoint","urlTemplate":"https:\/\/saida-plants.com\/?s={search_term_string}"},"query-input":"required name=search_term_string"}],"inLanguage":"ar"},{"@type":"Organization","@id":"https:\/\/saida-plants.com\/#organization","name":"SaidaPlants","url":"https:\/\/saida-plants.com\/","logo":{"@type":"ImageObject","inLanguage":"ar","@id":"https:\/\/saida-plants.com\/#\/schema\/logo\/image\/","url":"https:\/\/saida-plants.com\/wp-content\/uploads\/2021\/08\/WhatsApp-Image-2021-08-11-at-17.44.40.jpeg","contentUrl":"https:\/\/saida-plants.com\/wp-content\/uploads\/2021\/08\/WhatsApp-Image-2021-08-11-at-17.44.40.jpeg","width":1280,"height":463,"caption":"SaidaPlants"},"image":{"@id":"https:\/\/saida-plants.com\/#\/schema\/logo\/image\/"},"sameAs":["https:\/\/www.instagram.com\/saidaplants\/","https:\/\/www.facebook.com\/SaidaPlants"]}]}},"_links":{"self":[{"href":"https:\/\/saida-plants.com\/ar\/wp-json\/wp\/v2\/product\/802"}],"collection":[{"href":"https:\/\/saida-plants.com\/ar\/wp-json\/wp\/v2\/product"}],"about":[{"href":"https:\/\/saida-plants.com\/ar\/wp-json\/wp\/v2\/types\/product"}],"replies":[{"embeddable":true,"href":"https:\/\/saida-plants.com\/ar\/wp-json\/wp\/v2\/comments?post=802"}],"wp:featuredmedia":[{"embeddable":true,"href":"https:\/\/saida-plants.com\/ar\/wp-json\/wp\/v2\/media\/803"}],"wp:attachment":[{"href":"https:\/\/saida-plants.com\/ar\/wp-json\/wp\/v2\/media?parent=802"}],"wp:term":[{"taxonomy":"product_cat","embeddable":true,"href":"https:\/\/saida-plants.com\/ar\/wp-json\/wp\/v2\/product_cat?post=802"},{"taxonomy":"product_tag","embeddable":true,"href":"https:\/\/saida-plants.com\/ar\/wp-json\/wp\/v2\/product_tag?post=802"}],"curies":[{"name":"wp","href":"https:\/\/api.w.org\/{rel}","templated":true}]}}