{"id":804,"date":"2021-09-08T15:47:36","date_gmt":"2021-09-08T15:47:36","guid":{"rendered":"https:\/\/saida-plants.com\/?post_type=product&#038;p=804"},"modified":"2021-09-08T15:47:36","modified_gmt":"2021-09-08T15:47:36","slug":"oliban-%d9%85%d8%b3%d9%83%d8%a9-%d8%ad%d8%b1%d8%a9","status":"publish","type":"product","link":"https:\/\/saida-plants.com\/ar\/product\/oliban-%d9%85%d8%b3%d9%83%d8%a9-%d8%ad%d8%b1%d8%a9\/","title":{"rendered":"Oliban &#8211; \u0645\u0633\u0643\u0629 \u062d\u0631\u0629"},"content":{"rendered":"<h1><b>BIENFAITS <\/b><b>OLIBAN 100g<\/b><\/h1>\n<ul>\n<li>Produit naturel ne comportant aucun conservateur dans sa pr\u00e9paration<\/li>\n<li>Ce sont les produits respectant les principes Vegan qui se basent principalement sur le refus de l&rsquo;exploitation animale<\/li>\n<\/ul>\n<h2><strong>L\u2019oliban\u00a0\u0645\u0633\u0643\u0629 \u062d\u0631\u0629<\/strong><\/h2>\n<p>L\u2019oliban\u00a0<b>\u0645\u0633\u0643\u0629<\/b><b> <\/b><b>\u062d\u0631\u0629<\/b>\u00a0ou est une r\u00e9sine obtenue apr\u00e8s incision de l\u2019\u00e9corce de l\u2019<b>arbre \u00e0 encens<\/b>, que ce soit au niveau des branches ou du tronc. Suite \u00e0 cette incision, la s\u00e8ve s\u2019\u00e9coule. Le fait qu\u2019elle entre en contact direct avec l\u2019air entra\u00eene sa coagulation. Elle peut alors \u00eatre pr\u00e9lev\u00e9e manuellement afin d\u2019\u00eatre ensuite distill\u00e9e.<\/p>\n<p>il ajoute un v\u00e9ritable\u00a0gout \u00e0 vos pr\u00e9paration de p\u00e2tisserie\u00a0tel que, Chebakia, g\u00e2teaux\u00a0d&rsquo;amandes etc ..<\/p>\n<h3><b>Informations de livraison<\/b><\/h3>\n<ul>\n<li>Livraison assur\u00e9e par <a href=\"https:\/\/saida-plants.com\/ar\/shop\/\">SaidaPlants<\/a>, sous 24H \u00e0 Marrakech et sous 1 \u00e0 5 jours pour les autres villes du Maroc.<\/li>\n<li>Exp\u00e9dition pour les commandes \u00e0 l\u2019international sous 1 jour ouvr\u00e9. Les d\u00e9lais de livraison sont variables selon la destination et le mode de livraison choisi.<\/li>\n<\/ul>","protected":false},"excerpt":{"rendered":"<h1 style=\"text-align: center;\"><b>BIENFAITS <\/b><b>OLIBAN 100g<\/b><\/h1>\n<p style=\"text-align: center;\">Produit naturel ne comportant aucun conservateur dans sa pr\u00e9paration<\/p>\n<p style=\"text-align: center;\">Ce sont les produits respectant les principes Vegan qui se basent principalement sur le refus de l&rsquo;exploitation animale<\/p>\n<h2 style=\"text-align: center;\"><strong>L\u2019oliban\u00a0\u0645\u0633\u0643\u0629 \u062d\u0631\u0629<\/strong><\/h2>\n<p style=\"text-align: center;\">L\u2019oliban\u00a0<b>\u0645\u0633\u0643\u0629<\/b><b> <\/b><b>\u062d\u0631\u0629<\/b>\u00a0ou est une r\u00e9sine obtenue apr\u00e8s incision de l\u2019\u00e9corce de l\u2019<b>arbre \u00e0 encens<\/b>, que ce soit au niveau des branches ou du tronc. Suite \u00e0 cette incision, la s\u00e8ve s\u2019\u00e9coule. Le fait qu\u2019elle entre en contact direct avec l\u2019air entra\u00eene sa coagulation. Elle peut alors \u00eatre pr\u00e9lev\u00e9e manuellement afin d\u2019\u00eatre ensuite distill\u00e9e.<\/p>\n<p style=\"text-align: center;\">il ajoute un v\u00e9ritable\u00a0gout \u00e0 vos pr\u00e9paration de p\u00e2tisserie\u00a0tel que, Chebakia, g\u00e2teaux\u00a0d&rsquo;amandes etc ..<\/p>","protected":false},"featured_media":805,"comment_status":"open","ping_status":"closed","template":"","meta":[],"product_cat":[71],"product_tag":[],"class_list":["post-804","product","type-product","status-publish","has-post-thumbnail","hentry","product_cat-epices-et-herbes"],"yoast_head":"<!-- This site is optimized with the Yoast SEO plugin v19.13 - https:\/\/yoast.com\/wordpress\/plugins\/seo\/ -->\n<title>Oliban - \u0645\u0633\u0643\u0629 \u062d\u0631\u0629 - SaidaPlants<\/title>\n<meta name=\"description\" content=\"Oliban - Nous faisons de notre mieux pour nos clients Obtenez le produit parfait et bio 100% fabriqu\u00e9 \u00e0 partir de la nature.\" \/>\n<meta name=\"robots\" content=\"index, follow, max-snippet:-1, max-image-preview:large, max-video-preview:-1\" \/>\n<link rel=\"canonical\" href=\"https:\/\/saida-plants.com\/ar\/product\/oliban-\u0645\u0633\u0643\u0629-\u062d\u0631\u0629\/\" \/>\n<meta property=\"og:locale\" content=\"ar_AR\" \/>\n<meta property=\"og:type\" content=\"article\" \/>\n<meta property=\"og:title\" content=\"Oliban - \u0645\u0633\u0643\u0629 \u062d\u0631\u0629 - SaidaPlants\" \/>\n<meta property=\"og:description\" content=\"Oliban - Nous faisons de notre mieux pour nos clients Obtenez le produit parfait et bio 100% fabriqu\u00e9 \u00e0 partir de la nature.\" \/>\n<meta property=\"og:url\" content=\"https:\/\/saida-plants.com\/ar\/product\/oliban-\u0645\u0633\u0643\u0629-\u062d\u0631\u0629\/\" \/>\n<meta property=\"og:site_name\" content=\"SaidaPlants\" \/>\n<meta property=\"article:publisher\" content=\"https:\/\/www.facebook.com\/SaidaPlants\" \/>\n<meta property=\"og:image\" content=\"https:\/\/saida-plants.com\/wp-content\/uploads\/2021\/08\/0009-1200x800.png\" \/>\n\t<meta property=\"og:image:width\" content=\"1200\" \/>\n\t<meta property=\"og:image:height\" content=\"800\" \/>\n\t<meta property=\"og:image:type\" content=\"image\/png\" \/>\n<meta name=\"twitter:card\" content=\"summary_large_image\" \/>\n<meta name=\"twitter:label1\" content=\"\u0648\u0642\u062a \u0627\u0644\u0642\u0631\u0627\u0621\u0629 \u0627\u0644\u0645\u064f\u0642\u062f\u0651\u0631\" \/>\n\t<meta name=\"twitter:data1\" content=\"\u062f\u0642\u064a\u0642\u0629 \u0648\u0627\u062d\u062f\u0629\" \/>\n<script type=\"application\/ld+json\" class=\"yoast-schema-graph\">{\"@context\":\"https:\/\/schema.org\",\"@graph\":[{\"@type\":\"WebPage\",\"@id\":\"https:\/\/saida-plants.com\/product\/oliban-%d9%85%d8%b3%d9%83%d8%a9-%d8%ad%d8%b1%d8%a9\/\",\"url\":\"https:\/\/saida-plants.com\/product\/oliban-%d9%85%d8%b3%d9%83%d8%a9-%d8%ad%d8%b1%d8%a9\/\",\"name\":\"Oliban - \u0645\u0633\u0643\u0629 \u062d\u0631\u0629 - SaidaPlants\",\"isPartOf\":{\"@id\":\"https:\/\/saida-plants.com\/#website\"},\"datePublished\":\"2021-09-08T15:47:36+00:00\",\"dateModified\":\"2021-09-08T15:47:36+00:00\",\"description\":\"Oliban - Nous faisons de notre mieux pour nos clients Obtenez le produit parfait et bio 100% fabriqu\u00e9 \u00e0 partir de la nature.\",\"breadcrumb\":{\"@id\":\"https:\/\/saida-plants.com\/product\/oliban-%d9%85%d8%b3%d9%83%d8%a9-%d8%ad%d8%b1%d8%a9\/#breadcrumb\"},\"inLanguage\":\"ar\",\"potentialAction\":[{\"@type\":\"ReadAction\",\"target\":[\"https:\/\/saida-plants.com\/product\/oliban-%d9%85%d8%b3%d9%83%d8%a9-%d8%ad%d8%b1%d8%a9\/\"]}]},{\"@type\":\"BreadcrumbList\",\"@id\":\"https:\/\/saida-plants.com\/product\/oliban-%d9%85%d8%b3%d9%83%d8%a9-%d8%ad%d8%b1%d8%a9\/#breadcrumb\",\"itemListElement\":[{\"@type\":\"ListItem\",\"position\":1,\"name\":\"Home\",\"item\":\"https:\/\/saida-plants.com\/\"},{\"@type\":\"ListItem\",\"position\":2,\"name\":\"Shop\",\"item\":\"https:\/\/saida-plants.com\/ar\/shop\/\"},{\"@type\":\"ListItem\",\"position\":3,\"name\":\"Oliban &#8211; \u0645\u0633\u0643\u0629 \u062d\u0631\u0629\"}]},{\"@type\":\"WebSite\",\"@id\":\"https:\/\/saida-plants.com\/#website\",\"url\":\"https:\/\/saida-plants.com\/\",\"name\":\"SaidaPlants\",\"description\":\"1er Boutique En ligne Produit 100% Bio\",\"publisher\":{\"@id\":\"https:\/\/saida-plants.com\/#organization\"},\"potentialAction\":[{\"@type\":\"SearchAction\",\"target\":{\"@type\":\"EntryPoint\",\"urlTemplate\":\"https:\/\/saida-plants.com\/?s={search_term_string}\"},\"query-input\":\"required name=search_term_string\"}],\"inLanguage\":\"ar\"},{\"@type\":\"Organization\",\"@id\":\"https:\/\/saida-plants.com\/#organization\",\"name\":\"SaidaPlants\",\"url\":\"https:\/\/saida-plants.com\/\",\"logo\":{\"@type\":\"ImageObject\",\"inLanguage\":\"ar\",\"@id\":\"https:\/\/saida-plants.com\/#\/schema\/logo\/image\/\",\"url\":\"https:\/\/saida-plants.com\/wp-content\/uploads\/2021\/08\/WhatsApp-Image-2021-08-11-at-17.44.40.jpeg\",\"contentUrl\":\"https:\/\/saida-plants.com\/wp-content\/uploads\/2021\/08\/WhatsApp-Image-2021-08-11-at-17.44.40.jpeg\",\"width\":1280,\"height\":463,\"caption\":\"SaidaPlants\"},\"image\":{\"@id\":\"https:\/\/saida-plants.com\/#\/schema\/logo\/image\/\"},\"sameAs\":[\"https:\/\/www.instagram.com\/saidaplants\/\",\"https:\/\/www.facebook.com\/SaidaPlants\"]}]}<\/script>\n<!-- \/ Yoast SEO plugin. -->","yoast_head_json":{"title":"Oliban - \u0645\u0633\u0643\u0629 \u062d\u0631\u0629 - SaidaPlants","description":"Oliban - Nous faisons de notre mieux pour nos clients Obtenez le produit parfait et bio 100% fabriqu\u00e9 \u00e0 partir de la nature.","robots":{"index":"index","follow":"follow","max-snippet":"max-snippet:-1","max-image-preview":"max-image-preview:large","max-video-preview":"max-video-preview:-1"},"canonical":"https:\/\/saida-plants.com\/ar\/product\/oliban-\u0645\u0633\u0643\u0629-\u062d\u0631\u0629\/","og_locale":"ar_AR","og_type":"article","og_title":"Oliban - \u0645\u0633\u0643\u0629 \u062d\u0631\u0629 - SaidaPlants","og_description":"Oliban - Nous faisons de notre mieux pour nos clients Obtenez le produit parfait et bio 100% fabriqu\u00e9 \u00e0 partir de la nature.","og_url":"https:\/\/saida-plants.com\/ar\/product\/oliban-\u0645\u0633\u0643\u0629-\u062d\u0631\u0629\/","og_site_name":"SaidaPlants","article_publisher":"https:\/\/www.facebook.com\/SaidaPlants","og_image":[{"width":1200,"height":800,"url":"https:\/\/saida-plants.com\/wp-content\/uploads\/2021\/08\/0009-1200x800.png","type":"image\/png"}],"twitter_card":"summary_large_image","twitter_misc":{"\u0648\u0642\u062a \u0627\u0644\u0642\u0631\u0627\u0621\u0629 \u0627\u0644\u0645\u064f\u0642\u062f\u0651\u0631":"\u062f\u0642\u064a\u0642\u0629 \u0648\u0627\u062d\u062f\u0629"},"schema":{"@context":"https:\/\/schema.org","@graph":[{"@type":"WebPage","@id":"https:\/\/saida-plants.com\/product\/oliban-%d9%85%d8%b3%d9%83%d8%a9-%d8%ad%d8%b1%d8%a9\/","url":"https:\/\/saida-plants.com\/product\/oliban-%d9%85%d8%b3%d9%83%d8%a9-%d8%ad%d8%b1%d8%a9\/","name":"Oliban - \u0645\u0633\u0643\u0629 \u062d\u0631\u0629 - SaidaPlants","isPartOf":{"@id":"https:\/\/saida-plants.com\/#website"},"datePublished":"2021-09-08T15:47:36+00:00","dateModified":"2021-09-08T15:47:36+00:00","description":"Oliban - Nous faisons de notre mieux pour nos clients Obtenez le produit parfait et bio 100% fabriqu\u00e9 \u00e0 partir de la nature.","breadcrumb":{"@id":"https:\/\/saida-plants.com\/product\/oliban-%d9%85%d8%b3%d9%83%d8%a9-%d8%ad%d8%b1%d8%a9\/#breadcrumb"},"inLanguage":"ar","potentialAction":[{"@type":"ReadAction","target":["https:\/\/saida-plants.com\/product\/oliban-%d9%85%d8%b3%d9%83%d8%a9-%d8%ad%d8%b1%d8%a9\/"]}]},{"@type":"BreadcrumbList","@id":"https:\/\/saida-plants.com\/product\/oliban-%d9%85%d8%b3%d9%83%d8%a9-%d8%ad%d8%b1%d8%a9\/#breadcrumb","itemListElement":[{"@type":"ListItem","position":1,"name":"Home","item":"https:\/\/saida-plants.com\/"},{"@type":"ListItem","position":2,"name":"Shop","item":"https:\/\/saida-plants.com\/ar\/shop\/"},{"@type":"ListItem","position":3,"name":"Oliban &#8211; \u0645\u0633\u0643\u0629 \u062d\u0631\u0629"}]},{"@type":"WebSite","@id":"https:\/\/saida-plants.com\/#website","url":"https:\/\/saida-plants.com\/","name":"SaidaPlants","description":"1er Boutique En ligne Produit 100% Bio","publisher":{"@id":"https:\/\/saida-plants.com\/#organization"},"potentialAction":[{"@type":"SearchAction","target":{"@type":"EntryPoint","urlTemplate":"https:\/\/saida-plants.com\/?s={search_term_string}"},"query-input":"required name=search_term_string"}],"inLanguage":"ar"},{"@type":"Organization","@id":"https:\/\/saida-plants.com\/#organization","name":"SaidaPlants","url":"https:\/\/saida-plants.com\/","logo":{"@type":"ImageObject","inLanguage":"ar","@id":"https:\/\/saida-plants.com\/#\/schema\/logo\/image\/","url":"https:\/\/saida-plants.com\/wp-content\/uploads\/2021\/08\/WhatsApp-Image-2021-08-11-at-17.44.40.jpeg","contentUrl":"https:\/\/saida-plants.com\/wp-content\/uploads\/2021\/08\/WhatsApp-Image-2021-08-11-at-17.44.40.jpeg","width":1280,"height":463,"caption":"SaidaPlants"},"image":{"@id":"https:\/\/saida-plants.com\/#\/schema\/logo\/image\/"},"sameAs":["https:\/\/www.instagram.com\/saidaplants\/","https:\/\/www.facebook.com\/SaidaPlants"]}]}},"_links":{"self":[{"href":"https:\/\/saida-plants.com\/ar\/wp-json\/wp\/v2\/product\/804"}],"collection":[{"href":"https:\/\/saida-plants.com\/ar\/wp-json\/wp\/v2\/product"}],"about":[{"href":"https:\/\/saida-plants.com\/ar\/wp-json\/wp\/v2\/types\/product"}],"replies":[{"embeddable":true,"href":"https:\/\/saida-plants.com\/ar\/wp-json\/wp\/v2\/comments?post=804"}],"wp:featuredmedia":[{"embeddable":true,"href":"https:\/\/saida-plants.com\/ar\/wp-json\/wp\/v2\/media\/805"}],"wp:attachment":[{"href":"https:\/\/saida-plants.com\/ar\/wp-json\/wp\/v2\/media?parent=804"}],"wp:term":[{"taxonomy":"product_cat","embeddable":true,"href":"https:\/\/saida-plants.com\/ar\/wp-json\/wp\/v2\/product_cat?post=804"},{"taxonomy":"product_tag","embeddable":true,"href":"https:\/\/saida-plants.com\/ar\/wp-json\/wp\/v2\/product_tag?post=804"}],"curies":[{"name":"wp","href":"https:\/\/api.w.org\/{rel}","templated":true}]}}