{"id":808,"date":"2021-09-08T16:14:31","date_gmt":"2021-09-08T16:14:31","guid":{"rendered":"https:\/\/saida-plants.com\/?post_type=product&#038;p=808"},"modified":"2022-09-12T21:39:51","modified_gmt":"2022-09-12T21:39:51","slug":"coriandre-locale-poudre-100g-%d9%82%d8%b2%d8%a8%d9%88%d8%b1-%d8%a8%d9%88%d8%af%d8%b1%d8%a9","status":"publish","type":"product","link":"https:\/\/saida-plants.com\/ar\/product\/coriandre-locale-poudre-100g-%d9%82%d8%b2%d8%a8%d9%88%d8%b1-%d8%a8%d9%88%d8%af%d8%b1%d8%a9\/","title":{"rendered":"Coriandre locale Poudre 100g &#8211; (\u0642\u0632\u0628\u0648\u0631 \u0628\u0648\u062f\u0631\u0629)"},"content":{"rendered":"<h1><b>BIENFAITS <\/b><b>CORIANDRE LOCALE POUDRE 100g<\/b><\/h1>\n<ul>\n<li>Produit naturel ne comportant aucun conservateur dans sa pr\u00e9paration<\/li>\n<li>Ce sont les produits respectant les principes Vegan qui se basent principalement sur le refus de l&rsquo;exploitation animale<\/li>\n<\/ul>\n<h2><strong>La coriandre, l\u2019\u00e9pice aux milles utilisations !<\/strong><\/h2>\n<p>Coriandre locale Poudre Sa pr\u00e9sence remonte bien avant J\u00e9sus-Christ, on la retrouve dans des s\u00e9pultures de l\u2019egypte antique, notamment en grande quantit\u00e9 dans le tombeau de Toutankhamon, au N\u00e9olithique dans une grotte en Isra\u00ebl, chez les Romain pour conserver la viande, ainsi qu\u2019en Europe o\u00f9 sa culture \u00e9tait m\u00eame recommand\u00e9e par Charlemagne.<\/p>\n<p>Tant\u00f4t cultiv\u00e9e pour; la fabrication de parfums, l\u2019usage culinaire, les rituels, et pour ses vertus, la coriandre tient une place privil\u00e9gi\u00e9e dans l\u2019Histoire !<\/p>\n<p>Son utilisation est tr\u00e8s vari\u00e9e; elle rentre dans la composition de nombreux m\u00e9lange d\u2019\u00e9pices traditionnels tels que les curry, le 5 parfums, le colombo, le massal\u00e9, dans notre \u00ab m\u00e9lange italien \u00bb ,elle s\u2019associe tr\u00e8s bien aux poissons, viandes, l\u00e9gumes, on peut la mettre dans les soupes, court-bouillons, sauce etc\u2026<\/p>\n<p>On la retrouve aussi dans notre m\u00e9lange maison de poivres, le \u00ab m\u00e9lange 6 baies \u00bb auquel elle donne saveur et douceur !<\/p>\n<p>La coriandre poss\u00e8de de nombreuses vertus, c\u2019est pour cela qu\u2019elle fait officiellement partie de la liste des plantes m\u00e9dicinale en France et en Europe. On la retrouve d\u2019ailleurs en phytoth\u00e9rapie, en hom\u00e9opathie et en aromath\u00e9rapie.<\/p>\n<p>Elle est tr\u00e8s utile pour la digestion; spasmes, a\u00e9rophagie, digestion difficile, elle donne aussi une bonne haleine, contient de nombreux antioxydants, et des vitamines pour la feuille de coriandre .<\/p>\n<h3><b>Informations de livraison<\/b><\/h3>\n<ul>\n<li>Livraison assur\u00e9e par <a href=\"https:\/\/saida-plants.com\/ar\/shop\/\">SaidaPlants<\/a>, sous 24H \u00e0 Marrakech et sous 1 \u00e0 5 jours pour les autres villes du Maroc.<\/li>\n<li>Exp\u00e9dition pour les commandes \u00e0 l\u2019international sous 1 jour ouvr\u00e9. Les d\u00e9lais de livraison sont variables selon la destination et le mode de livraison choisi.<\/li>\n<\/ul>","protected":false},"excerpt":{"rendered":"<h1 style=\"text-align: center;\"><b>BIENFAITS <\/b><b>CORIANDRE LOCALE POUDRE 100g<\/b><\/h1>\n<p style=\"text-align: center;\">Produit naturel ne comportant aucun conservateur dans sa pr\u00e9paration<\/p>\n<p style=\"text-align: center;\">Ce sont les produits respectant les principes Vegan qui se basent principalement sur le refus de l&rsquo;exploitation animale<\/p>\n<h2 style=\"text-align: center;\"><strong>La coriandre, l\u2019\u00e9pice aux milles utilisations !<\/strong><\/h2>\n<p style=\"text-align: center;\">Sa pr\u00e9sence remonte bien avant J\u00e9sus-Christ, on la retrouve dans des s\u00e9pultures de l\u2019egypte antique, notamment en grande quantit\u00e9 dans le tombeau de Toutankhamon, au N\u00e9olithique dans une grotte en Isra\u00ebl, chez les Romain pour conserver la viande, ainsi qu\u2019en Europe o\u00f9 sa culture \u00e9tait m\u00eame recommand\u00e9e par Charlemagne.<\/p>\n<p style=\"text-align: center;\">Tant\u00f4t cultiv\u00e9e pour; la fabrication de parfums, l\u2019usage culinaire, les rituels, et pour ses vertus, la coriandre tient une place privil\u00e9gi\u00e9e dans l\u2019Histoire !<\/p>","protected":false},"featured_media":809,"comment_status":"open","ping_status":"closed","template":"","meta":[],"product_cat":[71],"product_tag":[],"class_list":["post-808","product","type-product","status-publish","has-post-thumbnail","hentry","product_cat-epices-et-herbes"],"yoast_head":"<!-- This site is optimized with the Yoast SEO plugin v19.13 - https:\/\/yoast.com\/wordpress\/plugins\/seo\/ -->\n<title>Coriandre locale Poudre 100g - (\u0642\u0632\u0628\u0648\u0631 \u0628\u0648\u062f\u0631\u0629) - SaidaPlants<\/title>\n<meta name=\"description\" content=\"Coriandre locale Poudre - Nous faisons de notre mieux pour nos clients Obtenez le produit parfait et bio 100% fabriqu\u00e9 \u00e0 partir de la nature.\" \/>\n<meta name=\"robots\" content=\"index, follow, max-snippet:-1, max-image-preview:large, max-video-preview:-1\" \/>\n<link rel=\"canonical\" href=\"https:\/\/saida-plants.com\/ar\/product\/coriandre-locale-poudre-100g-\u0642\u0632\u0628\u0648\u0631-\u0628\u0648\u062f\u0631\u0629\/\" \/>\n<meta property=\"og:locale\" content=\"ar_AR\" \/>\n<meta property=\"og:type\" content=\"article\" \/>\n<meta property=\"og:title\" content=\"Coriandre locale Poudre 100g - (\u0642\u0632\u0628\u0648\u0631 \u0628\u0648\u062f\u0631\u0629) - SaidaPlants\" \/>\n<meta property=\"og:description\" content=\"Coriandre locale Poudre - Nous faisons de notre mieux pour nos clients Obtenez le produit parfait et bio 100% fabriqu\u00e9 \u00e0 partir de la nature.\" \/>\n<meta property=\"og:url\" content=\"https:\/\/saida-plants.com\/ar\/product\/coriandre-locale-poudre-100g-\u0642\u0632\u0628\u0648\u0631-\u0628\u0648\u062f\u0631\u0629\/\" \/>\n<meta property=\"og:site_name\" content=\"SaidaPlants\" \/>\n<meta property=\"article:publisher\" content=\"https:\/\/www.facebook.com\/SaidaPlants\" \/>\n<meta property=\"article:modified_time\" content=\"2022-09-12T21:39:51+00:00\" \/>\n<meta property=\"og:image\" content=\"https:\/\/saida-plants.com\/wp-content\/uploads\/2021\/08\/00017-1200x800.png\" \/>\n\t<meta property=\"og:image:width\" content=\"1200\" \/>\n\t<meta property=\"og:image:height\" content=\"800\" \/>\n\t<meta property=\"og:image:type\" content=\"image\/png\" \/>\n<meta name=\"twitter:card\" content=\"summary_large_image\" \/>\n<meta name=\"twitter:label1\" content=\"\u0648\u0642\u062a \u0627\u0644\u0642\u0631\u0627\u0621\u0629 \u0627\u0644\u0645\u064f\u0642\u062f\u0651\u0631\" \/>\n\t<meta name=\"twitter:data1\" content=\"\u062f\u0642\u064a\u0642\u062a\u0627\u0646\" \/>\n<script type=\"application\/ld+json\" class=\"yoast-schema-graph\">{\"@context\":\"https:\/\/schema.org\",\"@graph\":[{\"@type\":\"WebPage\",\"@id\":\"https:\/\/saida-plants.com\/product\/coriandre-locale-poudre-100g-%d9%82%d8%b2%d8%a8%d9%88%d8%b1-%d8%a8%d9%88%d8%af%d8%b1%d8%a9\/\",\"url\":\"https:\/\/saida-plants.com\/product\/coriandre-locale-poudre-100g-%d9%82%d8%b2%d8%a8%d9%88%d8%b1-%d8%a8%d9%88%d8%af%d8%b1%d8%a9\/\",\"name\":\"Coriandre locale Poudre 100g - (\u0642\u0632\u0628\u0648\u0631 \u0628\u0648\u062f\u0631\u0629) - SaidaPlants\",\"isPartOf\":{\"@id\":\"https:\/\/saida-plants.com\/#website\"},\"datePublished\":\"2021-09-08T16:14:31+00:00\",\"dateModified\":\"2022-09-12T21:39:51+00:00\",\"description\":\"Coriandre locale Poudre - Nous faisons de notre mieux pour nos clients Obtenez le produit parfait et bio 100% fabriqu\u00e9 \u00e0 partir de la nature.\",\"breadcrumb\":{\"@id\":\"https:\/\/saida-plants.com\/product\/coriandre-locale-poudre-100g-%d9%82%d8%b2%d8%a8%d9%88%d8%b1-%d8%a8%d9%88%d8%af%d8%b1%d8%a9\/#breadcrumb\"},\"inLanguage\":\"ar\",\"potentialAction\":[{\"@type\":\"ReadAction\",\"target\":[\"https:\/\/saida-plants.com\/product\/coriandre-locale-poudre-100g-%d9%82%d8%b2%d8%a8%d9%88%d8%b1-%d8%a8%d9%88%d8%af%d8%b1%d8%a9\/\"]}]},{\"@type\":\"BreadcrumbList\",\"@id\":\"https:\/\/saida-plants.com\/product\/coriandre-locale-poudre-100g-%d9%82%d8%b2%d8%a8%d9%88%d8%b1-%d8%a8%d9%88%d8%af%d8%b1%d8%a9\/#breadcrumb\",\"itemListElement\":[{\"@type\":\"ListItem\",\"position\":1,\"name\":\"Home\",\"item\":\"https:\/\/saida-plants.com\/\"},{\"@type\":\"ListItem\",\"position\":2,\"name\":\"Shop\",\"item\":\"https:\/\/saida-plants.com\/ar\/shop\/\"},{\"@type\":\"ListItem\",\"position\":3,\"name\":\"Coriandre locale Poudre 100g &#8211; (\u0642\u0632\u0628\u0648\u0631 \u0628\u0648\u062f\u0631\u0629)\"}]},{\"@type\":\"WebSite\",\"@id\":\"https:\/\/saida-plants.com\/#website\",\"url\":\"https:\/\/saida-plants.com\/\",\"name\":\"SaidaPlants\",\"description\":\"1er Boutique En ligne Produit 100% Bio\",\"publisher\":{\"@id\":\"https:\/\/saida-plants.com\/#organization\"},\"potentialAction\":[{\"@type\":\"SearchAction\",\"target\":{\"@type\":\"EntryPoint\",\"urlTemplate\":\"https:\/\/saida-plants.com\/?s={search_term_string}\"},\"query-input\":\"required name=search_term_string\"}],\"inLanguage\":\"ar\"},{\"@type\":\"Organization\",\"@id\":\"https:\/\/saida-plants.com\/#organization\",\"name\":\"SaidaPlants\",\"url\":\"https:\/\/saida-plants.com\/\",\"logo\":{\"@type\":\"ImageObject\",\"inLanguage\":\"ar\",\"@id\":\"https:\/\/saida-plants.com\/#\/schema\/logo\/image\/\",\"url\":\"https:\/\/saida-plants.com\/wp-content\/uploads\/2021\/08\/WhatsApp-Image-2021-08-11-at-17.44.40.jpeg\",\"contentUrl\":\"https:\/\/saida-plants.com\/wp-content\/uploads\/2021\/08\/WhatsApp-Image-2021-08-11-at-17.44.40.jpeg\",\"width\":1280,\"height\":463,\"caption\":\"SaidaPlants\"},\"image\":{\"@id\":\"https:\/\/saida-plants.com\/#\/schema\/logo\/image\/\"},\"sameAs\":[\"https:\/\/www.instagram.com\/saidaplants\/\",\"https:\/\/www.facebook.com\/SaidaPlants\"]}]}<\/script>\n<!-- \/ Yoast SEO plugin. -->","yoast_head_json":{"title":"Coriandre locale Poudre 100g - (\u0642\u0632\u0628\u0648\u0631 \u0628\u0648\u062f\u0631\u0629) - SaidaPlants","description":"Coriandre locale Poudre - Nous faisons de notre mieux pour nos clients Obtenez le produit parfait et bio 100% fabriqu\u00e9 \u00e0 partir de la nature.","robots":{"index":"index","follow":"follow","max-snippet":"max-snippet:-1","max-image-preview":"max-image-preview:large","max-video-preview":"max-video-preview:-1"},"canonical":"https:\/\/saida-plants.com\/ar\/product\/coriandre-locale-poudre-100g-\u0642\u0632\u0628\u0648\u0631-\u0628\u0648\u062f\u0631\u0629\/","og_locale":"ar_AR","og_type":"article","og_title":"Coriandre locale Poudre 100g - (\u0642\u0632\u0628\u0648\u0631 \u0628\u0648\u062f\u0631\u0629) - SaidaPlants","og_description":"Coriandre locale Poudre - Nous faisons de notre mieux pour nos clients Obtenez le produit parfait et bio 100% fabriqu\u00e9 \u00e0 partir de la nature.","og_url":"https:\/\/saida-plants.com\/ar\/product\/coriandre-locale-poudre-100g-\u0642\u0632\u0628\u0648\u0631-\u0628\u0648\u062f\u0631\u0629\/","og_site_name":"SaidaPlants","article_publisher":"https:\/\/www.facebook.com\/SaidaPlants","article_modified_time":"2022-09-12T21:39:51+00:00","og_image":[{"width":1200,"height":800,"url":"https:\/\/saida-plants.com\/wp-content\/uploads\/2021\/08\/00017-1200x800.png","type":"image\/png"}],"twitter_card":"summary_large_image","twitter_misc":{"\u0648\u0642\u062a \u0627\u0644\u0642\u0631\u0627\u0621\u0629 \u0627\u0644\u0645\u064f\u0642\u062f\u0651\u0631":"\u062f\u0642\u064a\u0642\u062a\u0627\u0646"},"schema":{"@context":"https:\/\/schema.org","@graph":[{"@type":"WebPage","@id":"https:\/\/saida-plants.com\/product\/coriandre-locale-poudre-100g-%d9%82%d8%b2%d8%a8%d9%88%d8%b1-%d8%a8%d9%88%d8%af%d8%b1%d8%a9\/","url":"https:\/\/saida-plants.com\/product\/coriandre-locale-poudre-100g-%d9%82%d8%b2%d8%a8%d9%88%d8%b1-%d8%a8%d9%88%d8%af%d8%b1%d8%a9\/","name":"Coriandre locale Poudre 100g - (\u0642\u0632\u0628\u0648\u0631 \u0628\u0648\u062f\u0631\u0629) - SaidaPlants","isPartOf":{"@id":"https:\/\/saida-plants.com\/#website"},"datePublished":"2021-09-08T16:14:31+00:00","dateModified":"2022-09-12T21:39:51+00:00","description":"Coriandre locale Poudre - Nous faisons de notre mieux pour nos clients Obtenez le produit parfait et bio 100% fabriqu\u00e9 \u00e0 partir de la nature.","breadcrumb":{"@id":"https:\/\/saida-plants.com\/product\/coriandre-locale-poudre-100g-%d9%82%d8%b2%d8%a8%d9%88%d8%b1-%d8%a8%d9%88%d8%af%d8%b1%d8%a9\/#breadcrumb"},"inLanguage":"ar","potentialAction":[{"@type":"ReadAction","target":["https:\/\/saida-plants.com\/product\/coriandre-locale-poudre-100g-%d9%82%d8%b2%d8%a8%d9%88%d8%b1-%d8%a8%d9%88%d8%af%d8%b1%d8%a9\/"]}]},{"@type":"BreadcrumbList","@id":"https:\/\/saida-plants.com\/product\/coriandre-locale-poudre-100g-%d9%82%d8%b2%d8%a8%d9%88%d8%b1-%d8%a8%d9%88%d8%af%d8%b1%d8%a9\/#breadcrumb","itemListElement":[{"@type":"ListItem","position":1,"name":"Home","item":"https:\/\/saida-plants.com\/"},{"@type":"ListItem","position":2,"name":"Shop","item":"https:\/\/saida-plants.com\/ar\/shop\/"},{"@type":"ListItem","position":3,"name":"Coriandre locale Poudre 100g &#8211; (\u0642\u0632\u0628\u0648\u0631 \u0628\u0648\u062f\u0631\u0629)"}]},{"@type":"WebSite","@id":"https:\/\/saida-plants.com\/#website","url":"https:\/\/saida-plants.com\/","name":"SaidaPlants","description":"1er Boutique En ligne Produit 100% Bio","publisher":{"@id":"https:\/\/saida-plants.com\/#organization"},"potentialAction":[{"@type":"SearchAction","target":{"@type":"EntryPoint","urlTemplate":"https:\/\/saida-plants.com\/?s={search_term_string}"},"query-input":"required name=search_term_string"}],"inLanguage":"ar"},{"@type":"Organization","@id":"https:\/\/saida-plants.com\/#organization","name":"SaidaPlants","url":"https:\/\/saida-plants.com\/","logo":{"@type":"ImageObject","inLanguage":"ar","@id":"https:\/\/saida-plants.com\/#\/schema\/logo\/image\/","url":"https:\/\/saida-plants.com\/wp-content\/uploads\/2021\/08\/WhatsApp-Image-2021-08-11-at-17.44.40.jpeg","contentUrl":"https:\/\/saida-plants.com\/wp-content\/uploads\/2021\/08\/WhatsApp-Image-2021-08-11-at-17.44.40.jpeg","width":1280,"height":463,"caption":"SaidaPlants"},"image":{"@id":"https:\/\/saida-plants.com\/#\/schema\/logo\/image\/"},"sameAs":["https:\/\/www.instagram.com\/saidaplants\/","https:\/\/www.facebook.com\/SaidaPlants"]}]}},"_links":{"self":[{"href":"https:\/\/saida-plants.com\/ar\/wp-json\/wp\/v2\/product\/808"}],"collection":[{"href":"https:\/\/saida-plants.com\/ar\/wp-json\/wp\/v2\/product"}],"about":[{"href":"https:\/\/saida-plants.com\/ar\/wp-json\/wp\/v2\/types\/product"}],"replies":[{"embeddable":true,"href":"https:\/\/saida-plants.com\/ar\/wp-json\/wp\/v2\/comments?post=808"}],"wp:featuredmedia":[{"embeddable":true,"href":"https:\/\/saida-plants.com\/ar\/wp-json\/wp\/v2\/media\/809"}],"wp:attachment":[{"href":"https:\/\/saida-plants.com\/ar\/wp-json\/wp\/v2\/media?parent=808"}],"wp:term":[{"taxonomy":"product_cat","embeddable":true,"href":"https:\/\/saida-plants.com\/ar\/wp-json\/wp\/v2\/product_cat?post=808"},{"taxonomy":"product_tag","embeddable":true,"href":"https:\/\/saida-plants.com\/ar\/wp-json\/wp\/v2\/product_tag?post=808"}],"curies":[{"name":"wp","href":"https:\/\/api.w.org\/{rel}","templated":true}]}}