{"id":815,"date":"2021-09-08T16:14:54","date_gmt":"2021-09-08T16:14:54","guid":{"rendered":"https:\/\/saida-plants.com\/?post_type=product&#038;p=815"},"modified":"2025-05-13T03:55:04","modified_gmt":"2025-05-13T03:55:04","slug":"melange-epices-pastilla-fruits-de-mer-%d8%aa%d9%88%d8%a7%d8%a8%d9%84-%d8%a8%d8%b3%d8%b7%d9%8a%d9%84%d8%a9-%d8%a7%d9%84%d8%ad%d9%88%d8%aa","status":"publish","type":"product","link":"https:\/\/saida-plants.com\/ar\/product\/melange-epices-pastilla-fruits-de-mer-%d8%aa%d9%88%d8%a7%d8%a8%d9%84-%d8%a8%d8%b3%d8%b7%d9%8a%d9%84%d8%a9-%d8%a7%d9%84%d8%ad%d9%88%d8%aa\/","title":{"rendered":"M\u00e9lange \u00e9pices pastilla Fruits de mer &#8211; \u062a\u0648\u0627\u0628\u0644 \u0628\u0633\u0637\u064a\u0644\u0629 \u0627\u0644\u062d\u0648\u062a"},"content":{"rendered":"<h1><b>BIENFAITS\u00a0M\u00c9LANGE \u00c9PICES PASTILLA 100g<\/b><\/h1>\n<ul>\n<li>Produit naturel ne comportant aucun conservateur dans sa pr\u00e9paration<\/li>\n<li>Ce sont les produits respectant les principes Vegan qui se basent principalement sur le refus de l&rsquo;exploitation animale<\/li>\n<\/ul>\n<p>M\u00e9lange \u00e9pices pastilla est Un m\u00e9lange\u00a0d\u2019herbes s\u00e9ch\u00e9es et d\u2019\u00e9pices ajoute une petite touche d\u00e9licieuse\u00a0pour\u00a0la pr\u00e9paration de vos Pastillas fruits de mer.<\/p>\n<p>Il est excellent pour pr\u00e9parer vos\u00a0<b>marinades<\/b>. Badigeonnez l&rsquo;ensemble de vos fruits de mer (d\u2019olive).<\/p>\n<h2><b>Informations de livraison<\/b><\/h2>\n<ul>\n<li>Livraison assur\u00e9e par <a href=\"https:\/\/saida-plants.com\/ar\/shop\/\">SaidaPlants<\/a>, sous 24H \u00e0 Marrakech et sous 1 \u00e0 5 jours pour les autres villes du Maroc.<\/li>\n<li>Exp\u00e9dition pour les commandes \u00e0 l\u2019international sous 1 jour ouvr\u00e9. Les d\u00e9lais de livraison sont variables selon la destination et le mode de livraison choisi.<\/li>\n<\/ul>","protected":false},"excerpt":{"rendered":"<h1 style=\"text-align: center;\"><b>BIENFAITS\u00a0M\u00c9LANGE \u00c9PICES PASTILLA 100g<\/b><\/h1>\n<p style=\"text-align: center;\">Produit naturel ne comportant aucun conservateur dans sa pr\u00e9paration<\/p>\n<p style=\"text-align: center;\">Ce sont les produits respectant les principes Vegan qui se basent principalement sur le refus de l&rsquo;exploitation animale<\/p>\n<p style=\"text-align: center;\">Un m\u00e9lange\u00a0d\u2019herbes s\u00e9ch\u00e9es et d\u2019\u00e9pices ajoute une petite touche d\u00e9licieuse\u00a0pour\u00a0la pr\u00e9paration de vos Pastillas fruits de mer.<\/p>\n<p style=\"text-align: center;\">Il est excellent pour pr\u00e9parer vos\u00a0<b>marinades<\/b>. Badigeonnez l&rsquo;ensemble de vos fruits de mer (d\u2019olive).<\/p>","protected":false},"featured_media":816,"comment_status":"open","ping_status":"closed","template":"","meta":[],"product_cat":[71],"product_tag":[],"class_list":["post-815","product","type-product","status-publish","has-post-thumbnail","hentry","product_cat-epices-et-herbes"],"yoast_head":"<!-- This site is optimized with the Yoast SEO plugin v19.13 - https:\/\/yoast.com\/wordpress\/plugins\/seo\/ -->\n<title>M\u00e9lange \u00e9pices pastilla Fruits de mer - \u062a\u0648\u0627\u0628\u0644 \u0628\u0633\u0637\u064a\u0644\u0629 \u0627\u0644\u062d\u0648\u062a - SaidaPlants<\/title>\n<meta name=\"description\" content=\"M\u00e9lange \u00e9pices pastilla - Nous faisons de notre mieux pour nos clients Obtenez le produit parfait et bio 100% fabriqu\u00e9 \u00e0 partir de la nature.\" \/>\n<meta name=\"robots\" content=\"index, follow, max-snippet:-1, max-image-preview:large, max-video-preview:-1\" \/>\n<link rel=\"canonical\" href=\"https:\/\/saida-plants.com\/ar\/product\/melange-epices-pastilla-fruits-de-mer-\u062a\u0648\u0627\u0628\u0644-\u0628\u0633\u0637\u064a\u0644\u0629-\u0627\u0644\u062d\u0648\u062a\/\" \/>\n<meta property=\"og:locale\" content=\"ar_AR\" \/>\n<meta property=\"og:type\" content=\"article\" \/>\n<meta property=\"og:title\" content=\"M\u00e9lange \u00e9pices pastilla Fruits de mer - \u062a\u0648\u0627\u0628\u0644 \u0628\u0633\u0637\u064a\u0644\u0629 \u0627\u0644\u062d\u0648\u062a - SaidaPlants\" \/>\n<meta property=\"og:description\" content=\"M\u00e9lange \u00e9pices pastilla - Nous faisons de notre mieux pour nos clients Obtenez le produit parfait et bio 100% fabriqu\u00e9 \u00e0 partir de la nature.\" \/>\n<meta property=\"og:url\" content=\"https:\/\/saida-plants.com\/ar\/product\/melange-epices-pastilla-fruits-de-mer-\u062a\u0648\u0627\u0628\u0644-\u0628\u0633\u0637\u064a\u0644\u0629-\u0627\u0644\u062d\u0648\u062a\/\" \/>\n<meta property=\"og:site_name\" content=\"SaidaPlants\" \/>\n<meta property=\"article:publisher\" content=\"https:\/\/www.facebook.com\/SaidaPlants\" \/>\n<meta property=\"article:modified_time\" content=\"2025-05-13T03:55:04+00:00\" \/>\n<meta property=\"og:image\" content=\"https:\/\/saida-plants.com\/wp-content\/uploads\/2021\/08\/00014-1200x800.png\" \/>\n\t<meta property=\"og:image:width\" content=\"1200\" \/>\n\t<meta property=\"og:image:height\" content=\"800\" \/>\n\t<meta property=\"og:image:type\" content=\"image\/png\" \/>\n<meta name=\"twitter:card\" content=\"summary_large_image\" \/>\n<meta name=\"twitter:label1\" content=\"\u0648\u0642\u062a \u0627\u0644\u0642\u0631\u0627\u0621\u0629 \u0627\u0644\u0645\u064f\u0642\u062f\u0651\u0631\" \/>\n\t<meta name=\"twitter:data1\" content=\"\u062f\u0642\u064a\u0642\u0629 \u0648\u0627\u062d\u062f\u0629\" \/>\n<script type=\"application\/ld+json\" class=\"yoast-schema-graph\">{\"@context\":\"https:\/\/schema.org\",\"@graph\":[{\"@type\":\"WebPage\",\"@id\":\"https:\/\/saida-plants.com\/product\/melange-epices-pastilla-fruits-de-mer-%d8%aa%d9%88%d8%a7%d8%a8%d9%84-%d8%a8%d8%b3%d8%b7%d9%8a%d9%84%d8%a9-%d8%a7%d9%84%d8%ad%d9%88%d8%aa\/\",\"url\":\"https:\/\/saida-plants.com\/product\/melange-epices-pastilla-fruits-de-mer-%d8%aa%d9%88%d8%a7%d8%a8%d9%84-%d8%a8%d8%b3%d8%b7%d9%8a%d9%84%d8%a9-%d8%a7%d9%84%d8%ad%d9%88%d8%aa\/\",\"name\":\"M\u00e9lange \u00e9pices pastilla Fruits de mer - \u062a\u0648\u0627\u0628\u0644 \u0628\u0633\u0637\u064a\u0644\u0629 \u0627\u0644\u062d\u0648\u062a - SaidaPlants\",\"isPartOf\":{\"@id\":\"https:\/\/saida-plants.com\/#website\"},\"datePublished\":\"2021-09-08T16:14:54+00:00\",\"dateModified\":\"2025-05-13T03:55:04+00:00\",\"description\":\"M\u00e9lange \u00e9pices pastilla - Nous faisons de notre mieux pour nos clients Obtenez le produit parfait et bio 100% fabriqu\u00e9 \u00e0 partir de la nature.\",\"breadcrumb\":{\"@id\":\"https:\/\/saida-plants.com\/product\/melange-epices-pastilla-fruits-de-mer-%d8%aa%d9%88%d8%a7%d8%a8%d9%84-%d8%a8%d8%b3%d8%b7%d9%8a%d9%84%d8%a9-%d8%a7%d9%84%d8%ad%d9%88%d8%aa\/#breadcrumb\"},\"inLanguage\":\"ar\",\"potentialAction\":[{\"@type\":\"ReadAction\",\"target\":[\"https:\/\/saida-plants.com\/product\/melange-epices-pastilla-fruits-de-mer-%d8%aa%d9%88%d8%a7%d8%a8%d9%84-%d8%a8%d8%b3%d8%b7%d9%8a%d9%84%d8%a9-%d8%a7%d9%84%d8%ad%d9%88%d8%aa\/\"]}]},{\"@type\":\"BreadcrumbList\",\"@id\":\"https:\/\/saida-plants.com\/product\/melange-epices-pastilla-fruits-de-mer-%d8%aa%d9%88%d8%a7%d8%a8%d9%84-%d8%a8%d8%b3%d8%b7%d9%8a%d9%84%d8%a9-%d8%a7%d9%84%d8%ad%d9%88%d8%aa\/#breadcrumb\",\"itemListElement\":[{\"@type\":\"ListItem\",\"position\":1,\"name\":\"Home\",\"item\":\"https:\/\/saida-plants.com\/\"},{\"@type\":\"ListItem\",\"position\":2,\"name\":\"Shop\",\"item\":\"https:\/\/saida-plants.com\/ar\/shop\/\"},{\"@type\":\"ListItem\",\"position\":3,\"name\":\"M\u00e9lange \u00e9pices pastilla Fruits de mer &#8211; \u062a\u0648\u0627\u0628\u0644 \u0628\u0633\u0637\u064a\u0644\u0629 \u0627\u0644\u062d\u0648\u062a\"}]},{\"@type\":\"WebSite\",\"@id\":\"https:\/\/saida-plants.com\/#website\",\"url\":\"https:\/\/saida-plants.com\/\",\"name\":\"SaidaPlants\",\"description\":\"1er Boutique En ligne Produit 100% Bio\",\"publisher\":{\"@id\":\"https:\/\/saida-plants.com\/#organization\"},\"potentialAction\":[{\"@type\":\"SearchAction\",\"target\":{\"@type\":\"EntryPoint\",\"urlTemplate\":\"https:\/\/saida-plants.com\/?s={search_term_string}\"},\"query-input\":\"required name=search_term_string\"}],\"inLanguage\":\"ar\"},{\"@type\":\"Organization\",\"@id\":\"https:\/\/saida-plants.com\/#organization\",\"name\":\"SaidaPlants\",\"url\":\"https:\/\/saida-plants.com\/\",\"logo\":{\"@type\":\"ImageObject\",\"inLanguage\":\"ar\",\"@id\":\"https:\/\/saida-plants.com\/#\/schema\/logo\/image\/\",\"url\":\"https:\/\/saida-plants.com\/wp-content\/uploads\/2021\/08\/WhatsApp-Image-2021-08-11-at-17.44.40.jpeg\",\"contentUrl\":\"https:\/\/saida-plants.com\/wp-content\/uploads\/2021\/08\/WhatsApp-Image-2021-08-11-at-17.44.40.jpeg\",\"width\":1280,\"height\":463,\"caption\":\"SaidaPlants\"},\"image\":{\"@id\":\"https:\/\/saida-plants.com\/#\/schema\/logo\/image\/\"},\"sameAs\":[\"https:\/\/www.instagram.com\/saidaplants\/\",\"https:\/\/www.facebook.com\/SaidaPlants\"]}]}<\/script>\n<!-- \/ Yoast SEO plugin. -->","yoast_head_json":{"title":"M\u00e9lange \u00e9pices pastilla Fruits de mer - \u062a\u0648\u0627\u0628\u0644 \u0628\u0633\u0637\u064a\u0644\u0629 \u0627\u0644\u062d\u0648\u062a - SaidaPlants","description":"M\u00e9lange \u00e9pices pastilla - Nous faisons de notre mieux pour nos clients Obtenez le produit parfait et bio 100% fabriqu\u00e9 \u00e0 partir de la nature.","robots":{"index":"index","follow":"follow","max-snippet":"max-snippet:-1","max-image-preview":"max-image-preview:large","max-video-preview":"max-video-preview:-1"},"canonical":"https:\/\/saida-plants.com\/ar\/product\/melange-epices-pastilla-fruits-de-mer-\u062a\u0648\u0627\u0628\u0644-\u0628\u0633\u0637\u064a\u0644\u0629-\u0627\u0644\u062d\u0648\u062a\/","og_locale":"ar_AR","og_type":"article","og_title":"M\u00e9lange \u00e9pices pastilla Fruits de mer - \u062a\u0648\u0627\u0628\u0644 \u0628\u0633\u0637\u064a\u0644\u0629 \u0627\u0644\u062d\u0648\u062a - SaidaPlants","og_description":"M\u00e9lange \u00e9pices pastilla - Nous faisons de notre mieux pour nos clients Obtenez le produit parfait et bio 100% fabriqu\u00e9 \u00e0 partir de la nature.","og_url":"https:\/\/saida-plants.com\/ar\/product\/melange-epices-pastilla-fruits-de-mer-\u062a\u0648\u0627\u0628\u0644-\u0628\u0633\u0637\u064a\u0644\u0629-\u0627\u0644\u062d\u0648\u062a\/","og_site_name":"SaidaPlants","article_publisher":"https:\/\/www.facebook.com\/SaidaPlants","article_modified_time":"2025-05-13T03:55:04+00:00","og_image":[{"width":1200,"height":800,"url":"https:\/\/saida-plants.com\/wp-content\/uploads\/2021\/08\/00014-1200x800.png","type":"image\/png"}],"twitter_card":"summary_large_image","twitter_misc":{"\u0648\u0642\u062a \u0627\u0644\u0642\u0631\u0627\u0621\u0629 \u0627\u0644\u0645\u064f\u0642\u062f\u0651\u0631":"\u062f\u0642\u064a\u0642\u0629 \u0648\u0627\u062d\u062f\u0629"},"schema":{"@context":"https:\/\/schema.org","@graph":[{"@type":"WebPage","@id":"https:\/\/saida-plants.com\/product\/melange-epices-pastilla-fruits-de-mer-%d8%aa%d9%88%d8%a7%d8%a8%d9%84-%d8%a8%d8%b3%d8%b7%d9%8a%d9%84%d8%a9-%d8%a7%d9%84%d8%ad%d9%88%d8%aa\/","url":"https:\/\/saida-plants.com\/product\/melange-epices-pastilla-fruits-de-mer-%d8%aa%d9%88%d8%a7%d8%a8%d9%84-%d8%a8%d8%b3%d8%b7%d9%8a%d9%84%d8%a9-%d8%a7%d9%84%d8%ad%d9%88%d8%aa\/","name":"M\u00e9lange \u00e9pices pastilla Fruits de mer - \u062a\u0648\u0627\u0628\u0644 \u0628\u0633\u0637\u064a\u0644\u0629 \u0627\u0644\u062d\u0648\u062a - SaidaPlants","isPartOf":{"@id":"https:\/\/saida-plants.com\/#website"},"datePublished":"2021-09-08T16:14:54+00:00","dateModified":"2025-05-13T03:55:04+00:00","description":"M\u00e9lange \u00e9pices pastilla - Nous faisons de notre mieux pour nos clients Obtenez le produit parfait et bio 100% fabriqu\u00e9 \u00e0 partir de la nature.","breadcrumb":{"@id":"https:\/\/saida-plants.com\/product\/melange-epices-pastilla-fruits-de-mer-%d8%aa%d9%88%d8%a7%d8%a8%d9%84-%d8%a8%d8%b3%d8%b7%d9%8a%d9%84%d8%a9-%d8%a7%d9%84%d8%ad%d9%88%d8%aa\/#breadcrumb"},"inLanguage":"ar","potentialAction":[{"@type":"ReadAction","target":["https:\/\/saida-plants.com\/product\/melange-epices-pastilla-fruits-de-mer-%d8%aa%d9%88%d8%a7%d8%a8%d9%84-%d8%a8%d8%b3%d8%b7%d9%8a%d9%84%d8%a9-%d8%a7%d9%84%d8%ad%d9%88%d8%aa\/"]}]},{"@type":"BreadcrumbList","@id":"https:\/\/saida-plants.com\/product\/melange-epices-pastilla-fruits-de-mer-%d8%aa%d9%88%d8%a7%d8%a8%d9%84-%d8%a8%d8%b3%d8%b7%d9%8a%d9%84%d8%a9-%d8%a7%d9%84%d8%ad%d9%88%d8%aa\/#breadcrumb","itemListElement":[{"@type":"ListItem","position":1,"name":"Home","item":"https:\/\/saida-plants.com\/"},{"@type":"ListItem","position":2,"name":"Shop","item":"https:\/\/saida-plants.com\/ar\/shop\/"},{"@type":"ListItem","position":3,"name":"M\u00e9lange \u00e9pices pastilla Fruits de mer &#8211; \u062a\u0648\u0627\u0628\u0644 \u0628\u0633\u0637\u064a\u0644\u0629 \u0627\u0644\u062d\u0648\u062a"}]},{"@type":"WebSite","@id":"https:\/\/saida-plants.com\/#website","url":"https:\/\/saida-plants.com\/","name":"SaidaPlants","description":"1er Boutique En ligne Produit 100% Bio","publisher":{"@id":"https:\/\/saida-plants.com\/#organization"},"potentialAction":[{"@type":"SearchAction","target":{"@type":"EntryPoint","urlTemplate":"https:\/\/saida-plants.com\/?s={search_term_string}"},"query-input":"required name=search_term_string"}],"inLanguage":"ar"},{"@type":"Organization","@id":"https:\/\/saida-plants.com\/#organization","name":"SaidaPlants","url":"https:\/\/saida-plants.com\/","logo":{"@type":"ImageObject","inLanguage":"ar","@id":"https:\/\/saida-plants.com\/#\/schema\/logo\/image\/","url":"https:\/\/saida-plants.com\/wp-content\/uploads\/2021\/08\/WhatsApp-Image-2021-08-11-at-17.44.40.jpeg","contentUrl":"https:\/\/saida-plants.com\/wp-content\/uploads\/2021\/08\/WhatsApp-Image-2021-08-11-at-17.44.40.jpeg","width":1280,"height":463,"caption":"SaidaPlants"},"image":{"@id":"https:\/\/saida-plants.com\/#\/schema\/logo\/image\/"},"sameAs":["https:\/\/www.instagram.com\/saidaplants\/","https:\/\/www.facebook.com\/SaidaPlants"]}]}},"_links":{"self":[{"href":"https:\/\/saida-plants.com\/ar\/wp-json\/wp\/v2\/product\/815"}],"collection":[{"href":"https:\/\/saida-plants.com\/ar\/wp-json\/wp\/v2\/product"}],"about":[{"href":"https:\/\/saida-plants.com\/ar\/wp-json\/wp\/v2\/types\/product"}],"replies":[{"embeddable":true,"href":"https:\/\/saida-plants.com\/ar\/wp-json\/wp\/v2\/comments?post=815"}],"wp:featuredmedia":[{"embeddable":true,"href":"https:\/\/saida-plants.com\/ar\/wp-json\/wp\/v2\/media\/816"}],"wp:attachment":[{"href":"https:\/\/saida-plants.com\/ar\/wp-json\/wp\/v2\/media?parent=815"}],"wp:term":[{"taxonomy":"product_cat","embeddable":true,"href":"https:\/\/saida-plants.com\/ar\/wp-json\/wp\/v2\/product_cat?post=815"},{"taxonomy":"product_tag","embeddable":true,"href":"https:\/\/saida-plants.com\/ar\/wp-json\/wp\/v2\/product_tag?post=815"}],"curies":[{"name":"wp","href":"https:\/\/api.w.org\/{rel}","templated":true}]}}