{"id":817,"date":"2021-09-08T16:15:11","date_gmt":"2021-09-08T16:15:11","guid":{"rendered":"https:\/\/saida-plants.com\/?post_type=product&#038;p=817"},"modified":"2022-09-12T21:40:35","modified_gmt":"2022-09-12T21:40:35","slug":"cumin-poudre-100g-%d9%83%d8%a7%d9%85%d9%88%d9%86","status":"publish","type":"product","link":"https:\/\/saida-plants.com\/ar\/product\/cumin-poudre-100g-%d9%83%d8%a7%d9%85%d9%88%d9%86\/","title":{"rendered":"Cumin Poudre 100g &#8211; (\u0643\u0627\u0645\u0648\u0646)"},"content":{"rendered":"<h1><b>BIENFAITS <\/b><b><a href=\"https:\/\/saida-plants.com\/ar\/product-category\/epices-et-herbes\/\">CUMIN<\/a> POUDRE 100g<\/b><\/h1>\n<ul>\n<li>Produit naturel ne comportant aucun conservateur dans sa pr\u00e9paration<\/li>\n<li>Ce sont les produits respectant les principes Vegan qui se basent principalement sur le refus de l&rsquo;exploitation animale<\/li>\n<\/ul>\n<p>Le cumin Poudre est une \u00e9pice utilis\u00e9e depuis des mill\u00e9naires dans de nombreuses cuisines du monde et pour cause, il contient de nombreux bienfaits pour la sant\u00e9, notamment au niveau de la sph\u00e8re digestive. En France, on l\u2019appr\u00e9cie particuli\u00e8rement pour son go\u00fbt unique autant que pour ses multiples vertus sant\u00e9.<\/p>\n<h2><b>Caract\u00e9ristiques du cumin\u00a0<\/b><\/h2>\n<ul>\n<li>Bonne source de vitamines et min\u00e9raux ;<\/li>\n<li>Pouvoir antioxydant ;<\/li>\n<li>Vertus digestives ;<\/li>\n<li>Stimule la lactation ;<\/li>\n<li>Diur\u00e9tique.<\/li>\n<\/ul>\n<h3><b>Valeurs nutritionnelles et caloriques du cumin<\/b><\/h3>\n<p>Pour 100 g de cumin :<\/p>\n<table cellspacing=\"0\" cellpadding=\"0\">\n<tbody>\n<tr>\n<td valign=\"top\"><b>Nutriments<\/b><\/td>\n<td valign=\"top\"><b>Teneur moyenne<\/b><\/td>\n<\/tr>\n<tr>\n<td valign=\"top\">Eau<\/td>\n<td valign=\"top\">8.08 g<\/td>\n<\/tr>\n<tr>\n<td valign=\"top\">Glucides<\/td>\n<td valign=\"top\">33.7 g<\/td>\n<\/tr>\n<tr>\n<td valign=\"top\">Lipides<\/td>\n<td valign=\"top\">22.3 g<\/td>\n<\/tr>\n<tr>\n<td valign=\"top\">Prot\u00e9ines<\/td>\n<td valign=\"top\">17.8 g<\/td>\n<\/tr>\n<tr>\n<td valign=\"top\">Calcium<\/td>\n<td valign=\"top\">934 mg<\/td>\n<\/tr>\n<tr>\n<td valign=\"top\">Fer<\/td>\n<td valign=\"top\">66.4 mg<\/td>\n<\/tr>\n<tr>\n<td valign=\"top\">Magn\u00e9sium<\/td>\n<td valign=\"top\">366 mg<\/td>\n<\/tr>\n<tr>\n<td valign=\"top\">Mangan\u00e8se<\/td>\n<td valign=\"top\">3.33 mg<\/td>\n<\/tr>\n<tr>\n<td valign=\"top\">Phosphore<\/td>\n<td valign=\"top\">499 mg<\/td>\n<\/tr>\n<tr>\n<td valign=\"top\">B\u00eata carot\u00e8ne<\/td>\n<td valign=\"top\">762 \u00b5g<\/td>\n<\/tr>\n<tr>\n<td valign=\"top\">Energie<\/td>\n<td valign=\"top\">427 kcal<\/td>\n<\/tr>\n<tr>\n<td valign=\"top\">Energie<\/td>\n<td valign=\"top\">1780 kJ<\/td>\n<\/tr>\n<\/tbody>\n<\/table>\n<h3><b>Informations de livraison<\/b><\/h3>\n<ul>\n<li>Livraison assur\u00e9e par SaidaPlants, sous 24H \u00e0 Marrakech et sous 1 \u00e0 5 jours pour les autres villes du Maroc.<\/li>\n<li>Exp\u00e9dition pour les commandes \u00e0 l\u2019international sous 1 jour ouvr\u00e9. Les d\u00e9lais de livraison sont variables selon la destination et le mode de livraison choisi.<\/li>\n<\/ul>","protected":false},"excerpt":{"rendered":"<h1 style=\"text-align: center;\"><b>BIENFAITS <\/b><b>CUMIN POUDRE 100g<\/b><\/h1>\n<p style=\"text-align: center;\">Produit naturel ne comportant aucun conservateur dans sa pr\u00e9paration<\/p>\n<p style=\"text-align: center;\">Ce sont les produits respectant les principes Vegan qui se basent principalement sur le refus de l&rsquo;exploitation animale<\/p>\n<p style=\"text-align: center;\">Le cumin est une \u00e9pice utilis\u00e9e depuis des mill\u00e9naires dans de nombreuses cuisines du monde et pour cause, il contient de nombreux bienfaits pour la sant\u00e9, notamment au niveau de la sph\u00e8re digestive. En France, on l\u2019appr\u00e9cie particuli\u00e8rement pour son go\u00fbt unique autant que pour ses multiples vertus sant\u00e9.<\/p>","protected":false},"featured_media":819,"comment_status":"open","ping_status":"closed","template":"","meta":[],"product_cat":[71],"product_tag":[],"class_list":["post-817","product","type-product","status-publish","has-post-thumbnail","hentry","product_cat-epices-et-herbes"],"yoast_head":"<!-- This site is optimized with the Yoast SEO plugin v19.13 - https:\/\/yoast.com\/wordpress\/plugins\/seo\/ -->\n<title>Cumin Poudre 100g - (\u0643\u0627\u0645\u0648\u0646) - SaidaPlants<\/title>\n<meta name=\"description\" content=\"Cumin Poudre - Nous faisons de notre mieux pour nos clients Obtenez le produit parfait et bio 100% fabriqu\u00e9 \u00e0 partir de la nature.\" \/>\n<meta name=\"robots\" content=\"index, follow, max-snippet:-1, max-image-preview:large, max-video-preview:-1\" \/>\n<link rel=\"canonical\" href=\"https:\/\/saida-plants.com\/ar\/product\/cumin-poudre-100g-\u0643\u0627\u0645\u0648\u0646\/\" \/>\n<meta property=\"og:locale\" content=\"ar_AR\" \/>\n<meta property=\"og:type\" content=\"article\" \/>\n<meta property=\"og:title\" content=\"Cumin Poudre 100g - (\u0643\u0627\u0645\u0648\u0646) - SaidaPlants\" \/>\n<meta property=\"og:description\" content=\"Cumin Poudre - Nous faisons de notre mieux pour nos clients Obtenez le produit parfait et bio 100% fabriqu\u00e9 \u00e0 partir de la nature.\" \/>\n<meta property=\"og:url\" content=\"https:\/\/saida-plants.com\/ar\/product\/cumin-poudre-100g-\u0643\u0627\u0645\u0648\u0646\/\" \/>\n<meta property=\"og:site_name\" content=\"SaidaPlants\" \/>\n<meta property=\"article:publisher\" content=\"https:\/\/www.facebook.com\/SaidaPlants\" \/>\n<meta property=\"article:modified_time\" content=\"2022-09-12T21:40:35+00:00\" \/>\n<meta property=\"og:image\" content=\"https:\/\/saida-plants.com\/wp-content\/uploads\/2021\/08\/0006-1-1200x800.png\" \/>\n\t<meta property=\"og:image:width\" content=\"1200\" \/>\n\t<meta property=\"og:image:height\" content=\"800\" \/>\n\t<meta property=\"og:image:type\" content=\"image\/png\" \/>\n<meta name=\"twitter:card\" content=\"summary_large_image\" \/>\n<meta name=\"twitter:label1\" content=\"\u0648\u0642\u062a \u0627\u0644\u0642\u0631\u0627\u0621\u0629 \u0627\u0644\u0645\u064f\u0642\u062f\u0651\u0631\" \/>\n\t<meta name=\"twitter:data1\" content=\"\u062f\u0642\u064a\u0642\u0629 \u0648\u0627\u062d\u062f\u0629\" \/>\n<script type=\"application\/ld+json\" class=\"yoast-schema-graph\">{\"@context\":\"https:\/\/schema.org\",\"@graph\":[{\"@type\":\"WebPage\",\"@id\":\"https:\/\/saida-plants.com\/product\/cumin-poudre-100g-%d9%83%d8%a7%d9%85%d9%88%d9%86\/\",\"url\":\"https:\/\/saida-plants.com\/product\/cumin-poudre-100g-%d9%83%d8%a7%d9%85%d9%88%d9%86\/\",\"name\":\"Cumin Poudre 100g - (\u0643\u0627\u0645\u0648\u0646) - SaidaPlants\",\"isPartOf\":{\"@id\":\"https:\/\/saida-plants.com\/#website\"},\"datePublished\":\"2021-09-08T16:15:11+00:00\",\"dateModified\":\"2022-09-12T21:40:35+00:00\",\"description\":\"Cumin Poudre - Nous faisons de notre mieux pour nos clients Obtenez le produit parfait et bio 100% fabriqu\u00e9 \u00e0 partir de la nature.\",\"breadcrumb\":{\"@id\":\"https:\/\/saida-plants.com\/product\/cumin-poudre-100g-%d9%83%d8%a7%d9%85%d9%88%d9%86\/#breadcrumb\"},\"inLanguage\":\"ar\",\"potentialAction\":[{\"@type\":\"ReadAction\",\"target\":[\"https:\/\/saida-plants.com\/product\/cumin-poudre-100g-%d9%83%d8%a7%d9%85%d9%88%d9%86\/\"]}]},{\"@type\":\"BreadcrumbList\",\"@id\":\"https:\/\/saida-plants.com\/product\/cumin-poudre-100g-%d9%83%d8%a7%d9%85%d9%88%d9%86\/#breadcrumb\",\"itemListElement\":[{\"@type\":\"ListItem\",\"position\":1,\"name\":\"Home\",\"item\":\"https:\/\/saida-plants.com\/\"},{\"@type\":\"ListItem\",\"position\":2,\"name\":\"Shop\",\"item\":\"https:\/\/saida-plants.com\/ar\/shop\/\"},{\"@type\":\"ListItem\",\"position\":3,\"name\":\"Cumin Poudre 100g &#8211; (\u0643\u0627\u0645\u0648\u0646)\"}]},{\"@type\":\"WebSite\",\"@id\":\"https:\/\/saida-plants.com\/#website\",\"url\":\"https:\/\/saida-plants.com\/\",\"name\":\"SaidaPlants\",\"description\":\"1er Boutique En ligne Produit 100% Bio\",\"publisher\":{\"@id\":\"https:\/\/saida-plants.com\/#organization\"},\"potentialAction\":[{\"@type\":\"SearchAction\",\"target\":{\"@type\":\"EntryPoint\",\"urlTemplate\":\"https:\/\/saida-plants.com\/?s={search_term_string}\"},\"query-input\":\"required name=search_term_string\"}],\"inLanguage\":\"ar\"},{\"@type\":\"Organization\",\"@id\":\"https:\/\/saida-plants.com\/#organization\",\"name\":\"SaidaPlants\",\"url\":\"https:\/\/saida-plants.com\/\",\"logo\":{\"@type\":\"ImageObject\",\"inLanguage\":\"ar\",\"@id\":\"https:\/\/saida-plants.com\/#\/schema\/logo\/image\/\",\"url\":\"https:\/\/saida-plants.com\/wp-content\/uploads\/2021\/08\/WhatsApp-Image-2021-08-11-at-17.44.40.jpeg\",\"contentUrl\":\"https:\/\/saida-plants.com\/wp-content\/uploads\/2021\/08\/WhatsApp-Image-2021-08-11-at-17.44.40.jpeg\",\"width\":1280,\"height\":463,\"caption\":\"SaidaPlants\"},\"image\":{\"@id\":\"https:\/\/saida-plants.com\/#\/schema\/logo\/image\/\"},\"sameAs\":[\"https:\/\/www.instagram.com\/saidaplants\/\",\"https:\/\/www.facebook.com\/SaidaPlants\"]}]}<\/script>\n<!-- \/ Yoast SEO plugin. -->","yoast_head_json":{"title":"Cumin Poudre 100g - (\u0643\u0627\u0645\u0648\u0646) - SaidaPlants","description":"Cumin Poudre - Nous faisons de notre mieux pour nos clients Obtenez le produit parfait et bio 100% fabriqu\u00e9 \u00e0 partir de la nature.","robots":{"index":"index","follow":"follow","max-snippet":"max-snippet:-1","max-image-preview":"max-image-preview:large","max-video-preview":"max-video-preview:-1"},"canonical":"https:\/\/saida-plants.com\/ar\/product\/cumin-poudre-100g-\u0643\u0627\u0645\u0648\u0646\/","og_locale":"ar_AR","og_type":"article","og_title":"Cumin Poudre 100g - (\u0643\u0627\u0645\u0648\u0646) - SaidaPlants","og_description":"Cumin Poudre - Nous faisons de notre mieux pour nos clients Obtenez le produit parfait et bio 100% fabriqu\u00e9 \u00e0 partir de la nature.","og_url":"https:\/\/saida-plants.com\/ar\/product\/cumin-poudre-100g-\u0643\u0627\u0645\u0648\u0646\/","og_site_name":"SaidaPlants","article_publisher":"https:\/\/www.facebook.com\/SaidaPlants","article_modified_time":"2022-09-12T21:40:35+00:00","og_image":[{"width":1200,"height":800,"url":"https:\/\/saida-plants.com\/wp-content\/uploads\/2021\/08\/0006-1-1200x800.png","type":"image\/png"}],"twitter_card":"summary_large_image","twitter_misc":{"\u0648\u0642\u062a \u0627\u0644\u0642\u0631\u0627\u0621\u0629 \u0627\u0644\u0645\u064f\u0642\u062f\u0651\u0631":"\u062f\u0642\u064a\u0642\u0629 \u0648\u0627\u062d\u062f\u0629"},"schema":{"@context":"https:\/\/schema.org","@graph":[{"@type":"WebPage","@id":"https:\/\/saida-plants.com\/product\/cumin-poudre-100g-%d9%83%d8%a7%d9%85%d9%88%d9%86\/","url":"https:\/\/saida-plants.com\/product\/cumin-poudre-100g-%d9%83%d8%a7%d9%85%d9%88%d9%86\/","name":"Cumin Poudre 100g - (\u0643\u0627\u0645\u0648\u0646) - SaidaPlants","isPartOf":{"@id":"https:\/\/saida-plants.com\/#website"},"datePublished":"2021-09-08T16:15:11+00:00","dateModified":"2022-09-12T21:40:35+00:00","description":"Cumin Poudre - Nous faisons de notre mieux pour nos clients Obtenez le produit parfait et bio 100% fabriqu\u00e9 \u00e0 partir de la nature.","breadcrumb":{"@id":"https:\/\/saida-plants.com\/product\/cumin-poudre-100g-%d9%83%d8%a7%d9%85%d9%88%d9%86\/#breadcrumb"},"inLanguage":"ar","potentialAction":[{"@type":"ReadAction","target":["https:\/\/saida-plants.com\/product\/cumin-poudre-100g-%d9%83%d8%a7%d9%85%d9%88%d9%86\/"]}]},{"@type":"BreadcrumbList","@id":"https:\/\/saida-plants.com\/product\/cumin-poudre-100g-%d9%83%d8%a7%d9%85%d9%88%d9%86\/#breadcrumb","itemListElement":[{"@type":"ListItem","position":1,"name":"Home","item":"https:\/\/saida-plants.com\/"},{"@type":"ListItem","position":2,"name":"Shop","item":"https:\/\/saida-plants.com\/ar\/shop\/"},{"@type":"ListItem","position":3,"name":"Cumin Poudre 100g &#8211; (\u0643\u0627\u0645\u0648\u0646)"}]},{"@type":"WebSite","@id":"https:\/\/saida-plants.com\/#website","url":"https:\/\/saida-plants.com\/","name":"SaidaPlants","description":"1er Boutique En ligne Produit 100% Bio","publisher":{"@id":"https:\/\/saida-plants.com\/#organization"},"potentialAction":[{"@type":"SearchAction","target":{"@type":"EntryPoint","urlTemplate":"https:\/\/saida-plants.com\/?s={search_term_string}"},"query-input":"required name=search_term_string"}],"inLanguage":"ar"},{"@type":"Organization","@id":"https:\/\/saida-plants.com\/#organization","name":"SaidaPlants","url":"https:\/\/saida-plants.com\/","logo":{"@type":"ImageObject","inLanguage":"ar","@id":"https:\/\/saida-plants.com\/#\/schema\/logo\/image\/","url":"https:\/\/saida-plants.com\/wp-content\/uploads\/2021\/08\/WhatsApp-Image-2021-08-11-at-17.44.40.jpeg","contentUrl":"https:\/\/saida-plants.com\/wp-content\/uploads\/2021\/08\/WhatsApp-Image-2021-08-11-at-17.44.40.jpeg","width":1280,"height":463,"caption":"SaidaPlants"},"image":{"@id":"https:\/\/saida-plants.com\/#\/schema\/logo\/image\/"},"sameAs":["https:\/\/www.instagram.com\/saidaplants\/","https:\/\/www.facebook.com\/SaidaPlants"]}]}},"_links":{"self":[{"href":"https:\/\/saida-plants.com\/ar\/wp-json\/wp\/v2\/product\/817"}],"collection":[{"href":"https:\/\/saida-plants.com\/ar\/wp-json\/wp\/v2\/product"}],"about":[{"href":"https:\/\/saida-plants.com\/ar\/wp-json\/wp\/v2\/types\/product"}],"replies":[{"embeddable":true,"href":"https:\/\/saida-plants.com\/ar\/wp-json\/wp\/v2\/comments?post=817"}],"wp:featuredmedia":[{"embeddable":true,"href":"https:\/\/saida-plants.com\/ar\/wp-json\/wp\/v2\/media\/819"}],"wp:attachment":[{"href":"https:\/\/saida-plants.com\/ar\/wp-json\/wp\/v2\/media?parent=817"}],"wp:term":[{"taxonomy":"product_cat","embeddable":true,"href":"https:\/\/saida-plants.com\/ar\/wp-json\/wp\/v2\/product_cat?post=817"},{"taxonomy":"product_tag","embeddable":true,"href":"https:\/\/saida-plants.com\/ar\/wp-json\/wp\/v2\/product_tag?post=817"}],"curies":[{"name":"wp","href":"https:\/\/api.w.org\/{rel}","templated":true}]}}