{"id":826,"date":"2021-09-08T16:18:30","date_gmt":"2021-09-08T16:18:30","guid":{"rendered":"https:\/\/saida-plants.com\/?post_type=product&#038;p=826"},"modified":"2022-09-12T21:38:43","modified_gmt":"2022-09-12T21:38:43","slug":"cannelle-en-poudre-bio-%d9%82%d8%b1%d9%81%d8%a9-%d9%85%d8%b7%d8%ad%d9%88%d9%86%d8%a9","status":"publish","type":"product","link":"https:\/\/saida-plants.com\/ar\/product\/cannelle-en-poudre-bio-%d9%82%d8%b1%d9%81%d8%a9-%d9%85%d8%b7%d8%ad%d9%88%d9%86%d8%a9\/","title":{"rendered":"Cannelle En Poudre Bio &#8211; (\u0642\u0631\u0641\u0629 \u0645\u0637\u062d\u0648\u0646\u0629)"},"content":{"rendered":"<h1><b>BIENFAITS <\/b><b>CANNELLE EN POUDRE 100g<\/b><\/h1>\n<ul>\n<li>Produit naturel ne comportant aucun conservateur dans sa pr\u00e9paration<\/li>\n<li>Ce sont les produits respectant les principes Vegan qui se basent principalement sur le refus de l&rsquo;exploitation animale<\/li>\n<\/ul>\n<h2><strong>Cannelle En Poudre <a href=\"https:\/\/saida-plants.com\/ar\/shop\/\">Bio<\/a> (\u0642\u0631\u0641\u0629 \u0645\u0637\u062d\u0648\u0646\u0629)<\/strong><\/h2>\n<p>La cannelle est l\u2019\u00e9corce de fines branches d\u2019arbre (arbre qui peut atteindre jusqu\u2019\u00e0 10 m\u00e8tres de hauteur) qui pousse \u00e0 l\u2019origine dans la r\u00e9gion de Ceylan sur l\u2019\u00eele du Sri Lanka.<\/p>\n<p>D\u00e9couverte dans l\u2019Antiquit\u00e9, cette \u00e9pice est facilement reconnaissable par sa couleur brun clair et ses ar\u00f4mes puissants, chaud et sucr\u00e9.<\/p>\n<p>Moulue, en b\u00e2tonnets ou cass\u00e9e elle est tr\u00e8s appr\u00e9ci\u00e9e dans les d\u00e9serts (tarte au pommes, pain d\u2019\u00e9pices et autres g\u00e2teaux), les plats orrientaux et les boissons (vin chaud, caf\u00e9, th\u00e9 et chocolat).<\/p>\n<p>Conseil d&rsquo;utilisation : Utilis\u00e9e avec les produits sucr\u00e9s, se marie bien avec la pomme ou le chocolat.<\/p>\n<h3><b>Informations de livraison<\/b><\/h3>\n<ul>\n<li>Livraison assur\u00e9e par SaidaPlants, sous 24H \u00e0 Marrakech et sous 1 \u00e0 5 jours pour les autres villes du Maroc.<\/li>\n<li>Exp\u00e9dition pour les commandes \u00e0 l\u2019international sous 1 jour ouvr\u00e9. Les d\u00e9lais de livraison sont variables selon la destination et le mode de livraison choisi.<\/li>\n<\/ul>","protected":false},"excerpt":{"rendered":"<h1 style=\"text-align: center;\"><b>BIENFAITS <\/b><b>CANNELLE EN POUDRE 100g<\/b><\/h1>\n<p style=\"text-align: center;\">Produit naturel ne comportant aucun conservateur dans sa pr\u00e9paration<\/p>\n<p style=\"text-align: center;\">Ce sont les produits respectant les principes Vegan qui se basent principalement sur le refus de l&rsquo;exploitation animale<\/p>","protected":false},"featured_media":827,"comment_status":"open","ping_status":"closed","template":"","meta":[],"product_cat":[71],"product_tag":[],"class_list":["post-826","product","type-product","status-publish","has-post-thumbnail","hentry","product_cat-epices-et-herbes"],"yoast_head":"<!-- This site is optimized with the Yoast SEO plugin v19.13 - https:\/\/yoast.com\/wordpress\/plugins\/seo\/ -->\n<title>Cannelle En Poudre Bio - (\u0642\u0631\u0641\u0629 \u0645\u0637\u062d\u0648\u0646\u0629) - SaidaPlants<\/title>\n<meta name=\"description\" content=\"Cannelle En Poudre - Nous faisons de notre mieux pour nos clients Obtenez le produit parfait et bio 100% fabriqu\u00e9 \u00e0 partir de la nature.\" \/>\n<meta name=\"robots\" content=\"index, follow, max-snippet:-1, max-image-preview:large, max-video-preview:-1\" \/>\n<link rel=\"canonical\" href=\"https:\/\/saida-plants.com\/ar\/product\/cannelle-en-poudre-bio-\u0642\u0631\u0641\u0629-\u0645\u0637\u062d\u0648\u0646\u0629\/\" \/>\n<meta property=\"og:locale\" content=\"ar_AR\" \/>\n<meta property=\"og:type\" content=\"article\" \/>\n<meta property=\"og:title\" content=\"Cannelle En Poudre Bio - (\u0642\u0631\u0641\u0629 \u0645\u0637\u062d\u0648\u0646\u0629) - SaidaPlants\" \/>\n<meta property=\"og:description\" content=\"Cannelle En Poudre - Nous faisons de notre mieux pour nos clients Obtenez le produit parfait et bio 100% fabriqu\u00e9 \u00e0 partir de la nature.\" \/>\n<meta property=\"og:url\" content=\"https:\/\/saida-plants.com\/ar\/product\/cannelle-en-poudre-bio-\u0642\u0631\u0641\u0629-\u0645\u0637\u062d\u0648\u0646\u0629\/\" \/>\n<meta property=\"og:site_name\" content=\"SaidaPlants\" \/>\n<meta property=\"article:publisher\" content=\"https:\/\/www.facebook.com\/SaidaPlants\" \/>\n<meta property=\"article:modified_time\" content=\"2022-09-12T21:38:43+00:00\" \/>\n<meta property=\"og:image\" content=\"https:\/\/saida-plants.com\/wp-content\/uploads\/2021\/08\/00011-1200x800.png\" \/>\n\t<meta property=\"og:image:width\" content=\"1200\" \/>\n\t<meta property=\"og:image:height\" content=\"800\" \/>\n\t<meta property=\"og:image:type\" content=\"image\/png\" \/>\n<meta name=\"twitter:card\" content=\"summary_large_image\" \/>\n<meta name=\"twitter:label1\" content=\"\u0648\u0642\u062a \u0627\u0644\u0642\u0631\u0627\u0621\u0629 \u0627\u0644\u0645\u064f\u0642\u062f\u0651\u0631\" \/>\n\t<meta name=\"twitter:data1\" content=\"\u062f\u0642\u064a\u0642\u0629 \u0648\u0627\u062d\u062f\u0629\" \/>\n<script type=\"application\/ld+json\" class=\"yoast-schema-graph\">{\"@context\":\"https:\/\/schema.org\",\"@graph\":[{\"@type\":\"WebPage\",\"@id\":\"https:\/\/saida-plants.com\/product\/cannelle-en-poudre-bio-%d9%82%d8%b1%d9%81%d8%a9-%d9%85%d8%b7%d8%ad%d9%88%d9%86%d8%a9\/\",\"url\":\"https:\/\/saida-plants.com\/product\/cannelle-en-poudre-bio-%d9%82%d8%b1%d9%81%d8%a9-%d9%85%d8%b7%d8%ad%d9%88%d9%86%d8%a9\/\",\"name\":\"Cannelle En Poudre Bio - (\u0642\u0631\u0641\u0629 \u0645\u0637\u062d\u0648\u0646\u0629) - SaidaPlants\",\"isPartOf\":{\"@id\":\"https:\/\/saida-plants.com\/#website\"},\"datePublished\":\"2021-09-08T16:18:30+00:00\",\"dateModified\":\"2022-09-12T21:38:43+00:00\",\"description\":\"Cannelle En Poudre - Nous faisons de notre mieux pour nos clients Obtenez le produit parfait et bio 100% fabriqu\u00e9 \u00e0 partir de la nature.\",\"breadcrumb\":{\"@id\":\"https:\/\/saida-plants.com\/product\/cannelle-en-poudre-bio-%d9%82%d8%b1%d9%81%d8%a9-%d9%85%d8%b7%d8%ad%d9%88%d9%86%d8%a9\/#breadcrumb\"},\"inLanguage\":\"ar\",\"potentialAction\":[{\"@type\":\"ReadAction\",\"target\":[\"https:\/\/saida-plants.com\/product\/cannelle-en-poudre-bio-%d9%82%d8%b1%d9%81%d8%a9-%d9%85%d8%b7%d8%ad%d9%88%d9%86%d8%a9\/\"]}]},{\"@type\":\"BreadcrumbList\",\"@id\":\"https:\/\/saida-plants.com\/product\/cannelle-en-poudre-bio-%d9%82%d8%b1%d9%81%d8%a9-%d9%85%d8%b7%d8%ad%d9%88%d9%86%d8%a9\/#breadcrumb\",\"itemListElement\":[{\"@type\":\"ListItem\",\"position\":1,\"name\":\"Home\",\"item\":\"https:\/\/saida-plants.com\/\"},{\"@type\":\"ListItem\",\"position\":2,\"name\":\"Shop\",\"item\":\"https:\/\/saida-plants.com\/ar\/shop\/\"},{\"@type\":\"ListItem\",\"position\":3,\"name\":\"Cannelle En Poudre Bio &#8211; (\u0642\u0631\u0641\u0629 \u0645\u0637\u062d\u0648\u0646\u0629)\"}]},{\"@type\":\"WebSite\",\"@id\":\"https:\/\/saida-plants.com\/#website\",\"url\":\"https:\/\/saida-plants.com\/\",\"name\":\"SaidaPlants\",\"description\":\"1er Boutique En ligne Produit 100% Bio\",\"publisher\":{\"@id\":\"https:\/\/saida-plants.com\/#organization\"},\"potentialAction\":[{\"@type\":\"SearchAction\",\"target\":{\"@type\":\"EntryPoint\",\"urlTemplate\":\"https:\/\/saida-plants.com\/?s={search_term_string}\"},\"query-input\":\"required name=search_term_string\"}],\"inLanguage\":\"ar\"},{\"@type\":\"Organization\",\"@id\":\"https:\/\/saida-plants.com\/#organization\",\"name\":\"SaidaPlants\",\"url\":\"https:\/\/saida-plants.com\/\",\"logo\":{\"@type\":\"ImageObject\",\"inLanguage\":\"ar\",\"@id\":\"https:\/\/saida-plants.com\/#\/schema\/logo\/image\/\",\"url\":\"https:\/\/saida-plants.com\/wp-content\/uploads\/2021\/08\/WhatsApp-Image-2021-08-11-at-17.44.40.jpeg\",\"contentUrl\":\"https:\/\/saida-plants.com\/wp-content\/uploads\/2021\/08\/WhatsApp-Image-2021-08-11-at-17.44.40.jpeg\",\"width\":1280,\"height\":463,\"caption\":\"SaidaPlants\"},\"image\":{\"@id\":\"https:\/\/saida-plants.com\/#\/schema\/logo\/image\/\"},\"sameAs\":[\"https:\/\/www.instagram.com\/saidaplants\/\",\"https:\/\/www.facebook.com\/SaidaPlants\"]}]}<\/script>\n<!-- \/ Yoast SEO plugin. -->","yoast_head_json":{"title":"Cannelle En Poudre Bio - (\u0642\u0631\u0641\u0629 \u0645\u0637\u062d\u0648\u0646\u0629) - SaidaPlants","description":"Cannelle En Poudre - Nous faisons de notre mieux pour nos clients Obtenez le produit parfait et bio 100% fabriqu\u00e9 \u00e0 partir de la nature.","robots":{"index":"index","follow":"follow","max-snippet":"max-snippet:-1","max-image-preview":"max-image-preview:large","max-video-preview":"max-video-preview:-1"},"canonical":"https:\/\/saida-plants.com\/ar\/product\/cannelle-en-poudre-bio-\u0642\u0631\u0641\u0629-\u0645\u0637\u062d\u0648\u0646\u0629\/","og_locale":"ar_AR","og_type":"article","og_title":"Cannelle En Poudre Bio - (\u0642\u0631\u0641\u0629 \u0645\u0637\u062d\u0648\u0646\u0629) - SaidaPlants","og_description":"Cannelle En Poudre - Nous faisons de notre mieux pour nos clients Obtenez le produit parfait et bio 100% fabriqu\u00e9 \u00e0 partir de la nature.","og_url":"https:\/\/saida-plants.com\/ar\/product\/cannelle-en-poudre-bio-\u0642\u0631\u0641\u0629-\u0645\u0637\u062d\u0648\u0646\u0629\/","og_site_name":"SaidaPlants","article_publisher":"https:\/\/www.facebook.com\/SaidaPlants","article_modified_time":"2022-09-12T21:38:43+00:00","og_image":[{"width":1200,"height":800,"url":"https:\/\/saida-plants.com\/wp-content\/uploads\/2021\/08\/00011-1200x800.png","type":"image\/png"}],"twitter_card":"summary_large_image","twitter_misc":{"\u0648\u0642\u062a \u0627\u0644\u0642\u0631\u0627\u0621\u0629 \u0627\u0644\u0645\u064f\u0642\u062f\u0651\u0631":"\u062f\u0642\u064a\u0642\u0629 \u0648\u0627\u062d\u062f\u0629"},"schema":{"@context":"https:\/\/schema.org","@graph":[{"@type":"WebPage","@id":"https:\/\/saida-plants.com\/product\/cannelle-en-poudre-bio-%d9%82%d8%b1%d9%81%d8%a9-%d9%85%d8%b7%d8%ad%d9%88%d9%86%d8%a9\/","url":"https:\/\/saida-plants.com\/product\/cannelle-en-poudre-bio-%d9%82%d8%b1%d9%81%d8%a9-%d9%85%d8%b7%d8%ad%d9%88%d9%86%d8%a9\/","name":"Cannelle En Poudre Bio - (\u0642\u0631\u0641\u0629 \u0645\u0637\u062d\u0648\u0646\u0629) - SaidaPlants","isPartOf":{"@id":"https:\/\/saida-plants.com\/#website"},"datePublished":"2021-09-08T16:18:30+00:00","dateModified":"2022-09-12T21:38:43+00:00","description":"Cannelle En Poudre - Nous faisons de notre mieux pour nos clients Obtenez le produit parfait et bio 100% fabriqu\u00e9 \u00e0 partir de la nature.","breadcrumb":{"@id":"https:\/\/saida-plants.com\/product\/cannelle-en-poudre-bio-%d9%82%d8%b1%d9%81%d8%a9-%d9%85%d8%b7%d8%ad%d9%88%d9%86%d8%a9\/#breadcrumb"},"inLanguage":"ar","potentialAction":[{"@type":"ReadAction","target":["https:\/\/saida-plants.com\/product\/cannelle-en-poudre-bio-%d9%82%d8%b1%d9%81%d8%a9-%d9%85%d8%b7%d8%ad%d9%88%d9%86%d8%a9\/"]}]},{"@type":"BreadcrumbList","@id":"https:\/\/saida-plants.com\/product\/cannelle-en-poudre-bio-%d9%82%d8%b1%d9%81%d8%a9-%d9%85%d8%b7%d8%ad%d9%88%d9%86%d8%a9\/#breadcrumb","itemListElement":[{"@type":"ListItem","position":1,"name":"Home","item":"https:\/\/saida-plants.com\/"},{"@type":"ListItem","position":2,"name":"Shop","item":"https:\/\/saida-plants.com\/ar\/shop\/"},{"@type":"ListItem","position":3,"name":"Cannelle En Poudre Bio &#8211; (\u0642\u0631\u0641\u0629 \u0645\u0637\u062d\u0648\u0646\u0629)"}]},{"@type":"WebSite","@id":"https:\/\/saida-plants.com\/#website","url":"https:\/\/saida-plants.com\/","name":"SaidaPlants","description":"1er Boutique En ligne Produit 100% Bio","publisher":{"@id":"https:\/\/saida-plants.com\/#organization"},"potentialAction":[{"@type":"SearchAction","target":{"@type":"EntryPoint","urlTemplate":"https:\/\/saida-plants.com\/?s={search_term_string}"},"query-input":"required name=search_term_string"}],"inLanguage":"ar"},{"@type":"Organization","@id":"https:\/\/saida-plants.com\/#organization","name":"SaidaPlants","url":"https:\/\/saida-plants.com\/","logo":{"@type":"ImageObject","inLanguage":"ar","@id":"https:\/\/saida-plants.com\/#\/schema\/logo\/image\/","url":"https:\/\/saida-plants.com\/wp-content\/uploads\/2021\/08\/WhatsApp-Image-2021-08-11-at-17.44.40.jpeg","contentUrl":"https:\/\/saida-plants.com\/wp-content\/uploads\/2021\/08\/WhatsApp-Image-2021-08-11-at-17.44.40.jpeg","width":1280,"height":463,"caption":"SaidaPlants"},"image":{"@id":"https:\/\/saida-plants.com\/#\/schema\/logo\/image\/"},"sameAs":["https:\/\/www.instagram.com\/saidaplants\/","https:\/\/www.facebook.com\/SaidaPlants"]}]}},"_links":{"self":[{"href":"https:\/\/saida-plants.com\/ar\/wp-json\/wp\/v2\/product\/826"}],"collection":[{"href":"https:\/\/saida-plants.com\/ar\/wp-json\/wp\/v2\/product"}],"about":[{"href":"https:\/\/saida-plants.com\/ar\/wp-json\/wp\/v2\/types\/product"}],"replies":[{"embeddable":true,"href":"https:\/\/saida-plants.com\/ar\/wp-json\/wp\/v2\/comments?post=826"}],"wp:featuredmedia":[{"embeddable":true,"href":"https:\/\/saida-plants.com\/ar\/wp-json\/wp\/v2\/media\/827"}],"wp:attachment":[{"href":"https:\/\/saida-plants.com\/ar\/wp-json\/wp\/v2\/media?parent=826"}],"wp:term":[{"taxonomy":"product_cat","embeddable":true,"href":"https:\/\/saida-plants.com\/ar\/wp-json\/wp\/v2\/product_cat?post=826"},{"taxonomy":"product_tag","embeddable":true,"href":"https:\/\/saida-plants.com\/ar\/wp-json\/wp\/v2\/product_tag?post=826"}],"curies":[{"name":"wp","href":"https:\/\/api.w.org\/{rel}","templated":true}]}}