{"id":828,"date":"2021-09-08T16:18:49","date_gmt":"2021-09-08T16:18:49","guid":{"rendered":"https:\/\/saida-plants.com\/?post_type=product&#038;p=828"},"modified":"2021-09-08T16:18:49","modified_gmt":"2021-09-08T16:18:49","slug":"thym-%d8%b2%d8%b9%d9%8a%d8%aa%d8%b1%d8%a9","status":"publish","type":"product","link":"https:\/\/saida-plants.com\/ar\/product\/thym-%d8%b2%d8%b9%d9%8a%d8%aa%d8%b1%d8%a9\/","title":{"rendered":"Thym &#8211; \u0632\u0639\u064a\u062a\u0631\u0629"},"content":{"rendered":"<h1><b>BIENFAITS <\/b><b>THYM 50g<\/b><\/h1>\n<ul>\n<li>Produit naturel ne comportant aucun conservateur dans sa pr\u00e9paration<\/li>\n<li>Ce sont les produits respectant les principes Vegan qui se basent principalement sur le refus de l&rsquo;exploitation animale<\/li>\n<\/ul>\n<p>Le <b>thym<\/b> est une plante utilis\u00e9e couramment dans la cuisine m\u00e9diterran\u00e9enne.<\/p>\n<p>Le <b>thym<\/b> est l\u2019une des plantes les plus puissantes en phytoth\u00e9rapie pour soutenir le syst\u00e8me immunitaire, et gagne \u00e0 \u00eatre utilis\u00e9 au quotidien. Pensez aux infusions en cas de coup de froid, mais \u00e9galement \u00e0 l\u2019int\u00e9grer en tant qu\u2019aromate dans la cuisine, votre corps.<\/p>\n<h2><b>Les 5 grandes propri\u00e9t\u00e9s de l\u2019infusion de thym:<\/b><\/h2>\n<ul>\n<li><b>Un stimulant puissant du syst\u00e8me immunitaire<\/b><\/li>\n<li><b>Des propri\u00e9t\u00e9s antioxydantes<\/b><\/li>\n<li><b>Un d\u00e9fenseur du syst\u00e8me uro-digestif<\/b><\/li>\n<li><b>Une source de min\u00e9raux essentiels<\/b><\/li>\n<li><b>Un alli\u00e9 beaut\u00e9 de choix<\/b><\/li>\n<li><b>Antioxydant ;<\/b><\/li>\n<li><b>Source de fer ;<\/b><\/li>\n<li><b>Source de vitamine K ;<\/b><\/li>\n<li><b>Source de vitamine C ;<\/b><\/li>\n<li><b>Pr\u00e9vient les maladies cardio-vasculaires.<\/b><\/li>\n<\/ul>\n<p>Le <b>thym <\/b>accompagne \u00e0 merveille les tomates, les p\u00e2tes, le fromage blanc ou le fromage cottage, les soupes, le poisson, la viande, la volaille et les oeufs. Il entre dans la composition des farces et on en aromatise la chair \u00e0 saucisse. Les viandes grill\u00e9es ou r\u00f4ties prennent beaucoup de saveur lorsqu&rsquo;on les assaisonne lib\u00e9ralement de thym avant de les mettre au four ou sur le gril.<\/p>\n<p>Si vous ne souffrez d\u2019aucune maladie et ne suivez aucun traitement m\u00e9dicamenteux,\u00a0le thym n\u2019a pas de contre-indications particuli\u00e8res pour vous.\u00a0Il vous faudra seulement veiller \u00e0 ne pas boire plus de 3 ou 4 tasses d\u2019infusion de thym par jour pour \u00e9viter des effets ind\u00e9sirables dus \u00e0 une surconsommation.<\/p>\n<h3><b>Informations de livraison<\/b><\/h3>\n<ul>\n<li>Livraison assur\u00e9e par <a href=\"https:\/\/saida-plants.com\/ar\/product-category\/epices-et-herbes\/\">SaidaPlants<\/a>, sous 24H \u00e0 Marrakech et sous 1 \u00e0 5 jours pour les autres villes du Maroc.<\/li>\n<li>Exp\u00e9dition pour les commandes \u00e0 l\u2019international sous 1 jour ouvr\u00e9. Les d\u00e9lais de livraison sont variables selon la destination et le mode de livraison choisi.<\/li>\n<\/ul>","protected":false},"excerpt":{"rendered":"<h1 style=\"text-align: center;\"><b>BIENFAITS <\/b><b>THYM 50g<\/b><\/h1>\n<p style=\"text-align: center;\">Produit naturel ne comportant aucun conservateur dans sa pr\u00e9paration<\/p>\n<p style=\"text-align: center;\">Ce sont les produits respectant les principes Vegan qui se basent principalement sur le refus de l&rsquo;exploitation animale<\/p>\n<p style=\"text-align: center;\">","protected":false},"featured_media":829,"comment_status":"open","ping_status":"closed","template":"","meta":[],"product_cat":[71],"product_tag":[],"class_list":["post-828","product","type-product","status-publish","has-post-thumbnail","hentry","product_cat-epices-et-herbes"],"yoast_head":"<!-- This site is optimized with the Yoast SEO plugin v19.13 - https:\/\/yoast.com\/wordpress\/plugins\/seo\/ -->\n<title>Thym - \u0632\u0639\u064a\u062a\u0631\u0629 - SaidaPlants<\/title>\n<meta name=\"description\" content=\"Thym - Nous faisons de notre mieux pour nos clients Obtenez le produit parfait et bio 100% fabriqu\u00e9 \u00e0 partir de la nature.\" \/>\n<meta name=\"robots\" content=\"index, follow, max-snippet:-1, max-image-preview:large, max-video-preview:-1\" \/>\n<link rel=\"canonical\" href=\"https:\/\/saida-plants.com\/ar\/product\/thym-\u0632\u0639\u064a\u062a\u0631\u0629\/\" \/>\n<meta property=\"og:locale\" content=\"ar_AR\" \/>\n<meta property=\"og:type\" content=\"article\" \/>\n<meta property=\"og:title\" content=\"Thym - \u0632\u0639\u064a\u062a\u0631\u0629 - SaidaPlants\" \/>\n<meta property=\"og:description\" content=\"Thym - Nous faisons de notre mieux pour nos clients Obtenez le produit parfait et bio 100% fabriqu\u00e9 \u00e0 partir de la nature.\" \/>\n<meta property=\"og:url\" content=\"https:\/\/saida-plants.com\/ar\/product\/thym-\u0632\u0639\u064a\u062a\u0631\u0629\/\" \/>\n<meta property=\"og:site_name\" content=\"SaidaPlants\" \/>\n<meta property=\"article:publisher\" content=\"https:\/\/www.facebook.com\/SaidaPlants\" \/>\n<meta property=\"og:image\" content=\"https:\/\/saida-plants.com\/wp-content\/uploads\/2021\/08\/00015-1200x800.png\" \/>\n\t<meta property=\"og:image:width\" content=\"1200\" \/>\n\t<meta property=\"og:image:height\" content=\"800\" \/>\n\t<meta property=\"og:image:type\" content=\"image\/png\" \/>\n<meta name=\"twitter:card\" content=\"summary_large_image\" \/>\n<meta name=\"twitter:label1\" content=\"\u0648\u0642\u062a \u0627\u0644\u0642\u0631\u0627\u0621\u0629 \u0627\u0644\u0645\u064f\u0642\u062f\u0651\u0631\" \/>\n\t<meta name=\"twitter:data1\" content=\"\u062f\u0642\u064a\u0642\u062a\u0627\u0646\" \/>\n<script type=\"application\/ld+json\" class=\"yoast-schema-graph\">{\"@context\":\"https:\/\/schema.org\",\"@graph\":[{\"@type\":\"WebPage\",\"@id\":\"https:\/\/saida-plants.com\/product\/thym-%d8%b2%d8%b9%d9%8a%d8%aa%d8%b1%d8%a9\/\",\"url\":\"https:\/\/saida-plants.com\/product\/thym-%d8%b2%d8%b9%d9%8a%d8%aa%d8%b1%d8%a9\/\",\"name\":\"Thym - \u0632\u0639\u064a\u062a\u0631\u0629 - SaidaPlants\",\"isPartOf\":{\"@id\":\"https:\/\/saida-plants.com\/#website\"},\"datePublished\":\"2021-09-08T16:18:49+00:00\",\"dateModified\":\"2021-09-08T16:18:49+00:00\",\"description\":\"Thym - Nous faisons de notre mieux pour nos clients Obtenez le produit parfait et bio 100% fabriqu\u00e9 \u00e0 partir de la nature.\",\"breadcrumb\":{\"@id\":\"https:\/\/saida-plants.com\/product\/thym-%d8%b2%d8%b9%d9%8a%d8%aa%d8%b1%d8%a9\/#breadcrumb\"},\"inLanguage\":\"ar\",\"potentialAction\":[{\"@type\":\"ReadAction\",\"target\":[\"https:\/\/saida-plants.com\/product\/thym-%d8%b2%d8%b9%d9%8a%d8%aa%d8%b1%d8%a9\/\"]}]},{\"@type\":\"BreadcrumbList\",\"@id\":\"https:\/\/saida-plants.com\/product\/thym-%d8%b2%d8%b9%d9%8a%d8%aa%d8%b1%d8%a9\/#breadcrumb\",\"itemListElement\":[{\"@type\":\"ListItem\",\"position\":1,\"name\":\"Home\",\"item\":\"https:\/\/saida-plants.com\/\"},{\"@type\":\"ListItem\",\"position\":2,\"name\":\"Shop\",\"item\":\"https:\/\/saida-plants.com\/ar\/shop\/\"},{\"@type\":\"ListItem\",\"position\":3,\"name\":\"Thym &#8211; \u0632\u0639\u064a\u062a\u0631\u0629\"}]},{\"@type\":\"WebSite\",\"@id\":\"https:\/\/saida-plants.com\/#website\",\"url\":\"https:\/\/saida-plants.com\/\",\"name\":\"SaidaPlants\",\"description\":\"1er Boutique En ligne Produit 100% Bio\",\"publisher\":{\"@id\":\"https:\/\/saida-plants.com\/#organization\"},\"potentialAction\":[{\"@type\":\"SearchAction\",\"target\":{\"@type\":\"EntryPoint\",\"urlTemplate\":\"https:\/\/saida-plants.com\/?s={search_term_string}\"},\"query-input\":\"required name=search_term_string\"}],\"inLanguage\":\"ar\"},{\"@type\":\"Organization\",\"@id\":\"https:\/\/saida-plants.com\/#organization\",\"name\":\"SaidaPlants\",\"url\":\"https:\/\/saida-plants.com\/\",\"logo\":{\"@type\":\"ImageObject\",\"inLanguage\":\"ar\",\"@id\":\"https:\/\/saida-plants.com\/#\/schema\/logo\/image\/\",\"url\":\"https:\/\/saida-plants.com\/wp-content\/uploads\/2021\/08\/WhatsApp-Image-2021-08-11-at-17.44.40.jpeg\",\"contentUrl\":\"https:\/\/saida-plants.com\/wp-content\/uploads\/2021\/08\/WhatsApp-Image-2021-08-11-at-17.44.40.jpeg\",\"width\":1280,\"height\":463,\"caption\":\"SaidaPlants\"},\"image\":{\"@id\":\"https:\/\/saida-plants.com\/#\/schema\/logo\/image\/\"},\"sameAs\":[\"https:\/\/www.instagram.com\/saidaplants\/\",\"https:\/\/www.facebook.com\/SaidaPlants\"]}]}<\/script>\n<!-- \/ Yoast SEO plugin. -->","yoast_head_json":{"title":"Thym - \u0632\u0639\u064a\u062a\u0631\u0629 - SaidaPlants","description":"Thym - Nous faisons de notre mieux pour nos clients Obtenez le produit parfait et bio 100% fabriqu\u00e9 \u00e0 partir de la nature.","robots":{"index":"index","follow":"follow","max-snippet":"max-snippet:-1","max-image-preview":"max-image-preview:large","max-video-preview":"max-video-preview:-1"},"canonical":"https:\/\/saida-plants.com\/ar\/product\/thym-\u0632\u0639\u064a\u062a\u0631\u0629\/","og_locale":"ar_AR","og_type":"article","og_title":"Thym - \u0632\u0639\u064a\u062a\u0631\u0629 - SaidaPlants","og_description":"Thym - Nous faisons de notre mieux pour nos clients Obtenez le produit parfait et bio 100% fabriqu\u00e9 \u00e0 partir de la nature.","og_url":"https:\/\/saida-plants.com\/ar\/product\/thym-\u0632\u0639\u064a\u062a\u0631\u0629\/","og_site_name":"SaidaPlants","article_publisher":"https:\/\/www.facebook.com\/SaidaPlants","og_image":[{"width":1200,"height":800,"url":"https:\/\/saida-plants.com\/wp-content\/uploads\/2021\/08\/00015-1200x800.png","type":"image\/png"}],"twitter_card":"summary_large_image","twitter_misc":{"\u0648\u0642\u062a \u0627\u0644\u0642\u0631\u0627\u0621\u0629 \u0627\u0644\u0645\u064f\u0642\u062f\u0651\u0631":"\u062f\u0642\u064a\u0642\u062a\u0627\u0646"},"schema":{"@context":"https:\/\/schema.org","@graph":[{"@type":"WebPage","@id":"https:\/\/saida-plants.com\/product\/thym-%d8%b2%d8%b9%d9%8a%d8%aa%d8%b1%d8%a9\/","url":"https:\/\/saida-plants.com\/product\/thym-%d8%b2%d8%b9%d9%8a%d8%aa%d8%b1%d8%a9\/","name":"Thym - \u0632\u0639\u064a\u062a\u0631\u0629 - SaidaPlants","isPartOf":{"@id":"https:\/\/saida-plants.com\/#website"},"datePublished":"2021-09-08T16:18:49+00:00","dateModified":"2021-09-08T16:18:49+00:00","description":"Thym - Nous faisons de notre mieux pour nos clients Obtenez le produit parfait et bio 100% fabriqu\u00e9 \u00e0 partir de la nature.","breadcrumb":{"@id":"https:\/\/saida-plants.com\/product\/thym-%d8%b2%d8%b9%d9%8a%d8%aa%d8%b1%d8%a9\/#breadcrumb"},"inLanguage":"ar","potentialAction":[{"@type":"ReadAction","target":["https:\/\/saida-plants.com\/product\/thym-%d8%b2%d8%b9%d9%8a%d8%aa%d8%b1%d8%a9\/"]}]},{"@type":"BreadcrumbList","@id":"https:\/\/saida-plants.com\/product\/thym-%d8%b2%d8%b9%d9%8a%d8%aa%d8%b1%d8%a9\/#breadcrumb","itemListElement":[{"@type":"ListItem","position":1,"name":"Home","item":"https:\/\/saida-plants.com\/"},{"@type":"ListItem","position":2,"name":"Shop","item":"https:\/\/saida-plants.com\/ar\/shop\/"},{"@type":"ListItem","position":3,"name":"Thym &#8211; \u0632\u0639\u064a\u062a\u0631\u0629"}]},{"@type":"WebSite","@id":"https:\/\/saida-plants.com\/#website","url":"https:\/\/saida-plants.com\/","name":"SaidaPlants","description":"1er Boutique En ligne Produit 100% Bio","publisher":{"@id":"https:\/\/saida-plants.com\/#organization"},"potentialAction":[{"@type":"SearchAction","target":{"@type":"EntryPoint","urlTemplate":"https:\/\/saida-plants.com\/?s={search_term_string}"},"query-input":"required name=search_term_string"}],"inLanguage":"ar"},{"@type":"Organization","@id":"https:\/\/saida-plants.com\/#organization","name":"SaidaPlants","url":"https:\/\/saida-plants.com\/","logo":{"@type":"ImageObject","inLanguage":"ar","@id":"https:\/\/saida-plants.com\/#\/schema\/logo\/image\/","url":"https:\/\/saida-plants.com\/wp-content\/uploads\/2021\/08\/WhatsApp-Image-2021-08-11-at-17.44.40.jpeg","contentUrl":"https:\/\/saida-plants.com\/wp-content\/uploads\/2021\/08\/WhatsApp-Image-2021-08-11-at-17.44.40.jpeg","width":1280,"height":463,"caption":"SaidaPlants"},"image":{"@id":"https:\/\/saida-plants.com\/#\/schema\/logo\/image\/"},"sameAs":["https:\/\/www.instagram.com\/saidaplants\/","https:\/\/www.facebook.com\/SaidaPlants"]}]}},"_links":{"self":[{"href":"https:\/\/saida-plants.com\/ar\/wp-json\/wp\/v2\/product\/828"}],"collection":[{"href":"https:\/\/saida-plants.com\/ar\/wp-json\/wp\/v2\/product"}],"about":[{"href":"https:\/\/saida-plants.com\/ar\/wp-json\/wp\/v2\/types\/product"}],"replies":[{"embeddable":true,"href":"https:\/\/saida-plants.com\/ar\/wp-json\/wp\/v2\/comments?post=828"}],"wp:featuredmedia":[{"embeddable":true,"href":"https:\/\/saida-plants.com\/ar\/wp-json\/wp\/v2\/media\/829"}],"wp:attachment":[{"href":"https:\/\/saida-plants.com\/ar\/wp-json\/wp\/v2\/media?parent=828"}],"wp:term":[{"taxonomy":"product_cat","embeddable":true,"href":"https:\/\/saida-plants.com\/ar\/wp-json\/wp\/v2\/product_cat?post=828"},{"taxonomy":"product_tag","embeddable":true,"href":"https:\/\/saida-plants.com\/ar\/wp-json\/wp\/v2\/product_tag?post=828"}],"curies":[{"name":"wp","href":"https:\/\/api.w.org\/{rel}","templated":true}]}}