{"id":833,"date":"2021-09-08T16:19:49","date_gmt":"2021-09-08T16:19:49","guid":{"rendered":"https:\/\/saida-plants.com\/?post_type=product&#038;p=833"},"modified":"2022-09-12T21:56:59","modified_gmt":"2022-09-12T21:56:59","slug":"farine-de-caroubier-%d8%ae%d8%b1%d9%88%d8%a8-%d9%85%d8%b7%d8%ad%d9%88%d9%86","status":"publish","type":"product","link":"https:\/\/saida-plants.com\/ar\/product\/farine-de-caroubier-%d8%ae%d8%b1%d9%88%d8%a8-%d9%85%d8%b7%d8%ad%d9%88%d9%86\/","title":{"rendered":"Farine de Caroubier &#8211; (\u062e\u0631\u0648\u0628 \u0645\u0637\u062d\u0648\u0646)"},"content":{"rendered":"<h1><b>BIENFAITS <\/b><b>FARINE DE CAROUBIER 100g<\/b><\/h1>\n<ul>\n<li>Produit naturel ne comportant aucun conservateur dans sa pr\u00e9paration<\/li>\n<li>Ce sont les produits respectant les principes Vegan qui se basent principalement sur le refus de l&rsquo;exploitation animale<\/li>\n<\/ul>\n<h2><b>Indications<\/b><\/h2>\n<p><b>Posologie<\/b><\/p>\n<h3><b>Chez <a href=\"https:\/\/saida-plants.com\/ar\/politique-de-confidentialite\/\">l\u2019adulte<\/a> (plus de 18 ans)<\/b><\/h3>\n<p>Aucune \u00e9tude toxicologique n\u2019a \u00e9t\u00e9 entreprise pour d\u00e9terminer les doses maximales \u00e0 utiliser. Il faut donc se fier aux doses traditionnellement utilis\u00e9es, soit 20 \u00e0 30 g de caroube sous forme de poudre dissouts dans un liquide chaude comme de l\u2019eau, du th\u00e9 ou du lait, une fois par jour.<\/p>\n<h3><b>Chez les enfants (moins de 18 ans)<\/b><\/h3>\n<p>Son utilisation n\u2019est pas recommand\u00e9e car les doses efficaces et inoffensives de caroube n\u2019ont pas encore \u00e9t\u00e9 scientifiquement d\u00e9termin\u00e9es.<\/p>\n<h3><b>Description<\/b><\/h3>\n<p>Le Farine de Caroubier est un arbre de la famille des l\u00e9gumineuses, mesurant g\u00e9n\u00e9ralement cinq m\u00e8tres de hauteur. Sa long\u00e9vit\u00e9 peut atteindre\u00a0500\u00a0ans.<\/p>\n<p>Les feuilles sont de couleur verte, alors que les fleurs, tr\u00e8s petites et rouge\u00e2tres, sont r\u00e9unies en grappes\u00a0et apparaissent \u00e0 la fin de l\u2019\u00e9t\u00e9.<\/p>\n<p>Ces grappes donnent naissance \u00e0 de longues et \u00e9paisses gousses. Vertes lorsqu\u2019elles sont immatures, ces gousses deviennent brunes et aplaties lorsqu\u2019elles arrivent \u00e0 maturit\u00e9 vers le mois de juillet. On retrouve dans les gousses les graines de caroube, de couleur brune et de forme ovo\u00efde aplatie. On compte quinze \u00e0 vingt graines par gousse.<\/p>\n<p>Comestible, la pulpe jaune contenue dans les gousses a un go\u00fbt chocolat\u00e9 et peut \u00eatre utilis\u00e9e comme substitut du cacao, avec un apport calorique moindre. Elle est constitu\u00e9e de 40\u00a0% de sucres, de 35\u00a0% d&rsquo;amidon, de 7\u00a0% de\u00a0prot\u00e9ines, et, dans une moindre mesure, de tannins et sels min\u00e9raux comme le calcium et le magn\u00e9sium. Les propri\u00e9t\u00e9s \u00e9paississantes de la pulpe sont li\u00e9es \u00e0 la pr\u00e9sence d&rsquo;un sucre appel\u00e9 le\u00a0galactomannane (= un polym\u00e8re, c\u2019est-a-dire un assemblage de sucres parfois utilis\u00e9 pour remplacer l\u2019amidon) .<\/p>\n<p>Les graines de caroube grill\u00e9es sont utilis\u00e9es en substitution du caf\u00e9 en confiserie apr\u00e8s le broyage des graines, ou transform\u00e9es en sirop.<\/p>\n<h3><b>Informations de livraison<\/b><\/h3>\n<ul>\n<li>Livraison assur\u00e9e par SaidaPlants, sous 24H \u00e0 Marrakech et sous 1 \u00e0 5 jours pour les autres villes du Maroc.<\/li>\n<li>Exp\u00e9dition pour les commandes \u00e0 l\u2019international sous 1 jour ouvr\u00e9. Les d\u00e9lais de livraison sont variables selon la destination et le mode de livraison choisi.<\/li>\n<\/ul>","protected":false},"excerpt":{"rendered":"<h1 style=\"text-align: center;\"><b>BIENFAITS <\/b><b>FARINE DE CAROUBIER 100g<\/b><\/h1>\n<p style=\"text-align: center;\">Produit naturel ne comportant aucun conservateur dans sa pr\u00e9paration<\/p>\n<p style=\"text-align: center;\">Ce sont les produits respectant les principes Vegan qui se basent principalement sur le refus de l&rsquo;exploitation animale<\/p>","protected":false},"featured_media":834,"comment_status":"open","ping_status":"closed","template":"","meta":[],"product_cat":[71],"product_tag":[],"class_list":["post-833","product","type-product","status-publish","has-post-thumbnail","hentry","product_cat-epices-et-herbes"],"yoast_head":"<!-- This site is optimized with the Yoast SEO plugin v19.13 - https:\/\/yoast.com\/wordpress\/plugins\/seo\/ -->\n<title>Farine de Caroubier - (\u062e\u0631\u0648\u0628 \u0645\u0637\u062d\u0648\u0646) - SaidaPlants<\/title>\n<meta name=\"description\" content=\"Farine de Caroubier - Nous faisons de notre mieux pour nos clients Obtenez le produit parfait et bio 100% fabriqu\u00e9 \u00e0 partir de la nature.\" \/>\n<meta name=\"robots\" content=\"index, follow, max-snippet:-1, max-image-preview:large, max-video-preview:-1\" \/>\n<link rel=\"canonical\" href=\"https:\/\/saida-plants.com\/ar\/product\/farine-de-caroubier-\u062e\u0631\u0648\u0628-\u0645\u0637\u062d\u0648\u0646\/\" \/>\n<meta property=\"og:locale\" content=\"ar_AR\" \/>\n<meta property=\"og:type\" content=\"article\" \/>\n<meta property=\"og:title\" content=\"Farine de Caroubier - (\u062e\u0631\u0648\u0628 \u0645\u0637\u062d\u0648\u0646) - SaidaPlants\" \/>\n<meta property=\"og:description\" content=\"Farine de Caroubier - Nous faisons de notre mieux pour nos clients Obtenez le produit parfait et bio 100% fabriqu\u00e9 \u00e0 partir de la nature.\" \/>\n<meta property=\"og:url\" content=\"https:\/\/saida-plants.com\/ar\/product\/farine-de-caroubier-\u062e\u0631\u0648\u0628-\u0645\u0637\u062d\u0648\u0646\/\" \/>\n<meta property=\"og:site_name\" content=\"SaidaPlants\" \/>\n<meta property=\"article:publisher\" content=\"https:\/\/www.facebook.com\/SaidaPlants\" \/>\n<meta property=\"article:modified_time\" content=\"2022-09-12T21:56:59+00:00\" \/>\n<meta property=\"og:image\" content=\"https:\/\/saida-plants.com\/wp-content\/uploads\/2021\/08\/0005-1200x800.png\" \/>\n\t<meta property=\"og:image:width\" content=\"1200\" \/>\n\t<meta property=\"og:image:height\" content=\"800\" \/>\n\t<meta property=\"og:image:type\" content=\"image\/png\" \/>\n<meta name=\"twitter:card\" content=\"summary_large_image\" \/>\n<meta name=\"twitter:label1\" content=\"\u0648\u0642\u062a \u0627\u0644\u0642\u0631\u0627\u0621\u0629 \u0627\u0644\u0645\u064f\u0642\u062f\u0651\u0631\" \/>\n\t<meta name=\"twitter:data1\" content=\"\u062f\u0642\u064a\u0642\u062a\u0627\u0646\" \/>\n<script type=\"application\/ld+json\" class=\"yoast-schema-graph\">{\"@context\":\"https:\/\/schema.org\",\"@graph\":[{\"@type\":\"WebPage\",\"@id\":\"https:\/\/saida-plants.com\/product\/farine-de-caroubier-%d8%ae%d8%b1%d9%88%d8%a8-%d9%85%d8%b7%d8%ad%d9%88%d9%86\/\",\"url\":\"https:\/\/saida-plants.com\/product\/farine-de-caroubier-%d8%ae%d8%b1%d9%88%d8%a8-%d9%85%d8%b7%d8%ad%d9%88%d9%86\/\",\"name\":\"Farine de Caroubier - (\u062e\u0631\u0648\u0628 \u0645\u0637\u062d\u0648\u0646) - SaidaPlants\",\"isPartOf\":{\"@id\":\"https:\/\/saida-plants.com\/#website\"},\"datePublished\":\"2021-09-08T16:19:49+00:00\",\"dateModified\":\"2022-09-12T21:56:59+00:00\",\"description\":\"Farine de Caroubier - Nous faisons de notre mieux pour nos clients Obtenez le produit parfait et bio 100% fabriqu\u00e9 \u00e0 partir de la nature.\",\"breadcrumb\":{\"@id\":\"https:\/\/saida-plants.com\/product\/farine-de-caroubier-%d8%ae%d8%b1%d9%88%d8%a8-%d9%85%d8%b7%d8%ad%d9%88%d9%86\/#breadcrumb\"},\"inLanguage\":\"ar\",\"potentialAction\":[{\"@type\":\"ReadAction\",\"target\":[\"https:\/\/saida-plants.com\/product\/farine-de-caroubier-%d8%ae%d8%b1%d9%88%d8%a8-%d9%85%d8%b7%d8%ad%d9%88%d9%86\/\"]}]},{\"@type\":\"BreadcrumbList\",\"@id\":\"https:\/\/saida-plants.com\/product\/farine-de-caroubier-%d8%ae%d8%b1%d9%88%d8%a8-%d9%85%d8%b7%d8%ad%d9%88%d9%86\/#breadcrumb\",\"itemListElement\":[{\"@type\":\"ListItem\",\"position\":1,\"name\":\"Home\",\"item\":\"https:\/\/saida-plants.com\/\"},{\"@type\":\"ListItem\",\"position\":2,\"name\":\"Shop\",\"item\":\"https:\/\/saida-plants.com\/ar\/shop\/\"},{\"@type\":\"ListItem\",\"position\":3,\"name\":\"Farine de Caroubier &#8211; (\u062e\u0631\u0648\u0628 \u0645\u0637\u062d\u0648\u0646)\"}]},{\"@type\":\"WebSite\",\"@id\":\"https:\/\/saida-plants.com\/#website\",\"url\":\"https:\/\/saida-plants.com\/\",\"name\":\"SaidaPlants\",\"description\":\"1er Boutique En ligne Produit 100% Bio\",\"publisher\":{\"@id\":\"https:\/\/saida-plants.com\/#organization\"},\"potentialAction\":[{\"@type\":\"SearchAction\",\"target\":{\"@type\":\"EntryPoint\",\"urlTemplate\":\"https:\/\/saida-plants.com\/?s={search_term_string}\"},\"query-input\":\"required name=search_term_string\"}],\"inLanguage\":\"ar\"},{\"@type\":\"Organization\",\"@id\":\"https:\/\/saida-plants.com\/#organization\",\"name\":\"SaidaPlants\",\"url\":\"https:\/\/saida-plants.com\/\",\"logo\":{\"@type\":\"ImageObject\",\"inLanguage\":\"ar\",\"@id\":\"https:\/\/saida-plants.com\/#\/schema\/logo\/image\/\",\"url\":\"https:\/\/saida-plants.com\/wp-content\/uploads\/2021\/08\/WhatsApp-Image-2021-08-11-at-17.44.40.jpeg\",\"contentUrl\":\"https:\/\/saida-plants.com\/wp-content\/uploads\/2021\/08\/WhatsApp-Image-2021-08-11-at-17.44.40.jpeg\",\"width\":1280,\"height\":463,\"caption\":\"SaidaPlants\"},\"image\":{\"@id\":\"https:\/\/saida-plants.com\/#\/schema\/logo\/image\/\"},\"sameAs\":[\"https:\/\/www.instagram.com\/saidaplants\/\",\"https:\/\/www.facebook.com\/SaidaPlants\"]}]}<\/script>\n<!-- \/ Yoast SEO plugin. -->","yoast_head_json":{"title":"Farine de Caroubier - (\u062e\u0631\u0648\u0628 \u0645\u0637\u062d\u0648\u0646) - SaidaPlants","description":"Farine de Caroubier - Nous faisons de notre mieux pour nos clients Obtenez le produit parfait et bio 100% fabriqu\u00e9 \u00e0 partir de la nature.","robots":{"index":"index","follow":"follow","max-snippet":"max-snippet:-1","max-image-preview":"max-image-preview:large","max-video-preview":"max-video-preview:-1"},"canonical":"https:\/\/saida-plants.com\/ar\/product\/farine-de-caroubier-\u062e\u0631\u0648\u0628-\u0645\u0637\u062d\u0648\u0646\/","og_locale":"ar_AR","og_type":"article","og_title":"Farine de Caroubier - (\u062e\u0631\u0648\u0628 \u0645\u0637\u062d\u0648\u0646) - SaidaPlants","og_description":"Farine de Caroubier - Nous faisons de notre mieux pour nos clients Obtenez le produit parfait et bio 100% fabriqu\u00e9 \u00e0 partir de la nature.","og_url":"https:\/\/saida-plants.com\/ar\/product\/farine-de-caroubier-\u062e\u0631\u0648\u0628-\u0645\u0637\u062d\u0648\u0646\/","og_site_name":"SaidaPlants","article_publisher":"https:\/\/www.facebook.com\/SaidaPlants","article_modified_time":"2022-09-12T21:56:59+00:00","og_image":[{"width":1200,"height":800,"url":"https:\/\/saida-plants.com\/wp-content\/uploads\/2021\/08\/0005-1200x800.png","type":"image\/png"}],"twitter_card":"summary_large_image","twitter_misc":{"\u0648\u0642\u062a \u0627\u0644\u0642\u0631\u0627\u0621\u0629 \u0627\u0644\u0645\u064f\u0642\u062f\u0651\u0631":"\u062f\u0642\u064a\u0642\u062a\u0627\u0646"},"schema":{"@context":"https:\/\/schema.org","@graph":[{"@type":"WebPage","@id":"https:\/\/saida-plants.com\/product\/farine-de-caroubier-%d8%ae%d8%b1%d9%88%d8%a8-%d9%85%d8%b7%d8%ad%d9%88%d9%86\/","url":"https:\/\/saida-plants.com\/product\/farine-de-caroubier-%d8%ae%d8%b1%d9%88%d8%a8-%d9%85%d8%b7%d8%ad%d9%88%d9%86\/","name":"Farine de Caroubier - (\u062e\u0631\u0648\u0628 \u0645\u0637\u062d\u0648\u0646) - SaidaPlants","isPartOf":{"@id":"https:\/\/saida-plants.com\/#website"},"datePublished":"2021-09-08T16:19:49+00:00","dateModified":"2022-09-12T21:56:59+00:00","description":"Farine de Caroubier - Nous faisons de notre mieux pour nos clients Obtenez le produit parfait et bio 100% fabriqu\u00e9 \u00e0 partir de la nature.","breadcrumb":{"@id":"https:\/\/saida-plants.com\/product\/farine-de-caroubier-%d8%ae%d8%b1%d9%88%d8%a8-%d9%85%d8%b7%d8%ad%d9%88%d9%86\/#breadcrumb"},"inLanguage":"ar","potentialAction":[{"@type":"ReadAction","target":["https:\/\/saida-plants.com\/product\/farine-de-caroubier-%d8%ae%d8%b1%d9%88%d8%a8-%d9%85%d8%b7%d8%ad%d9%88%d9%86\/"]}]},{"@type":"BreadcrumbList","@id":"https:\/\/saida-plants.com\/product\/farine-de-caroubier-%d8%ae%d8%b1%d9%88%d8%a8-%d9%85%d8%b7%d8%ad%d9%88%d9%86\/#breadcrumb","itemListElement":[{"@type":"ListItem","position":1,"name":"Home","item":"https:\/\/saida-plants.com\/"},{"@type":"ListItem","position":2,"name":"Shop","item":"https:\/\/saida-plants.com\/ar\/shop\/"},{"@type":"ListItem","position":3,"name":"Farine de Caroubier &#8211; (\u062e\u0631\u0648\u0628 \u0645\u0637\u062d\u0648\u0646)"}]},{"@type":"WebSite","@id":"https:\/\/saida-plants.com\/#website","url":"https:\/\/saida-plants.com\/","name":"SaidaPlants","description":"1er Boutique En ligne Produit 100% Bio","publisher":{"@id":"https:\/\/saida-plants.com\/#organization"},"potentialAction":[{"@type":"SearchAction","target":{"@type":"EntryPoint","urlTemplate":"https:\/\/saida-plants.com\/?s={search_term_string}"},"query-input":"required name=search_term_string"}],"inLanguage":"ar"},{"@type":"Organization","@id":"https:\/\/saida-plants.com\/#organization","name":"SaidaPlants","url":"https:\/\/saida-plants.com\/","logo":{"@type":"ImageObject","inLanguage":"ar","@id":"https:\/\/saida-plants.com\/#\/schema\/logo\/image\/","url":"https:\/\/saida-plants.com\/wp-content\/uploads\/2021\/08\/WhatsApp-Image-2021-08-11-at-17.44.40.jpeg","contentUrl":"https:\/\/saida-plants.com\/wp-content\/uploads\/2021\/08\/WhatsApp-Image-2021-08-11-at-17.44.40.jpeg","width":1280,"height":463,"caption":"SaidaPlants"},"image":{"@id":"https:\/\/saida-plants.com\/#\/schema\/logo\/image\/"},"sameAs":["https:\/\/www.instagram.com\/saidaplants\/","https:\/\/www.facebook.com\/SaidaPlants"]}]}},"_links":{"self":[{"href":"https:\/\/saida-plants.com\/ar\/wp-json\/wp\/v2\/product\/833"}],"collection":[{"href":"https:\/\/saida-plants.com\/ar\/wp-json\/wp\/v2\/product"}],"about":[{"href":"https:\/\/saida-plants.com\/ar\/wp-json\/wp\/v2\/types\/product"}],"replies":[{"embeddable":true,"href":"https:\/\/saida-plants.com\/ar\/wp-json\/wp\/v2\/comments?post=833"}],"wp:featuredmedia":[{"embeddable":true,"href":"https:\/\/saida-plants.com\/ar\/wp-json\/wp\/v2\/media\/834"}],"wp:attachment":[{"href":"https:\/\/saida-plants.com\/ar\/wp-json\/wp\/v2\/media?parent=833"}],"wp:term":[{"taxonomy":"product_cat","embeddable":true,"href":"https:\/\/saida-plants.com\/ar\/wp-json\/wp\/v2\/product_cat?post=833"},{"taxonomy":"product_tag","embeddable":true,"href":"https:\/\/saida-plants.com\/ar\/wp-json\/wp\/v2\/product_tag?post=833"}],"curies":[{"name":"wp","href":"https:\/\/api.w.org\/{rel}","templated":true}]}}