{"id":835,"date":"2021-09-08T16:04:59","date_gmt":"2021-09-08T16:04:59","guid":{"rendered":"https:\/\/saida-plants.com\/?post_type=product&#038;p=835"},"modified":"2022-09-12T21:53:02","modified_gmt":"2022-09-12T21:53:02","slug":"poivre-noir-poudre-%d8%a5%d8%a8%d8%b2%d8%a7%d8%b1-%d9%85%d8%b7%d8%ad%d9%88%d9%86","status":"publish","type":"product","link":"https:\/\/saida-plants.com\/ar\/product\/poivre-noir-poudre-%d8%a5%d8%a8%d8%b2%d8%a7%d8%b1-%d9%85%d8%b7%d8%ad%d9%88%d9%86\/","title":{"rendered":"Poivre Noir poudre &#8211; (\u0625\u0628\u0632\u0627\u0631 \u0645\u0637\u062d\u0648\u0646)"},"content":{"rendered":"<h1><b>BIENFAITS <\/b><b>POIVRE NOIR POUDRE 100g<\/b><\/h1>\n<ul>\n<li>Produit naturel ne comportant aucun conservateur dans sa pr\u00e9paration<\/li>\n<li>Ce sont les produits respectant les principes Vegan qui se basent principalement sur le refus de l&rsquo;exploitation animale<\/li>\n<\/ul>\n<h2><b>Propri\u00e9t\u00e9s m\u00e9dicinales du Poivre Noir poudre<\/b><\/h2>\n<h3><b>Utilisation interne<\/b><\/h3>\n<ul>\n<li><b> Stimulant :<\/b> en favorisant la s\u00e9cr\u00e9tion de sucs gastriques, le poivre aide \u00e0 la digestion. Son utilisation est indiqu\u00e9e en cas de naus\u00e9es, ballonnements, flatulences, constipation et manque d&rsquo;app\u00e9tit.<\/li>\n<li><b> Anti-acide :<\/b> un alcalo\u00efde contenu dans le poivre, la pip\u00e9rine, favorise la salivation et r\u00e9duit ainsi l&rsquo;acidit\u00e9 de la cavit\u00e9 buccale. Le poivre favorise la digestion et prot\u00e8ge les dents.<\/li>\n<li><b> Antid\u00e9presseur :<\/b> la pip\u00e9rine du poivre stimule la production d&rsquo;endorphines.<\/li>\n<\/ul>\n<h3><b>Utilisation externe<\/b><\/h3>\n<ul>\n<li><b> F\u00e9brifuge :<\/b> dans le bain, l&rsquo;huile essentielle de poivre stimule la transpiration et fait baisser la fi\u00e8vre.<\/li>\n<li><b> Affections cutan\u00e9es<\/b> : en stimulant les m\u00e9lanocytes, le poivre soigne le vitiligo, une affection cutan\u00e9e qui provoque une d\u00e9pigmentation de la peau.<\/li>\n<li><b> Anti-inflammatoire :<\/b> en compresses froides, le poivre soulage la douleur et r\u00e9duit les gonflements dus aux contusions. Il est aussi utilis\u00e9 contre l&rsquo;arthrite.<\/li>\n<li><b> Antibact\u00e9rien :<\/b> il soulage les douleurs dentaires.<\/li>\n<\/ul>\n<h3><b>Indications th\u00e9rapeutiques usuelles<\/b><\/h3>\n<p>Troubles digestifs (naus\u00e9es, constipation, ballonnements&#8230;). D\u00e9pression. Affections cutan\u00e9es comme le vitiligo. Fi\u00e8vre. Contusions.<\/p>\n<h3><b>Autres indications th\u00e9rapeutiques d\u00e9montr\u00e9es<\/b><\/h3>\n<p>Arthrite. Douleurs dentaires.<\/p>\n<p>Pour des usages culinaires de cette plante, consultez la fiche ingr\u00e9dient Poivre de notre partenaire Marmiton.<\/p>\n<h3><b>Informations de livraison<\/b><\/h3>\n<ul>\n<li>Livraison assur\u00e9e par <a href=\"https:\/\/saida-plants.com\/ar\/shop\/\">SaidaPlants<\/a>, sous 24H \u00e0 Marrakech et sous 1 \u00e0 5 jours pour les autres villes du Maroc.<\/li>\n<li>Exp\u00e9dition pour les commandes \u00e0 l\u2019international sous 1 jour ouvr\u00e9. Les d\u00e9lais de livraison sont variables selon la destination et le mode de livraison choisi.<\/li>\n<\/ul>","protected":false},"excerpt":{"rendered":"<h2 style=\"text-align: center;\"><b>BIENFAITS <\/b><b>POIVRE NOIR POUDRE 100g<\/b><\/h2>\n<p style=\"text-align: center;\">Produit naturel ne comportant aucun conservateur dans sa pr\u00e9paration<\/p>\n<p style=\"text-align: center;\">Ce sont les produits respectant les principes Vegan qui se basent principalement sur le refus de l&rsquo;exploitation animale<\/p>\n<p style=\"text-align: center;\">","protected":false},"featured_media":836,"comment_status":"open","ping_status":"closed","template":"","meta":[],"product_cat":[71],"product_tag":[],"class_list":["post-835","product","type-product","status-publish","has-post-thumbnail","hentry","product_cat-epices-et-herbes"],"yoast_head":"<!-- This site is optimized with the Yoast SEO plugin v19.13 - https:\/\/yoast.com\/wordpress\/plugins\/seo\/ -->\n<title>Poivre Noir poudre - (\u0625\u0628\u0632\u0627\u0631 \u0645\u0637\u062d\u0648\u0646) - SaidaPlants<\/title>\n<meta name=\"description\" content=\"Poivre Noir poudre - Nous faisons de notre mieux pour nos clients Obtenez le produit parfait et bio 100% fabriqu\u00e9 \u00e0 partir de la nature.\" \/>\n<meta name=\"robots\" content=\"index, follow, max-snippet:-1, max-image-preview:large, max-video-preview:-1\" \/>\n<link rel=\"canonical\" href=\"https:\/\/saida-plants.com\/ar\/product\/poivre-noir-poudre-\u0625\u0628\u0632\u0627\u0631-\u0645\u0637\u062d\u0648\u0646\/\" \/>\n<meta property=\"og:locale\" content=\"ar_AR\" \/>\n<meta property=\"og:type\" content=\"article\" \/>\n<meta property=\"og:title\" content=\"Poivre Noir poudre - (\u0625\u0628\u0632\u0627\u0631 \u0645\u0637\u062d\u0648\u0646) - SaidaPlants\" \/>\n<meta property=\"og:description\" content=\"Poivre Noir poudre - Nous faisons de notre mieux pour nos clients Obtenez le produit parfait et bio 100% fabriqu\u00e9 \u00e0 partir de la nature.\" \/>\n<meta property=\"og:url\" content=\"https:\/\/saida-plants.com\/ar\/product\/poivre-noir-poudre-\u0625\u0628\u0632\u0627\u0631-\u0645\u0637\u062d\u0648\u0646\/\" \/>\n<meta property=\"og:site_name\" content=\"SaidaPlants\" \/>\n<meta property=\"article:publisher\" content=\"https:\/\/www.facebook.com\/SaidaPlants\" \/>\n<meta property=\"article:modified_time\" content=\"2022-09-12T21:53:02+00:00\" \/>\n<meta property=\"og:image\" content=\"https:\/\/saida-plants.com\/wp-content\/uploads\/2021\/08\/0001-1200x800.png\" \/>\n\t<meta property=\"og:image:width\" content=\"1200\" \/>\n\t<meta property=\"og:image:height\" content=\"800\" \/>\n\t<meta property=\"og:image:type\" content=\"image\/png\" \/>\n<meta name=\"twitter:card\" content=\"summary_large_image\" \/>\n<meta name=\"twitter:label1\" content=\"\u0648\u0642\u062a \u0627\u0644\u0642\u0631\u0627\u0621\u0629 \u0627\u0644\u0645\u064f\u0642\u062f\u0651\u0631\" \/>\n\t<meta name=\"twitter:data1\" content=\"\u062f\u0642\u064a\u0642\u062a\u0627\u0646\" \/>\n<script type=\"application\/ld+json\" class=\"yoast-schema-graph\">{\"@context\":\"https:\/\/schema.org\",\"@graph\":[{\"@type\":\"WebPage\",\"@id\":\"https:\/\/saida-plants.com\/product\/poivre-noir-poudre-%d8%a5%d8%a8%d8%b2%d8%a7%d8%b1-%d9%85%d8%b7%d8%ad%d9%88%d9%86\/\",\"url\":\"https:\/\/saida-plants.com\/product\/poivre-noir-poudre-%d8%a5%d8%a8%d8%b2%d8%a7%d8%b1-%d9%85%d8%b7%d8%ad%d9%88%d9%86\/\",\"name\":\"Poivre Noir poudre - (\u0625\u0628\u0632\u0627\u0631 \u0645\u0637\u062d\u0648\u0646) - SaidaPlants\",\"isPartOf\":{\"@id\":\"https:\/\/saida-plants.com\/#website\"},\"datePublished\":\"2021-09-08T16:04:59+00:00\",\"dateModified\":\"2022-09-12T21:53:02+00:00\",\"description\":\"Poivre Noir poudre - Nous faisons de notre mieux pour nos clients Obtenez le produit parfait et bio 100% fabriqu\u00e9 \u00e0 partir de la nature.\",\"breadcrumb\":{\"@id\":\"https:\/\/saida-plants.com\/product\/poivre-noir-poudre-%d8%a5%d8%a8%d8%b2%d8%a7%d8%b1-%d9%85%d8%b7%d8%ad%d9%88%d9%86\/#breadcrumb\"},\"inLanguage\":\"ar\",\"potentialAction\":[{\"@type\":\"ReadAction\",\"target\":[\"https:\/\/saida-plants.com\/product\/poivre-noir-poudre-%d8%a5%d8%a8%d8%b2%d8%a7%d8%b1-%d9%85%d8%b7%d8%ad%d9%88%d9%86\/\"]}]},{\"@type\":\"BreadcrumbList\",\"@id\":\"https:\/\/saida-plants.com\/product\/poivre-noir-poudre-%d8%a5%d8%a8%d8%b2%d8%a7%d8%b1-%d9%85%d8%b7%d8%ad%d9%88%d9%86\/#breadcrumb\",\"itemListElement\":[{\"@type\":\"ListItem\",\"position\":1,\"name\":\"Home\",\"item\":\"https:\/\/saida-plants.com\/\"},{\"@type\":\"ListItem\",\"position\":2,\"name\":\"Shop\",\"item\":\"https:\/\/saida-plants.com\/ar\/shop\/\"},{\"@type\":\"ListItem\",\"position\":3,\"name\":\"Poivre Noir poudre &#8211; (\u0625\u0628\u0632\u0627\u0631 \u0645\u0637\u062d\u0648\u0646)\"}]},{\"@type\":\"WebSite\",\"@id\":\"https:\/\/saida-plants.com\/#website\",\"url\":\"https:\/\/saida-plants.com\/\",\"name\":\"SaidaPlants\",\"description\":\"1er Boutique En ligne Produit 100% Bio\",\"publisher\":{\"@id\":\"https:\/\/saida-plants.com\/#organization\"},\"potentialAction\":[{\"@type\":\"SearchAction\",\"target\":{\"@type\":\"EntryPoint\",\"urlTemplate\":\"https:\/\/saida-plants.com\/?s={search_term_string}\"},\"query-input\":\"required name=search_term_string\"}],\"inLanguage\":\"ar\"},{\"@type\":\"Organization\",\"@id\":\"https:\/\/saida-plants.com\/#organization\",\"name\":\"SaidaPlants\",\"url\":\"https:\/\/saida-plants.com\/\",\"logo\":{\"@type\":\"ImageObject\",\"inLanguage\":\"ar\",\"@id\":\"https:\/\/saida-plants.com\/#\/schema\/logo\/image\/\",\"url\":\"https:\/\/saida-plants.com\/wp-content\/uploads\/2021\/08\/WhatsApp-Image-2021-08-11-at-17.44.40.jpeg\",\"contentUrl\":\"https:\/\/saida-plants.com\/wp-content\/uploads\/2021\/08\/WhatsApp-Image-2021-08-11-at-17.44.40.jpeg\",\"width\":1280,\"height\":463,\"caption\":\"SaidaPlants\"},\"image\":{\"@id\":\"https:\/\/saida-plants.com\/#\/schema\/logo\/image\/\"},\"sameAs\":[\"https:\/\/www.instagram.com\/saidaplants\/\",\"https:\/\/www.facebook.com\/SaidaPlants\"]}]}<\/script>\n<!-- \/ Yoast SEO plugin. -->","yoast_head_json":{"title":"Poivre Noir poudre - (\u0625\u0628\u0632\u0627\u0631 \u0645\u0637\u062d\u0648\u0646) - SaidaPlants","description":"Poivre Noir poudre - Nous faisons de notre mieux pour nos clients Obtenez le produit parfait et bio 100% fabriqu\u00e9 \u00e0 partir de la nature.","robots":{"index":"index","follow":"follow","max-snippet":"max-snippet:-1","max-image-preview":"max-image-preview:large","max-video-preview":"max-video-preview:-1"},"canonical":"https:\/\/saida-plants.com\/ar\/product\/poivre-noir-poudre-\u0625\u0628\u0632\u0627\u0631-\u0645\u0637\u062d\u0648\u0646\/","og_locale":"ar_AR","og_type":"article","og_title":"Poivre Noir poudre - (\u0625\u0628\u0632\u0627\u0631 \u0645\u0637\u062d\u0648\u0646) - SaidaPlants","og_description":"Poivre Noir poudre - Nous faisons de notre mieux pour nos clients Obtenez le produit parfait et bio 100% fabriqu\u00e9 \u00e0 partir de la nature.","og_url":"https:\/\/saida-plants.com\/ar\/product\/poivre-noir-poudre-\u0625\u0628\u0632\u0627\u0631-\u0645\u0637\u062d\u0648\u0646\/","og_site_name":"SaidaPlants","article_publisher":"https:\/\/www.facebook.com\/SaidaPlants","article_modified_time":"2022-09-12T21:53:02+00:00","og_image":[{"width":1200,"height":800,"url":"https:\/\/saida-plants.com\/wp-content\/uploads\/2021\/08\/0001-1200x800.png","type":"image\/png"}],"twitter_card":"summary_large_image","twitter_misc":{"\u0648\u0642\u062a \u0627\u0644\u0642\u0631\u0627\u0621\u0629 \u0627\u0644\u0645\u064f\u0642\u062f\u0651\u0631":"\u062f\u0642\u064a\u0642\u062a\u0627\u0646"},"schema":{"@context":"https:\/\/schema.org","@graph":[{"@type":"WebPage","@id":"https:\/\/saida-plants.com\/product\/poivre-noir-poudre-%d8%a5%d8%a8%d8%b2%d8%a7%d8%b1-%d9%85%d8%b7%d8%ad%d9%88%d9%86\/","url":"https:\/\/saida-plants.com\/product\/poivre-noir-poudre-%d8%a5%d8%a8%d8%b2%d8%a7%d8%b1-%d9%85%d8%b7%d8%ad%d9%88%d9%86\/","name":"Poivre Noir poudre - (\u0625\u0628\u0632\u0627\u0631 \u0645\u0637\u062d\u0648\u0646) - SaidaPlants","isPartOf":{"@id":"https:\/\/saida-plants.com\/#website"},"datePublished":"2021-09-08T16:04:59+00:00","dateModified":"2022-09-12T21:53:02+00:00","description":"Poivre Noir poudre - Nous faisons de notre mieux pour nos clients Obtenez le produit parfait et bio 100% fabriqu\u00e9 \u00e0 partir de la nature.","breadcrumb":{"@id":"https:\/\/saida-plants.com\/product\/poivre-noir-poudre-%d8%a5%d8%a8%d8%b2%d8%a7%d8%b1-%d9%85%d8%b7%d8%ad%d9%88%d9%86\/#breadcrumb"},"inLanguage":"ar","potentialAction":[{"@type":"ReadAction","target":["https:\/\/saida-plants.com\/product\/poivre-noir-poudre-%d8%a5%d8%a8%d8%b2%d8%a7%d8%b1-%d9%85%d8%b7%d8%ad%d9%88%d9%86\/"]}]},{"@type":"BreadcrumbList","@id":"https:\/\/saida-plants.com\/product\/poivre-noir-poudre-%d8%a5%d8%a8%d8%b2%d8%a7%d8%b1-%d9%85%d8%b7%d8%ad%d9%88%d9%86\/#breadcrumb","itemListElement":[{"@type":"ListItem","position":1,"name":"Home","item":"https:\/\/saida-plants.com\/"},{"@type":"ListItem","position":2,"name":"Shop","item":"https:\/\/saida-plants.com\/ar\/shop\/"},{"@type":"ListItem","position":3,"name":"Poivre Noir poudre &#8211; (\u0625\u0628\u0632\u0627\u0631 \u0645\u0637\u062d\u0648\u0646)"}]},{"@type":"WebSite","@id":"https:\/\/saida-plants.com\/#website","url":"https:\/\/saida-plants.com\/","name":"SaidaPlants","description":"1er Boutique En ligne Produit 100% Bio","publisher":{"@id":"https:\/\/saida-plants.com\/#organization"},"potentialAction":[{"@type":"SearchAction","target":{"@type":"EntryPoint","urlTemplate":"https:\/\/saida-plants.com\/?s={search_term_string}"},"query-input":"required name=search_term_string"}],"inLanguage":"ar"},{"@type":"Organization","@id":"https:\/\/saida-plants.com\/#organization","name":"SaidaPlants","url":"https:\/\/saida-plants.com\/","logo":{"@type":"ImageObject","inLanguage":"ar","@id":"https:\/\/saida-plants.com\/#\/schema\/logo\/image\/","url":"https:\/\/saida-plants.com\/wp-content\/uploads\/2021\/08\/WhatsApp-Image-2021-08-11-at-17.44.40.jpeg","contentUrl":"https:\/\/saida-plants.com\/wp-content\/uploads\/2021\/08\/WhatsApp-Image-2021-08-11-at-17.44.40.jpeg","width":1280,"height":463,"caption":"SaidaPlants"},"image":{"@id":"https:\/\/saida-plants.com\/#\/schema\/logo\/image\/"},"sameAs":["https:\/\/www.instagram.com\/saidaplants\/","https:\/\/www.facebook.com\/SaidaPlants"]}]}},"_links":{"self":[{"href":"https:\/\/saida-plants.com\/ar\/wp-json\/wp\/v2\/product\/835"}],"collection":[{"href":"https:\/\/saida-plants.com\/ar\/wp-json\/wp\/v2\/product"}],"about":[{"href":"https:\/\/saida-plants.com\/ar\/wp-json\/wp\/v2\/types\/product"}],"replies":[{"embeddable":true,"href":"https:\/\/saida-plants.com\/ar\/wp-json\/wp\/v2\/comments?post=835"}],"wp:featuredmedia":[{"embeddable":true,"href":"https:\/\/saida-plants.com\/ar\/wp-json\/wp\/v2\/media\/836"}],"wp:attachment":[{"href":"https:\/\/saida-plants.com\/ar\/wp-json\/wp\/v2\/media?parent=835"}],"wp:term":[{"taxonomy":"product_cat","embeddable":true,"href":"https:\/\/saida-plants.com\/ar\/wp-json\/wp\/v2\/product_cat?post=835"},{"taxonomy":"product_tag","embeddable":true,"href":"https:\/\/saida-plants.com\/ar\/wp-json\/wp\/v2\/product_tag?post=835"}],"curies":[{"name":"wp","href":"https:\/\/api.w.org\/{rel}","templated":true}]}}