{"id":837,"date":"2021-09-10T15:54:03","date_gmt":"2021-09-10T15:54:03","guid":{"rendered":"https:\/\/saida-plants.com\/?post_type=product&#038;p=837"},"modified":"2021-09-10T15:54:03","modified_gmt":"2021-09-10T15:54:03","slug":"carvi-100g-%d9%83%d8%b1%d9%88%d9%8a%d8%a7%d8%a1-%d9%83%d8%b1%d9%88%d9%8a%d8%a9","status":"publish","type":"product","link":"https:\/\/saida-plants.com\/ar\/product\/carvi-100g-%d9%83%d8%b1%d9%88%d9%8a%d8%a7%d8%a1-%d9%83%d8%b1%d9%88%d9%8a%d8%a9\/","title":{"rendered":"Carvi 100g &#8211; \u0643\u0631\u0648\u064a\u0627\u0621 \u0643\u0631\u0648\u064a\u0629"},"content":{"rendered":"<h1><b><a href=\"https:\/\/saida-plants.com\/ar\/product-category\/epices-et-herbes\/\">BIENFAITS<\/a> CARVI 100g<\/b><\/h1>\n<ul>\n<li>Produit naturel ne comportant aucun conservateur dans sa pr\u00e9paration<\/li>\n<li>Ce sont les produits respectant les principes Vegan qui se basent principalement sur le refus de l&rsquo;exploitation animale<\/li>\n<\/ul>\n<p>Les bienfaits pour la sant\u00e9 de la\u00a0<b>graine de carvi<\/b>\u00a0comprennent la promotion de la production de lait maternel, la r\u00e9duction des r\u00e9actions allergiques, la lutte contre les bact\u00e9ries, la pr\u00e9vention des vers intestinaux, le soulagement des spasmes, etc.<\/p>\n<h2><strong>Bienfaits sant\u00e9 :<\/strong><\/h2>\n<ul>\n<li><b>Les crampes Menstruelles,<\/b><\/li>\n<li><b>Aide \u00e0 gu\u00e9rir les Naus\u00e9es et les Vomissements,<\/b><\/li>\n<li><b>R\u00e9duire le taux de cholest\u00e9rol LDL dans le corps,<\/b><\/li>\n<li><b>Peut abaisser votre taux de sucre dans le sang,<\/b><\/li>\n<\/ul>\n<p>Pour soigner les\u00a0<b>coliques<\/b>\u00a0chez le\u00a0<b>nourrisson<\/b>, une\u00a0<b>infusion<\/b>\u00a0de carvi est recommand\u00e9e.<\/p>\n<p>Pour ce faire, vous pouvez le pr\u00e9parer seul ou alors, le m\u00e9langer \u00e0 la feuille de menthe poivr\u00e9e, \u00e0 la fleur de camomille et \u00e0 la graine de fenouil.<\/p>\n<p>Mesurez donc 25 grammes de chacune des plantes puis, infusez 1 cuillere \u00e0 th\u00e9 par tasse d\u2019eau de cette pr\u00e9paration.<\/p>\n<p>Au\u00a0<b>biberon<\/b>, faites boire cette infusion \u00e0 votre b\u00e9b\u00e9.<\/p>\n<h3><b>Informations de livraison<\/b><\/h3>\n<ul>\n<li>Livraison assur\u00e9e par SaidaPlants, sous 24H \u00e0 Marrakech et sous 1 \u00e0 5 jours pour les autres villes du Maroc.<\/li>\n<li>Exp\u00e9dition pour les commandes \u00e0 l\u2019international sous 1 jour ouvr\u00e9. Les d\u00e9lais de livraison sont variables selon la destination et le mode de livraison choisi.<\/li>\n<\/ul>","protected":false},"excerpt":{"rendered":"<h2 style=\"text-align: center;\"><b>BIENFAITS CARVI 100g<\/b><\/h2>\n<p style=\"text-align: center;\">Produit naturel ne comportant aucun conservateur dans sa pr\u00e9paration<\/p>\n<p style=\"text-align: center;\">Ce sont les produits respectant les principes Vegan qui se basent principalement sur le refus de l&rsquo;exploitation animale<\/p>","protected":false},"featured_media":931,"comment_status":"open","ping_status":"closed","template":"","meta":[],"product_cat":[71],"product_tag":[],"class_list":["post-837","product","type-product","status-publish","has-post-thumbnail","hentry","product_cat-epices-et-herbes"],"yoast_head":"<!-- This site is optimized with the Yoast SEO plugin v19.13 - https:\/\/yoast.com\/wordpress\/plugins\/seo\/ -->\n<title>Carvi 100g - \u0643\u0631\u0648\u064a\u0627\u0621 \u0643\u0631\u0648\u064a\u0629 - SaidaPlants<\/title>\n<meta name=\"description\" content=\"Carvi - Nous faisons de notre mieux pour nos clients Obtenez le produit parfait et bio 100% fabriqu\u00e9 \u00e0 partir de la nature.\" \/>\n<meta name=\"robots\" content=\"index, follow, max-snippet:-1, max-image-preview:large, max-video-preview:-1\" \/>\n<link rel=\"canonical\" href=\"https:\/\/saida-plants.com\/ar\/product\/carvi-100g-\u0643\u0631\u0648\u064a\u0627\u0621-\u0643\u0631\u0648\u064a\u0629\/\" \/>\n<meta property=\"og:locale\" content=\"ar_AR\" \/>\n<meta property=\"og:type\" content=\"article\" \/>\n<meta property=\"og:title\" content=\"Carvi 100g - \u0643\u0631\u0648\u064a\u0627\u0621 \u0643\u0631\u0648\u064a\u0629 - SaidaPlants\" \/>\n<meta property=\"og:description\" content=\"Carvi - Nous faisons de notre mieux pour nos clients Obtenez le produit parfait et bio 100% fabriqu\u00e9 \u00e0 partir de la nature.\" \/>\n<meta property=\"og:url\" content=\"https:\/\/saida-plants.com\/ar\/product\/carvi-100g-\u0643\u0631\u0648\u064a\u0627\u0621-\u0643\u0631\u0648\u064a\u0629\/\" \/>\n<meta property=\"og:site_name\" content=\"SaidaPlants\" \/>\n<meta property=\"article:publisher\" content=\"https:\/\/www.facebook.com\/SaidaPlants\" \/>\n<meta property=\"og:image\" content=\"https:\/\/saida-plants.com\/wp-content\/uploads\/2021\/09\/kjjkb.jpg\" \/>\n\t<meta property=\"og:image:width\" content=\"445\" \/>\n\t<meta property=\"og:image:height\" content=\"593\" \/>\n\t<meta property=\"og:image:type\" content=\"image\/jpeg\" \/>\n<meta name=\"twitter:card\" content=\"summary_large_image\" \/>\n<meta name=\"twitter:label1\" content=\"\u0648\u0642\u062a \u0627\u0644\u0642\u0631\u0627\u0621\u0629 \u0627\u0644\u0645\u064f\u0642\u062f\u0651\u0631\" \/>\n\t<meta name=\"twitter:data1\" content=\"\u062f\u0642\u064a\u0642\u0629 \u0648\u0627\u062d\u062f\u0629\" \/>\n<script type=\"application\/ld+json\" class=\"yoast-schema-graph\">{\"@context\":\"https:\/\/schema.org\",\"@graph\":[{\"@type\":\"WebPage\",\"@id\":\"https:\/\/saida-plants.com\/product\/carvi-100g-%d9%83%d8%b1%d9%88%d9%8a%d8%a7%d8%a1-%d9%83%d8%b1%d9%88%d9%8a%d8%a9\/\",\"url\":\"https:\/\/saida-plants.com\/product\/carvi-100g-%d9%83%d8%b1%d9%88%d9%8a%d8%a7%d8%a1-%d9%83%d8%b1%d9%88%d9%8a%d8%a9\/\",\"name\":\"Carvi 100g - \u0643\u0631\u0648\u064a\u0627\u0621 \u0643\u0631\u0648\u064a\u0629 - SaidaPlants\",\"isPartOf\":{\"@id\":\"https:\/\/saida-plants.com\/#website\"},\"datePublished\":\"2021-09-10T15:54:03+00:00\",\"dateModified\":\"2021-09-10T15:54:03+00:00\",\"description\":\"Carvi - Nous faisons de notre mieux pour nos clients Obtenez le produit parfait et bio 100% fabriqu\u00e9 \u00e0 partir de la nature.\",\"breadcrumb\":{\"@id\":\"https:\/\/saida-plants.com\/product\/carvi-100g-%d9%83%d8%b1%d9%88%d9%8a%d8%a7%d8%a1-%d9%83%d8%b1%d9%88%d9%8a%d8%a9\/#breadcrumb\"},\"inLanguage\":\"ar\",\"potentialAction\":[{\"@type\":\"ReadAction\",\"target\":[\"https:\/\/saida-plants.com\/product\/carvi-100g-%d9%83%d8%b1%d9%88%d9%8a%d8%a7%d8%a1-%d9%83%d8%b1%d9%88%d9%8a%d8%a9\/\"]}]},{\"@type\":\"BreadcrumbList\",\"@id\":\"https:\/\/saida-plants.com\/product\/carvi-100g-%d9%83%d8%b1%d9%88%d9%8a%d8%a7%d8%a1-%d9%83%d8%b1%d9%88%d9%8a%d8%a9\/#breadcrumb\",\"itemListElement\":[{\"@type\":\"ListItem\",\"position\":1,\"name\":\"Home\",\"item\":\"https:\/\/saida-plants.com\/\"},{\"@type\":\"ListItem\",\"position\":2,\"name\":\"Shop\",\"item\":\"https:\/\/saida-plants.com\/ar\/shop\/\"},{\"@type\":\"ListItem\",\"position\":3,\"name\":\"Carvi 100g &#8211; \u0643\u0631\u0648\u064a\u0627\u0621 \u0643\u0631\u0648\u064a\u0629\"}]},{\"@type\":\"WebSite\",\"@id\":\"https:\/\/saida-plants.com\/#website\",\"url\":\"https:\/\/saida-plants.com\/\",\"name\":\"SaidaPlants\",\"description\":\"1er Boutique En ligne Produit 100% Bio\",\"publisher\":{\"@id\":\"https:\/\/saida-plants.com\/#organization\"},\"potentialAction\":[{\"@type\":\"SearchAction\",\"target\":{\"@type\":\"EntryPoint\",\"urlTemplate\":\"https:\/\/saida-plants.com\/?s={search_term_string}\"},\"query-input\":\"required name=search_term_string\"}],\"inLanguage\":\"ar\"},{\"@type\":\"Organization\",\"@id\":\"https:\/\/saida-plants.com\/#organization\",\"name\":\"SaidaPlants\",\"url\":\"https:\/\/saida-plants.com\/\",\"logo\":{\"@type\":\"ImageObject\",\"inLanguage\":\"ar\",\"@id\":\"https:\/\/saida-plants.com\/#\/schema\/logo\/image\/\",\"url\":\"https:\/\/saida-plants.com\/wp-content\/uploads\/2021\/08\/WhatsApp-Image-2021-08-11-at-17.44.40.jpeg\",\"contentUrl\":\"https:\/\/saida-plants.com\/wp-content\/uploads\/2021\/08\/WhatsApp-Image-2021-08-11-at-17.44.40.jpeg\",\"width\":1280,\"height\":463,\"caption\":\"SaidaPlants\"},\"image\":{\"@id\":\"https:\/\/saida-plants.com\/#\/schema\/logo\/image\/\"},\"sameAs\":[\"https:\/\/www.instagram.com\/saidaplants\/\",\"https:\/\/www.facebook.com\/SaidaPlants\"]}]}<\/script>\n<!-- \/ Yoast SEO plugin. -->","yoast_head_json":{"title":"Carvi 100g - \u0643\u0631\u0648\u064a\u0627\u0621 \u0643\u0631\u0648\u064a\u0629 - SaidaPlants","description":"Carvi - Nous faisons de notre mieux pour nos clients Obtenez le produit parfait et bio 100% fabriqu\u00e9 \u00e0 partir de la nature.","robots":{"index":"index","follow":"follow","max-snippet":"max-snippet:-1","max-image-preview":"max-image-preview:large","max-video-preview":"max-video-preview:-1"},"canonical":"https:\/\/saida-plants.com\/ar\/product\/carvi-100g-\u0643\u0631\u0648\u064a\u0627\u0621-\u0643\u0631\u0648\u064a\u0629\/","og_locale":"ar_AR","og_type":"article","og_title":"Carvi 100g - \u0643\u0631\u0648\u064a\u0627\u0621 \u0643\u0631\u0648\u064a\u0629 - SaidaPlants","og_description":"Carvi - Nous faisons de notre mieux pour nos clients Obtenez le produit parfait et bio 100% fabriqu\u00e9 \u00e0 partir de la nature.","og_url":"https:\/\/saida-plants.com\/ar\/product\/carvi-100g-\u0643\u0631\u0648\u064a\u0627\u0621-\u0643\u0631\u0648\u064a\u0629\/","og_site_name":"SaidaPlants","article_publisher":"https:\/\/www.facebook.com\/SaidaPlants","og_image":[{"width":445,"height":593,"url":"https:\/\/saida-plants.com\/wp-content\/uploads\/2021\/09\/kjjkb.jpg","type":"image\/jpeg"}],"twitter_card":"summary_large_image","twitter_misc":{"\u0648\u0642\u062a \u0627\u0644\u0642\u0631\u0627\u0621\u0629 \u0627\u0644\u0645\u064f\u0642\u062f\u0651\u0631":"\u062f\u0642\u064a\u0642\u0629 \u0648\u0627\u062d\u062f\u0629"},"schema":{"@context":"https:\/\/schema.org","@graph":[{"@type":"WebPage","@id":"https:\/\/saida-plants.com\/product\/carvi-100g-%d9%83%d8%b1%d9%88%d9%8a%d8%a7%d8%a1-%d9%83%d8%b1%d9%88%d9%8a%d8%a9\/","url":"https:\/\/saida-plants.com\/product\/carvi-100g-%d9%83%d8%b1%d9%88%d9%8a%d8%a7%d8%a1-%d9%83%d8%b1%d9%88%d9%8a%d8%a9\/","name":"Carvi 100g - \u0643\u0631\u0648\u064a\u0627\u0621 \u0643\u0631\u0648\u064a\u0629 - SaidaPlants","isPartOf":{"@id":"https:\/\/saida-plants.com\/#website"},"datePublished":"2021-09-10T15:54:03+00:00","dateModified":"2021-09-10T15:54:03+00:00","description":"Carvi - Nous faisons de notre mieux pour nos clients Obtenez le produit parfait et bio 100% fabriqu\u00e9 \u00e0 partir de la nature.","breadcrumb":{"@id":"https:\/\/saida-plants.com\/product\/carvi-100g-%d9%83%d8%b1%d9%88%d9%8a%d8%a7%d8%a1-%d9%83%d8%b1%d9%88%d9%8a%d8%a9\/#breadcrumb"},"inLanguage":"ar","potentialAction":[{"@type":"ReadAction","target":["https:\/\/saida-plants.com\/product\/carvi-100g-%d9%83%d8%b1%d9%88%d9%8a%d8%a7%d8%a1-%d9%83%d8%b1%d9%88%d9%8a%d8%a9\/"]}]},{"@type":"BreadcrumbList","@id":"https:\/\/saida-plants.com\/product\/carvi-100g-%d9%83%d8%b1%d9%88%d9%8a%d8%a7%d8%a1-%d9%83%d8%b1%d9%88%d9%8a%d8%a9\/#breadcrumb","itemListElement":[{"@type":"ListItem","position":1,"name":"Home","item":"https:\/\/saida-plants.com\/"},{"@type":"ListItem","position":2,"name":"Shop","item":"https:\/\/saida-plants.com\/ar\/shop\/"},{"@type":"ListItem","position":3,"name":"Carvi 100g &#8211; \u0643\u0631\u0648\u064a\u0627\u0621 \u0643\u0631\u0648\u064a\u0629"}]},{"@type":"WebSite","@id":"https:\/\/saida-plants.com\/#website","url":"https:\/\/saida-plants.com\/","name":"SaidaPlants","description":"1er Boutique En ligne Produit 100% Bio","publisher":{"@id":"https:\/\/saida-plants.com\/#organization"},"potentialAction":[{"@type":"SearchAction","target":{"@type":"EntryPoint","urlTemplate":"https:\/\/saida-plants.com\/?s={search_term_string}"},"query-input":"required name=search_term_string"}],"inLanguage":"ar"},{"@type":"Organization","@id":"https:\/\/saida-plants.com\/#organization","name":"SaidaPlants","url":"https:\/\/saida-plants.com\/","logo":{"@type":"ImageObject","inLanguage":"ar","@id":"https:\/\/saida-plants.com\/#\/schema\/logo\/image\/","url":"https:\/\/saida-plants.com\/wp-content\/uploads\/2021\/08\/WhatsApp-Image-2021-08-11-at-17.44.40.jpeg","contentUrl":"https:\/\/saida-plants.com\/wp-content\/uploads\/2021\/08\/WhatsApp-Image-2021-08-11-at-17.44.40.jpeg","width":1280,"height":463,"caption":"SaidaPlants"},"image":{"@id":"https:\/\/saida-plants.com\/#\/schema\/logo\/image\/"},"sameAs":["https:\/\/www.instagram.com\/saidaplants\/","https:\/\/www.facebook.com\/SaidaPlants"]}]}},"_links":{"self":[{"href":"https:\/\/saida-plants.com\/ar\/wp-json\/wp\/v2\/product\/837"}],"collection":[{"href":"https:\/\/saida-plants.com\/ar\/wp-json\/wp\/v2\/product"}],"about":[{"href":"https:\/\/saida-plants.com\/ar\/wp-json\/wp\/v2\/types\/product"}],"replies":[{"embeddable":true,"href":"https:\/\/saida-plants.com\/ar\/wp-json\/wp\/v2\/comments?post=837"}],"wp:featuredmedia":[{"embeddable":true,"href":"https:\/\/saida-plants.com\/ar\/wp-json\/wp\/v2\/media\/931"}],"wp:attachment":[{"href":"https:\/\/saida-plants.com\/ar\/wp-json\/wp\/v2\/media?parent=837"}],"wp:term":[{"taxonomy":"product_cat","embeddable":true,"href":"https:\/\/saida-plants.com\/ar\/wp-json\/wp\/v2\/product_cat?post=837"},{"taxonomy":"product_tag","embeddable":true,"href":"https:\/\/saida-plants.com\/ar\/wp-json\/wp\/v2\/product_tag?post=837"}],"curies":[{"name":"wp","href":"https:\/\/api.w.org\/{rel}","templated":true}]}}