{"id":839,"date":"2021-09-10T15:56:27","date_gmt":"2021-09-10T15:56:27","guid":{"rendered":"https:\/\/saida-plants.com\/?post_type=product&#038;p=839"},"modified":"2025-05-14T14:02:38","modified_gmt":"2025-05-14T14:02:38","slug":"kamoun-soufi-%d8%a7%d9%84%d9%83%d9%85%d9%88%d9%86-%d8%a7%d9%84%d8%b5%d9%88%d9%81%d9%8a","status":"publish","type":"product","link":"https:\/\/saida-plants.com\/ar\/product\/kamoun-soufi-%d8%a7%d9%84%d9%83%d9%85%d9%88%d9%86-%d8%a7%d9%84%d8%b5%d9%88%d9%81%d9%8a\/","title":{"rendered":"Kamoun Soufi &#8211; \u0627\u0644\u0643\u0645\u0648\u0646 \u0627\u0644\u0635\u0648\u0641\u064a"},"content":{"rendered":"<h1><b>BIENFAITS <\/b><b>KAMOUN SOUFI 15g<\/b><\/h1>\n<ul>\n<li>Produit naturel ne comportant aucun conservateur dans sa pr\u00e9paration<\/li>\n<li>Ce sont les produits respectant les principes Vegan qui se basent principalement sur le refus de l&rsquo;exploitation animale<\/li>\n<\/ul>\n<p>Le\u00a0<b>Kamoun\u00a0Soufi<\/b> est une plante du d\u00e9sert qui pousse \u00e0 l\u2019\u00e9tat sauvage dans certains pays africains y compris le Maroc. Il est utilis\u00e9 dans la\u00a0m\u00e9decine populaire marocaine<b>\u00a0<\/b>pour son importance et son efficacit\u00e9 th\u00e9rapeutique. Une fois dig\u00e9r\u00e9, le Kamoun Soufi combat les coliques, les douleurs provoqu\u00e9es par les gaz intestinaux.\u00a0Il est \u00e9galement utilis\u00e9 dans le traitement du syndrome\u00a0du\u00a0c\u00f4lon\u00a0irritable, du gonflement intestinal et des gaz.<\/p>\n<h2><b>LES BIENFAITS DU KAMOUN\u00a0SOUFI<\/b><\/h2>\n<h3><b>Vertus Sant\u00e9:<\/b><\/h3>\n<ul>\n<li>Il se consomme tr\u00e8s efficacement sous forme de tisane ou d&rsquo;infusion. Le Kamoun\u00a0peut bien \u00e9liminer l&rsquo;urine et aider \u00e0 nettoyer le syst\u00e8me r\u00e9nal<\/li>\n<li>Le Kamoun\u00a0aide \u00e0 soulager les flatulences et les spasmes g\u00e9n\u00e9raux du tube digestif(similaire au carvi)<\/li>\n<li>Connu pour calmer les maladies du syst\u00e8me digestif, en particulier les maladies de l&rsquo;estomac (similaire aux amandes abricots et des graines jujubier )<\/li>\n<li>il peut \u00eatre m\u00e9lang\u00e9 avec d&rsquo;autres plantes en tisane car il booste et favorise la lactation et offrir aux jeunes m\u00e8res un bon allaitement<\/li>\n<\/ul>\n<h3><b>Les principaux nutriments contenus dans le Kamoun\u00a0:<\/b><\/h3>\n<ul>\n<li>Bonne teneur en fer<\/li>\n<li>Riche en\u00a0Magn\u00e9sium<\/li>\n<li>Poss\u00e9de des propri\u00e9t\u00e9s anti-oxydantes avec la pr\u00e9sence de b\u00eata carot\u00e8nes<\/li>\n<li>Il peut \u00e9galement aider \u00e0 calmer, d\u00e9tendre et reposer le corps sans perdre de son tonus et \u00e0 maintenir une vitalit\u00e9 \u00e9quilibr\u00e9e. Prenez une ou deux tasses de cette pr\u00e9paration par jour<\/li>\n<\/ul>\n<h3><b>UTILISATION<\/b><\/h3>\n<p>Comment utiliser le kamoun soufi dans votre recette:<\/p>\n<p><b>Prenez une dizaine de perles et mettez-les dans une casserole d\u2019eau bouillante et laissez reposer 10 minutes avant de le boire avec ou sans sucre.<\/b><\/p>\n<h3><b>Informations de livraison<\/b><\/h3>\n<ul>\n<li>Livraison assur\u00e9e par <a href=\"https:\/\/saida-plants.com\/ar\/shop\/\">SaidaPlants<\/a>, sous 24H \u00e0 Marrakech et sous 1 \u00e0 5 jours pour les autres villes du Maroc.<\/li>\n<li>Exp\u00e9dition pour les commandes \u00e0 l\u2019international sous 1 jour ouvr\u00e9. Les d\u00e9lais de livraison sont variables selon la destination et le mode de livraison choisi.<\/li>\n<\/ul>","protected":false},"excerpt":{"rendered":"<h1 style=\"text-align: center;\"><b>BIENFAITS <\/b><b>KAMOUN SOUFI 15g<\/b><\/h1>\n<p style=\"text-align: center;\">Produit naturel ne comportant aucun conservateur dans sa pr\u00e9paration<\/p>\n<p style=\"text-align: center;\">Ce sont les produits respectant les principes Vegan qui se basent principalement sur le refus de l&rsquo;exploitation animale<\/p>","protected":false},"featured_media":933,"comment_status":"open","ping_status":"closed","template":"","meta":[],"product_cat":[71],"product_tag":[],"class_list":["post-839","product","type-product","status-publish","has-post-thumbnail","hentry","product_cat-epices-et-herbes"],"yoast_head":"<!-- This site is optimized with the Yoast SEO plugin v19.13 - https:\/\/yoast.com\/wordpress\/plugins\/seo\/ -->\n<title>Kamoun Soufi - \u0627\u0644\u0643\u0645\u0648\u0646 \u0627\u0644\u0635\u0648\u0641\u064a - SaidaPlants<\/title>\n<meta name=\"description\" content=\"Kamoun Soufi - Nous faisons de notre mieux pour nos clients Obtenez le produit parfait et bio 100% fabriqu\u00e9 \u00e0 partir de la nature.\" \/>\n<meta name=\"robots\" content=\"index, follow, max-snippet:-1, max-image-preview:large, max-video-preview:-1\" \/>\n<link rel=\"canonical\" href=\"https:\/\/saida-plants.com\/ar\/product\/kamoun-soufi-\u0627\u0644\u0643\u0645\u0648\u0646-\u0627\u0644\u0635\u0648\u0641\u064a\/\" \/>\n<meta property=\"og:locale\" content=\"ar_AR\" \/>\n<meta property=\"og:type\" content=\"article\" \/>\n<meta property=\"og:title\" content=\"Kamoun Soufi - \u0627\u0644\u0643\u0645\u0648\u0646 \u0627\u0644\u0635\u0648\u0641\u064a - SaidaPlants\" \/>\n<meta property=\"og:description\" content=\"Kamoun Soufi - Nous faisons de notre mieux pour nos clients Obtenez le produit parfait et bio 100% fabriqu\u00e9 \u00e0 partir de la nature.\" \/>\n<meta property=\"og:url\" content=\"https:\/\/saida-plants.com\/ar\/product\/kamoun-soufi-\u0627\u0644\u0643\u0645\u0648\u0646-\u0627\u0644\u0635\u0648\u0641\u064a\/\" \/>\n<meta property=\"og:site_name\" content=\"SaidaPlants\" \/>\n<meta property=\"article:publisher\" content=\"https:\/\/www.facebook.com\/SaidaPlants\" \/>\n<meta property=\"article:modified_time\" content=\"2025-05-14T14:02:38+00:00\" \/>\n<meta property=\"og:image\" content=\"https:\/\/saida-plants.com\/wp-content\/uploads\/2021\/09\/jdbljbd.jpg\" \/>\n\t<meta property=\"og:image:width\" content=\"1200\" \/>\n\t<meta property=\"og:image:height\" content=\"1425\" \/>\n\t<meta property=\"og:image:type\" content=\"image\/jpeg\" \/>\n<meta name=\"twitter:card\" content=\"summary_large_image\" \/>\n<meta name=\"twitter:label1\" content=\"\u0648\u0642\u062a \u0627\u0644\u0642\u0631\u0627\u0621\u0629 \u0627\u0644\u0645\u064f\u0642\u062f\u0651\u0631\" \/>\n\t<meta name=\"twitter:data1\" content=\"\u062f\u0642\u064a\u0642\u062a\u0627\u0646\" \/>\n<script type=\"application\/ld+json\" class=\"yoast-schema-graph\">{\"@context\":\"https:\/\/schema.org\",\"@graph\":[{\"@type\":\"WebPage\",\"@id\":\"https:\/\/saida-plants.com\/product\/kamoun-soufi-%d8%a7%d9%84%d9%83%d9%85%d9%88%d9%86-%d8%a7%d9%84%d8%b5%d9%88%d9%81%d9%8a\/\",\"url\":\"https:\/\/saida-plants.com\/product\/kamoun-soufi-%d8%a7%d9%84%d9%83%d9%85%d9%88%d9%86-%d8%a7%d9%84%d8%b5%d9%88%d9%81%d9%8a\/\",\"name\":\"Kamoun Soufi - \u0627\u0644\u0643\u0645\u0648\u0646 \u0627\u0644\u0635\u0648\u0641\u064a - SaidaPlants\",\"isPartOf\":{\"@id\":\"https:\/\/saida-plants.com\/#website\"},\"datePublished\":\"2021-09-10T15:56:27+00:00\",\"dateModified\":\"2025-05-14T14:02:38+00:00\",\"description\":\"Kamoun Soufi - Nous faisons de notre mieux pour nos clients Obtenez le produit parfait et bio 100% fabriqu\u00e9 \u00e0 partir de la nature.\",\"breadcrumb\":{\"@id\":\"https:\/\/saida-plants.com\/product\/kamoun-soufi-%d8%a7%d9%84%d9%83%d9%85%d9%88%d9%86-%d8%a7%d9%84%d8%b5%d9%88%d9%81%d9%8a\/#breadcrumb\"},\"inLanguage\":\"ar\",\"potentialAction\":[{\"@type\":\"ReadAction\",\"target\":[\"https:\/\/saida-plants.com\/product\/kamoun-soufi-%d8%a7%d9%84%d9%83%d9%85%d9%88%d9%86-%d8%a7%d9%84%d8%b5%d9%88%d9%81%d9%8a\/\"]}]},{\"@type\":\"BreadcrumbList\",\"@id\":\"https:\/\/saida-plants.com\/product\/kamoun-soufi-%d8%a7%d9%84%d9%83%d9%85%d9%88%d9%86-%d8%a7%d9%84%d8%b5%d9%88%d9%81%d9%8a\/#breadcrumb\",\"itemListElement\":[{\"@type\":\"ListItem\",\"position\":1,\"name\":\"Home\",\"item\":\"https:\/\/saida-plants.com\/\"},{\"@type\":\"ListItem\",\"position\":2,\"name\":\"Shop\",\"item\":\"https:\/\/saida-plants.com\/ar\/shop\/\"},{\"@type\":\"ListItem\",\"position\":3,\"name\":\"Kamoun Soufi &#8211; \u0627\u0644\u0643\u0645\u0648\u0646 \u0627\u0644\u0635\u0648\u0641\u064a\"}]},{\"@type\":\"WebSite\",\"@id\":\"https:\/\/saida-plants.com\/#website\",\"url\":\"https:\/\/saida-plants.com\/\",\"name\":\"SaidaPlants\",\"description\":\"1er Boutique En ligne Produit 100% Bio\",\"publisher\":{\"@id\":\"https:\/\/saida-plants.com\/#organization\"},\"potentialAction\":[{\"@type\":\"SearchAction\",\"target\":{\"@type\":\"EntryPoint\",\"urlTemplate\":\"https:\/\/saida-plants.com\/?s={search_term_string}\"},\"query-input\":\"required name=search_term_string\"}],\"inLanguage\":\"ar\"},{\"@type\":\"Organization\",\"@id\":\"https:\/\/saida-plants.com\/#organization\",\"name\":\"SaidaPlants\",\"url\":\"https:\/\/saida-plants.com\/\",\"logo\":{\"@type\":\"ImageObject\",\"inLanguage\":\"ar\",\"@id\":\"https:\/\/saida-plants.com\/#\/schema\/logo\/image\/\",\"url\":\"https:\/\/saida-plants.com\/wp-content\/uploads\/2021\/08\/WhatsApp-Image-2021-08-11-at-17.44.40.jpeg\",\"contentUrl\":\"https:\/\/saida-plants.com\/wp-content\/uploads\/2021\/08\/WhatsApp-Image-2021-08-11-at-17.44.40.jpeg\",\"width\":1280,\"height\":463,\"caption\":\"SaidaPlants\"},\"image\":{\"@id\":\"https:\/\/saida-plants.com\/#\/schema\/logo\/image\/\"},\"sameAs\":[\"https:\/\/www.instagram.com\/saidaplants\/\",\"https:\/\/www.facebook.com\/SaidaPlants\"]}]}<\/script>\n<!-- \/ Yoast SEO plugin. -->","yoast_head_json":{"title":"Kamoun Soufi - \u0627\u0644\u0643\u0645\u0648\u0646 \u0627\u0644\u0635\u0648\u0641\u064a - SaidaPlants","description":"Kamoun Soufi - Nous faisons de notre mieux pour nos clients Obtenez le produit parfait et bio 100% fabriqu\u00e9 \u00e0 partir de la nature.","robots":{"index":"index","follow":"follow","max-snippet":"max-snippet:-1","max-image-preview":"max-image-preview:large","max-video-preview":"max-video-preview:-1"},"canonical":"https:\/\/saida-plants.com\/ar\/product\/kamoun-soufi-\u0627\u0644\u0643\u0645\u0648\u0646-\u0627\u0644\u0635\u0648\u0641\u064a\/","og_locale":"ar_AR","og_type":"article","og_title":"Kamoun Soufi - \u0627\u0644\u0643\u0645\u0648\u0646 \u0627\u0644\u0635\u0648\u0641\u064a - SaidaPlants","og_description":"Kamoun Soufi - Nous faisons de notre mieux pour nos clients Obtenez le produit parfait et bio 100% fabriqu\u00e9 \u00e0 partir de la nature.","og_url":"https:\/\/saida-plants.com\/ar\/product\/kamoun-soufi-\u0627\u0644\u0643\u0645\u0648\u0646-\u0627\u0644\u0635\u0648\u0641\u064a\/","og_site_name":"SaidaPlants","article_publisher":"https:\/\/www.facebook.com\/SaidaPlants","article_modified_time":"2025-05-14T14:02:38+00:00","og_image":[{"width":1200,"height":1425,"url":"https:\/\/saida-plants.com\/wp-content\/uploads\/2021\/09\/jdbljbd.jpg","type":"image\/jpeg"}],"twitter_card":"summary_large_image","twitter_misc":{"\u0648\u0642\u062a \u0627\u0644\u0642\u0631\u0627\u0621\u0629 \u0627\u0644\u0645\u064f\u0642\u062f\u0651\u0631":"\u062f\u0642\u064a\u0642\u062a\u0627\u0646"},"schema":{"@context":"https:\/\/schema.org","@graph":[{"@type":"WebPage","@id":"https:\/\/saida-plants.com\/product\/kamoun-soufi-%d8%a7%d9%84%d9%83%d9%85%d9%88%d9%86-%d8%a7%d9%84%d8%b5%d9%88%d9%81%d9%8a\/","url":"https:\/\/saida-plants.com\/product\/kamoun-soufi-%d8%a7%d9%84%d9%83%d9%85%d9%88%d9%86-%d8%a7%d9%84%d8%b5%d9%88%d9%81%d9%8a\/","name":"Kamoun Soufi - \u0627\u0644\u0643\u0645\u0648\u0646 \u0627\u0644\u0635\u0648\u0641\u064a - SaidaPlants","isPartOf":{"@id":"https:\/\/saida-plants.com\/#website"},"datePublished":"2021-09-10T15:56:27+00:00","dateModified":"2025-05-14T14:02:38+00:00","description":"Kamoun Soufi - Nous faisons de notre mieux pour nos clients Obtenez le produit parfait et bio 100% fabriqu\u00e9 \u00e0 partir de la nature.","breadcrumb":{"@id":"https:\/\/saida-plants.com\/product\/kamoun-soufi-%d8%a7%d9%84%d9%83%d9%85%d9%88%d9%86-%d8%a7%d9%84%d8%b5%d9%88%d9%81%d9%8a\/#breadcrumb"},"inLanguage":"ar","potentialAction":[{"@type":"ReadAction","target":["https:\/\/saida-plants.com\/product\/kamoun-soufi-%d8%a7%d9%84%d9%83%d9%85%d9%88%d9%86-%d8%a7%d9%84%d8%b5%d9%88%d9%81%d9%8a\/"]}]},{"@type":"BreadcrumbList","@id":"https:\/\/saida-plants.com\/product\/kamoun-soufi-%d8%a7%d9%84%d9%83%d9%85%d9%88%d9%86-%d8%a7%d9%84%d8%b5%d9%88%d9%81%d9%8a\/#breadcrumb","itemListElement":[{"@type":"ListItem","position":1,"name":"Home","item":"https:\/\/saida-plants.com\/"},{"@type":"ListItem","position":2,"name":"Shop","item":"https:\/\/saida-plants.com\/ar\/shop\/"},{"@type":"ListItem","position":3,"name":"Kamoun Soufi &#8211; \u0627\u0644\u0643\u0645\u0648\u0646 \u0627\u0644\u0635\u0648\u0641\u064a"}]},{"@type":"WebSite","@id":"https:\/\/saida-plants.com\/#website","url":"https:\/\/saida-plants.com\/","name":"SaidaPlants","description":"1er Boutique En ligne Produit 100% Bio","publisher":{"@id":"https:\/\/saida-plants.com\/#organization"},"potentialAction":[{"@type":"SearchAction","target":{"@type":"EntryPoint","urlTemplate":"https:\/\/saida-plants.com\/?s={search_term_string}"},"query-input":"required name=search_term_string"}],"inLanguage":"ar"},{"@type":"Organization","@id":"https:\/\/saida-plants.com\/#organization","name":"SaidaPlants","url":"https:\/\/saida-plants.com\/","logo":{"@type":"ImageObject","inLanguage":"ar","@id":"https:\/\/saida-plants.com\/#\/schema\/logo\/image\/","url":"https:\/\/saida-plants.com\/wp-content\/uploads\/2021\/08\/WhatsApp-Image-2021-08-11-at-17.44.40.jpeg","contentUrl":"https:\/\/saida-plants.com\/wp-content\/uploads\/2021\/08\/WhatsApp-Image-2021-08-11-at-17.44.40.jpeg","width":1280,"height":463,"caption":"SaidaPlants"},"image":{"@id":"https:\/\/saida-plants.com\/#\/schema\/logo\/image\/"},"sameAs":["https:\/\/www.instagram.com\/saidaplants\/","https:\/\/www.facebook.com\/SaidaPlants"]}]}},"_links":{"self":[{"href":"https:\/\/saida-plants.com\/ar\/wp-json\/wp\/v2\/product\/839"}],"collection":[{"href":"https:\/\/saida-plants.com\/ar\/wp-json\/wp\/v2\/product"}],"about":[{"href":"https:\/\/saida-plants.com\/ar\/wp-json\/wp\/v2\/types\/product"}],"replies":[{"embeddable":true,"href":"https:\/\/saida-plants.com\/ar\/wp-json\/wp\/v2\/comments?post=839"}],"wp:featuredmedia":[{"embeddable":true,"href":"https:\/\/saida-plants.com\/ar\/wp-json\/wp\/v2\/media\/933"}],"wp:attachment":[{"href":"https:\/\/saida-plants.com\/ar\/wp-json\/wp\/v2\/media?parent=839"}],"wp:term":[{"taxonomy":"product_cat","embeddable":true,"href":"https:\/\/saida-plants.com\/ar\/wp-json\/wp\/v2\/product_cat?post=839"},{"taxonomy":"product_tag","embeddable":true,"href":"https:\/\/saida-plants.com\/ar\/wp-json\/wp\/v2\/product_tag?post=839"}],"curies":[{"name":"wp","href":"https:\/\/api.w.org\/{rel}","templated":true}]}}