{"id":863,"date":"2021-09-09T16:03:50","date_gmt":"2021-09-09T16:03:50","guid":{"rendered":"https:\/\/saida-plants.com\/?post_type=product&#038;p=863"},"modified":"2025-05-14T18:37:19","modified_gmt":"2025-05-14T18:37:19","slug":"zamita-dorge-%d8%a7%d9%84%d8%b2%d9%85%d9%8a%d8%b7%d8%a9-%d8%a7%d9%84%d8%b4%d8%b9%d9%8a%d8%b1","status":"publish","type":"product","link":"https:\/\/saida-plants.com\/ar\/product\/zamita-dorge-%d8%a7%d9%84%d8%b2%d9%85%d9%8a%d8%b7%d8%a9-%d8%a7%d9%84%d8%b4%d8%b9%d9%8a%d8%b1\/","title":{"rendered":"Zamita d&rsquo;orge &#8211; \u0627\u0644\u0632\u0645\u064a\u0637\u0629 \u0627\u0644\u0634\u0639\u064a\u0631"},"content":{"rendered":"<h1><b>BIENFAITS\u00a0ZAMITA D&rsquo;ORGE 1kg<\/b><\/h1>\n<ul>\n<li>Produit naturel ne comportant aucun conservateur dans sa pr\u00e9paration<\/li>\n<li>Ce sont les produits respectant les principes Vegan qui se basent principalement sur le refus de l&rsquo;exploitation animale<\/li>\n<\/ul>\n<p>Production 100% coop\u00e9rative f\u00e9minine et 100% fait \u00e0 la main<\/p>\n<p>ZAMITA D&rsquo;ORGE <a href=\"https:\/\/saida-plants.com\/ar\/shop\/\">BIO<\/a> :<\/p>\n<p>Mode d&rsquo;utilisation :<\/p>\n<p>1. Remplir un demi bol avec la zamita<\/p>\n<p>2. Verser un peu d&rsquo;huile d&rsquo;olive, de beurre ou de \u00ab\u00a0smen\u00a0\u00bb<\/p>\n<p>3. Sucrer avec du miel pur<\/p>\n<p>4. Y verser au fur et \u00e0 mesure que l&rsquo;on remue de l&rsquo;eau bouillante<\/p>\n<p>5. d\u00e9guster adultes et enfants, \u00e0 la cuill\u00e8re au petit d\u00e9jeuner ou le soir, pour b\u00e9n\u00e9ficier des multiples bienfaits de cette sp\u00e9cialit\u00e9 marocaine traditionnelle.<\/p>\n<p>Zamita d&rsquo;orge Poids: 1kg<\/p>\n<p><b>Informations de livraison<\/b><\/p>\n<ul>\n<li>Livraison assur\u00e9e par SaidaPlants, sous 24H \u00e0 Marrakech et sous 1 \u00e0 5 jours pour les autres villes du Maroc.<\/li>\n<li>Exp\u00e9dition pour les commandes \u00e0 l\u2019international sous 1 jour ouvr\u00e9. Les d\u00e9lais de livraison sont variables selon la destination et le mode de livraison choisi.<\/li>\n<\/ul>","protected":false},"excerpt":{"rendered":"<h2 style=\"text-align: center;\"><b>BIENFAITS\u00a0ZAMITA D&rsquo;ORGE 1Kg<\/b><\/h2>\n<p style=\"text-align: center;\">Zamita d&rsquo;orge Produit naturel ne comportant aucun conservateur dans sa pr\u00e9paration<\/p>\n<p style=\"text-align: center;\">Ce sont les produits respectant les principes Vegan qui se basent principalement sur le refus de l&rsquo;exploitation animale<\/p>\n<p style=\"text-align: center;\">Production 100% coop\u00e9rative f\u00e9minine et 100% fait \u00e0 la main<\/p>","protected":false},"featured_media":864,"comment_status":"open","ping_status":"closed","template":"","meta":[],"product_cat":[72],"product_tag":[],"class_list":["post-863","product","type-product","status-publish","has-post-thumbnail","hentry","product_cat-dshicha"],"yoast_head":"<!-- This site is optimized with the Yoast SEO plugin v19.13 - https:\/\/yoast.com\/wordpress\/plugins\/seo\/ -->\n<title>Zamita d&#039;orge - \u0627\u0644\u0632\u0645\u064a\u0637\u0629 \u0627\u0644\u0634\u0639\u064a\u0631 - SaidaPlants<\/title>\n<meta name=\"description\" content=\"Zamita d&#039;orge - Nous faisons de notre mieux pour nos clients Obtenez le produit parfait et bio 100% fabriqu\u00e9 \u00e0 partir de la nature.\" \/>\n<meta name=\"robots\" content=\"index, follow, max-snippet:-1, max-image-preview:large, max-video-preview:-1\" \/>\n<link rel=\"canonical\" href=\"https:\/\/saida-plants.com\/ar\/product\/zamita-dorge-\u0627\u0644\u0632\u0645\u064a\u0637\u0629-\u0627\u0644\u0634\u0639\u064a\u0631\/\" \/>\n<meta property=\"og:locale\" content=\"ar_AR\" \/>\n<meta property=\"og:type\" content=\"article\" \/>\n<meta property=\"og:title\" content=\"Zamita d&#039;orge - \u0627\u0644\u0632\u0645\u064a\u0637\u0629 \u0627\u0644\u0634\u0639\u064a\u0631 - SaidaPlants\" \/>\n<meta property=\"og:description\" content=\"Zamita d&#039;orge - Nous faisons de notre mieux pour nos clients Obtenez le produit parfait et bio 100% fabriqu\u00e9 \u00e0 partir de la nature.\" \/>\n<meta property=\"og:url\" content=\"https:\/\/saida-plants.com\/ar\/product\/zamita-dorge-\u0627\u0644\u0632\u0645\u064a\u0637\u0629-\u0627\u0644\u0634\u0639\u064a\u0631\/\" \/>\n<meta property=\"og:site_name\" content=\"SaidaPlants\" \/>\n<meta property=\"article:publisher\" content=\"https:\/\/www.facebook.com\/SaidaPlants\" \/>\n<meta property=\"article:modified_time\" content=\"2025-05-14T18:37:19+00:00\" \/>\n<meta property=\"og:image\" content=\"https:\/\/saida-plants.com\/wp-content\/uploads\/2021\/08\/002-1200x800.png\" \/>\n\t<meta property=\"og:image:width\" content=\"1200\" \/>\n\t<meta property=\"og:image:height\" content=\"800\" \/>\n\t<meta property=\"og:image:type\" content=\"image\/png\" \/>\n<meta name=\"twitter:card\" content=\"summary_large_image\" \/>\n<meta name=\"twitter:label1\" content=\"\u0648\u0642\u062a \u0627\u0644\u0642\u0631\u0627\u0621\u0629 \u0627\u0644\u0645\u064f\u0642\u062f\u0651\u0631\" \/>\n\t<meta name=\"twitter:data1\" content=\"\u062f\u0642\u064a\u0642\u0629 \u0648\u0627\u062d\u062f\u0629\" \/>\n<script type=\"application\/ld+json\" class=\"yoast-schema-graph\">{\"@context\":\"https:\/\/schema.org\",\"@graph\":[{\"@type\":\"WebPage\",\"@id\":\"https:\/\/saida-plants.com\/ar\/product\/zamita-dorge-%d8%a7%d9%84%d8%b2%d9%85%d9%8a%d8%b7%d8%a9-%d8%a7%d9%84%d8%b4%d8%b9%d9%8a%d8%b1\/\",\"url\":\"https:\/\/saida-plants.com\/ar\/product\/zamita-dorge-%d8%a7%d9%84%d8%b2%d9%85%d9%8a%d8%b7%d8%a9-%d8%a7%d9%84%d8%b4%d8%b9%d9%8a%d8%b1\/\",\"name\":\"Zamita d'orge - \u0627\u0644\u0632\u0645\u064a\u0637\u0629 \u0627\u0644\u0634\u0639\u064a\u0631 - SaidaPlants\",\"isPartOf\":{\"@id\":\"https:\/\/saida-plants.com\/#website\"},\"datePublished\":\"2021-09-09T16:03:50+00:00\",\"dateModified\":\"2025-05-14T18:37:19+00:00\",\"description\":\"Zamita d'orge - Nous faisons de notre mieux pour nos clients Obtenez le produit parfait et bio 100% fabriqu\u00e9 \u00e0 partir de la nature.\",\"breadcrumb\":{\"@id\":\"https:\/\/saida-plants.com\/ar\/product\/zamita-dorge-%d8%a7%d9%84%d8%b2%d9%85%d9%8a%d8%b7%d8%a9-%d8%a7%d9%84%d8%b4%d8%b9%d9%8a%d8%b1\/#breadcrumb\"},\"inLanguage\":\"ar\",\"potentialAction\":[{\"@type\":\"ReadAction\",\"target\":[\"https:\/\/saida-plants.com\/ar\/product\/zamita-dorge-%d8%a7%d9%84%d8%b2%d9%85%d9%8a%d8%b7%d8%a9-%d8%a7%d9%84%d8%b4%d8%b9%d9%8a%d8%b1\/\"]}]},{\"@type\":\"BreadcrumbList\",\"@id\":\"https:\/\/saida-plants.com\/ar\/product\/zamita-dorge-%d8%a7%d9%84%d8%b2%d9%85%d9%8a%d8%b7%d8%a9-%d8%a7%d9%84%d8%b4%d8%b9%d9%8a%d8%b1\/#breadcrumb\",\"itemListElement\":[{\"@type\":\"ListItem\",\"position\":1,\"name\":\"Home\",\"item\":\"https:\/\/saida-plants.com\/\"},{\"@type\":\"ListItem\",\"position\":2,\"name\":\"Shop\",\"item\":\"https:\/\/saida-plants.com\/ar\/shop\/\"},{\"@type\":\"ListItem\",\"position\":3,\"name\":\"Zamita d&#8217;orge &#8211; \u0627\u0644\u0632\u0645\u064a\u0637\u0629 \u0627\u0644\u0634\u0639\u064a\u0631\"}]},{\"@type\":\"WebSite\",\"@id\":\"https:\/\/saida-plants.com\/#website\",\"url\":\"https:\/\/saida-plants.com\/\",\"name\":\"SaidaPlants\",\"description\":\"1er Boutique En ligne Produit 100% Bio\",\"publisher\":{\"@id\":\"https:\/\/saida-plants.com\/#organization\"},\"potentialAction\":[{\"@type\":\"SearchAction\",\"target\":{\"@type\":\"EntryPoint\",\"urlTemplate\":\"https:\/\/saida-plants.com\/?s={search_term_string}\"},\"query-input\":\"required name=search_term_string\"}],\"inLanguage\":\"ar\"},{\"@type\":\"Organization\",\"@id\":\"https:\/\/saida-plants.com\/#organization\",\"name\":\"SaidaPlants\",\"url\":\"https:\/\/saida-plants.com\/\",\"logo\":{\"@type\":\"ImageObject\",\"inLanguage\":\"ar\",\"@id\":\"https:\/\/saida-plants.com\/#\/schema\/logo\/image\/\",\"url\":\"https:\/\/saida-plants.com\/wp-content\/uploads\/2021\/08\/WhatsApp-Image-2021-08-11-at-17.44.40.jpeg\",\"contentUrl\":\"https:\/\/saida-plants.com\/wp-content\/uploads\/2021\/08\/WhatsApp-Image-2021-08-11-at-17.44.40.jpeg\",\"width\":1280,\"height\":463,\"caption\":\"SaidaPlants\"},\"image\":{\"@id\":\"https:\/\/saida-plants.com\/#\/schema\/logo\/image\/\"},\"sameAs\":[\"https:\/\/www.instagram.com\/saidaplants\/\",\"https:\/\/www.facebook.com\/SaidaPlants\"]}]}<\/script>\n<!-- \/ Yoast SEO plugin. -->","yoast_head_json":{"title":"Zamita d'orge - \u0627\u0644\u0632\u0645\u064a\u0637\u0629 \u0627\u0644\u0634\u0639\u064a\u0631 - SaidaPlants","description":"Zamita d'orge - Nous faisons de notre mieux pour nos clients Obtenez le produit parfait et bio 100% fabriqu\u00e9 \u00e0 partir de la nature.","robots":{"index":"index","follow":"follow","max-snippet":"max-snippet:-1","max-image-preview":"max-image-preview:large","max-video-preview":"max-video-preview:-1"},"canonical":"https:\/\/saida-plants.com\/ar\/product\/zamita-dorge-\u0627\u0644\u0632\u0645\u064a\u0637\u0629-\u0627\u0644\u0634\u0639\u064a\u0631\/","og_locale":"ar_AR","og_type":"article","og_title":"Zamita d'orge - \u0627\u0644\u0632\u0645\u064a\u0637\u0629 \u0627\u0644\u0634\u0639\u064a\u0631 - SaidaPlants","og_description":"Zamita d'orge - Nous faisons de notre mieux pour nos clients Obtenez le produit parfait et bio 100% fabriqu\u00e9 \u00e0 partir de la nature.","og_url":"https:\/\/saida-plants.com\/ar\/product\/zamita-dorge-\u0627\u0644\u0632\u0645\u064a\u0637\u0629-\u0627\u0644\u0634\u0639\u064a\u0631\/","og_site_name":"SaidaPlants","article_publisher":"https:\/\/www.facebook.com\/SaidaPlants","article_modified_time":"2025-05-14T18:37:19+00:00","og_image":[{"width":1200,"height":800,"url":"https:\/\/saida-plants.com\/wp-content\/uploads\/2021\/08\/002-1200x800.png","type":"image\/png"}],"twitter_card":"summary_large_image","twitter_misc":{"\u0648\u0642\u062a \u0627\u0644\u0642\u0631\u0627\u0621\u0629 \u0627\u0644\u0645\u064f\u0642\u062f\u0651\u0631":"\u062f\u0642\u064a\u0642\u0629 \u0648\u0627\u062d\u062f\u0629"},"schema":{"@context":"https:\/\/schema.org","@graph":[{"@type":"WebPage","@id":"https:\/\/saida-plants.com\/ar\/product\/zamita-dorge-%d8%a7%d9%84%d8%b2%d9%85%d9%8a%d8%b7%d8%a9-%d8%a7%d9%84%d8%b4%d8%b9%d9%8a%d8%b1\/","url":"https:\/\/saida-plants.com\/ar\/product\/zamita-dorge-%d8%a7%d9%84%d8%b2%d9%85%d9%8a%d8%b7%d8%a9-%d8%a7%d9%84%d8%b4%d8%b9%d9%8a%d8%b1\/","name":"Zamita d'orge - \u0627\u0644\u0632\u0645\u064a\u0637\u0629 \u0627\u0644\u0634\u0639\u064a\u0631 - SaidaPlants","isPartOf":{"@id":"https:\/\/saida-plants.com\/#website"},"datePublished":"2021-09-09T16:03:50+00:00","dateModified":"2025-05-14T18:37:19+00:00","description":"Zamita d'orge - Nous faisons de notre mieux pour nos clients Obtenez le produit parfait et bio 100% fabriqu\u00e9 \u00e0 partir de la nature.","breadcrumb":{"@id":"https:\/\/saida-plants.com\/ar\/product\/zamita-dorge-%d8%a7%d9%84%d8%b2%d9%85%d9%8a%d8%b7%d8%a9-%d8%a7%d9%84%d8%b4%d8%b9%d9%8a%d8%b1\/#breadcrumb"},"inLanguage":"ar","potentialAction":[{"@type":"ReadAction","target":["https:\/\/saida-plants.com\/ar\/product\/zamita-dorge-%d8%a7%d9%84%d8%b2%d9%85%d9%8a%d8%b7%d8%a9-%d8%a7%d9%84%d8%b4%d8%b9%d9%8a%d8%b1\/"]}]},{"@type":"BreadcrumbList","@id":"https:\/\/saida-plants.com\/ar\/product\/zamita-dorge-%d8%a7%d9%84%d8%b2%d9%85%d9%8a%d8%b7%d8%a9-%d8%a7%d9%84%d8%b4%d8%b9%d9%8a%d8%b1\/#breadcrumb","itemListElement":[{"@type":"ListItem","position":1,"name":"Home","item":"https:\/\/saida-plants.com\/"},{"@type":"ListItem","position":2,"name":"Shop","item":"https:\/\/saida-plants.com\/ar\/shop\/"},{"@type":"ListItem","position":3,"name":"Zamita d&#8217;orge &#8211; \u0627\u0644\u0632\u0645\u064a\u0637\u0629 \u0627\u0644\u0634\u0639\u064a\u0631"}]},{"@type":"WebSite","@id":"https:\/\/saida-plants.com\/#website","url":"https:\/\/saida-plants.com\/","name":"SaidaPlants","description":"1er Boutique En ligne Produit 100% Bio","publisher":{"@id":"https:\/\/saida-plants.com\/#organization"},"potentialAction":[{"@type":"SearchAction","target":{"@type":"EntryPoint","urlTemplate":"https:\/\/saida-plants.com\/?s={search_term_string}"},"query-input":"required name=search_term_string"}],"inLanguage":"ar"},{"@type":"Organization","@id":"https:\/\/saida-plants.com\/#organization","name":"SaidaPlants","url":"https:\/\/saida-plants.com\/","logo":{"@type":"ImageObject","inLanguage":"ar","@id":"https:\/\/saida-plants.com\/#\/schema\/logo\/image\/","url":"https:\/\/saida-plants.com\/wp-content\/uploads\/2021\/08\/WhatsApp-Image-2021-08-11-at-17.44.40.jpeg","contentUrl":"https:\/\/saida-plants.com\/wp-content\/uploads\/2021\/08\/WhatsApp-Image-2021-08-11-at-17.44.40.jpeg","width":1280,"height":463,"caption":"SaidaPlants"},"image":{"@id":"https:\/\/saida-plants.com\/#\/schema\/logo\/image\/"},"sameAs":["https:\/\/www.instagram.com\/saidaplants\/","https:\/\/www.facebook.com\/SaidaPlants"]}]}},"_links":{"self":[{"href":"https:\/\/saida-plants.com\/ar\/wp-json\/wp\/v2\/product\/863"}],"collection":[{"href":"https:\/\/saida-plants.com\/ar\/wp-json\/wp\/v2\/product"}],"about":[{"href":"https:\/\/saida-plants.com\/ar\/wp-json\/wp\/v2\/types\/product"}],"replies":[{"embeddable":true,"href":"https:\/\/saida-plants.com\/ar\/wp-json\/wp\/v2\/comments?post=863"}],"wp:featuredmedia":[{"embeddable":true,"href":"https:\/\/saida-plants.com\/ar\/wp-json\/wp\/v2\/media\/864"}],"wp:attachment":[{"href":"https:\/\/saida-plants.com\/ar\/wp-json\/wp\/v2\/media?parent=863"}],"wp:term":[{"taxonomy":"product_cat","embeddable":true,"href":"https:\/\/saida-plants.com\/ar\/wp-json\/wp\/v2\/product_cat?post=863"},{"taxonomy":"product_tag","embeddable":true,"href":"https:\/\/saida-plants.com\/ar\/wp-json\/wp\/v2\/product_tag?post=863"}],"curies":[{"name":"wp","href":"https:\/\/api.w.org\/{rel}","templated":true}]}}