{"id":867,"date":"2021-09-10T16:48:38","date_gmt":"2021-09-10T16:48:38","guid":{"rendered":"https:\/\/saida-plants.com\/?post_type=product&#038;p=867"},"modified":"2024-10-14T12:56:44","modified_gmt":"2024-10-14T12:56:44","slug":"henne-maroccain-%d8%a7%d9%84%d8%ad%d9%86%d8%a7%d8%a1","status":"publish","type":"product","link":"https:\/\/saida-plants.com\/ar\/product\/henne-maroccain-%d8%a7%d9%84%d8%ad%d9%86%d8%a7%d8%a1\/","title":{"rendered":"henn\u00e9 Maroccain &#8211; \u0627\u0644\u062d\u0646\u0627\u0621"},"content":{"rendered":"<h1><b>BIENFAITS\u00a0HENN\u00c9 MAROCCAIN 100g<\/b><\/h1>\n<ul>\n<li><a href=\"https:\/\/saida-plants.com\/ar\/product-category\/cosmetique\/\">Produit<\/a> naturel ne comportant aucun conservateur dans sa pr\u00e9paration<\/li>\n<li>Ce sont les produits respectant les principes Vegan qui se basent principalement sur le refus de l&rsquo;exploitation animale<\/li>\n<\/ul>\n<h2><strong>Les bienfaits du henn\u00e9 Maroccain<\/strong><\/h2>\n<p>Le henn\u00e9 maroccain est une plante appartenant \u00e0 la famille des Lythrac\u00e9es, dont le nom botanique est lawsonia inermis. Elle poss\u00e8de en particulier des propri\u00e9t\u00e9s tinctoriales, qui sont augment\u00e9es avec la temp\u00e9rature du milieu o\u00f9 elle a \u00e9t\u00e9 cultiv\u00e9e (elle pr\u00e9f\u00e8re des temp\u00e9ratures comprises entre 25 et 45\u00b0). Pour obtenir la teinture, les feuilles sont r\u00e9colt\u00e9es, s\u00e9ch\u00e9es et pulv\u00e9ris\u00e9es .<\/p>\n<p>Sous forme de poudre, le henn\u00e9 est utilis\u00e9 pour colorer les cheveux, les embellir, et pour r\u00e9aliser des tatouages sur la peau.<\/p>\n<p>Les Bienfaits du Henn\u00e9 maroccain<\/p>\n<p>Parmi ses bienfaits est utile en cas de br\u00fblure caus\u00e9e par le feu. Il contient une force qui convient au nerf, si on l&rsquo;applique dessus en pansement.<\/p>\n<p>Il est aussi b\u00e9n\u00e9fique, si on le m\u00e2che, pour les plaies de la bouche, les aphtes et les candidoses* qui touchent les enfants.<\/p>\n<p>Appliquer un pansement avec du henn\u00e9 est utile dans les \u0153d\u00e8mes chauds inflamm\u00e9s, et il a le m\u00eame effet sur les plaies que la r\u00e9sine de dragonnier de Socotra** (Damm al-Akhawayn), si on m\u00e9lange ses fleurs avec de la cire pure et de l&rsquo;huile de roses, il est utile aux douleurs provoqu\u00e9es par la pleur\u00e9sie.<\/p>\n<p>Parmi ses propri\u00e9t\u00e9s est que lorsque la varicelle d\u00e9bute chez l&rsquo;enfant, et qu&rsquo;on applique du henn\u00e9 sur la partie inf\u00e9rieure de ses jambes, ses yeux ne seront pas touch\u00e9s par les boutons.<\/p>\n<p>Cela est authentique et \u00e9prouv\u00e9, et il n&rsquo;y a aucun doute sur cela.<\/p>\n<h3><strong>&#8212; Quels sont les avantages du henn\u00e9 ?<\/strong><\/h3>\n<p>-Beaut\u00e9 : il donne une jolie coloration auburn aux cheveux, leur donne brillance et volume.il d\u00e9pose une gaine protectrice sur les cheveux et r\u00e9pare ainsi les cheveux fragilis\u00e9s.<\/p>\n<p>-Anti-pelliculaire : les \u00e9tudes en laboratoire ont \u00e9galement d\u00e9montr\u00e9 ses vertus antifongiques (qui tue les champignons, ou mycoses, souvent \u00e0 l\u2019origine des pellicules) et astringentes (resserre les pores de la peau, ce qui lui permet de mieux r\u00e9sister aux bact\u00e9ries et mycoses, et de moins se dess\u00e9cher).<\/p>\n<p>-Cheveux gras ou secs : de mani\u00e8re plus empirique, ceux qui l\u2019utilisent remarquent aussi un r\u00e9\u00e9quilibrage des cheveux : les cheveux secs sont moins ternes, moins cassants (de plus, la gaine protectrice leur permet de se renforcer), les cheveux gras produisent moins de s\u00e9bum. On peut aussi constater un ralentissement de la chute des cheveux.<\/p>\n<h3><strong>&#8212; Contre-indications au henn\u00e9<\/strong><\/h3>\n<p>-Cheveux color\u00e9s et permanent\u00e9s : il est incompatible avec toutes les colorations (ou d\u00e9colorations), en particulier \u00e0 base de chlore, et traitements chimiques (permanente, coloration). Comme le henn\u00e9 gaine le cheveu et reste assez longtemps (au moins 5 semaines), il ne faut pas non plus appliquer de henn\u00e9 si on a en projet de faire une coloration chimique ou une permanente.<\/p>\n<p>-Cheveux fragiles et ab\u00eem\u00e9s : il peut parfois \u00eatre mal tol\u00e9r\u00e9. Dans ce cas, attendre que la chevelure soit en meilleur \u00e9tat (notamment apr\u00e8s des br\u00fblures li\u00e9es \u00e0 des teintures chimiques trop violentes ou mal pos\u00e9es). Dans ce cas, une coupe de cheveux courte peut soulager les cheveux et leur donner le temps de se refaire une sant\u00e9. Le henn\u00e9 sera plus tard un bon compl\u00e9ment de soin.<\/p>\n<p>Allergies : pas de r\u00e9action allergique connue. Cependant, ce n\u2019est pas une plante neutre. Pour les personnes tr\u00e8s allergiques, toujours se m\u00e9fier (en parler \u00e0 son m\u00e9decin). \u00c9viter les henn\u00e9s contenant des conservateurs qui sont irritants ou allergisants.<\/p>\n<p>*Qu&rsquo;on appelle couramment le muguet buccal et se manifeste par des petites t\u00e2ches blanches sur la langue, l&rsquo;int\u00e9rieur des joues et parfois les gencives.<\/p>\n<p>** Arbre dont on utilise la r\u00e9sine comme colorant ou pour ses vertus m\u00e9dicinales.<\/p>\n<h3><b>Informations de livraison<\/b><\/h3>\n<ul>\n<li>Livraison assur\u00e9e par SaidaPlants, sous 24H \u00e0 Marrakech et sous 1 \u00e0 5 jours pour les autres villes du Maroc.<\/li>\n<li>Exp\u00e9dition pour les commandes \u00e0 l\u2019international sous 1 jour ouvr\u00e9. Les d\u00e9lais de livraison sont variables selon la destination et le mode de livraison choisi.<\/li>\n<\/ul>","protected":false},"excerpt":{"rendered":"<h2 style=\"text-align: center;\"><b>BIENFAITS\u00a0HENN\u00c9 MAROCCAIN 100g<\/b><\/h2>\n<p style=\"text-align: center;\"><a href=\"https:\/\/saida-plants.com\/ar\/product-category\/cosmetique\/\">Produit<\/a> naturel ne comportant aucun conservateur dans sa pr\u00e9paration<\/p>\n<p style=\"text-align: center;\">Ce sont les produits respectant les principes Vegan qui se basent principalement sur le refus de l&rsquo;exploitation animale<\/p>\n<p style=\"text-align: center;\">","protected":false},"featured_media":1230,"comment_status":"open","ping_status":"closed","template":"","meta":[],"product_cat":[69],"product_tag":[],"class_list":["post-867","product","type-product","status-publish","has-post-thumbnail","hentry","product_cat-cosmetique"],"yoast_head":"<!-- This site is optimized with the Yoast SEO plugin v19.13 - https:\/\/yoast.com\/wordpress\/plugins\/seo\/ -->\n<title>henn\u00e9 Maroccain - \u0627\u0644\u062d\u0646\u0627\u0621 - SaidaPlants<\/title>\n<meta name=\"description\" content=\"henn\u00e9 Maroccain - Nous faisons de notre mieux pour nos clients Obtenez le produit parfait et bio 100% fabriqu\u00e9 \u00e0 partir de la nature.\" \/>\n<meta name=\"robots\" content=\"index, follow, max-snippet:-1, max-image-preview:large, max-video-preview:-1\" \/>\n<link rel=\"canonical\" href=\"https:\/\/saida-plants.com\/ar\/product\/henne-maroccain-\u0627\u0644\u062d\u0646\u0627\u0621\/\" \/>\n<meta property=\"og:locale\" content=\"ar_AR\" \/>\n<meta property=\"og:type\" content=\"article\" \/>\n<meta property=\"og:title\" content=\"henn\u00e9 Maroccain - \u0627\u0644\u062d\u0646\u0627\u0621 - SaidaPlants\" \/>\n<meta property=\"og:description\" content=\"henn\u00e9 Maroccain - Nous faisons de notre mieux pour nos clients Obtenez le produit parfait et bio 100% fabriqu\u00e9 \u00e0 partir de la nature.\" \/>\n<meta property=\"og:url\" content=\"https:\/\/saida-plants.com\/ar\/product\/henne-maroccain-\u0627\u0644\u062d\u0646\u0627\u0621\/\" \/>\n<meta property=\"og:site_name\" content=\"SaidaPlants\" \/>\n<meta property=\"article:publisher\" content=\"https:\/\/www.facebook.com\/SaidaPlants\" \/>\n<meta property=\"article:modified_time\" content=\"2024-10-14T12:56:44+00:00\" \/>\n<meta property=\"og:image\" content=\"https:\/\/saida-plants.com\/wp-content\/uploads\/2021\/09\/henne-Maroccain-saida-plants-1.jpg\" \/>\n\t<meta property=\"og:image:width\" content=\"321\" \/>\n\t<meta property=\"og:image:height\" content=\"542\" \/>\n\t<meta property=\"og:image:type\" content=\"image\/jpeg\" \/>\n<meta name=\"twitter:card\" content=\"summary_large_image\" \/>\n<meta name=\"twitter:label1\" content=\"\u0648\u0642\u062a \u0627\u0644\u0642\u0631\u0627\u0621\u0629 \u0627\u0644\u0645\u064f\u0642\u062f\u0651\u0631\" \/>\n\t<meta name=\"twitter:data1\" content=\"3 \u062f\u0642\u0627\u0626\u0642\" \/>\n<script type=\"application\/ld+json\" class=\"yoast-schema-graph\">{\"@context\":\"https:\/\/schema.org\",\"@graph\":[{\"@type\":\"WebPage\",\"@id\":\"https:\/\/saida-plants.com\/product\/henne-maroccain-%d8%a7%d9%84%d8%ad%d9%86%d8%a7%d8%a1\/\",\"url\":\"https:\/\/saida-plants.com\/product\/henne-maroccain-%d8%a7%d9%84%d8%ad%d9%86%d8%a7%d8%a1\/\",\"name\":\"henn\u00e9 Maroccain - \u0627\u0644\u062d\u0646\u0627\u0621 - SaidaPlants\",\"isPartOf\":{\"@id\":\"https:\/\/saida-plants.com\/#website\"},\"datePublished\":\"2021-09-10T16:48:38+00:00\",\"dateModified\":\"2024-10-14T12:56:44+00:00\",\"description\":\"henn\u00e9 Maroccain - Nous faisons de notre mieux pour nos clients Obtenez le produit parfait et bio 100% fabriqu\u00e9 \u00e0 partir de la nature.\",\"breadcrumb\":{\"@id\":\"https:\/\/saida-plants.com\/product\/henne-maroccain-%d8%a7%d9%84%d8%ad%d9%86%d8%a7%d8%a1\/#breadcrumb\"},\"inLanguage\":\"ar\",\"potentialAction\":[{\"@type\":\"ReadAction\",\"target\":[\"https:\/\/saida-plants.com\/product\/henne-maroccain-%d8%a7%d9%84%d8%ad%d9%86%d8%a7%d8%a1\/\"]}]},{\"@type\":\"BreadcrumbList\",\"@id\":\"https:\/\/saida-plants.com\/product\/henne-maroccain-%d8%a7%d9%84%d8%ad%d9%86%d8%a7%d8%a1\/#breadcrumb\",\"itemListElement\":[{\"@type\":\"ListItem\",\"position\":1,\"name\":\"Home\",\"item\":\"https:\/\/saida-plants.com\/\"},{\"@type\":\"ListItem\",\"position\":2,\"name\":\"Shop\",\"item\":\"https:\/\/saida-plants.com\/ar\/shop\/\"},{\"@type\":\"ListItem\",\"position\":3,\"name\":\"henn\u00e9 Maroccain &#8211; \u0627\u0644\u062d\u0646\u0627\u0621\"}]},{\"@type\":\"WebSite\",\"@id\":\"https:\/\/saida-plants.com\/#website\",\"url\":\"https:\/\/saida-plants.com\/\",\"name\":\"SaidaPlants\",\"description\":\"1er Boutique En ligne Produit 100% Bio\",\"publisher\":{\"@id\":\"https:\/\/saida-plants.com\/#organization\"},\"potentialAction\":[{\"@type\":\"SearchAction\",\"target\":{\"@type\":\"EntryPoint\",\"urlTemplate\":\"https:\/\/saida-plants.com\/?s={search_term_string}\"},\"query-input\":\"required name=search_term_string\"}],\"inLanguage\":\"ar\"},{\"@type\":\"Organization\",\"@id\":\"https:\/\/saida-plants.com\/#organization\",\"name\":\"SaidaPlants\",\"url\":\"https:\/\/saida-plants.com\/\",\"logo\":{\"@type\":\"ImageObject\",\"inLanguage\":\"ar\",\"@id\":\"https:\/\/saida-plants.com\/#\/schema\/logo\/image\/\",\"url\":\"https:\/\/saida-plants.com\/wp-content\/uploads\/2021\/08\/WhatsApp-Image-2021-08-11-at-17.44.40.jpeg\",\"contentUrl\":\"https:\/\/saida-plants.com\/wp-content\/uploads\/2021\/08\/WhatsApp-Image-2021-08-11-at-17.44.40.jpeg\",\"width\":1280,\"height\":463,\"caption\":\"SaidaPlants\"},\"image\":{\"@id\":\"https:\/\/saida-plants.com\/#\/schema\/logo\/image\/\"},\"sameAs\":[\"https:\/\/www.instagram.com\/saidaplants\/\",\"https:\/\/www.facebook.com\/SaidaPlants\"]}]}<\/script>\n<!-- \/ Yoast SEO plugin. -->","yoast_head_json":{"title":"henn\u00e9 Maroccain - \u0627\u0644\u062d\u0646\u0627\u0621 - SaidaPlants","description":"henn\u00e9 Maroccain - Nous faisons de notre mieux pour nos clients Obtenez le produit parfait et bio 100% fabriqu\u00e9 \u00e0 partir de la nature.","robots":{"index":"index","follow":"follow","max-snippet":"max-snippet:-1","max-image-preview":"max-image-preview:large","max-video-preview":"max-video-preview:-1"},"canonical":"https:\/\/saida-plants.com\/ar\/product\/henne-maroccain-\u0627\u0644\u062d\u0646\u0627\u0621\/","og_locale":"ar_AR","og_type":"article","og_title":"henn\u00e9 Maroccain - \u0627\u0644\u062d\u0646\u0627\u0621 - SaidaPlants","og_description":"henn\u00e9 Maroccain - Nous faisons de notre mieux pour nos clients Obtenez le produit parfait et bio 100% fabriqu\u00e9 \u00e0 partir de la nature.","og_url":"https:\/\/saida-plants.com\/ar\/product\/henne-maroccain-\u0627\u0644\u062d\u0646\u0627\u0621\/","og_site_name":"SaidaPlants","article_publisher":"https:\/\/www.facebook.com\/SaidaPlants","article_modified_time":"2024-10-14T12:56:44+00:00","og_image":[{"width":321,"height":542,"url":"https:\/\/saida-plants.com\/wp-content\/uploads\/2021\/09\/henne-Maroccain-saida-plants-1.jpg","type":"image\/jpeg"}],"twitter_card":"summary_large_image","twitter_misc":{"\u0648\u0642\u062a \u0627\u0644\u0642\u0631\u0627\u0621\u0629 \u0627\u0644\u0645\u064f\u0642\u062f\u0651\u0631":"3 \u062f\u0642\u0627\u0626\u0642"},"schema":{"@context":"https:\/\/schema.org","@graph":[{"@type":"WebPage","@id":"https:\/\/saida-plants.com\/product\/henne-maroccain-%d8%a7%d9%84%d8%ad%d9%86%d8%a7%d8%a1\/","url":"https:\/\/saida-plants.com\/product\/henne-maroccain-%d8%a7%d9%84%d8%ad%d9%86%d8%a7%d8%a1\/","name":"henn\u00e9 Maroccain - \u0627\u0644\u062d\u0646\u0627\u0621 - SaidaPlants","isPartOf":{"@id":"https:\/\/saida-plants.com\/#website"},"datePublished":"2021-09-10T16:48:38+00:00","dateModified":"2024-10-14T12:56:44+00:00","description":"henn\u00e9 Maroccain - Nous faisons de notre mieux pour nos clients Obtenez le produit parfait et bio 100% fabriqu\u00e9 \u00e0 partir de la nature.","breadcrumb":{"@id":"https:\/\/saida-plants.com\/product\/henne-maroccain-%d8%a7%d9%84%d8%ad%d9%86%d8%a7%d8%a1\/#breadcrumb"},"inLanguage":"ar","potentialAction":[{"@type":"ReadAction","target":["https:\/\/saida-plants.com\/product\/henne-maroccain-%d8%a7%d9%84%d8%ad%d9%86%d8%a7%d8%a1\/"]}]},{"@type":"BreadcrumbList","@id":"https:\/\/saida-plants.com\/product\/henne-maroccain-%d8%a7%d9%84%d8%ad%d9%86%d8%a7%d8%a1\/#breadcrumb","itemListElement":[{"@type":"ListItem","position":1,"name":"Home","item":"https:\/\/saida-plants.com\/"},{"@type":"ListItem","position":2,"name":"Shop","item":"https:\/\/saida-plants.com\/ar\/shop\/"},{"@type":"ListItem","position":3,"name":"henn\u00e9 Maroccain &#8211; \u0627\u0644\u062d\u0646\u0627\u0621"}]},{"@type":"WebSite","@id":"https:\/\/saida-plants.com\/#website","url":"https:\/\/saida-plants.com\/","name":"SaidaPlants","description":"1er Boutique En ligne Produit 100% Bio","publisher":{"@id":"https:\/\/saida-plants.com\/#organization"},"potentialAction":[{"@type":"SearchAction","target":{"@type":"EntryPoint","urlTemplate":"https:\/\/saida-plants.com\/?s={search_term_string}"},"query-input":"required name=search_term_string"}],"inLanguage":"ar"},{"@type":"Organization","@id":"https:\/\/saida-plants.com\/#organization","name":"SaidaPlants","url":"https:\/\/saida-plants.com\/","logo":{"@type":"ImageObject","inLanguage":"ar","@id":"https:\/\/saida-plants.com\/#\/schema\/logo\/image\/","url":"https:\/\/saida-plants.com\/wp-content\/uploads\/2021\/08\/WhatsApp-Image-2021-08-11-at-17.44.40.jpeg","contentUrl":"https:\/\/saida-plants.com\/wp-content\/uploads\/2021\/08\/WhatsApp-Image-2021-08-11-at-17.44.40.jpeg","width":1280,"height":463,"caption":"SaidaPlants"},"image":{"@id":"https:\/\/saida-plants.com\/#\/schema\/logo\/image\/"},"sameAs":["https:\/\/www.instagram.com\/saidaplants\/","https:\/\/www.facebook.com\/SaidaPlants"]}]}},"_links":{"self":[{"href":"https:\/\/saida-plants.com\/ar\/wp-json\/wp\/v2\/product\/867"}],"collection":[{"href":"https:\/\/saida-plants.com\/ar\/wp-json\/wp\/v2\/product"}],"about":[{"href":"https:\/\/saida-plants.com\/ar\/wp-json\/wp\/v2\/types\/product"}],"replies":[{"embeddable":true,"href":"https:\/\/saida-plants.com\/ar\/wp-json\/wp\/v2\/comments?post=867"}],"wp:featuredmedia":[{"embeddable":true,"href":"https:\/\/saida-plants.com\/ar\/wp-json\/wp\/v2\/media\/1230"}],"wp:attachment":[{"href":"https:\/\/saida-plants.com\/ar\/wp-json\/wp\/v2\/media?parent=867"}],"wp:term":[{"taxonomy":"product_cat","embeddable":true,"href":"https:\/\/saida-plants.com\/ar\/wp-json\/wp\/v2\/product_cat?post=867"},{"taxonomy":"product_tag","embeddable":true,"href":"https:\/\/saida-plants.com\/ar\/wp-json\/wp\/v2\/product_tag?post=867"}],"curies":[{"name":"wp","href":"https:\/\/api.w.org\/{rel}","templated":true}]}}