{"id":868,"date":"2021-09-10T16:37:42","date_gmt":"2021-09-10T16:37:42","guid":{"rendered":"https:\/\/saida-plants.com\/?post_type=product&#038;p=868"},"modified":"2021-09-10T16:37:42","modified_gmt":"2021-09-10T16:37:42","slug":"poudre-dhibiscus-%d9%85%d8%b3%d8%ad%d9%88%d9%82-%d8%a7%d9%84%d9%83%d8%b1%d9%83%d8%af%d9%8a%d9%87","status":"publish","type":"product","link":"https:\/\/saida-plants.com\/ar\/product\/poudre-dhibiscus-%d9%85%d8%b3%d8%ad%d9%88%d9%82-%d8%a7%d9%84%d9%83%d8%b1%d9%83%d8%af%d9%8a%d9%87\/","title":{"rendered":"Poudre d&rsquo;hibiscus &#8211; \u0645\u0633\u062d\u0648\u0642 \u0627\u0644\u0643\u0631\u0643\u062f\u064a\u0647"},"content":{"rendered":"<h1><b>BIENFAITS\u00a0AIL ROUGE 100g<\/b><\/h1>\n<ul>\n<li>Produit naturel ne comportant aucun conservateur dans sa pr\u00e9paration<\/li>\n<li>Ce sont les produits respectant les principes Vegan qui se basent principalement sur le refus de l&rsquo;exploitation animale<\/li>\n<\/ul>\n<p><b><i>La poudre d&rsquo;Hibiscus est un actif r\u00e9put\u00e9 pour fortifier les cheveux, les faire briller et stimuler leur pousse. Associ\u00e9e avec des henn\u00e9s, elle sublime les tons rouges et acajou et illumine les reflets. Riche en antioxydants et en acides de fruits, c&rsquo;est \u00e9galement un merveilleux ingr\u00e9dient pour les soins anti-\u00e2ge. \u00a0Aussi\u00a0connu sous le nom de Bissap ou Karkad\u00e9, l&rsquo;Hibiscus est \u00e9galement appr\u00e9ci\u00e9\u00a0pour pr\u00e9parer des boissons acidul\u00e9es et color\u00e9es,\u00a0int\u00e9ressantes gr\u00e2ce \u00e0 leur teneur en proanthocyanidines.<\/i><\/b><\/p>\n<h2><strong>PROPRI\u00c9T\u00c9S<\/strong><\/h2>\n<ul>\n<li>Comme ingr\u00e9dient cosm\u00e9tique, la poudre ayurv\u00e9dique d&rsquo;hibiscus bio est reconnue pour ces propri\u00e9t\u00e9s :<\/li>\n<li>Riche en polyph\u00e9nols et anthocyanes, qui sont des antioxydants puissants<\/li>\n<li>Soutient l&rsquo;hydratation et adoucit la peau<\/li>\n<li>Stimule la r\u00e9g\u00e9n\u00e9ration de la peau, gr\u00e2ce \u00e0 sa teneur en acides de fruits<\/li>\n<li>Colorant rose pourpre intense<\/li>\n<\/ul>\n<h3><strong>INDICATIONS<\/strong><\/h3>\n<ul>\n<li>Peaux matures, soins anti-\u00e2ge<\/li>\n<li>Peaux s\u00e8ches<\/li>\n<li>Peaux fatigu\u00e9es, ternes, stress\u00e9es<\/li>\n<li>Peaux sensibles<\/li>\n<li>\u00c9laboration de produits de maquillage color\u00e9s (blush, ombres \u00e0 paupi\u00e8res)<\/li>\n<\/ul>\n<h3><strong>SYNERGIES<\/strong><\/h3>\n<p>Pour former une base de masque (texture adapt\u00e9e \u00e0 l&rsquo;application, bonne adh\u00e9rence) : argile au choix, Rhassoul, Multani mitti, poudre de riz<\/p>\n<p>Pour ajouter un effet exfoliant, pour l&rsquo;\u00e9clat de la peau : poudre de Rose musqu\u00e9e, poudre de Noyaux d&rsquo;Olive, P\u00e9pins de fraise, Noix de Coco r\u00e2p\u00e9e<\/p>\n<p>Pour les soins anti-\u00e2ge : poudres de Rose de Damas, Th\u00e9 vert Matcha, Curcuma, Manjistha, hydrolats de Rose de Damas, G\u00e9ranium, Ciste ladanif\u00e8re, huiles v\u00e9g\u00e9tales de Cranberry, Argan, Bourrache<\/p>\n<p>Pour un effet bonne mine : poudres de Curcuma, Manjistha, mac\u00e9r\u00e2t huileux de Carotte, huile v\u00e9g\u00e9tale de Tomate<\/p>\n<p>Pour les peaux sensibles : poudre d&rsquo;Avoine collo\u00efdale, de Tepezcohuite, de Guimauve, extrait de Bardane, huiles v\u00e9g\u00e9tales de Cameline, Cranberry, extrait CO2 de Grenade<\/p>\n<h3><b>Informations de livraison<\/b><\/h3>\n<ul>\n<li>Livraison assur\u00e9e par <a href=\"https:\/\/saida-plants.com\/ar\/product-category\/cosmetique\/\">SaidaPlants<\/a>, sous 24H \u00e0 Marrakech et sous 1 \u00e0 5 jours pour les autres villes du Maroc.<\/li>\n<li>Exp\u00e9dition pour les commandes \u00e0 l\u2019international sous 1 jour ouvr\u00e9. Les d\u00e9lais de livraison sont variables selon la destination et le mode de livraison choisi.<\/li>\n<\/ul>","protected":false},"excerpt":{"rendered":"<h2 style=\"text-align: center;\"><b>BIENFAITS\u00a0AIL ROUGE 100g<\/b><\/h2>\n<p style=\"text-align: center;\">Produit naturel ne comportant aucun conservateur dans sa pr\u00e9paration<\/p>\n<p style=\"text-align: center;\">Ce sont les produits respectant les principes Vegan qui se basent principalement sur le refus de l&rsquo;exploitation animale<\/p>\n<p style=\"text-align: center;\"><b><i>La poudre d&rsquo;Hibiscus est un actif r\u00e9put\u00e9 pour fortifier les cheveux, les faire briller et stimuler leur pousse. Associ\u00e9e avec des henn\u00e9s, elle sublime les tons rouges et acajou et illumine les reflets. Riche en antioxydants et en acides de fruits, c&rsquo;est \u00e9galement un merveilleux ingr\u00e9dient pour les soins anti-\u00e2ge. \u00a0Aussi\u00a0connu sous le nom de Bissap ou Karkad\u00e9, l&rsquo;Hibiscus est \u00e9galement appr\u00e9ci\u00e9\u00a0pour pr\u00e9parer des boissons acidul\u00e9es et color\u00e9es,\u00a0int\u00e9ressantes gr\u00e2ce \u00e0 leur teneur en proanthocyanidines.<\/i><\/b><\/p>\n<p style=\"text-align: center;\">","protected":false},"featured_media":954,"comment_status":"open","ping_status":"closed","template":"","meta":[],"product_cat":[69],"product_tag":[],"class_list":["post-868","product","type-product","status-publish","has-post-thumbnail","hentry","product_cat-cosmetique"],"yoast_head":"<!-- This site is optimized with the Yoast SEO plugin v19.13 - https:\/\/yoast.com\/wordpress\/plugins\/seo\/ -->\n<title>Poudre d&#039;hibiscus - \u0645\u0633\u062d\u0648\u0642 \u0627\u0644\u0643\u0631\u0643\u062f\u064a\u0647 - SaidaPlants<\/title>\n<meta name=\"description\" content=\"Poudre d&#039;hibiscus - Nous faisons de notre mieux pour nos clients Obtenez le produit parfait et bio 100% fabriqu\u00e9 \u00e0 partir de la nature.\" \/>\n<meta name=\"robots\" content=\"index, follow, max-snippet:-1, max-image-preview:large, max-video-preview:-1\" \/>\n<link rel=\"canonical\" href=\"https:\/\/saida-plants.com\/ar\/product\/poudre-dhibiscus-\u0645\u0633\u062d\u0648\u0642-\u0627\u0644\u0643\u0631\u0643\u062f\u064a\u0647\/\" \/>\n<meta property=\"og:locale\" content=\"ar_AR\" \/>\n<meta property=\"og:type\" content=\"article\" \/>\n<meta property=\"og:title\" content=\"Poudre d&#039;hibiscus - \u0645\u0633\u062d\u0648\u0642 \u0627\u0644\u0643\u0631\u0643\u062f\u064a\u0647 - SaidaPlants\" \/>\n<meta property=\"og:description\" content=\"Poudre d&#039;hibiscus - Nous faisons de notre mieux pour nos clients Obtenez le produit parfait et bio 100% fabriqu\u00e9 \u00e0 partir de la nature.\" \/>\n<meta property=\"og:url\" content=\"https:\/\/saida-plants.com\/ar\/product\/poudre-dhibiscus-\u0645\u0633\u062d\u0648\u0642-\u0627\u0644\u0643\u0631\u0643\u062f\u064a\u0647\/\" \/>\n<meta property=\"og:site_name\" content=\"SaidaPlants\" \/>\n<meta property=\"article:publisher\" content=\"https:\/\/www.facebook.com\/SaidaPlants\" \/>\n<meta property=\"og:image\" content=\"https:\/\/saida-plants.com\/wp-content\/uploads\/2021\/08\/kjgd22.jpg\" \/>\n\t<meta property=\"og:image:width\" content=\"600\" \/>\n\t<meta property=\"og:image:height\" content=\"600\" \/>\n\t<meta property=\"og:image:type\" content=\"image\/jpeg\" \/>\n<meta name=\"twitter:card\" content=\"summary_large_image\" \/>\n<meta name=\"twitter:label1\" content=\"\u0648\u0642\u062a \u0627\u0644\u0642\u0631\u0627\u0621\u0629 \u0627\u0644\u0645\u064f\u0642\u062f\u0651\u0631\" \/>\n\t<meta name=\"twitter:data1\" content=\"\u062f\u0642\u064a\u0642\u062a\u0627\u0646\" \/>\n<script type=\"application\/ld+json\" class=\"yoast-schema-graph\">{\"@context\":\"https:\/\/schema.org\",\"@graph\":[{\"@type\":\"WebPage\",\"@id\":\"https:\/\/saida-plants.com\/product\/poudre-dhibiscus-%d9%85%d8%b3%d8%ad%d9%88%d9%82-%d8%a7%d9%84%d9%83%d8%b1%d9%83%d8%af%d9%8a%d9%87\/\",\"url\":\"https:\/\/saida-plants.com\/product\/poudre-dhibiscus-%d9%85%d8%b3%d8%ad%d9%88%d9%82-%d8%a7%d9%84%d9%83%d8%b1%d9%83%d8%af%d9%8a%d9%87\/\",\"name\":\"Poudre d'hibiscus - \u0645\u0633\u062d\u0648\u0642 \u0627\u0644\u0643\u0631\u0643\u062f\u064a\u0647 - SaidaPlants\",\"isPartOf\":{\"@id\":\"https:\/\/saida-plants.com\/#website\"},\"datePublished\":\"2021-09-10T16:37:42+00:00\",\"dateModified\":\"2021-09-10T16:37:42+00:00\",\"description\":\"Poudre d'hibiscus - Nous faisons de notre mieux pour nos clients Obtenez le produit parfait et bio 100% fabriqu\u00e9 \u00e0 partir de la nature.\",\"breadcrumb\":{\"@id\":\"https:\/\/saida-plants.com\/product\/poudre-dhibiscus-%d9%85%d8%b3%d8%ad%d9%88%d9%82-%d8%a7%d9%84%d9%83%d8%b1%d9%83%d8%af%d9%8a%d9%87\/#breadcrumb\"},\"inLanguage\":\"ar\",\"potentialAction\":[{\"@type\":\"ReadAction\",\"target\":[\"https:\/\/saida-plants.com\/product\/poudre-dhibiscus-%d9%85%d8%b3%d8%ad%d9%88%d9%82-%d8%a7%d9%84%d9%83%d8%b1%d9%83%d8%af%d9%8a%d9%87\/\"]}]},{\"@type\":\"BreadcrumbList\",\"@id\":\"https:\/\/saida-plants.com\/product\/poudre-dhibiscus-%d9%85%d8%b3%d8%ad%d9%88%d9%82-%d8%a7%d9%84%d9%83%d8%b1%d9%83%d8%af%d9%8a%d9%87\/#breadcrumb\",\"itemListElement\":[{\"@type\":\"ListItem\",\"position\":1,\"name\":\"Home\",\"item\":\"https:\/\/saida-plants.com\/\"},{\"@type\":\"ListItem\",\"position\":2,\"name\":\"Shop\",\"item\":\"https:\/\/saida-plants.com\/ar\/shop\/\"},{\"@type\":\"ListItem\",\"position\":3,\"name\":\"Poudre d&#8217;hibiscus &#8211; \u0645\u0633\u062d\u0648\u0642 \u0627\u0644\u0643\u0631\u0643\u062f\u064a\u0647\"}]},{\"@type\":\"WebSite\",\"@id\":\"https:\/\/saida-plants.com\/#website\",\"url\":\"https:\/\/saida-plants.com\/\",\"name\":\"SaidaPlants\",\"description\":\"1er Boutique En ligne Produit 100% Bio\",\"publisher\":{\"@id\":\"https:\/\/saida-plants.com\/#organization\"},\"potentialAction\":[{\"@type\":\"SearchAction\",\"target\":{\"@type\":\"EntryPoint\",\"urlTemplate\":\"https:\/\/saida-plants.com\/?s={search_term_string}\"},\"query-input\":\"required name=search_term_string\"}],\"inLanguage\":\"ar\"},{\"@type\":\"Organization\",\"@id\":\"https:\/\/saida-plants.com\/#organization\",\"name\":\"SaidaPlants\",\"url\":\"https:\/\/saida-plants.com\/\",\"logo\":{\"@type\":\"ImageObject\",\"inLanguage\":\"ar\",\"@id\":\"https:\/\/saida-plants.com\/#\/schema\/logo\/image\/\",\"url\":\"https:\/\/saida-plants.com\/wp-content\/uploads\/2021\/08\/WhatsApp-Image-2021-08-11-at-17.44.40.jpeg\",\"contentUrl\":\"https:\/\/saida-plants.com\/wp-content\/uploads\/2021\/08\/WhatsApp-Image-2021-08-11-at-17.44.40.jpeg\",\"width\":1280,\"height\":463,\"caption\":\"SaidaPlants\"},\"image\":{\"@id\":\"https:\/\/saida-plants.com\/#\/schema\/logo\/image\/\"},\"sameAs\":[\"https:\/\/www.instagram.com\/saidaplants\/\",\"https:\/\/www.facebook.com\/SaidaPlants\"]}]}<\/script>\n<!-- \/ Yoast SEO plugin. -->","yoast_head_json":{"title":"Poudre d'hibiscus - \u0645\u0633\u062d\u0648\u0642 \u0627\u0644\u0643\u0631\u0643\u062f\u064a\u0647 - SaidaPlants","description":"Poudre d'hibiscus - Nous faisons de notre mieux pour nos clients Obtenez le produit parfait et bio 100% fabriqu\u00e9 \u00e0 partir de la nature.","robots":{"index":"index","follow":"follow","max-snippet":"max-snippet:-1","max-image-preview":"max-image-preview:large","max-video-preview":"max-video-preview:-1"},"canonical":"https:\/\/saida-plants.com\/ar\/product\/poudre-dhibiscus-\u0645\u0633\u062d\u0648\u0642-\u0627\u0644\u0643\u0631\u0643\u062f\u064a\u0647\/","og_locale":"ar_AR","og_type":"article","og_title":"Poudre d'hibiscus - \u0645\u0633\u062d\u0648\u0642 \u0627\u0644\u0643\u0631\u0643\u062f\u064a\u0647 - SaidaPlants","og_description":"Poudre d'hibiscus - Nous faisons de notre mieux pour nos clients Obtenez le produit parfait et bio 100% fabriqu\u00e9 \u00e0 partir de la nature.","og_url":"https:\/\/saida-plants.com\/ar\/product\/poudre-dhibiscus-\u0645\u0633\u062d\u0648\u0642-\u0627\u0644\u0643\u0631\u0643\u062f\u064a\u0647\/","og_site_name":"SaidaPlants","article_publisher":"https:\/\/www.facebook.com\/SaidaPlants","og_image":[{"width":600,"height":600,"url":"https:\/\/saida-plants.com\/wp-content\/uploads\/2021\/08\/kjgd22.jpg","type":"image\/jpeg"}],"twitter_card":"summary_large_image","twitter_misc":{"\u0648\u0642\u062a \u0627\u0644\u0642\u0631\u0627\u0621\u0629 \u0627\u0644\u0645\u064f\u0642\u062f\u0651\u0631":"\u062f\u0642\u064a\u0642\u062a\u0627\u0646"},"schema":{"@context":"https:\/\/schema.org","@graph":[{"@type":"WebPage","@id":"https:\/\/saida-plants.com\/product\/poudre-dhibiscus-%d9%85%d8%b3%d8%ad%d9%88%d9%82-%d8%a7%d9%84%d9%83%d8%b1%d9%83%d8%af%d9%8a%d9%87\/","url":"https:\/\/saida-plants.com\/product\/poudre-dhibiscus-%d9%85%d8%b3%d8%ad%d9%88%d9%82-%d8%a7%d9%84%d9%83%d8%b1%d9%83%d8%af%d9%8a%d9%87\/","name":"Poudre d'hibiscus - \u0645\u0633\u062d\u0648\u0642 \u0627\u0644\u0643\u0631\u0643\u062f\u064a\u0647 - SaidaPlants","isPartOf":{"@id":"https:\/\/saida-plants.com\/#website"},"datePublished":"2021-09-10T16:37:42+00:00","dateModified":"2021-09-10T16:37:42+00:00","description":"Poudre d'hibiscus - Nous faisons de notre mieux pour nos clients Obtenez le produit parfait et bio 100% fabriqu\u00e9 \u00e0 partir de la nature.","breadcrumb":{"@id":"https:\/\/saida-plants.com\/product\/poudre-dhibiscus-%d9%85%d8%b3%d8%ad%d9%88%d9%82-%d8%a7%d9%84%d9%83%d8%b1%d9%83%d8%af%d9%8a%d9%87\/#breadcrumb"},"inLanguage":"ar","potentialAction":[{"@type":"ReadAction","target":["https:\/\/saida-plants.com\/product\/poudre-dhibiscus-%d9%85%d8%b3%d8%ad%d9%88%d9%82-%d8%a7%d9%84%d9%83%d8%b1%d9%83%d8%af%d9%8a%d9%87\/"]}]},{"@type":"BreadcrumbList","@id":"https:\/\/saida-plants.com\/product\/poudre-dhibiscus-%d9%85%d8%b3%d8%ad%d9%88%d9%82-%d8%a7%d9%84%d9%83%d8%b1%d9%83%d8%af%d9%8a%d9%87\/#breadcrumb","itemListElement":[{"@type":"ListItem","position":1,"name":"Home","item":"https:\/\/saida-plants.com\/"},{"@type":"ListItem","position":2,"name":"Shop","item":"https:\/\/saida-plants.com\/ar\/shop\/"},{"@type":"ListItem","position":3,"name":"Poudre d&#8217;hibiscus &#8211; \u0645\u0633\u062d\u0648\u0642 \u0627\u0644\u0643\u0631\u0643\u062f\u064a\u0647"}]},{"@type":"WebSite","@id":"https:\/\/saida-plants.com\/#website","url":"https:\/\/saida-plants.com\/","name":"SaidaPlants","description":"1er Boutique En ligne Produit 100% Bio","publisher":{"@id":"https:\/\/saida-plants.com\/#organization"},"potentialAction":[{"@type":"SearchAction","target":{"@type":"EntryPoint","urlTemplate":"https:\/\/saida-plants.com\/?s={search_term_string}"},"query-input":"required name=search_term_string"}],"inLanguage":"ar"},{"@type":"Organization","@id":"https:\/\/saida-plants.com\/#organization","name":"SaidaPlants","url":"https:\/\/saida-plants.com\/","logo":{"@type":"ImageObject","inLanguage":"ar","@id":"https:\/\/saida-plants.com\/#\/schema\/logo\/image\/","url":"https:\/\/saida-plants.com\/wp-content\/uploads\/2021\/08\/WhatsApp-Image-2021-08-11-at-17.44.40.jpeg","contentUrl":"https:\/\/saida-plants.com\/wp-content\/uploads\/2021\/08\/WhatsApp-Image-2021-08-11-at-17.44.40.jpeg","width":1280,"height":463,"caption":"SaidaPlants"},"image":{"@id":"https:\/\/saida-plants.com\/#\/schema\/logo\/image\/"},"sameAs":["https:\/\/www.instagram.com\/saidaplants\/","https:\/\/www.facebook.com\/SaidaPlants"]}]}},"_links":{"self":[{"href":"https:\/\/saida-plants.com\/ar\/wp-json\/wp\/v2\/product\/868"}],"collection":[{"href":"https:\/\/saida-plants.com\/ar\/wp-json\/wp\/v2\/product"}],"about":[{"href":"https:\/\/saida-plants.com\/ar\/wp-json\/wp\/v2\/types\/product"}],"replies":[{"embeddable":true,"href":"https:\/\/saida-plants.com\/ar\/wp-json\/wp\/v2\/comments?post=868"}],"wp:featuredmedia":[{"embeddable":true,"href":"https:\/\/saida-plants.com\/ar\/wp-json\/wp\/v2\/media\/954"}],"wp:attachment":[{"href":"https:\/\/saida-plants.com\/ar\/wp-json\/wp\/v2\/media?parent=868"}],"wp:term":[{"taxonomy":"product_cat","embeddable":true,"href":"https:\/\/saida-plants.com\/ar\/wp-json\/wp\/v2\/product_cat?post=868"},{"taxonomy":"product_tag","embeddable":true,"href":"https:\/\/saida-plants.com\/ar\/wp-json\/wp\/v2\/product_tag?post=868"}],"curies":[{"name":"wp","href":"https:\/\/api.w.org\/{rel}","templated":true}]}}