{"id":869,"date":"2021-09-19T14:59:50","date_gmt":"2021-09-19T14:59:50","guid":{"rendered":"https:\/\/saida-plants.com\/?post_type=product&#038;p=869"},"modified":"2024-10-14T12:45:44","modified_gmt":"2024-10-14T12:45:44","slug":"rose-beldi-%d8%a7%d9%84%d9%88%d8%b1%d8%af-%d8%a7%d9%84%d8%a8%d9%84%d8%af%d9%8a","status":"publish","type":"product","link":"https:\/\/saida-plants.com\/ar\/product\/rose-beldi-%d8%a7%d9%84%d9%88%d8%b1%d8%af-%d8%a7%d9%84%d8%a8%d9%84%d8%af%d9%8a\/","title":{"rendered":"Rose Beldi &#8211; \u0627\u0644\u0648\u0631\u062f \u0627\u0644\u0628\u0644\u062f\u064a"},"content":{"rendered":"<h1><b>BIENFAITS\u00a0ROSE BELDI 50g<\/b><\/h1>\n<ul>\n<li>Produit naturel ne comportant aucun conservateur dans sa pr\u00e9paration<\/li>\n<li>Ce sont les produits respectant les principes Vegan qui se basent principalement sur le refus de l&rsquo;exploitation animale<\/li>\n<\/ul>\n<p>Notre marocain \u00e0 la rose Beldi est un traitement traditionnel de nettoyage et d&rsquo;adoucissement de la peau provenant directement des c\u00e9l\u00e8bres hammams du Maroc. Fabriqu\u00e9 \u00e0 partir d&rsquo;huile d&rsquo;olive saponifi\u00e9e et de rose de Damas distill\u00e9e \u00e0 la vapeur.<\/p>\n<p>Naturellement riche en vitamine E<\/p>\n<p>Le savon de type gel peut \u00eatre utilis\u00e9 pour le nettoyage ou comme masque corporel pour adoucir la peau avant de l&rsquo;exfolier avec le Kahina Kessa Mitt.<\/p>\n<p>Beldi signifie \u00ab traditionnel \u00bb ou \u00ab authentique \u00bb en <a href=\"https:\/\/saida-plants.com\/ar\/a-propos-de-nous\/\">marocain<\/a><\/p>\n<h2><b>Informations de livraison<\/b><\/h2>\n<ul>\n<li>Livraison assur\u00e9e par SaidaPlants, sous 24H \u00e0 Marrakech et sous 1 \u00e0 5 jours pour les autres villes du Maroc.<\/li>\n<li>Exp\u00e9dition pour les commandes \u00e0 l\u2019international sous 1 jour ouvr\u00e9. Les d\u00e9lais de livraison sont variables selon la destination et le mode de livraison choisi.<\/li>\n<\/ul>","protected":false},"excerpt":{"rendered":"<h2 style=\"text-align: center;\"><b>BIENFAITS\u00a0ROSE BELDI 50g<\/b><\/h2>\n<p style=\"text-align: center;\">Produit naturel ne comportant aucun conservateur dans sa pr\u00e9paration<\/p>\n<p style=\"text-align: center;\">Ce sont les produits respectant les principes Vegan qui se basent principalement sur le refus de l&rsquo;exploitation animale<\/p>","protected":false},"featured_media":1232,"comment_status":"open","ping_status":"closed","template":"","meta":[],"product_cat":[69],"product_tag":[],"class_list":["post-869","product","type-product","status-publish","has-post-thumbnail","hentry","product_cat-cosmetique"],"yoast_head":"<!-- This site is optimized with the Yoast SEO plugin v19.13 - https:\/\/yoast.com\/wordpress\/plugins\/seo\/ -->\n<title>Rose Beldi - \u0627\u0644\u0648\u0631\u062f \u0627\u0644\u0628\u0644\u062f\u064a - SaidaPlants<\/title>\n<meta name=\"description\" content=\"Rose Beldi - Nous faisons de notre mieux pour nos clients Obtenez le produit parfait et bio 100% fabriqu\u00e9 \u00e0 partir de la nature.\" \/>\n<meta name=\"robots\" content=\"index, follow, max-snippet:-1, max-image-preview:large, max-video-preview:-1\" \/>\n<link rel=\"canonical\" href=\"https:\/\/saida-plants.com\/ar\/product\/rose-beldi-\u0627\u0644\u0648\u0631\u062f-\u0627\u0644\u0628\u0644\u062f\u064a\/\" \/>\n<meta property=\"og:locale\" content=\"ar_AR\" \/>\n<meta property=\"og:type\" content=\"article\" \/>\n<meta property=\"og:title\" content=\"Rose Beldi - \u0627\u0644\u0648\u0631\u062f \u0627\u0644\u0628\u0644\u062f\u064a - SaidaPlants\" \/>\n<meta property=\"og:description\" content=\"Rose Beldi - Nous faisons de notre mieux pour nos clients Obtenez le produit parfait et bio 100% fabriqu\u00e9 \u00e0 partir de la nature.\" \/>\n<meta property=\"og:url\" content=\"https:\/\/saida-plants.com\/ar\/product\/rose-beldi-\u0627\u0644\u0648\u0631\u062f-\u0627\u0644\u0628\u0644\u062f\u064a\/\" \/>\n<meta property=\"og:site_name\" content=\"SaidaPlants\" \/>\n<meta property=\"article:publisher\" content=\"https:\/\/www.facebook.com\/SaidaPlants\" \/>\n<meta property=\"article:modified_time\" content=\"2024-10-14T12:45:44+00:00\" \/>\n<meta property=\"og:image\" content=\"https:\/\/saida-plants.com\/wp-content\/uploads\/2021\/09\/Rose-Beldi-saidaplants-1.jpg\" \/>\n\t<meta property=\"og:image:width\" content=\"321\" \/>\n\t<meta property=\"og:image:height\" content=\"542\" \/>\n\t<meta property=\"og:image:type\" content=\"image\/jpeg\" \/>\n<meta name=\"twitter:card\" content=\"summary_large_image\" \/>\n<meta name=\"twitter:label1\" content=\"\u0648\u0642\u062a \u0627\u0644\u0642\u0631\u0627\u0621\u0629 \u0627\u0644\u0645\u064f\u0642\u062f\u0651\u0631\" \/>\n\t<meta name=\"twitter:data1\" content=\"\u062f\u0642\u064a\u0642\u0629 \u0648\u0627\u062d\u062f\u0629\" \/>\n<script type=\"application\/ld+json\" class=\"yoast-schema-graph\">{\"@context\":\"https:\/\/schema.org\",\"@graph\":[{\"@type\":\"WebPage\",\"@id\":\"https:\/\/saida-plants.com\/product\/rose-beldi-%d8%a7%d9%84%d9%88%d8%b1%d8%af-%d8%a7%d9%84%d8%a8%d9%84%d8%af%d9%8a\/\",\"url\":\"https:\/\/saida-plants.com\/product\/rose-beldi-%d8%a7%d9%84%d9%88%d8%b1%d8%af-%d8%a7%d9%84%d8%a8%d9%84%d8%af%d9%8a\/\",\"name\":\"Rose Beldi - \u0627\u0644\u0648\u0631\u062f \u0627\u0644\u0628\u0644\u062f\u064a - SaidaPlants\",\"isPartOf\":{\"@id\":\"https:\/\/saida-plants.com\/#website\"},\"datePublished\":\"2021-09-19T14:59:50+00:00\",\"dateModified\":\"2024-10-14T12:45:44+00:00\",\"description\":\"Rose Beldi - Nous faisons de notre mieux pour nos clients Obtenez le produit parfait et bio 100% fabriqu\u00e9 \u00e0 partir de la nature.\",\"breadcrumb\":{\"@id\":\"https:\/\/saida-plants.com\/product\/rose-beldi-%d8%a7%d9%84%d9%88%d8%b1%d8%af-%d8%a7%d9%84%d8%a8%d9%84%d8%af%d9%8a\/#breadcrumb\"},\"inLanguage\":\"ar\",\"potentialAction\":[{\"@type\":\"ReadAction\",\"target\":[\"https:\/\/saida-plants.com\/product\/rose-beldi-%d8%a7%d9%84%d9%88%d8%b1%d8%af-%d8%a7%d9%84%d8%a8%d9%84%d8%af%d9%8a\/\"]}]},{\"@type\":\"BreadcrumbList\",\"@id\":\"https:\/\/saida-plants.com\/product\/rose-beldi-%d8%a7%d9%84%d9%88%d8%b1%d8%af-%d8%a7%d9%84%d8%a8%d9%84%d8%af%d9%8a\/#breadcrumb\",\"itemListElement\":[{\"@type\":\"ListItem\",\"position\":1,\"name\":\"Home\",\"item\":\"https:\/\/saida-plants.com\/\"},{\"@type\":\"ListItem\",\"position\":2,\"name\":\"Shop\",\"item\":\"https:\/\/saida-plants.com\/ar\/shop\/\"},{\"@type\":\"ListItem\",\"position\":3,\"name\":\"Rose Beldi &#8211; \u0627\u0644\u0648\u0631\u062f \u0627\u0644\u0628\u0644\u062f\u064a\"}]},{\"@type\":\"WebSite\",\"@id\":\"https:\/\/saida-plants.com\/#website\",\"url\":\"https:\/\/saida-plants.com\/\",\"name\":\"SaidaPlants\",\"description\":\"1er Boutique En ligne Produit 100% Bio\",\"publisher\":{\"@id\":\"https:\/\/saida-plants.com\/#organization\"},\"potentialAction\":[{\"@type\":\"SearchAction\",\"target\":{\"@type\":\"EntryPoint\",\"urlTemplate\":\"https:\/\/saida-plants.com\/?s={search_term_string}\"},\"query-input\":\"required name=search_term_string\"}],\"inLanguage\":\"ar\"},{\"@type\":\"Organization\",\"@id\":\"https:\/\/saida-plants.com\/#organization\",\"name\":\"SaidaPlants\",\"url\":\"https:\/\/saida-plants.com\/\",\"logo\":{\"@type\":\"ImageObject\",\"inLanguage\":\"ar\",\"@id\":\"https:\/\/saida-plants.com\/#\/schema\/logo\/image\/\",\"url\":\"https:\/\/saida-plants.com\/wp-content\/uploads\/2021\/08\/WhatsApp-Image-2021-08-11-at-17.44.40.jpeg\",\"contentUrl\":\"https:\/\/saida-plants.com\/wp-content\/uploads\/2021\/08\/WhatsApp-Image-2021-08-11-at-17.44.40.jpeg\",\"width\":1280,\"height\":463,\"caption\":\"SaidaPlants\"},\"image\":{\"@id\":\"https:\/\/saida-plants.com\/#\/schema\/logo\/image\/\"},\"sameAs\":[\"https:\/\/www.instagram.com\/saidaplants\/\",\"https:\/\/www.facebook.com\/SaidaPlants\"]}]}<\/script>\n<!-- \/ Yoast SEO plugin. -->","yoast_head_json":{"title":"Rose Beldi - \u0627\u0644\u0648\u0631\u062f \u0627\u0644\u0628\u0644\u062f\u064a - SaidaPlants","description":"Rose Beldi - Nous faisons de notre mieux pour nos clients Obtenez le produit parfait et bio 100% fabriqu\u00e9 \u00e0 partir de la nature.","robots":{"index":"index","follow":"follow","max-snippet":"max-snippet:-1","max-image-preview":"max-image-preview:large","max-video-preview":"max-video-preview:-1"},"canonical":"https:\/\/saida-plants.com\/ar\/product\/rose-beldi-\u0627\u0644\u0648\u0631\u062f-\u0627\u0644\u0628\u0644\u062f\u064a\/","og_locale":"ar_AR","og_type":"article","og_title":"Rose Beldi - \u0627\u0644\u0648\u0631\u062f \u0627\u0644\u0628\u0644\u062f\u064a - SaidaPlants","og_description":"Rose Beldi - Nous faisons de notre mieux pour nos clients Obtenez le produit parfait et bio 100% fabriqu\u00e9 \u00e0 partir de la nature.","og_url":"https:\/\/saida-plants.com\/ar\/product\/rose-beldi-\u0627\u0644\u0648\u0631\u062f-\u0627\u0644\u0628\u0644\u062f\u064a\/","og_site_name":"SaidaPlants","article_publisher":"https:\/\/www.facebook.com\/SaidaPlants","article_modified_time":"2024-10-14T12:45:44+00:00","og_image":[{"width":321,"height":542,"url":"https:\/\/saida-plants.com\/wp-content\/uploads\/2021\/09\/Rose-Beldi-saidaplants-1.jpg","type":"image\/jpeg"}],"twitter_card":"summary_large_image","twitter_misc":{"\u0648\u0642\u062a \u0627\u0644\u0642\u0631\u0627\u0621\u0629 \u0627\u0644\u0645\u064f\u0642\u062f\u0651\u0631":"\u062f\u0642\u064a\u0642\u0629 \u0648\u0627\u062d\u062f\u0629"},"schema":{"@context":"https:\/\/schema.org","@graph":[{"@type":"WebPage","@id":"https:\/\/saida-plants.com\/product\/rose-beldi-%d8%a7%d9%84%d9%88%d8%b1%d8%af-%d8%a7%d9%84%d8%a8%d9%84%d8%af%d9%8a\/","url":"https:\/\/saida-plants.com\/product\/rose-beldi-%d8%a7%d9%84%d9%88%d8%b1%d8%af-%d8%a7%d9%84%d8%a8%d9%84%d8%af%d9%8a\/","name":"Rose Beldi - \u0627\u0644\u0648\u0631\u062f \u0627\u0644\u0628\u0644\u062f\u064a - SaidaPlants","isPartOf":{"@id":"https:\/\/saida-plants.com\/#website"},"datePublished":"2021-09-19T14:59:50+00:00","dateModified":"2024-10-14T12:45:44+00:00","description":"Rose Beldi - Nous faisons de notre mieux pour nos clients Obtenez le produit parfait et bio 100% fabriqu\u00e9 \u00e0 partir de la nature.","breadcrumb":{"@id":"https:\/\/saida-plants.com\/product\/rose-beldi-%d8%a7%d9%84%d9%88%d8%b1%d8%af-%d8%a7%d9%84%d8%a8%d9%84%d8%af%d9%8a\/#breadcrumb"},"inLanguage":"ar","potentialAction":[{"@type":"ReadAction","target":["https:\/\/saida-plants.com\/product\/rose-beldi-%d8%a7%d9%84%d9%88%d8%b1%d8%af-%d8%a7%d9%84%d8%a8%d9%84%d8%af%d9%8a\/"]}]},{"@type":"BreadcrumbList","@id":"https:\/\/saida-plants.com\/product\/rose-beldi-%d8%a7%d9%84%d9%88%d8%b1%d8%af-%d8%a7%d9%84%d8%a8%d9%84%d8%af%d9%8a\/#breadcrumb","itemListElement":[{"@type":"ListItem","position":1,"name":"Home","item":"https:\/\/saida-plants.com\/"},{"@type":"ListItem","position":2,"name":"Shop","item":"https:\/\/saida-plants.com\/ar\/shop\/"},{"@type":"ListItem","position":3,"name":"Rose Beldi &#8211; \u0627\u0644\u0648\u0631\u062f \u0627\u0644\u0628\u0644\u062f\u064a"}]},{"@type":"WebSite","@id":"https:\/\/saida-plants.com\/#website","url":"https:\/\/saida-plants.com\/","name":"SaidaPlants","description":"1er Boutique En ligne Produit 100% Bio","publisher":{"@id":"https:\/\/saida-plants.com\/#organization"},"potentialAction":[{"@type":"SearchAction","target":{"@type":"EntryPoint","urlTemplate":"https:\/\/saida-plants.com\/?s={search_term_string}"},"query-input":"required name=search_term_string"}],"inLanguage":"ar"},{"@type":"Organization","@id":"https:\/\/saida-plants.com\/#organization","name":"SaidaPlants","url":"https:\/\/saida-plants.com\/","logo":{"@type":"ImageObject","inLanguage":"ar","@id":"https:\/\/saida-plants.com\/#\/schema\/logo\/image\/","url":"https:\/\/saida-plants.com\/wp-content\/uploads\/2021\/08\/WhatsApp-Image-2021-08-11-at-17.44.40.jpeg","contentUrl":"https:\/\/saida-plants.com\/wp-content\/uploads\/2021\/08\/WhatsApp-Image-2021-08-11-at-17.44.40.jpeg","width":1280,"height":463,"caption":"SaidaPlants"},"image":{"@id":"https:\/\/saida-plants.com\/#\/schema\/logo\/image\/"},"sameAs":["https:\/\/www.instagram.com\/saidaplants\/","https:\/\/www.facebook.com\/SaidaPlants"]}]}},"_links":{"self":[{"href":"https:\/\/saida-plants.com\/ar\/wp-json\/wp\/v2\/product\/869"}],"collection":[{"href":"https:\/\/saida-plants.com\/ar\/wp-json\/wp\/v2\/product"}],"about":[{"href":"https:\/\/saida-plants.com\/ar\/wp-json\/wp\/v2\/types\/product"}],"replies":[{"embeddable":true,"href":"https:\/\/saida-plants.com\/ar\/wp-json\/wp\/v2\/comments?post=869"}],"wp:featuredmedia":[{"embeddable":true,"href":"https:\/\/saida-plants.com\/ar\/wp-json\/wp\/v2\/media\/1232"}],"wp:attachment":[{"href":"https:\/\/saida-plants.com\/ar\/wp-json\/wp\/v2\/media?parent=869"}],"wp:term":[{"taxonomy":"product_cat","embeddable":true,"href":"https:\/\/saida-plants.com\/ar\/wp-json\/wp\/v2\/product_cat?post=869"},{"taxonomy":"product_tag","embeddable":true,"href":"https:\/\/saida-plants.com\/ar\/wp-json\/wp\/v2\/product_tag?post=869"}],"curies":[{"name":"wp","href":"https:\/\/api.w.org\/{rel}","templated":true}]}}